{"id":45099,"date":"2024-01-13T16:24:09","date_gmt":"2024-01-13T21:24:09","guid":{"rendered":"https:\/\/www.sisinternational.com\/?page_id=45099"},"modified":"2026-01-27T15:14:13","modified_gmt":"2026-01-27T20:14:13","slug":"consulenza-sullintelligenza-artificiale-per-lautomazione-dei-mercati-dei-capitali","status":"publish","type":"page","link":"https:\/\/www.sisinternational.com\/it\/soluzioni\/ricerca-di-consulenza-strategica-fintech\/consulenza-sullintelligenza-artificiale-per-lautomazione-dei-mercati-dei-capitali\/","title":{"rendered":"Consulenza sull&#039;automazione dei mercati dei capitali e sull&#039;intelligenza artificiale"},"content":{"rendered":"<h1 class=\"wp-block-heading\">Consulenza sull&#039;automazione dei mercati dei capitali e sull&#039;intelligenza artificiale<\/h1>\n\n\n\n<figure class=\"gb-block-image gb-block-image-8b212373\"><img loading=\"lazy\" decoding=\"async\" width=\"1456\" height=\"816\" class=\"gb-image gb-image-8b212373\" src=\"https:\/\/www.sisinternational.com\/wp-content\/uploads\/2025\/10\/Debt-Capital-Markets-2.jpg\" alt=\"Ricerca e strategia di mercato internazionale SIS\" title=\"Debt Capital Markets (2)\" srcset=\"https:\/\/www.sisinternational.com\/wp-content\/uploads\/2025\/10\/Debt-Capital-Markets-2.jpg 1456w, https:\/\/www.sisinternational.com\/wp-content\/uploads\/2025\/10\/Debt-Capital-Markets-2-300x168.jpg 300w, https:\/\/www.sisinternational.com\/wp-content\/uploads\/2025\/10\/Debt-Capital-Markets-2-1024x574.jpg 1024w, https:\/\/www.sisinternational.com\/wp-content\/uploads\/2025\/10\/Debt-Capital-Markets-2-768x430.jpg 768w, https:\/\/www.sisinternational.com\/wp-content\/uploads\/2025\/10\/Debt-Capital-Markets-2-18x10.jpg 18w\" sizes=\"auto, (max-width: 1456px) 100vw, 1456px\"><\/figure>\n\n\n\n<p><\/p>\n\n\n\n<hr class=\"wp-block-separator has-alpha-channel-opacity\"\/>\n\n\n\n<p>The advent of capital markets automation and artificial intelligence consulting is redefining the landscape of investment, trading, and financial analysis. This technological evolution is not merely an enhancement but a radical reimagining of capital markets, offering unprecedented precision, efficiency, and insight.<\/p>\n\n\n\n<h2 class=\"wp-block-heading\">Panoramica sull&#039;automazione dei mercati dei capitali e sulla consulenza sull&#039;intelligenza artificiale<\/h2>\n\n\n\n<p>Capital markets automation and artificial intelligence consulting bridge the gap between technological potential and practical application in the financial sector. Consultants with expertise in AI and capital markets can tailor new technologies and tools to suit businesses&#8217; specific needs, ensuring that they are strategically aligned with business objectives. Additionally, consultants in this field help navigate the regulatory landscape, ensuring that the implementation of these technologies adheres to all legal and ethical standards.<\/p>\n\n\n\n<h2 class=\"wp-block-heading\">Perch\u00e9 le aziende hanno bisogno di consulenza sull\u2019automazione dei mercati dei capitali e sull\u2019intelligenza artificiale?<\/h2>\n\n\n\n<p>Since the sheer volume and complexity of data in capital markets are overwhelming. Traditional analytical methods can no longer process and interpret this information effectively. That&#8217;s why capital <a href=\"https:\/\/www.sisinternational.com\/it\/soluzioni\/consulenza-strategica\/intelligenza-del-mercato\/\" title=\"Intelligenza del mercato\"  data-wpil-monitor-id=\"6759\">markets automation and artificial intelligence<\/a> consulting assist companies in adopting the necessary computational power and sophistication to handle big data, providing businesses with deeper insights and more accurate market forecasts.<\/p>\n\n\n\n<p>Secondly, the competitive nature of capital markets demands speed and efficiency. Automated trading systems and algorithmic strategies enable businesses to execute trades at unprecedented speeds, instantly capitalising on market opportunities. This agility is a key factor in maintaining a competitive edge.<\/p>\n\n\n\n<p>Regulatory compliance is another critical area in which these technologies play a vital role. With regulations constantly evolving, automated systems can help ensure compliance by monitoring transactions and flagging any discrepancies or anomalies that could signal regulatory breaches.<\/p>\n\n\n\n<h2 class=\"wp-block-heading\">Consulenza sull&#039;automazione dei mercati dei capitali e sull&#039;intelligenza artificiale: i suoi principali vantaggi<\/h2>\n\n\n\n<figure class=\"gb-block-image gb-block-image-1294def4\"><img loading=\"lazy\" decoding=\"async\" width=\"1456\" height=\"816\" class=\"gb-image gb-image-1294def4\" src=\"https:\/\/www.sisinternational.com\/wp-content\/uploads\/2025\/10\/Capital-Markets-Automation-4.jpg\" alt=\"Ricerca e strategia di mercato internazionale SIS\" title=\"Capital Markets Automation (4)\" srcset=\"https:\/\/www.sisinternational.com\/wp-content\/uploads\/2025\/10\/Capital-Markets-Automation-4.jpg 1456w, https:\/\/www.sisinternational.com\/wp-content\/uploads\/2025\/10\/Capital-Markets-Automation-4-300x168.jpg 300w, https:\/\/www.sisinternational.com\/wp-content\/uploads\/2025\/10\/Capital-Markets-Automation-4-1024x574.jpg 1024w, https:\/\/www.sisinternational.com\/wp-content\/uploads\/2025\/10\/Capital-Markets-Automation-4-768x430.jpg 768w, https:\/\/www.sisinternational.com\/wp-content\/uploads\/2025\/10\/Capital-Markets-Automation-4-18x10.jpg 18w\" sizes=\"auto, (max-width: 1456px) 100vw, 1456px\"><\/figure>\n\n\n\n<p><\/p>\n\n\n\n<p>Capital markets <a href=\"https:\/\/www.sisinternational.com\/it\/soluzioni\/ai-ricerche-di-mercato-e-consulenza-strategica\/consulenza-sullintelligenza-artificiale-per-lautomazione-del-flusso-di-lavoro\/\" title=\"Consulenza sull&#039;automazione del flusso di lavoro e sull&#039;intelligenza artificiale\"  data-wpil-monitor-id=\"6891\">automation and artificial intelligence consulting<\/a> offer a range of significant benefits that are transforming the way businesses operate in the financial sector \u2013 and here are some of the main benefits:<\/p>\n\n\n\n<ul class=\"wp-block-list\">\n<li><strong>Analisi di mercato e processo decisionale migliorati:<\/strong> AI algorithms can analyze vast market data, identify trends, and provide predictive insights beyond human capacity. This deep analysis aids in making more informed and strategic investment decisions.<\/li>\n\n\n\n<li><strong>Gestione del rischio migliorata:<\/strong> Advanced AI models can more effectively identify and assess risk factors than traditional methods. They provide sophisticated risk analysis and mitigation tools, essential in managing the inherent uncertainties of capital markets.<\/li>\n\n\n\n<li><strong>Conformit\u00e0 normativa migliorata:<\/strong> The financial industry is highly regulated, and AI and automation can help ensure compliance with various regulatory requirements. Automated systems can monitor transactions and operations continuously, flagging potential compliance issues for further review.<\/li>\n\n\n\n<li><strong>Riduzione dei costi:<\/strong> Businesses can significantly reduce operational costs by automating routine tasks and improving operational efficiency. Over time, the investment in AI and automation technologies can lead to substantial cost savings.<\/li>\n\n\n\n<li><strong>Vantaggio competitivo:<\/strong> Embracing capital markets automation and AI consulting can give businesses a competitive edge. Leveraging advanced technologies for better decision-making, risk management, and client services sets businesses apart in the crowded financial marketplace.<\/li>\n<\/ul>\n\n\n\n<h2 class=\"wp-block-heading\">Quando cercare servizi di consulenza sull&#039;automazione dei mercati dei capitali e sull&#039;intelligenza artificiale<\/h2>\n\n\n\n<p>Diversi scenari suggeriscono quando un\u2019azienda dovrebbe prendere in considerazione questo servizio di consulenza strategica. Includono quanto segue:<\/p>\n\n\n\n<ul class=\"wp-block-list\">\n<li><strong>Operazioni di ridimensionamento:<\/strong> As a business grows and its operations become more complex, scalable solutions become necessary. Automation and AI can manage increased transaction volumes and complex data sets more efficiently than manual processes.<\/li>\n\n\n\n<li><strong>Pressione competitiva:<\/strong> If competitors leverage AI and automation to gain a market edge, it&#8217;s important to consider similar technologies to remain competitive. Staying abreast of technological advancements in capital markets is key to maintaining market relevance and leadership.<\/li>\n\n\n\n<li><strong>Obiettivi di innovazione e crescita:<\/strong> Per le aziende che desiderano innovare ed espandere la propria offerta nei mercati dei capitali, l\u2019adozione dell\u2019intelligenza artificiale e dell\u2019automazione pu\u00f2 aprire nuove opportunit\u00e0 e modelli di business precedentemente irraggiungibili.<\/li>\n<\/ul>\n\n\n\n<h2 class=\"wp-block-heading\">Fattori chiave del successo<\/h2>\n\n\n\n<figure class=\"gb-block-image gb-block-image-265f6748\"><img loading=\"lazy\" decoding=\"async\" width=\"1456\" height=\"816\" class=\"gb-image gb-image-265f6748\" src=\"https:\/\/www.sisinternational.com\/wp-content\/uploads\/2025\/10\/Debt-Capital-Markets-1.jpg\" alt=\"Ricerca e strategia di mercato internazionale SIS\" title=\"Debt Capital Markets (1)\" srcset=\"https:\/\/www.sisinternational.com\/wp-content\/uploads\/2025\/10\/Debt-Capital-Markets-1.jpg 1456w, https:\/\/www.sisinternational.com\/wp-content\/uploads\/2025\/10\/Debt-Capital-Markets-1-300x168.jpg 300w, https:\/\/www.sisinternational.com\/wp-content\/uploads\/2025\/10\/Debt-Capital-Markets-1-1024x574.jpg 1024w, https:\/\/www.sisinternational.com\/wp-content\/uploads\/2025\/10\/Debt-Capital-Markets-1-768x430.jpg 768w, https:\/\/www.sisinternational.com\/wp-content\/uploads\/2025\/10\/Debt-Capital-Markets-1-18x10.jpg 18w\" sizes=\"auto, (max-width: 1456px) 100vw, 1456px\"><\/figure>\n\n\n\n<p><\/p>\n\n\n\n<p>In capital markets automation and AI consulting, businesses must meet specific factors to ensure that integrating AI and automation technologies aligns with business objectives and industry standards.<\/p>\n\n\n\n<ul class=\"wp-block-list\">\n<li><strong>Solida gestione del rischio:<\/strong> L\u2019intelligenza artificiale e l\u2019automazione introducono nuovi tipi di rischi, compresi i rischi tecnologici e informatici. Un solido quadro di gestione del rischio che comprenda questi nuovi rischi \u00e8 essenziale per l\u2019implementazione sicura di queste tecnologie.<\/li>\n\n\n\n<li><strong>Coinvolgimento e comunicazione delle parti interessate:<\/strong> Effective communication and engagement with all stakeholders, including leadership, employees, and clients, are crucial. Stakeholders should be informed about the changes and benefits AI and automation bring.<\/li>\n\n\n\n<li><strong>Monitoraggio e adattamento continui:<\/strong> AI systems require ongoing monitoring to perform as intended. The financial market&#8217;s dynamic nature also demands regular updates and adaptations of these systems to remain practical and relevant.<\/li>\n<\/ul>\n\n\n\n<h2 class=\"wp-block-heading\">Quali sono i risultati attesi dall\u2019automazione dei mercati dei capitali e dalla consulenza sull\u2019intelligenza artificiale?<\/h2>\n\n\n\n<p>When businesses in the capital markets sector embark on <a href=\"https:\/\/www.sisinternational.com\/it\/soluzioni\/ai-ricerche-di-mercato-e-consulenza-strategica\/consulenza-di-marketing-ai\/\" title=\"Consulenza di marketing sull&#039;intelligenza artificiale\"  data-wpil-monitor-id=\"5053\">automation and artificial intelligence<\/a> consulting, there are several positive outcomes they can anticipate \u2013 and here\u2019s what businesses can expect:<\/p>\n\n\n\n<ul class=\"wp-block-list\">\n<li><strong>Maggiore precisione e riduzione degli errori:<\/strong> L\u2019automazione dei mercati dei capitali e la consulenza sull\u2019intelligenza artificiale riducono significativamente la probabilit\u00e0 di errore umano, soprattutto nelle attivit\u00e0 ad alta intensit\u00e0 di dati. Questo aumento di precisione \u00e8 fondamentale per mantenere l\u2019affidabilit\u00e0 nel reporting finanziario e nell\u2019elaborazione delle transazioni.<\/li>\n\n\n\n<li><strong>Risparmi:<\/strong> Nel tempo, i miglioramenti in termini di efficienza e produttivit\u00e0 derivanti dall\u2019intelligenza artificiale e dall\u2019automazione portano a risparmi sui costi. Questi risparmi possono essere reindirizzati verso altri investimenti o innovazioni strategici.<\/li>\n\n\n\n<li><strong>Conformit\u00e0 normativa:<\/strong> Capital markets automation and AI consulting can help ensure compliance with the capital markets&#8217; complex and evolving regulatory environment. Automated compliance monitoring and reporting can significantly reduce compliance risks.<\/li>\n<\/ul>\n\n\n\n<h2 class=\"wp-block-heading\">Tecnologie e strumenti nell&#039;automazione dei mercati dei capitali e consulenza sull&#039;intelligenza artificiale<\/h2>\n\n\n\n<p>Integrating advanced technologies and tools in capital markets automation and <a href=\"https:\/\/www.sisinternational.com\/it\/soluzioni\/ai-ricerche-di-mercato-e-consulenza-strategica\/consulenza-sullintelligenza-artificiale-di-viaggio\/\" title=\"Consulenza sull&#039;intelligenza artificiale di viaggio\"  data-wpil-monitor-id=\"6911\">artificial intelligence consulting<\/a> is driving significant changes in how financial markets operate. Here are some of the key technologies and tools that are currently shaping this landscape:<\/p>\n\n\n\n<ul class=\"wp-block-list\">\n<li><strong>Software di gestione del rischio:<\/strong> Le soluzioni di gestione del rischio come SAS Risk Management e Oracle Financial Services Analytical Applications consentono alle aziende di valutare e mitigare i rischi finanziari in modo pi\u00f9 efficace.<\/li>\n\n\n\n<li><strong>Tecnologia di regolamentazione (RegTech):<\/strong> Soluzioni come ComplyAdvantage e Trulioo aiutano a garantire la conformit\u00e0 normativa monitorando le transazioni e identificando potenziali violazioni.<\/li>\n\n\n\n<li><strong>Servizi di cloud computing:<\/strong> Le piattaforme cloud come Amazon Web Services (AWS) e Microsoft Azure forniscono l&#039;infrastruttura per ospitare applicazioni di intelligenza artificiale e apprendimento automatico, offrendo scalabilit\u00e0 e flessibilit\u00e0.<\/li>\n<\/ul>\n\n\n\n<h2 class=\"wp-block-heading\">Opportunit\u00e0 nell&#039;automazione dei mercati dei capitali e nella consulenza sull&#039;intelligenza artificiale per le imprese<\/h2>\n\n\n\n<figure class=\"gb-block-image gb-block-image-9871c02f\"><img loading=\"lazy\" decoding=\"async\" width=\"1456\" height=\"816\" class=\"gb-image gb-image-9871c02f\" src=\"https:\/\/www.sisinternational.com\/wp-content\/uploads\/2025\/10\/Debt-Capital-Markets-3.jpg\" alt=\"Ricerca e strategia di mercato internazionale SIS\" title=\"Debt Capital Markets (3)\" srcset=\"https:\/\/www.sisinternational.com\/wp-content\/uploads\/2025\/10\/Debt-Capital-Markets-3.jpg 1456w, https:\/\/www.sisinternational.com\/wp-content\/uploads\/2025\/10\/Debt-Capital-Markets-3-300x168.jpg 300w, https:\/\/www.sisinternational.com\/wp-content\/uploads\/2025\/10\/Debt-Capital-Markets-3-1024x574.jpg 1024w, https:\/\/www.sisinternational.com\/wp-content\/uploads\/2025\/10\/Debt-Capital-Markets-3-768x430.jpg 768w, https:\/\/www.sisinternational.com\/wp-content\/uploads\/2025\/10\/Debt-Capital-Markets-3-18x10.jpg 18w\" sizes=\"auto, (max-width: 1456px) 100vw, 1456px\"><\/figure>\n\n\n\n<p><\/p>\n\n\n\n<p>Capital markets <a href=\"https:\/\/www.sisinternational.com\/it\/soluzioni\/ai-ricerche-di-mercato-e-consulenza-strategica\/consulenza-sullintelligenza-artificiale-per-lautomazione-dei-ristoranti\/\" title=\"Consulenza sull&#039;automazione dei ristoranti e sull&#039;intelligenza artificiale\"  data-wpil-monitor-id=\"7238\">automation and artificial intelligence consulting<\/a> offer many opportunities for businesses operating in the financial sector \u2013 and here are some key opportunities that businesses can capitalize on:<\/p>\n\n\n\n<ul class=\"wp-block-list\">\n<li><strong>Conformit\u00e0 normativa migliorata:<\/strong> L&#039;automazione dei mercati dei capitali e la consulenza sull&#039;intelligenza artificiale offrono solide soluzioni per la conformit\u00e0 normativa. Il monitoraggio e il reporting automatizzati possono ridurre significativamente il rischio di violazioni normative e i costi associati.<\/li>\n\n\n\n<li><strong>Espansione del mercato:<\/strong> L\u2019automazione dei mercati dei capitali e la consulenza sull\u2019intelligenza artificiale possono aiutare le aziende a espandere i propri servizi in nuovi mercati in modo pi\u00f9 efficiente, superando le barriere tradizionali come la conformit\u00e0 locale e la comprensione del mercato.<\/li>\n\n\n\n<li><strong>Prodotti e servizi finanziari innovativi:<\/strong> AI and automation enable the development of innovative financial products and services, meeting the evolving needs of a diverse client base.<\/li>\n<\/ul>\n\n\n\n<h2 class=\"wp-block-heading\">Soluzioni SIS: automazione dei mercati dei capitali e consulenza sull&#039;intelligenza artificiale<\/h2>\n\n\n\n<p>Forniamo analisi di mercato avanzate, migliore gestione del rischio, conformit\u00e0 normativa, riduzione dei costi e vantaggio competitivo. I nostri ricercatori conducono analisi strategiche per trasformare le informazioni in informazioni fruibili, considerando l&#039;automazione dei mercati dei capitali e l&#039;intelligenza artificiale con una visione completa del mercato. La nostra attenzione va oltre i dati per fornire soluzioni su misura per i clienti.<\/p>\n\n\n\n<ul class=\"wp-block-list\">\n<li>Allineamento strategico con gli obiettivi aziendali<\/li>\n\n\n\n<li>Navigare negli scenari normativi<\/li>\n\n\n\n<li>Processo decisionale migliorato grazie all\u2019intelligenza artificiale<\/li>\n\n\n\n<li>Modelli avanzati di gestione del rischio<\/li>\n\n\n\n<li>Conformit\u00e0 ai requisiti normativi<\/li>\n\n\n\n<li>Efficienza operativa e riduzione dei costi<\/li>\n\n\n\n<li>Vantaggio competitivo attraverso la tecnologia<\/li>\n<\/ul>\n\n\n\n<p>Il nostro rapporto con specialisti del settore negli ultimi tre decenni consente a SIS di approfondire l&#039;automazione dei mercati dei capitali e l&#039;intelligenza artificiale, sfruttando la nostra presenza e competenza globali.<\/p>\n\n\n\n<h2 class=\"wp-block-heading\">La nostra sede a New York<\/h2>\n\n\n\n<p>  <iframe loading=\"lazy\" src=\"https:\/\/www.google.com\/maps\/embed?pb=!1m18!1m12!1m3!1d3022.976188376966!2d-73.99130312499956!3d40.740549471389315!2m3!1f0!2f0!3f0!3m2!1i1024!2i768!4f13.1!3m3!1m2!1s0x89c259a15798c731%3A0xd695d09bdd495f25!2s11%20E%2022nd%20St%20FL%202%2C%20New%20York%2C%20NY%2010010%2C%20USA!5e0!3m2!1sen!2spe!4v1726171763526!5m2!1sen!2spe\" width=\"600\" height=\"450\" allowfullscreen=\"allowfullscreen\" data-mce-fragment=\"1\"><\/iframe>  <\/p>\n\n\n\n<h3 class=\"wp-block-heading\">11 E 22nd Street, piano 2, New York, NY 10010 T: +1(212) 505-6805<\/h3>\n\n\n\n<hr class=\"wp-block-separator has-alpha-channel-opacity\"\/>\n\n\n\n<h2 class=\"wp-block-heading\"><span style=\"font-weight: 400;\">A proposito di SIS Internazionale<\/span><\/h2>\n\n\n\n<p><a href=\"https:\/\/www.sisinternational.com\/it\/\"><span style=\"font-weight: 400;\">SIS Internazionale<\/span><\/a><span style=\"font-weight: 400;\"> offre ricerca quantitativa, qualitativa e strategica. Forniamo dati, strumenti, strategie, report e approfondimenti per il processo decisionale. Conduciamo anche interviste, sondaggi, focus group e altri metodi e approcci di ricerca di mercato.<\/span><a href=\"https:\/\/www.sisinternational.com\/it\/sulla-sua-ricerca-internazionale\/contact-sis-international-market-research\/\"><span style=\"font-weight: 400;\"> Contattaci<\/span><\/a><span style=\"font-weight: 400;\"> per il tuo prossimo progetto di ricerca di mercato.<\/span><\/p>","protected":false},"excerpt":{"rendered":"<p>L&#039;automazione dei mercati dei capitali e la consulenza sull&#039;intelligenza artificiale uniscono il potenziale tecnologico e l&#039;applicazione pratica nei settori finanziari.<\/p>","protected":false},"author":1,"featured_media":71742,"parent":27462,"menu_order":49,"comment_status":"closed","ping_status":"closed","template":"","meta":{"footnotes":""},"class_list":["post-45099","page","type-page","status-publish","has-post-thumbnail"],"_links":{"self":[{"href":"https:\/\/www.sisinternational.com\/it\/wp-json\/wp\/v2\/pages\/45099","targetHints":{"allow":["GET"]}}],"collection":[{"href":"https:\/\/www.sisinternational.com\/it\/wp-json\/wp\/v2\/pages"}],"about":[{"href":"https:\/\/www.sisinternational.com\/it\/wp-json\/wp\/v2\/types\/page"}],"author":[{"embeddable":true,"href":"https:\/\/www.sisinternational.com\/it\/wp-json\/wp\/v2\/users\/1"}],"replies":[{"embeddable":true,"href":"https:\/\/www.sisinternational.com\/it\/wp-json\/wp\/v2\/comments?post=45099"}],"version-history":[{"count":12,"href":"https:\/\/www.sisinternational.com\/it\/wp-json\/wp\/v2\/pages\/45099\/revisions"}],"predecessor-version":[{"id":80886,"href":"https:\/\/www.sisinternational.com\/it\/wp-json\/wp\/v2\/pages\/45099\/revisions\/80886"}],"up":[{"embeddable":true,"href":"https:\/\/www.sisinternational.com\/it\/wp-json\/wp\/v2\/pages\/27462"}],"wp:featuredmedia":[{"embeddable":true,"href":"https:\/\/www.sisinternational.com\/it\/wp-json\/wp\/v2\/media\/71742"}],"wp:attachment":[{"href":"https:\/\/www.sisinternational.com\/it\/wp-json\/wp\/v2\/media?parent=45099"}],"curies":[{"name":"wp","href":"https:\/\/api.w.org\/{rel}","templated":true}]}}