{"id":45095,"date":"2024-01-13T16:13:39","date_gmt":"2024-01-13T21:13:39","guid":{"rendered":"https:\/\/www.sisinternational.com\/?page_id=45095"},"modified":"2026-01-27T16:38:48","modified_gmt":"2026-01-27T21:38:48","slug":"consulenza-sullintelligenza-artificiale-per-lautomazione-dei-servizi-finanziari","status":"publish","type":"page","link":"https:\/\/www.sisinternational.com\/it\/soluzioni\/ricerca-di-consulenza-strategica-fintech\/consulenza-sullintelligenza-artificiale-per-lautomazione-dei-servizi-finanziari\/","title":{"rendered":"Consulenza sull&#039;automazione dei servizi finanziari e sull&#039;intelligenza artificiale"},"content":{"rendered":"<h1 class=\"wp-block-heading\">Consulenza sull&#039;automazione dei servizi finanziari e sull&#039;intelligenza artificiale<\/h1>\n\n\n\n<figure class=\"gb-block-image gb-block-image-0398f126\"><img loading=\"lazy\" decoding=\"async\" width=\"1456\" height=\"816\" class=\"gb-image gb-image-0398f126\" src=\"https:\/\/www.sisinternational.com\/wp-content\/uploads\/2025\/10\/Financial-Services-Transaction-1.jpg\" alt=\"Ricerca e strategia di mercato internazionale SIS\" title=\"Financial Services Transaction (1)\" srcset=\"https:\/\/www.sisinternational.com\/wp-content\/uploads\/2025\/10\/Financial-Services-Transaction-1.jpg 1456w, https:\/\/www.sisinternational.com\/wp-content\/uploads\/2025\/10\/Financial-Services-Transaction-1-300x168.jpg 300w, https:\/\/www.sisinternational.com\/wp-content\/uploads\/2025\/10\/Financial-Services-Transaction-1-1024x574.jpg 1024w, https:\/\/www.sisinternational.com\/wp-content\/uploads\/2025\/10\/Financial-Services-Transaction-1-768x430.jpg 768w, https:\/\/www.sisinternational.com\/wp-content\/uploads\/2025\/10\/Financial-Services-Transaction-1-18x10.jpg 18w\" sizes=\"auto, (max-width: 1456px) 100vw, 1456px\"><\/figure>\n\n\n\n<h1 class=\"wp-block-heading\">&nbsp;<\/h1>\n\n\n\n<p><\/p>\n\n\n\n<hr class=\"wp-block-separator has-alpha-channel-opacity\"\/>\n\n\n\n<p>L\u2019automazione dei servizi finanziari e la consulenza sull\u2019intelligenza artificiale rappresentano un cambio di paradigma, ridefinendo radicalmente il modo in cui interagiamo con i sistemi e i servizi finanziari. Questa evoluzione non \u00e8 solo una tendenza fugace, ma una pietra miliare nella modernizzazione della finanza, in cui il ruolo dell\u2019intelligenza artificiale va oltre il semplice supporto per diventare una forza trasformativa.<\/p>\n\n\n\n<h2 class=\"wp-block-heading\">Comprensione del ruolo dell&#039;automazione dei servizi finanziari e della consulenza sull&#039;intelligenza artificiale<\/h2>\n\n\n\n<p>Financial services automation and artificial intelligence consulting is a field that streamlines operations, enhances decision-making processes, and personalizes customer experiences. Consultants in this domain bridge the gap between technological potential and practical financial applications.<\/p>\n\n\n\n<p>They analyze a company\u2019s structure, workflow, and objectives, identifying areas where AI and automation can be integrated for optimal performance.<\/p>\n\n\n\n<h2 class=\"wp-block-heading\">Importanza dell&#039;automazione dei servizi finanziari e della consulenza sull&#039;intelligenza artificiale<\/h2>\n\n\n\n<figure class=\"gb-block-image gb-block-image-d5cfe508\"><img loading=\"lazy\" decoding=\"async\" width=\"1456\" height=\"816\" class=\"gb-image gb-image-d5cfe508\" src=\"https:\/\/www.sisinternational.com\/wp-content\/uploads\/2025\/10\/Financial-Services-Reorganization-4.jpg\" alt=\"Ricerca e strategia di mercato internazionale SIS\" title=\"Financial Services Reorganization (4)\" srcset=\"https:\/\/www.sisinternational.com\/wp-content\/uploads\/2025\/10\/Financial-Services-Reorganization-4.jpg 1456w, https:\/\/www.sisinternational.com\/wp-content\/uploads\/2025\/10\/Financial-Services-Reorganization-4-300x168.jpg 300w, https:\/\/www.sisinternational.com\/wp-content\/uploads\/2025\/10\/Financial-Services-Reorganization-4-1024x574.jpg 1024w, https:\/\/www.sisinternational.com\/wp-content\/uploads\/2025\/10\/Financial-Services-Reorganization-4-768x430.jpg 768w, https:\/\/www.sisinternational.com\/wp-content\/uploads\/2025\/10\/Financial-Services-Reorganization-4-18x10.jpg 18w\" sizes=\"auto, (max-width: 1456px) 100vw, 1456px\"><\/figure>\n\n\n\n<p><\/p>\n\n\n\n<p>Financial <a href=\"https:\/\/www.sisinternational.com\/it\/soluzioni\/ai-ricerche-di-mercato-e-consulenza-strategica\/automazione-dei-servizi-di-beni-di-consumo-e-consulenza\/\" title=\"Automazione di beni e servizi di consumo e consulenza sull&#039;intelligenza artificiale\"  data-wpil-monitor-id=\"3870\">services automation and artificial intelligence consulting<\/a> drive efficiency in financial operations. Automation reduces the time and resources spent on repetitive tasks, while AI can process and analyze vast amounts of data far beyond human capability.<\/p>\n\n\n\n<p>Additionally, this consulting is a catalyst for innovation. It encourages financial institutions to think beyond traditional boundaries, exploring new models of financial services, products, and delivery methods. In any case, financial services <a href=\"https:\/\/www.sisinternational.com\/it\/soluzioni\/ai-ricerche-di-mercato-e-consulenza-strategica\/consulenza-sullintelligenza-artificiale-per-lautomazione-del-flusso-di-lavoro\/\" title=\"Consulenza sull&#039;automazione del flusso di lavoro e sull&#039;intelligenza artificiale\"  data-wpil-monitor-id=\"6895\">automation and artificial intelligence consulting<\/a> have many other benefits, including:<\/p>\n\n\n\n<ul class=\"wp-block-list\">\n<li><strong>Efficienza operativa:<\/strong> Financial services automation and AI consulting help organizations adopt automation systems that streamline repetitive and time-consuming tasks such as data entry, transaction processing, and report generation.\u00a0<\/li>\n\n\n\n<li><strong>Gestione del rischio e conformit\u00e0:<\/strong> I modelli di intelligenza artificiale e machine learning sono in grado di identificare potenziali rischi e anomalie, il che \u00e8 fondamentale per il rilevamento delle frodi e la conformit\u00e0 normativa. Possono tenere il passo con il panorama normativo in continua evoluzione, garantendo che gli istituti finanziari rimangano conformi.<\/li>\n\n\n\n<li><strong>Vantaggio competitivo:<\/strong> By adopting the latest in AI and automation, financial institutions can differentiate themselves in a crowded market.\u00a0<\/li>\n<\/ul>\n\n\n\n<h2 class=\"wp-block-heading\">Quando le aziende dovrebbero cercare servizi di consulenza per l&#039;automazione dei servizi finanziari e l&#039;intelligenza artificiale?<\/h2>\n\n\n\n<p>Alcuni indicatori suggeriscono che \u00e8 giunto il momento per un istituto finanziario di prendere in considerazione questa consulenza strategica e includono i seguenti fattori:<\/p>\n\n\n\n<ul class=\"wp-block-list\">\n<li><strong>Necessit\u00e0 di efficienza operativa:<\/strong> Se un\u2019organizzazione finanziaria \u00e8 alle prese con lunghi processi manuali, errori e inefficienze, \u00e8 un chiaro segno che l\u2019automazione dei servizi finanziari e la consulenza sull\u2019intelligenza artificiale potrebbero essere utili.<\/li>\n\n\n\n<li><strong>Sfide di crescita e scalabilit\u00e0:<\/strong> As a financial institution grows, the need to efficiently manage increased volumes of transactions and data becomes vital. Financial services <a href=\"https:\/\/www.sisinternational.com\/it\/financial-services-consulting\/financial-services-customer-satisfaction\/\" title=\"Financial Services Customer Satisfaction\"  data-wpil-monitor-id=\"7493\">automation and AI consulting<\/a> offer scalable solutions that can adapt to a growing customer base and evolving business needs.<\/li>\n\n\n\n<li><strong>Crescenti richieste di conformit\u00e0 normativa:<\/strong> Il settore finanziario \u00e8 spesso soggetto a severi requisiti normativi. Le istituzioni che affrontano sfide nel tenere il passo con la conformit\u00e0, in particolare quelle che si occupano delle normative internazionali, possono trarre notevoli vantaggi dalla capacit\u00e0 dell\u2019intelligenza artificiale di gestire e semplificare i processi di conformit\u00e0.<\/li>\n\n\n\n<li><strong>Pressione competitiva:<\/strong> If competitors adopt AI and automation, it&#8217;s important to consider similar advancements to remain competitive.\u00a0<\/li>\n\n\n\n<li><strong>Preoccupazioni per la sicurezza informatica:<\/strong> With the increasing threat of cyberattacks and fraud, financial institutions looking to enhance their security protocols will find AI and automation invaluable.\u00a0<\/li>\n<\/ul>\n\n\n\n<h2 class=\"wp-block-heading\">In che modo la consulenza sull&#039;automazione dei servizi finanziari e sull&#039;intelligenza artificiale differisce dalla ricerca di mercato tradizionale?<\/h2>\n\n\n\n<figure class=\"gb-block-image gb-block-image-d5b94538\"><img loading=\"lazy\" decoding=\"async\" width=\"1456\" height=\"816\" class=\"gb-image gb-image-d5b94538\" src=\"https:\/\/www.sisinternational.com\/wp-content\/uploads\/2025\/10\/Financial-Services-Transaction-2.jpg\" alt=\"Ricerca e strategia di mercato internazionale SIS\" title=\"Financial Services Transaction (2)\" srcset=\"https:\/\/www.sisinternational.com\/wp-content\/uploads\/2025\/10\/Financial-Services-Transaction-2.jpg 1456w, https:\/\/www.sisinternational.com\/wp-content\/uploads\/2025\/10\/Financial-Services-Transaction-2-300x168.jpg 300w, https:\/\/www.sisinternational.com\/wp-content\/uploads\/2025\/10\/Financial-Services-Transaction-2-1024x574.jpg 1024w, https:\/\/www.sisinternational.com\/wp-content\/uploads\/2025\/10\/Financial-Services-Transaction-2-768x430.jpg 768w, https:\/\/www.sisinternational.com\/wp-content\/uploads\/2025\/10\/Financial-Services-Transaction-2-18x10.jpg 18w\" sizes=\"auto, (max-width: 1456px) 100vw, 1456px\"><\/figure>\n\n\n\n<p><\/p>\n\n\n\n<p>Servizi finanziari <a href=\"https:\/\/www.sisinternational.com\/it\/soluzioni\/ai-ricerche-di-mercato-e-consulenza-strategica\/consulenza-sullintelligenza-artificiale-per-lautomazione-dei-ristoranti\/\" title=\"Consulenza sull&#039;automazione dei ristoranti e sull&#039;intelligenza artificiale\"  data-wpil-monitor-id=\"7239\">automation and artificial intelligence consulting<\/a> significantly diverge from traditional market research in their approach, methodology, and outcomes. Here&#8217;s a closer look at the differences:<\/p>\n\n\n\n<ul class=\"wp-block-list\">\n<li><strong>Analisi ed elaborazione dei dati:<\/strong> La ricerca di mercato tradizionale si basa spesso su sondaggi, focus group e dati storici, che sono per lo pi\u00f9 statici e di portata limitata. Al contrario, l\u2019automazione dei servizi finanziari e la consulenza basata sull\u2019intelligenza artificiale utilizzano analisi dei dati dinamiche e in tempo reale, sfruttando algoritmi complessi per elaborare grandi quantit\u00e0 di dati in modo rapido e accurato.<\/li>\n\n\n\n<li><strong>Analisi predittiva:<\/strong> Mentre la ricerca di mercato tradizionale fornisce approfondimenti basati su dati passati e presenti, l\u2019automazione dei servizi finanziari e la consulenza sull\u2019intelligenza artificiale eccellono nell\u2019analisi predittiva. Gli algoritmi di intelligenza artificiale possono prevedere le tendenze future, le esigenze dei clienti e i cambiamenti del mercato, consentendo agli istituti finanziari di essere proattivi anzich\u00e9 reattivi.<\/li>\n\n\n\n<li><strong>Personalizzazione:<\/strong> L\u2019intelligenza artificiale e l\u2019automazione consentono un approccio altamente personalizzato al servizio clienti e alle offerte di prodotti, che va oltre l\u2019ambito delle tradizionali ricerche di mercato. I sistemi di intelligenza artificiale possono analizzare i dati dei singoli clienti per offrire consulenza finanziaria su misura, opzioni di investimento e raccomandazioni sui servizi.<\/li>\n<\/ul>\n\n\n\n<h2 class=\"wp-block-heading\">Fattori chiave del successo<\/h2>\n\n\n\n<p>For financial services <a href=\"https:\/\/www.sisinternational.com\/it\/soluzioni\/ai-ricerche-di-mercato-e-consulenza-strategica\/consulenza-sullintelligenza-artificiale-per-lautomazione-delle-vendite\/\" title=\"Consulenza sull&#039;automazione delle vendite e sull&#039;intelligenza artificiale\"  data-wpil-monitor-id=\"7250\">automation and artificial intelligence consulting<\/a> to be effective, several key success factors need to be in place. These elements ensure that integrating AI and <a href=\"https:\/\/www.sisinternational.com\/it\/financial-services-consulting\/robotic-process-automation-in-financial-services\/\" title=\"Robotic Process Automation in Financial Services\"  data-wpil-monitor-id=\"1058\">automation into financial services<\/a> is technically successful and aligns with the business\u2019s strategic goals and industry standards.<\/p>\n\n\n\n<ul class=\"wp-block-list\">\n<li><strong>Qualit\u00e0 e integrazione dei dati:<\/strong> Il successo dei sistemi di intelligenza artificiale dipende in larga misura dalla qualit\u00e0, accuratezza e completezza dei dati che utilizzano. Le istituzioni finanziarie devono disporre di solide pratiche di gestione dei dati per garantire che i dati immessi nei sistemi di intelligenza artificiale siano affidabili. Altrettanto importante \u00e8 la perfetta integrazione di questi sistemi con l\u2019infrastruttura IT esistente.<\/li>\n\n\n\n<li><strong>Competenza e Personale Qualificato:<\/strong> Ci\u00f2 include esperti in tecnologie di intelligenza artificiale e automazione, data scientist, nonch\u00e9 professionisti con una profonda conoscenza del settore finanziario e del suo contesto normativo.<\/li>\n\n\n\n<li><strong>Approccio incentrato sul cliente:<\/strong> AI and automation should be deployed to enhance the customer experience. This involves understanding customer needs, preferences, and behaviors to effectively tailor AI-driven services and products.<\/li>\n\n\n\n<li><strong>Scalabilit\u00e0 e flessibilit\u00e0:<\/strong> Le soluzioni di intelligenza artificiale e automazione devono essere scalabili per accogliere la crescita e sufficientemente flessibili per adattarsi alle esigenze aziendali in evoluzione e ai cambiamenti tecnologici.<\/li>\n<\/ul>\n\n\n\n<h2 class=\"wp-block-heading\">Cosa aspettarsi dall&#039;automazione dei servizi finanziari e dalla consulenza sull&#039;intelligenza artificiale<\/h2>\n\n\n\n<figure class=\"gb-block-image gb-block-image-dbeabd30\"><img loading=\"lazy\" decoding=\"async\" width=\"1456\" height=\"816\" class=\"gb-image gb-image-dbeabd30\" src=\"https:\/\/www.sisinternational.com\/wp-content\/uploads\/2025\/10\/Financial-Services-Reorganization-2.jpg\" alt=\"Ricerca e strategia di mercato internazionale SIS\" title=\"Financial Services Reorganization (2)\" srcset=\"https:\/\/www.sisinternational.com\/wp-content\/uploads\/2025\/10\/Financial-Services-Reorganization-2.jpg 1456w, https:\/\/www.sisinternational.com\/wp-content\/uploads\/2025\/10\/Financial-Services-Reorganization-2-300x168.jpg 300w, https:\/\/www.sisinternational.com\/wp-content\/uploads\/2025\/10\/Financial-Services-Reorganization-2-1024x574.jpg 1024w, https:\/\/www.sisinternational.com\/wp-content\/uploads\/2025\/10\/Financial-Services-Reorganization-2-768x430.jpg 768w, https:\/\/www.sisinternational.com\/wp-content\/uploads\/2025\/10\/Financial-Services-Reorganization-2-18x10.jpg 18w\" sizes=\"auto, (max-width: 1456px) 100vw, 1456px\"><\/figure>\n\n\n\n<p><\/p>\n\n\n\n<p>Quando si intraprende l\u2019automazione dei servizi finanziari e la consulenza sull\u2019intelligenza artificiale, ci sono diversi risultati e vantaggi che le aziende possono aspettarsi:<\/p>\n\n\n\n<ul class=\"wp-block-list\">\n<li><strong>Gestione del rischio migliorata:<\/strong> AI\u2019s predictive analytics and data processing capabilities allow for more accurate risk assessment and management.\u00a0<\/li>\n\n\n\n<li><strong>Approfondimenti basati sui dati e processo decisionale:<\/strong> La capacit\u00e0 di analizzare grandi volumi di dati con l\u2019intelligenza artificiale porta a insight pi\u00f9 profondi, supportando un processo decisionale pi\u00f9 informato e strategico. Le istituzioni finanziarie possono acquisire una migliore comprensione delle tendenze del mercato, del comportamento dei clienti e delle prestazioni operative.<\/li>\n\n\n\n<li><strong>Vantaggio competitivo:<\/strong> By leveraging the latest technologies in AI and automation, financial institutions can differentiate themselves in the market. This technological edge can attract and retain new customers, contributing to business growth.<\/li>\n\n\n\n<li><strong>Conformit\u00e0 e sicurezza migliorate:<\/strong> Gli strumenti di intelligenza artificiale possono tenere il passo con il panorama normativo in continua evoluzione, aiutando le istituzioni a rimanere conformi. Inoltre, l\u2019intelligenza artificiale pu\u00f2 migliorare le misure di sicurezza, rilevando e prevenendo attivit\u00e0 fraudolente in modo pi\u00f9 efficace rispetto ai sistemi tradizionali.<\/li>\n\n\n\n<li><strong>Ritorno sull&#039;investimento:<\/strong> Sebbene l\u2019investimento iniziale nell\u2019intelligenza artificiale e nell\u2019automazione possa essere sostanziale, i vantaggi a lungo termine come il risparmio sui costi, l\u2019aumento delle entrate e il miglioramento dell\u2019efficienza spesso si traducono in un significativo ritorno sull\u2019investimento.<\/li>\n<\/ul>\n\n\n\n<h2 class=\"wp-block-heading\">Opportunit\u00e0 nell&#039;automazione dei servizi finanziari e nella consulenza sull&#039;intelligenza artificiale per le aziende<\/h2>\n\n\n\n<p>The integration of automation and artificial intelligence in financial services opens up several opportunities for businesses in the sector \u2013 and here are some of the key opportunities that companies can capitalize on:<\/p>\n\n\n\n<ul class=\"wp-block-list\">\n<li><strong>Prodotti e servizi finanziari personalizzati:<\/strong> AI enables financial institutions to offer highly personalized products and services. This includes customized investment advice, tailored banking services, and personalized insurance policies, all of which can significantly <a class=\"wpil_keyword_link\" href=\"https:\/\/www.sisinternational.com\/it\/migliorare-le-relazioni-con-i-clienti\/\"   title=\"Come migliorare la soddisfazione del cliente e soddisfare i clienti insoddisfatti\" data-wpil-keyword-link=\"linked\"  data-wpil-monitor-id=\"637\">improve customer satisfaction<\/a> and loyalty.<\/li>\n\n\n\n<li><strong>Espansione in nuovi mercati:<\/strong> L\u2019intelligenza artificiale e l\u2019automazione rendono pi\u00f9 semplice per gli istituti finanziari espandere i propri servizi in nuovi mercati, superando le barriere tradizionali come la lingua e la conformit\u00e0 normativa locale.<\/li>\n\n\n\n<li><strong>Attivit\u00e0 bancaria sostenibile e responsabile:<\/strong> Financial services automation and artificial intelligence consulting can help financial institutions make more environmentally and socially responsible decisions, aligning with global sustainability goals.\u00a0<\/li>\n\n\n\n<li><strong>Creazione di ecosistemi collaborativi:<\/strong> Financial services automation and artificial intelligence consulting enable the creation of collaborative ecosystems between financial institutions, fintech companies, and other stakeholders.\u00a0<\/li>\n<\/ul>\n\n\n\n<h2 class=\"wp-block-heading\">Soluzioni SIS: automazione dei servizi finanziari e consulenza sull&#039;intelligenza artificiale<\/h2>\n\n\n\n<figure class=\"gb-block-image gb-block-image-5f3b6288\"><img loading=\"lazy\" decoding=\"async\" width=\"1456\" height=\"816\" class=\"gb-image gb-image-5f3b6288\" src=\"https:\/\/www.sisinternational.com\/wp-content\/uploads\/2025\/10\/Financial-Services-Transaction-4.jpg\" alt=\"Ricerca e strategia di mercato internazionale SIS\" title=\"Financial Services Transaction (4)\" srcset=\"https:\/\/www.sisinternational.com\/wp-content\/uploads\/2025\/10\/Financial-Services-Transaction-4.jpg 1456w, https:\/\/www.sisinternational.com\/wp-content\/uploads\/2025\/10\/Financial-Services-Transaction-4-300x168.jpg 300w, https:\/\/www.sisinternational.com\/wp-content\/uploads\/2025\/10\/Financial-Services-Transaction-4-1024x574.jpg 1024w, https:\/\/www.sisinternational.com\/wp-content\/uploads\/2025\/10\/Financial-Services-Transaction-4-768x430.jpg 768w, https:\/\/www.sisinternational.com\/wp-content\/uploads\/2025\/10\/Financial-Services-Transaction-4-18x10.jpg 18w\" sizes=\"auto, (max-width: 1456px) 100vw, 1456px\"><\/figure>\n\n\n\n<p><\/p>\n\n\n\n<p>We provide innovative solutions to revolutionize the financial industry, leveraging the power of automation and artificial intelligence to drive efficiency, enhance decision-making processes, and personalize customer experiences. Our researchers conduct strategic analyses to turn information into actionable insights and help you consider financial <a href=\"https:\/\/www.sisinternational.com\/it\/competenza\/industrie\/ricerche-di-mercato-sulla-robotica\/\" title=\"Ricerche di mercato sulla robotica\"  data-wpil-monitor-id=\"5977\">services automation and AI consulting<\/a> with a full market view \u2013 and our focus on strategic analysis and actionable insights goes beyond data and provides tailored solutions for clients.<\/p>\n\n\n\n<ul class=\"wp-block-list\">\n<li><strong>Ottimizzazione della gestione del rischio:<\/strong> Our AI-driven solutions analyze vast amounts of data to identify potential risks and anomalies, enabling financial institutions to enhance risk management strategies and ensure regulatory compliance.<\/li>\n\n\n\n<li><strong>Miglioramento dell\u2019efficienza operativa:<\/strong> By implementing automation systems, we streamline repetitive tasks such as data entry, transaction processing, and report generation, leading to increased operational efficiency and reduced costs.<\/li>\n\n\n\n<li><strong>Esperienza cliente personalizzata:<\/strong> Sfruttando gli algoritmi di intelligenza artificiale, offriamo consulenza finanziaria, strategie di investimento e interazioni con il servizio clienti altamente personalizzate, migliorando la soddisfazione e la fidelizzazione del cliente.<\/li>\n\n\n\n<li><strong>Miglioramento della conformit\u00e0 e della sicurezza:<\/strong> I nostri strumenti di intelligenza artificiale rilevano e prevengono in modo proattivo attivit\u00e0 fraudolente, garantendo la conformit\u00e0 ai requisiti normativi e migliorando le misure di sicurezza informatica.<\/li>\n\n\n\n<li><span style=\"box-sizing: border-box; margin: 0px; padding: 0px;\"><strong>Processo decisionale basato sui dati:<\/strong> Analizzando grandi volumi di dati con l&#039;intelligenza artificiale, forniamo informazioni pi\u00f9 approfondite sulle tendenze del mercato, sul comportamento dei clienti e sulle prestazioni operative, supportando un processo decisionale pi\u00f9 informato e strategico.<\/span><\/li>\n\n\n\n<li><strong>Soluzioni scalabili per la crescita:<\/strong> Le nostre soluzioni scalabili di intelligenza artificiale e automazione si adattano alle esigenze aziendali in evoluzione e ai cambiamenti tecnologici, garantendo flessibilit\u00e0 e scalabilit\u00e0 man mano che gli istituti finanziari crescono.<\/li>\n\n\n\n<li><strong>Sviluppo di soluzioni personalizzate:<\/strong> We develop customized AI solutions tailored to each financial institution&#8217;s unique needs and challenges, ensuring practical and relevant implementations that drive tangible results and long-term success.<\/li>\n<\/ul>\n\n\n\n<p>Our relationship with industry specialists, generated over the last three decades, allows <a href=\"https:\/\/www.linkedin.com\/company\/sisinternationalresearch\/\" target=\"_blank\" rel=\"noopener\">SIS<\/a> to go wide and deep into financial services automation and artificial intelligence consulting. The SIS strategy team pulls together the latest in financial <a href=\"https:\/\/www.sisinternational.com\/it\/sistemi-di-automazione-dei-processi-negli-stati-uniti\/\" title=\"Consulenza sulla strategia di automazione\" data-wpil-monitor-id=\"7455\">services automation<\/a> and AI consulting, working closely with our local offices abroad.<\/p>\n\n\n\n<h2 class=\"wp-block-heading\">La nostra sede a New York<\/h2>\n\n\n\n<p>  <iframe loading=\"lazy\" src=\"https:\/\/www.google.com\/maps\/embed?pb=!1m18!1m12!1m3!1d3022.976188376966!2d-73.99130312499956!3d40.740549471389315!2m3!1f0!2f0!3f0!3m2!1i1024!2i768!4f13.1!3m3!1m2!1s0x89c259a15798c731%3A0xd695d09bdd495f25!2s11%20E%2022nd%20St%20FL%202%2C%20New%20York%2C%20NY%2010010%2C%20USA!5e0!3m2!1sen!2spe!4v1726171763526!5m2!1sen!2spe\" width=\"600\" height=\"450\" allowfullscreen=\"allowfullscreen\" data-mce-fragment=\"1\"><\/iframe>  <\/p>\n\n\n\n<h3 class=\"wp-block-heading\">11 E 22nd Street, piano 2, New York, NY 10010 T: +1(212) 505-6805<\/h3>\n\n\n\n<hr class=\"wp-block-separator has-alpha-channel-opacity\"\/>\n\n\n\n<h2 class=\"wp-block-heading\"><strong>A proposito di SIS Internazionale<\/strong><\/h2>\n\n\n\n<p><a href=\"https:\/\/www.sisinternational.com\/it\/\"><span style=\"font-weight: 400;\">SIS Internazionale<\/span><\/a><span style=\"font-weight: 400;\"> offre ricerca quantitativa, qualitativa e strategica. Forniamo dati, strumenti, strategie, report e approfondimenti per il processo decisionale. Conduciamo anche interviste, sondaggi, focus group e altri metodi e approcci di ricerca di mercato.<\/span><a href=\"https:\/\/www.sisinternational.com\/it\/sulla-sua-ricerca-internazionale\/contact-sis-international-market-research\/\"><span style=\"font-weight: 400;\"> Contattaci<\/span><\/a><span style=\"font-weight: 400;\"> per il tuo prossimo progetto di ricerca di mercato.<\/span><\/p>\n\n\n\n<p><span style=\"font-weight: 400;\">&nbsp;<\/span><\/p>","protected":false},"excerpt":{"rendered":"<p>L&#039;automazione dei servizi finanziari e la consulenza sull&#039;intelligenza artificiale ottimizzano le operazioni, migliorano il processo decisionale e personalizzano l&#039;esperienza del cliente.<\/p>","protected":false},"author":1,"featured_media":71760,"parent":27462,"menu_order":48,"comment_status":"closed","ping_status":"closed","template":"","meta":{"footnotes":""},"class_list":["post-45095","page","type-page","status-publish","has-post-thumbnail"],"_links":{"self":[{"href":"https:\/\/www.sisinternational.com\/it\/wp-json\/wp\/v2\/pages\/45095","targetHints":{"allow":["GET"]}}],"collection":[{"href":"https:\/\/www.sisinternational.com\/it\/wp-json\/wp\/v2\/pages"}],"about":[{"href":"https:\/\/www.sisinternational.com\/it\/wp-json\/wp\/v2\/types\/page"}],"author":[{"embeddable":true,"href":"https:\/\/www.sisinternational.com\/it\/wp-json\/wp\/v2\/users\/1"}],"replies":[{"embeddable":true,"href":"https:\/\/www.sisinternational.com\/it\/wp-json\/wp\/v2\/comments?post=45095"}],"version-history":[{"count":15,"href":"https:\/\/www.sisinternational.com\/it\/wp-json\/wp\/v2\/pages\/45095\/revisions"}],"predecessor-version":[{"id":81120,"href":"https:\/\/www.sisinternational.com\/it\/wp-json\/wp\/v2\/pages\/45095\/revisions\/81120"}],"up":[{"embeddable":true,"href":"https:\/\/www.sisinternational.com\/it\/wp-json\/wp\/v2\/pages\/27462"}],"wp:featuredmedia":[{"embeddable":true,"href":"https:\/\/www.sisinternational.com\/it\/wp-json\/wp\/v2\/media\/71760"}],"wp:attachment":[{"href":"https:\/\/www.sisinternational.com\/it\/wp-json\/wp\/v2\/media?parent=45095"}],"curies":[{"name":"wp","href":"https:\/\/api.w.org\/{rel}","templated":true}]}}