{"id":45076,"date":"2024-01-13T14:33:32","date_gmt":"2024-01-13T19:33:32","guid":{"rendered":"https:\/\/www.sisinternational.com\/?page_id=45076"},"modified":"2026-02-18T12:24:39","modified_gmt":"2026-02-18T17:24:39","slug":"societa-di-consulenza-per-strategie-di-crescita","status":"publish","type":"page","link":"https:\/\/www.sisinternational.com\/it\/soluzioni\/ai-ricerche-di-mercato-e-consulenza-strategica\/societa-di-consulenza-per-strategie-di-crescita\/","title":{"rendered":"Societ\u00e0 di consulenza per strategie di crescita"},"content":{"rendered":"<h1 class=\"wp-block-heading\">Societ\u00e0 di consulenza per strategie di crescita<\/h1>\n\n\n\n<figure class=\"gb-block-image gb-block-image-3f1cc0ec\"><img loading=\"lazy\" decoding=\"async\" width=\"1456\" height=\"816\" class=\"gb-image gb-image-3f1cc0ec\" src=\"https:\/\/www.sisinternational.com\/wp-content\/uploads\/2025\/10\/AI-Sentiment-2.jpg\" alt=\"Ricerca e strategia di mercato internazionale SIS\" title=\"AI Sentiment (2)\" srcset=\"https:\/\/www.sisinternational.com\/wp-content\/uploads\/2025\/10\/AI-Sentiment-2.jpg 1456w, https:\/\/www.sisinternational.com\/wp-content\/uploads\/2025\/10\/AI-Sentiment-2-300x168.jpg 300w, https:\/\/www.sisinternational.com\/wp-content\/uploads\/2025\/10\/AI-Sentiment-2-1024x574.jpg 1024w, https:\/\/www.sisinternational.com\/wp-content\/uploads\/2025\/10\/AI-Sentiment-2-768x430.jpg 768w, https:\/\/www.sisinternational.com\/wp-content\/uploads\/2025\/10\/AI-Sentiment-2-18x10.jpg 18w\" sizes=\"auto, (max-width: 1456px) 100vw, 1456px\"><\/figure>\n\n\n\n<p><\/p>\n\n\n\n<p>In un mondo in cui il cambiamento \u00e8 l\u2019unica costante, le aziende sono sempre pi\u00f9 alla ricerca di percorsi per prosperare. Ecco perch\u00e9 le societ\u00e0 di consulenza sulle strategie di crescita sono emerse come alleati cruciali in questa ricerca, offrendo approfondimenti e indicazioni in grado di trasformare la traiettoria di un&#039;azienda. Cosa significa esattamente? Come pu\u00f2 una partnership con un\u2019azienda del genere favorire il successo?<\/p>\n\n\n\n<h2 class=\"wp-block-heading\">Cos\u2019\u00e8 una societ\u00e0 di consulenza sulla strategia di crescita?<\/h2>\n\n\n\n<p>A growth <a title=\"Client Retention Strategies in Law Firms&nbsp;&nbsp;\" href=\"https:\/\/www.sisinternational.com\/it\/soluzioni\/legal-market-research\/client-retention-strategies-in-law-firms\/\" data-wpil-monitor-id=\"923\">strategy consulting firm<\/a> specializes in assisting businesses in identifying, developing, and implementing strategies to drive growth. Unlike generalist consulting firms, these entities focus on the specific challenges and opportunities associated with expanding a business&#8217;s market share, revenue, and overall presence in its industry.<\/p>\n\n\n\n<p>Queste aziende analizzano la posizione attuale di un&#039;azienda, il suo mercato, i concorrenti e le potenziali aree di espansione. Inoltre, apportano una nuova prospettiva esterna a un&#039;azienda, che spesso \u00e8 cruciale per identificare opportunit\u00e0 o sfide che potrebbero non essere evidenti da un punto di vista interno.<\/p>\n\n\n\n<h2 class=\"wp-block-heading\">Perch\u00e9 le aziende hanno bisogno dell&#039;assistenza di una societ\u00e0 di consulenza sulla strategia di crescita<\/h2>\n\n\n\n<p>These firms empower businesses to keep pace with market changes, carving out new opportunities for expansion and success. Today, markets are interconnected and influenced by global trends, technological advancements, and shifting consumer preferences. For this reason, a growth <a title=\"La migliore societ\u00e0 di valutazione della strategia aziendale\" href=\"https:\/\/www.sisinternational.com\/it\/la-migliore-societa-di-valutazione-della-strategia-aziendale\/\" data-wpil-monitor-id=\"1501\">strategy consulting firm<\/a> provides the necessary expertise to decipher these complexities, offering insights that help businesses make informed decisions.<\/p>\n\n\n\n<p><a title=\"Consulenza sulla crescita\" href=\"https:\/\/www.sisinternational.com\/it\/soluzioni\/e-la-crescita-globale\/consulenza-sulla-crescita\/\" data-wpil-monitor-id=\"6399\">Growth strategy consultants<\/a> are particularly helpful at uncovering new avenues for expansion &#8211; whether it&#8217;s exploring new market segments, geographic regions, or product lines. Their external perspective and analytical tools enable them to spot opportunities that a business might overlook.<\/p>\n\n\n\n<p>Inoltre, queste aziende aiutano le aziende a comprendere e mitigare i rischi associati alle strategie di crescita, garantendo un approccio equilibrato al perseguimento di nuove opportunit\u00e0. Tuttavia, assumere una societ\u00e0 di consulenza apporta numerosi vantaggi a un\u2019azienda, tra cui:<\/p>\n\n\n\n<ul class=\"wp-block-list\">\n<li><strong>Prospettiva oggettiva e imparziale:<\/strong> Una societ\u00e0 di consulenza offre una prospettiva nuova e imparziale, fondamentale per identificare il potenziale non sfruttato e sfidare le ipotesi esistenti.<\/li>\n\n\n\n<li><strong>Ottimizzazione delle risorse:<\/strong> Una societ\u00e0 di consulenza sulla strategia di crescita aiuta a garantire che le risorse di un&#039;azienda siano allocate in modo efficiente. Forniscono chiarezza su dove e come investire le risorse per ottenere il massimo impatto sulla crescita.<\/li>\n\n\n\n<li><strong>Costruire valore a lungo termine:<\/strong> Il vantaggio finale di una societ\u00e0 di consulenza sulla strategia di crescita \u00e8 aiutare le aziende a creare valore a lungo termine. Attraverso la crescita strategica, le aziende possono ottenere aumenti sostenibili di ricavi e redditivit\u00e0, migliorando nel tempo la propria posizione di mercato e il valore per gli azionisti.<\/li>\n<\/ul>\n\n\n\n<h2 class=\"wp-block-heading\">In che modo una societ\u00e0 di consulenza sulla strategia di crescita \u00e8 diversa da una societ\u00e0 di ricerche di mercato tradizionale?<\/h2>\n\n\n\n<p>Una societ\u00e0 di consulenza sulla strategia di crescita si concentra sullo sviluppo di strategie attuabili che contribuiscono direttamente alla crescita e all&#039;espansione di un&#039;azienda. Queste strategie potrebbero comportare l\u2019ingresso in nuovi mercati, il lancio di nuovi prodotti, l\u2019ottimizzazione delle operazioni o la ristrutturazione dell\u2019organizzazione. D\u2019altra parte, una societ\u00e0 di ricerche di mercato tradizionale enfatizza la raccolta e l\u2019analisi dei dati relativi alle condizioni di mercato, ai comportamenti dei consumatori e alle attivit\u00e0 della concorrenza.<\/p>\n\n\n\n<p>Crescita <a title=\"Consulenza strategica per la pianificazione degli scenari\" href=\"https:\/\/www.sisinternational.com\/it\/soluzioni\/consulenza-strategica\/pianificazione-dello-scenario\/\" data-wpil-monitor-id=\"6780\">strategy consulting firms deliver strategic plans<\/a>, roadmaps for growth, and actionable recommendations. They might also include implementation support and performance monitoring frameworks. Traditional market research firms provide reports, statistical analyses, and insights about the market or customer base. These findings help businesses understand their environment but do not directly prescribe strategies for growth.<\/p>\n\n\n\n<h2 class=\"wp-block-heading\">Quali tecnologie e strumenti utilizza una societ\u00e0 di consulenza sulla strategia di crescita?<\/h2>\n\n\n\n<p>Le societ\u00e0 di consulenza sulla strategia di crescita utilizzano una variet\u00e0 di tecnologie e strumenti per analizzare dati, gestire progetti, comunicare con i clienti e semplificare le operazioni. Ecco alcuni strumenti specifici spesso utilizzati in questo settore:<\/p>\n\n\n\n<ul class=\"wp-block-list\">\n<li><strong>Qualtrics:<\/strong> Uno strumento per la gestione dell&#039;esperienza, inclusi sondaggi su clienti e dipendenti.<\/li>\n\n\n\n<li><strong>Microsoft Power BI:<\/strong> Una suite di strumenti di analisi per analizzare i dati e condividere approfondimenti.<\/li>\n\n\n\n<li><strong>QuickBooks:<\/strong> Ampiamente utilizzato per contabilit\u00e0, fatturazione e reporting finanziario.<\/li>\n\n\n\n<li><strong>Microsoft Azure:<\/strong> Servizio di cloud computing per creare, testare, distribuire e gestire applicazioni.<\/li>\n<\/ul>\n\n\n\n<h2 class=\"wp-block-heading\">Cosa possono aspettarsi le aziende da una societ\u00e0 di consulenza sulla strategia di crescita?<\/h2>\n\n\n\n<p>Quando si collabora con una societ\u00e0 di consulenza, le aziende possono anticipare una serie di vantaggi di grande impatto che portano alla crescita del mercato, come:<\/p>\n\n\n\n<ul class=\"wp-block-list\">\n<li><strong>Analisi di mercato e identificazione delle opportunit\u00e0:<\/strong> L\u2019azienda intraprende un\u2019analisi approfondita del mercato, compreso lo studio delle tendenze del settore, delle strategie della concorrenza e delle preferenze dei clienti. Sulla base di questa analisi, identificano potenziali opportunit\u00e0 di crescita, come nuovi mercati, segmenti di clientela o innovazioni di prodotto.<\/li>\n\n\n\n<li><strong>Raccomandazioni e soluzioni attuabili:<\/strong> La societ\u00e0 di consulenza fornisce raccomandazioni attuabili su misura per il contesto unico dell&#039;azienda. Questi potrebbero includere strategie per l\u2019ingresso nel mercato, lo sviluppo del prodotto, la trasformazione digitale o miglioramenti operativi.<\/li>\n\n\n\n<li><strong>Supporto e guida all&#039;implementazione:<\/strong> Un aspetto significativo del ruolo di una societ\u00e0 di consulenza in materia di strategie di crescita \u00e8 supportare l&#039;implementazione delle strategie raccomandate. Ci\u00f2 potrebbe comportare la consulenza su cambiamenti operativi, l\u2019aiuto nella creazione di nuove unit\u00e0 aziendali o la guida degli sforzi di trasformazione digitale.<\/li>\n\n\n\n<li><strong>Misurazione delle prestazioni e miglioramento continuo:<\/strong> Una societ\u00e0 di consulenza sulla strategia di crescita stabilisce inoltre parametri e indicatori chiave di prestazione (KPI) per misurare il successo delle strategie di crescita. Aiutano a monitorare continuamente le prestazioni e ad apportare le modifiche necessarie per garantire il miglioramento continuo e l&#039;allineamento con gli obiettivi.<\/li>\n\n\n\n<li><strong>Sviluppo di capacit\u00e0 e trasferimento di conoscenze:<\/strong> Queste aziende si concentrano sullo sviluppo delle capacit\u00e0 interne dell\u2019azienda. Spesso forniscono formazione e workshop per migliorare le competenze del personale dell&#039;azienda, garantendo che l&#039;azienda possa sostenere e sviluppare le strategie di crescita in modo indipendente.<\/li>\n<\/ul>\n\n\n\n<h2 class=\"wp-block-heading\">Societ\u00e0 di consulenza per strategie di crescita e opportunit\u00e0 per le imprese<\/h2>\n\n\n\n<p>La partnership con una societ\u00e0 di consulenza apre una miriade di opportunit\u00e0 per le imprese. Queste opportunit\u00e0 portano una crescita immediata e aiutano a posizionare l\u2019azienda per il successo e l\u2019adattabilit\u00e0 a lungo termine in un panorama di mercato in continua evoluzione.<\/p>\n\n\n\n<ul class=\"wp-block-list\">\n<li><strong>Diversificazione di prodotti e servizi:<\/strong> I consulenti in strategia di crescita aiutano le aziende a esplorare e realizzare opportunit\u00e0 per diversificare la propria offerta. Questa diversificazione potrebbe comportare lo sviluppo di nuovi prodotti, l\u2019aggiunta di servizi o l\u2019ingresso in nuovi segmenti di mercato, riducendo cos\u00ec il rischio e aumentando i flussi di entrate.<\/li>\n\n\n\n<li><strong>Espansione in nuovi mercati:<\/strong> Con l&#039;esperienza di una societ\u00e0 di consulenza sulla strategia di crescita, le aziende possono identificare ed entrare strategicamente in nuovi mercati geografici o demografici.<\/li>\n\n\n\n<li><strong>Costruire un modello di business sostenibile:<\/strong> I consulenti aiutano le aziende a sviluppare strategie di crescita sostenibili a lungo termine. Ci\u00f2 include consulenza su pratiche ecocompatibili, uso sostenibile delle risorse e iniziative di responsabilit\u00e0 sociale d\u2019impresa, allineando l\u2019azienda ai valori e alle aspettative globali contemporanei.<\/li>\n\n\n\n<li><strong>Adottare la trasformazione digitale:<\/strong> In an increasingly digital world, growth strategy <a title=\"Consulenza strategica sulla rivoluzione digitale\" data-wpil-monitor-id=\"2577\" href=\"https:\/\/www.sisinternational.com\/it\/consulenza-sulla-strategia-di-interruzione-digitale\/\">consulting firms<\/a> guide businesses in embracing digital transformation. This could include digital marketing strategies, adopting new technologies like AI and IoT, or digitizing operations for improved efficiency.<\/li>\n\n\n\n<li><strong>Promuovere l\u2019innovazione e la creativit\u00e0:<\/strong> Queste aziende incoraggiano una cultura dell\u2019innovazione e della creativit\u00e0, fondamentale per la crescita e l\u2019adattamento continui. Portano nuove prospettive e sfidano il pensiero convenzionale, stimolando nuove idee e approcci all&#039;interno dell&#039;azienda.<\/li>\n<\/ul>\n\n\n\n<h2 class=\"wp-block-heading\">SIS Solutions: societ\u00e0 di consulenza per strategie di crescita<\/h2>\n\n\n\n<p>At SIS, we specialize in providing comprehensive growth <a title=\"Strategie di sostenibilit\u00e0 aziendale: un caso di studio Siemens\" href=\"https:\/\/www.sisinternational.com\/it\/strategie-di-sostenibilita-aziendale-un-caso-di-studio-siemens\/\" data-wpil-monitor-id=\"7496\">consulenza strategica<\/a> services to help businesses navigate the complexities of today&#8217;s ever-changing market landscape and drive sustainable growth. Our tailored solutions combine strategic insights, market analysis, and actionable recommendations to position your business for success. Here&#8217;s how we can help:<\/p>\n\n\n\n<ul class=\"wp-block-list\">\n<li><strong>Analisi strategica e identificazione delle opportunit\u00e0:<\/strong> I nostri consulenti conducono analisi di mercato approfondite per identificare tendenze emergenti, strategie della concorrenza e preferenze dei clienti. Aiutiamo a scoprire nuove opportunit\u00e0 di crescita, sia che si tratti di espandersi in nuovi mercati, diversificare l&#039;offerta di prodotti o ottimizzare le operazioni esistenti.<\/li>\n\n\n\n<li><strong>Raccomandazioni e soluzioni attuabili:<\/strong> Forniamo consigli attuabili su misura per il contesto e gli obiettivi specifici della tua azienda. Queste raccomandazioni potrebbero includere strategie per l\u2019ingresso nel mercato, lo sviluppo del prodotto, la trasformazione digitale o miglioramenti operativi, tutti volti a favorire la crescita sostenibile e il vantaggio competitivo.<\/li>\n\n\n\n<li><strong>Supporto e guida all&#039;implementazione:<\/strong> Offriamo supporto pratico durante tutto il processo di implementazione, aiutandoti a tradurre le raccomandazioni strategiche in azioni tangibili. Che si tratti della creazione di nuove unit\u00e0 aziendali, della riprogettazione dei processi o dell&#039;adozione di nuove tecnologie, forniamo assistenza in ogni fase del percorso per garantire un&#039;esecuzione di successo.<\/li>\n\n\n\n<li><strong>Misurazione delle prestazioni e miglioramento continuo:<\/strong> Stabiliamo metriche e indicatori chiave di prestazione (KPI) per misurare il successo delle tue strategie di crescita. Il nostro team monitora continuamente le prestazioni e fornisce supporto continuo per apportare le modifiche necessarie e promuovere il miglioramento continuo.<\/li>\n\n\n\n<li><strong>Sviluppo di capacit\u00e0 e trasferimento di conoscenze:<\/strong> Ci concentriamo sullo sviluppo delle capacit\u00e0 interne della tua organizzazione, fornendo formazione e workshop per migliorare le competenze del tuo personale e garantire la sostenibilit\u00e0 delle iniziative di crescita. Diamo al tuo team la possibilit\u00e0 di assumere la responsabilit\u00e0 delle strategie di crescita e di promuovere il successo a lungo termine.<\/li>\n\n\n\n<li><strong>Opportunit\u00e0 di diversificazione ed espansione:<\/strong> Aiutiamo le aziende a esplorare opportunit\u00e0 per diversificare prodotti e servizi, espandersi in nuovi mercati e costruire modelli di business sostenibili. Il nostro obiettivo \u00e8 aiutarti a sbloccare nuovi flussi di entrate e ridurre i rischi, posizionando al contempo la tua attivit\u00e0 per un successo a lungo termine.<\/li>\n<\/ul>\n\n\n\n<p>Collabora con SIS per sbloccare nuove opportunit\u00e0 di crescita e posizionare la tua azienda per un successo a lungo termine nel dinamico contesto di mercato di oggi. Con la nostra guida strategica e le nostre soluzioni attuabili, puoi affrontare l&#039;incertezza con fiducia e promuovere una crescita sostenibile che offra valore duraturo.<\/p>","protected":false},"excerpt":{"rendered":"<p>Una societ\u00e0 di consulenza sulla strategia di crescita aiuta le industrie a identificare, sviluppare e implementare strategie per espandere la propria quota di mercato, entrate e presenza.<\/p>","protected":false},"author":1,"featured_media":71614,"parent":44406,"menu_order":35,"comment_status":"closed","ping_status":"closed","template":"","meta":{"footnotes":""},"class_list":["post-45076","page","type-page","status-publish","has-post-thumbnail"],"_links":{"self":[{"href":"https:\/\/www.sisinternational.com\/it\/wp-json\/wp\/v2\/pages\/45076","targetHints":{"allow":["GET"]}}],"collection":[{"href":"https:\/\/www.sisinternational.com\/it\/wp-json\/wp\/v2\/pages"}],"about":[{"href":"https:\/\/www.sisinternational.com\/it\/wp-json\/wp\/v2\/types\/page"}],"author":[{"embeddable":true,"href":"https:\/\/www.sisinternational.com\/it\/wp-json\/wp\/v2\/users\/1"}],"replies":[{"embeddable":true,"href":"https:\/\/www.sisinternational.com\/it\/wp-json\/wp\/v2\/comments?post=45076"}],"version-history":[{"count":11,"href":"https:\/\/www.sisinternational.com\/it\/wp-json\/wp\/v2\/pages\/45076\/revisions"}],"predecessor-version":[{"id":82982,"href":"https:\/\/www.sisinternational.com\/it\/wp-json\/wp\/v2\/pages\/45076\/revisions\/82982"}],"up":[{"embeddable":true,"href":"https:\/\/www.sisinternational.com\/it\/wp-json\/wp\/v2\/pages\/44406"}],"wp:featuredmedia":[{"embeddable":true,"href":"https:\/\/www.sisinternational.com\/it\/wp-json\/wp\/v2\/media\/71614"}],"wp:attachment":[{"href":"https:\/\/www.sisinternational.com\/it\/wp-json\/wp\/v2\/media?parent=45076"}],"curies":[{"name":"wp","href":"https:\/\/api.w.org\/{rel}","templated":true}]}}