{"id":44820,"date":"2024-01-07T21:20:45","date_gmt":"2024-01-08T02:20:45","guid":{"rendered":"https:\/\/www.sisinternational.com\/?page_id=44820"},"modified":"2026-01-27T16:53:36","modified_gmt":"2026-01-27T21:53:36","slug":"consulenza-sulla-mappatura-delle-opportunita-dei-prodotti-di-mercato","status":"publish","type":"page","link":"https:\/\/www.sisinternational.com\/it\/soluzioni\/consulenza-strategica\/consulenza-sulla-mappatura-delle-opportunita-dei-prodotti-di-mercato\/","title":{"rendered":"Consulenza per la mappatura delle opportunit\u00e0 di mercato e di prodotto"},"content":{"rendered":"<h1 class=\"wp-block-heading\">Consulenza per la mappatura delle opportunit\u00e0 di mercato e di prodotto<\/h1>\n\n\n\n<figure class=\"gb-block-image gb-block-image-239b85f7\"><img loading=\"lazy\" decoding=\"async\" width=\"1456\" height=\"816\" class=\"gb-image gb-image-239b85f7\" src=\"https:\/\/www.sisinternational.com\/wp-content\/uploads\/2025\/10\/Market-and-Product-Opportunity-4.jpg\" alt=\"Ricerca e strategia di mercato internazionale SIS\" title=\"Market and Product Opportunity (4)\" srcset=\"https:\/\/www.sisinternational.com\/wp-content\/uploads\/2025\/10\/Market-and-Product-Opportunity-4.jpg 1456w, https:\/\/www.sisinternational.com\/wp-content\/uploads\/2025\/10\/Market-and-Product-Opportunity-4-300x168.jpg 300w, https:\/\/www.sisinternational.com\/wp-content\/uploads\/2025\/10\/Market-and-Product-Opportunity-4-1024x574.jpg 1024w, https:\/\/www.sisinternational.com\/wp-content\/uploads\/2025\/10\/Market-and-Product-Opportunity-4-768x430.jpg 768w, https:\/\/www.sisinternational.com\/wp-content\/uploads\/2025\/10\/Market-and-Product-Opportunity-4-18x10.jpg 18w\" sizes=\"auto, (max-width: 1456px) 100vw, 1456px\"><\/figure>\n\n\n\n<p><\/p>\n\n\n\n<p>Nell&#039;odierno panorama aziendale in rapida evoluzione, identificare e sfruttare le opportunit\u00e0 di mercato e di prodotto non \u00e8 solo un vantaggio: \u00e8 una necessit\u00e0... E la consulenza sulla mappatura delle opportunit\u00e0 di mercato e di prodotto \u00e8 una strategia fondamentale per le aziende che mirano a rimanere al passo con i tempi.<\/p>\n\n\n\n<h2 class=\"wp-block-heading\">Che cos&#039;\u00e8 la consulenza per la mappatura delle opportunit\u00e0 di mercato e di prodotto?<\/h2>\n\n\n\n<p>La consulenza sulla mappatura delle opportunit\u00e0 di mercato e di prodotto aiuta le aziende a identificare, analizzare e sfruttare nuove opportunit\u00e0 di mercato e di prodotto. Analizza le tendenze del mercato, le preferenze dei clienti, i panorami competitivi e le potenziali aree di innovazione del prodotto.<\/p>\n\n\n\n<p>Basically, <a href=\"https:\/\/www.sisinternational.com\/it\/competenza\/industrie\/ricerca-di-mercato-sulla-mappa-termica\/\" title=\"Ricerche di mercato sulla mappa termica\"  data-wpil-monitor-id=\"7666\">market and product opportunity mapping<\/a> consulting is about uncovering hidden potential. Consultants use a variety of tools and methodologies, including data analysis, market segmentation, and predictive modeling, to provide a detailed map of where a business could grow and work closely with businesses to understand their unique strengths and challenges, tailoring their advice to help each client make the most of the opportunities identified.<\/p>\n\n\n\n<h2 class=\"wp-block-heading\">Perch\u00e9 le aziende hanno bisogno di consulenza per la mappatura delle opportunit\u00e0 di mercato e di prodotto<\/h2>\n\n\n\n<p>Market and product opportunity mapping consulting helps businesses anticipate and adapt to market trends before they become tangible, offering a significant competitive advantage. This <a href=\"https:\/\/www.sisinternational.com\/it\/soluzioni\/consulenza-strategica\/\" title=\"Consulenza strategica\"  data-wpil-monitor-id=\"9532\">consulting tailors strategies<\/a> to fit these specific needs, ensuring that the opportunities identified are both relevant and achievable.<\/p>\n\n\n\n<p>Inoltre, questo approccio garantisce che gli investimenti nello sviluppo del prodotto, nel marketing e in altre aree siano effettuati nei segmenti pi\u00f9 promettenti e redditizi. Pertanto, la consulenza sulla mappatura delle opportunit\u00e0 di mercato e di prodotto fornisce le informazioni necessarie per rimanere un passo avanti rispetto alla concorrenza.<\/p>\n\n\n\n<h2 class=\"wp-block-heading\">Come condurre consulenze sulla mappatura delle opportunit\u00e0 di mercato e di prodotto<\/h2>\n\n\n\n<p>L&#039;esecuzione di consulenze sulla mappatura delle opportunit\u00e0 di mercato e di prodotto prevede una serie di passaggi sistematici progettati per scoprire e sfruttare nuove opportunit\u00e0 di mercato e di prodotto. Ecco una panoramica di come si svolge in genere questo processo:<\/p>\n\n\n\n<ul class=\"wp-block-list\">\n<li><strong>Raccolta e analisi dei dati:<\/strong> Il fondamento di qualsiasi esercizio di mappatura delle opportunit\u00e0 di mercato e di prodotto sono i dati. Ci\u00f2 include dati di mercato, dati demografici dei clienti, analisi della concorrenza e attuali tendenze del settore.<\/li>\n\n\n\n<li><strong>Segmentazione del mercato:<\/strong> Ci\u00f2 comporta la divisione del mercato in base a vari criteri quali dati demografici, psicografici e comportamento di acquisto, per identificare gruppi specifici che presentano opportunit\u00e0 uniche.<\/li>\n\n\n\n<li><a href=\"https:\/\/www.sisinternational.com\/it\/azienda-leader-nel-monitoraggio-delle-tendenze-del-mercato-b2b\/\" title=\"Principali societ\u00e0 di monitoraggio delle tendenze del mercato B2B\"  data-wpil-monitor-id=\"9530\">Trend Analysis: This step involves analyzing market<\/a> trends, technological advancements, and socioeconomic factors that could impact the business landscape.<\/li>\n\n\n\n<li><strong>Identificazione delle opportunit\u00e0:<\/strong> Con dati e tendenze a portata di mano, il passo successivo \u00e8 identificare potenziali opportunit\u00e0 di mercato e di prodotto. Ci\u00f2 potrebbe comportare l\u2019individuazione di lacune nel mercato, esigenze dei clienti poco soddisfatte o aree in cui i concorrenti non sono attivi.<\/li>\n\n\n\n<li><strong>Valutazione di fattibilit\u00e0:<\/strong> Viene condotta una valutazione di fattibilit\u00e0 per valutare la praticit\u00e0 e la potenziale redditivit\u00e0 di ciascuna opportunit\u00e0 identificata, considerando fattori come le dimensioni del mercato, la crescita potenziale e i requisiti di risorse.<\/li>\n\n\n\n<li><strong>Sviluppo della strategia:<\/strong> Sulla base della valutazione di fattibilit\u00e0, viene formulata una strategia su misura per ogni opportunit\u00e0 praticabile. Questa strategia include piani d&#039;azione sullo sviluppo del prodotto, approcci di marketing, allocazione delle risorse e tempistiche.<\/li>\n\n\n\n<li><strong>Pianificazione dell&#039;implementazione:<\/strong> Il passo finale \u00e8 convertire la strategia in un piano attuabile. Ci\u00f2 comporta la definizione di obiettivi chiari, la definizione di indicatori chiave di prestazione (KPI) e la definizione di una tabella di marcia per l\u2019esecuzione.<\/li>\n\n\n\n<li><strong>Monitoraggio e adattamento continui:<\/strong> IL <a href=\"https:\/\/www.sisinternational.com\/it\/global-beverage-market\/\" title=\"Global Beverage Market: Market Dynamics, Growth Projections &amp; Consumer Insights\"  data-wpil-monitor-id=\"9531\">market is dynamic<\/a>, and strategies may need adjustment. Continuous monitoring of market responses, competitor moves, and internal performance against set KPIs is essential for adapting and refining strategies.<\/li>\n<\/ul>\n\n\n\n<h2 class=\"wp-block-heading\">In che modo la consulenza per la mappatura delle opportunit\u00e0 di mercato e di prodotto differisce dalla ricerca di mercato tradizionale?<\/h2>\n\n\n\n<figure class=\"gb-block-image gb-block-image-6859a6cb\"><img loading=\"lazy\" decoding=\"async\" width=\"1456\" height=\"816\" class=\"gb-image gb-image-6859a6cb\" src=\"https:\/\/www.sisinternational.com\/wp-content\/uploads\/2025\/10\/Market-and-Product-Opportunity-1.jpg\" alt=\"Ricerca e strategia di mercato internazionale SIS\" title=\"Market and Product Opportunity (1)\" srcset=\"https:\/\/www.sisinternational.com\/wp-content\/uploads\/2025\/10\/Market-and-Product-Opportunity-1.jpg 1456w, https:\/\/www.sisinternational.com\/wp-content\/uploads\/2025\/10\/Market-and-Product-Opportunity-1-300x168.jpg 300w, https:\/\/www.sisinternational.com\/wp-content\/uploads\/2025\/10\/Market-and-Product-Opportunity-1-1024x574.jpg 1024w, https:\/\/www.sisinternational.com\/wp-content\/uploads\/2025\/10\/Market-and-Product-Opportunity-1-768x430.jpg 768w, https:\/\/www.sisinternational.com\/wp-content\/uploads\/2025\/10\/Market-and-Product-Opportunity-1-18x10.jpg 18w\" sizes=\"auto, (max-width: 1456px) 100vw, 1456px\"><\/figure>\n\n\n\n<p><\/p>\n\n\n\n<p>Traditional <a href=\"https:\/\/www.sisinternational.com\/it\/soluzioni\/ricerche-di-mercato-con-focus-group\/\" title=\"Focus Group Ricerche di mercato\"  data-wpil-monitor-id=\"9527\">market research primarily focuses<\/a> on understanding the current market landscape, customer behaviors, and preferences. It is often retrospective, analyzing existing data to gain insights. In contrast, market and product opportunity mapping consulting is more forward-looking. It not only analyzes current data but also anticipates <a href=\"https:\/\/www.sisinternational.com\/it\/future-trends-in-qualitative-market-research\/\" title=\"Future Trends in Qualitative Market Research\"  data-wpil-monitor-id=\"9526\">future market trends<\/a> and uncovers untapped opportunities, offering a roadmap for future growth.<\/p>\n\n\n\n<p>Mentre la ricerca di mercato tradizionale pu\u00f2 fornire un\u2019ampia comprensione del mercato, la mappatura delle opportunit\u00e0 va pi\u00f9 in profondit\u00e0. Implica un\u2019analisi pi\u00f9 dettagliata dei segmenti di mercato, delle potenziali aree di crescita e dei panorami competitivi. Questa profondit\u00e0 consente una comprensione pi\u00f9 sfumata di dove un\u2019azienda pu\u00f2 trovare nuove opportunit\u00e0 di crescita e differenziazione.<\/p>\n\n\n\n<p>Furthermore, opportunity mapping consulting places a strong emphasis on innovation and future trends. It seeks to identify emerging trends and areas where a business can innovate, either in its product offerings or market approach. Traditional <a href=\"https:\/\/www.sisinternational.com\/it\/copertura\/europa\/ricerche-di-mercato-liverpool-regno-unito\/\" title=\"Ricerche di mercato a Liverpool | Focus group e raccolta dati nel Regno Unito\"  data-wpil-monitor-id=\"9528\">market research may not necessarily focus<\/a> on these forward-thinking aspects.<\/p>\n\n\n\n<h2 class=\"wp-block-heading\">Fattori chiave di successo nella consulenza per la mappatura delle opportunit\u00e0 di mercato e di prodotto<\/h2>\n\n\n\n<p>To effectively leverage market and product opportunity mapping consulting, businesses must meet certain <a href=\"https:\/\/www.sisinternational.com\/it\/fattori-chiave-di-successo-nelle-ricerche-di-mercato-automobilistiche\/\" title=\"Fattori chiave di successo nelle ricerche di mercato automobilistiche\"  data-wpil-monitor-id=\"9525\">key success factors<\/a> \u2013 and here are some of the main factors to consider:<\/p>\n\n\n\n<ul class=\"wp-block-list\">\n<li><strong>Analisi completa dei dati:<\/strong> Il fondamento di un\u2019efficace mappatura delle opportunit\u00e0 \u00e8 una solida analisi dei dati. Ci\u00f2 include non solo dati quantitativi ma anche approfondimenti qualitativi, garantendo una comprensione olistica del mercato, dei concorrenti e del comportamento dei consumatori.<\/li>\n\n\n\n<li><strong>Pensiero innovativo:<\/strong> La capacit\u00e0 di pensare fuori dagli schemi \u00e8 fondamentale. Le aziende devono essere aperte all\u2019esplorazione di mercati non convenzionali, nuove idee di prodotto e strategie innovative che potrebbero non essere in linea con le norme tradizionali del settore ma promettere un maggiore potenziale di crescita.<\/li>\n\n\n\n<li><strong>Adattabilit\u00e0:<\/strong> I mercati sono dinamici e potrebbe essere necessario evolvere le strategie. Il successo della mappatura delle opportunit\u00e0 dipende dalla capacit\u00e0 di adattare le strategie sulla base del feedback continuo del mercato e delle condizioni mutevoli.<\/li>\n\n\n\n<li><strong>Attuazione effettiva: I<\/strong>identificare le opportunit\u00e0 \u00e8 solo met\u00e0 dell\u2019opera; l&#039;altra met\u00e0 \u00e8 l&#039;esecuzione effettiva. Ci\u00f2 richiede piani di attuazione chiari, un\u2019adeguata allocazione delle risorse e una gestione efficiente dei progetti.<\/li>\n\n\n\n<li><strong>Monitoraggio e apprendimento continui:<\/strong> Il mercato e le preferenze dei consumatori sono in continua evoluzione. Il monitoraggio continuo e la volont\u00e0 di apprendere e adattare le strategie sono essenziali per il successo a lungo termine.<\/li>\n<\/ul>\n\n\n\n<h2 class=\"wp-block-heading\">Cosa possono aspettarsi le aziende dalla consulenza sulla mappatura delle opportunit\u00e0 di mercato e di prodotto?<\/h2>\n\n\n\n<p>When engaging in market and product opportunity mapping consulting, businesses can expect a comprehensive process that leads to <a href=\"https:\/\/www.sisinternational.com\/it\/b2b\/\" title=\"Cost-Effective and Actionable Insights to Drive Your Next Strategic Move\"  data-wpil-monitor-id=\"9529\">actionable insights and strategic<\/a> guidance. Here\u2019s what to anticipate during this consulting journey:<\/p>\n\n\n\n<ul class=\"wp-block-list\">\n<li><strong>Identificazione delle opportunit\u00e0:<\/strong> I consulenti identificheranno potenziali opportunit\u00e0 di mercato e di prodotto. Ci\u00f2 potrebbe includere nuovi segmenti di mercato, tendenze emergenti, aree in cui i concorrenti hanno prestazioni inferiori o lacune nel mercato che il tuo prodotto o servizio pu\u00f2 colmare.<\/li>\n\n\n\n<li><strong>Raccomandazioni strategiche personalizzate:<\/strong> Sulla base dell\u2019analisi, le aziende riceveranno raccomandazioni su misura. Queste strategie saranno allineate ai tuoi obiettivi e alle tue capacit\u00e0 aziendali, garantendo che le opportunit\u00e0 identificate siano praticabili e preziose per il tuo contesto specifico.<\/li>\n\n\n\n<li><strong>Tabella di marcia attuabile:<\/strong> Oltre alla consulenza strategica, alle aziende verr\u00e0 fornita una tabella di marcia attuabile. Ci\u00f2 include passaggi, tempistiche e KPI specifici per guidare la tua azienda a sfruttare queste opportunit\u00e0.<\/li>\n<\/ul>\n\n\n\n<h2 class=\"wp-block-heading\">Opportunit\u00e0 e sfide nella consulenza per la mappatura delle opportunit\u00e0 di mercato e di prodotto<\/h2>\n\n\n\n<figure class=\"gb-block-image gb-block-image-4de2205a\"><img loading=\"lazy\" decoding=\"async\" width=\"1456\" height=\"816\" class=\"gb-image gb-image-4de2205a\" src=\"https:\/\/www.sisinternational.com\/wp-content\/uploads\/2025\/10\/Market-and-Product-Opportunity-3.jpg\" alt=\"Ricerca e strategia di mercato internazionale SIS\" title=\"Market and Product Opportunity (3)\" srcset=\"https:\/\/www.sisinternational.com\/wp-content\/uploads\/2025\/10\/Market-and-Product-Opportunity-3.jpg 1456w, https:\/\/www.sisinternational.com\/wp-content\/uploads\/2025\/10\/Market-and-Product-Opportunity-3-300x168.jpg 300w, https:\/\/www.sisinternational.com\/wp-content\/uploads\/2025\/10\/Market-and-Product-Opportunity-3-1024x574.jpg 1024w, https:\/\/www.sisinternational.com\/wp-content\/uploads\/2025\/10\/Market-and-Product-Opportunity-3-768x430.jpg 768w, https:\/\/www.sisinternational.com\/wp-content\/uploads\/2025\/10\/Market-and-Product-Opportunity-3-18x10.jpg 18w\" sizes=\"auto, (max-width: 1456px) 100vw, 1456px\"><\/figure>\n\n\n\n<p><\/p>\n\n\n\n<p>L&#039;impegno nella consulenza sulla mappatura delle opportunit\u00e0 di mercato e di prodotto presenta una serie di opportunit\u00e0 e sfide che le aziende devono affrontare. Comprenderle pu\u00f2 aiutare a massimizzare i benefici gestendo efficacemente i potenziali ostacoli.<\/p>\n\n\n\n<h3 class=\"wp-block-heading\">Opportunit\u00e0<\/h3>\n\n\n\n<ul class=\"wp-block-list\">\n<li><strong>Accesso ai mercati non sfruttati:<\/strong> Una delle maggiori opportunit\u00e0 \u00e8 la scoperta di mercati nuovi e non sfruttati che i concorrenti potrebbero non aver ancora esplorato.<\/li>\n\n\n\n<li><strong>Innovazione e diversificazione:<\/strong> Questa consulenza spesso porta all&#039;innovazione di prodotti e servizi, consentendo alle aziende di diversificare la propria offerta e ridurre la dipendenza da una singola linea di prodotti o mercato.<\/li>\n\n\n\n<li><strong>Processo decisionale basato sui dati:<\/strong> L\u2019enfasi sull\u2019analisi dei dati aiuta le aziende a prendere decisioni informate e basate sull\u2019evidenza, riducendo la dipendenza da congetture o metodi obsoleti.<\/li>\n<\/ul>\n\n\n\n<h3 class=\"wp-block-heading\">Sfide<\/h3>\n\n\n\n<ul class=\"wp-block-list\">\n<li><strong>Sovraccarico di dati:<\/strong> Con l\u2019enorme quantit\u00e0 di dati disponibili, una sfida \u00e8 filtrare il rumore e concentrarsi su informazioni rilevanti.<\/li>\n\n\n\n<li><strong>Rapidi cambiamenti del mercato:<\/strong> La natura frenetica dei mercati moderni fa s\u00ec che le opportunit\u00e0 possano evolversi o scomparire rapidamente, richiedendo costante vigilanza e adattabilit\u00e0.<\/li>\n\n\n\n<li><strong>Stare al passo con la tecnologia:<\/strong> In un mondo guidato dalla tecnologia, rimanere al passo con gli ultimi progressi tecnologici e capire come influiscono sul mercato \u00e8 fondamentale.<\/li>\n<\/ul>\n\n\n\n<p><\/p>","protected":false},"excerpt":{"rendered":"<p>La consulenza sulla mappatura delle opportunit\u00e0 di mercato e di prodotto aiuta le aziende a identificare, analizzare e sfruttare nuove opportunit\u00e0 di mercato e di prodotto.<\/p>","protected":false},"author":1,"featured_media":71998,"parent":14567,"menu_order":31,"comment_status":"closed","ping_status":"closed","template":"","meta":{"footnotes":""},"class_list":["post-44820","page","type-page","status-publish","has-post-thumbnail"],"_links":{"self":[{"href":"https:\/\/www.sisinternational.com\/it\/wp-json\/wp\/v2\/pages\/44820","targetHints":{"allow":["GET"]}}],"collection":[{"href":"https:\/\/www.sisinternational.com\/it\/wp-json\/wp\/v2\/pages"}],"about":[{"href":"https:\/\/www.sisinternational.com\/it\/wp-json\/wp\/v2\/types\/page"}],"author":[{"embeddable":true,"href":"https:\/\/www.sisinternational.com\/it\/wp-json\/wp\/v2\/users\/1"}],"replies":[{"embeddable":true,"href":"https:\/\/www.sisinternational.com\/it\/wp-json\/wp\/v2\/comments?post=44820"}],"version-history":[{"count":5,"href":"https:\/\/www.sisinternational.com\/it\/wp-json\/wp\/v2\/pages\/44820\/revisions"}],"predecessor-version":[{"id":81589,"href":"https:\/\/www.sisinternational.com\/it\/wp-json\/wp\/v2\/pages\/44820\/revisions\/81589"}],"up":[{"embeddable":true,"href":"https:\/\/www.sisinternational.com\/it\/wp-json\/wp\/v2\/pages\/14567"}],"wp:featuredmedia":[{"embeddable":true,"href":"https:\/\/www.sisinternational.com\/it\/wp-json\/wp\/v2\/media\/71998"}],"wp:attachment":[{"href":"https:\/\/www.sisinternational.com\/it\/wp-json\/wp\/v2\/media?parent=44820"}],"curies":[{"name":"wp","href":"https:\/\/api.w.org\/{rel}","templated":true}]}}