{"id":44802,"date":"2024-01-07T20:23:23","date_gmt":"2024-01-08T01:23:23","guid":{"rendered":"https:\/\/www.sisinternational.com\/?page_id=44802"},"modified":"2026-02-19T00:55:22","modified_gmt":"2026-02-19T05:55:22","slug":"consulenza-sullintelligenza-artificiale-per-lautomazione-del-flusso-di-lavoro","status":"publish","type":"page","link":"https:\/\/www.sisinternational.com\/it\/soluzioni\/ai-ricerche-di-mercato-e-consulenza-strategica\/consulenza-sullintelligenza-artificiale-per-lautomazione-del-flusso-di-lavoro\/","title":{"rendered":"Consulenza sull&#039;automazione del flusso di lavoro e sull&#039;intelligenza artificiale"},"content":{"rendered":"<h1 class=\"wp-block-heading\">Consulenza sull&#039;automazione del flusso di lavoro e sull&#039;intelligenza artificiale<\/h1>\n\n\n\n<figure class=\"gb-block-image gb-block-image-04d8e716\"><img loading=\"lazy\" decoding=\"async\" width=\"1456\" height=\"816\" class=\"gb-image gb-image-04d8e716\" src=\"https:\/\/www.sisinternational.com\/wp-content\/uploads\/2025\/10\/Financial-Services-Automation-3.jpg\" alt=\"Ricerca e strategia di mercato internazionale SIS\" title=\"Financial Services Automation (3)\" srcset=\"https:\/\/www.sisinternational.com\/wp-content\/uploads\/2025\/10\/Financial-Services-Automation-3.jpg 1456w, https:\/\/www.sisinternational.com\/wp-content\/uploads\/2025\/10\/Financial-Services-Automation-3-300x168.jpg 300w, https:\/\/www.sisinternational.com\/wp-content\/uploads\/2025\/10\/Financial-Services-Automation-3-1024x574.jpg 1024w, https:\/\/www.sisinternational.com\/wp-content\/uploads\/2025\/10\/Financial-Services-Automation-3-768x430.jpg 768w, https:\/\/www.sisinternational.com\/wp-content\/uploads\/2025\/10\/Financial-Services-Automation-3-18x10.jpg 18w\" sizes=\"auto, (max-width: 1456px) 100vw, 1456px\"><\/figure>\n\n\n\n<p><\/p>\n\n\n\n<p>In un mondo in cui il tempo \u00e8 la nuova valuta, in che modo la tua azienda sta ottimizzando i propri flussi di lavoro? Comprendere il ruolo fondamentale dell\u2019automazione del flusso di lavoro e della consulenza sull\u2019intelligenza artificiale \u00e8 fondamentale per integrare l\u2019intelligenza artificiale nell\u2019automazione del flusso di lavoro e sbloccare livelli senza precedenti di produttivit\u00e0 e innovazione.<\/p>\n\n\n\n<h2 class=\"wp-block-heading\">Consulenza sull&#039;automazione del flusso di lavoro e sull&#039;intelligenza artificiale<\/h2>\n\n\n\n<p>Workflow automation and artificial intelligence consulting is a domain that combines the efficiency of automating routine business processes with the intelligence and adaptability of AI. <\/p>\n\n\n\n<h2 class=\"wp-block-heading\">Importanza e vantaggi dell&#039;automazione del flusso di lavoro e della consulenza sull&#039;intelligenza artificiale<\/h2>\n\n\n\n<p>Workflow automation and AI consulting offer a range of important benefits and advantages. It helps companies to streamline and speed up business processes. <\/p>\n\n\n\n<p>Questa consulenza garantisce inoltre un livello pi\u00f9 elevato di precisione nelle attivit\u00e0, riducendo l\u2019errore umano. Un output coerente \u00e8 particolarmente cruciale in aree quali l&#039;immissione di dati, il reporting e il controllo di qualit\u00e0. Inoltre, l\u2019automazione del flusso di lavoro e la consulenza basata sull\u2019intelligenza artificiale possono migliorare il servizio clienti. Processi automatizzati come chatbot, consigli personalizzati e flussi di lavoro ottimizzati del servizio clienti portano a tempi di risposta pi\u00f9 rapidi e interazioni con i clienti pi\u00f9 personalizzate.<\/p>\n\n\n\n<h2 class=\"wp-block-heading\">Consulenza sull&#039;automazione del flusso di lavoro e sull&#039;intelligenza artificiale: e il suo impatto sulle aziende globali<\/h2>\n\n\n\n<p>When businesses embark on integrating workflow automation and artificial intelligence, there are several expectations they can set for the transformation that follows. <\/p>\n\n\n\n<ul class=\"wp-block-list\">\n<li><strong>Operazioni semplificate:<\/strong> Workflow <a title=\"Consulenza sull&#039;automazione delle vendite e sull&#039;intelligenza artificiale\" data-wpil-monitor-id=\"7255\" href=\"https:\/\/www.sisinternational.com\/it\/soluzioni\/ai-ricerche-di-mercato-e-consulenza-strategica\/consulenza-sullintelligenza-artificiale-per-lautomazione-delle-vendite\/\">automation and artificial intelligence consulting<\/a> aim at eliminating redundant tasks and simplifying complex processes, making operations smoother and more efficient.<\/li>\n\n\n\n<li><strong>Produttivit\u00e0 incrementata:<\/strong> Con l\u2019automazione delle attivit\u00e0 di routine e l\u2019intelligenza artificiale che gestisce analisi complesse dei dati, si registra un notevole aumento della produttivit\u00e0. I dipendenti vengono liberati dai compiti banali e possono concentrarsi su attivit\u00e0 a maggior valore aggiunto.<\/li>\n\n\n\n<li><strong>Risparmi:<\/strong> Workflow automation and artificial <a title=\"La necessit\u00e0 di intelligence competitiva in una recessione\" data-wpil-monitor-id=\"7229\" href=\"https:\/\/www.sisinternational.com\/it\/la-necessita-di-intelligenza-competitiva-in-questa-recessione\/\">intelligence consulting focus on reducing the need<\/a> for manual labor in repetitive tasks, leading to significant cost savings. Additionally, AI-driven optimizations further cut down operational costs by improving efficiency and reducing errors.<\/li>\n\n\n\n<li><strong>Scalabilit\u00e0 e flessibilit\u00e0:<\/strong> L&#039;automazione del flusso di lavoro e la consulenza sull&#039;intelligenza artificiale creano processi automatizzati e potenziati dall&#039;intelligenza artificiale altamente scalabili, consentendo alle aziende di adattarsi facilmente all&#039;aumento dei carichi di lavoro o alle mutevoli esigenze aziendali senza un aumento significativo di risorse o costi.<\/li>\n\n\n\n<li><strong>Personalizzazione e personalizzazione:<\/strong> Workflow automation and artificial intelligence consulting can tailor workflows and processes to meet the specific needs of a business. <\/li>\n<\/ul>\n\n\n\n<h2 class=\"wp-block-heading\">Opportunit\u00e0 per l&#039;automazione del flusso di lavoro e la consulenza sull&#039;intelligenza artificiale<\/h2>\n\n\n\n<p>L\u2019integrazione dell\u2019automazione del flusso di lavoro e della consulenza sull\u2019intelligenza artificiale presenta una vasta gamma di opportunit\u00e0 per le aziende di vari settori. Queste opportunit\u00e0 migliorano l\u2019efficienza operativa e aprono le porte all\u2019innovazione, alla crescita strategica e alla differenziazione competitiva. Ecco alcune opportunit\u00e0 chiave in questo campo:<\/p>\n\n\n\n<ul class=\"wp-block-list\">\n<li><strong>Approfondimenti e analisi basati sui dati:<\/strong> AI\u2019s ability to analyze large sets of data offers businesses the opportunity to gain deeper insights into their operations, customer behaviors, and market trends. <\/li>\n\n\n\n<li><strong>Esperienza cliente migliorata:<\/strong> I flussi di lavoro automatizzati e guidati dall\u2019intelligenza artificiale possono migliorare significativamente l\u2019esperienza del cliente. Dai tempi di risposta pi\u00f9 rapidi alle interazioni personalizzate, le aziende hanno l&#039;opportunit\u00e0 di aumentare la soddisfazione e la fidelizzazione dei clienti.<\/li>\n\n\n\n<li><strong>Innovazione nei prodotti e nei servizi:<\/strong> The insights gained from <a title=\"Automazione di beni e servizi di consumo e consulenza sull&#039;intelligenza artificiale\" data-wpil-monitor-id=\"3897\" href=\"https:\/\/www.sisinternational.com\/it\/soluzioni\/ai-ricerche-di-mercato-e-consulenza-strategica\/automazione-dei-servizi-di-beni-di-consumo-e-consulenza\/\">workflow automation<\/a> and AI consulting can inspire innovation in products and services. Businesses can identify new opportunities, predict emerging market trends, and develop offerings that meet evolving customer needs.<\/li>\n\n\n\n<li><strong>Maggiore scalabilit\u00e0:<\/strong> L&#039;automazione del flusso di lavoro e la consulenza sull&#039;intelligenza artificiale forniscono alle aziende gli strumenti per scalare le operazioni in modo efficiente. Man mano che la domanda cresce, i processi possono essere ampliati in modo rapido ed efficace senza un aumento proporzionale delle risorse o dei costi.<\/li>\n\n\n\n<li><strong>Vantaggio competitivo sul mercato:<\/strong> I primi ad adottare l\u2019automazione del flusso di lavoro e l\u2019intelligenza artificiale possono ottenere un vantaggio competitivo significativo. Possono operare in modo pi\u00f9 efficiente, rispondere pi\u00f9 rapidamente ai cambiamenti del mercato e offrire esperienze cliente superiori rispetto ai concorrenti che sono pi\u00f9 lenti nell\u2019adottare queste tecnologie.<\/li>\n<\/ul>\n\n\n\n<h2 class=\"wp-block-heading\">Sfide dell&#039;automazione del flusso di lavoro e della consulenza sull&#039;intelligenza artificiale<\/h2>\n\n\n\n<p>Sebbene l\u2019automazione del flusso di lavoro e la consulenza sull\u2019intelligenza artificiale offrano immense opportunit\u00e0, comportano anche alcune sfide. Comprendere e affrontare questi problemi pu\u00f2 migliorare significativamente l\u2019efficacia dell\u2019implementazione di queste tecnologie.<\/p>\n\n\n\n<ul class=\"wp-block-list\">\n<li><strong>Problemi relativi alla privacy e alla sicurezza dei dati:<\/strong> Con il crescente utilizzo dell\u2019intelligenza artificiale e dell\u2019automazione, la privacy e la sicurezza dei dati diventano preoccupazioni fondamentali. Garantire la protezione delle informazioni sensibili e il rispetto delle normative sulla protezione dei dati rappresenta una sfida importante per le organizzazioni.<\/li>\n\n\n\n<li><strong>Resistenza al cambiamento:<\/strong> L\u2019implementazione di nuove tecnologie spesso incontra resistenza da parte dei dipendenti che si sentono a proprio agio con i processi esistenti. Superare questa resistenza richiede strategie efficaci di gestione del cambiamento e di comunicazione.<\/li>\n\n\n\n<li><strong>Garantire la precisione dell&#039;IA e la mitigazione dei bias:<\/strong> I sistemi di intelligenza artificiale sono validi quanto lo sono i dati su cui sono addestrati. Garantire l\u2019accuratezza dei risultati dell\u2019IA e mitigare i potenziali errori negli algoritmi di intelligenza artificiale \u00e8 fondamentale per evitare processi decisionali errati.<\/li>\n\n\n\n<li><strong>Mantenere la supervisione umana:<\/strong> Sebbene l\u2019intelligenza artificiale possa automatizzare molti processi, la supervisione umana \u00e8 ancora necessaria, in particolare nel processo decisionale e nella gestione di situazioni complesse o insolite. Bilanciare l\u2019automazione con il giudizio umano \u00e8 una sfida fondamentale.<\/li>\n\n\n\n<li><strong>Misurare il successo e il ROI:<\/strong> Determinare il successo delle implementazioni di intelligenza artificiale e automazione e misurarne il ROI pu\u00f2 essere impegnativo. Le aziende devono stabilire parametri e parametri di riferimento chiari per il successo.<\/li>\n<\/ul>\n\n\n\n<h2 class=\"wp-block-heading\">Prospettive dell&#039;automazione del flusso di lavoro e della consulenza sull&#039;intelligenza artificiale<\/h2>\n\n\n\n<p>Le prospettive dell\u2019automazione del flusso di lavoro e della consulenza sull\u2019intelligenza artificiale sono promettenti, con potenziali impatti che abbracciano vari settori e funzioni aziendali. Ecco uno sguardo a cosa riserva il futuro in questo campo dinamico:<\/p>\n\n\n\n<ul class=\"wp-block-list\">\n<li><strong>Adozione diffusa in tutti i settori:<\/strong> Si prevede che l\u2019uso dell\u2019automazione del flusso di lavoro e dell\u2019intelligenza artificiale diventer\u00e0 pi\u00f9 diffuso in diversi settori. Dalla sanit\u00e0 alla finanza, dalla produzione alla vendita al dettaglio, ogni settore adotter\u00e0 sempre pi\u00f9 queste tecnologie per ottimizzare le operazioni e migliorare l\u2019efficienza.<\/li>\n\n\n\n<li><strong>Integrazione con tecnologie emergenti:<\/strong> L\u2019automazione del flusso di lavoro e l\u2019intelligenza artificiale si integreranno probabilmente con altre tecnologie emergenti come blockchain, Internet of Things (IoT) e realt\u00e0 aumentata (AR).<\/li>\n\n\n\n<li><strong>Focus sulla collaborazione uomo-intelligenza artificiale:<\/strong> The future will see a stronger focus on how humans and AI systems can collaborate more effectively. <\/li>\n\n\n\n<li><strong>Personalizzazione e personalizzazione:<\/strong> AI will enable highly customized and personalized workflow solutions tailored to the specific needs of each business. <\/li>\n<\/ul>\n\n\n\n<h2 class=\"wp-block-heading\">Soluzioni SIS: automazione del flusso di lavoro e consulenza sull&#039;intelligenza artificiale<\/h2>\n\n\n\n<p>Noi di SIS siamo specializzati nella fornitura di servizi completi di automazione del flusso di lavoro e di consulenza sull&#039;intelligenza artificiale per aiutare le aziende a ottimizzare le proprie operazioni e sbloccare nuovi livelli di produttivit\u00e0 e innovazione. Le nostre soluzioni su misura combinano tecnologie AI avanzate con approfondimenti strategici per semplificare i flussi di lavoro, migliorare l&#039;efficienza e favorire la crescita. Ecco come possiamo aiutarti:<\/p>\n\n\n\n<ul class=\"wp-block-list\">\n<li><strong>Analisi strategica e definizione degli obiettivi:<\/strong> I nostri consulenti lavorano a stretto contatto con il tuo team per comprendere i tuoi obiettivi aziendali e identificare le aree in cui l&#039;automazione del flusso di lavoro e l&#039;intelligenza artificiale possono offrire il massimo valore. Aiutiamo a definire obiettivi chiari e a sviluppare una tabella di marcia per l&#039;implementazione di soluzioni basate sull&#039;intelligenza artificiale in linea con le tue priorit\u00e0 strategiche.<\/li>\n\n\n\n<li><strong>Sviluppo di soluzioni personalizzate:<\/strong> We leverage cutting-edge AI technologies to develop custom solutions tailored to your specific business needs. <\/li>\n\n\n\n<li><strong>Integrazione e implementazione:<\/strong> Il nostro team gestisce l&#039;implementazione end-to-end di flussi di lavoro basati sull&#039;intelligenza artificiale, garantendo un&#039;integrazione perfetta con i sistemi e i processi esistenti. Forniamo supporto pratico durante tutto il processo di distribuzione, dall&#039;installazione del software alla formazione e all&#039;adozione degli utenti.<\/li>\n\n\n\n<li><strong>Monitoraggio e ottimizzazione delle prestazioni:<\/strong> Monitoriamo continuamente le prestazioni dei tuoi flussi di lavoro basati sull&#039;intelligenza artificiale e li ottimizziamo per massimizzare l&#039;efficienza e l&#039;efficacia. Il nostro approccio basato sui dati ci consente di identificare le aree di miglioramento e implementare ottimizzazioni che portano a risultati misurabili.<\/li>\n\n\n\n<li><strong>Conformit\u00e0 etica e normativa:<\/strong> Diamo priorit\u00e0 alla privacy e alla sicurezza dei dati, garantendo che le nostre soluzioni di intelligenza artificiale rispettino i pi\u00f9 elevati standard di conformit\u00e0 etica e normativa. Implementiamo solide misure di sicurezza e controlli sulla privacy per proteggere i dati sensibili e mitigare i potenziali rischi.<\/li>\n\n\n\n<li><strong>Gestione del cambiamento e formazione:<\/strong> We provide comprehensive change management support to help your team transition to AI-driven workflows smoothly. <\/li>\n\n\n\n<li><strong>Innovazione continua:<\/strong> Rimaniamo all&#039;avanguardia nella tecnologia dell&#039;intelligenza artificiale e nelle migliori pratiche del settore, consentendoci di fornire soluzioni innovative che guidano il miglioramento continuo e l&#039;innovazione. Il nostro impegno a stare al passo con i tempi garantisce che la tua azienda rimanga competitiva in un panorama in rapida evoluzione.<\/li>\n<\/ul>\n\n\n\n<p>Collabora con SIS per sfruttare la potenza dell&#039;automazione del flusso di lavoro e dell&#039;intelligenza artificiale e trasformare la tua azienda in un&#039;organizzazione pi\u00f9 snella, pi\u00f9 agile e pi\u00f9 competitiva. Con la nostra guida strategica e le nostre soluzioni all&#039;avanguardia, puoi sbloccare nuove opportunit\u00e0 di crescita e innovazione nell&#039;era digitale di oggi.<\/p>","protected":false},"excerpt":{"rendered":"<p>L&#039;automazione del flusso di lavoro e la consulenza sull&#039;intelligenza artificiale combinano l&#039;efficienza dell&#039;automazione dei processi aziendali di routine con l&#039;intelligenza artificiale.<\/p>","protected":false},"author":1,"featured_media":71752,"parent":44406,"menu_order":32,"comment_status":"closed","ping_status":"closed","template":"","meta":{"footnotes":""},"class_list":["post-44802","page","type-page","status-publish","has-post-thumbnail"],"_links":{"self":[{"href":"https:\/\/www.sisinternational.com\/it\/wp-json\/wp\/v2\/pages\/44802","targetHints":{"allow":["GET"]}}],"collection":[{"href":"https:\/\/www.sisinternational.com\/it\/wp-json\/wp\/v2\/pages"}],"about":[{"href":"https:\/\/www.sisinternational.com\/it\/wp-json\/wp\/v2\/types\/page"}],"author":[{"embeddable":true,"href":"https:\/\/www.sisinternational.com\/it\/wp-json\/wp\/v2\/users\/1"}],"replies":[{"embeddable":true,"href":"https:\/\/www.sisinternational.com\/it\/wp-json\/wp\/v2\/comments?post=44802"}],"version-history":[{"count":6,"href":"https:\/\/www.sisinternational.com\/it\/wp-json\/wp\/v2\/pages\/44802\/revisions"}],"predecessor-version":[{"id":83076,"href":"https:\/\/www.sisinternational.com\/it\/wp-json\/wp\/v2\/pages\/44802\/revisions\/83076"}],"up":[{"embeddable":true,"href":"https:\/\/www.sisinternational.com\/it\/wp-json\/wp\/v2\/pages\/44406"}],"wp:featuredmedia":[{"embeddable":true,"href":"https:\/\/www.sisinternational.com\/it\/wp-json\/wp\/v2\/media\/71752"}],"wp:attachment":[{"href":"https:\/\/www.sisinternational.com\/it\/wp-json\/wp\/v2\/media?parent=44802"}],"curies":[{"name":"wp","href":"https:\/\/api.w.org\/{rel}","templated":true}]}}