{"id":44799,"date":"2024-01-07T20:14:05","date_gmt":"2024-01-08T01:14:05","guid":{"rendered":"https:\/\/www.sisinternational.com\/?page_id=44799"},"modified":"2026-02-18T12:29:39","modified_gmt":"2026-02-18T17:29:39","slug":"vai-al-mercato-della-consulenza-sullintelligenza-artificiale","status":"publish","type":"page","link":"https:\/\/www.sisinternational.com\/it\/soluzioni\/ai-ricerche-di-mercato-e-consulenza-strategica\/vai-al-mercato-della-consulenza-sullintelligenza-artificiale\/","title":{"rendered":"Consulenza sull&#039;intelligenza artificiale per il go-to-market"},"content":{"rendered":"<h1 class=\"wp-block-heading\">Consulenza sull&#039;intelligenza artificiale per il go-to-market<\/h1>\n\n\n\n<figure class=\"gb-block-image gb-block-image-12e7fe3f\"><img loading=\"lazy\" decoding=\"async\" width=\"1456\" height=\"816\" class=\"gb-image gb-image-12e7fe3f\" src=\"https:\/\/www.sisinternational.com\/wp-content\/uploads\/2025\/10\/Corporate-Governance-4.jpg\" alt=\"Ricerca e strategia di mercato internazionale SIS\" title=\"Corporate Governance (4)\" srcset=\"https:\/\/www.sisinternational.com\/wp-content\/uploads\/2025\/10\/Corporate-Governance-4.jpg 1456w, https:\/\/www.sisinternational.com\/wp-content\/uploads\/2025\/10\/Corporate-Governance-4-300x168.jpg 300w, https:\/\/www.sisinternational.com\/wp-content\/uploads\/2025\/10\/Corporate-Governance-4-1024x574.jpg 1024w, https:\/\/www.sisinternational.com\/wp-content\/uploads\/2025\/10\/Corporate-Governance-4-768x430.jpg 768w, https:\/\/www.sisinternational.com\/wp-content\/uploads\/2025\/10\/Corporate-Governance-4-18x10.jpg 18w\" sizes=\"auto, (max-width: 1456px) 100vw, 1456px\"><\/figure>\n\n\n\n<p><\/p>\n\n\n\n<p>In un\u2019era in cui le dinamiche del mercato sono in continua evoluzione, sfruttare il potenziale dell\u2019intelligenza artificiale per analizzare, prevedere e creare strategie pu\u00f2 fare la differenza tra un ingresso di successo nel mercato e un\u2019opportunit\u00e0 persa. Ecco perch\u00e9 la consulenza sull&#039;intelligenza artificiale go-to-market fornisce alle aziende gli strumenti avanzati e le informazioni necessarie per navigare in mercati complessi, garantendo che le loro strategie di ingresso non siano solo ben informate ma anche all&#039;avanguardia.<\/p>\n\n\n\n<h2 class=\"wp-block-heading\">Che cos&#039;\u00e8 la consulenza sull&#039;intelligenza artificiale go-to-market?<\/h2>\n\n\n\n<p>La consulenza sull&#039;intelligenza artificiale go-to-market offre alle aziende un vantaggio nel lancio di nuovi prodotti, nell&#039;ingresso in nuovi mercati o nel riposizionamento delle offerte esistenti. Questa forma di consulenza sfrutta vari strumenti e metodologie di intelligenza artificiale (come apprendimento automatico, analisi dei dati, modellazione predittiva ed elaborazione del linguaggio naturale) per analizzare i dati di mercato, il comportamento dei consumatori e i panorami competitivi. L\u2019obiettivo \u00e8 fornire alle aziende informazioni fruibili in grado di informare ogni aspetto della loro strategia di go-to-market<\/p>\n\n\n\n<h2 class=\"wp-block-heading\">Perch\u00e9 le aziende hanno bisogno di consulenza sull&#039;intelligenza artificiale per il go-to-market?<\/h2>\n\n\n\n<p><a title=\"Consulenza Go-To-Market FinTech\" href=\"https:\/\/www.sisinternational.com\/it\/soluzioni\/ricerca-di-consulenza-strategica-fintech\/fintech-vai-alla-consulenza-di-mercato\/\" data-wpil-monitor-id=\"5872\">Go-to-market AI consulting<\/a> helps businesses navigate the complexities of modern marketplaces effectively. By leveraging AI-driven insights, predictive analytics, and personalized strategies, businesses can execute more effective, efficient, and adaptive strategies<\/p>\n\n\n\n<h2 class=\"wp-block-heading\">Come condurre una consulenza sull&#039;intelligenza artificiale per il go-to-market<\/h2>\n\n\n\n<p>Condurre <a title=\"B2B Go-to-Market Strategy\" href=\"https:\/\/www.sisinternational.com\/it\/b2b-go-to-market-strategy\/\" data-wpil-monitor-id=\"802\">go-to-market artificial intelligence consulting<\/a> effectively involves a structured approach that leverages AI technologies and data analytics to develop comprehensive market entry strategies. This process is multi-faceted, combining in-depth market analysis, predictive modeling, and strategic planning to ensure that businesses can enter new markets or launch products with the highest chance of success.<\/p>\n\n\n\n<ul class=\"wp-block-list\">\n<li><strong>Valutazione iniziale e definizione degli obiettivi:<\/strong> The first step is to understand the business\u2019s objectives, products or services, and the market landscape. <\/li>\n\n\n\n<li><strong>Raccolta e analisi dei dati:<\/strong> Ci\u00f2 include dati di mercato, approfondimenti sul comportamento dei consumatori, analisi della concorrenza e qualsiasi tendenza rilevante del settore. Gli strumenti di intelligenza artificiale vengono utilizzati per elaborare e analizzare questi dati, scoprendo modelli e approfondimenti che potrebbero non essere visibili attraverso l\u2019analisi tradizionale.<\/li>\n\n\n\n<li><strong>Segmentazione e targeting del mercato:<\/strong> Utilizzando le informazioni ottenute dall\u2019analisi dei dati, il passo successivo \u00e8 segmentare il mercato e identificare il pubblico target. Gli algoritmi di intelligenza artificiale possono aiutare a creare profili cliente dettagliati e prevedere quali segmenti hanno maggiori probabilit\u00e0 di rispondere positivamente al prodotto o servizio.<\/li>\n\n\n\n<li><strong>Sviluppare la proposta di valore:<\/strong> Sulla base della comprensione del mercato di riferimento e delle esigenze dei clienti, viene elaborata la proposta di valore. L\u2019intelligenza artificiale pu\u00f2 aiutare a personalizzare questa proposta per entrare in risonanza con specifici segmenti di clientela, migliorandone l\u2019attrattiva e l\u2019efficacia.<\/li>\n\n\n\n<li><strong>Strategia e ottimizzazione del canale:<\/strong> L&#039;intelligenza artificiale viene utilizzata per analizzare vari canali di distribuzione per determinare i modi pi\u00f9 efficaci per raggiungere il pubblico target. Ci\u00f2 pu\u00f2 includere canali digitali, vendita al dettaglio tradizionale, vendite dirette o una combinazione di metodi diversi.<\/li>\n\n\n\n<li><strong>Strategia di prezzo:<\/strong> Gli strumenti di intelligenza artificiale possono anche aiutare a sviluppare una strategia di prezzo analizzando le tendenze del mercato, i prezzi della concorrenza e la sensibilit\u00e0 dei clienti. \u00c8 possibile creare modelli di prezzo dinamici per adeguare i prezzi in tempo reale in base alle condizioni di mercato.<\/li>\n\n\n\n<li><strong>Marketing and <a class=\"wpil_keyword_link\" title=\"Sales &amp; Strategy Solutions\" data-wpil-keyword-link=\"linked\" data-wpil-monitor-id=\"303\" href=\"https:\/\/www.sisinternational.com\/it\/soluzioni\/soluzioni-di-strategia-di-vendita\/\">Strategia di vendita<\/a> Formulation:<\/strong> Grazie alle capacit\u00e0 predittive dell&#039;intelligenza artificiale, le aziende possono sviluppare strategie di marketing e vendita mirate. Ci\u00f2 include campagne di marketing personalizzate, consigli di vendita basati sull&#039;intelligenza artificiale e strumenti automatizzati di coinvolgimento dei clienti.<\/li>\n\n\n\n<li><strong>Attuazione e monitoraggio:<\/strong> Una volta formulata la strategia, questa viene implementata attraverso i canali scelti. I sistemi di intelligenza artificiale continuano a monitorare le risposte del mercato, il comportamento dei consumatori e le prestazioni delle campagne, fornendo feedback in tempo reale.<\/li>\n\n\n\n<li><strong>Miglioramento e adattamento continui:<\/strong> Il passaggio finale consiste nell\u2019utilizzare i dati e le informazioni raccolte durante la fase di implementazione per perfezionare e adattare continuamente la strategia. Gli algoritmi di apprendimento dell&#039;intelligenza artificiale garantiscono che l&#039;approccio si evolva in risposta alle mutevoli dinamiche del mercato e alle preferenze dei consumatori.<\/li>\n<\/ul>\n\n\n\n<h2 class=\"wp-block-heading\">L&#039;impatto della consulenza sull&#039;intelligenza artificiale per il go-to-market sulle aziende<\/h2>\n\n\n\n<p>L&#039;impegno nella consulenza sull&#039;intelligenza artificiale per il go-to-market comporta una serie di aspettative e risultati in grado di trasformare l&#039;approccio di un&#039;azienda all&#039;ingresso e all&#039;espansione nel mercato. Questo tipo di consulenza offre una combinazione di analisi avanzate, pianificazione strategica e approfondimenti di mercato, il tutto guidato dalle potenti capacit\u00e0 dell&#039;intelligenza artificiale.<\/p>\n\n\n\n<ul class=\"wp-block-list\">\n<li><strong>Decisioni informate sull\u2019ingresso nel mercato:<\/strong> Una delle principali aspettative della consulenza AI go-to-market \u00e8 prendere decisioni pi\u00f9 informate e basate sui dati. Le aziende possono aspettarsi approfondimenti completi sulle dinamiche di mercato, sul comportamento dei consumatori e sui panorami competitivi, consentendo loro di prendere decisioni strategiche supportate da dati solidi.<\/li>\n\n\n\n<li><strong>Strategie di mercato personalizzate:<\/strong> La capacit\u00e0 dell&#039;intelligenza artificiale di analizzare e interpretare grandi quantit\u00e0 di dati significa che le strategie possono essere altamente personalizzate in base agli obiettivi specifici dell&#039;azienda e alle sfumature del mercato di riferimento. Ci\u00f2 porta a strategie di ingresso sul mercato pi\u00f9 efficaci e mirate.<\/li>\n\n\n\n<li><strong>Maggiore efficienza e ROI:<\/strong> AI-driven strategies often lead to increased operational efficiency and a higher return on investment. <\/li>\n\n\n\n<li><strong>Mitigazione del rischio:<\/strong> Con l\u2019analisi predittiva e l\u2019analisi dettagliata del mercato, le aziende possono anticipare e mitigare i potenziali rischi associati all\u2019ingresso nel mercato, riducendo le possibilit\u00e0 di costosi passi falsi.<\/li>\n<\/ul>\n\n\n\n<p>Apprendimento e miglioramento continui: i sistemi di intelligenza artificiale apprendono nel tempo, il che significa che le intuizioni e le strategie che forniscono diventano pi\u00f9 raffinate ed efficaci. Le aziende possono aspettarsi un miglioramento continuo nelle loro strategie di mercato man mano che vengono raccolti e analizzati pi\u00f9 dati.<\/p>\n\n\n\n<h2 class=\"wp-block-heading\">Tendenze attuali nella consulenza sull&#039;intelligenza artificiale go-to-market<\/h2>\n\n\n\n<p>Il campo della consulenza sull\u2019intelligenza artificiale go-to-market si sta evolvendo, con nuove tendenze che emergono man mano che la tecnologia avanza e le dinamiche di mercato cambiano \u2013 ed ecco alcune delle tendenze attuali in questo campo:<\/p>\n\n\n\n<ul class=\"wp-block-list\">\n<li><strong>Personalizzazione su larga scala:<\/strong> AI is enabling businesses to personalize their marketing and sales strategies at a scale previously unattainable. <\/li>\n\n\n\n<li><strong>Integrazione dell&#039;intelligenza artificiale con altre tecnologie:<\/strong> The integration of AI with other emerging technologies like the Internet of Things (IoT), blockchain, and augmented reality is gaining momentum. <\/li>\n\n\n\n<li><strong>Focus sull&#039;ottimizzazione dell&#039;esperienza del cliente:<\/strong> There is an increasing focus on using AI to optimize the customer experience. <\/li>\n\n\n\n<li><strong>Approfondimenti sul mercato in tempo reale:<\/strong> La capacit\u00e0 dell\u2019intelligenza artificiale di fornire approfondimenti in tempo reale sta diventando sempre pi\u00f9 importante. Le aziende utilizzano l\u2019intelligenza artificiale per monitorare continuamente le condizioni del mercato, i sentimenti dei consumatori e le azioni competitive, consentendo loro di prendere decisioni rapide e informate.<\/li>\n\n\n\n<li><strong>Strategie di prezzo automatizzate e dinamiche:<\/strong> AI is being used to develop more dynamic and automated pricing strategies. <\/li>\n<\/ul>\n\n\n\n<h2 class=\"wp-block-heading\">Opportunit\u00e0 di consulenza sull&#039;intelligenza artificiale go-to-market<\/h2>\n\n\n\n<p>L\u2019integrazione dell\u2019intelligenza artificiale nelle strategie di go-to-market apre diverse opportunit\u00e0 per le imprese. Queste opportunit\u00e0 non solo migliorano l\u2019efficienza e l\u2019efficacia delle strategie di ingresso sul mercato, ma stimolano anche l\u2019innovazione, il coinvolgimento dei clienti e il vantaggio competitivo.<\/p>\n\n\n\n<ul class=\"wp-block-list\">\n<li><strong>Precisione nella segmentazione del mercato target:<\/strong> L\u2019intelligenza artificiale consente una segmentazione precisa dei mercati target. Le aziende possono identificare e concentrarsi sui segmenti pi\u00f9 redditizi e ricettivi, garantendo che gli sforzi di marketing siano concentrati dove avranno il maggiore impatto.<\/li>\n\n\n\n<li><strong>Agilit\u00e0 nella risposta del mercato:<\/strong> L&#039;analisi in tempo reale dell&#039;intelligenza artificiale consente alle aziende di adattarsi rapidamente ai cambiamenti del mercato. Questa agilit\u00e0 \u00e8 fondamentale per rispondere alle azioni competitive, al cambiamento delle preferenze dei consumatori o alle interruzioni del mercato.<\/li>\n\n\n\n<li><strong>Sviluppo di prodotti innovativi:<\/strong> Le informazioni acquisite dall\u2019intelligenza artificiale possono informare lo sviluppo del prodotto, portando a prodotti pi\u00f9 innovativi e incentrati sul cliente. L\u2019intelligenza artificiale pu\u00f2 aiutare a identificare le lacune nel mercato o le tendenze emergenti che i nuovi prodotti possono colmare.<\/li>\n\n\n\n<li><strong>Riduzione del rischio nell\u2019ingresso nel mercato:<\/strong> Fornendo analisi di mercato complete e approfondimenti predittivi, l\u2019intelligenza artificiale riduce i rischi associati all\u2019ingresso nel mercato. Le aziende possono anticipare le potenziali sfide e ideare strategie per mitigarle.<\/li>\n\n\n\n<li><strong>Penetrazione del mercato globale:<\/strong> Gli strumenti di intelligenza artificiale possono analizzare le tendenze del mercato globale e i comportamenti dei consumatori, fornendo alle aziende le informazioni necessarie per entrare e competere efficacemente sui mercati internazionali.<\/li>\n<\/ul>\n\n\n\n<h2 class=\"wp-block-heading\">Le sfide della consulenza sull&#039;intelligenza artificiale per il go-to-market<\/h2>\n\n\n\n<p>Ma la consulenza sull\u2019AI per il go-to-market comporta anche le sue sfide \u2013 ed ecco alcune delle principali sfide in questo campo: Qualit\u00e0 e disponibilit\u00e0 dei dati: l\u2019efficacia dell\u2019IA dipende fortemente dalla qualit\u00e0 e dalla quantit\u00e0 dei dati disponibili. Raccogliere dati di mercato completi, accurati e pertinenti pu\u00f2 essere difficile e dati di scarsa qualit\u00e0 possono portare a informazioni fuorvianti sull\u2019intelligenza artificiale.<\/p>\n\n\n\n<ul class=\"wp-block-list\">\n<li><strong>Rischio di un\u2019eccessiva dipendenza dall\u2019intelligenza artificiale:<\/strong> Esiste il rischio di fare eccessivo affidamento sugli insight basati sull\u2019intelligenza artificiale, trascurando potenzialmente le sfumature e l\u2019imprevedibilit\u00e0 del comportamento umano e delle dinamiche di mercato.<\/li>\n\n\n\n<li><strong>Complessit\u00e0 del mercato globale:<\/strong> Quando si ha a che fare con i mercati globali, la complessit\u00e0 aumenta poich\u00e9 l\u2019intelligenza artificiale deve tenere conto dei diversi comportamenti dei consumatori, delle sfumature culturali e dei contesti normativi nelle diverse regioni.<\/li>\n\n\n\n<li><strong>Sfide di scalabilit\u00e0:<\/strong> Man mano che le aziende crescono e si espandono in nuovi mercati, adattare le soluzioni di intelligenza artificiale per soddisfare le mutevoli esigenze pu\u00f2 essere impegnativo. Garantire che i sistemi di intelligenza artificiale siano adattabili e scalabili \u00e8 fondamentale per il successo a lungo termine.<\/li>\n\n\n\n<li><strong>Bilanciare la personalizzazione con la generalizzazione:<\/strong> Sebbene la personalizzazione sia un punto di forza dell\u2019intelligenza artificiale, trovare il giusto equilibrio tra marketing personalizzato e attrattiva di mercato pi\u00f9 ampia pu\u00f2 essere difficile. L\u2019eccessiva personalizzazione pu\u00f2 portare alla perdita di segmenti di mercato pi\u00f9 ampi.<\/li>\n<\/ul>\n\n\n\n<h2 class=\"wp-block-heading\">Soluzioni SIS: consulenza sull&#039;intelligenza artificiale go-to-market<\/h2>\n\n\n\n<p>Noi di SIS siamo specializzati nella fornitura di servizi completi di consulenza sull&#039;intelligenza artificiale go-to-market che consentono alle aziende di navigare in scenari di mercato complessi con sicurezza e agilit\u00e0. Sfruttando tecnologie di intelligenza artificiale avanzate e approfondimenti basati sui dati, aiutiamo i nostri clienti a sviluppare ed eseguire strategie di ingresso sul mercato altamente efficaci che guidano la crescita, l&#039;innovazione e il vantaggio competitivo. Ecco come possiamo aiutarti:<\/p>\n\n\n\n<ul class=\"wp-block-list\">\n<li><strong>Analisi strategica e definizione degli obiettivi:<\/strong> I nostri consulenti lavorano a stretto contatto con il tuo team per comprendere i tuoi obiettivi aziendali, i mercati target e il panorama competitivo. Aiutiamo a definire obiettivi chiari per la tua strategia di go-to-market, garantendo l&#039;allineamento con i tuoi obiettivi aziendali generali.<\/li>\n\n\n\n<li><strong>Raccolta e analisi dei dati:<\/strong> Sfruttiamo strumenti di analisi dei dati basati sull&#039;intelligenza artificiale per raccogliere e analizzare grandi quantit\u00e0 di dati di mercato, approfondimenti sul comportamento dei consumatori e intelligence competitiva. Le nostre capacit\u00e0 di analisi avanzate ci consentono di scoprire informazioni utili e identificare opportunit\u00e0 di mercato chiave.<\/li>\n\n\n\n<li><strong>Segmentazione e targeting del mercato:<\/strong> Utilizzando algoritmi di intelligenza artificiale, segmentiamo il mercato e identifichiamo il pubblico target pi\u00f9 redditizio per i tuoi prodotti o servizi. Creiamo profili cliente dettagliati e sviluppiamo strategie di marketing mirate per raggiungere e coinvolgere in modo efficace il tuo pubblico target.<\/li>\n\n\n\n<li><strong>Sviluppo della proposta di valore:<\/strong> Basandoci sulla nostra profonda conoscenza del mercato target e delle esigenze dei clienti, aiutiamo a creare proposte di valore convincenti che siano in sintonia con il tuo pubblico target. Il nostro approccio basato sull&#039;intelligenza artificiale garantisce che la tua proposta di valore sia personalizzata per affrontare i punti critici e le preferenze specifici dei tuoi clienti.<\/li>\n\n\n\n<li><strong>Strategia e ottimizzazione del canale:<\/strong> We analyze various distribution channels to determine the most effective ways to reach your target audience. <\/li>\n\n\n\n<li><strong>Sviluppo della strategia di prezzo:<\/strong> I nostri strumenti di intelligenza artificiale analizzano le tendenze del mercato, i prezzi della concorrenza e le preferenze dei clienti per sviluppare una strategia di prezzo che massimizzi la redditivit\u00e0 pur rimanendo competitiva. Aiutiamo a implementare modelli di prezzo dinamici che adeguano i prezzi in tempo reale in base alle condizioni di mercato.<\/li>\n\n\n\n<li><strong>Formulazione della strategia di marketing e vendita:<\/strong> Sviluppiamo strategie di marketing e vendita personalizzate che sfruttano le informazioni basate sull&#039;intelligenza artificiale per raggiungere e coinvolgere in modo efficace il tuo pubblico. Dalle campagne di marketing personalizzate ai consigli di vendita basati sull&#039;intelligenza artificiale, aiutiamo a ottimizzare ogni fase del percorso del cliente.<\/li>\n\n\n\n<li><strong>Attuazione e monitoraggio:<\/strong> We assist in the implementation of your go-to-market strategy across chosen channels, continuously monitoring market responses, consumer behavior, and campaign performance. <\/li>\n\n\n\n<li><strong>Miglioramento e adattamento continui:<\/strong> Utilizziamo i dati e le informazioni raccolte durante l&#039;implementazione per perfezionare e adattare continuamente la tua strategia di go-to-market. I nostri algoritmi di intelligenza artificiale apprendono nel tempo, garantendo che il tuo approccio si evolva in risposta alle mutevoli dinamiche del mercato e alle preferenze dei consumatori.<\/li>\n<\/ul>\n\n\n\n<p>Il nostro esperto team di consulenti, combinato con le nostre tecnologie AI leader del settore, garantisce che la tua strategia di go-to-market non sia solo ben informata ma anche all&#039;avanguardia. Con le nostre soluzioni su misura e la nostra guida strategica, puoi affrontare con sicurezza le complessit\u00e0 dei mercati moderni e promuovere il successo della tua azienda.<\/p>","protected":false},"excerpt":{"rendered":"<p>La consulenza sull&#039;intelligenza artificiale go-to-market offre alle aziende un vantaggio nel lancio di nuovi prodotti, nell&#039;ingresso in nuovi mercati o nel riposizionamento delle offerte esistenti.<\/p>","protected":false},"author":1,"featured_media":71934,"parent":44406,"menu_order":31,"comment_status":"closed","ping_status":"closed","template":"","meta":{"footnotes":""},"class_list":["post-44799","page","type-page","status-publish","has-post-thumbnail"],"_links":{"self":[{"href":"https:\/\/www.sisinternational.com\/it\/wp-json\/wp\/v2\/pages\/44799","targetHints":{"allow":["GET"]}}],"collection":[{"href":"https:\/\/www.sisinternational.com\/it\/wp-json\/wp\/v2\/pages"}],"about":[{"href":"https:\/\/www.sisinternational.com\/it\/wp-json\/wp\/v2\/types\/page"}],"author":[{"embeddable":true,"href":"https:\/\/www.sisinternational.com\/it\/wp-json\/wp\/v2\/users\/1"}],"replies":[{"embeddable":true,"href":"https:\/\/www.sisinternational.com\/it\/wp-json\/wp\/v2\/comments?post=44799"}],"version-history":[{"count":6,"href":"https:\/\/www.sisinternational.com\/it\/wp-json\/wp\/v2\/pages\/44799\/revisions"}],"predecessor-version":[{"id":82986,"href":"https:\/\/www.sisinternational.com\/it\/wp-json\/wp\/v2\/pages\/44799\/revisions\/82986"}],"up":[{"embeddable":true,"href":"https:\/\/www.sisinternational.com\/it\/wp-json\/wp\/v2\/pages\/44406"}],"wp:featuredmedia":[{"embeddable":true,"href":"https:\/\/www.sisinternational.com\/it\/wp-json\/wp\/v2\/media\/71934"}],"wp:attachment":[{"href":"https:\/\/www.sisinternational.com\/it\/wp-json\/wp\/v2\/media?parent=44799"}],"curies":[{"name":"wp","href":"https:\/\/api.w.org\/{rel}","templated":true}]}}