{"id":44756,"date":"2024-01-07T11:01:31","date_gmt":"2024-01-07T16:01:31","guid":{"rendered":"https:\/\/www.sisinternational.com\/?page_id=44756"},"modified":"2026-02-18T12:51:35","modified_gmt":"2026-02-18T17:51:35","slug":"automazione-dei-servizi-di-beni-di-consumo-e-consulenza","status":"publish","type":"page","link":"https:\/\/www.sisinternational.com\/it\/soluzioni\/ai-ricerche-di-mercato-e-consulenza-strategica\/automazione-dei-servizi-di-beni-di-consumo-e-consulenza\/","title":{"rendered":"Automazione di beni e servizi di consumo e consulenza sull&#039;intelligenza artificiale"},"content":{"rendered":"<h1 class=\"wp-block-heading\">Automazione di beni e servizi di consumo e consulenza sull&#039;intelligenza artificiale<\/h1>\n\n\n\n<figure class=\"gb-block-image gb-block-image-ce386768\"><img loading=\"lazy\" decoding=\"async\" width=\"1456\" height=\"816\" class=\"gb-image gb-image-ce386768\" src=\"https:\/\/www.sisinternational.com\/wp-content\/uploads\/2025\/08\/Consumer-electronics-4.jpg\" alt=\"Ricerca e strategia di mercato internazionale SIS\" title=\"Consumer electronics (4)\" srcset=\"https:\/\/www.sisinternational.com\/wp-content\/uploads\/2025\/08\/Consumer-electronics-4.jpg 1456w, https:\/\/www.sisinternational.com\/wp-content\/uploads\/2025\/08\/Consumer-electronics-4-300x168.jpg 300w, https:\/\/www.sisinternational.com\/wp-content\/uploads\/2025\/08\/Consumer-electronics-4-1024x574.jpg 1024w, https:\/\/www.sisinternational.com\/wp-content\/uploads\/2025\/08\/Consumer-electronics-4-768x430.jpg 768w, https:\/\/www.sisinternational.com\/wp-content\/uploads\/2025\/08\/Consumer-electronics-4-18x10.jpg 18w\" sizes=\"auto, (max-width: 1456px) 100vw, 1456px\"><\/figure>\n\n\n\n<p><\/p>\n\n\n\n<p>L\u2019automazione dei beni e dei servizi di consumo e la consulenza sull\u2019intelligenza artificiale sono alcune delle chiavi per prosperare nell\u2019era digitale. Si tratta di reinventare il modo in cui i beni e i servizi di consumo vengono sviluppati, forniti e sperimentati in un&#039;era in cui l&#039;intelligenza artificiale e l&#039;automazione offrono opportunit\u00e0 senza precedenti per innovare, migliorare l&#039;efficienza e creare esperienze di consumo profondamente personalizzate.<\/p>\n\n\n\n<h2 class=\"wp-block-heading\">Che cos&#039;\u00e8 la consulenza sull&#039;intelligenza artificiale nell&#039;automazione dei beni di consumo e dei servizi?<\/h2>\n\n\n\n<p>Questa consulenza prevede un&#039;analisi completa dei processi, delle sfide e degli obiettivi di un&#039;azienda nel settore dei beni e dei servizi di consumo. La consulenza sull&#039;automazione dei beni e servizi di consumo e l&#039;intelligenza artificiale valuta vari aspetti del business, dalla gestione della produzione e della catena di fornitura al marketing e al coinvolgimento dei clienti, identificando opportunit\u00e0 in cui l&#039;intelligenza artificiale e l&#039;automazione possono apportare miglioramenti sostanziali.<\/p>\n\n\n\n<p>Unlike generic technology solutions, artificial intelligence consulting in <a title=\"Consumer Packaging Strategy Solutions\" href=\"https:\/\/www.sisinternational.com\/it\/soluzioni\/consulenza-strategica\/intelligenza-del-confezionamento\/\" data-wpil-monitor-id=\"6781\">consumer goods and services automation<\/a> focuses on creating bespoke solutions that address the unique challenges and objectives of each business. This could range from deploying machine learning <a title=\"Consumer Choice Modeling\" href=\"https:\/\/www.sisinternational.com\/it\/soluzioni\/soluzioni-di-ricerca-quantitativa-qualitativa\/enhancing-product-appeal-through-consumer-choice-modeling\/\" data-wpil-monitor-id=\"1202\">models to forecast consumer<\/a> buying patterns to implementing AI-driven inventory management systems or even integrating chatbots and virtual assistants to enhance customer service.<\/p>\n\n\n\n<h2 class=\"wp-block-heading\">Perch\u00e9 \u00e8 importante?<\/h2>\n\n\n\n<p>L&#039;automazione di beni e servizi di consumo e la consulenza sull&#039;intelligenza artificiale aiutano le organizzazioni globali a personalizzare esperienze, prodotti e servizi in base alle preferenze individuali. Sta rivoluzionando il modo in cui le aziende interagiscono con i propri clienti. La consulenza sull\u2019intelligenza artificiale e sull\u2019automazione spinge inoltre le aziende a esplorare nuove frontiere, che si tratti dello sviluppo del prodotto, delle strategie di marketing o delle metodologie di servizio al cliente. Questa costante spinta all\u2019innovazione garantisce che le aziende rimangano rilevanti e in vantaggio rispetto alla concorrenza.<\/p>\n\n\n\n<h2 class=\"wp-block-heading\">In che modo la consulenza sull&#039;automazione dei beni e servizi di consumo e l&#039;intelligenza artificiale differiscono dalla ricerca di mercato tradizionale?<\/h2>\n\n\n\n<p>L&#039;automazione di beni e servizi di consumo e la consulenza sull&#039;intelligenza artificiale sfruttano le tecnologie di intelligenza artificiale avanzate per ottenere insight pi\u00f9 profondi e dinamici. I modelli di intelligenza artificiale e apprendimento automatico possono analizzare grandi quantit\u00e0 di dati, comprese le interazioni dei consumatori in tempo reale, le tendenze dei social media e i dati transazionali. Ci\u00f2 consente alle aziende di acquisire una comprensione pi\u00f9 articolata del comportamento, delle preferenze e delle tendenze emergenti dei consumatori.<\/p>\n\n\n\n<p>Inoltre, l\u2019automazione dei beni e dei servizi di consumo e la consulenza sull\u2019intelligenza artificiale offrono un livello di personalizzazione e integrazione che la ricerca di mercato tradizionale non pu\u00f2 eguagliare. Le soluzioni di intelligenza artificiale possono essere adattate alle esigenze specifiche di un\u2019azienda, considerando posizioni di mercato uniche, offerte di prodotti e dati demografici dei consumatori. Questa personalizzazione garantisce che le intuizioni e le strategie sviluppate siano direttamente applicabili e abbiano un impatto significativo per l&#039;azienda.<\/p>\n\n\n\n<p>La consulenza AI si differenzia anche per la sua capacit\u00e0 di integrare gli insight direttamente nei processi operativi. Gli algoritmi di intelligenza artificiale possono automatizzare e ottimizzare vari aspetti delle operazioni aziendali, dalla gestione della catena di fornitura al marketing personalizzato e al servizio clienti.<\/p>\n\n\n\n<h2 class=\"wp-block-heading\">Cosa aspettarsi dalla consulenza sull&#039;automazione di beni e servizi di consumo e sull&#039;intelligenza artificiale<\/h2>\n\n\n\n<p>Impegnarsi nell\u2019automazione di beni e servizi di consumo e nella consulenza sull\u2019intelligenza artificiale promette una serie di vantaggi che le aziende possono anticipare mentre intraprendono questo viaggio di trasformazione.<\/p>\n\n\n\n<ul class=\"wp-block-list\">\n<li><strong>Efficienza migliorata:<\/strong> L&#039;automazione dei beni di consumo e dei servizi e la consulenza sull&#039;intelligenza artificiale semplificano le operazioni nel settore dei beni e dei servizi di consumo. Le aziende possono aspettarsi una maggiore efficienza nei processi che vanno dalla gestione dell&#039;inventario al servizio clienti, con conseguente riduzione dei costi e tempi di consegna pi\u00f9 rapidi.<\/li>\n\n\n\n<li><strong>Personalizzazione:<\/strong> La capacit\u00e0 di personalizzare prodotti, servizi e iniziative di marketing \u00e8 un segno distintivo della consulenza sull&#039;intelligenza artificiale. Le aziende possono aspettarsi di fornire esperienze su misura ai propri clienti, con conseguente maggiore soddisfazione e fedelt\u00e0.<\/li>\n\n\n\n<li><strong>Analisi predittiva:<\/strong> L&#039;automazione di beni e servizi di consumo e la consulenza sull&#039;intelligenza artificiale consentono capacit\u00e0 predittive che vanno oltre l&#039;analisi tradizionale. Le aziende possono aspettarsi di anticipare le preferenze dei consumatori, i cambiamenti del mercato e le interruzioni della catena di fornitura, consentendo strategie proattive.<\/li>\n\n\n\n<li><strong>Maggiore qualit\u00e0 e sicurezza del prodotto:<\/strong> L\u2019automazione dei beni e dei servizi di consumo e la consulenza sull\u2019intelligenza artificiale contribuiscono a migliorare la qualit\u00e0 dei prodotti e gli standard di sicurezza. Le aziende possono aspettarsi di fornire prodotti che soddisfano standard di qualit\u00e0 pi\u00f9 elevati, riducendo i richiami e i problemi di sicurezza.<\/li>\n<\/ul>\n\n\n\n<h2 class=\"wp-block-heading\">Tendenze attuali nell&#039;automazione dei beni e servizi di consumo e nella consulenza sull&#039;intelligenza artificiale<\/h2>\n\n\n\n<p>Staying abreast of current trends is crucial in the ever-evolving landscape of consumer goods and services automation and artificial intelligence consulting. These trends shape the <a title=\"Influencer multipli negli acquisti dei consumatori\" href=\"https:\/\/www.sisinternational.com\/it\/piu-collegi-elettorali-influenzatori-indiretti-negli-acquisti-dei-consumatori\/\" data-wpil-monitor-id=\"2289\">strategies<\/a> and technologies that businesses adopt to remain competitive and meet consumer expectations.<\/p>\n\n\n\n<ul class=\"wp-block-list\">\n<li><strong>Iperpersonalizzazione:<\/strong> Le richieste dei consumatori per esperienze personalizzate continuano ad aumentare. L&#039;automazione di beni e servizi di consumo e la consulenza sull&#039;intelligenza artificiale consentono alle aziende di personalizzare al massimo i consigli sui prodotti, i contenuti di marketing e le interazioni con i clienti.<\/li>\n\n\n\n<li><strong>Commercio vocale:<\/strong> I dispositivi ad attivazione vocale e gli assistenti virtuali stanno cambiando il modo in cui i consumatori fanno acquisti. Il commercio vocale basato sull\u2019intelligenza artificiale \u00e8 in aumento e consente ai clienti di effettuare acquisti e accedere alle informazioni tramite comandi vocali.<\/li>\n\n\n\n<li><strong>Realt\u00e0 Aumentata (AR) e Realt\u00e0 Virtuale (VR):<\/strong> Le tecnologie AR e VR stanno migliorando le esperienze dei consumatori. Le aziende stanno sfruttando l&#039;intelligenza artificiale e la realt\u00e0 virtuale per campagne di marketing, presentazioni di prodotti e coinvolgimento dei clienti pi\u00f9 coinvolgenti e interattivi.<\/li>\n\n\n\n<li><strong>IA conversazionale:<\/strong> Chatbot e assistenti virtuali basati sull&#039;intelligenza artificiale stanno diventando standard nel servizio clienti. Le aziende dovrebbero anticipare ulteriori progressi nell\u2019intelligenza artificiale conversazionale per fornire supporto immediato e personalizzato ai clienti.<\/li>\n\n\n\n<li><strong>Ottimizzazione dell&#039;e-commerce:<\/strong> Gli strumenti basati sull\u2019intelligenza artificiale per l\u2019e-commerce, come la determinazione dei prezzi dinamici, i consigli sui prodotti e il rilevamento delle frodi, stanno diventando sempre pi\u00f9 sofisticati. Le aziende dovrebbero aspettarsi che l\u2019intelligenza artificiale migliori l\u2019esperienza e la sicurezza dello shopping online.<\/li>\n<\/ul>\n\n\n\n<h2 class=\"wp-block-heading\">Tecnologie e strumenti moderni sfruttati nell&#039;automazione di beni e servizi di consumo e nella consulenza sull&#039;intelligenza artificiale<\/h2>\n\n\n\n<p>L&#039;automazione di beni e servizi di consumo e la consulenza sull&#039;intelligenza artificiale sfruttano una variet\u00e0 di tecnologie e strumenti innovativi per promuovere l&#039;innovazione e l&#039;efficienza in tutto il settore. Comprendere queste tecnologie \u00e8 fondamentale per apprezzare come l\u2019intelligenza artificiale trasforma le operazioni aziendali e le esperienze dei consumatori in questo settore.<\/p>\n\n\n\n<ul class=\"wp-block-list\">\n<li><strong>Elaborazione del linguaggio naturale (PNL):<\/strong> La PNL consente alle macchine di comprendere, interpretare e generare il linguaggio umano. In questo settore, la PNL viene utilizzata per chatbot, analisi del sentiment delle recensioni dei clienti e generazione di contenuti, come le descrizioni dei prodotti.<\/li>\n\n\n\n<li><strong>Visione computerizzata:<\/strong> La visione artificiale consente alle macchine di interpretare e analizzare dati visivi come immagini e video. Viene utilizzato per attivit\u00e0 come il riconoscimento delle immagini, il controllo di qualit\u00e0 nella produzione e la ricerca visiva nell&#039;e-commerce.<\/li>\n\n\n\n<li><strong>Internet delle cose (IoT):<\/strong> I dispositivi IoT raccolgono e scambiano dati in tempo reale. In questo settore, l&#039;IoT viene utilizzato per monitorare le condizioni dei prodotti (ad esempio, beni sensibili alla temperatura), tenere traccia dell&#039;inventario e raccogliere dati sul comportamento dei consumatori attraverso dispositivi connessi.<\/li>\n\n\n\n<li><strong>Cloud computing:<\/strong> Le piattaforme cloud forniscono un&#039;infrastruttura scalabile ed economicamente vantaggiosa per le iniziative di intelligenza artificiale e automazione. Consentono alle aziende di accedere alle risorse informatiche e allo spazio di archiviazione secondo necessit\u00e0, semplificando l&#039;implementazione di soluzioni IA.<\/li>\n\n\n\n<li><strong>Blockchain:<\/strong> La tecnologia Blockchain viene utilizzata per migliorare la trasparenza e la tracciabilit\u00e0 nella catena di approvvigionamento. Aiuta a verificare l&#039;autenticit\u00e0 dei prodotti e a garantirne l&#039;origine e la qualit\u00e0.<\/li>\n<\/ul>\n\n\n\n<h2 class=\"wp-block-heading\">Opportunit\u00e0 e sfide nell&#039;automazione dei beni e servizi di consumo e nella consulenza sull&#039;intelligenza artificiale<\/h2>\n\n\n\n<p>L\u2019automazione dei beni di consumo e dei servizi e la consulenza sull\u2019intelligenza artificiale presentano uno spettro di opportunit\u00e0 e sfide per le aziende che operano in questo settore dinamico. Analizziamo queste opportunit\u00e0 e sfide:<\/p>\n\n\n\n<h3 class=\"wp-block-heading\">Opportunit\u00e0<\/h3>\n\n\n\n<ul class=\"wp-block-list\">\n<li><strong>Ottimizzazione della catena di fornitura:<\/strong> L\u2019intelligenza artificiale aiuta a prevedere la domanda, gestire l\u2019inventario e ottimizzare la logistica. Ci\u00f2 si traduce in una migliore gestione della catena di fornitura e nella capacit\u00e0 di soddisfare le richieste dei consumatori in modo pi\u00f9 efficace.<\/li>\n\n\n\n<li><strong>Innovazione:<\/strong> L\u2019intelligenza artificiale promuove l\u2019innovazione nello sviluppo dei prodotti e nelle strategie di marketing. Le aziende possono esplorare nuove strade per la crescita e la differenziazione.<\/li>\n\n\n\n<li><strong>Riduzione dei costi:<\/strong> Attraverso l\u2019automazione, le aziende possono ridurre i costi della manodopera, minimizzare gli errori e ottimizzare l\u2019utilizzo delle risorse. Ci\u00f2 porta ad un notevole risparmio di costi nel tempo.<\/li>\n<\/ul>\n\n\n\n<h3 class=\"wp-block-heading\">Sfide<\/h3>\n\n\n\n<ul class=\"wp-block-list\">\n<li><strong>Privacy e sicurezza dei dati:<\/strong> Gestire i dati dei clienti e garantirne la privacy e la sicurezza sono fondamentali. Le violazioni dei dati possono portare a conseguenze legali e reputazionali.<\/li>\n\n\n\n<li><strong>Considerazioni etiche:<\/strong> \u00c8 necessario affrontare le preoccupazioni etiche, come i pregiudizi negli algoritmi di intelligenza artificiale. Garantire pratiche di IA eque e responsabili \u00e8 una sfida continua.<\/li>\n\n\n\n<li><strong>Scalabilit\u00e0:<\/strong> Man mano che le aziende crescono, i loro sistemi di intelligenza artificiale e automazione devono adattarsi di conseguenza. Garantire la scalabilit\u00e0 pu\u00f2 essere una sfida, soprattutto per le aziende in rapida espansione.<\/li>\n<\/ul>\n\n\n\n<h2 class=\"wp-block-heading\">Soluzioni SIS: automazione di beni e servizi di consumo e consulenza sull&#039;intelligenza artificiale<\/h2>\n\n\n\n<p>Forniamo approfondimenti strategici per sfruttare l&#039;intelligenza artificiale e l&#039;automazione per innovare, aumentare l&#039;efficienza e creare esperienze di consumo personalizzate nel settore dei beni e dei servizi di consumo. La nostra ricerca approfondisce la produzione, la catena di fornitura, il marketing e il coinvolgimento dei clienti, offrendo soluzioni su misura.<\/p>\n\n\n\n<ol class=\"wp-block-list\">\n<li>Semplificazione delle operazioni<\/li>\n\n\n\n<li>Interazioni personalizzate con i consumatori<\/li>\n\n\n\n<li>Analisi predittiva per i modelli di acquisto<\/li>\n\n\n\n<li>Gestione dell&#039;inventario basata sull&#039;intelligenza artificiale<\/li>\n\n\n\n<li>Migliorare il servizio clienti con i chatbot<\/li>\n\n\n\n<li>Cambiamenti del mercato e previsioni sulle preferenze dei consumatori<\/li>\n\n\n\n<li>Miglioramenti della qualit\u00e0 e della sicurezza<\/li>\n<\/ol>\n\n\n\n<h2 class=\"wp-block-heading\">A proposito di SIS Internazionale<\/h2>\n\n\n\n<p>SIS International offre ricerca quantitativa, qualitativa e strategica. Forniamo dati, strumenti, strategie, report e approfondimenti per il processo decisionale. Conduciamo interviste, sondaggi, focus group e molti altri metodi e approcci di ricerca di mercato. Contattaci per il tuo prossimo progetto di ricerca di mercato.<\/p>","protected":false},"excerpt":{"rendered":"<p>L&#039;automazione di beni e servizi di consumo e la consulenza sull&#039;intelligenza artificiale aiutano a personalizzare le esperienze dei clienti.<\/p>","protected":false},"author":1,"featured_media":64247,"parent":44406,"menu_order":23,"comment_status":"closed","ping_status":"closed","template":"","meta":{"footnotes":""},"class_list":["post-44756","page","type-page","status-publish","has-post-thumbnail"],"_links":{"self":[{"href":"https:\/\/www.sisinternational.com\/it\/wp-json\/wp\/v2\/pages\/44756","targetHints":{"allow":["GET"]}}],"collection":[{"href":"https:\/\/www.sisinternational.com\/it\/wp-json\/wp\/v2\/pages"}],"about":[{"href":"https:\/\/www.sisinternational.com\/it\/wp-json\/wp\/v2\/types\/page"}],"author":[{"embeddable":true,"href":"https:\/\/www.sisinternational.com\/it\/wp-json\/wp\/v2\/users\/1"}],"replies":[{"embeddable":true,"href":"https:\/\/www.sisinternational.com\/it\/wp-json\/wp\/v2\/comments?post=44756"}],"version-history":[{"count":6,"href":"https:\/\/www.sisinternational.com\/it\/wp-json\/wp\/v2\/pages\/44756\/revisions"}],"predecessor-version":[{"id":83003,"href":"https:\/\/www.sisinternational.com\/it\/wp-json\/wp\/v2\/pages\/44756\/revisions\/83003"}],"up":[{"embeddable":true,"href":"https:\/\/www.sisinternational.com\/it\/wp-json\/wp\/v2\/pages\/44406"}],"wp:featuredmedia":[{"embeddable":true,"href":"https:\/\/www.sisinternational.com\/it\/wp-json\/wp\/v2\/media\/64247"}],"wp:attachment":[{"href":"https:\/\/www.sisinternational.com\/it\/wp-json\/wp\/v2\/media?parent=44756"}],"curies":[{"name":"wp","href":"https:\/\/api.w.org\/{rel}","templated":true}]}}