{"id":44751,"date":"2024-01-07T10:44:03","date_gmt":"2024-01-07T15:44:03","guid":{"rendered":"https:\/\/www.sisinternational.com\/?page_id=44751"},"modified":"2026-01-25T17:51:00","modified_gmt":"2026-01-25T22:51:00","slug":"consulenza-sullintelligenza-artificiale-per-lautomazione-dellindustria-dei-media","status":"publish","type":"page","link":"https:\/\/www.sisinternational.com\/it\/soluzioni\/ai-ricerche-di-mercato-e-consulenza-strategica\/consulenza-sullintelligenza-artificiale-per-lautomazione-dellindustria-dei-media\/","title":{"rendered":"Consulenza sull&#039;automazione e l&#039;intelligenza artificiale delle industrie dei media"},"content":{"rendered":"<h1 class=\"wp-block-heading\">Consulenza sull&#039;automazione e l&#039;intelligenza artificiale delle industrie dei media<\/h1>\n\n\n\n<figure class=\"gb-block-image gb-block-image-f413a740\"><img loading=\"lazy\" decoding=\"async\" width=\"1456\" height=\"816\" class=\"gb-image gb-image-f413a740\" src=\"https:\/\/www.sisinternational.com\/wp-content\/uploads\/2025\/10\/Media-Industries-Automation-2.jpg\" alt=\"Ricerca e strategia di mercato internazionale SIS\" title=\"Media Industries Automation (2)\" srcset=\"https:\/\/www.sisinternational.com\/wp-content\/uploads\/2025\/10\/Media-Industries-Automation-2.jpg 1456w, https:\/\/www.sisinternational.com\/wp-content\/uploads\/2025\/10\/Media-Industries-Automation-2-300x168.jpg 300w, https:\/\/www.sisinternational.com\/wp-content\/uploads\/2025\/10\/Media-Industries-Automation-2-1024x574.jpg 1024w, https:\/\/www.sisinternational.com\/wp-content\/uploads\/2025\/10\/Media-Industries-Automation-2-768x430.jpg 768w, https:\/\/www.sisinternational.com\/wp-content\/uploads\/2025\/10\/Media-Industries-Automation-2-18x10.jpg 18w\" sizes=\"auto, (max-width: 1456px) 100vw, 1456px\"><\/figure>\n\n\n\n<p>&nbsp;<\/p>\n\n\n\n<hr class=\"wp-block-separator has-alpha-channel-opacity\"\/>\n\n\n\n<p>Are you ready to embrace the future of entertainment? In an era where technology reshapes every aspect of our lives, integrating AI in the entertainment, TV, streaming, movies, and media industries is a transformative wave redefining the realm of digital amusement and content creation.<\/p>\n\n\n\n<h2 class=\"wp-block-heading\">Comprendere il ruolo chiave dell&#039;automazione dei settori dell&#039;intrattenimento, della TV, dello streaming, dei film e dei media e della consulenza sull&#039;intelligenza artificiale<\/h2>\n\n\n\n<p>Entertainment, <a class=\"wpil_keyword_link\" href=\"https:\/\/www.sisinternational.com\/it\/competenza\/industrie\/ricerche-di-mercato-sui-film-per-la-televisione\/\"   title=\"TV, film e ricerche di mercato cinematografiche\" data-wpil-keyword-link=\"linked\"  data-wpil-monitor-id=\"640\">TV<\/a>, streaming, movies, and media industries automation and artificial intelligence consulting is a field that combines the expertise of media and entertainment industry knowledge with the cutting-edge possibilities of AI technology.<\/p>\n\n\n\n<p>A critical aspect of this consulting service is its emphasis on customization. Unlike one-size-fits-all AI applications, entertainment, TV, streaming, movies, and media industries, <a href=\"https:\/\/www.sisinternational.com\/it\/soluzioni\/ai-ricerche-di-mercato-e-consulenza-strategica\/consulenza-sullintelligenza-artificiale-per-lautomazione-del-settore-tecnologico\/\" title=\"Consulenza sull&#039;automazione del settore tecnologico e sull&#039;intelligenza artificiale\"  data-wpil-monitor-id=\"4424\">automation and artificial intelligence consulting<\/a> takes into consideration the unique facets of a business \u2013 its target audience, existing operational processes, and long-term objectives.<\/p>\n\n\n\n<h2 class=\"wp-block-heading\">Perch\u00e9 le aziende globali nei settori dell&#039;intrattenimento, della TV, dello streaming, del cinema e dei media necessitano di consulenza sull&#039;intelligenza artificiale?<\/h2>\n\n\n\n<figure class=\"gb-block-image gb-block-image-3248a38d\"><img loading=\"lazy\" decoding=\"async\" width=\"1456\" height=\"816\" class=\"gb-image gb-image-3248a38d\" src=\"https:\/\/www.sisinternational.com\/wp-content\/uploads\/2025\/10\/Media-Industries-Automation-4.jpg\" alt=\"Ricerca e strategia di mercato internazionale SIS\" title=\"Media Industries Automation (4)\" srcset=\"https:\/\/www.sisinternational.com\/wp-content\/uploads\/2025\/10\/Media-Industries-Automation-4.jpg 1456w, https:\/\/www.sisinternational.com\/wp-content\/uploads\/2025\/10\/Media-Industries-Automation-4-300x168.jpg 300w, https:\/\/www.sisinternational.com\/wp-content\/uploads\/2025\/10\/Media-Industries-Automation-4-1024x574.jpg 1024w, https:\/\/www.sisinternational.com\/wp-content\/uploads\/2025\/10\/Media-Industries-Automation-4-768x430.jpg 768w, https:\/\/www.sisinternational.com\/wp-content\/uploads\/2025\/10\/Media-Industries-Automation-4-18x10.jpg 18w\" sizes=\"auto, (max-width: 1456px) 100vw, 1456px\"><\/figure>\n\n\n\n<p><\/p>\n\n\n\n<p>Uno dei motivi principali per cui le aziende necessitano di consulenza sull\u2019intelligenza artificiale \u00e8 la crescente domanda di contenuti personalizzati. In un\u2019epoca in cui gli spettatori sono inondati di scelte, la capacit\u00e0 dell\u2019intelligenza artificiale di analizzare grandi quantit\u00e0 di dati e prevedere le preferenze dei consumatori ha un valore inestimabile. Consente alle aziende di curare contenuti che risuonano con i singoli spettatori, migliorando il coinvolgimento e la fidelizzazione degli utenti.<\/p>\n\n\n\n<p>Inoltre, con il crescente volume di contenuti prodotti quotidianamente, l\u2019intelligenza artificiale pu\u00f2 aiutare ad automatizzare attivit\u00e0 come la modifica, la sottotitolazione e la classificazione dei contenuti. Questa automazione non solo accelera il processo di produzione, ma garantisce anche coerenza e qualit\u00e0, fondamentali per mantenere standard elevati.<\/p>\n\n\n\n<h2 class=\"wp-block-heading\">In che modo la consulenza per l&#039;automazione e l&#039;intelligenza artificiale nei settori dell&#039;intrattenimento, della TV, dello streaming, del cinema e dei media differisce dalle ricerche di mercato tradizionali<\/h2>\n\n\n\n<p>In entertainment, TV, streaming, movies, and media <a href=\"https:\/\/www.sisinternational.com\/it\/soluzioni\/ai-ricerche-di-mercato-e-consulenza-strategica\/consulenza-sullintelligenza-artificiale-per-lautomazione-dellindustria-elettronica\/\" title=\"Consulenza sull&#039;automazione dell&#039;industria elettronica e sull&#039;intelligenza artificiale\"  data-wpil-monitor-id=\"1143\">industries automation and artificial intelligence consulting<\/a> represent a significant evolution from traditional market research methods. It offers a more dynamic and comprehensive approach. AI algorithms can process vast quantities of data in real-time, providing up-to-the-minute insights into consumer behaviors and preferences. This capability allows businesses to respond quickly to emerging trends and changes in viewer habits.<\/p>\n\n\n\n<p>La consulenza sull\u2019intelligenza artificiale va oltre la semplice analisi dei dati; implica la modellazione predittiva e la previsione delle tendenze, offrendo uno sguardo sui futuri sviluppi del mercato. Questa prospettiva lungimirante ha un valore inestimabile nei settori in cui stare al passo con i tempi \u00e8 fondamentale per il successo. La ricerca di mercato tradizionale, sebbene utile per comprendere le attuali condizioni di mercato, in genere non offre capacit\u00e0 predittive.<\/p>\n\n\n\n<h2 class=\"wp-block-heading\">Fattori chiave di successo nell&#039;automazione dei settori dell&#039;intrattenimento, della TV, dello streaming, dei film e dei media e nella consulenza sull&#039;intelligenza artificiale<\/h2>\n\n\n\n<figure class=\"gb-block-image gb-block-image-b0087f01\"><img loading=\"lazy\" decoding=\"async\" width=\"1456\" height=\"816\" class=\"gb-image gb-image-b0087f01\" src=\"https:\/\/www.sisinternational.com\/wp-content\/uploads\/2025\/10\/Media-Industries-Automation-3.jpg\" alt=\"Ricerca e strategia di mercato internazionale SIS\" title=\"Media Industries Automation (3)\" srcset=\"https:\/\/www.sisinternational.com\/wp-content\/uploads\/2025\/10\/Media-Industries-Automation-3.jpg 1456w, https:\/\/www.sisinternational.com\/wp-content\/uploads\/2025\/10\/Media-Industries-Automation-3-300x168.jpg 300w, https:\/\/www.sisinternational.com\/wp-content\/uploads\/2025\/10\/Media-Industries-Automation-3-1024x574.jpg 1024w, https:\/\/www.sisinternational.com\/wp-content\/uploads\/2025\/10\/Media-Industries-Automation-3-768x430.jpg 768w, https:\/\/www.sisinternational.com\/wp-content\/uploads\/2025\/10\/Media-Industries-Automation-3-18x10.jpg 18w\" sizes=\"auto, (max-width: 1456px) 100vw, 1456px\"><\/figure>\n\n\n\n<p><\/p>\n\n\n\n<p>Success in entertainment, TV, streaming, movies, and media <a href=\"https:\/\/www.sisinternational.com\/it\/soluzioni\/ai-ricerche-di-mercato-e-consulenza-strategica\/consulenza-ai-per-lautomazione-dellindustria-via-cavo-e-satellite\/\" title=\"Automazione del settore via cavo e satellitare e consulenza sull&#039;intelligenza artificiale\"  data-wpil-monitor-id=\"3884\">industries automation and artificial intelligence consulting<\/a> lies on several factors, including the following:<\/p>\n\n\n\n<ul class=\"wp-block-list\">\n<li><strong>Conoscenza approfondita del settore:<\/strong> Il successo inizia con una profonda comprensione del settore dell\u2019intrattenimento, comprese le sue sfide uniche, le preferenze del pubblico e le dinamiche del mercato. I consulenti devono essere esperti delle tendenze del settore, delle preferenze sui contenuti e del panorama competitivo per offrire soluzioni AI preziose e pertinenti.<\/li>\n\n\n\n<li><strong>Competenza nelle tecnologie IA:<\/strong> La competenza nelle pi\u00f9 recenti tecnologie e strumenti di intelligenza artificiale non \u00e8 negoziabile. Ci\u00f2 include la conoscenza dell&#039;apprendimento automatico, dell&#039;elaborazione del linguaggio naturale, dell&#039;analisi predittiva e di altre metodologie di intelligenza artificiale pertinenti all&#039;industria dell&#039;intrattenimento.<\/li>\n<\/ul>\n\n\n\n<h2 class=\"wp-block-heading\">Cosa aspettarsi dalla consulenza sull&#039;automazione e sull&#039;intelligenza artificiale nei settori dell&#039;intrattenimento, della TV, dello streaming, dei film e dei media<\/h2>\n\n\n\n<p>Questa consulenza apporta alcuni vantaggi chiave e comprenderli pu\u00f2 aiutare le aziende a stabilire obiettivi realistici e a misurare in modo efficace il successo delle proprie iniziative di intelligenza artificiale.<\/p>\n\n\n\n<ul class=\"wp-block-list\">\n<li><strong>Personalizzazione e coinvolgimento degli utenti migliorati:<\/strong> Uno dei risultati pi\u00f9 significativi \u00e8 la capacit\u00e0 di offrire contenuti altamente personalizzati agli spettatori. L\u2019intelligenza artificiale pu\u00f2 analizzare le preferenze e i comportamenti degli spettatori, consentendo alle aziende di consigliare contenuti in linea con i gusti individuali. Questo livello di personalizzazione aumenta il coinvolgimento e la soddisfazione degli utenti, portando a tassi di fidelizzazione pi\u00f9 elevati.<\/li>\n\n\n\n<li><strong>Creazione e gestione dei contenuti migliorate:<\/strong> La consulenza sull&#039;intelligenza artificiale pu\u00f2 rivoluzionare la creazione di contenuti, dall&#039;assistenza alla scrittura di script ai processi di editing automatizzati. Aiuta inoltre nella gestione efficiente dei contenuti come la classificazione e la categorizzazione, semplificando il flusso di lavoro e riducendo lo sforzo manuale.<\/li>\n\n\n\n<li><strong>Efficienza operativa e riduzione dei costi:<\/strong> AI can automate routine tasks, optimize workflows, and improve operational efficiencies. This saves time and reduces operational costs, contributing to a healthier bottom line.<\/li>\n<\/ul>\n\n\n\n<h2 class=\"wp-block-heading\">Tecnologie e strumenti per l&#039;automazione dei settori dell&#039;intrattenimento, TV, streaming, film e media e consulenza sull&#039;intelligenza artificiale<\/h2>\n\n\n\n<figure class=\"gb-block-image gb-block-image-437c5ff9\"><img loading=\"lazy\" decoding=\"async\" width=\"1456\" height=\"816\" class=\"gb-image gb-image-437c5ff9\" src=\"https:\/\/www.sisinternational.com\/wp-content\/uploads\/2025\/10\/Media-Industries-Automation-1.jpg\" alt=\"Ricerca e strategia di mercato internazionale SIS\" title=\"Media Industries Automation (1)\" srcset=\"https:\/\/www.sisinternational.com\/wp-content\/uploads\/2025\/10\/Media-Industries-Automation-1.jpg 1456w, https:\/\/www.sisinternational.com\/wp-content\/uploads\/2025\/10\/Media-Industries-Automation-1-300x168.jpg 300w, https:\/\/www.sisinternational.com\/wp-content\/uploads\/2025\/10\/Media-Industries-Automation-1-1024x574.jpg 1024w, https:\/\/www.sisinternational.com\/wp-content\/uploads\/2025\/10\/Media-Industries-Automation-1-768x430.jpg 768w, https:\/\/www.sisinternational.com\/wp-content\/uploads\/2025\/10\/Media-Industries-Automation-1-18x10.jpg 18w\" sizes=\"auto, (max-width: 1456px) 100vw, 1456px\"><\/figure>\n\n\n\n<p><\/p>\n\n\n\n<p>L\u2019integrazione dell\u2019intelligenza artificiale nei settori dell\u2019intrattenimento, della TV, dello streaming, dei film e dei media \u00e8 alimentata da una suite di tecnologie e strumenti avanzati. Queste tecnologie sono al centro della trasformazione, guidando l\u2019innovazione e l\u2019efficienza in vari aspetti del settore. Ecco una panoramica delle principali tecnologie e strumenti comunemente utilizzati in questo settore:<\/p>\n\n\n\n<ul class=\"wp-block-list\">\n<li><strong>Elaborazione del linguaggio naturale (PNL):<\/strong> NLP allows machines to understand and interpret human language, making it essential for content analysis, sentiment analysis, and customer service applications. In streaming and media, NLP can analyze viewer reviews and feedback, offering valuable insights into audience preferences.<\/li>\n\n\n\n<li><strong>Visione computerizzata:<\/strong> Questa tecnologia \u00e8 fondamentale per l\u2019analisi dei contenuti visivi, che sono fondamentali per l\u2019industria dell\u2019intrattenimento. Pu\u00f2 essere utilizzato per vari scopi, tra cui la categorizzazione dei contenuti, il controllo della qualit\u00e0 e persino il miglioramento degli effetti speciali in film e programmi TV.<\/li>\n\n\n\n<li><strong>Analisi predittiva:<\/strong> L&#039;analisi predittiva utilizza i dati storici per prevedere eventi futuri. Nel settore dell\u2019intrattenimento, ci\u00f2 pu\u00f2 significare prevedere le preferenze degli spettatori, le tendenze del mercato o il potenziale successo di un particolare contenuto.<\/li>\n\n\n\n<li><strong>Motori di raccomandazione:<\/strong> Si tratta di algoritmi AI progettati per suggerire contenuti agli utenti in base alla cronologia di visualizzazione e alle preferenze. Sono un punto fermo nei servizi di streaming, poich\u00e9 aiutano a personalizzare l&#039;esperienza visiva e a mantenere il pubblico coinvolto.<\/li>\n\n\n\n<li><strong>Analisi dei dati e piattaforme Big Data:<\/strong> Queste tecnologie sono essenziali per gestire le grandi quantit\u00e0 di dati generati nel settore dell\u2019intrattenimento. Le piattaforme di big data consentono l&#039;archiviazione, l&#039;elaborazione e l&#039;analisi di set di dati di grandi dimensioni, fornendo insight completi che guidano il processo decisionale.<\/li>\n<\/ul>\n\n\n\n<h2 class=\"wp-block-heading\">Opportunit\u00e0 e sfide nei settori dell&#039;intrattenimento, della TV, dello streaming, del cinema e dei media Consulenza sull&#039;automazione e sull&#039;intelligenza artificiale<\/h2>\n\n\n\n<p>L\u2019integrazione dell\u2019intelligenza artificiale nei settori dell\u2019intrattenimento, della TV, dello streaming, dei film e dei media offre molte opportunit\u00e0, insieme a una serie unica di sfide.<\/p>\n\n\n\n<h3 class=\"wp-block-heading\">Opportunit\u00e0<\/h3>\n\n\n\n<ul class=\"wp-block-list\">\n<li><strong>Creazione e distribuzione di contenuti innovativi:<\/strong> AI opens doors to new and creative ways of creating and distributing content. From AI-assisted scriptwriting to automated editing, the opportunities for innovation are vast, enabling the creation of more engaging and diverse content.<\/li>\n\n\n\n<li><strong>Personalizzazione migliorata del visualizzatore:<\/strong> AI&#8217;s ability to analyze viewer data and preferences allows for highly personalized content recommendations, improving user engagement and loyalty.<\/li>\n\n\n\n<li><strong>Nuovi flussi di entrate e modelli di business:<\/strong> L\u2019intelligenza artificiale consente l\u2019esplorazione di nuovi modelli di reddito come prezzi dinamici e pubblicit\u00e0 mirata. Offre inoltre opportunit\u00e0 per nuove esperienze di intrattenimento, come contenuti multimediali interattivi e personalizzati.<br>Sfide<\/li>\n\n\n\n<li><strong>Lacune di competenze e bisogni formativi:<\/strong> Spesso c\u2019\u00e8 una lacuna di competenze nella comprensione e nell\u2019utilizzo efficace delle tecnologie di intelligenza artificiale. La formazione e lo sviluppo continui del personale sono essenziali per sfruttare appieno il potenziale dell\u2019IA.<\/li>\n\n\n\n<li><strong>Bilanciare l&#039;automazione con gli input creativi:<\/strong> Nelle industrie creative, trovare il giusto equilibrio tra automazione e creativit\u00e0 umana \u00e8 fondamentale. Garantire che l\u2019intelligenza artificiale migliori anzich\u00e9 sostituire i processi creativi \u00e8 una considerazione chiave.<\/li>\n\n\n\n<li><strong>Implicazioni etiche e sociali:<\/strong> L\u2019uso dell\u2019intelligenza artificiale nei media pu\u00f2 sollevare questioni etiche, come i pregiudizi negli algoritmi e l\u2019impatto dell\u2019automazione sull\u2019occupazione.<\/li>\n<\/ul>\n\n\n\n<h3 class=\"wp-block-heading\">Sfide<\/h3>\n\n\n\n<ul class=\"wp-block-list\">\n<li><b>Lacune di competenze e bisogni formativi:<\/b> There is often a skill gap in understanding and utilizing AI technologies effectively. Continuous training and staff development are essential to leverage AI&#8217;s full potential.<\/li>\n\n\n\n<li><b>Bilanciare l&#039;automazione con gli input creativi: <\/b>Finding the right balance between automation and human creativity is crucial in creative industries., ensuring that AI enhances rather than replaces creative processes is a key consideration.<\/li>\n\n\n\n<li><b>Implicazioni etiche e sociali: <\/b>L\u2019uso dell\u2019intelligenza artificiale nei media pu\u00f2 sollevare questioni etiche, come i pregiudizi negli algoritmi e l\u2019impatto dell\u2019automazione sull\u2019occupazione.<\/li>\n<\/ul>\n\n\n\n<h2 class=\"wp-block-heading\">Soluzioni SIS: consulenza per l&#039;automazione e l&#039;intelligenza artificiale delle industrie dei media<\/h2>\n\n\n\n<p>We provide benefits, including enhanced personalization and user engagement, improved content creation and management, and operational efficiency and cost reduction. <a href=\"https:\/\/www.linkedin.com\/company\/sisinternationalresearch\/\" target=\"_blank\" rel=\"noopener\">Our researchers<\/a> conduct strategic analyses, turning information into actionable insights for the entertainment, TV, streaming, movies, and media industries. Specific solutions include:<\/p>\n\n\n\n<ol class=\"wp-block-list\">\n<li>Strategie personalizzate basate sull&#039;intelligenza artificiale per la raccomandazione dei contenuti<\/li>\n\n\n\n<li>Modelli di machine learning per l&#039;analisi del pubblico<\/li>\n\n\n\n<li>Integrazione dell&#039;intelligenza artificiale nella produzione e post-produzione<\/li>\n\n\n\n<li>Cura dei contenuti personalizzati<\/li>\n\n\n\n<li>Modifica automatizzata, sottotitoli e classificazione dei contenuti<\/li>\n\n\n\n<li>Modellazione predittiva e previsione dei trend<\/li>\n\n\n\n<li>Analisi completa dei dati per il processo decisionale<\/li>\n<\/ol>\n\n\n\n<p>Il nostro rapporto con specialisti del settore e il nostro focus strategico consentono a SIS di fornire approfondimenti sulle sfide e opportunit\u00e0 uniche del settore dei media.<\/p>\n\n\n\n<h2 class=\"wp-block-heading\">La nostra sede a New York<\/h2>\n\n\n\n<p>  <iframe loading=\"lazy\" src=\"https:\/\/www.google.com\/maps\/embed?pb=!1m18!1m12!1m3!1d3022.976188376966!2d-73.99130312499956!3d40.740549471389315!2m3!1f0!2f0!3f0!3m2!1i1024!2i768!4f13.1!3m3!1m2!1s0x89c259a15798c731%3A0xd695d09bdd495f25!2s11%20E%2022nd%20St%20FL%202%2C%20New%20York%2C%20NY%2010010%2C%20USA!5e0!3m2!1sen!2spe!4v1726171763526!5m2!1sen!2spe\" width=\"600\" height=\"450\" allowfullscreen=\"allowfullscreen\" data-mce-fragment=\"1\"><\/iframe>  <\/p>\n\n\n\n<h3 class=\"wp-block-heading\">11 E 22nd Street, piano 2, New York, NY 10010 T: +1(212) 505-6805<\/h3>\n\n\n\n<hr class=\"wp-block-separator has-alpha-channel-opacity\"\/>\n\n\n\n<h2 class=\"wp-block-heading\"><span style=\"font-weight: 400;\">A proposito di SIS Internazionale<\/span><\/h2>\n\n\n\n<p><a href=\"https:\/\/www.sisinternational.com\/it\/\"><span style=\"font-weight: 400;\">SIS Internazionale<\/span><\/a><span style=\"font-weight: 400;\"> offre ricerca quantitativa, qualitativa e strategica. Forniamo dati, strumenti, strategie, report e approfondimenti per il processo decisionale. Conduciamo anche interviste, sondaggi, focus group e altri metodi e approcci di ricerca di mercato.<\/span><a href=\"https:\/\/www.sisinternational.com\/it\/sulla-sua-ricerca-internazionale\/contact-sis-international-market-research\/\"><span style=\"font-weight: 400;\"> Contattaci<\/span><\/a><span style=\"font-weight: 400;\"> per il tuo prossimo progetto di ricerca di mercato.<\/span><\/p>\n\n\n\n<hr class=\"wp-block-separator has-alpha-channel-opacity\"\/>","protected":false},"excerpt":{"rendered":"<p>L&#039;automazione dei media e la consulenza sull&#039;intelligenza artificiale combinano l&#039;esperienza nel settore dei media con la tecnologia dell&#039;intelligenza artificiale per sviluppare strategie per le societ\u00e0 di intrattenimento.<\/p>","protected":false},"author":1,"featured_media":71596,"parent":44406,"menu_order":22,"comment_status":"closed","ping_status":"closed","template":"","meta":{"footnotes":""},"class_list":["post-44751","page","type-page","status-publish","has-post-thumbnail"],"_links":{"self":[{"href":"https:\/\/www.sisinternational.com\/it\/wp-json\/wp\/v2\/pages\/44751","targetHints":{"allow":["GET"]}}],"collection":[{"href":"https:\/\/www.sisinternational.com\/it\/wp-json\/wp\/v2\/pages"}],"about":[{"href":"https:\/\/www.sisinternational.com\/it\/wp-json\/wp\/v2\/types\/page"}],"author":[{"embeddable":true,"href":"https:\/\/www.sisinternational.com\/it\/wp-json\/wp\/v2\/users\/1"}],"replies":[{"embeddable":true,"href":"https:\/\/www.sisinternational.com\/it\/wp-json\/wp\/v2\/comments?post=44751"}],"version-history":[{"count":10,"href":"https:\/\/www.sisinternational.com\/it\/wp-json\/wp\/v2\/pages\/44751\/revisions"}],"predecessor-version":[{"id":78472,"href":"https:\/\/www.sisinternational.com\/it\/wp-json\/wp\/v2\/pages\/44751\/revisions\/78472"}],"up":[{"embeddable":true,"href":"https:\/\/www.sisinternational.com\/it\/wp-json\/wp\/v2\/pages\/44406"}],"wp:featuredmedia":[{"embeddable":true,"href":"https:\/\/www.sisinternational.com\/it\/wp-json\/wp\/v2\/media\/71596"}],"wp:attachment":[{"href":"https:\/\/www.sisinternational.com\/it\/wp-json\/wp\/v2\/media?parent=44751"}],"curies":[{"name":"wp","href":"https:\/\/api.w.org\/{rel}","templated":true}]}}