{"id":44713,"date":"2024-01-06T16:59:14","date_gmt":"2024-01-06T21:59:14","guid":{"rendered":"https:\/\/www.sisinternational.com\/?page_id=44713"},"modified":"2026-01-27T16:36:36","modified_gmt":"2026-01-27T21:36:36","slug":"consulenza-gestionale-automazione-consulenza","status":"publish","type":"page","link":"https:\/\/www.sisinternational.com\/it\/soluzioni\/ai-ricerche-di-mercato-e-consulenza-strategica\/consulenza-gestionale-automazione-consulenza\/","title":{"rendered":"Consulenza gestionale Consulenza sull&#039;automazione e sull&#039;intelligenza artificiale"},"content":{"rendered":"<h1 class=\"wp-block-heading\">Consulenza Gestionale Consulenza in Automazione e Intelligenza Artificiale <\/h1>\n\n\n\n<figure class=\"gb-block-image gb-block-image-34f7682d\"><img loading=\"lazy\" decoding=\"async\" width=\"1456\" height=\"816\" class=\"gb-image gb-image-34f7682d\" src=\"https:\/\/www.sisinternational.com\/wp-content\/uploads\/2025\/10\/Management-Consulting-Automation-3.jpg\" alt=\"Ricerca e strategia di mercato internazionale SIS\" title=\"Management Consulting Automation (3)\" srcset=\"https:\/\/www.sisinternational.com\/wp-content\/uploads\/2025\/10\/Management-Consulting-Automation-3.jpg 1456w, https:\/\/www.sisinternational.com\/wp-content\/uploads\/2025\/10\/Management-Consulting-Automation-3-300x168.jpg 300w, https:\/\/www.sisinternational.com\/wp-content\/uploads\/2025\/10\/Management-Consulting-Automation-3-1024x574.jpg 1024w, https:\/\/www.sisinternational.com\/wp-content\/uploads\/2025\/10\/Management-Consulting-Automation-3-768x430.jpg 768w, https:\/\/www.sisinternational.com\/wp-content\/uploads\/2025\/10\/Management-Consulting-Automation-3-18x10.jpg 18w\" sizes=\"auto, (max-width: 1456px) 100vw, 1456px\"><\/figure>\n\n\n\n<p><\/p>\n\n\n\n<hr class=\"wp-block-separator has-alpha-channel-opacity\"\/>\n\n\n\n<p>L\u2019emergere dell\u2019automazione della consulenza gestionale e della consulenza sull\u2019intelligenza artificiale \u00e8 un cambiamento che va oltre i paradigmi di consulenza tradizionali; ora integra una tecnologia all\u2019avanguardia per ridefinire le strategie, ottimizzare le operazioni e migliorare i processi decisionali.<\/p>\n\n\n\n<h2 class=\"wp-block-heading\">Consulenza Gestionale Consulenza in Automazione e Intelligenza Artificiale<\/h2>\n\n\n\n<p>Integrating artificial intelligence into management consulting automation brings many benefits that transform how businesses approach their strategic and operational challenges. It offers more accurate and detailed insights, enabling companies to make well-informed decisions.<\/p>\n\n\n\n<p><a href=\"https:\/\/www.sisinternational.com\/it\/soluzioni\/ai-ricerche-di-mercato-e-consulenza-strategica\/consulenza-sullintelligenza-artificiale-per-lautomazione-della-gestione-del-cambiamento\/\" title=\"Automazione della gestione del cambiamento e consulenza sull&#039;intelligenza artificiale\"  data-wpil-monitor-id=\"3558\">Management consulting automation<\/a> and AI consulting also enhance various processes, from data gathering to analysis, significantly reducing the time and effort required. This efficiency allows businesses to respond more quickly to market changes and internal needs.<\/p>\n\n\n\n<h2 class=\"wp-block-heading\">Fattori chiave di successo nella consulenza gestionale Consulenza sull&#039;automazione e sull&#039;intelligenza artificiale<\/h2>\n\n\n\n<p>Per <a href=\"https:\/\/www.sisinternational.com\/it\/optimized-management-system-for-a-leading-us-immigration-law-firm\/\" title=\"Optimized Management System for a Leading US Immigration law firm\"  data-wpil-monitor-id=\"3661\">management consulting automation and AI<\/a> consulting to deliver optimal outcomes, several key success factors need to be recognized and strategically implemented. Here\u2019s an overview of these critical success factors:<\/p>\n\n\n\n<ul class=\"wp-block-list\">\n<li><strong>Competenza in AI e tecnologie correlate:<\/strong> Avere un team con una profonda esperienza in intelligenza artificiale, apprendimento automatico, analisi dei dati e tecnologie correlate \u00e8 essenziale. Questa competenza consente lo sviluppo di soluzioni IA pi\u00f9 sofisticate ed efficaci.<\/li>\n\n\n\n<li><strong>Adozione degli utenti e gestione delle modifiche:<\/strong> Integrating AI and <a href=\"https:\/\/www.sisinternational.com\/it\/soluzioni\/ai-ricerche-di-mercato-e-consulenza-strategica\/consulenza-sullautomazione-della-logistica-delle-spedizioni-e-sulla-consulenza\/\" title=\"Automazione delle spedizioni e della logistica e consulenza sull&#039;intelligenza artificiale\"  data-wpil-monitor-id=\"4392\">automation into management consulting<\/a> practices successfully requires effective change management strategies to ensure user adoption and minimize resistance.<\/li>\n\n\n\n<li><strong>Collaborazione e Comunicazione:<\/strong> Una collaborazione e una comunicazione efficaci tra esperti di intelligenza artificiale, consulenti e stakeholder aziendali sono essenziali per allineare gli obiettivi e garantire il successo dell\u2019implementazione delle soluzioni di intelligenza artificiale.<\/li>\n\n\n\n<li><strong>Scalabilit\u00e0 e sostenibilit\u00e0:<\/strong> Le soluzioni di intelligenza artificiale dovrebbero essere scalabili per soddisfare la crescita del business e sostenibili per garantire che continuino a fornire valore nel tempo.<\/li>\n\n\n\n<li><strong>Bilanciare gli insight dell\u2019intelligenza artificiale con il giudizio umano:<\/strong> Sebbene l\u2019intelligenza artificiale fornisca informazioni e analisi preziose, bilanciarle con il giudizio e le competenze umane \u00e8 fondamentale per prendere decisioni a tutto tondo.<\/li>\n<\/ul>\n\n\n\n<h2 class=\"wp-block-heading\">Risultati anticipati: cosa aspettarsi dalla consulenza gestionale Consulenza sull&#039;automazione e sull&#039;intelligenza artificiale<\/h2>\n\n\n\n<figure class=\"gb-block-image gb-block-image-d7158c9d\"><img loading=\"lazy\" decoding=\"async\" width=\"1456\" height=\"816\" class=\"gb-image gb-image-d7158c9d\" src=\"https:\/\/www.sisinternational.com\/wp-content\/uploads\/2025\/10\/Management-Consulting-Automation-1.jpg\" alt=\"Ricerca e strategia di mercato internazionale SIS\" title=\"Management Consulting Automation (1)\" srcset=\"https:\/\/www.sisinternational.com\/wp-content\/uploads\/2025\/10\/Management-Consulting-Automation-1.jpg 1456w, https:\/\/www.sisinternational.com\/wp-content\/uploads\/2025\/10\/Management-Consulting-Automation-1-300x168.jpg 300w, https:\/\/www.sisinternational.com\/wp-content\/uploads\/2025\/10\/Management-Consulting-Automation-1-1024x574.jpg 1024w, https:\/\/www.sisinternational.com\/wp-content\/uploads\/2025\/10\/Management-Consulting-Automation-1-768x430.jpg 768w, https:\/\/www.sisinternational.com\/wp-content\/uploads\/2025\/10\/Management-Consulting-Automation-1-18x10.jpg 18w\" sizes=\"auto, (max-width: 1456px) 100vw, 1456px\"><\/figure>\n\n\n\n<p><\/p>\n\n\n\n<p>Engaging in management consulting automation and AI consulting brings a range of transformative outcomes for businesses. These outcomes are critical in redefining how organizations approach their strategic planning, operational efficiency, and decision-making processes. Here\u2019s what companies can expect:<\/p>\n\n\n\n<ul class=\"wp-block-list\">\n<li><strong>Approfondimenti strategici innovativi:<\/strong> <a href=\"https:\/\/www.linkedin.com\/company\/sisinternationalresearch\/\" target=\"_blank\" rel=\"noopener\">AI-driven consulting<\/a> provides deeper and more innovative insights into market trends, operational efficiencies, and business opportunities. This leads to more informed and strategic decision-making.<\/li>\n\n\n\n<li><strong>Processo decisionale basato sui dati:<\/strong> Integrating AI in management consulting ensures that business decisions are strongly grounded in data and analytics, reducing guesswork and enhancing the precision of strategic choices.<\/li>\n\n\n\n<li><strong>Analisi predittiva per la pianificazione futuristica:<\/strong> Gli strumenti di automazione della consulenza gestionale e di consulenza sull&#039;intelligenza artificiale offrono funzionalit\u00e0 di analisi predittiva, consentendo alle aziende di anticipare i cambiamenti del mercato, i comportamenti dei consumatori e i potenziali rischi. Questa lungimiranza \u00e8 preziosa per una pianificazione aziendale proattiva e orientata al futuro.<\/li>\n\n\n\n<li><strong>Riduzione dei costi e miglioramento del ROI:<\/strong> Semplificando le operazioni e fornendo approfondimenti strategici pi\u00f9 accurati, l&#039;automazione della consulenza gestionale e la consulenza sull&#039;intelligenza artificiale possono portare a notevoli risparmi sui costi e a un migliore ritorno sull&#039;investimento.<\/li>\n\n\n\n<li><strong>Vantaggio competitivo:<\/strong> Businesses utilizing AI and <a href=\"https:\/\/www.sisinternational.com\/it\/soluzioni\/ai-ricerche-di-mercato-e-consulenza-strategica\/automazione-delle-risorse-naturali-minerarie-consulenza-sullintelligenza-artificiale\/\" title=\"Automazione mineraria e delle risorse naturali e consulenza sull&#039;intelligenza artificiale\" data-wpil-monitor-id=\"5509\">automation in their management consulting<\/a> practices are likely to gain a competitive edge, as they can operate more efficiently, make more informed decisions, and adapt more quickly to market changes.<\/li>\n<\/ul>\n\n\n\n<h2 class=\"wp-block-heading\">Tendenze attuali nella consulenza gestionale Consulenza sull&#039;automazione e sull&#039;intelligenza artificiale<\/h2>\n\n\n\n<figure class=\"gb-block-image gb-block-image-74d69b85\"><img loading=\"lazy\" decoding=\"async\" width=\"1456\" height=\"816\" class=\"gb-image gb-image-74d69b85\" src=\"https:\/\/www.sisinternational.com\/wp-content\/uploads\/2025\/10\/Management-Consulting-Automation-2.jpg\" alt=\"Ricerca e strategia di mercato internazionale SIS\" title=\"Management Consulting Automation (2)\" srcset=\"https:\/\/www.sisinternational.com\/wp-content\/uploads\/2025\/10\/Management-Consulting-Automation-2.jpg 1456w, https:\/\/www.sisinternational.com\/wp-content\/uploads\/2025\/10\/Management-Consulting-Automation-2-300x168.jpg 300w, https:\/\/www.sisinternational.com\/wp-content\/uploads\/2025\/10\/Management-Consulting-Automation-2-1024x574.jpg 1024w, https:\/\/www.sisinternational.com\/wp-content\/uploads\/2025\/10\/Management-Consulting-Automation-2-768x430.jpg 768w, https:\/\/www.sisinternational.com\/wp-content\/uploads\/2025\/10\/Management-Consulting-Automation-2-18x10.jpg 18w\" sizes=\"auto, (max-width: 1456px) 100vw, 1456px\"><\/figure>\n\n\n\n<p><\/p>\n\n\n\n<p>Il campo dell\u2019automazione della consulenza gestionale e della consulenza sull\u2019intelligenza artificiale \u00e8 in continua evoluzione e restare al passo con queste tendenze \u00e8 fondamentale affinch\u00e9 le aziende e i consulenti rimangano competitivi ed efficaci. Ecco alcune delle tendenze attuali in questo settore dinamico:<\/p>\n\n\n\n<ul class=\"wp-block-list\">\n<li><strong>Automazione delle attivit\u00e0 di routine:<\/strong> There is a continued emphasis on automating routine and time-consuming tasks within the consulting process. This <a href=\"https:\/\/www.sisinternational.com\/it\/sistemi-di-automazione-dei-processi-negli-stati-uniti\/\" title=\"Consulenza sulla strategia di automazione\" data-wpil-monitor-id=\"7464\">automation frees up consultants<\/a> to focus on more complex and strategic aspects of their roles.<\/li>\n\n\n\n<li><strong>Soluzioni AI personalizzate per esigenze aziendali specifiche:<\/strong> Le soluzioni di intelligenza artificiale su misura che soddisfano specifiche sfide aziendali ed esigenze specifiche del settore stanno diventando sempre pi\u00f9 diffuse. Queste soluzioni personalizzate offrono maggiore pertinenza ed efficacia nell&#039;affrontare problemi aziendali specifici.<\/li>\n\n\n\n<li><strong>Integrazione dell&#039;intelligenza artificiale con IoT e Blockchain:<\/strong> L\u2019integrazione dell\u2019intelligenza artificiale con altre tecnologie emergenti come l\u2019IoT (Internet of Things) e la blockchain sta guadagnando terreno. Questa convergenza sta aprendo nuove strade per l\u2019innovazione nella consulenza gestionale.<\/li>\n\n\n\n<li><strong>Enfasi sull&#039;esperienza dell&#039;utente e sul Design Thinking:<\/strong> L\u2019integrazione dell\u2019esperienza utente e del design thinking nelle soluzioni di intelligenza artificiale nella consulenza gestionale sta diventando sempre pi\u00f9 comune. Questo approccio garantisce che gli strumenti di intelligenza artificiale siano facili da usare e soddisfino efficacemente le esigenze dei clienti.<\/li>\n\n\n\n<li><strong>Gestione del rischio basata sull\u2019intelligenza artificiale:<\/strong> Sfruttare l\u2019intelligenza artificiale per la valutazione e la gestione del rischio \u00e8 una tendenza chiave. I sistemi di intelligenza artificiale possono identificare e analizzare potenziali rischi, fornendo alle aziende informazioni approfondite per mitigarli in modo proattivo.<\/li>\n<\/ul>\n\n\n\n<h2 class=\"wp-block-heading\">Opportunit\u00e0 nella consulenza direzionale sull&#039;automazione<\/h2>\n\n\n\n<p>The integration of artificial intelligence into management consulting automation opens up a range of opportunities for businesses and consulting firms alike. The evolving landscape of business needs and the rapid advancement of AI technology drives these opportunities. Here\u2019s a look at some of the key opportunities in this field:<\/p>\n\n\n\n<ul class=\"wp-block-list\">\n<li><strong>Ottimizzazione migliorata dei processi aziendali:<\/strong> Management consulting automation and AI consulting provide significant opportunities for optimizing business processes.\u00a0<\/li>\n\n\n\n<li><strong>Opportunit\u00e0 di mercato in espansione:<\/strong> The global reach of <a href=\"https:\/\/www.sisinternational.com\/it\/soluzioni\/ai-ricerche-di-mercato-e-consulenza-strategica\/societa-di-consulenza-globale-per-lautomazione-dellintelligenza-artificiale\/\" title=\"Societ\u00e0 globale di consulenza in materia di intelligenza artificiale e automazione\" data-wpil-monitor-id=\"2416\">AI technology allows consulting<\/a> firms to expand their services into new markets, including emerging economies where there is a growing demand for advanced business consulting services.<\/li>\n\n\n\n<li><strong>Offerte di servizi innovativi:<\/strong> L&#039;automazione della consulenza gestionale e la consulenza sull&#039;intelligenza artificiale consentono alle societ\u00e0 di consulenza di sviluppare offerte di servizi nuovi e innovativi, come analisi aziendali in tempo reale, ricerche di mercato basate sull&#039;intelligenza artificiale e monitoraggio automatizzato della conformit\u00e0.<\/li>\n\n\n\n<li><strong>Miglioramento delle relazioni e del coinvolgimento dei clienti:<\/strong> L&#039;automazione della consulenza gestionale e la consulenza sull&#039;intelligenza artificiale possono migliorare le relazioni con i clienti fornendo approfondimenti pi\u00f9 accurati e tempestivi, portando a una maggiore soddisfazione e coinvolgimento del cliente.<\/li>\n\n\n\n<li><strong>Innovazione del modello di business basato sull\u2019intelligenza artificiale:<\/strong> Esiste l\u2019opportunit\u00e0 di utilizzare l\u2019intelligenza artificiale per promuovere l\u2019innovazione nei modelli di business. L\u2019intelligenza artificiale pu\u00f2 aiutare le aziende a identificare nuovi flussi di entrate, ottimizzare le strategie di prezzo e sviluppare modelli operativi pi\u00f9 efficienti.<\/li>\n<\/ul>\n\n\n\n<h2 class=\"wp-block-heading\">Soluzioni SIS: consulenza gestionale Consulenza sull&#039;automazione e sull&#039;intelligenza artificiale<\/h2>\n\n\n\n<p>Forniamo risultati trasformativi per le aziende attraverso l&#039;integrazione dell&#039;intelligenza artificiale nella consulenza gestionale, migliorando le capacit\u00e0 strategiche e operative. I nostri ricercatori conducono analisi strategiche per trasformare le informazioni in informazioni fruibili, aiutando i clienti a considerare l&#039;automazione della consulenza gestionale e l&#039;intelligenza artificiale con una visione completa del mercato. La nostra attenzione va oltre i dati per offrire soluzioni su misura.<\/p>\n\n\n\n<ul class=\"wp-block-list\">\n<li>Competenza in AI e tecnologie correlate<\/li>\n\n\n\n<li>Adozione degli utenti e gestione del cambiamento<\/li>\n\n\n\n<li>Collaborazione e comunicazione<\/li>\n\n\n\n<li>Scalabilit\u00e0 e sostenibilit\u00e0<\/li>\n\n\n\n<li>Bilanciare gli insight dell&#039;intelligenza artificiale con il giudizio umano<\/li>\n\n\n\n<li>Intuizioni strategiche innovative<\/li>\n\n\n\n<li>Vantaggio competitivo<\/li>\n<\/ul>\n\n\n\n<p>Il nostro rapporto decennale con specialisti del settore consente a SIS di offrire approfondimenti sull&#039;automazione e l&#039;intelligenza artificiale della consulenza gestionale. Il team strategico SIS rimane in prima linea negli sviluppi, collaborando strettamente con i nostri uffici globali.<\/p>\n\n\n\n<h2 class=\"wp-block-heading\">La nostra sede a New York<\/h2>\n\n\n\n<p>  <iframe loading=\"lazy\" src=\"https:\/\/www.google.com\/maps\/embed?pb=!1m18!1m12!1m3!1d3022.976188376966!2d-73.99130312499956!3d40.740549471389315!2m3!1f0!2f0!3f0!3m2!1i1024!2i768!4f13.1!3m3!1m2!1s0x89c259a15798c731%3A0xd695d09bdd495f25!2s11%20E%2022nd%20St%20FL%202%2C%20New%20York%2C%20NY%2010010%2C%20USA!5e0!3m2!1sen!2spe!4v1726171763526!5m2!1sen!2spe\" width=\"600\" height=\"450\" allowfullscreen=\"allowfullscreen\" data-mce-fragment=\"1\"><\/iframe>  <\/p>\n\n\n\n<h3 class=\"wp-block-heading\">11 E 22nd Street, piano 2, New York, NY 10010 T: +1(212) 505-6805<\/h3>\n\n\n\n<hr class=\"wp-block-separator has-alpha-channel-opacity\"\/>\n\n\n\n<h2 class=\"wp-block-heading\"><span style=\"font-weight: 400;\">A proposito di SIS Internazionale<\/span><\/h2>\n\n\n\n<p><a href=\"https:\/\/www.sisinternational.com\/it\/\"><span style=\"font-weight: 400;\">SIS Internazionale<\/span><\/a><span style=\"font-weight: 400;\"> offre ricerca quantitativa, qualitativa e strategica. Forniamo dati, strumenti, strategie, report e approfondimenti per il processo decisionale. Conduciamo anche interviste, sondaggi, focus group e altri metodi e approcci di ricerca di mercato.<\/span><a href=\"https:\/\/www.sisinternational.com\/it\/sulla-sua-ricerca-internazionale\/contact-sis-international-market-research\/\"><span style=\"font-weight: 400;\"> Contattaci<\/span><\/a><span style=\"font-weight: 400;\"> per il tuo prossimo progetto di ricerca di mercato.<\/span><\/p>\n\n\n\n<hr class=\"wp-block-separator has-alpha-channel-opacity\"\/>\n\n\n\n<h2 class=\"wp-block-heading\">&nbsp;<\/h2>\n\n\n\n<p><\/p>\n\n\n\n<p><\/p>","protected":false},"excerpt":{"rendered":"<p>Consulenza gestionale La consulenza sull&#039;automazione e sull&#039;intelligenza artificiale apporta vantaggi trasformativi alle operazioni aziendali strategiche.<\/p>","protected":false},"author":1,"featured_media":71589,"parent":44406,"menu_order":19,"comment_status":"closed","ping_status":"closed","template":"","meta":{"footnotes":""},"class_list":["post-44713","page","type-page","status-publish","has-post-thumbnail"],"_links":{"self":[{"href":"https:\/\/www.sisinternational.com\/it\/wp-json\/wp\/v2\/pages\/44713","targetHints":{"allow":["GET"]}}],"collection":[{"href":"https:\/\/www.sisinternational.com\/it\/wp-json\/wp\/v2\/pages"}],"about":[{"href":"https:\/\/www.sisinternational.com\/it\/wp-json\/wp\/v2\/types\/page"}],"author":[{"embeddable":true,"href":"https:\/\/www.sisinternational.com\/it\/wp-json\/wp\/v2\/users\/1"}],"replies":[{"embeddable":true,"href":"https:\/\/www.sisinternational.com\/it\/wp-json\/wp\/v2\/comments?post=44713"}],"version-history":[{"count":14,"href":"https:\/\/www.sisinternational.com\/it\/wp-json\/wp\/v2\/pages\/44713\/revisions"}],"predecessor-version":[{"id":81095,"href":"https:\/\/www.sisinternational.com\/it\/wp-json\/wp\/v2\/pages\/44713\/revisions\/81095"}],"up":[{"embeddable":true,"href":"https:\/\/www.sisinternational.com\/it\/wp-json\/wp\/v2\/pages\/44406"}],"wp:featuredmedia":[{"embeddable":true,"href":"https:\/\/www.sisinternational.com\/it\/wp-json\/wp\/v2\/media\/71589"}],"wp:attachment":[{"href":"https:\/\/www.sisinternational.com\/it\/wp-json\/wp\/v2\/media?parent=44713"}],"curies":[{"name":"wp","href":"https:\/\/api.w.org\/{rel}","templated":true}]}}