{"id":44702,"date":"2024-01-06T15:51:10","date_gmt":"2024-01-06T20:51:10","guid":{"rendered":"https:\/\/www.sisinternational.com\/?page_id=44702"},"modified":"2026-02-18T12:26:52","modified_gmt":"2026-02-18T17:26:52","slug":"societa-di-consulenza-globale-per-lautomazione-dellintelligenza-artificiale","status":"publish","type":"page","link":"https:\/\/www.sisinternational.com\/it\/soluzioni\/ai-ricerche-di-mercato-e-consulenza-strategica\/societa-di-consulenza-globale-per-lautomazione-dellintelligenza-artificiale\/","title":{"rendered":"Societ\u00e0 globale di consulenza in materia di intelligenza artificiale e automazione"},"content":{"rendered":"<h1 class=\"wp-block-heading\">Societ\u00e0 globale di consulenza sull&#039;intelligenza artificiale e l&#039;automazione<\/h1>\n\n\n\n<figure class=\"gb-block-image gb-block-image-4a6e935d\"><img loading=\"lazy\" decoding=\"async\" width=\"1456\" height=\"816\" class=\"gb-image gb-image-4a6e935d\" src=\"https:\/\/www.sisinternational.com\/wp-content\/uploads\/2025\/08\/Global-1-2.jpg\" alt=\"Ricerca e strategia di mercato internazionale SIS\" title=\"Global 1 (2)\" srcset=\"https:\/\/www.sisinternational.com\/wp-content\/uploads\/2025\/08\/Global-1-2.jpg 1456w, https:\/\/www.sisinternational.com\/wp-content\/uploads\/2025\/08\/Global-1-2-300x168.jpg 300w, https:\/\/www.sisinternational.com\/wp-content\/uploads\/2025\/08\/Global-1-2-1024x574.jpg 1024w, https:\/\/www.sisinternational.com\/wp-content\/uploads\/2025\/08\/Global-1-2-768x430.jpg 768w, https:\/\/www.sisinternational.com\/wp-content\/uploads\/2025\/08\/Global-1-2-18x10.jpg 18w\" sizes=\"auto, (max-width: 1456px) 100vw, 1456px\"><\/figure>\n\n\n\n<p><\/p>\n\n\n\n<p>La tua azienda pu\u00f2 permettersi di restare ai margini della rivoluzione dell\u2019intelligenza artificiale? Mentre le aziende di tutto il mondo sono alle prese con le complessit\u00e0 della trasformazione digitale, una societ\u00e0 globale di consulenza in materia di intelligenza artificiale e automazione si trova nel punto di intersezione tra tecnologia all&#039;avanguardia e senso degli affari strategici, offrendo una miscela unica di competenze in grado di sbloccare una crescita senza precedenti.<\/p>\n\n\n\n<h2 class=\"wp-block-heading\">Comprendere il ruolo di una societ\u00e0 globale di consulenza sull&#039;intelligenza artificiale e l&#039;automazione oggi<\/h2>\n\n\n\n<p>Una societ\u00e0 globale di consulenza in materia di intelligenza artificiale e automazione offre competenze specializzate alle aziende di tutto il mondo, fondendo tecnologie di intelligenza artificiale e automazione per creare soluzioni in grado di trasformare le industrie e ridefinire i paradigmi operativi.<\/p>\n\n\n\n<p>Nella sua essenza, una societ\u00e0 di consulenza globale in materia di intelligenza artificiale e automazione \u00e8 una miscela di componenti chiave: intelligenza artificiale, automazione e portata globale. Attraverso tecnologie di comunicazione avanzate e una rete di esperti sparsi in tutto il mondo, queste aziende forniscono i propri servizi a una vasta gamma di clienti, dalle piccole startup alle grandi multinazionali. Questa presenza globale consente loro di attingere a un vasto pool di talenti e competenze per comprendere e affrontare le sfide e le opportunit\u00e0 uniche presentate dai diversi mercati.<\/p>\n\n\n\n<h2 class=\"wp-block-heading\">Il ruolo eccezionale di una societ\u00e0 di consulenza sull&#039;automazione nell&#039;intelligenza artificiale globale<\/h2>\n\n\n\n<p>Uno dei ruoli principali di queste aziende \u00e8 quello di fungere da consulenti strategici. Aiutano le aziende a comprendere il potenziale dell&#039;intelligenza artificiale e dell&#039;automazione nel loro contesto specifico, guidandole nell&#039;identificazione delle opportunit\u00e0 in cui queste tecnologie possono generare valore. Ci\u00f2 implica non solo una profonda conoscenza delle tecnologie di intelligenza artificiale e di automazione, ma anche una consapevolezza delle sfide e delle opportunit\u00e0 specifiche del settore.<\/p>\n\n\n\n<p>Una societ\u00e0 globale di consulenza in materia di intelligenza artificiale e automazione lavora a stretto contatto con le aziende per sviluppare soluzioni personalizzate in linea con le loro esigenze e obiettivi specifici. Ci\u00f2 include tutto, dall\u2019automazione delle attivit\u00e0 di routine all\u2019implementazione di complessi sistemi di analisi basati sull\u2019intelligenza artificiale per il processo decisionale strategico. In quanto entit\u00e0 globale, una societ\u00e0 di consulenza sull&#039;automazione apporta anche una ricchezza di intuizioni ed esperienze diverse, rendendola un catalizzatore di innovazione.<\/p>\n\n\n\n<h2 class=\"wp-block-heading\">Come condurre ricerche globali sull&#039;intelligenza artificiale e sull&#039;automazione<\/h2>\n\n\n\n<p>L&#039;aiuto di una societ\u00e0 di consulenza globale in materia di intelligenza artificiale e automazione \u00e8 essenziale per rimanere all&#039;avanguardia nell&#039;innovazione nel campo dell&#039;intelligenza artificiale e dell&#039;automazione. Aiuta le aziende a comprendere le tendenze del mercato globale, i diversi comportamenti dei consumatori e i vari panorami normativi. Ecco una panoramica di come una societ\u00e0 globale di consulenza in materia di intelligenza artificiale e automazione potrebbe affrontare questo compito:<\/p>\n\n\n\n<ul class=\"wp-block-list\">\n<li><strong>Ampia raccolta di dati:<\/strong> La raccolta di dati estesi e di alta qualit\u00e0 da pi\u00f9 fonti e regioni \u00e8 fondamentale. Ci\u00f2 include dati provenienti da piattaforme online, dispositivi IoT, rapporti di settore e sondaggi sui consumatori. Pi\u00f9 i dati sono diversificati e completi, pi\u00f9 ricche sono le informazioni che se ne possono trarre.<\/li>\n\n\n\n<li><strong>Collaborazione con il mondo accademico e esperti del settore:<\/strong> La collaborazione con istituzioni accademiche ed esperti del settore a livello globale pu\u00f2 migliorare la profondit\u00e0 e l\u2019ampiezza della ricerca. Queste collaborazioni possono fornire accesso alle pi\u00f9 recenti scoperte accademiche, approfondimenti unici sul settore e metodologie di ricerca avanzate.<\/li>\n\n\n\n<li><strong>Tenersi al passo con i progressi tecnologici:<\/strong> L\u2019intelligenza artificiale \u00e8 un campo in rapida evoluzione. Rimanere aggiornati con gli ultimi progressi nelle tecnologie, negli algoritmi e negli strumenti di intelligenza artificiale \u00e8 essenziale. Ci\u00f2 include tenere traccia degli sviluppi in aree come l\u2019apprendimento automatico, l\u2019elaborazione del linguaggio naturale e la robotica.<\/li>\n\n\n\n<li><strong>Analisi del comportamento dei consumatori:<\/strong> Poich\u00e9 le applicazioni dell\u2019intelligenza artificiale sono spesso guidate dai consumatori, \u00e8 fondamentale comprendere i modelli di comportamento e le preferenze dei consumatori globali. Ci\u00f2 include la ricerca su come culture e dati demografici diversi interagiscono con l\u2019intelligenza artificiale e le tecnologie di automazione.<\/li>\n\n\n\n<li><strong>Apprendimento e adattamento continui:<\/strong> La ricerca globale sull\u2019intelligenza artificiale \u00e8 un processo continuo. Richiede un impegno per l\u2019apprendimento continuo, l\u2019adattamento alle nuove scoperte e l\u2019essere flessibili per orientare le direzioni della ricerca in base alle tendenze e alle tecnologie emergenti.<\/li>\n<\/ul>\n\n\n\n<h2 class=\"wp-block-heading\">Cosa aspettarsi dalla societ\u00e0 globale di consulenza sull&#039;intelligenza artificiale e l&#039;automazione<\/h2>\n\n\n\n<p>Quando interagiscono con una societ\u00e0 di consulenza globale in materia di intelligenza artificiale e automazione, le aziende possono anticipare una serie di risultati trasformativi e vantaggi strategici. Queste aziende sono attrezzate per fornire servizi completi in grado di migliorare significativamente le operazioni aziendali, promuovere l\u2019innovazione e favorire la crescita in un panorama competitivo globale.<\/p>\n\n\n\n<ul class=\"wp-block-list\">\n<li><strong>Strategie di intelligenza artificiale e automazione su misura:<\/strong> Una delle offerte principali \u00e8 lo sviluppo di strategie di intelligenza artificiale e automazione personalizzate. Queste strategie sono in linea con le esigenze aziendali e gli obiettivi specifici del cliente, prendendo in considerazione le sfide e le opportunit\u00e0 uniche del loro settore e mercato.<\/li>\n\n\n\n<li><strong>Avanzamento tecnologico e innovazione:<\/strong> Clients can expect to benefit from the latest advancements in AI and automation. A <a title=\"Cos&#039;\u00e8 la tecnologia di navigazione globale GNSS?\" data-wpil-monitor-id=\"1754\" href=\"https:\/\/www.sisinternational.com\/it\/la-nuova-tecnologia-di-navigazione-globale-europea-gnss\/\">global artificial intelligence and automation consulting firm<\/a> provides access to cutting-edge technologies and innovative approaches, helping businesses stay ahead in their respective industries.<\/li>\n\n\n\n<li><strong>Processo decisionale basato sui dati:<\/strong> La societ\u00e0 di consulenza aiuta a sfruttare la potenza dei dati, fornendo alle aziende gli strumenti e gli approfondimenti necessari per il processo decisionale basato sui dati. Ci\u00f2 include analisi predittive, approfondimenti sui clienti e analisi di mercato.<\/li>\n\n\n\n<li><strong>Gestione del rischio e conformit\u00e0:<\/strong> Destreggiarsi tra le complessit\u00e0 dell\u2019intelligenza artificiale e dell\u2019automazione richiede una profonda comprensione dei rischi associati e della conformit\u00e0 normativa. La societ\u00e0 di consulenza guida le aziende nella mitigazione di questi rischi e nel garantire la conformit\u00e0 alle leggi e agli standard internazionali.<\/li>\n\n\n\n<li><strong>Sviluppo delle capacit\u00e0 e formazione:<\/strong> Queste aziende spesso forniscono programmi di formazione e sviluppo per sviluppare capacit\u00e0 interne all&#039;interno delle organizzazioni clienti. Ci\u00f2 garantisce che le aziende non solo siano in grado di implementare soluzioni di intelligenza artificiale e automazione, ma anche di sostenerle e farle evolvere in modo indipendente.<\/li>\n<\/ul>\n\n\n\n<h2 class=\"wp-block-heading\">Vantaggi di assumere una societ\u00e0 globale di consulenza sull&#039;intelligenza artificiale e l&#039;automazione<\/h2>\n\n\n\n<p>Il panorama globale della consulenza sull\u2019intelligenza artificiale e sull\u2019automazione presenta una miriade di opportunit\u00e0, sia per le stesse societ\u00e0 di consulenza che per i loro clienti in vari settori.<\/p>\n\n\n\n<ul class=\"wp-block-list\">\n<li><strong>Portata di mercato in espansione:<\/strong> The global nature of these <a title=\"Automazione mineraria e delle risorse naturali e consulenza sull&#039;intelligenza artificiale\" data-wpil-monitor-id=\"5503\" href=\"https:\/\/www.sisinternational.com\/it\/soluzioni\/ai-ricerche-di-mercato-e-consulenza-strategica\/automazione-delle-risorse-naturali-minerarie-consulenza-sullintelligenza-artificiale\/\">consulting firms<\/a> allows them to tap into emerging markets and regions that are just beginning to explore the potential of AI and automation. This expansion is not only beneficial in terms of business growth but also helps in disseminating advanced technological solutions across the globe.<\/li>\n\n\n\n<li><strong>Sviluppo di soluzioni personalizzate:<\/strong> La necessit\u00e0 di soluzioni di intelligenza artificiale e automazione su misura per diverse aziende offre un\u2019opportunit\u00e0 significativa per queste aziende. Le soluzioni personalizzate garantiscono una migliore risposta alle esigenze specifiche del cliente, offrendo maggiore valore ed efficacia.<\/li>\n\n\n\n<li><strong>Servizi di trasformazione e formazione della forza lavoro:<\/strong> Con l\u2019evoluzione delle tecnologie di intelligenza artificiale e automazione, cresce la necessit\u00e0 di trasformazione della forza lavoro e di sviluppo delle competenze. Le societ\u00e0 di consulenza possono trarre vantaggio da questo offrendo programmi di formazione e sviluppo, aiutando le aziende a migliorare le competenze dei propri dipendenti.<\/li>\n\n\n\n<li><strong>Conformit\u00e0 normativa globale:<\/strong> Con normative diverse sull\u2019intelligenza artificiale e sulla privacy dei dati nelle diverse regioni, queste aziende hanno l\u2019opportunit\u00e0 di assistere le aziende nell\u2019affrontare queste complessit\u00e0, garantendo la conformit\u00e0 globale.<\/li>\n\n\n\n<li><strong>Espansione delle offerte di servizi:<\/strong> The broadening scope of AI and <a title=\"Automazione delle spedizioni e della logistica e consulenza sull&#039;intelligenza artificiale\" data-wpil-monitor-id=\"4398\" href=\"https:\/\/www.sisinternational.com\/it\/soluzioni\/ai-ricerche-di-mercato-e-consulenza-strategica\/consulenza-sullautomazione-della-logistica-delle-spedizioni-e-sulla-consulenza\/\">automation technologies allows these consulting<\/a> firms to continually expand their service offerings, covering newer areas like IoT, edge computing, and more.<\/li>\n<\/ul>\n\n\n\n<h2 class=\"wp-block-heading\">Soluzioni SIS: consulenza globale sull&#039;intelligenza artificiale e l&#039;automazione<\/h2>\n\n\n\n<p>Noi di SIS siamo in prima linea nella rivoluzione dell&#039;intelligenza artificiale, offrendo competenze senza precedenti e soluzioni innovative come societ\u00e0 di consulenza globale sull&#039;intelligenza artificiale e l&#039;automazione. I nostri servizi completi uniscono tecnologia all&#039;avanguardia e senso degli affari strategici per sbloccare opportunit\u00e0 di crescita senza precedenti per le aziende di tutto il mondo. Ecco come possiamo aiutarti:<\/p>\n\n\n\n<ul class=\"wp-block-list\">\n<li><strong>Strategie di intelligenza artificiale e automazione personalizzate:<\/strong> Il nostro team lavora a stretto contatto con i clienti per sviluppare strategie di intelligenza artificiale e automazione su misura che si allineino ai loro obiettivi aziendali unici e ai panorami del settore. Sfruttiamo tecnologie avanzate e una profonda conoscenza del settore per creare soluzioni che promuovano valore e innovazione.<\/li>\n\n\n\n<li><strong>Avanzamento tecnologico e innovazione:<\/strong> Con l&#039;accesso ai pi\u00f9 recenti progressi nel campo dell&#039;intelligenza artificiale e dell&#039;automazione, consentiamo alle aziende di rimanere al passo con i tempi. Il nostro team esplora continuamente tecnologie emergenti e approcci innovativi per garantire che i nostri clienti rimangano in prima linea nell\u2019innovazione nei rispettivi settori.<\/li>\n\n\n\n<li><strong>Processo decisionale basato sui dati:<\/strong> Aiutiamo le aziende a sfruttare il potere dei dati per prendere decisioni strategiche e informate. Le nostre capacit\u00e0 avanzate di analisi e modellazione predittiva forniscono ai clienti informazioni fruibili sulle tendenze del mercato, sul comportamento dei consumatori e sui panorami competitivi, consentendo un processo decisionale basato sui dati a ogni livello.<\/li>\n\n\n\n<li><strong>Gestione del rischio e conformit\u00e0:<\/strong> Navigare tra le complessit\u00e0 dell\u2019intelligenza artificiale e dell\u2019automazione richiede una comprensione completa dei rischi associati e della conformit\u00e0 normativa. Il nostro team assiste i clienti nella mitigazione dei rischi e nel garantire la conformit\u00e0 alle leggi e agli standard internazionali, aiutandoli a navigare con sicurezza nel panorama normativo globale.<\/li>\n\n\n\n<li><strong>Sviluppo delle capacit\u00e0 e formazione:<\/strong> Offriamo programmi di formazione e sviluppo per sviluppare capacit\u00e0 interne all&#039;interno delle organizzazioni clienti. Le nostre soluzioni di formazione personalizzate forniscono ai dipendenti le competenze e le conoscenze di cui hanno bisogno per implementare e sostenere in modo efficace soluzioni di intelligenza artificiale e automazione, favorendo il successo e la crescita a lungo termine.<\/li>\n<\/ul>\n\n\n\n<p>Collabora con SIS per sfruttare tutto il potenziale dell&#039;intelligenza artificiale e dell&#039;automazione nella tua azienda. Grazie alla nostra esperienza globale e alle nostre soluzioni innovative, puoi favorire la crescita, l&#039;innovazione e il vantaggio competitivo nell&#039;odierno panorama aziendale in rapida evoluzione<\/p>","protected":false},"excerpt":{"rendered":"<p>Una societ\u00e0 globale di consulenza sull&#039;intelligenza artificiale e l&#039;automazione offre competenze specializzate alle aziende di tutto il mondo, fondendo intelligenza artificiale e automazione.<\/p>","protected":false},"author":1,"featured_media":62408,"parent":44406,"menu_order":16,"comment_status":"closed","ping_status":"closed","template":"","meta":{"footnotes":""},"class_list":["post-44702","page","type-page","status-publish","has-post-thumbnail"],"_links":{"self":[{"href":"https:\/\/www.sisinternational.com\/it\/wp-json\/wp\/v2\/pages\/44702","targetHints":{"allow":["GET"]}}],"collection":[{"href":"https:\/\/www.sisinternational.com\/it\/wp-json\/wp\/v2\/pages"}],"about":[{"href":"https:\/\/www.sisinternational.com\/it\/wp-json\/wp\/v2\/types\/page"}],"author":[{"embeddable":true,"href":"https:\/\/www.sisinternational.com\/it\/wp-json\/wp\/v2\/users\/1"}],"replies":[{"embeddable":true,"href":"https:\/\/www.sisinternational.com\/it\/wp-json\/wp\/v2\/comments?post=44702"}],"version-history":[{"count":6,"href":"https:\/\/www.sisinternational.com\/it\/wp-json\/wp\/v2\/pages\/44702\/revisions"}],"predecessor-version":[{"id":82984,"href":"https:\/\/www.sisinternational.com\/it\/wp-json\/wp\/v2\/pages\/44702\/revisions\/82984"}],"up":[{"embeddable":true,"href":"https:\/\/www.sisinternational.com\/it\/wp-json\/wp\/v2\/pages\/44406"}],"wp:featuredmedia":[{"embeddable":true,"href":"https:\/\/www.sisinternational.com\/it\/wp-json\/wp\/v2\/media\/62408"}],"wp:attachment":[{"href":"https:\/\/www.sisinternational.com\/it\/wp-json\/wp\/v2\/media?parent=44702"}],"curies":[{"name":"wp","href":"https:\/\/api.w.org\/{rel}","templated":true}]}}