{"id":44695,"date":"2024-01-06T15:18:42","date_gmt":"2024-01-06T20:18:42","guid":{"rendered":"https:\/\/www.sisinternational.com\/?page_id=44695"},"modified":"2025-10-25T01:00:35","modified_gmt":"2025-10-25T05:00:35","slug":"consulenza-sullintelligenza-artificiale-per-lautomazione-sanitaria","status":"publish","type":"page","link":"https:\/\/www.sisinternational.com\/it\/soluzioni\/ai-ricerche-di-mercato-e-consulenza-strategica\/consulenza-sullintelligenza-artificiale-per-lautomazione-sanitaria\/","title":{"rendered":"Consulenza sull&#039;automazione sanitaria e sull&#039;intelligenza artificiale"},"content":{"rendered":"<h1 class=\"wp-block-heading\">Consulenza sull&#039;automazione sanitaria e sull&#039;intelligenza artificiale<\/h1>\n\n\n\n<figure class=\"gb-block-image gb-block-image-8ed13e49\"><img loading=\"lazy\" decoding=\"async\" width=\"1456\" height=\"816\" class=\"gb-image gb-image-8ed13e49\" src=\"https:\/\/www.sisinternational.com\/wp-content\/uploads\/2025\/08\/Healthcare-16.jpg\" alt=\"Ricerca e strategia di mercato internazionale SIS\" title=\"Healthcare (16)\" srcset=\"https:\/\/www.sisinternational.com\/wp-content\/uploads\/2025\/08\/Healthcare-16.jpg 1456w, https:\/\/www.sisinternational.com\/wp-content\/uploads\/2025\/08\/Healthcare-16-300x168.jpg 300w, https:\/\/www.sisinternational.com\/wp-content\/uploads\/2025\/08\/Healthcare-16-1024x574.jpg 1024w, https:\/\/www.sisinternational.com\/wp-content\/uploads\/2025\/08\/Healthcare-16-768x430.jpg 768w, https:\/\/www.sisinternational.com\/wp-content\/uploads\/2025\/08\/Healthcare-16-18x10.jpg 18w\" sizes=\"auto, (max-width: 1456px) 100vw, 1456px\"><\/figure>\n\n\n\n<p><\/p>\n\n\n\n<p>Healthcare automation and artificial intelligence consulting is a paradigm shift redefining the future of healthcare, promising to transform patient care, enhance medical procedures, and streamline healthcare operations. It\u2019s about crafting a new era in healthcare where efficiency, accuracy, and patient-centric care become the cornerstones of medical services.<\/p>\n\n\n\n<h2 class=\"wp-block-heading\">Comprendere l&#039;automazione sanitaria e la consulenza sull&#039;intelligenza artificiale<\/h2>\n\n\n\n<p><a href=\"https:\/\/sisaisolutions.com\/application-of-ai-in-healthcare\/\" target=\"_blank\" rel=\"noopener\">Healthcare automation<\/a> and artificial intelligence consulting is an interdisciplinary field integrating advanced technology into the healthcare sector to improve patient care, enhance operational efficiency, and foster innovation.<\/p>\n\n\n\n<p>It involves using technology to perform routine healthcare tasks traditionally done by humans, increasing efficiency and reducing errors. This can range from automated laboratory tests to robotic surgical assistants. The role of artificial intelligence in this context is to add a layer of cognitive processing, enabling systems to perform tasks and learn from data, make predictions, and provide decision support.<\/p>\n\n\n\n<h2 class=\"wp-block-heading\">Il ruolo critico dell\u2019automazione sanitaria e della consulenza sull\u2019intelligenza artificiale<\/h2>\n\n\n\n<figure class=\"gb-block-image gb-block-image-b87f7204\"><img loading=\"lazy\" decoding=\"async\" width=\"1456\" height=\"816\" class=\"gb-image gb-image-b87f7204\" src=\"https:\/\/www.sisinternational.com\/wp-content\/uploads\/2025\/08\/Healthcare-2.jpg\" alt=\"Ricerca e strategia di mercato internazionale SIS\" title=\"Healthcare (2)\" srcset=\"https:\/\/www.sisinternational.com\/wp-content\/uploads\/2025\/08\/Healthcare-2.jpg 1456w, https:\/\/www.sisinternational.com\/wp-content\/uploads\/2025\/08\/Healthcare-2-300x168.jpg 300w, https:\/\/www.sisinternational.com\/wp-content\/uploads\/2025\/08\/Healthcare-2-1024x574.jpg 1024w, https:\/\/www.sisinternational.com\/wp-content\/uploads\/2025\/08\/Healthcare-2-768x430.jpg 768w, https:\/\/www.sisinternational.com\/wp-content\/uploads\/2025\/08\/Healthcare-2-18x10.jpg 18w\" sizes=\"auto, (max-width: 1456px) 100vw, 1456px\"><\/figure>\n\n\n\n<p><\/p>\n\n\n\n<p>L&#039;automazione sanitaria e la consulenza sull&#039;intelligenza artificiale migliorano l&#039;accuratezza e l&#039;efficienza dei processi medici. Grazie alla capacit\u00e0 dell\u2019intelligenza artificiale di analizzare vasti set di dati, gli operatori sanitari possono ottenere informazioni pi\u00f9 approfondite sulle condizioni dei pazienti, portando a diagnosi pi\u00f9 accurate e piani di trattamento personalizzati.<\/p>\n\n\n\n<p>Automatizzando le attivit\u00e0 di routine, le strutture sanitarie possono allocare le proprie risorse umane in modo pi\u00f9 efficace, concentrandosi sulla cura del paziente e sulle decisioni mediche critiche. Ci\u00f2 aumenta la soddisfazione lavorativa dei professionisti medici riducendo il loro onere amministrativo.<\/p>\n\n\n\n<p>Un altro aspetto critico \u00e8 il potenziale dell\u2019intelligenza artificiale e dell\u2019automazione per migliorare il coinvolgimento e l\u2019esperienza dei pazienti. Gli strumenti basati sull\u2019intelligenza artificiale possono fornire consigli sanitari personalizzati, ricordare ai pazienti i farmaci e persino offrire consulenze sanitarie virtuali, rendendo l\u2019assistenza sanitaria pi\u00f9 accessibile e conveniente.<\/p>\n\n\n\n<h2 class=\"wp-block-heading\">Vantaggi dell&#039;automazione sanitaria e della consulenza sull&#039;intelligenza artificiale<\/h2>\n\n\n\n<p>The integration of healthcare automation and <a href=\"https:\/\/www.sisinternational.com\/it\/soluzioni\/ai-ricerche-di-mercato-e-consulenza-strategica\/automazione-dei-prodotti-per-la-cura-personale-e-consulenza\/\" title=\"Automazione dei prodotti per la cura personale e consulenza sull&#039;intelligenza artificiale\" data-wpil-monitor-id=\"10502\">AI consulting<\/a> into the healthcare sector brings a multitude of benefits that are transformative at both the operational level and in patient care. Here\u2019s a comprehensive look at these benefits:<\/p>\n\n\n\n<ul class=\"wp-block-list\">\n<li><strong>Precisione diagnostica migliorata:<\/strong> Healthcare automation and artificial intelligence consulting help businesses increase their capacity to analyze complex medical data, including imaging and genetic information, leading to more accurate diagnoses.\u00a0<\/li>\n\n\n\n<li><strong>Migliore cura del paziente:<\/strong> L&#039;automazione nel monitoraggio dei pazienti e l&#039;analisi basata sull&#039;intelligenza artificiale consentono un monitoraggio continuo e preciso della salute del paziente, portando a interventi tempestivi e piani di cura personalizzati.<\/li>\n\n\n\n<li><strong>Efficienza operativa:<\/strong> L&#039;automazione delle attivit\u00e0 di routine come la pianificazione dei pazienti, la tenuta dei registri e l&#039;immissione dei dati consente agli operatori sanitari di concentrarsi sulla cura diretta del paziente, migliorando cos\u00ec l&#039;efficienza complessiva e riducendo il burnout.<\/li>\n\n\n\n<li><strong>Innovazioni nel trattamento e nello sviluppo di farmaci:<\/strong> L\u2019automazione sanitaria e la consulenza sull\u2019intelligenza artificiale possono accelerare i processi di scoperta e sviluppo di farmaci, riducendo i tempi e i costi legati all\u2019immissione di nuovi trattamenti sul mercato.<\/li>\n\n\n\n<li><strong>Miglioramento della formazione e dell\u2019istruzione clinica:<\/strong> L&#039;automazione sanitaria e la consulenza sull&#039;intelligenza artificiale forniscono strumenti avanzati per la formazione e l&#039;istruzione medica, offrendo simulazioni e approfondimenti basati sui dati che migliorano l&#039;apprendimento.<\/li>\n<\/ul>\n\n\n\n<h2 class=\"wp-block-heading\">Fattori di successo da considerare nella consulenza sull&#039;automazione sanitaria e sull&#039;intelligenza artificiale<\/h2>\n\n\n\n<figure class=\"gb-block-image gb-block-image-40644844\"><img loading=\"lazy\" decoding=\"async\" width=\"1456\" height=\"816\" class=\"gb-image gb-image-40644844\" src=\"https:\/\/www.sisinternational.com\/wp-content\/uploads\/2025\/08\/Healthcare-9.jpg\" alt=\"Ricerca e strategia di mercato internazionale SIS\" title=\"Healthcare (9)\" srcset=\"https:\/\/www.sisinternational.com\/wp-content\/uploads\/2025\/08\/Healthcare-9.jpg 1456w, https:\/\/www.sisinternational.com\/wp-content\/uploads\/2025\/08\/Healthcare-9-300x168.jpg 300w, https:\/\/www.sisinternational.com\/wp-content\/uploads\/2025\/08\/Healthcare-9-1024x574.jpg 1024w, https:\/\/www.sisinternational.com\/wp-content\/uploads\/2025\/08\/Healthcare-9-768x430.jpg 768w, https:\/\/www.sisinternational.com\/wp-content\/uploads\/2025\/08\/Healthcare-9-18x10.jpg 18w\" sizes=\"auto, (max-width: 1456px) 100vw, 1456px\"><\/figure>\n\n\n\n<p><\/p>\n\n\n\n<p>For healthcare automation and AI consulting to be effective and yield the desired outcomes, several <a href=\"https:\/\/www.sisinternational.com\/it\/fattori-chiave-di-successo-nelle-ricerche-di-mercato-automobilistiche\/\" title=\"Fattori chiave di successo nelle ricerche di mercato automobilistiche\" data-wpil-monitor-id=\"10492\">key success factors<\/a> must be strategically addressed:<\/p>\n\n\n\n<ul class=\"wp-block-list\">\n<li><strong>Allineamento con gli obiettivi sanitari:<\/strong> L\u2019implementazione delle tecnologie di intelligenza artificiale e automazione deve essere in linea con gli obiettivi generali della struttura sanitaria, come il miglioramento dei risultati dei pazienti, l\u2019aumento dell\u2019efficienza o la riduzione dei costi.<\/li>\n\n\n\n<li><strong>Coinvolgimento e collaborazione delle parti interessate:<\/strong> Un&#039;implementazione di successo richiede il coinvolgimento e la collaborazione di tutte le parti interessate, inclusi operatori sanitari, pazienti, personale IT e amministratori. Comprendere e affrontare i loro bisogni, preoccupazioni e aspettative \u00e8 fondamentale.<\/li>\n\n\n\n<li><strong>Rispetto delle normative e degli standard etici:<\/strong> Adhering to healthcare regulations and ethical standards, especially regarding patient data privacy and security, is critical.\u00a0<\/li>\n\n\n\n<li><strong>Soluzioni personalizzate:<\/strong> Healthcare settings are diverse, and AI and automation solutions must be tailored to meet the specific needs of each facility. Customization ensures relevance and effectiveness.<\/li>\n\n\n\n<li><strong>Robuste misure di sicurezza:<\/strong> Data la natura sensibile dei dati sanitari, sono essenziali solide misure di sicurezza per proteggersi da violazioni e minacce informatiche.<\/li>\n<\/ul>\n\n\n\n<h2 class=\"wp-block-heading\">Cosa offrono alle aziende i servizi di consulenza sull\u2019automazione sanitaria e sull\u2019intelligenza artificiale?<\/h2>\n\n\n\n<p>Quando intraprendono un viaggio con l\u2019automazione sanitaria e la consulenza sull\u2019intelligenza artificiale, gli operatori sanitari possono anticipare una serie di risultati e vantaggi trasformativi. Ecco cosa aspettarsi:<\/p>\n\n\n\n<ul class=\"wp-block-list\">\n<li><strong>Operazioni semplificate:<\/strong> Processi automatizzati e sistemi basati sull\u2019intelligenza artificiale portano a operazioni sanitarie pi\u00f9 efficienti, riducendo il tempo dedicato alle attivit\u00e0 amministrative e concentrandosi maggiormente sulla cura del paziente.<\/li>\n\n\n\n<li><strong>Risultati migliori per i pazienti:<\/strong> La capacit\u00e0 dell\u2019intelligenza artificiale di analizzare dati medici complessi pu\u00f2 portare a diagnosi pi\u00f9 accurate e piani di trattamento personalizzati, migliorando direttamente i risultati dei pazienti.<\/li>\n\n\n\n<li><strong>Processo decisionale migliorato:<\/strong> Gli operatori sanitari possono aspettarsi che l\u2019intelligenza artificiale offra preziose informazioni e raccomandazioni basate sui dati, aiutando a prendere decisioni cliniche pi\u00f9 informate ed efficaci.<\/li>\n\n\n\n<li><strong>Coinvolgimento avanzato del paziente:<\/strong> Gli strumenti basati sull\u2019intelligenza artificiale consentiranno un migliore coinvolgimento dei pazienti attraverso la comunicazione personalizzata, il monitoraggio sanitario e l\u2019educazione, portando a una migliore alfabetizzazione sanitaria e conformit\u00e0 ai piani di trattamento.<\/li>\n\n\n\n<li><strong>Maggiore accessibilit\u00e0 alle cure:<\/strong> L\u2019intelligenza artificiale e l\u2019automazione possono rendere i servizi sanitari pi\u00f9 accessibili, soprattutto nelle regioni remote o scarsamente servite, attraverso soluzioni di telemedicina e monitoraggio remoto.<\/li>\n<\/ul>\n\n\n\n<h2 class=\"wp-block-heading\">Principali tecnologie impiegate nell&#039;automazione sanitaria e nella consulenza sull&#039;intelligenza artificiale<\/h2>\n\n\n\n<figure class=\"wp-block-image\"><img decoding=\"async\" src=\"https:\/\/www.sisinternational.com\/wp-content\/uploads\/2025\/06\/AI-5.jpg\" alt=\"Ricerca e strategia di mercato internazionale SIS\" class=\"wp-image-60044\"><\/figure>\n\n\n\n<p><\/p>\n\n\n\n<p>Healthcare automation and artificial intelligence consulting leverage various cutting-edge technologies \u2013 and understanding these technologies is key to appreciating how they contribute to advancing healthcare.<\/p>\n\n\n\n<ul class=\"wp-block-list\">\n<li><strong><a href=\"https:\/\/www.sisinternational.com\/it\/soluzioni\/ai-ricerche-di-mercato-e-consulenza-strategica\/elaborazione-del-linguaggio-naturale-e-ricerche-di-mercato\/\" title=\"Ricerca di mercato sull\u2019intelligenza artificiale per l\u2019elaborazione del linguaggio naturale\" data-wpil-monitor-id=\"10488\">Natural Language Processing<\/a> (NLP):<\/strong> La PNL viene utilizzata per interpretare e analizzare le cartelle cliniche dei pazienti, la letteratura medica e le note cliniche, facilitando un&#039;elaborazione dei dati e un recupero delle informazioni pi\u00f9 rapidi.<\/li>\n\n\n\n<li><strong>Visione computerizzata:<\/strong> This technology, used in analyzing medical imaging, helps detect and diagnose diseases by identifying patterns that are not discernible to the human eye.<\/li>\n\n\n\n<li><strong>Internet delle cose (IoT):<\/strong> I dispositivi IoT nel settore sanitario, come sensori indossabili e strumenti di monitoraggio remoto, raccolgono dati sanitari vitali in tempo reale, offrendo monitoraggio continuo dei pazienti e approfondimenti basati sui dati per gli operatori sanitari.<\/li>\n\n\n\n<li><strong>Telemedicina e Assistenti Sanitari Virtuali:<\/strong> Le piattaforme di telemedicina basate sull\u2019intelligenza artificiale e gli assistenti sanitari virtuali forniscono assistenza e consulenza a distanza, migliorando l\u2019accessibilit\u00e0 sanitaria e il coinvolgimento dei pazienti.<\/li>\n\n\n\n<li><strong>Cloud computing:<\/strong> Le piattaforme cloud supportano l\u2019ampia capacit\u00e0 di archiviazione dei dati e la potenza di calcolo richiesta per l\u2019intelligenza artificiale e l\u2019analisi dei big data nel settore sanitario, consentendo scalabilit\u00e0 e accessibilit\u00e0.<\/li>\n\n\n\n<li><strong>Realt\u00e0 Aumentata (AR) e Realt\u00e0 Virtuale (VR):<\/strong> AR and VR are used in medical training, education, and inpatient treatment for procedures like physical therapy and pain management.<\/li>\n<\/ul>\n\n\n\n<h2 class=\"wp-block-heading\">Opportunit\u00e0 nella consulenza sull&#039;automazione sanitaria e sull&#039;intelligenza artificiale<\/h2>\n\n\n\n<figure class=\"gb-block-image gb-block-image-9787404a\"><img loading=\"lazy\" decoding=\"async\" width=\"1456\" height=\"816\" class=\"gb-image gb-image-9787404a\" src=\"https:\/\/www.sisinternational.com\/wp-content\/uploads\/2025\/08\/Healthcare-14.jpg\" alt=\"Ricerca e strategia di mercato internazionale SIS\" title=\"Healthcare (14)\" srcset=\"https:\/\/www.sisinternational.com\/wp-content\/uploads\/2025\/08\/Healthcare-14.jpg 1456w, https:\/\/www.sisinternational.com\/wp-content\/uploads\/2025\/08\/Healthcare-14-300x168.jpg 300w, https:\/\/www.sisinternational.com\/wp-content\/uploads\/2025\/08\/Healthcare-14-1024x574.jpg 1024w, https:\/\/www.sisinternational.com\/wp-content\/uploads\/2025\/08\/Healthcare-14-768x430.jpg 768w, https:\/\/www.sisinternational.com\/wp-content\/uploads\/2025\/08\/Healthcare-14-18x10.jpg 18w\" sizes=\"auto, (max-width: 1456px) 100vw, 1456px\"><\/figure>\n\n\n\n<p><\/p>\n\n\n\n<p>The field of healthcare automation and <a href=\"https:\/\/www.sisinternational.com\/it\/soluzioni\/ai-ricerche-di-mercato-e-consulenza-strategica\/consulenza-ai-per-lautomazione-dellindustria-via-cavo-e-satellite\/\" title=\"Automazione del settore via cavo e satellitare e consulenza sull&#039;intelligenza artificiale\" data-wpil-monitor-id=\"10500\">AI consulting<\/a> is burgeoning with opportunities that can significantly reshape the healthcare industry. These opportunities extend across various facets of healthcare, offering the potential for enhanced patient care, operational efficiencies, and medical innovations:<\/p>\n\n\n\n<ul class=\"wp-block-list\">\n<li><strong>Assistenza personalizzata al paziente:<\/strong> Le capacit\u00e0 di analisi dei dati dell\u2019intelligenza artificiale consentono cure pi\u00f9 personalizzate, adattando trattamenti e piani sanitari alle esigenze e alle condizioni dei singoli pazienti, portando a risultati sanitari migliori.<\/li>\n\n\n\n<li><strong>Analisi predittiva per la prevenzione delle malattie:<\/strong> AI can analyze vast amounts of healthcare data to identify disease risk factors, enabling early intervention and preventive care strategies.<\/li>\n\n\n\n<li><strong>Miglioramento della precisione diagnostica:<\/strong> Gli algoritmi di intelligenza artificiale e apprendimento automatico possono aiutare nella diagnosi delle malattie, a volte con maggiore precisione rispetto ai metodi tradizionali, soprattutto in settori come la radiologia e la patologia.<\/li>\n\n\n\n<li><strong>Monitoraggio remoto del paziente:<\/strong> L\u2019IoT e l\u2019intelligenza artificiale consentono il monitoraggio remoto dei pazienti, fornendo assistenza continua al di fuori dei contesti clinici tradizionali e migliorando la gestione delle malattie croniche.<\/li>\n\n\n\n<li><strong>Formazione e istruzione:<\/strong> L\u2019intelligenza artificiale e la realt\u00e0 virtuale possono rivoluzionare la formazione e l\u2019istruzione medica fornendo simulazioni realistiche ed esperienze di apprendimento basate sui dati.<\/li>\n<\/ul>\n\n\n\n<h2 class=\"wp-block-heading\">Soluzioni SIS: consulenza sull&#039;automazione sanitaria e sull&#039;intelligenza artificiale<\/h2>\n\n\n\n<h3 class=\"wp-block-heading\">SIS utilizza un approccio completo e integrato nell&#039;automazione sanitaria e nella consulenza sull&#039;intelligenza artificiale<\/h3>\n\n\n\n<p>Noi forniamo <a href=\"https:\/\/www.sisinternational.com\/it\/sis-lancia-nuove-soluzioni-di-ricerca-digitale\/\" title=\"SIS lancia nuove soluzioni di Ricerca Digitale\" data-wpil-monitor-id=\"10478\">innovative healthcare automation and AI solutions<\/a> that enhance operational efficiency and patient care. <a href=\"https:\/\/www.linkedin.com\/company\/sisinternationalresearch\/\" target=\"_blank\" rel=\"noopener\">Our researchers<\/a> conduct strategic analyses to turn information into actionable insights and help you consider healthcare automation and artificial intelligence with a complete market view <span style=\"font-weight: 400;\">- E<\/span> la nostra attenzione all&#039;analisi strategica e agli insight attuabili va oltre i dati e fornisce soluzioni su misura per i clienti.<\/p>\n\n\n\n<ul class=\"wp-block-list\">\n<li><strong>Sviluppo di strategie IA personalizzate<\/strong>: Realizziamo strategie di intelligenza artificiale su misura in linea con gli obiettivi della tua organizzazione sanitaria e con gli obiettivi di cura del paziente.<\/li>\n\n\n\n<li><strong>Ottimizzazione dell&#039;efficienza operativa<\/strong>: Utilizziamo l&#039;intelligenza artificiale e le tecnologie di automazione per semplificare le operazioni sanitarie, ridurre i costi e migliorare l&#039;erogazione dei servizi.<\/li>\n\n\n\n<li><strong>Supporto all&#039;ingresso nel mercato e all&#039;espansione<\/strong>: We provide insights and <a href=\"https:\/\/www.sisinternational.com\/it\/espandere-la-portata-del-mercato-attraverso-una-strategia-di-marketing-articolata\/\" title=\"Espansione della portata del mercato attraverso una strategia di marketing multiforme\" data-wpil-monitor-id=\"10504\">strategies for entering new markets or expanding<\/a> existing ones, focusing on leveraging AI and automation in healthcare.<\/li>\n\n\n\n<li><strong>Conformit\u00e0 normativa e gestione del rischio<\/strong>: Ti guidiamo nell&#039;esplorazione del complesso panorama normativo dell&#039;assistenza sanitaria, garantendo che le soluzioni di intelligenza artificiale siano conformi agli standard legali e aiutandoti a gestire i rischi associati all&#039;adozione di nuove tecnologie.<\/li>\n\n\n\n<li><strong>Workshop e formazione sull&#039;innovazione<\/strong>: We conduct workshops and training sessions for healthcare professionals on the latest AI tools and technologies, fostering a culture of innovation and ensuring teams are equipped to implement AI solutions effectively.<\/li>\n<\/ul>\n\n\n\n<p>Our relationship with industry specialists, generated over the last three decades, allows SIS to go wide and deep into Healthcare <a href=\"https:\/\/www.sisinternational.com\/it\/soluzioni\/ai-ricerche-di-mercato-e-consulenza-strategica\/consulenza-sullintelligenza-artificiale-per-lautomazione-industriale\/\" title=\"Consulenza in automazione industriale e intelligenza artificiale\" data-wpil-monitor-id=\"10496\">Automation and Artificial Intelligence<\/a>. The SIS strategy team pulls together the latest in Healthcare Automation and AI, working closely with our local offices abroad.<\/p>\n\n\n\n<h2 class=\"wp-block-heading\">La nostra sede a New York<\/h2>\n\n\n\n<p>  <iframe loading=\"lazy\" src=\"https:\/\/www.google.com\/maps\/embed?pb=!1m18!1m12!1m3!1d3022.976188376966!2d-73.99130312499956!3d40.740549471389315!2m3!1f0!2f0!3f0!3m2!1i1024!2i768!4f13.1!3m3!1m2!1s0x89c259a15798c731%3A0xd695d09bdd495f25!2s11%20E%2022nd%20St%20FL%202%2C%20New%20York%2C%20NY%2010010%2C%20USA!5e0!3m2!1sen!2spe!4v1726171763526!5m2!1sen!2spe\" width=\"600\" height=\"450\" allowfullscreen=\"allowfullscreen\" data-mce-fragment=\"1\"><\/iframe>  <\/p>\n\n\n\n<h3 class=\"wp-block-heading\">11 E 22nd Street, piano 2, New York, NY 10010 T: +1(212) 505-6805<\/h3>\n\n\n\n<hr class=\"wp-block-separator has-alpha-channel-opacity\"\/>\n\n\n\n<h2 class=\"wp-block-heading\"><span style=\"font-weight: 400;\">A proposito di SIS Internazionale<\/span><\/h2>\n\n\n\n<p><a href=\"https:\/\/www.sisinternational.com\/it\/\"><span style=\"font-weight: 400;\">SIS Internazionale<\/span><\/a><span style=\"font-weight: 400;\"> offers Quantitative, Qualitative, and Strategy Research. We provide data, tools, strategies, reports, and insights for decision-making. We also conduct interviews, surveys, focus groups, and other <a href=\"https:\/\/www.sisinternational.com\/it\/quantitative-market-research-methods-and-techniques\/\" title=\"Quantitative Market Research Methods and Techniques\" data-wpil-monitor-id=\"10483\">Market Research methods<\/a> and approaches.<\/span><a href=\"https:\/\/www.sisinternational.com\/it\/sulla-sua-ricerca-internazionale\/contact-sis-international-market-research\/\"><span style=\"font-weight: 400;\"> Contattaci<\/span><\/a><span style=\"font-weight: 400;\"> per il tuo prossimo progetto di ricerca di mercato.<\/span><\/p>\n\n\n\n<hr class=\"wp-block-separator has-alpha-channel-opacity\"\/>","protected":false},"excerpt":{"rendered":"<p>L&#039;automazione sanitaria e la consulenza sull&#039;intelligenza artificiale integrano la tecnologia dell&#039;intelligenza artificiale per migliorare la cura, l&#039;efficienza e l&#039;innovazione dei pazienti.<\/p>","protected":false},"author":1,"featured_media":62434,"parent":44406,"menu_order":14,"comment_status":"closed","ping_status":"closed","template":"","meta":{"_uag_custom_page_level_css":"","footnotes":""},"class_list":["post-44695","page","type-page","status-publish","has-post-thumbnail"],"uagb_featured_image_src":{"full":["https:\/\/www.sisinternational.com\/wp-content\/uploads\/2025\/08\/Healthcare-16.jpg",1456,816,false],"thumbnail":["https:\/\/www.sisinternational.com\/wp-content\/uploads\/2025\/08\/Healthcare-16-150x150.jpg",150,150,true],"medium":["https:\/\/www.sisinternational.com\/wp-content\/uploads\/2025\/08\/Healthcare-16-300x168.jpg",300,168,true],"medium_large":["https:\/\/www.sisinternational.com\/wp-content\/uploads\/2025\/08\/Healthcare-16-768x430.jpg",768,430,true],"large":["https:\/\/www.sisinternational.com\/wp-content\/uploads\/2025\/08\/Healthcare-16-1024x574.jpg",1024,574,true],"1536x1536":["https:\/\/www.sisinternational.com\/wp-content\/uploads\/2025\/08\/Healthcare-16.jpg",1456,816,false],"2048x2048":["https:\/\/www.sisinternational.com\/wp-content\/uploads\/2025\/08\/Healthcare-16.jpg",1456,816,false],"trp-custom-language-flag":["https:\/\/www.sisinternational.com\/wp-content\/uploads\/2025\/08\/Healthcare-16-18x10.jpg",18,10,true]},"uagb_author_info":{"display_name":"Ruth Stanat","author_link":"https:\/\/www.sisinternational.com\/it\/author\/expert\/"},"uagb_comment_info":0,"uagb_excerpt":"Healthcare automation and artificial intelligence consulting integrate AI technology for better patient care, efficiency, and innovation.","_links":{"self":[{"href":"https:\/\/www.sisinternational.com\/it\/wp-json\/wp\/v2\/pages\/44695","targetHints":{"allow":["GET"]}}],"collection":[{"href":"https:\/\/www.sisinternational.com\/it\/wp-json\/wp\/v2\/pages"}],"about":[{"href":"https:\/\/www.sisinternational.com\/it\/wp-json\/wp\/v2\/types\/page"}],"author":[{"embeddable":true,"href":"https:\/\/www.sisinternational.com\/it\/wp-json\/wp\/v2\/users\/1"}],"replies":[{"embeddable":true,"href":"https:\/\/www.sisinternational.com\/it\/wp-json\/wp\/v2\/comments?post=44695"}],"version-history":[{"count":11,"href":"https:\/\/www.sisinternational.com\/it\/wp-json\/wp\/v2\/pages\/44695\/revisions"}],"predecessor-version":[{"id":81726,"href":"https:\/\/www.sisinternational.com\/it\/wp-json\/wp\/v2\/pages\/44695\/revisions\/81726"}],"up":[{"embeddable":true,"href":"https:\/\/www.sisinternational.com\/it\/wp-json\/wp\/v2\/pages\/44406"}],"wp:featuredmedia":[{"embeddable":true,"href":"https:\/\/www.sisinternational.com\/it\/wp-json\/wp\/v2\/media\/62434"}],"wp:attachment":[{"href":"https:\/\/www.sisinternational.com\/it\/wp-json\/wp\/v2\/media?parent=44695"}],"curies":[{"name":"wp","href":"https:\/\/api.w.org\/{rel}","templated":true}]}}