{"id":44684,"date":"2024-01-06T14:28:37","date_gmt":"2024-01-06T19:28:37","guid":{"rendered":"https:\/\/www.sisinternational.com\/?page_id=44684"},"modified":"2026-02-18T12:38:30","modified_gmt":"2026-02-18T17:38:30","slug":"consulenza-sullintelligenza-artificiale-delle-bevande-alimentari","status":"publish","type":"page","link":"https:\/\/www.sisinternational.com\/it\/soluzioni\/ai-ricerche-di-mercato-e-consulenza-strategica\/consulenza-sullintelligenza-artificiale-delle-bevande-alimentari\/","title":{"rendered":"Consulenza sull&#039;intelligenza artificiale per alimenti e bevande"},"content":{"rendered":"<h1 class=\"wp-block-heading\">Consulenza sull&#039;intelligenza artificiale per alimenti e bevande<\/h1>\n\n\n\n<figure class=\"gb-block-image gb-block-image-445e5093\"><img loading=\"lazy\" decoding=\"async\" width=\"1456\" height=\"816\" class=\"gb-image gb-image-445e5093\" src=\"https:\/\/www.sisinternational.com\/wp-content\/uploads\/2025\/08\/Beverages-8.jpg\" alt=\"Ricerca e strategia di mercato internazionale SIS\" title=\"Beverages (8)\" srcset=\"https:\/\/www.sisinternational.com\/wp-content\/uploads\/2025\/08\/Beverages-8.jpg 1456w, https:\/\/www.sisinternational.com\/wp-content\/uploads\/2025\/08\/Beverages-8-300x168.jpg 300w, https:\/\/www.sisinternational.com\/wp-content\/uploads\/2025\/08\/Beverages-8-1024x574.jpg 1024w, https:\/\/www.sisinternational.com\/wp-content\/uploads\/2025\/08\/Beverages-8-768x430.jpg 768w, https:\/\/www.sisinternational.com\/wp-content\/uploads\/2025\/08\/Beverages-8-18x10.jpg 18w\" sizes=\"auto, (max-width: 1456px) 100vw, 1456px\"><\/figure>\n\n\n\n<p><\/p>\n\n\n\n<p>Is your business ready for the future of food? The integration of AI in the food industry is a revolution that&#8217;s reshaping how businesses operate from farm to table. AI is revolutionizing supply chains, enabling smarter inventory management, enhancing food safety protocols \u2013 and personalizing customer experiences in ways previously unimaginable.<\/p>\n\n\n\n<h2 class=\"wp-block-heading\">Cos&#039;\u00e8 la consulenza sull&#039;intelligenza artificiale per alimenti e bevande?<\/h2>\n\n\n\n<p>Food and <a title=\"Consulenza sull&#039;automazione delle bevande e sull&#039;intelligenza artificiale\" href=\"https:\/\/www.sisinternational.com\/it\/soluzioni\/ai-ricerche-di-mercato-e-consulenza-strategica\/consulenza-sullintelligenza-artificiale-per-lautomazione-delle-bevande\/\" data-wpil-monitor-id=\"3901\">Beverage Artificial Intelligence<\/a> Consulting consulting is a specialized field that combines the expertise of food industry knowledge with the disruptive potential of AI technology. This unique blend offers businesses a pathway to integrate AI solutions into their food-related operations, ensuring they stay ahead in a highly competitive and evolving market.<\/p>\n\n\n\n<p>At its core, Food and Beverage Artificial Intelligence Consulting involves analyzing a company&#8217;s specific needs and challenges in the <a title=\"La necessit\u00e0 di intelligence competitiva in una recessione\" href=\"https:\/\/www.sisinternational.com\/it\/la-necessita-di-intelligenza-competitiva-in-questa-recessione\/\" data-wpil-monitor-id=\"2190\">food sector and then devising AI-driven strategies<\/a> to address them. This can range from implementing AI algorithms for better inventory management to using machine learning models for predicting consumer trends to integrating AI in food safety and quality control processes.<\/p>\n\n\n\n<p>A differenza delle applicazioni IA generiche, la consulenza sull&#039;intelligenza artificiale per alimenti e bevande considera gli aspetti unici di un&#039;azienda: il mercato di riferimento, i processi operativi esistenti e gli obiettivi a lungo termine.<\/p>\n\n\n\n<h2 class=\"wp-block-heading\">Perch\u00e9 le aziende hanno bisogno di consulenza sull&#039;intelligenza artificiale per alimenti e bevande<\/h2>\n\n\n\n<p>L\u2019industria alimentare si trova ad affrontare le crescenti richieste dei consumatori in termini di personalizzazione e qualit\u00e0. L\u2019intelligenza artificiale consente alle aziende di comprendere e prevedere il comportamento dei consumatori con maggiore precisione, consentendo loro di personalizzare i propri prodotti e servizi in modo pi\u00f9 efficace. Ad esempio, l\u2019intelligenza artificiale pu\u00f2 analizzare i dati dei clienti per identificare le tendenze alimentari emergenti o le preferenze dietetiche, consentendo alle aziende di adattare le proprie offerte in modo rapido ed efficiente.<\/p>\n\n\n\n<p>Le aziende alimentari spesso hanno a che fare con catene di approvvigionamento complesse che possono essere ottimizzate in termini di efficienza e sostenibilit\u00e0 utilizzando le tecnologie di intelligenza artificiale. La consulenza sull&#039;intelligenza artificiale per alimenti e bevande aiuta le aziende a prevedere la domanda, gestire l&#039;inventario e persino aiutare a reperire gli ingredienti in modo pi\u00f9 sostenibile, riducendo sprechi e costi.<\/p>\n\n\n\n<p>Moreover, Food and Beverage AI Consulting can monitor and analyze data from various points in the production process, quickly identifying potential issues and ensuring that the highest standards of quality and safety are maintained.<\/p>\n\n\n\n<h2 class=\"wp-block-heading\">Come condurre consulenze sull&#039;intelligenza artificiale<\/h2>\n\n\n\n<p>Condurre consulenze sull&#039;intelligenza artificiale per alimenti e bevande comporta una serie di passaggi strategici, garantendo che le soluzioni di intelligenza artificiale implementate siano in linea con gli obiettivi aziendali e i requisiti del settore. Ecco una linea guida su come affrontare questo processo:<\/p>\n\n\n\n<ul class=\"wp-block-list\">\n<li><strong>Valutazione delle esigenze e degli obiettivi aziendali:<\/strong> The first step is a thorough assessment of the business\u2019s specific needs, challenges, and objectives. <\/li>\n\n\n\n<li><strong>Raccolta e analisi dei dati:<\/strong> Ci\u00f2 pu\u00f2 comportare la raccolta di dati interni (come vendite, inventario e feedback dei clienti) e dati esterni (come tendenze di mercato e comportamento dei consumatori). La qualit\u00e0 e la completezza di questi dati sono fondamentali per un\u2019efficace implementazione dell\u2019IA.<\/li>\n\n\n\n<li><strong>Identificazione di soluzioni AI appropriate:<\/strong> Based on the data and business needs, the next step is to identify the most suitable AI technologies and tools. <\/li>\n\n\n\n<li><strong>Sviluppo di soluzioni personalizzate:<\/strong> The AI solutions should be tailored to fit the unique context of the business. This customization is what sets Food and Beverage AI Consulting apart \u2013 ensuring that the solutions are not just advanced technologically but are also practical and relevant.<\/li>\n\n\n\n<li><strong>Integrazione e implementazione:<\/strong> Una volta sviluppate, le soluzioni devono essere integrate nelle operazioni aziendali esistenti. Questo passaggio deve essere gestito con attenzione per ridurre al minimo le interruzioni e garantire un&#039;adozione regolare. Spesso comporta l&#039;installazione del software, gli aggiornamenti del sistema e talvolta l&#039;integrazione dell&#039;hardware.<\/li>\n<\/ul>\n\n\n\n<h2 class=\"wp-block-heading\">In che modo la consulenza sull&#039;intelligenza artificiale per alimenti e bevande differisce dalle ricerche di mercato tradizionali<\/h2>\n\n\n\n<p>La consulenza sull&#039;intelligenza artificiale per alimenti e bevande e le tradizionali ricerche di mercato sono entrambe cruciali per le aziende del settore alimentare, ma differiscono in modo significativo nei loro approcci, metodologie e risultati.<\/p>\n\n\n\n<h3 class=\"wp-block-heading\">Analisi dei dati e generazione di insight<\/h3>\n\n\n\n<p>La ricerca di mercato tradizionale spesso si basa su sondaggi, focus group e dati storici sulle vendite per raccogliere approfondimenti. L&#039;analisi \u00e8 solitamente manuale o semiautomatica e si concentra sulla comprensione dei comportamenti, delle preferenze e delle tendenze del mercato dei consumatori. D&#039;altra parte, la consulenza sull&#039;intelligenza artificiale per alimenti e bevande utilizza algoritmi avanzati e apprendimento automatico per analizzare grandi quantit\u00e0 di dati, inclusi dati in tempo reale. Questo approccio offre informazioni pi\u00f9 profonde e sfumate, come l\u2019analisi predittiva e la modellazione del comportamento dei consumatori, che spesso vanno oltre la portata dei metodi tradizionali.<\/p>\n\n\n\n<h3 class=\"wp-block-heading\">Scalabilit\u00e0<\/h3>\n\n\n\n<p>La ricerca di mercato tradizionale pu\u00f2 avere una portata limitata a causa della natura manuale della raccolta e dell\u2019analisi dei dati. L\u2019espansione richiede spesso risorse significative. La consulenza sull&#039;intelligenza artificiale per alimenti e bevande \u00e8 altamente scalabile e pu\u00f2 elaborare in modo efficiente grandi quantit\u00e0 di dati provenienti da pi\u00f9 fonti.<\/p>\n\n\n\n<h3 class=\"wp-block-heading\">Personalizzazione e flessibilit\u00e0<\/h3>\n\n\n\n<p>Sebbene la ricerca di mercato tradizionale possa essere adattata a domande o argomenti specifici, potrebbe non avere la flessibilit\u00e0 necessaria per adattarsi rapidamente alle mutevoli condizioni del mercato. La consulenza sull&#039;intelligenza artificiale per alimenti e bevande \u00e8 altamente personalizzabile e adattabile, in grado di adattarsi rapidamente man mano che nuovi dati diventano disponibili o quando cambiano le esigenze aziendali.<\/p>\n\n\n\n<h2 class=\"wp-block-heading\">Cosa aspettarsi dalla consulenza sull&#039;intelligenza artificiale per alimenti e bevande<\/h2>\n\n\n\n<p>Businesses can anticipate a range of outcomes and benefits when embarking on a journey with <a title=\"Adozione dell\u2019intelligenza artificiale (AI) nelle piccole imprese\" href=\"https:\/\/www.sisinternational.com\/it\/ladozione-dellintelligenza-artificiale-nelle-piccole-imprese\/\" data-wpil-monitor-id=\"2790\">Food and Beverage Artificial Intelligence<\/a> Consulting. Here are some of the key expectations:<\/p>\n\n\n\n<ul class=\"wp-block-list\">\n<li><strong>Maggiore efficienza operativa:<\/strong> Le soluzioni di intelligenza artificiale spesso semplificano vari aspetti del settore alimentare, dalla gestione della catena di approvvigionamento al controllo delle scorte. Ci\u00f2 porta ad una maggiore efficienza operativa, costi ridotti e sprechi minimizzati.<\/li>\n\n\n\n<li><strong>Analisi predittiva per le tendenze del mercato:<\/strong> Le aziende possono aspettarsi di ottenere un vantaggio nella comprensione delle tendenze future del mercato e dei comportamenti dei consumatori. L\u2019analisi predittiva fornita dall\u2019intelligenza artificiale aiuta ad anticipare i cambiamenti del mercato, consentendo alle aziende di rimanere al passo con i tempi.<\/li>\n\n\n\n<li><strong>Miglioramento della qualit\u00e0 e della sicurezza del prodotto:<\/strong> Grazie alla consulenza sull&#039;intelligenza artificiale per alimenti e bevande e alla capacit\u00e0 dell&#039;intelligenza artificiale di monitorare e analizzare i processi di produzione, le aziende possono aspettarsi miglioramenti nella qualit\u00e0 dei prodotti e negli standard di sicurezza, che sono fondamentali nell&#039;industria alimentare.<\/li>\n\n\n\n<li><strong>Ritorno sull&#039;investimento:<\/strong> Sebbene gli investimenti iniziali nell\u2019intelligenza artificiale possano essere significativi, le aziende possono aspettarsi un ROI sostanziale attraverso l\u2019aumento delle vendite, la riduzione dei costi e il miglioramento dell\u2019efficienza nel tempo.<\/li>\n<\/ul>\n\n\n\n<h2 class=\"wp-block-heading\">Tecnologie e strumenti nella consulenza sull&#039;intelligenza artificiale alimentare<\/h2>\n\n\n\n<p>La consulenza sull&#039;intelligenza artificiale per alimenti e bevande sfrutta una variet\u00e0 di tecnologie e strumenti all&#039;avanguardia per promuovere l&#039;innovazione e l&#039;efficienza nel settore alimentare. Comprendere queste tecnologie \u00e8 fondamentale per apprezzare il modo in cui l\u2019intelligenza artificiale trasforma le operazioni del settore alimentare e le esperienze dei consumatori:<\/p>\n\n\n\n<ul class=\"wp-block-list\">\n<li><strong>Elaborazione del linguaggio naturale (PNL):<\/strong> La PNL consente alle macchine di comprendere e interpretare il linguaggio umano. Nell&#039;intelligenza artificiale alimentare, questo pu\u00f2 essere utilizzato per analizzare le recensioni dei clienti, condurre analisi del sentiment e persino nei chatbot per il servizio clienti.<\/li>\n\n\n\n<li><strong>Visione computerizzata:<\/strong> Questa tecnologia viene utilizzata per interpretare e prendere decisioni basate su dati visivi. Nell&#039;industria alimentare, la visione artificiale pu\u00f2 essere applicata al controllo di qualit\u00e0 (ad esempio, per identificare difetti nei prodotti), al dimensionamento delle porzioni e persino ai processi di smistamento.<\/li>\n\n\n\n<li><strong>Robotica e Automazione:<\/strong> La robotica viene sempre pi\u00f9 utilizzata nella produzione e nel confezionamento degli alimenti. L\u2019automazione pu\u00f2 migliorare l\u2019efficienza, ridurre i costi di manodopera e migliorare la precisione nella produzione alimentare.<\/li>\n\n\n\n<li><strong>Internet delle cose (IoT):<\/strong> I dispositivi IoT raccolgono e scambiano dati in tempo reale. Nell\u2019intelligenza artificiale alimentare, l\u2019IoT pu\u00f2 essere utilizzato per monitorare le condizioni di conservazione, tracciare i prodotti lungo la catena di approvvigionamento e ottimizzare l\u2019uso dell\u2019energia negli impianti di produzione.<\/li>\n\n\n\n<li><strong>Analisi dei dati e piattaforme Big Data:<\/strong> Questi sono essenziali per l\u2019elaborazione e l\u2019analisi delle grandi quantit\u00e0 di dati generati nell\u2019industria alimentare. Le piattaforme di big data possono gestire set di dati complessi provenienti da varie fonti, fornendo approfondimenti completi.<\/li>\n<\/ul>\n\n\n\n<h2 class=\"wp-block-heading\">Soluzioni SIS: consulenza sull&#039;intelligenza artificiale per alimenti e bevande<\/h2>\n\n\n\n<p>We provide cutting-edge solutions to revolutionize the food industry, leveraging the power of artificial intelligence to drive innovation and efficiency. Our researchers conduct strategic analyses to turn information into actionable insights and help you consider <a title=\"Ricerche di mercato in Moldavia\" href=\"https:\/\/www.sisinternational.com\/it\/copertura\/europa\/ricerche-di-mercato-in-moldavia\/\" data-wpil-monitor-id=\"5879\">Consulenza sull&#039;intelligenza artificiale per alimenti e bevande<\/a> with a full market view \u2013 and our focus on strategic analysis and actionable insights goes beyond data and provides tailored solutions for clients.<\/p>\n\n\n\n<ul class=\"wp-block-list\">\n<li><strong>Analisi predittiva per le tendenze del mercato:<\/strong> Le nostre soluzioni di analisi predittiva basate sull&#039;intelligenza artificiale aiutano le aziende ad anticipare i cambiamenti del mercato e i comportamenti dei consumatori, consentendo loro di rimanere al passo con i tempi e prendere decisioni basate sui dati per lo sviluppo del prodotto e le strategie di marketing.<\/li>\n\n\n\n<li><strong>Ottimizzazione della catena di fornitura:<\/strong> Sfruttando gli algoritmi di intelligenza artificiale, ottimizziamo i processi della supply chain, tra cui la gestione dell&#039;inventario, la previsione della domanda e la logistica, garantendo operazioni efficienti, riducendo i costi e minimizzando gli sprechi.<\/li>\n\n\n\n<li><strong>Sicurezza alimentare e controllo qualit\u00e0:<\/strong> Le nostre soluzioni di intelligenza artificiale monitorano e analizzano i processi di produzione in tempo reale, garantendo il rispetto dei pi\u00f9 elevati standard di sicurezza alimentare e controllo di qualit\u00e0, rafforzando cos\u00ec la fiducia dei consumatori e la reputazione del marchio.<\/li>\n\n\n\n<li><strong>Esperienze cliente personalizzate:<\/strong> Utilizzando sistemi di raccomandazione basati sull&#039;intelligenza artificiale e modellizzazione del comportamento dei consumatori, aiutiamo le aziende a personalizzare l&#039;esperienza dei clienti, offrendo consigli su prodotti su misura e strategie di marketing mirate per migliorare il coinvolgimento e la fidelizzazione.<\/li>\n\n\n\n<li><strong>Implementazione dell&#039;automazione robotica dei processi (RPA):<\/strong> Automatizziamo le attivit\u00e0 di routine e ripetitive nella produzione e nel confezionamento degli alimenti attraverso soluzioni RPA, migliorando l&#039;efficienza, riducendo gli errori e liberando risorse umane per iniziative pi\u00f9 strategiche.<\/li>\n\n\n\n<li><strong>Servizi di analisi e visualizzazione dei dati:<\/strong> I nostri strumenti avanzati di analisi e visualizzazione dei dati forniscono approfondimenti completi da set di dati di grandi dimensioni, consentendo alle aziende di prendere decisioni informate e identificare opportunit\u00e0 di crescita e ottimizzazione.<\/li>\n\n\n\n<li><strong>Sviluppo di soluzioni personalizzate:<\/strong> Sviluppiamo soluzioni di intelligenza artificiale personalizzate su misura per soddisfare le esigenze e le sfide uniche di ogni azienda, garantendo implementazioni pratiche e pertinenti che portano a risultati tangibili e successo a lungo termine.<\/li>\n<\/ul>\n\n\n\n<h2 class=\"wp-block-heading\">A proposito di SIS Internazionale<\/h2>\n\n\n\n<p>SIS International offre ricerca quantitativa, qualitativa e strategica. Forniamo dati, strumenti, strategie, report e approfondimenti per il processo decisionale. Conduciamo interviste, sondaggi, focus group e molti altri metodi e approcci di ricerca di mercato. Contattaci per il tuo prossimo progetto di ricerca di mercato.<\/p>","protected":false},"excerpt":{"rendered":"<p>La consulenza sull&#039;intelligenza artificiale per alimenti e bevande combina la conoscenza del settore alimentare con la tecnologia dell&#039;intelligenza artificiale per aiutare le aziende a integrare soluzioni di intelligenza artificiale.<\/p>","protected":false},"author":1,"featured_media":62628,"parent":44406,"menu_order":11,"comment_status":"closed","ping_status":"closed","template":"","meta":{"footnotes":""},"class_list":["post-44684","page","type-page","status-publish","has-post-thumbnail"],"_links":{"self":[{"href":"https:\/\/www.sisinternational.com\/it\/wp-json\/wp\/v2\/pages\/44684","targetHints":{"allow":["GET"]}}],"collection":[{"href":"https:\/\/www.sisinternational.com\/it\/wp-json\/wp\/v2\/pages"}],"about":[{"href":"https:\/\/www.sisinternational.com\/it\/wp-json\/wp\/v2\/types\/page"}],"author":[{"embeddable":true,"href":"https:\/\/www.sisinternational.com\/it\/wp-json\/wp\/v2\/users\/1"}],"replies":[{"embeddable":true,"href":"https:\/\/www.sisinternational.com\/it\/wp-json\/wp\/v2\/comments?post=44684"}],"version-history":[{"count":12,"href":"https:\/\/www.sisinternational.com\/it\/wp-json\/wp\/v2\/pages\/44684\/revisions"}],"predecessor-version":[{"id":82993,"href":"https:\/\/www.sisinternational.com\/it\/wp-json\/wp\/v2\/pages\/44684\/revisions\/82993"}],"up":[{"embeddable":true,"href":"https:\/\/www.sisinternational.com\/it\/wp-json\/wp\/v2\/pages\/44406"}],"wp:featuredmedia":[{"embeddable":true,"href":"https:\/\/www.sisinternational.com\/it\/wp-json\/wp\/v2\/media\/62628"}],"wp:attachment":[{"href":"https:\/\/www.sisinternational.com\/it\/wp-json\/wp\/v2\/media?parent=44684"}],"curies":[{"name":"wp","href":"https:\/\/api.w.org\/{rel}","templated":true}]}}