{"id":44499,"date":"2023-12-28T15:09:33","date_gmt":"2023-12-28T20:09:33","guid":{"rendered":"https:\/\/www.sisinternational.com\/?page_id=44499"},"modified":"2026-02-18T12:33:18","modified_gmt":"2026-02-18T17:33:18","slug":"ricerche-di-mercato-sullintelligenza-artificiale-generativa","status":"publish","type":"page","link":"https:\/\/www.sisinternational.com\/it\/soluzioni\/ai-ricerche-di-mercato-e-consulenza-strategica\/ricerche-di-mercato-sullintelligenza-artificiale-generativa\/","title":{"rendered":"Ricerche di mercato sull\u2019intelligenza artificiale generativa"},"content":{"rendered":"<h1 class=\"wp-block-heading\">Ricerche di mercato sull\u2019intelligenza artificiale generativa<\/h1>\n\n\n\n<figure class=\"gb-block-image gb-block-image-acf00f71\"><img loading=\"lazy\" decoding=\"async\" width=\"1456\" height=\"816\" class=\"gb-image gb-image-acf00f71\" src=\"https:\/\/www.sisinternational.com\/wp-content\/uploads\/2025\/08\/AI-1.jpg\" alt=\"Ricerca e strategia di mercato internazionale SIS\" title=\"AI (1)\" srcset=\"https:\/\/www.sisinternational.com\/wp-content\/uploads\/2025\/08\/AI-1.jpg 1456w, https:\/\/www.sisinternational.com\/wp-content\/uploads\/2025\/08\/AI-1-300x168.jpg 300w, https:\/\/www.sisinternational.com\/wp-content\/uploads\/2025\/08\/AI-1-1024x574.jpg 1024w, https:\/\/www.sisinternational.com\/wp-content\/uploads\/2025\/08\/AI-1-768x430.jpg 768w, https:\/\/www.sisinternational.com\/wp-content\/uploads\/2025\/08\/AI-1-18x10.jpg 18w\" sizes=\"auto, (max-width: 1456px) 100vw, 1456px\"><\/figure>\n\n\n\n<p><\/p>\n\n\n\n<p>Mentre le aziende e gli innovatori cercano di sfruttare la potenza dell\u2019intelligenza artificiale nella creazione, simulazione e generazione di nuovi contenuti e soluzioni, comprendere le complessit\u00e0 del mercato dell\u2019intelligenza artificiale generativa diventa una necessit\u00e0. Ecco perch\u00e9 la ricerca di mercato sull&#039;intelligenza artificiale generativa \u00e8 uno strumento chiave per le aziende in questo settore poich\u00e9 fornisce informazioni approfondite su come viene utilizzata l&#039;intelligenza artificiale generativa e sulle sue potenziali applicazioni.<\/p>\n\n\n\n<h2 class=\"wp-block-heading\">Cos\u2019\u00e8 esattamente la ricerca di mercato sull\u2019intelligenza artificiale generativa?<\/h2>\n\n\n\n<p>La ricerca di mercato sull\u2019intelligenza artificiale generativa \u00e8 l\u2019analisi delle dinamiche di mercato, dei progressi tecnologici, delle applicazioni e del potenziale futuro dell\u2019intelligenza artificiale generativa. Questa ricerca comprende lo studio degli strumenti di sviluppo, delle piattaforme e delle infrastrutture che supportano l\u2019intelligenza artificiale generativa. Implica anche l\u2019analisi delle tendenze attuali ed emergenti, la comprensione del panorama competitivo, l\u2019identificazione dei principali attori del mercato e la previsione delle aree di crescita future.<\/p>\n\n\n\n<h2 class=\"wp-block-heading\">La grande importanza delle ricerche di mercato sull\u2019intelligenza artificiale generativa<\/h2>\n\n\n\n<p>Generative <a class=\"wpil_keyword_link\" title=\"Ricerca e strategia di mercato dell&#039;intelligenza artificiale\" href=\"https:\/\/www.sisinternational.com\/it\/soluzioni\/ai-ricerche-di-mercato-e-consulenza-strategica\/\" data-wpil-keyword-link=\"linked\" data-wpil-monitor-id=\"641\">AI market research<\/a> is crucial for keeping pace with technological advancements, and staying informed about the latest developments, tools, and techniques is vital for businesses and innovators to remain competitive.<\/p>\n\n\n\n<p>Inoltre, <a title=\"Ricerche di mercato sulla produzione di energia\" href=\"https:\/\/www.sisinternational.com\/it\/competenza\/industrie\/ricerche-di-mercato-sulla-produzione-di-energia\/\" data-wpil-monitor-id=\"3056\">generative AI market research<\/a> helps businesses anticipate and prepare for these changes, ensuring they can adapt and thrive in an AI-transformed landscape. But, it has multiple additional benefits such as:<\/p>\n\n\n\n<ul class=\"wp-block-list\">\n<li><strong>Vantaggio competitivo:<\/strong> Comprendere il panorama attuale e il potenziale futuro dell\u2019intelligenza artificiale generativa consente alle aziende di stare al passo con la concorrenza. Le aziende possono sfruttare questa conoscenza per innovare, migliorare la propria offerta ed entrare in nuovi mercati, ottenendo cos\u00ec un vantaggio competitivo.<\/li>\n\n\n\n<li><strong>Identificazione di Nuove Opportunit\u00e0:<\/strong> Questa ricerca aiuta a identificare le applicazioni emergenti e le opportunit\u00e0 per l\u2019intelligenza artificiale generativa in vari settori. Le aziende possono scoprire aree non sfruttate in cui i contenuti e le soluzioni generati dall\u2019intelligenza artificiale possono aggiungere valore, aprendo nuove strade per la crescita e la diversificazione del business.<\/li>\n\n\n\n<li><strong>Gestione del rischio:<\/strong> <a title=\"Ricerche di mercato sulla Generazione Alpha\" data-wpil-monitor-id=\"6660\" href=\"https:\/\/www.sisinternational.com\/it\/pubblicazioni\/ricerche-di-mercato-sulla-generazione-alfa\/\">Generative AI market research<\/a> provides insights into the challenges and risks associated with generative AI, such as ethical considerations, data privacy, and regulatory compliance.<\/li>\n\n\n\n<li><strong>Sviluppo del prodotto informato:<\/strong> Per gli sviluppatori e i fornitori di tecnologia, la ricerca di mercato nell\u2019intelligenza artificiale generativa \u00e8 fondamentale per sviluppare prodotti e servizi che soddisfino le esigenze del mercato. Aiuta a comprendere le esigenze dei clienti, le lacune tecnologiche e le aree di miglioramento.<\/li>\n\n\n\n<li><strong>Linee guida su politiche e regolamenti:<\/strong> Per i politici e gli organismi di regolamentazione, la ricerca di mercato sull\u2019intelligenza artificiale generativa \u00e8 essenziale per comprendere l\u2019impatto dell\u2019intelligenza artificiale sulla societ\u00e0, sull\u2019economia e sull\u2019etica. Questa conoscenza pu\u00f2 guidare lo sviluppo di politiche e normative che garantiscano l\u2019uso responsabile dell\u2019IA.<\/li>\n<\/ul>\n\n\n\n<h2 class=\"wp-block-heading\">Quando condurre ricerche di mercato sull\u2019intelligenza artificiale generativa?<\/h2>\n\n\n\n<p>Determinare il momento giusto per condurre ricerche di mercato sull\u2019intelligenza artificiale generativa pu\u00f2 avere un impatto significativo sulla pertinenza e sull\u2019utilit\u00e0 delle informazioni ottenute. Ecco alcuni scenari chiave in cui condurre questa ricerca diventa particolarmente importante:<\/p>\n\n\n\n<ul class=\"wp-block-list\">\n<li><strong>Prima di lanciare un nuovo prodotto o servizio basato sull&#039;intelligenza artificiale:<\/strong> Prima di introdurre un nuovo prodotto o servizio che sfrutta l&#039;intelligenza artificiale generativa, \u00e8 essenziale comprendere il panorama del mercato. La ricerca di mercato sull\u2019intelligenza artificiale generativa in questa fase aiuta a identificare le esigenze dei clienti, le lacune del mercato e i parametri di riferimento competitivi, garantendo che il prodotto o il servizio sia ben posizionato per il successo.<\/li>\n\n\n\n<li><strong>Quando si pianificano investimenti strategici nella tecnologia:<\/strong> Per le aziende che stanno valutando investimenti significativi nella tecnologia dell\u2019intelligenza artificiale, in particolare nell\u2019intelligenza artificiale generativa, condurre ricerche di mercato \u00e8 vitale. Questa ricerca informa le decisioni di investimento, aiutando le aziende a comprendere il potenziale ROI, le tendenze tecnologiche e le implicazioni a lungo termine dei loro investimenti.<\/li>\n\n\n\n<li><strong>Quando si aggiornano o migliorano i sistemi IA esistenti:<\/strong> Per le aziende che gi\u00e0 utilizzano l\u2019intelligenza artificiale, \u00e8 importante rimanere aggiornati con gli ultimi progressi nell\u2019intelligenza artificiale generativa. Condurre ricerche di mercato sull&#039;intelligenza artificiale generativa quando si pianifica l&#039;aggiornamento o l&#039;aggiornamento dei sistemi di intelligenza artificiale esistenti garantisce che l&#039;azienda rimanga all&#039;avanguardia nei progressi tecnologici.<\/li>\n\n\n\n<li><strong>Per identificare nuove opportunit\u00e0 di business:<\/strong> La ricerca di mercato sull\u2019intelligenza artificiale generativa \u00e8 essenziale anche quando si esplorano nuove opportunit\u00e0 di business. Fornisce approfondimenti sulle tendenze emergenti, sulle potenziali aree di innovazione e sui mercati non sfruttati, guidando le aziende verso opportunit\u00e0 redditizie e strategiche.<\/li>\n<\/ul>\n\n\n\n<h2 class=\"wp-block-heading\">Settori chiave per le ricerche di mercato sull\u2019intelligenza artificiale generativa<\/h2>\n\n\n\n<p>La ricerca di mercato sull\u2019intelligenza artificiale generativa \u00e8 vitale in quasi tutti i settori, ciascuno dei quali sfrutta il potenziale dell\u2019intelligenza artificiale per rivoluzionare operazioni, prodotti e servizi. In ogni caso, ecco alcuni settori chiave in cui la ricerca di mercato sull\u2019intelligenza artificiale generativa svolge un ruolo significativo:<\/p>\n\n\n\n<ul class=\"wp-block-list\">\n<li><strong>Sviluppo tecnologico e software:<\/strong> L\u2019industria tecnologica \u00e8 in prima linea nell\u2019applicazione dell\u2019intelligenza artificiale generativa. Ci\u00f2 include la creazione di algoritmi di intelligenza artificiale avanzati, strumenti di sviluppo e piattaforme che guidano l\u2019innovazione in varie applicazioni, dai giochi alla business intelligence.<\/li>\n\n\n\n<li><strong>Sanit\u00e0 e biotecnologie:<\/strong> Generative AI is used for drug discovery, personalized medicine, and predictive analytics. Generative AI market <a title=\"Ricerche di mercato per l\u2019imaging diagnostico\" data-wpil-monitor-id=\"6369\" href=\"https:\/\/www.sisinternational.com\/it\/competenza\/industrie\/ricerche-di-mercato-per-immagini-diagnostiche\/\">ricerca<\/a> in this sector focuses on the development of AI models that can simulate biological processes and aid in developing new treatments and diagnostic tools.<\/li>\n\n\n\n<li><strong>Media e intrattenimento:<\/strong> Nei media e nell&#039;intrattenimento, l&#039;intelligenza artificiale generativa viene utilizzata per la creazione di contenuti, tra cui musica, arte e video. La ricerca di mercato qui esplora come l\u2019intelligenza artificiale pu\u00f2 potenziare la creativit\u00e0, migliorare i processi di produzione di contenuti e creare nuove forme di intrattenimento.<\/li>\n\n\n\n<li><strong>Vendita al dettaglio ed e-commerce:<\/strong> Nel settore della vendita al dettaglio, l\u2019intelligenza artificiale generativa viene utilizzata per il marketing personalizzato, la gestione dell\u2019inventario e il miglioramento dell\u2019esperienza del cliente. Le ricerche di mercato aiutano a capire come l\u2019intelligenza artificiale pu\u00f2 ottimizzare le operazioni di vendita al dettaglio e personalizzare le interazioni con i clienti.<\/li>\n\n\n\n<li><strong>Energia e Utilit\u00e0:<\/strong> Le applicazioni di intelligenza artificiale generativa nel settore dell&#039;energia e dei servizi pubblici includono la manutenzione predittiva, l&#039;ottimizzazione del consumo energetico e la gestione della rete. La ricerca in questo settore si concentra su come l\u2019intelligenza artificiale pu\u00f2 migliorare l\u2019efficienza e la sostenibilit\u00e0 nella produzione e distribuzione di energia.<\/li>\n<\/ul>\n\n\n\n<h2 class=\"wp-block-heading\">Principali attori nella ricerca di mercato dell\u2019intelligenza artificiale generativa<\/h2>\n\n\n\n<p>The generative AI market is a rapidly growing field with diverse players at the forefront of advancing generative AI technologies, driving market trends, and shaping the future of AI applications. Here are some of the main players according to <a title=\"Ricerche di mercato nel Maine\" href=\"https:\/\/www.sisinternational.com\/it\/copertura\/le-americhe\/copertura-degli-stati-uniti\/ricerche-di-mercato-nel-maine\/\" data-wpil-monitor-id=\"5411\">generative AI market research<\/a>:<\/p>\n\n\n\n<ul class=\"wp-block-list\">\n<li><strong>OpenAI:<\/strong> In qualit\u00e0 di creatore di ChatGPT, OpenAI \u00e8 diventato un attore chiave nel mercato dell&#039;intelligenza artificiale generativa, in particolare nell&#039;elaborazione del linguaggio naturale e nella generazione di testi.<\/li>\n\n\n\n<li><strong>Stabilit\u00e0 IA:<\/strong> Specializzata in soluzioni basate sull&#039;intelligenza artificiale, Stability AI si concentra sullo sviluppo di modelli e applicazioni generativi avanzati.<\/li>\n\n\n\n<li><strong>Pista ML:<\/strong> Questa startup offre una piattaforma innovativa per i professionisti creativi per sperimentare l&#039;intelligenza artificiale generativa nell&#039;arte e nel design.<\/li>\n\n\n\n<li><strong>Laboratorio di intelligenza artificiale di Stanford:<\/strong> Leader nella ricerca sull&#039;intelligenza artificiale, il laboratorio di Stanford si concentra su vari aspetti dell&#039;intelligenza artificiale generativa, tra cui l&#039;apprendimento automatico e l&#039;elaborazione del linguaggio naturale.<\/li>\n\n\n\n<li><strong>Servizi Web di Amazon (AWS):<\/strong> AWS offre servizi di cloud computing che supportano applicazioni di intelligenza artificiale generativa, rendendola un attore chiave nella fornitura dell&#039;infrastruttura per lo sviluppo dell&#039;intelligenza artificiale.<\/li>\n<\/ul>\n\n\n\n<h2 class=\"wp-block-heading\">Opportunit\u00e0 nel mercato dell\u2019intelligenza artificiale generativa per le imprese<\/h2>\n\n\n\n<p>Il mercato dell\u2019intelligenza artificiale generativa presenta una serie di opportunit\u00e0 per le aziende, aprendo nuove possibilit\u00e0 di innovazione, efficienza e coinvolgimento. Ecco alcune opportunit\u00e0 chiave nel mercato dell\u2019intelligenza artificiale generativa per le aziende:<\/p>\n\n\n\n<ul class=\"wp-block-list\">\n<li><strong>Migliorare i processi creativi:<\/strong> L\u2019intelligenza artificiale generativa offre un immenso potenziale in campi creativi come la progettazione grafica, la pubblicit\u00e0 e la creazione di contenuti. Le aziende possono utilizzare l\u2019intelligenza artificiale per generare nuove idee, progetti e contenuti, migliorando cos\u00ec la creativit\u00e0 e la produttivit\u00e0.<\/li>\n\n\n\n<li><strong>Personalizzazione su larga scala:<\/strong> Una delle opportunit\u00e0 significative offerte dall\u2019intelligenza artificiale generativa \u00e8 la capacit\u00e0 di personalizzare le esperienze dei clienti su larga scala. Dalle campagne di marketing personalizzate ai consigli sui prodotti su misura, l\u2019intelligenza artificiale generativa pu\u00f2 aiutare le aziende a soddisfare in modo efficace le preferenze dei singoli clienti.<\/li>\n\n\n\n<li><strong>Apertura di nuove vie commerciali:<\/strong> Il progresso nell\u2019intelligenza artificiale generativa sta creando nuove opportunit\u00e0 e modelli di business. Le aziende possono esplorare nuovi servizi e prodotti basati su contenuti generati dall\u2019intelligenza artificiale, aprendo territori di mercato inesplorati.<\/li>\n<\/ul>\n\n\n\n<h2 class=\"wp-block-heading\">Challenges of the Generative AI Market for Businesses<\/h2>\n\n\n\n<p>Il mercato dell\u2019intelligenza artificiale generativa presenta anche numerose sfide che le aziende devono affrontare per sfruttare questa tecnologia. Pertanto, comprendere e affrontare queste sfide \u00e8 fondamentale affinch\u00e9 le aziende possano sfruttare tutto il potenziale dell\u2019intelligenza artificiale generativa.<\/p>\n\n\n\n<ul class=\"wp-block-list\">\n<li><strong>Preoccupazioni etiche e sociali:<\/strong> Una delle sfide principali \u00e8 la gestione delle implicazioni etiche dell&#039;IA generativa. Ci\u00f2 include preoccupazioni sulla creazione di deepfake, potenziale uso improprio di contenuti generati dall&#039;IA e garanzia che i modelli di IA non propaghino pregiudizi.<\/li>\n\n\n\n<li><strong>Gap di competenze e acquisizione di talenti:<\/strong> Il campo dell\u2019intelligenza artificiale generativa \u00e8 altamente specializzato e vi \u00e8 un notevole divario di competenze nel mercato. Trovare e trattenere talenti con esperienza in intelligenza artificiale, machine learning e scienza dei dati pu\u00f2 essere difficile per molte aziende<\/li>\n\n\n\n<li><strong>Conformit\u00e0 normativa:<\/strong> Poich\u00e9 il panorama normativo per l\u2019intelligenza artificiale \u00e8 ancora in evoluzione, le aziende devono affrontare sfide nel garantire la conformit\u00e0 alle leggi e alle linee guida esistenti ed emergenti relative alle tecnologie di intelligenza artificiale.<\/li>\n<\/ul>\n\n\n\n<h2 class=\"wp-block-heading\">Prospects of the Generative AI Market for Businesses<\/h2>\n\n\n\n<p>Le prospettive del mercato dell\u2019IA generativa offrono un potenziale significativo di innovazione, efficienza e nuovi modelli di business. Poich\u00e9 la tecnologia continua ad avanzare e a diventare sempre pi\u00f9 sofisticata, si prevede che le applicazioni e l\u2019impatto dell\u2019intelligenza artificiale generativa si amplieranno e si approfondiranno in vari settori.<\/p>\n\n\n\n<ul class=\"wp-block-list\">\n<li><strong>Accelerazione dei processi creativi e di progettazione:<\/strong> Si prevede che l\u2019intelligenza artificiale generativa rivoluzioner\u00e0 ulteriormente campi creativi come la progettazione grafica, la pubblicit\u00e0 e la creazione di contenuti. Le aziende possono sfruttare l\u2019intelligenza artificiale per aumentare la creativit\u00e0 umana, portando a progetti e concetti innovativi.<\/li>\n\n\n\n<li><strong>Personalizzazione migliorata nell&#039;esperienza del cliente:<\/strong> La capacit\u00e0 dell\u2019intelligenza artificiale generativa di creare contenuti personalizzati sar\u00e0 sempre pi\u00f9 utilizzata nel marketing, nella vendita al dettaglio e nel servizio clienti. Ci\u00f2 consentir\u00e0 alle aziende di offrire esperienze altamente personalizzate, migliorando il coinvolgimento e la soddisfazione dei clienti.<\/li>\n\n\n\n<li><strong>Progressi nell\u2019automazione e nell\u2019efficienza:<\/strong> L\u2019intelligenza artificiale generativa sar\u00e0 fondamentale per automatizzare attivit\u00e0 e processi di routine in vari settori, migliorare l\u2019efficienza operativa e ridurre i costi. Ci\u00f2 include applicazioni nell&#039;immissione di dati, nell&#039;analisi e persino nei processi decisionali.<\/li>\n\n\n\n<li><strong>Sviluppo e governance etica dell\u2019IA:<\/strong> Il futuro vedr\u00e0 probabilmente una maggiore enfasi sullo sviluppo di quadri etici di intelligenza artificiale e di modelli di governance per affrontare le implicazioni sociali dell\u2019intelligenza artificiale generativa. Ci\u00f2 sar\u00e0 fondamentale per costruire la fiducia del pubblico e garantire un uso responsabile dell\u2019IA.<\/li>\n\n\n\n<li><strong>Crescita dell\u2019AI-as-a-Service (AIaaS):<\/strong> Le capacit\u00e0 di intelligenza artificiale generativa potrebbero essere sempre pi\u00f9 offerte come servizio, rendendo gli strumenti avanzati di intelligenza artificiale accessibili a una gamma pi\u00f9 ampia di imprese, comprese le piccole e medie imprese.<\/li>\n<\/ul>\n\n\n\n<h2 class=\"wp-block-heading\">Soluzioni SIS: ricerche di mercato sull&#039;intelligenza artificiale generativa<\/h2>\n\n\n\n<p>At SIS, we understand the transformative power of generative AI and its impact on businesses across various industries. Our generative AI <a title=\"Ricerche di mercato sulla mobilit\u00e0 intelligente\" href=\"https:\/\/www.sisinternational.com\/it\/ricerche-di-mercato-sulla-mobilita-intelligente\/\" data-wpil-monitor-id=\"6872\">market research solutions<\/a> provide clients with actionable insights, strategic analysis, and tailored recommendations to navigate this rapidly evolving landscape effectively. Here&#8217;s how we can help:<\/p>\n\n\n\n<ul class=\"wp-block-list\">\n<li><strong>Analisi di mercato completa:<\/strong> We offer comprehensive market analysis, covering key trends, technological advancements, emerging applications, and competitive dynamics in the generative AI market. Our <a title=\"Ricerche di mercato sull&#039;mRNA\" data-wpil-monitor-id=\"4664\" href=\"https:\/\/www.sisinternational.com\/it\/competenza\/industrie\/ricerche-di-mercato\/\">ricerca<\/a> enables clients to understand the current market landscape and identify growth opportunities.<\/li>\n\n\n\n<li><strong>Approfondimenti e raccomandazioni strategici:<\/strong> Il nostro team di esperti fornisce approfondimenti strategici e raccomandazioni basati su ricerche e analisi di mercato approfondite. Aiutiamo i clienti a sfruttare l&#039;intelligenza artificiale generativa in modo efficace per ottenere un vantaggio competitivo, promuovere l&#039;innovazione e raggiungere gli obiettivi aziendali.<\/li>\n\n\n\n<li><strong>Soluzioni personalizzate:<\/strong> Comprendiamo che ogni cliente ha esigenze e sfide uniche. Ecco perch\u00e9 offriamo soluzioni personalizzate su misura per le esigenze specifiche dei nostri clienti. Che si tratti di esplorare nuove opportunit\u00e0 di business, ottimizzare le operazioni esistenti o mitigare i rischi, sviluppiamo strategie in linea con gli obiettivi dei nostri clienti.<\/li>\n\n\n\n<li><strong>Valutazione e valutazione della tecnologia:<\/strong> Con i nostri servizi di valutazione e valutazione della tecnologia, aiutiamo i clienti a navigare nel complesso panorama di strumenti, piattaforme e soluzioni di intelligenza artificiale generativa. Forniamo approfondimenti sulle capacit\u00e0, sui punti di forza e sui limiti delle diverse tecnologie, consentendo ai clienti di prendere decisioni informate.<\/li>\n\n\n\n<li><strong>Strategie di ingresso e di espansione nel mercato:<\/strong> Per le aziende che desiderano entrare o espandersi nel mercato dell&#039;intelligenza artificiale generativa, offriamo consulenza e supporto strategici. Dalle strategie di ingresso nel mercato alle opportunit\u00e0 di partnership, aiutiamo i clienti a orientarsi nel panorama del mercato e a stabilire una forte presenza nel settore.<\/li>\n\n\n\n<li><strong>Conformit\u00e0 normativa e gestione del rischio:<\/strong> Assistiamo i clienti nell&#039;affrontare la conformit\u00e0 normativa e nella gestione dei rischi associati alle tecnologie di intelligenza artificiale generativa. I nostri esperti rimangono al passo con le ultime normative e linee guida per garantire che i clienti operino in modo etico e responsabile nelle loro iniziative di intelligenza artificiale.<\/li>\n\n\n\n<li><strong>Monitoraggio e aggiornamenti continui:<\/strong> Il mercato dell\u2019intelligenza artificiale generativa \u00e8 in continua evoluzione, con nuove tecnologie e tendenze che emergono rapidamente. Forniamo monitoraggio e aggiornamenti continui per mantenere i nostri clienti informati sugli ultimi sviluppi, consentendo loro di rimanere al passo con i tempi e adattarsi in modo efficace ai cambiamenti del mercato.<\/li>\n<\/ul>\n\n\n\n<p>Collabora con SIS per soluzioni complete di ricerche di mercato basate sull&#039;intelligenza artificiale generativa che guidano la crescita, l&#039;innovazione e il successo nell&#039;ambiente aziendale dinamico di oggi. Con la nostra esperienza e i nostri approfondimenti, puoi sfruttare tutto il potenziale dell&#039;intelligenza artificiale generativa e sfruttare nuove opportunit\u00e0 nel mercato.<\/p>","protected":false},"excerpt":{"rendered":"<p>Le ricerche di mercato sull\u2019intelligenza artificiale generativa ne studiano lo sviluppo e le applicazioni. Analizza le dinamiche del mercato, i progressi tecnologici e le infrastrutture.<\/p>","protected":false},"author":1,"featured_media":62593,"parent":44406,"menu_order":8,"comment_status":"closed","ping_status":"closed","template":"","meta":{"footnotes":""},"class_list":["post-44499","page","type-page","status-publish","has-post-thumbnail"],"_links":{"self":[{"href":"https:\/\/www.sisinternational.com\/it\/wp-json\/wp\/v2\/pages\/44499","targetHints":{"allow":["GET"]}}],"collection":[{"href":"https:\/\/www.sisinternational.com\/it\/wp-json\/wp\/v2\/pages"}],"about":[{"href":"https:\/\/www.sisinternational.com\/it\/wp-json\/wp\/v2\/types\/page"}],"author":[{"embeddable":true,"href":"https:\/\/www.sisinternational.com\/it\/wp-json\/wp\/v2\/users\/1"}],"replies":[{"embeddable":true,"href":"https:\/\/www.sisinternational.com\/it\/wp-json\/wp\/v2\/comments?post=44499"}],"version-history":[{"count":11,"href":"https:\/\/www.sisinternational.com\/it\/wp-json\/wp\/v2\/pages\/44499\/revisions"}],"predecessor-version":[{"id":82989,"href":"https:\/\/www.sisinternational.com\/it\/wp-json\/wp\/v2\/pages\/44499\/revisions\/82989"}],"up":[{"embeddable":true,"href":"https:\/\/www.sisinternational.com\/it\/wp-json\/wp\/v2\/pages\/44406"}],"wp:featuredmedia":[{"embeddable":true,"href":"https:\/\/www.sisinternational.com\/it\/wp-json\/wp\/v2\/media\/62593"}],"wp:attachment":[{"href":"https:\/\/www.sisinternational.com\/it\/wp-json\/wp\/v2\/media?parent=44499"}],"curies":[{"name":"wp","href":"https:\/\/api.w.org\/{rel}","templated":true}]}}