{"id":44261,"date":"2024-02-24T00:08:58","date_gmt":"2024-02-24T05:08:58","guid":{"rendered":"https:\/\/www.sisinternational.com\/?page_id=44261"},"modified":"2026-01-26T17:22:29","modified_gmt":"2026-01-26T22:22:29","slug":"ricerche-di-mercato-sulle-navi-cisterna","status":"publish","type":"page","link":"https:\/\/www.sisinternational.com\/it\/competenza\/ricerche-di-mercato-sulle-navi-cisterna\/","title":{"rendered":"Ricerche di mercato sulle navi cisterna"},"content":{"rendered":"<h1 class=\"wp-block-heading\">Ricerche di mercato sulle navi cisterna<\/h1>\n\n\n\n<figure class=\"gb-block-image gb-block-image-e272475e\"><img loading=\"lazy\" decoding=\"async\" width=\"1456\" height=\"816\" class=\"gb-image gb-image-e272475e\" src=\"https:\/\/www.sisinternational.com\/wp-content\/uploads\/2025\/08\/Tanker-2.jpg\" alt=\"Ricerca e strategia di mercato internazionale SIS\" title=\"Tanker (2)\" srcset=\"https:\/\/www.sisinternational.com\/wp-content\/uploads\/2025\/08\/Tanker-2.jpg 1456w, https:\/\/www.sisinternational.com\/wp-content\/uploads\/2025\/08\/Tanker-2-300x168.jpg 300w, https:\/\/www.sisinternational.com\/wp-content\/uploads\/2025\/08\/Tanker-2-1024x574.jpg 1024w, https:\/\/www.sisinternational.com\/wp-content\/uploads\/2025\/08\/Tanker-2-768x430.jpg 768w, https:\/\/www.sisinternational.com\/wp-content\/uploads\/2025\/08\/Tanker-2-18x10.jpg 18w\" sizes=\"auto, (max-width: 1456px) 100vw, 1456px\"><\/figure>\n\n\n\n<p><\/p>\n\n\n\n<p>Il mercato delle navi cisterna richiede una ricerca completa per ottenere una solida base di dati e approfondimenti. Pertanto, la ricerca di mercato sulle navi cisterna \u00e8 la bussola che guida le aziende attraverso il complesso campo delle tendenze di mercato, dei comportamenti dei consumatori e dei panorami competitivi.<\/p>\n\n\n\n<h2 class=\"wp-block-heading\">Comprendere le ricerche di mercato sulle navi cisterna oggi<\/h2>\n\n\n\n<p>Questo tipo di ricerca \u00e8 fondamentale per le aziende che operano o sono associate al trasporto di liquidi sfusi, inclusi petrolio, prodotti chimici e gas naturale liquefatto. L&#039;obiettivo principale della ricerca di mercato delle navi cisterna \u00e8 fornire una comprensione approfondita delle dinamiche di mercato, del panorama competitivo, delle preferenze dei clienti e delle tendenze emergenti in questo settore specializzato. La ricerca mira inoltre a identificare modelli, prevedere il comportamento futuro del mercato e scoprire fattori che guidano o ostacolano la crescita del mercato.<\/p>\n\n\n\n<p>Uno degli aspetti critici della ricerca di mercato delle navi cisterna \u00e8 la sua attenzione all\u2019equilibrio tra domanda e offerta. I ricercatori monitorano da vicino la capacit\u00e0 delle flotte di navi cisterna, i cambiamenti nella produzione globale di petrolio e gas e i cambiamenti nei modelli commerciali. Questa analisi aiuta le aziende a comprendere l\u2019equilibrio tra la capacit\u00e0 disponibile delle navi cisterna e la domanda di servizi di navi cisterna, che \u00e8 fondamentale per le strategie di prezzo, la gestione della flotta e le decisioni di investimento.<\/p>\n\n\n\n<h2 class=\"wp-block-heading\">Importanza delle ricerche di mercato sulle navi cisterna<\/h2>\n\n\n\n<p>L\u2019industria delle navi cisterna \u00e8 influenzata da una miriade di fattori, tra cui le condizioni economiche globali, la stabilit\u00e0 politica, i progressi tecnologici e le normative ambientali. Analizzando questi fattori, le aziende possono acquisire una visione olistica del mercato, consentendo loro di anticipare i cambiamenti e adattarsi di conseguenza.<\/p>\n\n\n\n<p>Questa ricerca svolge anche un ruolo fondamentale nella gestione del rischio. L\u2019industria delle navi cisterna \u00e8 intrinsecamente rischiosa, con fluttuazioni dei prezzi del petrolio, cambiamenti nelle rotte commerciali e tensioni geopolitiche. Attraverso ricerche di mercato approfondite, le aziende possono identificare potenziali rischi e sviluppare strategie per mitigarli.<\/p>\n\n\n\n<p>Moreover, understanding customer needs and preferences is another critical aspect of tanker market research. In a customer-centric business landscape, companies need to align their services with customer expectations \u2013 and this <a href=\"https:\/\/www.sisinternational.com\/it\/soluzioni\/voce-del-cliente\/\" title=\"La voce della ricerca sul cliente\"  data-wpil-monitor-id=\"10453\">research helps businesses understand what their customers<\/a> value, whether it&#8217;s faster transit times, more flexible service options, or enhanced safety measures.<\/p>\n\n\n\n<p>\u2026 Ma la ricerca di mercato sulle navi cisterna presenta pi\u00f9 vantaggi per aziende come:<\/p>\n\n\n\n<ul class=\"wp-block-list\">\n<li><strong>Decisioni di investimento ottimizzate:<\/strong> Con le ricerche di mercato sulle navi cisterna, le aziende ottengono una prospettiva chiara su dove e come allocare le proprie risorse per ottenere il massimo ritorno sull&#039;investimento. Ci\u00f2 potrebbe significare investire in navi cisterna pi\u00f9 nuove e pi\u00f9 efficienti, adottare tecnologie all\u2019avanguardia o espandersi nei mercati emergenti.<\/li>\n\n\n\n<li><strong>Vantaggio competitivo:<\/strong> <a href=\"https:\/\/www.sisinternational.com\/it\/sis-case-study-sugli-approfondimenti-sui-negozi-in-tutto-il-mondo\/\" title=\"In-Store Shopper Insights: caso di studio di ricerche di mercato\"  data-wpil-monitor-id=\"10450\">Market research provides insights<\/a> into what competitors are doing and identifies potential gaps in the market that can be exploited. This competitive intelligence is crucial for maintaining and enhancing market position.<\/li>\n\n\n\n<li><strong>Conformit\u00e0 normativa e sostenibilit\u00e0:<\/strong> Poich\u00e9 il settore si trova ad affrontare crescenti pressioni normative, in particolare in materia ambientale, la ricerca di mercato sulle navi cisterna aiuta le aziende a rimanere conformi e ad abbracciare la sostenibilit\u00e0.<\/li>\n\n\n\n<li><strong>Previsioni di mercato:<\/strong> Le aziende possono anticipare i cambiamenti nella domanda e nell\u2019offerta, i cambiamenti nei prezzi e le opportunit\u00e0 dei mercati emergenti. Questa lungimiranza ha un valore inestimabile per la pianificazione a lungo termine e il mantenimento della rilevanza sul mercato.<\/li>\n<\/ul>\n\n\n\n<h2 class=\"wp-block-heading\">Metodi preferiti per le ricerche di mercato delle navi cisterna<\/h2>\n\n\n\n<figure class=\"gb-block-image gb-block-image-9af9d5b1\"><img loading=\"lazy\" decoding=\"async\" width=\"1456\" height=\"816\" class=\"gb-image gb-image-9af9d5b1\" src=\"https:\/\/www.sisinternational.com\/wp-content\/uploads\/2025\/08\/Tanker-1.jpg\" alt=\"Ricerca e strategia di mercato internazionale SIS\" title=\"Tanker (1)\" srcset=\"https:\/\/www.sisinternational.com\/wp-content\/uploads\/2025\/08\/Tanker-1.jpg 1456w, https:\/\/www.sisinternational.com\/wp-content\/uploads\/2025\/08\/Tanker-1-300x168.jpg 300w, https:\/\/www.sisinternational.com\/wp-content\/uploads\/2025\/08\/Tanker-1-1024x574.jpg 1024w, https:\/\/www.sisinternational.com\/wp-content\/uploads\/2025\/08\/Tanker-1-768x430.jpg 768w, https:\/\/www.sisinternational.com\/wp-content\/uploads\/2025\/08\/Tanker-1-18x10.jpg 18w\" sizes=\"auto, (max-width: 1456px) 100vw, 1456px\"><\/figure>\n\n\n\n<p><\/p>\n\n\n\n<p>La ricerca di mercato sulle navi cisterna prevede una combinazione di metodi qualitativi e quantitativi per raccogliere dati completi e accurati. Questo processo \u00e8 essenziale per ottenere una profonda comprensione del mercato \u2013 ed ecco una panoramica su come affrontare questa ricerca:<\/p>\n\n\n\n<ul class=\"wp-block-list\">\n<li><strong>Interviste agli esperti:<\/strong> Il coinvolgimento di esperti del settore, inclusi operatori di navi cisterna, broker e analisti, pu\u00f2 fornire informazioni preziose. Queste interviste possono svelare prospettive sfumate sulle tendenze del mercato, sui cambiamenti normativi e sulle sfide operative.<\/li>\n\n\n\n<li><strong>Focus group:<\/strong> Gathering feedback from <a href=\"https:\/\/www.sisinternational.com\/it\/competenza\/industrie\/focus-group-industriali\/\" title=\"Focus group industriali\"  data-wpil-monitor-id=\"10447\">focus groups composed of customers or industry<\/a> stakeholders can offer a deeper understanding of customer preferences, service quality, and market needs.<\/li>\n\n\n\n<li><strong><a class=\"wpil_keyword_link\" href=\"https:\/\/www.sisinternational.com\/it\/casi-studio\/\"   title=\"Casi studio\" data-wpil-keyword-link=\"linked\"  data-wpil-monitor-id=\"642\">Casi studio<\/a>:<\/strong> L\u2019analisi di istanze o scenari specifici nel settore delle navi cisterna pu\u00f2 aiutare a comprendere questioni complesse come l\u2019impatto di eventi geopolitici o interruzioni tecnologiche sul mercato.<\/li>\n\n\n\n<li><strong>Sondaggi:<\/strong> Distributing surveys to a broad audience within the industry (including customers, suppliers, and partners) can provide quantifiable <a href=\"https:\/\/www.sisinternational.com\/it\/competenza\/industrie\/ricerche-di-mercato-sui-dati-di-formazione\/\" title=\"Ricerche di mercato sui dati di formazione\"  data-wpil-monitor-id=\"10455\">data on various aspects of the market<\/a>.<\/li>\n\n\n\n<li><strong>Analisi dei dati di mercato:<\/strong> L&#039;analisi dei dati di mercato storici e attuali, come le tariffe delle navi cisterna, le dimensioni della flotta e i volumi di carico, pu\u00f2 rivelare tendenze e modelli essenziali per le previsioni e la pianificazione strategica.<\/li>\n<\/ul>\n\n\n\n<h2 class=\"wp-block-heading\">Principali tendenze<\/h2>\n\n\n\n<p>Negli ultimi anni, le ricerche di mercato delle navi cisterna hanno evidenziato diverse tendenze in evoluzione che stanno cambiando il settore. Alcune delle principali tendenze attuali includono:<\/p>\n\n\n\n<ul class=\"wp-block-list\">\n<li><strong>Normativa ambientale e focus sulla sostenibilit\u00e0:<\/strong> C\u2019\u00e8 una crescente enfasi sulla sostenibilit\u00e0 ambientale nel settore delle navi cisterna. Norme pi\u00f9 severe in materia di emissioni, gestione delle acque di zavorra e riciclaggio delle navi stanno influenzando le pratiche operative.<\/li>\n\n\n\n<li><strong>Cambiamenti nei modelli commerciali globali:<\/strong> Geopolitical events, trade disputes, and changes in energy consumption patterns are altering traditional trade routes and cargo flows. Tanker market <a href=\"https:\/\/www.sisinternational.com\/it\/competenza\/industrie\/ricerche-sul-mercato-del-trasporto-merci\/\" title=\"Ricerche di mercato nel settore delle merci: spedizioni e spedizioni\"  data-wpil-monitor-id=\"6495\">ricerca<\/a> focuses on understanding these shifts to predict their impact on tanker demand and freight rates.<\/li>\n\n\n\n<li><strong>Maggiore attenzione alla decarbonizzazione:<\/strong> In linea con gli sforzi globali per combattere il cambiamento climatico, l\u2019industria delle navi cisterna \u00e8 sotto pressione per ridurre la propria impronta di carbonio.<\/li>\n<\/ul>\n\n\n\n<h2 class=\"wp-block-heading\">Opportunit\u00e0 attuali<\/h2>\n\n\n\n<p>The evolving <a href=\"https:\/\/www.sisinternational.com\/it\/copertura\/ricerche-di-mercato-asiatiche\/ricerca-sul-dimensionamento-del-panorama-del-mercato-asiatico\/\" title=\"Panoramica del mercato asiatico e ricerca sulle dimensioni\"  data-wpil-monitor-id=\"10458\">landscape of the tanker market<\/a> presents several opportunities for businesses. Leveraging these opportunities requires a keen understanding of market dynamics.<\/p>\n\n\n\n<ul class=\"wp-block-list\">\n<li><strong>Adozione di tecnologie verdi: <\/strong>With the increasing focus on environmental sustainability, there is a growing demand for eco-friendly tanker solutions. Businesses can capitalize on this trend by <a href=\"https:\/\/www.sisinternational.com\/it\/soluzioni\/ricerca-di-consulenza-strategica-fintech\/ricerche-di-mercato-sulle-tecnologie-di-investimento\/\" title=\"Ricerche di mercato sulle tecnologie di investimento\"  data-wpil-monitor-id=\"10461\">investing in green technologies<\/a> such as LNG-fueled tankers, advanced emission control systems, and energy-efficient designs.<\/li>\n\n\n\n<li><strong>Espansione nei mercati emergenti:<\/strong> Emerging markets, particularly in Asia and Africa, are showing increased demand for oil and gas products. This presents an opportunity for tanker companies to expand their operations into these regions, potentially tapping into new <a href=\"https:\/\/www.sisinternational.com\/it\/competenza\/industrie\/voce-delle-bevande-alimentari-della-ricerca-di-mercato-dei-clienti\/\" title=\"La voce del cliente nel settore alimentare e delle bevande. Ricerche di mercato\"  data-wpil-monitor-id=\"10464\">customer bases and diversifying their market<\/a> presence.<\/li>\n\n\n\n<li><a href=\"https:\/\/www.sisinternational.com\/it\/soluzioni\/ai-ricerche-di-mercato-e-consulenza-strategica\/consulenza-sullintelligenza-artificiale-per-lautomazione-del-settore-tecnologico\/\" title=\"Consulenza sull&#039;automazione del settore tecnologico e sull&#039;intelligenza artificiale\"  data-wpil-monitor-id=\"10444\">Technological Innovations: The tanker industry<\/a> is ripe for digital transformation. Implementing technologies like IoT, AI, blockchain, and big data analytics can enhance operational efficiency, improve safety, and offer better customer service.<\/li>\n<\/ul>\n\n\n\n<h2 class=\"wp-block-heading\">Le sfide attuali del mercato delle navi cisterna<\/h2>\n\n\n\n<p>Le sfide del mercato delle navi cisterna sono numerose. Queste sfide possono avere un impatto sull\u2019efficienza operativa, sulla redditivit\u00e0 e sulla pianificazione strategica \u2013 e alcune delle sfide pi\u00f9 importanti includono:<\/p>\n\n\n\n<ul class=\"wp-block-list\">\n<li><strong>Volatilit\u00e0 del mercato:<\/strong> Il mercato delle petroliere \u00e8 noto per la sua volatilit\u00e0, influenzato dalla fluttuazione dei prezzi del petrolio, dalle tensioni geopolitiche e dalle fluttuazioni economiche. Questa imprevedibilit\u00e0 pu\u00f2 rendere difficile la pianificazione e la previsione, incidendo sul processo decisionale e sulla stabilit\u00e0 finanziaria.<\/li>\n\n\n\n<li><strong>Pressioni ambientali e di sostenibilit\u00e0:<\/strong> Con l\u2019intensificarsi dell\u2019attenzione globale sulla sostenibilit\u00e0 ambientale, le imprese di navi cisterna si trovano ad affrontare pressioni per ridurre la propria impronta di carbonio e adottare pratiche pi\u00f9 ecologiche. Questo cambiamento spesso richiede investimenti significativi in nuove tecnologie e cambiamenti operativi.<\/li>\n\n\n\n<li><strong>Cambiare i modelli di consumo:<\/strong> I cambiamenti nel consumo di energia, come lo spostamento verso fonti di energia rinnovabili, possono avere un impatto sulla domanda di servizi di navi cisterna. Adattarsi a questi modelli di cambiamento \u00e8 essenziale per la sostenibilit\u00e0 a lungo termine.<\/li>\n<\/ul>\n\n\n\n<h2 class=\"wp-block-heading\">Prospettive future delle ricerche di mercato sulle navi cisterna per le imprese<\/h2>\n\n\n\n<figure class=\"gb-block-image gb-block-image-bbb6d70e\"><img loading=\"lazy\" decoding=\"async\" width=\"1456\" height=\"816\" class=\"gb-image gb-image-bbb6d70e\" src=\"https:\/\/www.sisinternational.com\/wp-content\/uploads\/2025\/08\/Tanker-3.jpg\" alt=\"Ricerca e strategia di mercato internazionale SIS\" title=\"Tanker (3)\" srcset=\"https:\/\/www.sisinternational.com\/wp-content\/uploads\/2025\/08\/Tanker-3.jpg 1456w, https:\/\/www.sisinternational.com\/wp-content\/uploads\/2025\/08\/Tanker-3-300x168.jpg 300w, https:\/\/www.sisinternational.com\/wp-content\/uploads\/2025\/08\/Tanker-3-1024x574.jpg 1024w, https:\/\/www.sisinternational.com\/wp-content\/uploads\/2025\/08\/Tanker-3-768x430.jpg 768w, https:\/\/www.sisinternational.com\/wp-content\/uploads\/2025\/08\/Tanker-3-18x10.jpg 18w\" sizes=\"auto, (max-width: 1456px) 100vw, 1456px\"><\/figure>\n\n\n\n<p><\/p>\n\n\n\n<p>Le prospettive future della ricerca di mercato sulle navi cisterna sono modellate da una miscela di tendenze del settore in evoluzione, progressi tecnologici dirompenti e un panorama economico globale in evoluzione.<\/p>\n\n\n\n<ul class=\"wp-block-list\">\n<li><strong>Maggiore enfasi sulla sostenibilit\u00e0:<\/strong> Mentre il mondo intensifica la propria attenzione sulle questioni ambientali, si prevede che l\u2019industria delle navi cisterna continui a spostarsi verso pratiche pi\u00f9 sostenibili. La ricerca si concentrer\u00e0 probabilmente sullo sviluppo e sull\u2019implementazione di tecnologie ecocompatibili, combustibili alternativi e strategie per ridurre le emissioni di carbonio e l\u2019impatto ambientale.<\/li>\n\n\n\n<li><strong>Focus sulla conformit\u00e0 normativa:<\/strong> Con gli organismi di regolamentazione che impongono norme pi\u00f9 severe, in particolare nei settori della sicurezza e della protezione ambientale, le aziende dovranno dare priorit\u00e0 alla conformit\u00e0. La futura ricerca di mercato esaminer\u00e0 le implicazioni di queste normative e guider\u00e0 le aziende nell\u2019adattare le loro operazioni per soddisfare gli standard in evoluzione.<\/li>\n\n\n\n<li><strong>Gestione del rischio e rafforzamento della resilienza:<\/strong> Data la volatilit\u00e0 intrinseca e i rischi associati al mercato delle navi cisterna, la ricerca futura si concentrer\u00e0 sullo sviluppo di solidi quadri e strategie di gestione del rischio per migliorare la resilienza aziendale. Ci\u00f2 include la gestione delle incertezze economiche, delle interruzioni della catena di fornitura e delle minacce alla sicurezza informatica.<\/li>\n<\/ul>","protected":false},"excerpt":{"rendered":"<p>La ricerca di mercato sulle navi cisterna \u00e8 fondamentale affinch\u00e9 le aziende di trasporto di liquidi sfusi possano rimanere informate sulle tendenze del mercato, sul comportamento dei consumatori e sulla concorrenza.<\/p>","protected":false},"author":1,"featured_media":63733,"parent":14514,"menu_order":414,"comment_status":"closed","ping_status":"closed","template":"","meta":{"footnotes":""},"class_list":["post-44261","page","type-page","status-publish","has-post-thumbnail"],"_links":{"self":[{"href":"https:\/\/www.sisinternational.com\/it\/wp-json\/wp\/v2\/pages\/44261","targetHints":{"allow":["GET"]}}],"collection":[{"href":"https:\/\/www.sisinternational.com\/it\/wp-json\/wp\/v2\/pages"}],"about":[{"href":"https:\/\/www.sisinternational.com\/it\/wp-json\/wp\/v2\/types\/page"}],"author":[{"embeddable":true,"href":"https:\/\/www.sisinternational.com\/it\/wp-json\/wp\/v2\/users\/1"}],"replies":[{"embeddable":true,"href":"https:\/\/www.sisinternational.com\/it\/wp-json\/wp\/v2\/comments?post=44261"}],"version-history":[{"count":7,"href":"https:\/\/www.sisinternational.com\/it\/wp-json\/wp\/v2\/pages\/44261\/revisions"}],"predecessor-version":[{"id":81721,"href":"https:\/\/www.sisinternational.com\/it\/wp-json\/wp\/v2\/pages\/44261\/revisions\/81721"}],"up":[{"embeddable":true,"href":"https:\/\/www.sisinternational.com\/it\/wp-json\/wp\/v2\/pages\/14514"}],"wp:featuredmedia":[{"embeddable":true,"href":"https:\/\/www.sisinternational.com\/it\/wp-json\/wp\/v2\/media\/63733"}],"wp:attachment":[{"href":"https:\/\/www.sisinternational.com\/it\/wp-json\/wp\/v2\/media?parent=44261"}],"curies":[{"name":"wp","href":"https:\/\/api.w.org\/{rel}","templated":true}]}}