{"id":44256,"date":"2023-12-04T13:15:26","date_gmt":"2023-12-04T18:15:26","guid":{"rendered":"https:\/\/www.sisinternational.com\/?page_id=44256"},"modified":"2026-01-24T17:49:53","modified_gmt":"2026-01-24T22:49:53","slug":"laboratorio-di-test-del-gusto-di-new-york","status":"publish","type":"page","link":"https:\/\/www.sisinternational.com\/it\/soluzioni\/prova-del-gusto\/laboratorio-di-test-del-gusto-di-new-york\/","title":{"rendered":"Laboratorio di test del gusto di New York"},"content":{"rendered":"<h1 class=\"wp-block-heading\">Laboratorio di test del gusto di New York<\/h1>\n\n\n\n<figure class=\"gb-block-image gb-block-image-7cb3fca8\"><img loading=\"lazy\" decoding=\"async\" width=\"1456\" height=\"816\" class=\"gb-image gb-image-7cb3fca8\" src=\"https:\/\/www.sisinternational.com\/wp-content\/uploads\/2025\/10\/taste-testing-2.jpg\" srcset=\"https:\/\/www.sisinternational.com\/wp-content\/uploads\/2025\/10\/taste-testing-2.jpg 1456w, https:\/\/www.sisinternational.com\/wp-content\/uploads\/2025\/10\/taste-testing-2-300x168.jpg 300w, https:\/\/www.sisinternational.com\/wp-content\/uploads\/2025\/10\/taste-testing-2-1024x574.jpg 1024w, https:\/\/www.sisinternational.com\/wp-content\/uploads\/2025\/10\/taste-testing-2-768x430.jpg 768w, https:\/\/www.sisinternational.com\/wp-content\/uploads\/2025\/10\/taste-testing-2-18x10.jpg 18w\" sizes=\"auto, (max-width: 1456px) 100vw, 1456px\" alt=\"Ricerca e strategia di mercato internazionale SIS\"><\/figure>\n\n\n\n<p><\/p>\n\n\n\n<hr class=\"wp-block-separator has-alpha-channel-opacity is-style-dots\"\/>\n\n\n\n<h3 class=\"wp-block-heading\">Situato nel cuore di New York City, il NYC Taste Test Lab di SIS International \u00e8 emerso come una struttura leader, offrendo approfondimenti senza precedenti sull&#039;industria alimentare e delle bevande.<\/h3>\n\n\n\n<p>In una citt\u00e0 nota per il suo palato diversificato ed esigente, il laboratorio SIS International di New York City offre una finestra unica sulle preferenze di un ampio spettro di consumatori nell&#039;ambito dei test sul gusto di alimenti e bevande.<\/p>\n\n\n\n<h2 class=\"wp-block-heading\">Comprensione del ruolo del laboratorio di test del gusto SIS NYC<\/h2>\n\n\n\n<p>Il nostro NYC Taste Test Lab \u00e8 pi\u00f9 di una semplice struttura: \u00e8 un centro di esplorazione sensoriale e di approfondimenti sui consumatori. Le intuizioni di questa ricerca sono inestimabili per le aziende che cercano di adattarsi e prosperare nel settore altamente competitivo del cibo e delle bevande.<\/p>\n\n\n\n<h4 class=\"wp-block-heading\">1. Contesto<\/h4>\n\n\n\n<p>Il SIS International NYC Taste Test Lab \u00e8 stato fondato con una missione chiara: fornire approfondimenti dettagliati e accurati sulle preferenze di gusto dei consumatori.<\/p>\n\n\n\n<p>Questa missione \u00e8 radicata nella convinzione che comprendere le preferenze dei consumatori sia la chiave per lo sviluppo e il marketing di successo dei prodotti nel settore alimentare e delle bevande. La posizione strategica del laboratorio nel quartiere Flatiron di Manhattan lo colloca al crocevia di culture e gusti diversi, rendendolo un luogo ideale per test di gusto completi.<\/p>\n\n\n\n<h4 class=\"wp-block-heading\">2. Servizi e Metodologia<\/h4>\n\n\n\n<p>The lab offers various services \u2013 from standard taste tests to more complex sensory evaluations. Our analysts ensure that the data collected is reliable and valid. This involves controlled testing environments, blind testing procedures, and a systematic approach to collecting feedback.<\/p>\n\n\n\n<p>\u2026 E i metodi del laboratorio sono progettati per imitare il pi\u00f9 fedelmente possibile gli scenari di consumo del mondo reale, fornendo spunti pratici e applicabili.<\/p>\n\n\n\n<h4 class=\"wp-block-heading\">3. Competenza e strutture<\/h4>\n\n\n\n<p>Il NYC Taste Test Lab vanta strutture all&#039;avanguardia e un team di esperti in analisi sensoriale e comportamento dei consumatori. Il laboratorio dispone di moderne sale di degustazione, aree di osservazione e strumenti avanzati per la raccolta dati. Inoltre, la competenza del personale garantisce che ogni aspetto del processo di degustazione venga gestito con precisione.<\/p>\n\n\n\n<h4 class=\"wp-block-heading\">4. Ruolo nelle ricerche di mercato<\/h4>\n\n\n\n<p>Il ruolo del laboratorio di analisi del gusto SIS NYC si estende oltre le semplici valutazioni del gusto. Il nostro laboratorio contribuisce a una comprensione pi\u00f9 approfondita delle dinamiche di mercato, delle tendenze dei consumatori e delle strategie di posizionamento dei prodotti. \u00c8 una risorsa preziosa per le aziende che cercano di lanciare nuovi prodotti, riformulare quelli esistenti o esplorare nuovi segmenti di mercato.<\/p>\n\n\n\n<h4 class=\"wp-block-heading\">5. Collaborazione e innovazione<\/h4>\n\n\n\n<p>Lavorando a stretto contatto con le aziende alimentari e delle bevande, il laboratorio aiuta ad adattare gli studi di ricerca a specifiche esigenze aziendali. Questo approccio collaborativo garantisce che le informazioni siano pienamente utilizzabili. Inoltre, il laboratorio SIS \u00e8 in costante innovazione, incorporando nuove tecniche e tecnologie di ricerca per rimanere all&#039;avanguardia nella ricerca sui consumatori.<\/p>\n\n\n\n<h2 class=\"wp-block-heading\">I vantaggi del nostro laboratorio di test del gusto di New York<\/h2>\n\n\n\n<figure class=\"wp-block-image\"><img decoding=\"async\" src=\"https:\/\/www.sisinternational.com\/wp-content\/uploads\/2024\/11\/taste-testing-7.jpg\" alt=\"Ricerca di nuovi prodotti a New York\" class=\"wp-image-54160\"\/><\/figure>\n\n\n\n<p><\/p>\n\n\n\n<p>At SIS, we adopt a customer-centric approach to help businesses succeed in the <a href=\"https:\/\/sisaisolutions.com\/ai-in-food-testing\/\" target=\"_blank\" rel=\"noopener\">food and beverage<\/a> industries. We focus on:<\/p>\n\n\n\n<ul class=\"wp-block-list\">\n<li><strong>Comprendere le esigenze e le preferenze dei consumatori:<\/strong> This involves identifying what consumers like and understanding why they like it. Focusing on the motivations, emotions, and contexts that drive consumer choices, our <a href=\"https:\/\/www.sisinternational.com\/it\/soluzioni\/soluzioni-di-ricerca-quantitativa-qualitativa\/test-di-prodotti-educativi-per-bambini-a-new-york\/\" title=\"Test di prodotti educativi per bambini a New York\" data-wpil-monitor-id=\"1791\">Laboratorio di test del gusto di New York<\/a> helps businesses create products that resonate deeply with their target audience.<\/li>\n\n\n\n<li><strong>Personalizzazione:<\/strong> Consumers are looking for products catering to their tastes and lifestyles. That&#8217;s why the SIS NYC taste test lab provides insights that enable businesses to tailor their products to meet specific consumer preferences. This can range from flavor variations to packaging and marketing strategies that appeal to different demographic segments.<\/li>\n\n\n\n<li><strong>Costruire fedelt\u00e0 e fiducia al marchio:<\/strong> Le aziende possono costruire una base di clienti fedeli soddisfacendo e superando costantemente le aspettative dei consumatori. I nostri report assicurano che i prodotti siano sviluppati tenendo a mente le esigenze e le preferenze dei consumatori. Questa attenzione al cliente aiuta a stabilire fiducia e credibilit\u00e0, che sono risorse inestimabili nel competitivo mercato di New York.<\/li>\n<\/ul>\n\n\n\n<h2 class=\"wp-block-heading\">Il SIS NYC Taste Test Lab aiuta le aziende ad affrontare le sfide e a sfruttare le opportunit\u00e0<\/h2>\n\n\n\n<p>La ricerca di mercato sul campo presenta una serie unica di sfide e opportunit\u00e0, in particolare nel settore alimentare e delle bevande. Aiutiamo le aziende:<\/p>\n\n\n\n<h4 class=\"wp-block-heading\">1. Navigare in un mercato diversificato ed in evoluzione<\/h4>\n\n\n\n<p>Uno degli obiettivi principali del nostro laboratorio di analisi del gusto di New York \u00e8 analizzare la base di consumatori diversificata e in continua evoluzione della citt\u00e0. Soddisfare i gusti e le preferenze variegati di una popolazione multiculturale richiede una profonda comprensione delle sfumature e delle tendenze culturali. Questa diversit\u00e0 offre un terreno fertile per l&#039;innovazione e lo sviluppo di un&#039;ampia gamma di prodotti.<\/p>\n\n\n\n<h4 class=\"wp-block-heading\">2. Adattarsi alle mutevoli preferenze dei consumatori<\/h4>\n\n\n\n<p>Le preferenze dei consumatori non sono statiche. Cambiano in risposta alle tendenze sanitarie, alle preoccupazioni ambientali e ai movimenti sociali. Pertanto, lo staff SIS si concentra sull&#039;aiutare le aziende a rimanere in sintonia con questi cambiamenti. Questa adattabilit\u00e0 \u00e8 un&#039;opportunit\u00e0 per guidare la strada nello sviluppo di prodotti che si allineano alle ultime tendenze dei consumatori.<\/p>\n\n\n\n<h4 class=\"wp-block-heading\">3. Bilanciare il rigore scientifico con le realt\u00e0 del mercato<\/h4>\n\n\n\n<p>Ensuring that taste tests are scientifically rigorous while also relevant to real-world market scenarios is a delicate balance. Our NYC taste test lab experts design methodologically sound studies that apply to consumers&#8217; everyday experiences.<\/p>\n\n\n\n<h4 class=\"wp-block-heading\">4. Affrontare le pressioni economiche e competitive<\/h4>\n\n\n\n<p>Le fluttuazioni economiche e le pressioni competitive nel mercato di New York pongono sfide significative. Il laboratorio SIS International offre servizi che forniscono valore ai clienti pur rimanendo convenienti. Questo ambiente spinge il laboratorio a ottimizzare le proprie operazioni e a cercare modi nuovi ed efficienti per fornire ricerca di alta qualit\u00e0.<\/p>\n\n\n\n<h4 class=\"wp-block-heading\">5. Sfruttare nuovi segmenti di mercato e opportunit\u00e0<\/h4>\n\n\n\n<p>Le tendenze emergenti nel settore alimentare e delle bevande, i segmenti di consumatori non sfruttati e i nuovi canali di distribuzione presentano potenziali aree di crescita \u2013 e il nostro laboratorio di test del gusto di New York pu\u00f2 scoprire queste opportunit\u00e0, fornendo ai clienti le informazioni necessarie per trarne vantaggio.<\/p>\n\n\n\n<h3 class=\"wp-block-heading\"><strong>Ubicazione della struttura: New York City<\/strong><\/h3>\n\n\n\n<p><\/p>\n\n\n\n<iframe loading=\"lazy\" src=\"https:\/\/www.google.com\/maps\/embed?pb=!1m18!1m12!1m3!1d3022.976188376966!2d-73.99130312499956!3d40.740549471389315!2m3!1f0!2f0!3f0!3m2!1i1024!2i768!4f13.1!3m3!1m2!1s0x89c259a15798c731%3A0xd695d09bdd495f25!2s11%20E%2022nd%20St%20FL%202%2C%20New%20York%2C%20NY%2010010%2C%20USA!5e0!3m2!1sen!2spe!4v1726171763526!5m2!1sen!2spe\" width=\"600\" height=\"450\" allowfullscreen=\"allowfullscreen\" data-mce-fragment=\"1\"><\/iframe>\n\n\n\n<div class=\"wp-block-spacer\" aria-hidden=\"true\"><\/div>\n\n\n<h3><strong>11 E 22nd Street, Piano 2, New York, NY 10010 T: +1(212) 505-6805<\/strong><\/h3>\n<h4><strong>Punti salienti della posizione:<\/strong><\/h4>\n<ul>\n<li>Flatiron District a Manhattan, a pochi passi dallo storico edificio Flatiron e vicino a Madison Square Park e Union Square<\/li>\n<li>Situato in posizione centrale nel cuore di New York City, una delle principali citt\u00e0 globali e la pi\u00f9 grande citt\u00e0 degli Stati Uniti<\/li>\n<li>Comodo per numerose opzioni di trasporto<\/li>\n<li>Situato tra Broadway e Park Avenue sulla 22esima strada, vicino alla \u201cKey Bank\u201d<\/li>\n<li>Treno locale R di Broadway \u2013 Stazione 22\/23<\/li>\n<li>Treno locale 6 di Eastside - 23rd e stazione di Park Ave<\/li>\n<li>Treno locale 1 di Westside \u2013 Stazione 23rd e 6th Avenue<\/li>\n<\/ul>\n\n\n<h3 class=\"wp-block-heading\"><strong>Hotel e ristoranti vicino alle nostre strutture<\/strong><\/h3>\n<strong>\n\n\n\n<\/strong>\n<h3 class=\"wp-block-heading\"><strong>Alberghi:<\/strong><\/h3>\n\n\n\n<ol class=\"wp-block-list\">\n<li><strong><a href=\"https:\/\/www.editionhotels.com\/new-york\/\" target=\"_blank\" rel=\"noopener\">L&#039;EDIZIONE di New York<\/a><\/strong>\n<ul class=\"wp-block-list\">\n<li>Indirizzo: 5 Madison Ave, New York, NY 10010<\/li>\n\n\n\n<li>Hotel di lusso con vista sul Madison Square Park, che offre sistemazioni di lusso.<\/li>\n<\/ul>\n<\/li>\n\n\n\n<li><strong><a href=\"https:\/\/www.freehandhotels.com\/new-york\/\" target=\"_blank\" rel=\"noopener\">New York a mano libera<\/a><\/strong>\n<ul class=\"wp-block-list\">\n<li>Indirizzo: 23 Lexington Ave, New York, NY 10010<\/li>\n\n\n\n<li>Hotel boutique alla moda con interni creativi, vicino al Flatiron Building.<\/li>\n<\/ul>\n<\/li>\n\n\n\n<li><a href=\"https:\/\/gramercy-park-hotel.hotels-innewyork.com\/en\/\" target=\"_blank\" rel=\"noopener\"><strong><span class=\"removed_link\" title=\"https:\/\/www.gramercyparkhotel.com\/\">Hotel del parco Gramercy<\/span><\/strong><\/a>\n<ul class=\"wp-block-list\">\n<li>Indirizzo: 2 Lexington Ave, New York, NY 10010<\/li>\n\n\n\n<li>Hotel storico con accesso esclusivo al parco privato Gramercy.<\/li>\n<\/ul>\n<\/li>\n\n\n\n<li><a href=\"https:\/\/www.stayaka.com\/hotel-aka-nomad\" target=\"_blank\" rel=\"noopener\"><strong><span class=\"removed_link\" title=\"https:\/\/www.thenomadhotel.com\/new-york\/\">L&#039;Hotel NoMad<\/span><\/strong><\/a>\n<ul class=\"wp-block-list\">\n<li>Indirizzo: 1170 Broadway, New York, NY 10001<\/li>\n\n\n\n<li>Elegante hotel che fonde il fascino storico con il lusso moderno.<\/li>\n<\/ul>\n<\/li>\n\n\n\n<li><strong><a href=\"https:\/\/www.lexhotelnyc.com\/\" target=\"_blank\" rel=\"noopener\">La Lex NYC<\/a><\/strong>\n<ul class=\"wp-block-list\">\n<li>Indirizzo: 67 Lexington Ave, New York, NY 10010<\/li>\n\n\n\n<li>Una soluzione moderna ed economica situata vicino al Madison Square Park.<\/li>\n<\/ul>\n<\/li>\n<\/ol>\n\n\n\n<h3 class=\"wp-block-heading\"><strong>Ristoranti:<\/strong><\/h3>\n\n\n\n<ol class=\"wp-block-list\">\n\n<li><strong><a href=\"https:\/\/www.elevenmadisonpark.com\/\" target=\"_blank\" rel=\"noopener\">Parco Eleven Madison<\/a><\/strong>\n\n<ul class=\"wp-block-list\">\n\n<li>Indirizzo: 11 Madison Ave, New York, NY 10010<\/li>\n\n \n\n<li>Un rinomato ristorante di alta cucina che offre un moderno men\u00f9 degustazione a base vegetale in un ambiente elegante e raffinato.<\/li>\n\n<\/ul>\n\n<\/li>\n\n \n\n<li><strong><a href=\"https:\/\/www.eataly.com\/us_en\/stores\/nyc-flatiron\" target=\"_blank\" rel=\"noopener\">Eataly NYC Ferro da stiro<\/a><\/strong>\n\n<ul class=\"wp-block-list\">\n\n<li>Indirizzo: 200 5th Ave, New York, NY 10010<\/li>\n\n \n\n<li>Mercato italiano con numerosi ristoranti, banconi e bar che propongono una variet\u00e0 di piatti freschi della cucina italiana.<\/li>\n\n<\/ul>\n\n<\/li>\n\n \n\n<li><strong><a href=\"https:\/\/www.cosmenyc.com\/\" target=\"_blank\" rel=\"noopener\">Cosme<\/a><\/strong>\n\n<ul class=\"wp-block-list\">\n\n<li>Indirizzo: 35 E 21st St, New York, NY 10010<\/li>\n\n \n\n<li>Un moderno ristorante messicano noto per i suoi piatti innovativi e l&#039;atmosfera vivace.<\/li>\n\n<\/ul>\n\n<\/li>\n\n \n\n<li><strong><a href=\"https:\/\/thesmithrestaurant.com\/location\/nomad\/\" target=\"_blank\" rel=\"noopener\">Il fabbro<\/a><\/strong>\n\n<ul class=\"wp-block-list\">\n\n<li>Indirizzo: 1150 Broadway, New York, NY 10001<\/li>\n\n \n\n<li>Brasserie americana dall&#039;atmosfera vivace e dal men\u00f9 vario.<\/li>\n\n<\/ul>\n\n<\/li>\n\n \n\n<li><strong><a href=\"https:\/\/uplandnyc.com\/\" target=\"_blank\" rel=\"noopener\">Altopiano<\/a><\/strong>\n\n<ul class=\"wp-block-list\">\n\n<li>Indirizzo: 345 Park Ave S, New York, NY 10010<\/li>\n\n \n\n<li>Un ristorante di ispirazione californiana con una forte enfasi su ingredienti freschi e stagionali<\/li>\n\n<\/ul>\n\n<\/li>\n\n<\/ol>\n<h2><strong>Cosa rende il laboratorio di analisi del gusto di SIS International a New York una struttura di prim&#039;ordine?<\/strong><\/h2>\n<a href=\"https:\/\/www.linkedin.com\/company\/sisinternationalresearch\/\" target=\"_blank\" rel=\"noopener\"><span style=\"font-weight: 400;\">SIS Internazionale<\/span><\/a>Il NYC Taste Test Lab di \u00e8 una destinazione di prim&#039;ordine per le aziende che cercano approfondimenti all&#039;avanguardia sui consumatori e competenze di ricerca senza pari. Strategicamente situato nel cuore di New York City, il nostro laboratorio offre gli strumenti, le competenze e l&#039;ambiente necessari per fornire risultati eccezionali per i marchi di alimenti e bevande.\n<h4 style=\"padding-left: 40px;\"><strong>Posizione privilegiata nel cuore di New York<\/strong><\/h4>\n<p style=\"padding-left: 40px;\">New York City \u00e8 un melting pot di culture e gusti, il che la rende una location ideale per le degustazioni. La posizione centrale del nostro laboratorio offre accesso a una demografia diversificata, assicurando che la tua ricerca rifletta le preferenze di un pubblico ampio e rappresentativo.<\/p>\n<h4 style=\"padding-left: 40px;\"><strong>Strutture di ricerca all&#039;avanguardia<\/strong><\/h4>\n<p style=\"padding-left: 40px;\">Il NYC Taste Test Lab \u00e8 dotato di strumenti avanzati di analisi sensoriale, ambienti controllati e tecnologia moderna. Ci\u00f2 garantisce che ogni aspetto del processo di degustazione venga condotto con precisione e accuratezza.<\/p>\n<h4 style=\"padding-left: 40px;\"><strong>Accesso a un bacino di partecipanti eterogeneo<\/strong><\/h4>\n<p style=\"padding-left: 40px;\">La popolazione di New York City offre un&#039;opportunit\u00e0 unica per raccogliere informazioni da diverse fasce d&#039;et\u00e0, background culturali e segmenti di consumatori. Questa diversit\u00e0 aumenta l&#039;affidabilit\u00e0 e la pertinenza dei risultati dei tuoi test di degustazione.<\/p>\n<h4 style=\"padding-left: 40px;\"><strong>Soluzioni di test personalizzabili<\/strong><\/h4>\n<p style=\"padding-left: 40px;\"><a href=\"https:\/\/twitter.com\/SISIntlResearch\" target=\"_blank\" rel=\"noopener\"><span style=\"font-weight: 400;\">SIS<\/span><\/a> comprende che ogni prodotto \u00e8 unico. Il nostro laboratorio offre opzioni di test personalizzabili, tra cui test ciechi, test sequenziali e valutazioni monadiche, assicurando che la tua ricerca sia adattata ai tuoi obiettivi.<\/p>\n<h4 style=\"padding-left: 40px;\"><strong>Professionisti della ricerca esperti<\/strong><\/h4>\n<p style=\"padding-left: 40px;\">Our team of experts brings decades of <a class=\"wpil_keyword_link\" href=\"https:\/\/www.sisinternational.com\/it\/competenza\/curriculum-di-esperienza\/\" title=\"Curriculum dell&#039;esperienza\" data-wpil-keyword-link=\"linked\" data-wpil-monitor-id=\"305\">esperienza in ricerche di mercato<\/a> to every project. From designing the study to analyzing results, SIS ensures your research benefits from industry-leading expertise.<\/p>\n<h4 style=\"padding-left: 40px;\"><strong>Oltre 40 anni di comprovata eccellenza<\/strong><\/h4>\n<p style=\"padding-left: 40px;\">Con oltre quattro decenni di esperienza, SIS International ha una tradizione nel fornire approfondimenti concreti ai marchi globali. Il nostro laboratorio di analisi del gusto di New York riflette questo impegno per la qualit\u00e0 e l&#039;affidabilit\u00e0.<\/p>\n<h4 style=\"padding-left: 40px;\"><strong>Ricerca conveniente e di alta qualit\u00e0<\/strong><\/h4>\n<p style=\"padding-left: 40px;\">SIS si impegna a offrire servizi di degustazione premium a prezzi competitivi. Il nostro laboratorio offre un valore eccezionale, rendendolo accessibile sia alle startup che alle aziende affermate.<\/p>\n<h4 style=\"padding-left: 40px;\"><strong>Rapida inversione di tendenza per i mercati competitivi<\/strong><\/h4>\n<p style=\"padding-left: 40px;\">Il tempo \u00e8 fondamentale nel settore alimentare e delle bevande. Il nostro laboratorio di analisi del gusto di New York garantisce esecuzione e reporting rapidi, consentendoti di prendere decisioni informate in tempi rapidi.<\/p>\n<h4 style=\"padding-left: 40px;\"><strong>Approfondimenti completi oltre il gusto<\/strong><\/h4>\n<p style=\"padding-left: 40px;\">La nostra ricerca non si ferma al gusto. Le capacit\u00e0 del laboratorio si estendono al packaging, al branding e all&#039;attrattiva complessiva del prodotto, offrendo una visione olistica della prontezza del tuo prodotto per il mercato.<\/p>\n<h4 style=\"padding-left: 40px;\"><strong>Collaborazione per un successo a lungo termine<\/strong><\/h4>\n<p style=\"padding-left: 40px;\">In SIS, diamo priorit\u00e0 al tuo successo. Il nostro team lavora a stretto contatto con la tua azienda per garantire che la ricerca sia in linea con la tua visione e fornisca raccomandazioni praticabili per migliorare le tue offerte di prodotti.<\/p>\n\n\n<h2><strong>A proposito di SIS Internazionale<\/strong><\/h2>\n<p><a href=\"https:\/\/www.sisinternational.com\/it\/\"><span style=\"font-weight: 400;\">SIS Internazionale<\/span><\/a><span style=\"font-weight: 400;\"> offre ricerca quantitativa, qualitativa e strategica. Forniamo dati, strumenti, strategie, report e approfondimenti per il processo decisionale. Conduciamo anche interviste, sondaggi, focus group e altri metodi e approcci di ricerca di mercato.<\/span><a href=\"https:\/\/www.sisinternational.com\/it\/sulla-sua-ricerca-internazionale\/contact-sis-international-market-research\/\"><span style=\"font-weight: 400;\"> Contattaci<\/span><\/a><span style=\"font-weight: 400;\"> per il tuo prossimo progetto di ricerca di mercato.<\/span><\/p>\n<hr \/>\n\n\n<p><\/p>","protected":false},"excerpt":{"rendered":"<p>Il NYC Taste Test Lab di SIS International \u00e8 emerso come una struttura leader, offrendo approfondimenti senza precedenti sull&#039;industria alimentare e delle bevande.<\/p>","protected":false},"author":1,"featured_media":71836,"parent":47794,"menu_order":12,"comment_status":"closed","ping_status":"closed","template":"","meta":{"footnotes":""},"class_list":["post-44256","page","type-page","status-publish","has-post-thumbnail"],"_links":{"self":[{"href":"https:\/\/www.sisinternational.com\/it\/wp-json\/wp\/v2\/pages\/44256","targetHints":{"allow":["GET"]}}],"collection":[{"href":"https:\/\/www.sisinternational.com\/it\/wp-json\/wp\/v2\/pages"}],"about":[{"href":"https:\/\/www.sisinternational.com\/it\/wp-json\/wp\/v2\/types\/page"}],"author":[{"embeddable":true,"href":"https:\/\/www.sisinternational.com\/it\/wp-json\/wp\/v2\/users\/1"}],"replies":[{"embeddable":true,"href":"https:\/\/www.sisinternational.com\/it\/wp-json\/wp\/v2\/comments?post=44256"}],"version-history":[{"count":9,"href":"https:\/\/www.sisinternational.com\/it\/wp-json\/wp\/v2\/pages\/44256\/revisions"}],"predecessor-version":[{"id":76154,"href":"https:\/\/www.sisinternational.com\/it\/wp-json\/wp\/v2\/pages\/44256\/revisions\/76154"}],"up":[{"embeddable":true,"href":"https:\/\/www.sisinternational.com\/it\/wp-json\/wp\/v2\/pages\/47794"}],"wp:featuredmedia":[{"embeddable":true,"href":"https:\/\/www.sisinternational.com\/it\/wp-json\/wp\/v2\/media\/71836"}],"wp:attachment":[{"href":"https:\/\/www.sisinternational.com\/it\/wp-json\/wp\/v2\/media?parent=44256"}],"curies":[{"name":"wp","href":"https:\/\/api.w.org\/{rel}","templated":true}]}}