{"id":44081,"date":"2023-11-06T14:06:45","date_gmt":"2023-11-06T19:06:45","guid":{"rendered":"https:\/\/www.sisinternational.com\/?page_id=44081"},"modified":"2026-01-26T18:35:35","modified_gmt":"2026-01-26T23:35:35","slug":"ricerca-sui-concorrenti","status":"publish","type":"page","link":"https:\/\/www.sisinternational.com\/it\/competenza\/ricerca-sui-concorrenti\/","title":{"rendered":"Ricerca sulla concorrenza"},"content":{"rendered":"<h1 class=\"wp-block-heading\">Ricerca sulla concorrenza<\/h1>\n\n\n\n<figure class=\"gb-block-image gb-block-image-c0f3e8bf\"><img loading=\"lazy\" decoding=\"async\" width=\"1456\" height=\"816\" class=\"gb-image gb-image-c0f3e8bf\" src=\"https:\/\/www.sisinternational.com\/wp-content\/uploads\/2025\/10\/growth.png\" alt=\"Ricerca e strategia di mercato internazionale SIS\" title=\"growth\" srcset=\"https:\/\/www.sisinternational.com\/wp-content\/uploads\/2025\/10\/growth.png 1456w, https:\/\/www.sisinternational.com\/wp-content\/uploads\/2025\/10\/growth-300x168.png 300w, https:\/\/www.sisinternational.com\/wp-content\/uploads\/2025\/10\/growth-1024x574.png 1024w, https:\/\/www.sisinternational.com\/wp-content\/uploads\/2025\/10\/growth-768x430.png 768w, https:\/\/www.sisinternational.com\/wp-content\/uploads\/2025\/10\/growth-18x10.png 18w\" sizes=\"auto, (max-width: 1456px) 100vw, 1456px\"><\/figure>\n\n\n\n<p><\/p>\n\n\n\n<p>Ti sei mai chiesto perch\u00e9 alcune aziende hanno una straordinaria capacit\u00e0 di anticipare i cambiamenti del mercato, rilasciare prodotti tempestivamente o affrontare i punti critici dei clienti? La ricerca sulla concorrenza \u00e8 solitamente la risposta. Le strategie aziendali di maggior successo si basano su una profonda comprensione del proprio pubblico ma anche sulle mosse dei concorrenti diretti e indiretti.<\/p>\n\n\n\n<h2 class=\"wp-block-heading\">Perch\u00e9 le aziende dovrebbero investire nella ricerca sulla concorrenza?<\/h2>\n\n\n\n<p>La ricerca sulla concorrenza fornisce alle aziende una panoramica completa del panorama del mercato. Dipinge un quadro chiaro della posizione dell&#039;azienda rispetto ai suoi concorrenti e mette in luce i punti di forza e di debolezza dei concorrenti. Questa conoscenza offre alle aziende il vantaggio unico di sfruttare i punti deboli della concorrenza rafforzando al contempo la propria offerta rispetto ai punti di forza della concorrenza.<\/p>\n\n\n\n<p>Ad esempio, se un concorrente ha un marchio forte ma non dispone di un servizio clienti, un&#039;azienda pu\u00f2 differenziarsi fornendo un servizio clienti eccezionale.<\/p>\n\n\n\n<p>Furthermore, by understanding the strategies and tactics that competitors are employing, <a href=\"https:\/\/www.sisinternational.com\/it\/pubblicazioni\/ricerche-di-mercato-per-un-business-scalabile-7-modi-per-costruire-un-business-scalabile\/\" title=\"Ricerche di mercato per aziende scalabili: 7 modi per costruire un business scalabile\"  data-wpil-monitor-id=\"8364\">businesses can anticipate market<\/a> shifts. When a key competitor launches a new <a href=\"https:\/\/www.sisinternational.com\/it\/competenza\/curriculum-di-esperienza\/ricerche-di-mercato-sui-prodotti-per-la-cura-personale\/\" title=\"Ricerche di mercato sui prodotti per la cura personale\"  data-wpil-monitor-id=\"8363\">product or enters a new market<\/a>, it&#8217;s often a signal of a larger trend or shift. Being aware of this allows businesses to pivot their strategies proactively.<\/p>\n\n\n\n<h2 class=\"wp-block-heading\">Quali sono i vantaggi della ricerca della concorrenza per le imprese?<\/h2>\n\n\n\n<p>Immergersi nella ricerca sulla concorrenza pu\u00f2 sembrare come aprire un tesoro di approfondimenti per le aziende. I vantaggi ottenuti da questo processo possono avere profonde implicazioni su strategia, innovazione e crescita \u2013 ed ecco perch\u00e9 ogni azienda dovrebbe condurre ricerche sulla concorrenza:<\/p>\n\n\n\n<p><strong>Processo decisionale basato sui dati:<\/strong> Le decisioni supportate da dati e approfondimenti sono spesso pi\u00f9 accurate e di maggiore impatto. Quando le aziende comprendono il panorama competitivo, possono prendere decisioni proattive piuttosto che reattive e possono aiutare le aziende ad anticipare i futuri cambiamenti del mercato e prepararsi di conseguenza.<\/p>\n\n\n\n<p><strong>Opportunit\u00e0 di scoperta:<\/strong> <a href=\"https:\/\/www.sisinternational.com\/it\/competenza\/industrie\/ricerche-di-mercato-sui-decisori-aziendali\/\" title=\"Ricerche di mercato sui decisori aziendali\"  data-wpil-monitor-id=\"8362\">Research often leads businesses<\/a> to discover untapped market segments, new product ideas, or service enhancements that competitors might have missed.<\/p>\n\n\n\n<p><strong>Strategie di marketing migliorate:<\/strong> By understanding the marketing tactics that resonate with the audience (based on competitors&#8217; successful campaigns), businesses can <a href=\"https:\/\/www.sisinternational.com\/it\/il-ruolo-dello-sviluppo-di-processi-e-sistemi-nel-successo-organizzativo\/\" title=\"Ricerche di mercato sulla progettazione organizzativa\"  data-wpil-monitor-id=\"8360\">design more effective marketing strategies<\/a>. This means better ROI on marketing investments.<\/p>\n\n\n\n<p><strong>Analisi comparativa:<\/strong> Con la ricerca sulla concorrenza, le aziende possono stabilire parametri di riferimento per se stesse. Ci\u00f2 potrebbe riguardare le caratteristiche del prodotto, la qualit\u00e0 del servizio, l\u2019efficacia del marketing o qualsiasi altro parametro.<\/p>\n\n\n\n<p><strong>Efficienza dei costi:<\/strong> Instead of learning through trial and error, <a href=\"https:\/\/www.sisinternational.com\/it\/predictive-analytics\/\" title=\"Predictive Analytics: Your Crystal Ball for Business Success\"  data-wpil-monitor-id=\"8366\">businesses can look at competitors&#8217; successes<\/a> and failures. This not only accelerates learning but can also lead to more cost-efficient operations.<\/p>\n\n\n\n<p><strong>Gestione del rischio:<\/strong> Recognizing competitive threats early on enables businesses to adapt and respond, thereby reducing potential risks to <a href=\"https:\/\/www.sisinternational.com\/it\/non-profit-market-research\/\" title=\"Ricerche di mercato senza scopo di lucro\"  data-wpil-monitor-id=\"8365\">market share or profitability<\/a>.<\/p>\n\n\n\n<p><strong>Fiducia delle parti interessate:<\/strong> Dimostrare consapevolezza del panorama competitivo pu\u00f2 infondere fiducia nelle parti interessate, dagli investitori ai dipendenti, poich\u00e9 mette in mostra un approccio proattivo e strategico alla gestione aziendale.<\/p>\n\n\n\n<h2 class=\"wp-block-heading\">Opportunit\u00e0 nella ricerca della concorrenza per le imprese<\/h2>\n\n\n\n<p>La ricerca sulla concorrenza fornisce una visione pi\u00f9 chiara delle opportunit\u00e0 che le aziende possono sfruttare per la crescita, la redditivit\u00e0 e l\u2019espansione. Ecco un approfondimento sulle molteplici opportunit\u00e0 che emergono dall&#039;analisi della concorrenza:<\/p>\n\n\n\n<p><strong>Differenziazione del prodotto:<\/strong> Le aziende possono identificare le lacune nelle offerte dei concorrenti e prodotti o servizi artigianali che colmano questi vuoti. Ci\u00f2 non solo garantisce proposte di valore uniche, ma pu\u00f2 anche imporre prezzi premium.<\/p>\n\n\n\n<p><strong>Partenariati strategici:<\/strong> Comprendere i concorrenti potrebbe rivelare il potenziale di partnership piuttosto che di concorrenza. A volte, collaborare pu\u00f2 essere pi\u00f9 vantaggioso che competere, portando a una quota di mercato maggiore per entrambe le parti.<\/p>\n\n\n\n<p><a href=\"https:\/\/www.sisinternational.com\/it\/segmentazione-business-to-business\/\" title=\"Segmentazione del mercato business-to-business\"  data-wpil-monitor-id=\"8367\">Market Expansion: Identifying regions or segments<\/a> where competitors are underperforming can pave the way for businesses to expand into these untapped territories, capturing a fresh audience.<\/p>\n\n\n\n<p><strong>Perfezionamento della strategia di prezzo:<\/strong> La ricerca sulla concorrenza pu\u00f2 offrire approfondimenti sulle strategie di prezzo adottate dai concorrenti. Questa conoscenza consente alle aziende di posizionare le proprie offerte in modo pi\u00f9 attraente, attraverso prezzi competitivi, offerte in bundle o servizi a valore aggiunto.<\/p>\n\n\n\n<p><strong>Adozione della tecnologia:<\/strong> Riconoscere le tecnologie e gli strumenti che i concorrenti stanno sfruttando pu\u00f2 ispirare le aziende ad adottare soluzioni simili (o migliori), portando a una migliore efficienza, esperienza dei clienti e operazioni.<\/p>\n\n\n\n<p><strong>Posizionamento del marchio:<\/strong> Studiando i messaggi del marchio della concorrenza e le percezioni dei clienti, le aziende possono creare le loro narrazioni in modo pi\u00f9 avvincente, assicurandosi che siano in sintonia con le aspirazioni, i bisogni e i valori del pubblico target.<\/p>\n\n\n\n<p><a href=\"https:\/\/www.sisinternational.com\/it\/soluzioni\/consulenza-strategica\/identificazione-degli-obiettivi-di-fusioni-e-acquisizioni\/\" title=\"Ricerca su fusioni e acquisizioni\"  data-wpil-monitor-id=\"6960\">Acquisition Targets: Competitor research<\/a> might reveal struggling competitors who could be potential acquisition targets. Acquiring such businesses can lead to rapid expansion, technology acquisition, or elimination of competition.<\/p>\n\n\n\n<p><strong>Catalizzatore dell&#039;innovazione:<\/strong> Understanding what competitors are doing can spark innovation. Businesses can either improve upon competitors&#8217; ideas or find entirely new <a href=\"https:\/\/www.sisinternational.com\/it\/ricerche-di-mercato-sulla-casa-intelligente\/\" title=\"Ricerche di mercato per la casa intelligente\"  data-wpil-monitor-id=\"8361\">solutions to market<\/a> needs.<\/p>\n\n\n\n<p><strong>Campagne di marketing personalizzate:<\/strong> Osservando quali campagne di marketing dei concorrenti hanno successo e quali no, le aziende possono personalizzare le proprie strategie di marketing per avere maggiore impatto, garantendo un migliore coinvolgimento e conversione.<\/p>\n\n\n\n<h2 class=\"wp-block-heading\">Le sfide della ricerca della concorrenza per le imprese<\/h2>\n\n\n\n<p>Sebbene la ricerca sulla concorrenza offra alle aziende approfondimenti e opportunit\u00e0 complete, presenta diverse sfide che le aziende dovrebbero superare \u2013 ed ecco alcuni dei potenziali ostacoli che le aziende potrebbero affrontare quando si tuffano nell\u2019analisi della concorrenza:<\/p>\n\n\n\n<p><strong>Condizioni di mercato dinamiche:<\/strong> I mercati sono in continua evoluzione, con nuovi attori che entrano in scena e quelli gi\u00e0 esistenti che modificano le proprie strategie. Ci\u00f2 significa che la ricerca sulla concorrenza deve essere continua e le aziende devono essere pronte ad adattarsi rapidamente ai panorami in evoluzione.<\/p>\n\n\n\n<p><strong>Accesso ai dati autentici:<\/strong> Dati affidabili sono la spina dorsale di una ricerca efficace sulla concorrenza. Tuttavia, reperire informazioni accurate e aggiornate sui concorrenti (soprattutto se si tratta di enti privati) pu\u00f2 rappresentare una sfida.<\/p>\n\n\n\n<p><strong>Rischio di copia:<\/strong> C&#039;\u00e8 una linea sottile tra trarre ispirazione dai concorrenti e copiarli apertamente. Le aziende devono garantire che, mentre imparano dai concorrenti, innovino anche e mantengano la loro proposta di valore unica.<\/p>\n\n\n\n<p><strong>Preoccupazioni legali ed etiche:<\/strong> Alcuni metodi di raccolta di informazioni sui concorrenti potrebbero rasentare il non etico o addirittura il illegale. Le aziende devono garantire di essere sempre dalla parte giusta della legge e di mantenere standard etici.<\/p>\n\n\n\n<p><strong>Enfasi eccessiva sulla concorrenza:<\/strong> Anche se \u00e8 fondamentale capire cosa stanno facendo i concorrenti, c&#039;\u00e8 il rischio di concentrarsi troppo sulla concorrenza. Le aziende devono ricordarsi di mantenere i propri clienti al centro delle proprie strategie.<\/p>\n\n\n\n<p><strong>Mantenimento della riservatezza:<\/strong> Quando conducono ricerche sulla concorrenza, le aziende possono raccogliere informazioni sensibili. \u00c8 fondamentale gestire questi dati in modo responsabile, mantenendo la riservatezza e assicurandosi che non vengano utilizzati in modo improprio.<\/p>\n\n\n\n<p><strong>Complessit\u00e0 dell&#039;analisi:<\/strong> Avere dati grezzi \u00e8 una cosa; ricavare informazioni utili \u00e8 un&#039;altra. L\u2019enorme quantit\u00e0 di dati pu\u00f2 essere schiacciante e richiede strumenti e competenze adeguati per filtrare il rumore, identificare modelli e trarre conclusioni significative.<\/p>","protected":false},"excerpt":{"rendered":"<p>Competitor research provides a comprehensive overview of the market landscape and sheds light on competitors&#8217; strengths and weaknesses.<\/p>","protected":false},"author":1,"featured_media":71170,"parent":14514,"menu_order":402,"comment_status":"closed","ping_status":"closed","template":"","meta":{"footnotes":""},"class_list":["post-44081","page","type-page","status-publish","has-post-thumbnail"],"_links":{"self":[{"href":"https:\/\/www.sisinternational.com\/it\/wp-json\/wp\/v2\/pages\/44081","targetHints":{"allow":["GET"]}}],"collection":[{"href":"https:\/\/www.sisinternational.com\/it\/wp-json\/wp\/v2\/pages"}],"about":[{"href":"https:\/\/www.sisinternational.com\/it\/wp-json\/wp\/v2\/types\/page"}],"author":[{"embeddable":true,"href":"https:\/\/www.sisinternational.com\/it\/wp-json\/wp\/v2\/users\/1"}],"replies":[{"embeddable":true,"href":"https:\/\/www.sisinternational.com\/it\/wp-json\/wp\/v2\/comments?post=44081"}],"version-history":[{"count":6,"href":"https:\/\/www.sisinternational.com\/it\/wp-json\/wp\/v2\/pages\/44081\/revisions"}],"predecessor-version":[{"id":81401,"href":"https:\/\/www.sisinternational.com\/it\/wp-json\/wp\/v2\/pages\/44081\/revisions\/81401"}],"up":[{"embeddable":true,"href":"https:\/\/www.sisinternational.com\/it\/wp-json\/wp\/v2\/pages\/14514"}],"wp:featuredmedia":[{"embeddable":true,"href":"https:\/\/www.sisinternational.com\/it\/wp-json\/wp\/v2\/media\/71170"}],"wp:attachment":[{"href":"https:\/\/www.sisinternational.com\/it\/wp-json\/wp\/v2\/media?parent=44081"}],"curies":[{"name":"wp","href":"https:\/\/api.w.org\/{rel}","templated":true}]}}