{"id":44068,"date":"2023-11-06T12:37:14","date_gmt":"2023-11-06T17:37:14","guid":{"rendered":"https:\/\/www.sisinternational.com\/?page_id=44068"},"modified":"2026-03-15T23:59:31","modified_gmt":"2026-03-16T03:59:31","slug":"societa-di-ricerche-di-mercato-della-comunita-online-b2b","status":"publish","type":"page","link":"https:\/\/www.sisinternational.com\/it\/b2b-market-research-page\/societa-di-ricerche-di-mercato-della-comunita-online-b2b\/","title":{"rendered":"Societ\u00e0 di ricerche di mercato della comunit\u00e0 online B2B"},"content":{"rendered":"<h1 class=\"wp-block-heading\">Societ\u00e0 di ricerche di mercato della comunit\u00e0 online B2B<\/h1>\n\n\n\n<figure class=\"gb-block-image gb-block-image-37bfe496\"><img loading=\"lazy\" decoding=\"async\" width=\"1456\" height=\"816\" class=\"gb-image gb-image-37bfe496\" src=\"https:\/\/www.sisinternational.com\/wp-content\/uploads\/2025\/08\/Online-focus-group-3-1.jpg\" alt=\"Ricerca e strategia di mercato internazionale SIS\" title=\"Online focus group (3)\" srcset=\"https:\/\/www.sisinternational.com\/wp-content\/uploads\/2025\/08\/Online-focus-group-3-1.jpg 1456w, https:\/\/www.sisinternational.com\/wp-content\/uploads\/2025\/08\/Online-focus-group-3-1-300x168.jpg 300w, https:\/\/www.sisinternational.com\/wp-content\/uploads\/2025\/08\/Online-focus-group-3-1-1024x574.jpg 1024w, https:\/\/www.sisinternational.com\/wp-content\/uploads\/2025\/08\/Online-focus-group-3-1-768x430.jpg 768w, https:\/\/www.sisinternational.com\/wp-content\/uploads\/2025\/08\/Online-focus-group-3-1-18x10.jpg 18w\" sizes=\"auto, (max-width: 1456px) 100vw, 1456px\"><\/figure>\n\n\n\n<p><\/p>\n\n\n\n<p>What can drive a company to the forefront of its industry, making sure it understands the complex dynamics of its marketplace as well as the needs of its customers? The answer lies in capitalizing on the opinions and engagement of an entire community. Yet, how do organizations effectively leverage this resource? They utilize the services of a <a title=\"Principale societ\u00e0 di ricerche di mercato B2B\" href=\"https:\/\/www.sisinternational.com\/it\/la-migliore-azienda-di-ricerche-di-mercato-b2b\/\" data-wpil-monitor-id=\"1665\">B2B online community market research company<\/a>.<\/p>\n\n\n\n<h2 class=\"wp-block-heading\">Comprendere il ruolo di una societ\u00e0 di ricerche di mercato della comunit\u00e0 online B2B<\/h2>\n\n\n\n<p>One of the foremost reasons to hire such a company is its capability to delve deep into real-world insights. Traditional market research can often feel detached. However, a <a title=\"Societ\u00e0 di ricerche di mercato di panel online B2B\" href=\"https:\/\/www.sisinternational.com\/it\/soluzioni\/top-b2b-online-panel-market-research-company\/\" data-wpil-monitor-id=\"2370\">B2B online community market research company<\/a> promotes active engagement. This means instead of merely collecting data, they foster conversations that provide qualitative insights.<\/p>\n\n\n\n<p>Con le comunit\u00e0 online, il feedback non \u00e8 un evento occasionale. \u00c8 un flusso continuo, che fornisce reazioni in tempo reale ai cambiamenti del mercato, al lancio di prodotti o ai cambiamenti del settore. Questo dinamismo pu\u00f2 essere fondamentale per le aziende del settore B2B per orientare o adattare rapidamente le strategie.<\/p>\n\n\n\n<p>Moreover, with the constantly evolving business landscape, relying solely on traditional market research techniques might leave gaps in understanding. A B2B <a title=\"Ricerche di mercato sulle app di incontri online\" href=\"https:\/\/www.sisinternational.com\/it\/competenza\/industrie\/ricerche-di-mercato-sulle-app-di-incontri-online\/\" data-wpil-monitor-id=\"5940\">online community market research<\/a> company, bridges these gaps, ensuring businesses are not just informed but deeply connected to their market pulse.<\/p>\n\n\n\n<p>In ogni caso, la collaborazione offre molti altri vantaggi per le aziende come:<\/p>\n\n\n\n<p><strong>Ricerca su misura:<\/strong> Unlike generic market research, a B2B online community <a title=\"Societ\u00e0 di ricerche di mercato ad Atlanta\" href=\"https:\/\/www.sisinternational.com\/it\/copertura\/le-americhe\/copertura-degli-stati-uniti\/societa-di-ricerche-di-mercato-atlanta\/\" data-wpil-monitor-id=\"6412\">market research company<\/a> can custom-tailor its research approach to fit the unique needs and questions of a business. This ensures more relevant and actionable findings.<\/p>\n\n\n\n<p><strong>Costo efficiente:<\/strong> I metodi tradizionali di ricerca di mercato, come i focus group o le interviste faccia a faccia, possono richiedere molte risorse. Con gli strumenti e le piattaforme digitali utilizzati da una societ\u00e0 di ricerche di mercato, le aziende possono raccogliere informazioni in modo pi\u00f9 efficiente e a costi ridotti.<\/p>\n\n\n\n<p><strong>Tempi di consegna pi\u00f9 rapidi:<\/strong> Il tempo \u00e8 essenziale nel frenetico mondo degli affari di oggi. Queste aziende, sfruttando la potenza delle comunit\u00e0 online, possono fornire risultati pi\u00f9 velocemente rispetto ai metodi convenzionali, consentendo alle aziende di agire tempestivamente.<\/p>\n\n\n\n<p><strong>Costruire la fedelt\u00e0:<\/strong> Interagire con una comunit\u00e0, soprattutto per le aziende B2B, pu\u00f2 favorire la fidelizzazione. Quando i clienti o i potenziali clienti si sentono ascoltati e coinvolti, la loro connessione con il marchio migliora, portando a relazioni a lungo termine.<\/p>\n\n\n\n<p><strong>Previsioni di tendenza:<\/strong> The collective knowledge and experience of a community can be a crystal ball, predicting upcoming industry trends or shifts. With the expertise of a <a title=\"Cos\u2019\u00e8 il marketing B2B?\" href=\"https:\/\/www.sisinternational.com\/it\/complessita-del-marketing-b2b\/\" data-wpil-monitor-id=\"7324\">B2B online community market<\/a> research company, businesses can be ahead of the curve, preparing for market changes before they become mainstream.<\/p>\n\n\n\n<h2 class=\"wp-block-heading\">Opportunit\u00e0 per le aziende quando assumono una societ\u00e0 di ricerche di mercato della comunit\u00e0 online B2B<\/h2>\n\n\n\n<p>Nel panorama aziendale, l&#039;introduzione delle comunit\u00e0 online ha aperto diverse opportunit\u00e0, soprattutto con l&#039;aiuto di una societ\u00e0 di ricerche di mercato. Immergiamoci nelle potenziali strade che queste aziende portano sul tavolo:<\/p>\n\n\n\n<p><strong>Coinvolgimento diretto con i decisori:<\/strong> I settori B2B hanno spesso cicli di vendita pi\u00f9 lunghi e fanno molto affidamento sulla creazione di fiducia e relazioni. Attraverso le comunit\u00e0 online, le aziende possono interagire direttamente con i decisori, comprendendone in prima persona le esigenze e le sfide.<\/p>\n\n\n\n<p><strong>Ciclo di feedback:<\/strong> Il processo iterativo di sviluppo del prodotto o del servizio diventa snello. Con una community attiva, le aziende possono raccogliere rapidamente feedback e apportare le modifiche necessarie.<\/p>\n\n\n\n<p><strong>Analisi competitiva:<\/strong> Le comunit\u00e0 spesso comprendono membri che hanno interagito con pi\u00f9 marchi o soluzioni. Ci\u00f2 rappresenta un\u2019opportunit\u00e0 per le aziende di acquisire informazioni sulle offerte e sul posizionamento della concorrenza.<\/p>\n\n\n\n<p><strong>Sviluppo di prodotti innovativi:<\/strong> Al di l\u00e0 del semplice feedback, queste comunit\u00e0 possono essere incubatori di idee innovative. Il coinvolgimento con loro pu\u00f2 portare alla co-creazione di prodotti o soluzioni, con intuizioni e suggerimenti provenienti direttamente dagli utenti.<\/p>\n\n\n\n<p><strong>Reti in espansione:<\/strong> Interagire con una comunit\u00e0 online pu\u00f2 portare a presentazioni e collaborazioni con altre aziende, fornitori o influencer del settore. Questa espansione della rete, facilitata dalla societ\u00e0 di ricerche di mercato, pu\u00f2 essere una miniera d\u2019oro di opportunit\u00e0 di crescita.<\/p>\n\n\n\n<h2 class=\"wp-block-heading\">Sfide quando si conduce la ricerca<\/h2>\n\n\n\n<p>Sebbene le opportunit\u00e0 siano vaste, sarebbe ingenuo presumere che non vi siano sfide derivanti dalla collaborazione con una societ\u00e0 di ricerche di mercato di comunit\u00e0 online B2B. Proprio come qualsiasi altra impresa, \u00e8 essenziale essere consapevoli dei potenziali ostacoli per superarli in modo efficace:<\/p>\n\n\n\n<p><strong>Gestione della comunit\u00e0:<\/strong> Creare una comunit\u00e0 non \u00e8 sufficiente; ha bisogno di costante nutrimento e gestione. Una societ\u00e0 di ricerche di mercato potrebbe fornire la piattaforma e gli strumenti, ma l\u2019azienda deve investire tempo e risorse per interagire con la comunit\u00e0, garantendo una partecipazione sana e attiva.<\/p>\n\n\n\n<p><strong>Sfide di moderazione:<\/strong> Come con qualsiasi piattaforma online, c&#039;\u00e8 sempre il rischio di feedback negativi, troll o disinformazione. La societ\u00e0 di ricerche di mercato della comunit\u00e0 online B2B svolger\u00e0 un ruolo fondamentale nel moderare tali sfide, ma rimane una preoccupazione significativa per le aziende.<\/p>\n\n\n\n<p><strong>Bias e rappresentativit\u00e0:<\/strong> Often, the most vocal members of a community don&#8217;t necessarily represent the majority opinion. This can lead to skewed insights if not checked. The <a title=\"Ricerche di mercato sulla Balanced Scorecard\" href=\"https:\/\/www.sisinternational.com\/it\/soluzioni\/ricerca-di-mercato-con-balanced-scorecard\/\" data-wpil-monitor-id=\"2247\">market research company must ensure a balanced<\/a> representation of the feedback they gather and analyze.<\/p>\n\n\n\n<p><strong>Preoccupazioni relative alla riservatezza:<\/strong> Engaging with communities might sometimes necessitate sharing or discussing confidential information. This can be a concern for businesses, especially when it involves new product launches or company strategies. The <a title=\"Ricerche di mercato sulla sicurezza\" href=\"https:\/\/www.sisinternational.com\/it\/competenza\/industrie\/ricerche-di-mercato-sulla-sicurezza\/\" data-wpil-monitor-id=\"6535\">market research company must provide robust security<\/a> and confidentiality measures.<\/p>\n\n\n\n<h2 class=\"wp-block-heading\">Societ\u00e0 di ricerche di mercato della comunit\u00e0 online B2B e le sue prospettive<\/h2>\n\n\n\n<p>The future looks promising for businesses seeking to leverage the capabilities of a <a title=\"Valentine\u2019s Day Market Research:  How Your Business Can Feel The Love\" href=\"https:\/\/www.sisinternational.com\/it\/san-valentino-come-la-tua-azienda-puo-sentire-lamore\/\" data-wpil-monitor-id=\"7384\">B2B online community market<\/a> research company. As digital transformation extends across industries and online communities continue to gain traction, these research firms offer a prime seat to watch the evolving market dynamics. Here&#8217;s a glimpse into the future prospects:<\/p>\n\n\n\n<p><strong>Strategie iperpersonalizzate:<\/strong> Con gli approfondimenti raccolti dalle comunit\u00e0 online, le aziende saranno in una posizione migliore per creare strategie iper-personalizzate. Una societ\u00e0 di ricerche di mercato di comunit\u00e0 online B2B pu\u00f2 facilitare la raccolta di punti dati sfumati, aiutando le aziende a comprendere le preferenze individuali e i punti critici.<\/p>\n\n\n\n<p><strong>Analisi predittiva:<\/strong> The combination of AI and data collected from online communities can pave the way for predictive analytics. Partnering with a forward-thinking <a title=\"B2B Go-to-Market Strategy\" href=\"https:\/\/www.sisinternational.com\/it\/b2b-go-to-market-strategy\/\" data-wpil-monitor-id=\"799\">B2B online community market research company<\/a> will allow businesses to foresee market shifts and adapt their strategies proactively.<\/p>\n\n\n\n<p><strong>Emersione di comunit\u00e0 di nicchia:<\/strong> Man mano che il mercato diventa sempre pi\u00f9 segmentato, emergeranno comunit\u00e0 online di nicchia. Ci\u00f2 significa che una societ\u00e0 di ricerche di mercato sar\u00e0 fondamentale per aiutare le aziende ad attingere a queste micro-comunit\u00e0 per ottenere approfondimenti mirati.<\/p>\n\n\n\n<p><strong>Evoluzione delle piattaforme comunitarie:<\/strong> Con i progressi tecnologici, le piattaforme che ospitano queste comunit\u00e0 online si evolveranno, diventando pi\u00f9 interattive, coinvolgenti e intuitive. Sar\u00e0 responsabilit\u00e0 della societ\u00e0 di ricerche di mercato mantenersi al passo con questi cambiamenti e adattare di conseguenza le proprie metodologie.<\/p>\n\n\n\n<p><\/p>","protected":false},"excerpt":{"rendered":"<p>Una societ\u00e0 di ricerche di mercato di comunit\u00e0 online B2B raccoglie attivamente dati e promuove conversazioni per fornire approfondimenti qualitativi.<\/p>","protected":false},"author":1,"featured_media":63009,"parent":84360,"menu_order":23,"comment_status":"closed","ping_status":"closed","template":"","meta":{"_uag_custom_page_level_css":"","footnotes":""},"class_list":["post-44068","page","type-page","status-publish","has-post-thumbnail"],"uagb_featured_image_src":{"full":["https:\/\/www.sisinternational.com\/wp-content\/uploads\/2025\/08\/Online-focus-group-3-1.jpg",1456,816,false],"thumbnail":["https:\/\/www.sisinternational.com\/wp-content\/uploads\/2025\/08\/Online-focus-group-3-1-150x150.jpg",150,150,true],"medium":["https:\/\/www.sisinternational.com\/wp-content\/uploads\/2025\/08\/Online-focus-group-3-1-300x168.jpg",300,168,true],"medium_large":["https:\/\/www.sisinternational.com\/wp-content\/uploads\/2025\/08\/Online-focus-group-3-1-768x430.jpg",768,430,true],"large":["https:\/\/www.sisinternational.com\/wp-content\/uploads\/2025\/08\/Online-focus-group-3-1-1024x574.jpg",1024,574,true],"1536x1536":["https:\/\/www.sisinternational.com\/wp-content\/uploads\/2025\/08\/Online-focus-group-3-1.jpg",1456,816,false],"2048x2048":["https:\/\/www.sisinternational.com\/wp-content\/uploads\/2025\/08\/Online-focus-group-3-1.jpg",1456,816,false],"trp-custom-language-flag":["https:\/\/www.sisinternational.com\/wp-content\/uploads\/2025\/08\/Online-focus-group-3-1-18x10.jpg",18,10,true]},"uagb_author_info":{"display_name":"Ruth Stanat","author_link":"https:\/\/www.sisinternational.com\/it\/author\/expert\/"},"uagb_comment_info":0,"uagb_excerpt":"A B2B online community market research company actively collects data and fosters conversations to provide qualitative insights.","_links":{"self":[{"href":"https:\/\/www.sisinternational.com\/it\/wp-json\/wp\/v2\/pages\/44068","targetHints":{"allow":["GET"]}}],"collection":[{"href":"https:\/\/www.sisinternational.com\/it\/wp-json\/wp\/v2\/pages"}],"about":[{"href":"https:\/\/www.sisinternational.com\/it\/wp-json\/wp\/v2\/types\/page"}],"author":[{"embeddable":true,"href":"https:\/\/www.sisinternational.com\/it\/wp-json\/wp\/v2\/users\/1"}],"replies":[{"embeddable":true,"href":"https:\/\/www.sisinternational.com\/it\/wp-json\/wp\/v2\/comments?post=44068"}],"version-history":[{"count":11,"href":"https:\/\/www.sisinternational.com\/it\/wp-json\/wp\/v2\/pages\/44068\/revisions"}],"predecessor-version":[{"id":84644,"href":"https:\/\/www.sisinternational.com\/it\/wp-json\/wp\/v2\/pages\/44068\/revisions\/84644"}],"up":[{"embeddable":true,"href":"https:\/\/www.sisinternational.com\/it\/wp-json\/wp\/v2\/pages\/84360"}],"wp:featuredmedia":[{"embeddable":true,"href":"https:\/\/www.sisinternational.com\/it\/wp-json\/wp\/v2\/media\/63009"}],"wp:attachment":[{"href":"https:\/\/www.sisinternational.com\/it\/wp-json\/wp\/v2\/media?parent=44068"}],"curies":[{"name":"wp","href":"https:\/\/api.w.org\/{rel}","templated":true}]}}