{"id":43808,"date":"2023-10-11T11:22:35","date_gmt":"2023-10-11T15:22:35","guid":{"rendered":"https:\/\/www.sisinternational.com\/?page_id=43808"},"modified":"2026-01-26T19:01:47","modified_gmt":"2026-01-27T00:01:47","slug":"ricerche-di-mercato-sullesperienza-dei-clienti-dei-ristoranti","status":"publish","type":"page","link":"https:\/\/www.sisinternational.com\/it\/competenza\/ricerche-di-mercato-sullesperienza-dei-clienti-dei-ristoranti\/","title":{"rendered":"Ricerche di mercato sull&#039;esperienza dei clienti nei ristoranti"},"content":{"rendered":"<h1 class=\"wp-block-heading\">Ricerche di mercato sull&#039;esperienza dei clienti nei ristoranti<\/h1>\n\n\n\n<figure class=\"gb-block-image gb-block-image-b00fd56c\"><img loading=\"lazy\" decoding=\"async\" width=\"1456\" height=\"816\" class=\"gb-image gb-image-b00fd56c\" src=\"https:\/\/www.sisinternational.com\/wp-content\/uploads\/2025\/10\/Hotel-restaurant-1.jpg\" alt=\"Ricerca e strategia di mercato internazionale SIS\" title=\"Hotel restaurant (1)\" srcset=\"https:\/\/www.sisinternational.com\/wp-content\/uploads\/2025\/10\/Hotel-restaurant-1.jpg 1456w, https:\/\/www.sisinternational.com\/wp-content\/uploads\/2025\/10\/Hotel-restaurant-1-300x168.jpg 300w, https:\/\/www.sisinternational.com\/wp-content\/uploads\/2025\/10\/Hotel-restaurant-1-1024x574.jpg 1024w, https:\/\/www.sisinternational.com\/wp-content\/uploads\/2025\/10\/Hotel-restaurant-1-768x430.jpg 768w, https:\/\/www.sisinternational.com\/wp-content\/uploads\/2025\/10\/Hotel-restaurant-1-18x10.jpg 18w\" sizes=\"auto, (max-width: 1456px) 100vw, 1456px\"><\/figure>\n\n\n\n<p><\/p>\n\n\n\n<p>Ti sei mai chiesto cosa rimane veramente nella mente di un commensale dopo aver lasciato un ristorante? Le ricerche di mercato sull&#039;esperienza dei clienti nei ristoranti svolgono un ruolo fondamentale nell&#039;aiutare le aziende a ottenere informazioni preziose sulle preferenze, le aspettative e i livelli di soddisfazione dei clienti.<\/p>\n\n\n\n<p>By conducting in-depth market research, restaurants can identify areas for improvement, make informed business decisions, and ultimately enhance customer loyalty. Thus, <a href=\"https:\/\/www.sisinternational.com\/it\/competenza\/industrie\/ricerche-di-mercato-sui-ristoranti-cinesi\/\" title=\"Ricerche di mercato sui ristoranti cinesi\"  data-wpil-monitor-id=\"3791\">ricerche di mercato sull&#039;esperienza dei clienti dei ristoranti<\/a> is an essential tool for businesses in this industry that expects to thrive or an emerging restaurant that needs to keep up with the ever-changing nature of this sector.<\/p>\n\n\n\n<h2 class=\"wp-block-heading\">Che cos\u2019\u00e8 la ricerca di mercato sull\u2019esperienza del cliente nei ristoranti?<\/h2>\n\n\n\n<p><a href=\"https:\/\/www.sisinternational.com\/it\/competenza\/industrie\/ricerche-di-mercato-sui-ristoranti-fast-casual\/\" title=\"Ricerche di mercato sui ristoranti veloci e informali\"  data-wpil-monitor-id=\"5923\">Restaurant customer experience market research<\/a> collects and analyzes data into customers&#8217; perceptions, preferences, and behaviors. It encompasses various research methodologies such as surveys, interviews, focus groups, and observational studies to gather information directly from customers. The final goal is to understand the entire customer journey, from initial contact with the restaurant to the post-dining experience.<\/p>\n\n\n\n<h2 class=\"wp-block-heading\">Importanza della ricerca di mercato sull&#039;esperienza del cliente nei ristoranti<\/h2>\n\n\n\n<p>Restaurant customer <a href=\"https:\/\/www.sisinternational.com\/it\/competenza\/curriculum-di-esperienza\/curriculum-dellesperienza-negli-studi-etnografici\/\" title=\"Esperienza in ricerche di mercato etnografiche\"  data-wpil-monitor-id=\"6347\">experience market research<\/a> is critical for businesses operating in the industry \u2013 and here are several key reasons why it should be a top priority:<\/p>\n\n\n\n<ul class=\"wp-block-list\">\n<li><strong>Migliorare la soddisfazione del cliente:<\/strong> Comprendere le preferenze e le aspettative dei clienti \u00e8 essenziale per offrire un&#039;esperienza culinaria soddisfacente. Le ricerche di mercato aiutano i ristoranti a identificare i punti critici e le aree in cui i clienti potrebbero essere insoddisfatti. Affrontando questi problemi, i ristoranti possono aumentare la soddisfazione del cliente, portando a ripetere gli affari e ad un passaparola positivo.<\/li>\n\n\n\n<li><strong>Individuazione del vantaggio competitivo:<\/strong> Le ricerche di mercato consentono ai ristoranti di identificare i loro punti di forza unici e di trarne vantaggio. Comprendendo ci\u00f2 che li distingue, i ristoranti possono creare strategie di marketing mirate e sviluppare offerte che siano in sintonia con il loro pubblico target.<\/li>\n\n\n\n<li><strong>Migliorare l\u2019efficienza operativa:<\/strong> Le ricerche di mercato possono scoprire aree in cui l\u2019efficienza operativa ha margini di miglioramento. Ad esempio, analizzando il feedback dei clienti, i ristoranti possono identificare i colli di bottiglia nella fornitura dei servizi e semplificare i processi per migliorare l\u2019efficienza. Ci\u00f2 pu\u00f2 comportare un servizio pi\u00f9 rapido, tempi di attesa ridotti e un&#039;esperienza culinaria complessivamente pi\u00f9 fluida.<\/li>\n\n\n\n<li><strong>Costruire la fedelt\u00e0 del cliente:<\/strong> Un\u2019esperienza cliente positiva \u00e8 fondamentale per fidelizzare i clienti. Le ricerche di mercato aiutano i ristoranti a identificare ci\u00f2 che guida la fedelt\u00e0 e la soddisfazione dei clienti. Fornendo costantemente questi fattori, i ristoranti possono favorire relazioni a lungo termine con i clienti, aumentando la probabilit\u00e0 di visite ripetute e raccomandazioni positive.<\/li>\n<\/ul>\n\n\n\n<h2 class=\"wp-block-heading\">Opportunit\u00e0 nella ricerca di mercato sull&#039;esperienza del cliente nei ristoranti per le aziende<\/h2>\n\n\n\n<figure class=\"gb-block-image gb-block-image-fef5a67f\"><img loading=\"lazy\" decoding=\"async\" width=\"1456\" height=\"816\" class=\"gb-image gb-image-fef5a67f\" src=\"https:\/\/www.sisinternational.com\/wp-content\/uploads\/2025\/08\/Chinese-restaurant-1.jpg\" alt=\"Ricerca e strategia di mercato internazionale SIS\" title=\"Chinese restaurant (1)\" srcset=\"https:\/\/www.sisinternational.com\/wp-content\/uploads\/2025\/08\/Chinese-restaurant-1.jpg 1456w, https:\/\/www.sisinternational.com\/wp-content\/uploads\/2025\/08\/Chinese-restaurant-1-300x168.jpg 300w, https:\/\/www.sisinternational.com\/wp-content\/uploads\/2025\/08\/Chinese-restaurant-1-1024x574.jpg 1024w, https:\/\/www.sisinternational.com\/wp-content\/uploads\/2025\/08\/Chinese-restaurant-1-768x430.jpg 768w, https:\/\/www.sisinternational.com\/wp-content\/uploads\/2025\/08\/Chinese-restaurant-1-18x10.jpg 18w\" sizes=\"auto, (max-width: 1456px) 100vw, 1456px\"><\/figure>\n\n\n\n<p><\/p>\n\n\n\n<p>La ricerca di mercato sull&#039;esperienza dei clienti nei ristoranti offre alle aziende diverse opportunit\u00e0 per ottenere un vantaggio competitivo e promuovere la crescita. Ecco alcune opportunit\u00e0 chiave:<\/p>\n\n\n\n<ul class=\"wp-block-list\">\n<li><strong>Personalizzazione:<\/strong> Le ricerche di mercato consentono ai ristoranti di raccogliere dati sulle preferenze dei singoli clienti e personalizzare le esperienze di conseguenza. Sfruttando le informazioni sui clienti, i ristoranti possono offrire consigli personalizzati sui menu, promozioni personalizzate e messaggi di marketing mirati. Questo livello di personalizzazione migliora l&#039;esperienza culinaria complessiva e aumenta la soddisfazione del cliente<\/li>\n\n\n\n<li><strong>Integrazione tecnologica:<\/strong> I progressi tecnologici hanno aperto nuove strade per raccogliere il feedback dei clienti. I ristoranti possono sfruttare strumenti digitali come app mobili, sondaggi online e ascolto sui social media per raccogliere feedback in tempo reale. L\u2019integrazione della tecnologia nelle attivit\u00e0 di ricerca di mercato consente una raccolta, analisi e risposta dei dati pi\u00f9 rapida, portando a miglioramenti pi\u00f9 tempestivi nell\u2019esperienza del cliente.<\/li>\n\n\n\n<li><strong>Collaborazione con i clienti:<\/strong> Coinvolgere i clienti direttamente nel processo di ricerca pu\u00f2 fornire spunti preziosi. I ristoranti possono coinvolgere i clienti in focus group o comitati consultivi per raccogliere feedback approfonditi e idee di miglioramento. Questo approccio collaborativo non solo rafforza il rapporto tra il ristorante e i suoi clienti, ma favorisce anche un senso di appartenenza e lealt\u00e0.<\/li>\n<\/ul>\n\n\n\n<h2 class=\"wp-block-heading\">Sfide nelle ricerche di mercato sull\u2019esperienza del cliente nei ristoranti<\/h2>\n\n\n\n<p>Restaurant customer experience market research is essential for understanding diners&#8217; preferences, needs, and overall dining experiences. However, conducting effective research is not without its challenges. Let&#8217;s analyze the main hurdles businesses may encounter when undertaking <a href=\"https:\/\/www.sisinternational.com\/it\/copertura\/le-americhe\/copertura-degli-stati-uniti\/ricerche-di-mercato-nel-maine\/\" title=\"Ricerche di mercato nel Maine\"  data-wpil-monitor-id=\"5409\">ricerche di mercato sull&#039;esperienza dei clienti dei ristoranti<\/a>:<\/p>\n\n\n\n<ul class=\"wp-block-list\">\n<li><strong>Bassi tassi di risposta:<\/strong> Ottenere tassi di risposta elevati per sondaggi o moduli di feedback pu\u00f2 rappresentare una sfida significativa. I clienti, spesso concentrati sull&#039;esperienza o a corto di tempo, potrebbero trascurare o dimenticare di fornire un feedback.<\/li>\n\n\n\n<li><strong>Distorsioni nelle risposte:<\/strong> Analogamente ad altri settori, quelli con forti sentimenti positivi o negativi potrebbero avere maggiori probabilit\u00e0 di rispondere. Ci\u00f2 pu\u00f2 portare a una potenziale distorsione dei dati, che non sempre riflette l&#039;esperienza del cliente medio.<\/li>\n\n\n\n<li><strong>Complessit\u00e0 dell&#039;analisi dei dati:<\/strong> I dati quantitativi potrebbero fornire un feedback strutturato. Ma il feedback qualitativo pu\u00f2 essere difficile da decifrare e analizzare, richiedendo competenze e una comprensione articolata.<\/li>\n\n\n\n<li><strong>Difetti nella progettazione del sondaggio:<\/strong> Costruire domande imparziali, chiare e coinvolgenti che catturino l&#039;essenza dell&#039;esperienza culinaria \u00e8 un&#039;arte. I sondaggi mal progettati possono produrre dati irrilevanti o fuorvianti.<\/li>\n\n\n\n<li><strong>Eccessivo affidamento alle recensioni online:<\/strong> Sebbene le piattaforme online come Yelp o TripAdvisor offrano un tesoro di feedback, fare eccessivo affidamento su queste piattaforme pu\u00f2 fornire una prospettiva distorta in quanto potrebbero non sempre rappresentare una base di clienti pi\u00f9 ampia.<\/li>\n<\/ul>\n\n\n\n<h2 class=\"wp-block-heading\">Prospettive della ricerca di mercato sull&#039;esperienza del cliente alberghiero<\/h2>\n\n\n\n<figure class=\"gb-block-image gb-block-image-ecd3b0fd\"><img loading=\"lazy\" decoding=\"async\" width=\"1456\" height=\"816\" class=\"gb-image gb-image-ecd3b0fd\" src=\"https:\/\/www.sisinternational.com\/wp-content\/uploads\/2025\/10\/Hotel-restaurant-4.jpg\" alt=\"Ricerca e strategia di mercato internazionale SIS\" title=\"Hotel restaurant (4)\" srcset=\"https:\/\/www.sisinternational.com\/wp-content\/uploads\/2025\/10\/Hotel-restaurant-4.jpg 1456w, https:\/\/www.sisinternational.com\/wp-content\/uploads\/2025\/10\/Hotel-restaurant-4-300x168.jpg 300w, https:\/\/www.sisinternational.com\/wp-content\/uploads\/2025\/10\/Hotel-restaurant-4-1024x574.jpg 1024w, https:\/\/www.sisinternational.com\/wp-content\/uploads\/2025\/10\/Hotel-restaurant-4-768x430.jpg 768w, https:\/\/www.sisinternational.com\/wp-content\/uploads\/2025\/10\/Hotel-restaurant-4-18x10.jpg 18w\" sizes=\"auto, (max-width: 1456px) 100vw, 1456px\"><\/figure>\n\n\n\n<p><\/p>\n\n\n\n<p>Nel campo dell\u2019ospitalit\u00e0 in continua evoluzione, ci sono aree significative da esplorare nel settore alberghiero e un potenziale di crescita nei prossimi anni \u2013 ed ecco alcune delle brillanti prospettive che questo campo offre:<\/p>\n\n\n\n<ul class=\"wp-block-list\">\n<li><strong>Esperienze personalizzate:<\/strong> The push towards hyper-personalization in hospitality suggests a bright future for <a href=\"https:\/\/www.sisinternational.com\/it\/competenza\/industrie\/ricerche-di-mercato-per-amministratori-ospedalieri\/\" title=\"Ricerche di mercato per amministratori ospedalieri\"  data-wpil-monitor-id=\"6288\">ricerca di mercato<\/a> focused on understanding individual guest preferences. This can lead to tailored room settings, curated experiences, and highly personalized service.<\/li>\n\n\n\n<li><strong>Tendenze di sostenibilit\u00e0:<\/strong> Con la crescente enfasi globale sulla sostenibilit\u00e0, la ricerca sulle preferenze e aspettative ecologiche degli ospiti diventer\u00e0 ancora pi\u00f9 cruciale, offrendo agli hotel l\u2019opportunit\u00e0 di allinearsi con iniziative ecologiche.<\/li>\n\n\n\n<li><strong>Integrazione del feedback in tempo reale:<\/strong> Man mano che le piattaforme tecnologiche diventano pi\u00f9 avanzate, la prospettiva di acquisire feedback in tempo reale durante il soggiorno di un ospite diventa pi\u00f9 fattibile, consentendo agli hotel di apportare miglioramenti istantanei.<\/li>\n\n\n\n<li><strong>Mappatura dell\u2019esperienza olistica:<\/strong> Le future ricerche di mercato probabilmente andranno oltre il soggiorno in hotel in s\u00e9, abbracciando l\u2019intero viaggio, dalla prenotazione alle riflessioni post-soggiorno, e integrando anche aspetti dell\u2019esperienza di viaggio pi\u00f9 ampia.<\/li>\n\n\n\n<li><strong>Crescita nella ricerca di mercato di nicchia:<\/strong> As the hotel industry diversifies, there&#8217;s potential for <a href=\"https:\/\/www.sisinternational.com\/it\/il-mercato-russo-del-caviale\/\" title=\"Ricerche di mercato sul caviale\"  data-wpil-monitor-id=\"2731\">research to focus on niche markets<\/a>, from luxury wellness retreats to budget eco-stays, allowing for more targeted and relevant insights.<\/li>\n\n\n\n<li><strong>Opportunit\u00e0 di ricerca collaborativa:<\/strong> L\u2019integrazione tra i vari settori dell\u2019industria dei viaggi e dell\u2019ospitalit\u00e0 suggerisce prospettive per iniziative di ricerca collaborativa, catturando una visione pi\u00f9 completa dell\u2019esperienza degli ospiti.<\/li>\n\n\n\n<li><strong>Enfasi sulle connessioni emotive:<\/strong> Beyond mere satisfaction, future <a href=\"https:\/\/www.sisinternational.com\/it\/competenza\/industrie\/ricerche-di-mercato-sui-mobili-per-hotel\/\" title=\"Ricerche di mercato sui mobili per hotel\"  data-wpil-monitor-id=\"7210\">market research in hotels<\/a> will delve deeper into emotional metrics, understanding how different elements of the stay evoke emotional responses and contribute to overall guest well-being.<\/li>\n<\/ul>","protected":false},"excerpt":{"rendered":"<p>Conducendo ricerche di mercato approfondite, i ristoranti possono migliorare i servizi, prendere decisioni informate e aumentare la fedelt\u00e0 dei clienti.<\/p>","protected":false},"author":1,"featured_media":70814,"parent":14514,"menu_order":399,"comment_status":"closed","ping_status":"closed","template":"","meta":{"footnotes":""},"class_list":["post-43808","page","type-page","status-publish","has-post-thumbnail"],"_links":{"self":[{"href":"https:\/\/www.sisinternational.com\/it\/wp-json\/wp\/v2\/pages\/43808","targetHints":{"allow":["GET"]}}],"collection":[{"href":"https:\/\/www.sisinternational.com\/it\/wp-json\/wp\/v2\/pages"}],"about":[{"href":"https:\/\/www.sisinternational.com\/it\/wp-json\/wp\/v2\/types\/page"}],"author":[{"embeddable":true,"href":"https:\/\/www.sisinternational.com\/it\/wp-json\/wp\/v2\/users\/1"}],"replies":[{"embeddable":true,"href":"https:\/\/www.sisinternational.com\/it\/wp-json\/wp\/v2\/comments?post=43808"}],"version-history":[{"count":10,"href":"https:\/\/www.sisinternational.com\/it\/wp-json\/wp\/v2\/pages\/43808\/revisions"}],"predecessor-version":[{"id":80772,"href":"https:\/\/www.sisinternational.com\/it\/wp-json\/wp\/v2\/pages\/43808\/revisions\/80772"}],"up":[{"embeddable":true,"href":"https:\/\/www.sisinternational.com\/it\/wp-json\/wp\/v2\/pages\/14514"}],"wp:featuredmedia":[{"embeddable":true,"href":"https:\/\/www.sisinternational.com\/it\/wp-json\/wp\/v2\/media\/70814"}],"wp:attachment":[{"href":"https:\/\/www.sisinternational.com\/it\/wp-json\/wp\/v2\/media?parent=43808"}],"curies":[{"name":"wp","href":"https:\/\/api.w.org\/{rel}","templated":true}]}}