{"id":43779,"date":"2023-10-10T19:44:17","date_gmt":"2023-10-10T23:44:17","guid":{"rendered":"https:\/\/www.sisinternational.com\/?page_id=43779"},"modified":"2026-01-26T19:01:41","modified_gmt":"2026-01-27T00:01:41","slug":"ricerche-di-mercato-per-sondaggi-sugli-hotel","status":"publish","type":"page","link":"https:\/\/www.sisinternational.com\/it\/competenza\/ricerche-di-mercato-per-sondaggi-sugli-hotel\/","title":{"rendered":"Ricerca di mercato per sondaggi sugli hotel"},"content":{"rendered":"<h1 class=\"wp-block-heading\">Ricerca di mercato per sondaggi sugli hotel<\/h1>\n\n\n\n<figure class=\"gb-block-image gb-block-image-4dc60623\"><img loading=\"lazy\" decoding=\"async\" width=\"1456\" height=\"816\" class=\"gb-image gb-image-4dc60623\" src=\"https:\/\/www.sisinternational.com\/wp-content\/uploads\/2025\/08\/Hotel-furniture-9.jpg\" alt=\"Ricerca e strategia di mercato internazionale SIS\" title=\"Hotel furniture (9)\" srcset=\"https:\/\/www.sisinternational.com\/wp-content\/uploads\/2025\/08\/Hotel-furniture-9.jpg 1456w, https:\/\/www.sisinternational.com\/wp-content\/uploads\/2025\/08\/Hotel-furniture-9-300x168.jpg 300w, https:\/\/www.sisinternational.com\/wp-content\/uploads\/2025\/08\/Hotel-furniture-9-1024x574.jpg 1024w, https:\/\/www.sisinternational.com\/wp-content\/uploads\/2025\/08\/Hotel-furniture-9-768x430.jpg 768w, https:\/\/www.sisinternational.com\/wp-content\/uploads\/2025\/08\/Hotel-furniture-9-18x10.jpg 18w\" sizes=\"auto, (max-width: 1456px) 100vw, 1456px\"><\/figure>\n\n\n\n<p><\/p>\n\n\n\n<p>Qual \u00e8 il segreto per creare un&#039;esperienza alberghiera indimenticabile? Come possono le aziende del settore alberghiero trasformare semplici soggiorni in viaggi memorabili? Le ricerche di mercato dei sondaggi sugli hotel forniscono preziose informazioni sulle preferenze dei clienti, sui livelli di soddisfazione e sulle tendenze emergenti.<\/p>\n\n\n\n<p>Therefore, by conducting surveys and collecting data, hotels can make informed decisions to <a href=\"https:\/\/www.sisinternational.com\/it\/qualitative-research-to-enhance-customer-experience\/\" title=\"Qualitative Research to Enhance Customer Experience\"  data-wpil-monitor-id=\"9745\">enhance their services and improve customer experiences<\/a>.<\/p>\n\n\n\n<h2 class=\"wp-block-heading\">Perch\u00e9 le ricerche di mercato di Hotel Survey sono cos\u00ec importanti?<\/h2>\n\n\n\n<p>Hotel <a href=\"https:\/\/www.sisinternational.com\/it\/ricerche-di-mercato-relative-a-sondaggi-sui-membri\/\" title=\"Sondaggio sugli iscritti Ricerca di mercato\"  data-wpil-monitor-id=\"3586\">indagini di mercato<\/a> plays a pivotal role in the success of hotels because it enables them to understand their target audience, identify their needs and expectations, and tailor their services accordingly.<\/p>\n\n\n\n<p>By conducting surveys, hotels can assess customer satisfaction levels and identify areas that require improvement. This helps in enhancing the overall guest <a href=\"https:\/\/www.sisinternational.com\/it\/b2b-customer-experience-the-ultimate-guide-to-building-loyalty-that-lasts\/\" title=\"B2B Customer Experience: The Ultimate Guide to Building Loyalty That Lasts\"  data-wpil-monitor-id=\"9741\">experience and building customer loyalty<\/a>. Similarly, this <a href=\"https:\/\/www.sisinternational.com\/it\/competenza\/industrie\/ricerche-di-mercato-sui-mobili-per-hotel\/\" title=\"Ricerche di mercato sui mobili per hotel\"  data-wpil-monitor-id=\"7188\">market research allows hotels<\/a> to analyze their competitors and identify their strengths and weaknesses, which helps in developing strategies to stay ahead in the market.<\/p>\n\n\n\n<p>Inoltre, i sondaggi forniscono informazioni preziose sulle preferenze e sulle aspettative dei clienti. Gli hotel possono utilizzare questi dati per sviluppare nuovi prodotti e servizi che soddisfino le mutevoli richieste del loro pubblico target.<\/p>\n\n\n\n<h2 class=\"wp-block-heading\">Vantaggi della ricerca di mercato Hotel Survey<\/h2>\n\n\n\n<p>Le ricerche di mercato relative ai sondaggi sugli hotel offrono numerosi vantaggi agli hotel e alcuni dei vantaggi principali sono i seguenti:<\/p>\n\n\n\n<ul class=\"wp-block-list\">\n<li><strong>Ottimizzazione dei ricavi:<\/strong> Le ricerche di mercato relative ai sondaggi sugli hotel aiutano a identificare strategie di prezzo, tecniche di gestione delle entrate e opportunit\u00e0 di upselling. Comprendendo le preferenze e il comportamento degli ospiti, gli hotel possono identificare opportunit\u00e0 di upselling e cross-selling. Ci\u00f2 consente agli hotel di massimizzare le entrate e la redditivit\u00e0.<\/li>\n\n\n\n<li><strong>Maggiore soddisfazione degli ospiti:<\/strong> Raccogliendo feedback attraverso sondaggi, gli hotel possono identificare le aree in cui eccellono e quelle che necessitano di miglioramento. Ci\u00f2 porta ad una maggiore soddisfazione e fidelizzazione degli ospiti.<\/li>\n\n\n\n<li><strong>Vantaggio competitivo:<\/strong> Le ricerche di mercato dei sondaggi sugli hotel consentono agli hotel di rimanere aggiornati sulle ultime tendenze del settore e sulle preferenze dei consumatori. Questa conoscenza consente loro di differenziarsi dalla concorrenza e di offrire esperienze uniche agli ospiti.<\/li>\n\n\n\n<li><strong>Identificazione della tendenza:<\/strong> Il settore alberghiero, influenzato dagli eventi globali, dalla tecnologia e dalle mutevoli preferenze dei consumatori, \u00e8 in costante cambiamento. Attraverso sondaggi regolari, le aziende possono identificare le tendenze emergenti e posizionarsi all\u2019avanguardia, sia nelle pratiche di sostenibilit\u00e0, nell\u2019integrazione tecnologica o nell\u2019estetica del design degli ambienti.<\/li>\n\n\n\n<li><strong>Benchmarking competitivo:<\/strong> Con innumerevoli hotel in lizza per l&#039;attenzione degli ospiti, comprendere la propria posizione nel panorama competitivo \u00e8 fondamentale. Le ricerche di mercato relative ai sondaggi sugli hotel possono aiutare le aziende a capire come i loro servizi si confrontano con quelli della concorrenza, evidenziando aree di eccellenza o potenziali miglioramenti.<\/li>\n\n\n\n<li><strong>Efficienza operativa:<\/strong> I sondaggi possono andare oltre il feedback degli ospiti e comprendere il feedback del personale e delle parti interessate. Gli approfondimenti derivanti da questi sondaggi possono aiutare a semplificare le operazioni, identificare i colli di bottiglia e migliorare l\u2019efficienza complessiva.<\/li>\n\n\n\n<li><strong>Optimizing <a href=\"https:\/\/www.sisinternational.com\/it\/competenza\/industrie\/chief-information-officer-cio-ricerche-di-mercato\/\" title=\"Ricerca di mercato del Chief Information Officer (CIO).\"  data-wpil-monitor-id=\"9743\">Marketing<\/a> Strategies:<\/strong> Comprendendo le fonti di informazione e i modelli decisionali degli ospiti, gli hotel possono affinare le proprie strategie di marketing, allocando le risorse in modo pi\u00f9 efficace ai canali che producono i migliori risultati.<\/li>\n<\/ul>\n\n\n\n<h2 class=\"wp-block-heading\">Tendenze attuali e tecnologia applicata nelle ricerche di mercato sui sondaggi sugli hotel<\/h2>\n\n\n\n<figure class=\"gb-block-image gb-block-image-31efb835\"><img loading=\"lazy\" decoding=\"async\" width=\"1456\" height=\"816\" class=\"gb-image gb-image-31efb835\" src=\"https:\/\/www.sisinternational.com\/wp-content\/uploads\/2025\/08\/hotel-16.jpg\" alt=\"Ricerca e strategia di mercato internazionale SIS\" title=\"hotel (16)\" srcset=\"https:\/\/www.sisinternational.com\/wp-content\/uploads\/2025\/08\/hotel-16.jpg 1456w, https:\/\/www.sisinternational.com\/wp-content\/uploads\/2025\/08\/hotel-16-300x168.jpg 300w, https:\/\/www.sisinternational.com\/wp-content\/uploads\/2025\/08\/hotel-16-1024x574.jpg 1024w, https:\/\/www.sisinternational.com\/wp-content\/uploads\/2025\/08\/hotel-16-768x430.jpg 768w, https:\/\/www.sisinternational.com\/wp-content\/uploads\/2025\/08\/hotel-16-18x10.jpg 18w\" sizes=\"auto, (max-width: 1456px) 100vw, 1456px\"><\/figure>\n\n\n\n<p><\/p>\n\n\n\n<p>Hotel Survey Market Research is constantly evolving, and new trends and technologies are shaping the industry. Here are some of the current trends and <a href=\"https:\/\/www.sisinternational.com\/it\/competenza\/industrie\/ricerche-di-mercato-sulla-tecnologia-delle-bevande-alimentari-tecnologia-alimentare\/\" title=\"Ricerche di mercato sulle tecnologie per alimenti e bevande | Tecnologia alimentare\"  data-wpil-monitor-id=\"9744\">technologies in this market research<\/a>:<\/p>\n\n\n\n<ul class=\"wp-block-list\">\n<li><strong>Sondaggi mobili:<\/strong> Molti ospiti preferiscono fornire feedback tramite sondaggi ottimizzati per dispositivi mobili. Questo pu\u00f2 essere fatto tramite app dedicate, codici QR posizionati nelle stanze o sondaggi basati su SMS.<\/li>\n\n\n\n<li><strong>Chatbot per feedback in tempo reale:<\/strong> Alcuni hotel hanno iniziato a utilizzare i chatbot sui propri siti Web o app per interagire con gli ospiti in tempo reale, raccogliendo feedback immediati e rispondendo alle preoccupazioni.<\/li>\n\n\n\n<li><strong>Realt\u00e0 Virtuale (VR) e Realt\u00e0 Aumentata (AR):<\/strong> While more experimental, some research firms have started using VR and AR to simulate hotel experiences and gather feedback on potential changes or <a href=\"https:\/\/www.sisinternational.com\/it\/sis-lancia-nuove-soluzioni-di-ricerca-digitale\/\" title=\"SIS lancia nuove soluzioni di Ricerca Digitale\"  data-wpil-monitor-id=\"9740\">innovations<\/a>.<\/li>\n\n\n\n<li><strong>Sondaggi ludici:<\/strong> Per rendere pi\u00f9 coinvolgente il processo di compilazione dei sondaggi, alcuni hotel e societ\u00e0 di ricerca si stanno rivolgendo alla gamification, incentivando il feedback con premi o rendendolo pi\u00f9 interattivo e divertente.<\/li>\n\n\n\n<li><strong>Analisi predittiva:<\/strong> Analizzando il comportamento e il feedback passati, gli strumenti di analisi predittiva possono aiutare gli hotel ad anticipare le esigenze, le preferenze e le potenziali aree di insoddisfazione future degli ospiti.<\/li>\n<\/ul>\n\n\n\n<h2 class=\"wp-block-heading\">Opportunit\u00e0 nelle ricerche di mercato sulle indagini sugli hotel per le aziende<\/h2>\n\n\n\n<p>Il settore dell&#039;ospitalit\u00e0 \u00e8 dinamico e il successo dipende dalla comprensione delle esigenze, delle preferenze e delle aspettative degli ospiti. Pertanto, sfruttando le informazioni ricavate da queste indagini, le aziende possono sfruttare una moltitudine di opportunit\u00e0 come:<\/p>\n\n\n\n<ul class=\"wp-block-list\">\n<li><strong>Opportunit\u00e0 di personalizzazione:<\/strong> Modern guests seek personalized experiences. <a href=\"https:\/\/www.sisinternational.com\/it\/soluzioni\/soluzioni-di-ricerca-quantitativa-qualitativa\/indagini-di-mercato\/\" title=\"Sondaggio di ricerche di mercato\"  data-wpil-monitor-id=\"9742\">Market research surveys<\/a> can reveal preferences and patterns, allowing hotels to tailor their services, from room amenities to dining options to individual guest profiles.<\/li>\n\n\n\n<li><strong>Opportunit\u00e0 per eventi e conferenze:<\/strong> Per gli hotel con ampi spazi per eventi, la ricerca delle esigenze di aziende, organizzatori di eventi e organizzatori di conferenze pu\u00f2 aprire nuovi flussi di entrate.<\/li>\n\n\n\n<li><strong>Partenariati locali:<\/strong> Gli hotel possono effettuare sondaggi per identificare potenziali attivit\u00e0 commerciali locali (come tour operator, ristoranti o luoghi di intrattenimento) con cui le partnership potrebbero essere vantaggiose.<\/li>\n\n\n\n<li><strong>Iniziative sostenibili ed ecologiche:<\/strong> Con una tendenza crescente verso la sostenibilit\u00e0, la ricerca pu\u00f2 determinare l\u2019interesse degli ospiti per servizi ecologici, iniziative ecologiche o pratiche sostenibili nelle operazioni alberghiere.<\/li>\n<\/ul>\n\n\n\n<h2 class=\"wp-block-heading\">Sfide nelle ricerche di mercato delle indagini sugli hotel per le imprese<\/h2>\n\n\n\n<figure class=\"gb-block-image gb-block-image-2edf1e81\"><img loading=\"lazy\" decoding=\"async\" width=\"1456\" height=\"816\" class=\"gb-image gb-image-2edf1e81\" src=\"https:\/\/www.sisinternational.com\/wp-content\/uploads\/2025\/08\/hotel-15.jpg\" alt=\"Ricerca e strategia di mercato internazionale SIS\" title=\"hotel (15)\" srcset=\"https:\/\/www.sisinternational.com\/wp-content\/uploads\/2025\/08\/hotel-15.jpg 1456w, https:\/\/www.sisinternational.com\/wp-content\/uploads\/2025\/08\/hotel-15-300x168.jpg 300w, https:\/\/www.sisinternational.com\/wp-content\/uploads\/2025\/08\/hotel-15-1024x574.jpg 1024w, https:\/\/www.sisinternational.com\/wp-content\/uploads\/2025\/08\/hotel-15-768x430.jpg 768w, https:\/\/www.sisinternational.com\/wp-content\/uploads\/2025\/08\/hotel-15-18x10.jpg 18w\" sizes=\"auto, (max-width: 1456px) 100vw, 1456px\"><\/figure>\n\n\n\n<p><\/p>\n\n\n\n<p>Sebbene le ricerche di mercato basate sui sondaggi sugli hotel possano offrire spunti chiave per le aziende del settore dell&#039;ospitalit\u00e0, l&#039;esecuzione efficace di queste ricerche comporta una serie di sfide e riconoscere e affrontare queste sfide \u00e8 fondamentale per ottenere dati affidabili e utilizzabili.<\/p>\n\n\n\n<ul class=\"wp-block-list\">\n<li><strong>Bassi tassi di risposta:<\/strong> One of the most significant challenges with any survey-based <a href=\"https:\/\/www.sisinternational.com\/it\/soluzioni\/consulenza-strategica\/sicurezza-informatica-b2b\/\" title=\"B2B Cyber Security Research\"  data-wpil-monitor-id=\"9746\">research is securing<\/a> a high response rate. Guests, especially those on vacation or business trips, might not have the time or inclination to complete a survey, leading to insufficient data.<\/li>\n\n\n\n<li><strong>Distorsioni nelle risposte:<\/strong> Coloro che hanno avuto esperienze eccezionalmente positive o negative potrebbero essere pi\u00f9 propensi a completare un sondaggio. Ci\u00f2 pu\u00f2 comportare una sovrarappresentazione di opinioni estreme, che potrebbero non riflettere accuratamente l&#039;esperienza dell&#039;ospite medio.<\/li>\n\n\n\n<li><a href=\"https:\/\/www.sisinternational.com\/it\/copertura\/europa\/ricerche-di-mercato-liverpool-regno-unito\/\" title=\"Ricerche di mercato a Liverpool | Focus group e raccolta dati nel Regno Unito\"  data-wpil-monitor-id=\"9747\">Data Analysis Complexity: Collecting<\/a> survey data is just the first step. Analyzing this data, especially when it&#8217;s qualitative or open-ended, can be complex and time-consuming. Extracting actionable insights requires expertise and the right analytical tools.<\/li>\n\n\n\n<li><strong>Preoccupazioni sulla privacy dei dati:<\/strong> Con la crescente consapevolezza sulla privacy dei dati, gli ospiti potrebbero essere riluttanti a fornire dettagli personali o feedback. Garantire la protezione dei dati e comunicarla agli intervistati \u00e8 fondamentale.<\/li>\n\n\n\n<li><strong>Limitazioni temporali:<\/strong> Il settore dell\u2019ospitalit\u00e0 \u00e8 influenzato dalle stagioni, dagli eventi e dagli avvenimenti globali. Il feedback ottenuto durante l&#039;alta stagione potrebbe differire in modo significativo dalla bassa stagione. Garantire che la ricerca basata sui sondaggi acquisisca una visione completa durante tutto l\u2019anno \u00e8 una sfida.<\/li>\n<\/ul>","protected":false},"excerpt":{"rendered":"<p>Le ricerche di mercato dei sondaggi sugli hotel forniscono preziose informazioni sulle preferenze dei clienti, sui livelli di soddisfazione e sulle tendenze emergenti.<\/p>","protected":false},"author":1,"featured_media":63582,"parent":14514,"menu_order":390,"comment_status":"closed","ping_status":"closed","template":"","meta":{"footnotes":""},"class_list":["post-43779","page","type-page","status-publish","has-post-thumbnail"],"_links":{"self":[{"href":"https:\/\/www.sisinternational.com\/it\/wp-json\/wp\/v2\/pages\/43779","targetHints":{"allow":["GET"]}}],"collection":[{"href":"https:\/\/www.sisinternational.com\/it\/wp-json\/wp\/v2\/pages"}],"about":[{"href":"https:\/\/www.sisinternational.com\/it\/wp-json\/wp\/v2\/types\/page"}],"author":[{"embeddable":true,"href":"https:\/\/www.sisinternational.com\/it\/wp-json\/wp\/v2\/users\/1"}],"replies":[{"embeddable":true,"href":"https:\/\/www.sisinternational.com\/it\/wp-json\/wp\/v2\/comments?post=43779"}],"version-history":[{"count":7,"href":"https:\/\/www.sisinternational.com\/it\/wp-json\/wp\/v2\/pages\/43779\/revisions"}],"predecessor-version":[{"id":81622,"href":"https:\/\/www.sisinternational.com\/it\/wp-json\/wp\/v2\/pages\/43779\/revisions\/81622"}],"up":[{"embeddable":true,"href":"https:\/\/www.sisinternational.com\/it\/wp-json\/wp\/v2\/pages\/14514"}],"wp:featuredmedia":[{"embeddable":true,"href":"https:\/\/www.sisinternational.com\/it\/wp-json\/wp\/v2\/media\/63582"}],"wp:attachment":[{"href":"https:\/\/www.sisinternational.com\/it\/wp-json\/wp\/v2\/media?parent=43779"}],"curies":[{"name":"wp","href":"https:\/\/api.w.org\/{rel}","templated":true}]}}