{"id":43777,"date":"2023-10-10T18:36:13","date_gmt":"2023-10-10T22:36:13","guid":{"rendered":"https:\/\/www.sisinternational.com\/?page_id=43777"},"modified":"2026-01-27T16:38:54","modified_gmt":"2026-01-27T21:38:54","slug":"ricerche-di-mercato-sullesperienza-dei-clienti-degli-hotel","status":"publish","type":"page","link":"https:\/\/www.sisinternational.com\/it\/competenza\/ricerche-di-mercato-sullesperienza-dei-clienti-degli-hotel\/","title":{"rendered":"Ricerca di mercato sull\u2019esperienza del cliente alberghiero"},"content":{"rendered":"<h1 class=\"wp-block-heading\">Ricerca di mercato sull\u2019esperienza del cliente alberghiero<\/h1>\n\n\n\n<figure class=\"gb-block-image gb-block-image-91d34be2\"><img loading=\"lazy\" decoding=\"async\" width=\"1456\" height=\"816\" class=\"gb-image gb-image-91d34be2\" src=\"https:\/\/www.sisinternational.com\/wp-content\/uploads\/2025\/08\/hotel-1.jpg\" alt=\"Ricerca e strategia di mercato internazionale SIS\" title=\"hotel (1)\" srcset=\"https:\/\/www.sisinternational.com\/wp-content\/uploads\/2025\/08\/hotel-1.jpg 1456w, https:\/\/www.sisinternational.com\/wp-content\/uploads\/2025\/08\/hotel-1-300x168.jpg 300w, https:\/\/www.sisinternational.com\/wp-content\/uploads\/2025\/08\/hotel-1-1024x574.jpg 1024w, https:\/\/www.sisinternational.com\/wp-content\/uploads\/2025\/08\/hotel-1-768x430.jpg 768w, https:\/\/www.sisinternational.com\/wp-content\/uploads\/2025\/08\/hotel-1-18x10.jpg 18w\" sizes=\"auto, (max-width: 1456px) 100vw, 1456px\"><\/figure>\n\n\n\n<p><\/p>\n\n\n\n<p>In un settore in cui ogni dettaglio conta, comprendere l&#039;esperienza degli ospiti non \u00e8 solo vantaggioso, ma essenziale. Ecco perch\u00e9 offrire un&#039;esperienza cliente eccezionale \u00e8 fondamentale affinch\u00e9 gli hotel possano distinguersi e prosperare. \u00c8 qui che la ricerca di mercato sull\u2019esperienza del cliente alberghiero gioca un ruolo fondamentale.<\/p>\n\n\n\n<p>Comprendendo i fattori chiave che contribuiscono a un&#039;esperienza cliente positiva, gli hotel possono prendere decisioni informate e implementare strategie per migliorare la soddisfazione e la fedelt\u00e0 degli ospiti.<\/p>\n\n\n\n<h2 class=\"wp-block-heading\">L\u2019importanza della ricerca di mercato sull\u2019esperienza del cliente negli hotel<\/h2>\n\n\n\n<p>How do guests truly feel during their stay at a hotel? Hotel customer <a href=\"https:\/\/www.sisinternational.com\/it\/competenza\/curriculum-di-esperienza\/curriculum-dellesperienza-negli-studi-etnografici\/\" title=\"Esperienza in ricerche di mercato etnografiche\"  data-wpil-monitor-id=\"6350\">experience market research<\/a> regularly answers this question and uncovers insights that can elevate service standards, refine amenities, and create unforgettable stays that lead to loyal patronage.<\/p>\n\n\n\n<p>Thus, <a href=\"https:\/\/www.sisinternational.com\/it\/competenza\/industrie\/ricerche-di-mercato-sui-mobili-per-hotel\/\" title=\"Ricerche di mercato sui mobili per hotel\"  data-wpil-monitor-id=\"7191\">Ricerche di mercato sull&#039;esperienza dei clienti degli hotel<\/a> emerges as a cornerstone in this endeavor, providing businesses with insights that go beyond mere satisfaction metrics. It analyzes guest preferences to understand what guests truly value. It goes beyond basic amenities and delves into nuanced preferences, be it the ambiance of a room, the promptness of service, or the quality of in-house dining.<\/p>\n\n\n\n<p>Questa ricerca consente inoltre alle aziende di confrontare le proprie offerte con quelle della concorrenza, identificando aree di forza e potenziali miglioramenti. Inoltre, aiuta ad analizzare l&#039;intero percorso del cliente, dalla prenotazione alla cassa, evidenziando i punti di attrito o le aree in cui gli ospiti potrebbero incontrare difficolt\u00e0.<\/p>\n\n\n\n<h2 class=\"wp-block-heading\">Vantaggi della ricerca di mercato sull&#039;esperienza del cliente negli hotel<\/h2>\n\n\n\n<figure class=\"gb-block-image gb-block-image-ab492934\"><img loading=\"lazy\" decoding=\"async\" width=\"1456\" height=\"816\" class=\"gb-image gb-image-ab492934\" src=\"https:\/\/www.sisinternational.com\/wp-content\/uploads\/2025\/08\/hotel-22.jpg\" alt=\"Ricerca e strategia di mercato internazionale SIS\" title=\"hotel (22)\" srcset=\"https:\/\/www.sisinternational.com\/wp-content\/uploads\/2025\/08\/hotel-22.jpg 1456w, https:\/\/www.sisinternational.com\/wp-content\/uploads\/2025\/08\/hotel-22-300x168.jpg 300w, https:\/\/www.sisinternational.com\/wp-content\/uploads\/2025\/08\/hotel-22-1024x574.jpg 1024w, https:\/\/www.sisinternational.com\/wp-content\/uploads\/2025\/08\/hotel-22-768x430.jpg 768w, https:\/\/www.sisinternational.com\/wp-content\/uploads\/2025\/08\/hotel-22-18x10.jpg 18w\" sizes=\"auto, (max-width: 1456px) 100vw, 1456px\"><\/figure>\n\n\n\n<p><\/p>\n\n\n\n<p>In un settore incentrato sull&#039;ospite come quello dell&#039;ospitalit\u00e0, comprendere e ottimizzare l&#039;esperienza del cliente \u00e8 fondamentale. La ricerca di mercato sull\u2019esperienza dei clienti degli hotel rappresenta uno strumento cruciale per gli hotel che mirano a prosperare in un panorama competitivo. Scavando in profondit\u00e0 nel viaggio e nelle percezioni dell&#039;ospite, questa forma di ricerca offre numerosi vantaggi agli albergatori, tra cui:<\/p>\n\n\n\n<ul class=\"wp-block-list\">\n<li><strong>Maggiore soddisfazione degli ospiti:<\/strong> Comprendendo le esigenze, le preferenze e i punti critici degli ospiti, gli hotel possono implementare cambiamenti che portano a una maggiore soddisfazione degli ospiti. Il feedback pu\u00f2 individuare le aree in cui potrebbe essere necessaria la formazione del personale o in cui \u00e8 possibile migliorare i protocolli di servizio, garantendo agli ospiti un servizio coerente e di alta qualit\u00e0.<\/li>\n\n\n\n<li><strong>Aumento delle entrate:<\/strong> Una migliore comprensione delle preferenze degli ospiti pu\u00f2 guidare le strategie di upselling e cross-selling, portando a un aumento della spesa per ospite in servizi come pasti, trattamenti termali e upgrade delle camere. Inoltre, il feedback pu\u00f2 evidenziare aree di inefficienza operativa, come processi di check-in lenti o ritardi nel servizio in camera, consentendo al management di semplificare le operazioni.<\/li>\n\n\n\n<li><strong>Fedelt\u00e0 e fidelizzazione:<\/strong> Agendo sulla base delle informazioni ricavate dalle ricerche di mercato, gli hotel possono aumentare la fidelizzazione degli ospiti e ridurre i costi associati all&#039;acquisizione di nuovi clienti. Inoltre, gli approfondimenti sui dati demografici, sulle preferenze e sui comportamenti degli ospiti possono guidare campagne di marketing mirate, rendendole pi\u00f9 efficaci e offrendo un ritorno sull\u2019investimento pi\u00f9 elevato.<\/li>\n\n\n\n<li><strong>Vantaggio competitivo:<\/strong> In un mercato saturo, comprendere le esperienze degli ospiti pu\u00f2 evidenziare punti di forza e differenziatori unici che distinguono un hotel dalla concorrenza. Grazie agli approfondimenti basati sui dati, gli albergatori possono prendere decisioni pi\u00f9 informate in merito a ristrutturazioni, aggiunte di servizi, implementazioni tecnologiche e altri investimenti significativi.<\/li>\n\n\n\n<li><strong>Fiducia delle parti interessate:<\/strong> Per le catene alberghiere o le propriet\u00e0 in cerca di investitori, una solida ricerca di mercato pu\u00f2 fornire dati che aumentano la fiducia delle parti interessate nella direzione dell&#039;azienda e nella potenziale redditivit\u00e0.<\/li>\n<\/ul>\n\n\n\n<h2 class=\"wp-block-heading\">Fattori chiave che influenzano l&#039;esperienza del cliente in hotel<\/h2>\n\n\n\n<p>Diversi fattori chiave contribuiscono all\u2019esperienza complessiva del cliente negli hotel. Comprendendo e dando priorit\u00e0 a questi fattori, gli hotel possono creare strategie per superare le aspettative degli ospiti e ottenere recensioni positive.<\/p>\n\n\n\n<ul class=\"wp-block-list\">\n<li><strong>Eccellenza del servizio clienti:<\/strong> Il servizio clienti \u00e8 una pietra miliare del settore alberghiero. Membri del personale ben addestrati, cortesi e attenti possono avere un impatto significativo sulla soddisfazione degli ospiti. Un servizio clienti efficace include risposte rapide alle domande, interazioni personalizzate e la volont\u00e0 di andare oltre per soddisfare le esigenze degli ospiti.<\/li>\n\n\n\n<li><strong>Processi di check-in e check-out senza soluzione di continuit\u00e0:<\/strong> The check-in and check-out <a href=\"https:\/\/www.sisinternational.com\/it\/b2b-customer-experience-the-ultimate-guide-to-building-loyalty-that-lasts\/\" title=\"B2B Customer Experience: The Ultimate Guide to Building Loyalty That Lasts\"  data-wpil-monitor-id=\"507\">experiences greatly influence guests&#8217; first and last<\/a> impressions of a hotel. Streamlining these processes, reducing waiting times, and offering self-check-in options can enhance the overall guest experience.<\/li>\n\n\n\n<li><strong>Sistemazioni confortevoli:<\/strong> Camere confortevoli e ben arredate sono essenziali per un&#039;esperienza positiva per gli ospiti. Pulizia, letti confortevoli, servizi di qualit\u00e0 e tecnologia funzionale contribuiscono alla soddisfazione degli ospiti.<\/li>\n\n\n\n<li><strong>Esperienze culinarie:<\/strong> Le offerte di cibo e bevande sono componenti cruciali dell&#039;esperienza complessiva dell&#039;hotel. Fornire una gamma di opzioni per la ristorazione di alta qualit\u00e0, tra cui il servizio in camera, i ristoranti interni e la scelta per la colazione, pu\u00f2 avere un impatto significativo sulla soddisfazione degli ospiti.<\/li>\n\n\n\n<li><strong>Comunicazione effettiva:<\/strong> Una comunicazione chiara ed efficace tra l&#039;hotel e gli ospiti \u00e8 fondamentale. Ci\u00f2 include la fornitura di informazioni accurate sui servizi dell&#039;hotel, sui servizi e sulle attrazioni locali. L\u2019utilizzo di piattaforme digitali, come app mobili o tablet in camera, pu\u00f2 facilitare una comunicazione senza interruzioni.<\/li>\n\n\n\n<li><strong>Personalizzazione e personalizzazione:<\/strong> Gli ospiti apprezzano le esperienze personalizzate che soddisfano le loro preferenze individuali. Gli hotel possono sfruttare i dati degli ospiti per offrire consigli su misura, preferenze delle camere e servizi personalizzati per creare un soggiorno memorabile e unico.<\/li>\n\n\n\n<li><strong>Rapporto qualit\u00e0-prezzo:<\/strong> Gli ospiti si aspettano un buon rapporto qualit\u00e0-prezzo, indipendentemente dalla categoria dell&#039;hotel. Offrire prezzi competitivi, fatturazione trasparente e mantenere i servizi promessi contribuisce alla soddisfazione degli ospiti.<\/li>\n<\/ul>\n\n\n\n<h2 class=\"wp-block-heading\">Opportunit\u00e0 nelle ricerche di mercato sull&#039;esperienza del cliente alberghiero<\/h2>\n\n\n\n<figure class=\"gb-block-image gb-block-image-9914a4d9\"><img loading=\"lazy\" decoding=\"async\" width=\"1456\" height=\"816\" class=\"gb-image gb-image-9914a4d9\" src=\"https:\/\/www.sisinternational.com\/wp-content\/uploads\/2025\/08\/hotel-13.jpg\" alt=\"Ricerca e strategia di mercato internazionale SIS\" title=\"hotel (13)\" srcset=\"https:\/\/www.sisinternational.com\/wp-content\/uploads\/2025\/08\/hotel-13.jpg 1456w, https:\/\/www.sisinternational.com\/wp-content\/uploads\/2025\/08\/hotel-13-300x168.jpg 300w, https:\/\/www.sisinternational.com\/wp-content\/uploads\/2025\/08\/hotel-13-1024x574.jpg 1024w, https:\/\/www.sisinternational.com\/wp-content\/uploads\/2025\/08\/hotel-13-768x430.jpg 768w, https:\/\/www.sisinternational.com\/wp-content\/uploads\/2025\/08\/hotel-13-18x10.jpg 18w\" sizes=\"auto, (max-width: 1456px) 100vw, 1456px\"><\/figure>\n\n\n\n<p><\/p>\n\n\n\n<p>Hotel customer <a href=\"https:\/\/www.sisinternational.com\/it\/financial-services-consulting\/financial-services-customer-satisfaction\/\" title=\"Financial Services Customer Satisfaction\"  data-wpil-monitor-id=\"7514\">experience market research<\/a> is more than just a tool to assess guest satisfaction; it&#8217;s a gateway to several opportunities for businesses in the hospitality sector. Therefore, by tapping into the rich insights offered by this research, businesses can position themselves for growth, innovation, and sustained success.<\/p>\n\n\n\n<h3 class=\"wp-block-heading\">Ecco alcune delle principali opportunit\u00e0 svelate dalla ricerca di mercato sull\u2019esperienza dei clienti degli hotel:<\/h3>\n\n\n\n<ul class=\"wp-block-list\">\n<li><strong>Innovazione di prodotti e servizi:<\/strong> Comprendendo le preferenze, le esigenze e i punti critici degli ospiti, le aziende possono sviluppare nuovi prodotti o servizi su misura per soddisfare tali esigenze. Ci\u00f2 pu\u00f2 variare dall&#039;introduzione di controlli delle camere basati sulla tecnologia alla cura di esperienze locali uniche per gli ospiti.<\/li>\n\n\n\n<li><strong>Marketing e promozioni mirate:<\/strong> Gli approfondimenti ricavati dalle ricerche di mercato sull&#039;esperienza dei clienti degli hotel consentono alle aziende di perfezionare le proprie strategie di marketing, garantendo che le campagne raggiungano il pubblico target, portando a conversioni e ROI pi\u00f9 elevati.<\/li>\n\n\n\n<li><strong>Espansione strategica:<\/strong> Per le aziende che desiderano espandersi, questa ricerca fornisce dati su ci\u00f2 che i potenziali ospiti in nuovi mercati o segmenti apprezzano di pi\u00f9. Ci\u00f2 garantisce che le espansioni o il lancio di nuove propriet\u00e0 siano in linea con le richieste del mercato.<\/li>\n\n\n\n<li><strong>Diversificazione del flusso di entrate:<\/strong> Comprendendo le esigenze e le preferenze pi\u00f9 ampie degli ospiti, gli hotel possono identificare opportunit\u00e0 per introdurre flussi di entrate accessorie come programmi benessere, tour curati o esperienze culinarie speciali.<\/li>\n\n\n\n<li><strong>Esperienze digitali migliorate:<\/strong> Poich\u00e9 i punti di contatto digitali diventano sempre pi\u00f9 cruciali nel viaggio degli ospiti, gli approfondimenti derivanti dalle ricerche di mercato possono guidare lo sviluppo di app, siti Web e servizi di concierge digitale di facile utilizzo.<\/li>\n\n\n\n<li><strong>Opportunit\u00e0 di partnership e collaborazione:<\/strong> Comprendere gli interessi e le preferenze degli ospiti pu\u00f2 svelare opportunit\u00e0 per partnership strategiche, che si tratti di attrazioni locali, organizzatori di eventi o persino aziende tecnologiche per migliorare l&#039;esperienza degli ospiti.<\/li>\n<\/ul>","protected":false},"excerpt":{"rendered":"<p>Fornire un&#039;esperienza cliente eccezionale \u00e8 fondamentale affinch\u00e9 gli hotel possano distinguersi e prosperare. La ricerca di mercato sull\u2019esperienza dei clienti degli hotel \u00e8 vitale.<\/p>","protected":false},"author":1,"featured_media":63501,"parent":14514,"menu_order":389,"comment_status":"closed","ping_status":"closed","template":"","meta":{"footnotes":""},"class_list":["post-43777","page","type-page","status-publish","has-post-thumbnail"],"_links":{"self":[{"href":"https:\/\/www.sisinternational.com\/it\/wp-json\/wp\/v2\/pages\/43777","targetHints":{"allow":["GET"]}}],"collection":[{"href":"https:\/\/www.sisinternational.com\/it\/wp-json\/wp\/v2\/pages"}],"about":[{"href":"https:\/\/www.sisinternational.com\/it\/wp-json\/wp\/v2\/types\/page"}],"author":[{"embeddable":true,"href":"https:\/\/www.sisinternational.com\/it\/wp-json\/wp\/v2\/users\/1"}],"replies":[{"embeddable":true,"href":"https:\/\/www.sisinternational.com\/it\/wp-json\/wp\/v2\/comments?post=43777"}],"version-history":[{"count":7,"href":"https:\/\/www.sisinternational.com\/it\/wp-json\/wp\/v2\/pages\/43777\/revisions"}],"predecessor-version":[{"id":81141,"href":"https:\/\/www.sisinternational.com\/it\/wp-json\/wp\/v2\/pages\/43777\/revisions\/81141"}],"up":[{"embeddable":true,"href":"https:\/\/www.sisinternational.com\/it\/wp-json\/wp\/v2\/pages\/14514"}],"wp:featuredmedia":[{"embeddable":true,"href":"https:\/\/www.sisinternational.com\/it\/wp-json\/wp\/v2\/media\/63501"}],"wp:attachment":[{"href":"https:\/\/www.sisinternational.com\/it\/wp-json\/wp\/v2\/media?parent=43777"}],"curies":[{"name":"wp","href":"https:\/\/api.w.org\/{rel}","templated":true}]}}