{"id":43751,"date":"2023-10-10T13:22:18","date_gmt":"2023-10-10T17:22:18","guid":{"rendered":"https:\/\/www.sisinternational.com\/?page_id=43751"},"modified":"2026-03-12T13:16:26","modified_gmt":"2026-03-12T17:16:26","slug":"ricerche-di-mercato-sulle-bevande-alimentari-per-barbecue","status":"publish","type":"page","link":"https:\/\/www.sisinternational.com\/it\/soluzioni\/ricerche-di-mercato-nel-settore-delle-bevande-alimentari\/ricerche-di-mercato-sulle-bevande-alimentari-per-barbecue\/","title":{"rendered":"Ricerche di mercato su alimenti e bevande per barbecue"},"content":{"rendered":"<h1 class=\"wp-block-heading\">Ricerche di mercato su alimenti e bevande per barbecue<\/h1>\n\n\n\n<figure class=\"gb-block-image gb-block-image-9ebf8356\"><img loading=\"lazy\" decoding=\"async\" width=\"1456\" height=\"816\" class=\"gb-image gb-image-9ebf8356\" src=\"https:\/\/www.sisinternational.com\/wp-content\/uploads\/2025\/08\/Barbecue-3.jpg\" alt=\"Ricerca e strategia di mercato internazionale SIS\" title=\"Barbecue (3)\" srcset=\"https:\/\/www.sisinternational.com\/wp-content\/uploads\/2025\/08\/Barbecue-3.jpg 1456w, https:\/\/www.sisinternational.com\/wp-content\/uploads\/2025\/08\/Barbecue-3-300x168.jpg 300w, https:\/\/www.sisinternational.com\/wp-content\/uploads\/2025\/08\/Barbecue-3-1024x574.jpg 1024w, https:\/\/www.sisinternational.com\/wp-content\/uploads\/2025\/08\/Barbecue-3-768x430.jpg 768w, https:\/\/www.sisinternational.com\/wp-content\/uploads\/2025\/08\/Barbecue-3-18x10.jpg 18w\" sizes=\"auto, (max-width: 1456px) 100vw, 1456px\"><\/figure>\n\n\n\n<p><\/p>\n\n\n\n<p>Il cibo barbecue \u00e8 da tempo un&#039;amata tradizione culinaria, che unisce le persone per esperienze indimenticabili - e poich\u00e9 la popolarit\u00e0 del barbecue continua ad aumentare, diventa fondamentale per le aziende del settore alimentare condurre ricerche di mercato su alimenti e bevande barbecue per comprendere le tendenze, le preferenze e opportunit\u00e0 in questo mercato.<\/p>\n\n\n\n<h2 class=\"wp-block-heading\">Che cos\u2019\u00e8 la ricerca di mercato su alimenti e bevande per barbecue?<\/h2>\n\n\n\n<p>La ricerca di mercato di alimenti e bevande per barbecue \u00e8 lo studio del consumo, della produzione e delle vendite di prodotti alimentari per barbecue. Implica lo studio del comportamento dei consumatori, delle tendenze del mercato, del panorama competitivo e delle normative di settore per ottenere informazioni preziose che possano informare le strategie aziendali e il processo decisionale.<\/p>\n\n\n\n<p>Questa ricerca fornisce alle aziende una comprensione completa delle preferenze dei clienti, delle dinamiche di mercato e delle tendenze emergenti, consentendo loro di sviluppare prodotti innovativi, creare campagne di marketing efficaci e stare al passo con la concorrenza.<\/p>\n\n\n\n<h3 class=\"wp-block-heading\">Perch\u00e9 \u00e8 importante?<\/h3>\n\n\n\n<p>As the love for barbecue continues to grow globally, understanding market dynamics becomes critical for businesses in this niche. Barbecue <a href=\"https:\/\/www.sisinternational.com\/it\/competenza\/industrie\/ricerche-di-mercato-sugli-ingredienti-per-bevande-alimentari\/\" title=\"Ricerche di mercato sugli ingredienti per alimenti e bevande\"  data-wpil-monitor-id=\"3154\">food and beverage market research<\/a> emerges as the guide for entrepreneurs, restaurateurs, and manufacturers in meeting the ever-evolving tastes and preferences of barbecue enthusiasts.<\/p>\n\n\n\n<p>Questa ricerca fornisce informazioni utili sul comportamento dei consumatori, sulle preferenze dei prodotti e sulle opportunit\u00e0 dei mercati emergenti, rendendola indispensabile per coloro che mirano a prosperare nel settore degli alimenti per barbecue. Pertanto, consente alle aziende di personalizzare i propri prodotti e servizi per soddisfare le esigenze e i desideri specifici del proprio pubblico target. Analizzando i dati sui profili aromatici, le preferenze degli ingredienti, le tecniche di cottura e le restrizioni dietetiche, le aziende possono sviluppare offerte di cibi barbecue che siano in sintonia con i loro clienti, con conseguente aumento delle vendite e della soddisfazione dei clienti.<\/p>\n\n\n\n<h2 class=\"wp-block-heading\">Vantaggi della ricerca di mercato su alimenti e bevande per barbecue<\/h2>\n\n\n\n<figure class=\"gb-block-image gb-block-image-3c24bbcf\"><img loading=\"lazy\" decoding=\"async\" width=\"1456\" height=\"816\" class=\"gb-image gb-image-3c24bbcf\" src=\"https:\/\/www.sisinternational.com\/wp-content\/uploads\/2025\/08\/Barbecue-6.jpg\" alt=\"Ricerca e strategia di mercato internazionale SIS\" title=\"Barbecue (6)\" srcset=\"https:\/\/www.sisinternational.com\/wp-content\/uploads\/2025\/08\/Barbecue-6.jpg 1456w, https:\/\/www.sisinternational.com\/wp-content\/uploads\/2025\/08\/Barbecue-6-300x168.jpg 300w, https:\/\/www.sisinternational.com\/wp-content\/uploads\/2025\/08\/Barbecue-6-1024x574.jpg 1024w, https:\/\/www.sisinternational.com\/wp-content\/uploads\/2025\/08\/Barbecue-6-768x430.jpg 768w, https:\/\/www.sisinternational.com\/wp-content\/uploads\/2025\/08\/Barbecue-6-18x10.jpg 18w\" sizes=\"auto, (max-width: 1456px) 100vw, 1456px\"><\/figure>\n\n\n\n<p><\/p>\n\n\n\n<p>Barbecue <a href=\"https:\/\/www.sisinternational.com\/it\/competenza\/industrie\/ricerche-di-mercato-sulle-bevande-alimentari-per-la-cena\/\" title=\"Ricerche di mercato su alimenti e bevande per la cena\"  data-wpil-monitor-id=\"3859\">food and beverage market research<\/a> offers key insights for businesses eager to stake their claim in this sector \u2013 and here are the key benefits of conducting barbecue food and beverage market research:<\/p>\n\n\n\n<ul class=\"wp-block-list\">\n<li><strong>Preferenze del consumatore:<\/strong> <a href=\"https:\/\/www.sisinternational.com\/it\/global-beverage-market\/\" title=\"Global Beverage Market: Market Dynamics, Growth Projections &amp; Consumer Insights\"  data-wpil-monitor-id=\"1098\">Barbecue food and beverage market research<\/a> can reveal insights into preferred cuts of meat, favored marinades, cooking techniques, and emerging tastes, allowing businesses to tailor their offerings accordingly. Additionally, market research can guide advertising campaigns, ensuring they resonate with target demographics and leverage prevailing trends.<\/li>\n\n\n\n<li><strong>Variazioni regionali:<\/strong> The term &#8220;barbecue&#8221; means different things in different cultures. Through barbecue <a href=\"https:\/\/www.sisinternational.com\/it\/competenza\/industrie\/ricerche-di-mercato-sullinsicurezza-delle-bevande-alimentari\/\" title=\"Ricerche di mercato sull\u2019insicurezza degli alimenti e delle bevande\"  data-wpil-monitor-id=\"4146\">food and beverage market research<\/a>, businesses can understand regional nuances, from Korean BBQ to American southern-style smoking. Barbecue <a href=\"https:\/\/www.sisinternational.com\/it\/competenza\/industrie\/ricerche-di-mercato-sulla-sicurezza-alimentare\/\" title=\"Ricerche di mercato sulla sicurezza degli alimenti e delle bevande\"  data-wpil-monitor-id=\"4299\">food and beverage market research<\/a> can also inspire the creation of new sauces, marinades, or side dishes, based on identified gaps or emerging trends in the market.<\/li>\n\n\n\n<li><strong>Mitigazione del rischio:<\/strong> Barbecue <a href=\"https:\/\/www.sisinternational.com\/it\/competenza\/industrie\/ricerche-di-mercato-sugli-additivi-per-bevande-alimentari\/\" title=\"Ricerche di mercato sugli additivi per alimenti e bevande\"  data-wpil-monitor-id=\"5799\">food and beverage market research<\/a> can highlight potential risks, from changing consumer health perceptions to supply chain disruptions, allowing businesses to strategize accordingly.<\/li>\n\n\n\n<li><strong>Coinvolgimento delle parti interessate:<\/strong> Una ricerca di mercato completa pu\u00f2 rafforzare la fiducia tra investitori, fornitori e partner, dimostrando l&#039;impegno di un&#039;azienda nei confronti del processo decisionale basato sui dati. Inoltre, raccogliendo feedback su tutto, dalla qualit\u00e0 del cibo all&#039;atmosfera, le aziende possono perfezionare continuamente l&#039;esperienza culinaria, garantendo visite ripetute e passaparola positivo.<\/li>\n<\/ul>\n\n\n\n<h3 class=\"wp-block-heading\">Case study attuale di un marchio leader<\/h3>\n\n\n\n<ul class=\"wp-block-list\">\n<li><strong>Salsa barbecue GrillMaster:<\/strong> GrillMaster, a leading barbecue sauce brand, leveraged market research to revamp its product line and capture a larger market share. Through extensive consumer surveys and taste tests, the company identified a growing demand for spicy and smoky flavor profiles. With this knowledge, GrillMaster introduced a new line of bold and tangy barbecue sauces that catered to these preferences \u2013 and the <a href=\"https:\/\/www.sisinternational.com\/it\/competenza\/industrie\/ricerche-di-mercato-sulla-progettazione-di-imballaggi\/\" title=\"Ricerche di mercato sulla progettazione di imballaggi\"  data-wpil-monitor-id=\"6195\">market research data guided their packaging design<\/a>, messaging, and targeted marketing campaigns, resulting in a significant increase in sales and brand recognition.<\/li>\n<\/ul>\n\n\n\n<h2 class=\"wp-block-heading\">Opportunit\u00e0 nelle ricerche di mercato di alimenti e bevande per barbecue per le aziende<\/h2>\n\n\n\n<p>Approfondire le complessit\u00e0 delle ricerche di mercato svela una miriade di opportunit\u00e0 per le aziende, dai produttori ai ristoratori. Ecco uno sguardo pi\u00f9 da vicino a queste prospettive:<\/p>\n\n\n\n<ul class=\"wp-block-list\">\n<li><strong>Diverse tendenze culinarie:<\/strong> Gli stili di barbecue variano enormemente da una regione all&#039;altra. Le ricerche di mercato possono portare alla luce tradizioni culinarie meno conosciute, aprendo la strada alle aziende per introdurre nuovi sapori e tecniche a un pubblico pi\u00f9 ampio.<\/li>\n\n\n\n<li><strong>Approfondimenti sulle preferenze dei consumatori<\/strong>: Capire se i consumatori prediligono sapori speziati, affumicati, dolci o piccanti, o se danno priorit\u00e0 alle carni biologiche o di provenienza locale, pu\u00f2 modellare lo sviluppo del prodotto e le offerte dei menu.<\/li>\n\n\n\n<li><strong>Tecnologie emergenti:<\/strong> Con innovazioni come griglie intelligenti e gadget tecnologici per barbecue, la ricerca di mercato pu\u00f2 fornire informazioni sui tassi di adozione e sulle preferenze dei consumatori, guidando lo sviluppo del prodotto e le strategie di marketing.<\/li>\n\n\n\n<li><strong>Alternative ecologiche:<\/strong> Poich\u00e9 la sostenibilit\u00e0 diventa una preoccupazione globale, esiste il potenziale per esplorare alternative ecologiche alla griglia, utensili biodegradabili o fonti di carne sostenibili.<\/li>\n\n\n\n<li><strong>Potenziale dei prodotti confezionati:<\/strong> Approfondimenti sulla popolarit\u00e0 delle carni pre-marinate, delle salse pronte all\u2019uso o dei kit per pasti al barbecue possono creare opportunit\u00e0 nel settore della vendita al dettaglio e dei prodotti confezionati.<\/li>\n\n\n\n<li><strong>Esperienze culinarie:<\/strong> Al di l\u00e0 del semplice cibo, capire quale tipo di ambiente o esperienze accessorie (come musica dal vivo o tavoli alla griglia interattivi) desiderano gli ospiti pu\u00f2 fornire alle aziende un vantaggio competitivo.<\/li>\n\n\n\n<li><strong>Modelli di abbonamento:<\/strong> Dagli abbonamenti mensili alla salsa barbecue alle consegne di carne curata, c&#039;\u00e8 il potenziale nell&#039;offrire prodotti o servizi regolari basati su abbonamento agli appassionati.<\/li>\n\n\n\n<li><strong>Salute e benessere:<\/strong> Man mano che i consumatori diventano pi\u00f9 attenti alla salute, c\u2019\u00e8 l\u2019opportunit\u00e0 di approfondire opzioni barbecue pi\u00f9 salutari, come proteine vegetali, carni magre o condimenti biologici.<\/li>\n<\/ul>\n\n\n\n<h2 class=\"wp-block-heading\">Sfide nella ricerca di mercato di alimenti e bevande per barbecue<\/h2>\n\n\n\n<figure class=\"gb-block-image gb-block-image-f3670338\"><img loading=\"lazy\" decoding=\"async\" width=\"1456\" height=\"816\" class=\"gb-image gb-image-f3670338\" src=\"https:\/\/www.sisinternational.com\/wp-content\/uploads\/2025\/08\/Barbecue-2.jpg\" alt=\"Ricerca e strategia di mercato internazionale SIS\" title=\"Barbecue (2)\" srcset=\"https:\/\/www.sisinternational.com\/wp-content\/uploads\/2025\/08\/Barbecue-2.jpg 1456w, https:\/\/www.sisinternational.com\/wp-content\/uploads\/2025\/08\/Barbecue-2-300x168.jpg 300w, https:\/\/www.sisinternational.com\/wp-content\/uploads\/2025\/08\/Barbecue-2-1024x574.jpg 1024w, https:\/\/www.sisinternational.com\/wp-content\/uploads\/2025\/08\/Barbecue-2-768x430.jpg 768w, https:\/\/www.sisinternational.com\/wp-content\/uploads\/2025\/08\/Barbecue-2-18x10.jpg 18w\" sizes=\"auto, (max-width: 1456px) 100vw, 1456px\"><\/figure>\n\n\n\n<p><\/p>\n\n\n\n<p>While barbecue <a href=\"https:\/\/www.sisinternational.com\/it\/competenza\/industrie\/ricerche-di-mercato-sulle-bevande-alimentari-salutari\/\" title=\"Ricerche di mercato su alimenti e bevande salutari\"  data-wpil-monitor-id=\"6017\">food and beverage market research<\/a> offers numerous opportunities, businesses also face several challenges in navigating this dynamic market.<\/p>\n\n\n\n<h3 class=\"wp-block-heading\">Ecco alcune sfide chiave:<\/h3>\n\n\n\n<ul class=\"wp-block-list\">\n<li><strong>Modifica delle preferenze del consumatore:<\/strong> Le preferenze dei consumatori nel mercato degli alimenti per barbecue possono cambiare rapidamente. Le aziende devono rimanere agili e adattare i propri prodotti e strategie per soddisfare le richieste in evoluzione dei consumatori. Condurre ricerche di mercato regolari aiuta le aziende a rimanere informate sui cambiamenti delle preferenze e consente loro di apportare modifiche tempestive alle loro offerte.<\/li>\n\n\n\n<li><strong>Stagionalit\u00e0 e dipendenze meteorologiche:<\/strong> Barbecue food consumption is often influenced by seasonality and weather conditions. Businesses in this market need to account for these factors and develop strategies to mitigate their impact. Barbecue <a href=\"https:\/\/www.sisinternational.com\/it\/competenza\/curriculum-di-esperienza\/curriculum-di-esperienza-nel-settore-delle-bevande-fast-food\/\" title=\"Esperienza in ricerche di mercato nel settore fast food e bevande\"  data-wpil-monitor-id=\"6361\">food and beverage market research<\/a> can provide insights into consumer behavior during different seasons and help businesses plan inventory, marketing campaigns, and promotions accordingly.<\/li>\n\n\n\n<li><strong>Competizione intensa:<\/strong> Il mercato degli alimenti per barbecue \u00e8 altamente competitivo, con numerosi attori che competono per attirare l&#039;attenzione dei consumatori. Le aziende devono differenziarsi attraverso offerte di prodotti unici, un servizio clienti eccezionale e strategie di marketing efficaci. Le ricerche di mercato possono aiutare le aziende a identificare le lacune del mercato, a comprendere i punti di forza e di debolezza dei concorrenti e a sviluppare strategie per distinguersi in questo mercato affollato.<\/li>\n<\/ul>","protected":false},"excerpt":{"rendered":"<p>Barbecue Food and Beverage Market Research studies barbecue products&#8217; consumption, production, and sales and finds trends and opportunities.<\/p>","protected":false},"author":1,"featured_media":63360,"parent":22018,"menu_order":383,"comment_status":"closed","ping_status":"closed","template":"","meta":{"footnotes":""},"class_list":["post-43751","page","type-page","status-publish","has-post-thumbnail"],"_links":{"self":[{"href":"https:\/\/www.sisinternational.com\/it\/wp-json\/wp\/v2\/pages\/43751","targetHints":{"allow":["GET"]}}],"collection":[{"href":"https:\/\/www.sisinternational.com\/it\/wp-json\/wp\/v2\/pages"}],"about":[{"href":"https:\/\/www.sisinternational.com\/it\/wp-json\/wp\/v2\/types\/page"}],"author":[{"embeddable":true,"href":"https:\/\/www.sisinternational.com\/it\/wp-json\/wp\/v2\/users\/1"}],"replies":[{"embeddable":true,"href":"https:\/\/www.sisinternational.com\/it\/wp-json\/wp\/v2\/comments?post=43751"}],"version-history":[{"count":14,"href":"https:\/\/www.sisinternational.com\/it\/wp-json\/wp\/v2\/pages\/43751\/revisions"}],"predecessor-version":[{"id":79944,"href":"https:\/\/www.sisinternational.com\/it\/wp-json\/wp\/v2\/pages\/43751\/revisions\/79944"}],"up":[{"embeddable":true,"href":"https:\/\/www.sisinternational.com\/it\/wp-json\/wp\/v2\/pages\/22018"}],"wp:featuredmedia":[{"embeddable":true,"href":"https:\/\/www.sisinternational.com\/it\/wp-json\/wp\/v2\/media\/63360"}],"wp:attachment":[{"href":"https:\/\/www.sisinternational.com\/it\/wp-json\/wp\/v2\/media?parent=43751"}],"curies":[{"name":"wp","href":"https:\/\/api.w.org\/{rel}","templated":true}]}}