{"id":43741,"date":"2023-10-04T21:56:26","date_gmt":"2023-10-05T01:56:26","guid":{"rendered":"https:\/\/www.sisinternational.com\/?page_id=43741"},"modified":"2026-01-25T18:11:42","modified_gmt":"2026-01-25T23:11:42","slug":"ricerca-di-mercato-sulle-batterie-mev","status":"publish","type":"page","link":"https:\/\/www.sisinternational.com\/it\/competenza\/ricerca-di-mercato-sulle-batterie-mev\/","title":{"rendered":"Ricerche di mercato sulle batterie MEV"},"content":{"rendered":"<h1 class=\"wp-block-heading\">Ricerche di mercato sulle batterie MEV<\/h1>\n\n\n\n<figure class=\"gb-block-image gb-block-image-3a7f3545\"><img loading=\"lazy\" decoding=\"async\" width=\"1456\" height=\"816\" class=\"gb-image gb-image-3a7f3545\" src=\"https:\/\/www.sisinternational.com\/wp-content\/uploads\/2025\/08\/Electric-vehicle-17.jpg\" alt=\"Ricerca e strategia di mercato internazionale SIS\" title=\"Electric vehicle (17)\" srcset=\"https:\/\/www.sisinternational.com\/wp-content\/uploads\/2025\/08\/Electric-vehicle-17.jpg 1456w, https:\/\/www.sisinternational.com\/wp-content\/uploads\/2025\/08\/Electric-vehicle-17-300x168.jpg 300w, https:\/\/www.sisinternational.com\/wp-content\/uploads\/2025\/08\/Electric-vehicle-17-1024x574.jpg 1024w, https:\/\/www.sisinternational.com\/wp-content\/uploads\/2025\/08\/Electric-vehicle-17-768x430.jpg 768w, https:\/\/www.sisinternational.com\/wp-content\/uploads\/2025\/08\/Electric-vehicle-17-18x10.jpg 18w\" sizes=\"auto, (max-width: 1456px) 100vw, 1456px\"><\/figure>\n\n\n\n<p><\/p>\n\n\n\n<p>Vi siete mai chiesti cosa alimenta la rivoluzione silenziosa sulle nostre strade? I veicoli elettrici ibridi leggeri (MEV) stanno cambiando il gioco, colmando il divario tra i veicoli convenzionali e le loro controparti completamente elettriche. Ma, per comprendere e sfruttare veramente questo mercato, le aziende si affidano alle ricerche di mercato sulle batterie MEV per comprendere le complessit\u00e0 della tecnologia, individuare le dinamiche del mercato e prevedere le traiettorie future.<\/p>\n\n\n\n<h2 class=\"wp-block-heading\">Cos\u2019\u00e8 la ricerca di mercato sulle batterie MEV?<\/h2>\n\n\n\n<p>MEV <a class=\"wpil_keyword_link\" href=\"https:\/\/www.sisinternational.com\/it\/competenza\/industrie\/ricerche-di-mercato-sulle-batterie\/\"   title=\"Ricerche di mercato sulle batterie\" data-wpil-keyword-link=\"linked\"  data-wpil-monitor-id=\"315\">ricerche di mercato sulle batterie<\/a> is a systematic study to understand the nuances of the battery systems used in MEVs. Unlike fully electric vehicles that rely solely on batteries for propulsion, MEVs utilize a combination of traditional combustion engines and electric systems, with batteries playing a pivotal role in enhancing fuel efficiency and reducing emissions.<\/p>\n\n\n\n<h3 class=\"wp-block-heading\">L\u2019essenza della ricerca di mercato sulle batterie MEV risiede nel:<\/h3>\n\n\n\n<p>Dinamiche di mercato: analizzare le dinamiche della domanda e dell&#039;offerta, comprendere i fattori che influenzano la crescita del mercato e valutare il potenziale di espansione futura.<\/p>\n\n\n\n<ul class=\"wp-block-list\">\n<li><strong>Preferenze del consumatore:<\/strong> Approfondire i comportamenti, le preferenze e i modelli di acquisto dei consumatori. Comprendere cosa spinge i consumatori a optare per i veicoli elettrici e il ruolo che le batterie svolgono in queste decisioni.<\/li>\n\n\n\n<li><strong>Analisi competitiva:<\/strong> Esaminare gli attori chiave del mercato, le loro offerte, le quote di mercato, le strategie e prevedere potenziali cambiamenti nella posizione dominante del mercato.<\/li>\n\n\n\n<li><strong>Panorama normativo:<\/strong> Comprendere i quadri normativi globali e regionali che influenzano le specifiche, la produzione e l&#039;implementazione delle batterie nei MEV.<\/li>\n\n\n\n<li><strong>Fattori economici:<\/strong> Studio delle strutture dei costi, delle strategie di prezzo, delle opportunit\u00e0 di investimento e dei potenziali ostacoli finanziari nella produzione e nella commercializzazione delle batterie MEV.<\/li>\n<\/ul>\n\n\n\n<h2 class=\"wp-block-heading\">Importanza delle ricerche di mercato sulle batterie MEV<\/h2>\n\n\n\n<figure class=\"gb-block-image gb-block-image-1272200a\"><img loading=\"lazy\" decoding=\"async\" width=\"1456\" height=\"816\" class=\"gb-image gb-image-1272200a\" src=\"https:\/\/www.sisinternational.com\/wp-content\/uploads\/2025\/08\/Electric-vehicle-13.jpg\" alt=\"Ricerca e strategia di mercato internazionale SIS\" title=\"Electric vehicle (13)\" srcset=\"https:\/\/www.sisinternational.com\/wp-content\/uploads\/2025\/08\/Electric-vehicle-13.jpg 1456w, https:\/\/www.sisinternational.com\/wp-content\/uploads\/2025\/08\/Electric-vehicle-13-300x168.jpg 300w, https:\/\/www.sisinternational.com\/wp-content\/uploads\/2025\/08\/Electric-vehicle-13-1024x574.jpg 1024w, https:\/\/www.sisinternational.com\/wp-content\/uploads\/2025\/08\/Electric-vehicle-13-768x430.jpg 768w, https:\/\/www.sisinternational.com\/wp-content\/uploads\/2025\/08\/Electric-vehicle-13-18x10.jpg 18w\" sizes=\"auto, (max-width: 1456px) 100vw, 1456px\"><\/figure>\n\n\n\n<p><\/p>\n\n\n\n<p>MEV <a href=\"https:\/\/www.sisinternational.com\/it\/competenza\/ricerca-di-mercato-sulle-batterie-lfp\/\" title=\"Ricerche di mercato sulle batterie LFP\"  data-wpil-monitor-id=\"11421\">ricerche di mercato sulle batterie<\/a> plays a central role in understanding the market \u2013 and here&#8217;s why it is so important for stakeholders:<\/p>\n\n\n\n<ul class=\"wp-block-list\">\n<li><strong>Guidare l\u2019innovazione:<\/strong> By identifying current technological limitations and gauging consumer preferences, <a href=\"https:\/\/www.sisinternational.com\/it\/competenza\/industrie\/ricerche-di-mercato-nel-trasporto-di-carburante\/\" title=\"Ricerche di mercato nel trasporto di carburante\"  data-wpil-monitor-id=\"3374\">market research fuels<\/a> innovation. It highlights areas where R&amp;D can potentially lead to breakthroughs, ensuring battery technologies evolve to meet market demands.<\/li>\n\n\n\n<li><strong>Posizionamento strategico:<\/strong> Comprendere le dinamiche del mercato, i panorami competitivi e le proiezioni future consente alle aziende di posizionare i propri prodotti e le proprie strategie in modo ottimale. Consente loro di acquisire quote di mercato, identificare segmenti di nicchia e prevedere tendenze emergenti.<\/li>\n\n\n\n<li><strong>Gestione del rischio:<\/strong> Il settore automobilistico \u00e8 pieno di sfide, dalla fluttuazione dei prezzi delle materie prime all\u2019evoluzione dei quadri normativi. Le ricerche di mercato aiutano a identificare tempestivamente i potenziali rischi, consentendo alle parti interessate di ideare strategie di mitigazione e adattarsi di conseguenza.<\/li>\n\n\n\n<li><strong>Investimento informato:<\/strong> For investors, this <a href=\"https:\/\/www.sisinternational.com\/it\/competenza\/industrie\/ricerche-di-mercato-nel-campo-della-bioinformatica\/\" title=\"Ricerche di mercato nel campo della bioinformatica\"  data-wpil-monitor-id=\"4680\">ricerca<\/a> provides a clear picture of the market&#8217;s potential, guiding them on where, when, and how to invest. By spotlighting growth areas and flagging potential pitfalls, it ensures investment decisions are grounded in robust data.<\/li>\n\n\n\n<li><strong>Approccio incentrato sul consumatore:<\/strong> La ricerca di mercato sulle batterie MEV fornisce approfondimenti sulle preferenze, i comportamenti e i punti critici dei consumatori. Ci\u00f2 garantisce che le offerte di prodotti siano personalizzate per entrare in risonanza con il pubblico target, rafforzando i tassi di accettazione e adozione.<\/li>\n\n\n\n<li><strong>Preparazione futura:<\/strong> Attraverso le ricerche di mercato sulle batterie MEV, le parti interessate possono stare al passo con i tempi, preparandosi ai cambiamenti futuri e sfruttando le opportunit\u00e0 che si presentano.<\/li>\n<\/ul>\n\n\n\n<h2 class=\"wp-block-heading\">Principali attori nel mercato delle batterie MEV<\/h2>\n\n\n\n<p>Il mercato delle batterie MEV \u00e8 caratterizzato da una miscela di giganti affermati e innovatori emergenti. Questi attori chiave guidano i progressi, modellano le tendenze del settore e definiscono il panorama competitivo. Ecco una carrellata di alcune aziende importanti nel campo delle batterie MEV:<\/p>\n\n\n\n<ul class=\"wp-block-list\">\n<li><strong>LG chimica:<\/strong> Con sede in Corea del Sud, LG Chem \u00e8 leader globale nella produzione di batterie agli ioni di litio per veicoli elettrici, compresi i MEV. La loro esperienza spazia dalla ricerca, allo sviluppo e alla produzione su larga scala.<\/li>\n\n\n\n<li><strong>Panasonic:<\/strong> Collaborando con importanti case automobilistiche come Tesla, Panasonic si \u00e8 affermata come un nome formidabile nel settore delle batterie per veicoli elettrici e MEV. Le loro batterie sono rinomate per affidabilit\u00e0 e prestazioni.<\/li>\n\n\n\n<li><strong>Samsung SDI:<\/strong> Un altro gigante sudcoreano, Samsung SDI, ha ampliato i confini della tecnologia delle batterie. I loro progressi nella densit\u00e0 energetica e nei tempi di ricarica sono particolarmente rilevanti per il segmento MEV.<\/li>\n\n\n\n<li><strong>Innovazione SK:<\/strong> Una potenza emergente, SK Innovation ha costantemente ampliato le proprie capacit\u00e0 di produzione di batterie. La loro attenzione alla sostenibilit\u00e0 e alle batterie ad alte prestazioni li rende un nome di rilievo nel mercato delle batterie MEV.<\/li>\n<\/ul>\n\n\n\n<h2 class=\"wp-block-heading\">Opportunit\u00e0 svelate dalla ricerca di mercato sulle batterie MEV<\/h2>\n\n\n\n<figure class=\"gb-block-image gb-block-image-f67fe4ec\"><img loading=\"lazy\" decoding=\"async\" width=\"1456\" height=\"816\" class=\"gb-image gb-image-f67fe4ec\" src=\"https:\/\/www.sisinternational.com\/wp-content\/uploads\/2025\/08\/Electric-vehicle-16.jpg\" alt=\"Ricerca e strategia di mercato internazionale SIS\" title=\"Electric vehicle (16)\" srcset=\"https:\/\/www.sisinternational.com\/wp-content\/uploads\/2025\/08\/Electric-vehicle-16.jpg 1456w, https:\/\/www.sisinternational.com\/wp-content\/uploads\/2025\/08\/Electric-vehicle-16-300x168.jpg 300w, https:\/\/www.sisinternational.com\/wp-content\/uploads\/2025\/08\/Electric-vehicle-16-1024x574.jpg 1024w, https:\/\/www.sisinternational.com\/wp-content\/uploads\/2025\/08\/Electric-vehicle-16-768x430.jpg 768w, https:\/\/www.sisinternational.com\/wp-content\/uploads\/2025\/08\/Electric-vehicle-16-18x10.jpg 18w\" sizes=\"auto, (max-width: 1456px) 100vw, 1456px\"><\/figure>\n\n\n\n<p><\/p>\n\n\n\n<p>La crescita e il dinamismo del mercato delle batterie MEV presentano diverse opportunit\u00e0. Attingendo alle ricerche di mercato, aziende, investitori e altre parti interessate possono scoprire queste gemme nascoste. Ecco un assaggio delle potenziali opportunit\u00e0 di questa ricerca:<\/p>\n\n\n\n<ul class=\"wp-block-list\">\n<li><strong>Mercati emergenti:<\/strong> Mentre i mercati maturi possono avere attori e basi di consumatori consolidati, i mercati emergenti spesso detengono un potenziale non sfruttato. Le ricerche di mercato sulle batterie MEV possono evidenziare paesi o regioni in cui i veicoli MEV stanno guadagnando terreno, offrendo vantaggi di ingresso anticipato.<\/li>\n\n\n\n<li><strong>Progressi tecnologici:<\/strong> La ricerca continua spesso porta alla scoperta di nuovi prodotti chimici per le batterie, densit\u00e0 di energia migliorate o soluzioni di ricarica pi\u00f9 veloci. Tenendo il passo con queste innovazioni, i produttori possono integrare tecnologie all\u2019avanguardia nelle loro offerte.<\/li>\n\n\n\n<li><strong>Iniziative di sostenibilit\u00e0:<\/strong> Con la spinta globale verso soluzioni pi\u00f9 ecologiche, c\u2019\u00e8 una crescente domanda di batterie ecologiche. La ricerca di mercato sulle batterie MEV pu\u00f2 aiutare le aziende ad analizzare i processi di produzione sostenibili, le opportunit\u00e0 di riciclaggio e l\u2019adozione di materiali rinnovabili.<\/li>\n\n\n\n<li><strong>Partnership e Collaborazioni:<\/strong> La ricerca potrebbe rivelare potenziali sinergie tra produttori di batterie, produttori di veicoli e persino aziende tecnologiche. Queste collaborazioni possono accelerare la ricerca e sviluppo, ottimizzare le catene di fornitura ed espandere la portata del mercato.<\/li>\n\n\n\n<li><strong>Soluzioni personalizzate:<\/strong> Mercati diversi possono avere esigenze diverse in base al clima, ai modelli di guida e alle infrastrutture. Le ricerche di mercato sulle batterie MEV possono guidare le aziende nella personalizzazione dei propri prodotti per soddisfare le specifiche esigenze regionali.<\/li>\n\n\n\n<li><strong>Incentivi normativi:<\/strong> Molti governi offrono incentivi per soluzioni automobilistiche sostenibili. Una ricerca approfondita pu\u00f2 mettere in luce questi vantaggi, consentendo alle aziende di trarre vantaggio da agevolazioni fiscali, sovvenzioni o sussidi.<\/li>\n\n\n\n<li><strong>Servizi post-vendita:<\/strong> Oltre alla vendita iniziale, esiste un vasto mercato per la manutenzione, gli aggiornamenti e le sostituzioni delle batterie. Le ricerche di mercato sulle batterie MEV possono aiutare le aziende a sfruttare questo flusso di entrate ricorrenti.<\/li>\n\n\n\n<li><strong>Strategie di diversificazione:<\/strong> Per le aziende che operano gi\u00e0 nei settori pi\u00f9 ampi dell\u2019automotive o dell\u2019energia, gli approfondimenti provenienti dalle ricerche di mercato sulle batterie MEV possono guidare le strategie di diversificazione, aprendo nuove strade di fatturato e crescita.<\/li>\n<\/ul>\n\n\n\n<h2 class=\"wp-block-heading\">Sfide svelate dalla ricerca di mercato sulle batterie MEV<\/h2>\n\n\n\n<p>La ricerca di mercato funge da riflettore, rivelando le sfide che le parti interessate devono affrontare per un successo duraturo. Ecco le sfide cruciali che tale ricerca porta in primo piano:<\/p>\n\n\n\n<ul class=\"wp-block-list\">\n<li><strong>Vincoli della catena di fornitura:<\/strong> Materie prime come litio, cobalto e nichel sono essenziali per la produzione di batterie. La ricerca di mercato sulle batterie MEV pu\u00f2 identificare questi colli di bottiglia, spingendo le aziende a cercare fonti o materiali alternativi.<\/li>\n\n\n\n<li><strong>Ostacoli normativi:<\/strong> Mentre i governi a livello globale danno priorit\u00e0 alla sostenibilit\u00e0 e alla sicurezza, le normative sulla produzione, lo smaltimento e le prestazioni delle batterie stanno diventando severe. La ricerca di mercato sulle batterie MEV pu\u00f2 svelare questi standard in evoluzione, assicurando che le aziende rimangano conformi.<\/li>\n\n\n\n<li><strong>Scetticismo dei consumatori:<\/strong> Molti potenziali acquirenti rimangono scettici riguardo alla longevit\u00e0 della batteria, alle prestazioni in condizioni estreme e ai costi di sostituzione. Affrontare queste preoccupazioni richiede campagne di sensibilizzazione mirate basate su approfondimenti di ricerca.<\/li>\n\n\n\n<li><strong>Lacune infrastrutturali:<\/strong> Il successo dei MEV dipende in gran parte da infrastrutture di supporto come le stazioni di ricarica. La ricerca di mercato sulle batterie MEV pu\u00f2 evidenziare le regioni in cui lo sviluppo delle infrastrutture \u00e8 in ritardo, ponendo sfide per un\u2019adozione diffusa dei MEV.<\/li>\n\n\n\n<li><strong>Costi iniziali elevati:<\/strong> Ricerca e sviluppo, materiali avanzati e processi di produzione possono far aumentare i costi delle batterie MEV. Ci\u00f2 pu\u00f2 costituire una barriera all\u2019ingresso nel mercato per nuovi operatori e mettere a dura prova l\u2019accessibilit\u00e0 economica dei consumatori.<\/li>\n\n\n\n<li><strong>Tecnologie concorrenti emergenti:<\/strong> Tecnologie come le celle a combustibile a idrogeno potrebbero competere con le batterie in futuro. La ricerca di mercato sulle batterie MEV pu\u00f2 fornire approfondimenti su questi potenziali perturbatori del mercato, aiutando le aziende a prepararsi e ad adattarsi.<\/li>\n<\/ul>","protected":false},"excerpt":{"rendered":"<p>I MEV utilizzano sia motori a combustione che sistemi elettrici, con batterie che migliorano l\u2019efficienza e riducono le emissioni.<\/p>","protected":false},"author":1,"featured_media":63491,"parent":14514,"menu_order":382,"comment_status":"closed","ping_status":"closed","template":"","meta":{"footnotes":""},"class_list":["post-43741","page","type-page","status-publish","has-post-thumbnail"],"_links":{"self":[{"href":"https:\/\/www.sisinternational.com\/it\/wp-json\/wp\/v2\/pages\/43741","targetHints":{"allow":["GET"]}}],"collection":[{"href":"https:\/\/www.sisinternational.com\/it\/wp-json\/wp\/v2\/pages"}],"about":[{"href":"https:\/\/www.sisinternational.com\/it\/wp-json\/wp\/v2\/types\/page"}],"author":[{"embeddable":true,"href":"https:\/\/www.sisinternational.com\/it\/wp-json\/wp\/v2\/users\/1"}],"replies":[{"embeddable":true,"href":"https:\/\/www.sisinternational.com\/it\/wp-json\/wp\/v2\/comments?post=43741"}],"version-history":[{"count":7,"href":"https:\/\/www.sisinternational.com\/it\/wp-json\/wp\/v2\/pages\/43741\/revisions"}],"predecessor-version":[{"id":85008,"href":"https:\/\/www.sisinternational.com\/it\/wp-json\/wp\/v2\/pages\/43741\/revisions\/85008"}],"up":[{"embeddable":true,"href":"https:\/\/www.sisinternational.com\/it\/wp-json\/wp\/v2\/pages\/14514"}],"wp:featuredmedia":[{"embeddable":true,"href":"https:\/\/www.sisinternational.com\/it\/wp-json\/wp\/v2\/media\/63491"}],"wp:attachment":[{"href":"https:\/\/www.sisinternational.com\/it\/wp-json\/wp\/v2\/media?parent=43741"}],"curies":[{"name":"wp","href":"https:\/\/api.w.org\/{rel}","templated":true}]}}