{"id":43614,"date":"2023-10-02T11:17:13","date_gmt":"2023-10-02T15:17:13","guid":{"rendered":"https:\/\/www.sisinternational.com\/?page_id=43614"},"modified":"2026-01-27T16:34:57","modified_gmt":"2026-01-27T21:34:57","slug":"ricerche-di-mercato-delle-organizzazioni-di-ricerca-a-contratto","status":"publish","type":"page","link":"https:\/\/www.sisinternational.com\/it\/competenza\/ricerche-di-mercato-delle-organizzazioni-di-ricerca-a-contratto\/","title":{"rendered":"Ricerche di mercato sulle organizzazioni di ricerca a contratto"},"content":{"rendered":"<h1 class=\"wp-block-heading\">Ricerche di mercato sulle organizzazioni di ricerca a contratto<\/h1>\n\n\n\n<figure class=\"gb-block-image gb-block-image-2233cb1c\"><img loading=\"lazy\" decoding=\"async\" width=\"1456\" height=\"816\" class=\"gb-image gb-image-2233cb1c\" src=\"https:\/\/www.sisinternational.com\/wp-content\/uploads\/2025\/08\/Contract-3.jpg\" alt=\"Ricerca e strategia di mercato internazionale SIS\" title=\"Contract (3)\" srcset=\"https:\/\/www.sisinternational.com\/wp-content\/uploads\/2025\/08\/Contract-3.jpg 1456w, https:\/\/www.sisinternational.com\/wp-content\/uploads\/2025\/08\/Contract-3-300x168.jpg 300w, https:\/\/www.sisinternational.com\/wp-content\/uploads\/2025\/08\/Contract-3-1024x574.jpg 1024w, https:\/\/www.sisinternational.com\/wp-content\/uploads\/2025\/08\/Contract-3-768x430.jpg 768w, https:\/\/www.sisinternational.com\/wp-content\/uploads\/2025\/08\/Contract-3-18x10.jpg 18w\" sizes=\"auto, (max-width: 1456px) 100vw, 1456px\"><\/figure>\n\n\n\n<p><\/p>\n\n\n\n<p>Il ruolo delle organizzazioni di ricerca a contratto (CRO) non \u00e8 mai stato cos\u00ec critico. Nel panorama sanitario e farmaceutico odierno, queste organizzazioni si assumono la responsabilit\u00e0 di semplificare lo sviluppo dei farmaci e le sperimentazioni cliniche. Pertanto, comprendere questo mercato diventa essenziale per il successo e la ricerca di mercato delle organizzazioni di ricerca a contratto emerge come una guida che non solo misura il polso del settore ma ne prevede anche le direzioni future.<\/p>\n\n\n\n<h2 class=\"wp-block-heading\">Perch\u00e9 la ricerca di mercato \u00e8 fondamentale per il settore CRO<\/h2>\n\n\n\n<p>CROs have an ever-evolving role that is key in the journey from drug conceptualization to market entry. Hence, the significance of understanding the industry&#8217;s nuances becomes paramount \u2013 and contract <a href=\"https:\/\/www.sisinternational.com\/it\/creazione-di-organi-tramite-stampanti-3d\/\" title=\"Creazione di organi e ricerche di mercato sulle stampanti 3D\"  data-wpil-monitor-id=\"2292\">research organizations market<\/a> research guides CROs through these complexities.<\/p>\n\n\n\n<p>Inoltre, <a href=\"https:\/\/www.sisinternational.com\/it\/giornata-mondiale-sullautismo\/\" title=\"Studi di ricerche di mercato sull\u2019autismo\"  data-wpil-monitor-id=\"7435\">market research studies<\/a> the ever-shifting needs and expectations of stakeholders, ranging from pharmaceutical giants to emerging biotech firms. As global markets expand and regulatory environments adapt, staying ahead of the curve is essential for any CRO aiming for success.<\/p>\n\n\n\n<h2 class=\"wp-block-heading\">Vantaggi delle organizzazioni di ricerca a contratto Ricerche di mercato<\/h2>\n\n\n\n<p>Market research provides valuable insights for businesses but also paves the way for innovative breakthroughs. So, what are the key benefits of investing in contract research organizations <a href=\"https:\/\/www.sisinternational.com\/it\/soluzioni\/ai-ricerche-di-mercato-e-consulenza-strategica\/chatbot-e-ricerche-di-mercato\/\" title=\"Ricerche di mercato sull&#039;intelligenza artificiale di Chatbot\"  data-wpil-monitor-id=\"2769\">market<\/a> research?<\/p>\n\n\n\n<ul class=\"wp-block-list\">\n<li><strong>Approfondimenti sul settore:<\/strong> Contract <a href=\"https:\/\/www.sisinternational.com\/it\/competenza\/industrie\/ricerca-di-mercato-clt-test-posizione-centrale\/\" title=\"Ricerche di mercato in CLT\"  data-wpil-monitor-id=\"2825\">research organizations market<\/a> research offers an overview of the industry. Firms can identify market trends, understand customer preferences, and gauge the competitive landscape. With such comprehensive data, businesses can make informed decisions and strategize more effectively.<\/li>\n\n\n\n<li><strong>Efficienza dei costi:<\/strong> Condurre ricerche di mercato interne pu\u00f2 essere costoso e richiedere molto tempo. Sfruttare l&#039;esperienza di un&#039;organizzazione di ricerca a contratto significa che le aziende possono accedere a strumenti e metodologie di ricerca di prim&#039;ordine senza i costi generali legati al mantenimento di un team interno.<\/li>\n\n\n\n<li><strong>Scalabilit\u00e0 e flessibilit\u00e0:<\/strong> La ricerca di mercato CRO offre la flessibilit\u00e0 necessaria per aumentare o diminuire gli sforzi di ricerca a seconda delle esigenze attuali. Ci\u00f2 significa che le aziende possono adattarsi rapidamente senza il fastidio di ristrutturare un team interno.<\/li>\n\n\n\n<li><strong>Reporting oggettivo:<\/strong> An external research organization brings an unbiased perspective. There&#8217;s no internal influence, ensuring the results of the contract <a href=\"https:\/\/www.sisinternational.com\/it\/copertura\/ricerche-di-mercato-in-australia\/\" title=\"Ricerche di mercato in Australia\"  data-wpil-monitor-id=\"2875\">research organization market<\/a> research are impartial and objective, making them more reliable.<\/li>\n\n\n\n<li><strong>Gestione del rischio:<\/strong> Con ricerche di mercato accurate e approfondite, le aziende possono identificare in anticipo i potenziali rischi. Ci\u00f2 consente loro di ideare strategie per contrastare questi rischi, garantendo che rimangano competitivi e resilienti.<\/li>\n\n\n\n<li><strong>Controllo di qualit\u00e0:<\/strong> Data la loro specializzazione, le CRO spesso adottano rigorose procedure di controllo qualit\u00e0. Ci\u00f2 garantisce che i dati raccolti non siano solo accurati ma anche pertinenti, riducendo il rischio di decisioni basate su informazioni errate.<\/li>\n<\/ul>\n\n\n\n<h2 class=\"wp-block-heading\">Organizzazioni di ricerca a contratto Ricerche di mercato: opportunit\u00e0<\/h2>\n\n\n\n<p>Muoversi nel settore sanitario pu\u00f2 essere una sfida scoraggiante. Tuttavia, per le aziende che comprendono il valore delle strategie basate sugli insight, la ricerca di mercato CRO rappresenta una miniera d\u2019oro di opportunit\u00e0. In particolare, le aziende possono esplorare diverse opportunit\u00e0 come:<\/p>\n\n\n\n<ul class=\"wp-block-list\">\n<li><strong>La crescita dei ricavi:<\/strong> Identificando le lacune nel mercato, le regioni non sfruttate o le nicchie poco servite, le aziende possono posizionarsi strategicamente per sfruttare queste opportunit\u00e0, portando alla crescita e all\u2019espansione dei ricavi.<\/li>\n\n\n\n<li><strong>Rafforzare le collaborazioni:<\/strong> Insights derived from contract <a href=\"https:\/\/www.sisinternational.com\/it\/ricerche-di-mercato-in-africa\/\" title=\"Ricerche di mercato in Africa\"  data-wpil-monitor-id=\"2951\">research organizations market<\/a> research can highlight potential partnerships or collaborations that can be mutually beneficial, allowing businesses to leverage shared resources and expertise.<\/li>\n\n\n\n<li><strong>Sviluppo della forza lavoro:<\/strong> Comprendere le complessit\u00e0 del mercato evidenzia anche le aree in cui le aziende potrebbero aver bisogno di migliorare le competenze della propria forza lavoro o di introdurre talenti specializzati, garantendo che rimangano abili e agili in un panorama in evoluzione.<\/li>\n<\/ul>\n\n\n\n<h2 class=\"wp-block-heading\">Sfide e limiti nella ricerca di mercato delle organizzazioni di ricerca a contratto<\/h2>\n\n\n\n<figure class=\"gb-block-image gb-block-image-d5f5d9ee\"><img loading=\"lazy\" decoding=\"async\" width=\"1456\" height=\"816\" class=\"gb-image gb-image-d5f5d9ee\" src=\"https:\/\/www.sisinternational.com\/wp-content\/uploads\/2025\/08\/Contract-2.jpg\" alt=\"Ricerca e strategia di mercato internazionale SIS\" title=\"Contract (2)\" srcset=\"https:\/\/www.sisinternational.com\/wp-content\/uploads\/2025\/08\/Contract-2.jpg 1456w, https:\/\/www.sisinternational.com\/wp-content\/uploads\/2025\/08\/Contract-2-300x168.jpg 300w, https:\/\/www.sisinternational.com\/wp-content\/uploads\/2025\/08\/Contract-2-1024x574.jpg 1024w, https:\/\/www.sisinternational.com\/wp-content\/uploads\/2025\/08\/Contract-2-768x430.jpg 768w, https:\/\/www.sisinternational.com\/wp-content\/uploads\/2025\/08\/Contract-2-18x10.jpg 18w\" sizes=\"auto, (max-width: 1456px) 100vw, 1456px\"><\/figure>\n\n\n\n<p><\/p>\n\n\n\n<p>Sebbene la ricerca di mercato abbia dimostrato di essere uno strumento fondamentale per le aziende del settore CRO, \u00e8 essenziale riconoscerne le sfide e i limiti. Affrontare queste preoccupazioni consente un approccio pi\u00f9 olistico e garantisce che le informazioni derivate siano accurate e utilizzabili.<\/p>\n\n\n\n<ul class=\"wp-block-list\">\n<li><strong>Il panorama normativo in rapida evoluzione:<\/strong> The pharmaceutical and healthcare sectors are governed by a dynamic set of regulations that can vary across regions. Keeping up with these ever-evolving guidelines through contract <a href=\"https:\/\/www.sisinternational.com\/it\/soluzioni\/soluzioni-di-branding-e-ricerca-clienti\/gestione-del-ciclo-di-vita\/\" title=\"Ricerche di mercato sul ciclo di vita\"  data-wpil-monitor-id=\"2986\">research organizations market<\/a> research can be extremely challenging.<\/li>\n\n\n\n<li><strong>Limitazioni temporali:<\/strong> The insights derived from contract <a href=\"https:\/\/www.sisinternational.com\/it\/competenza\/industrie\/ricerche-di-mercato-sui-polimeri\/\" title=\"Ricerche di mercato sui polimeri\"  data-wpil-monitor-id=\"3020\">research organization market<\/a> research are often time-sensitive. As the industry evolves, previous data can become obsolete, requiring constant updates.<\/li>\n\n\n\n<li><strong>Spionaggio competitivo:<\/strong> In un settore altamente competitivo, c&#039;\u00e8 sempre il rischio che i dati della ricerca finiscano nelle mani sbagliate, con conseguenti potenziali rischi aziendali.<\/li>\n<\/ul>\n\n\n\n<h2 class=\"wp-block-heading\">Prospettive future delle ricerche di mercato delle organizzazioni di ricerca a contratto<\/h2>\n\n\n\n<figure class=\"gb-block-image gb-block-image-2e27e564\"><img loading=\"lazy\" decoding=\"async\" width=\"1456\" height=\"816\" class=\"gb-image gb-image-2e27e564\" src=\"https:\/\/www.sisinternational.com\/wp-content\/uploads\/2025\/08\/Smart-contract-8.jpg\" alt=\"Ricerca e strategia di mercato internazionale SIS\" title=\"Smart contract (8)\" srcset=\"https:\/\/www.sisinternational.com\/wp-content\/uploads\/2025\/08\/Smart-contract-8.jpg 1456w, https:\/\/www.sisinternational.com\/wp-content\/uploads\/2025\/08\/Smart-contract-8-300x168.jpg 300w, https:\/\/www.sisinternational.com\/wp-content\/uploads\/2025\/08\/Smart-contract-8-1024x574.jpg 1024w, https:\/\/www.sisinternational.com\/wp-content\/uploads\/2025\/08\/Smart-contract-8-768x430.jpg 768w, https:\/\/www.sisinternational.com\/wp-content\/uploads\/2025\/08\/Smart-contract-8-18x10.jpg 18w\" sizes=\"auto, (max-width: 1456px) 100vw, 1456px\"><\/figure>\n\n\n\n<p><\/p>\n\n\n\n<p>The world of business is in a state of constant flux, influenced by technological advancements, evolving consumer demands, and global economic shifts. For this reason, CRO market <a href=\"https:\/\/www.sisinternational.com\/it\/competenza\/industrie\/ricerche-di-mercato-farmaceutiche\/\" title=\"Ricerche di mercato farmaceutiche\"  data-wpil-monitor-id=\"6310\">ricerca<\/a> is expected to make significant changes as the whole pharmaceutical industry is set for transformative changes. Here&#8217;s a glance at the future outlook of contract <a href=\"https:\/\/www.sisinternational.com\/it\/competenza\/industrie\/ricerche-di-mercato-sulle-tagliatelle\/\" title=\"Ricerche di mercato sulle tagliatelle\"  data-wpil-monitor-id=\"3045\">research organization market<\/a> research:<\/p>\n\n\n\n<ul class=\"wp-block-list\">\n<li><strong>Integrazione di tecnologie avanzate:<\/strong> Con l\u2019avvento dell\u2019intelligenza artificiale (AI) e del machine learning, le CRO sfrutteranno questi strumenti per ricavare informazioni pi\u00f9 approfondite dai dati. L\u2019analisi automatizzata dei dati, l\u2019analisi predittiva e il reporting in tempo reale diventeranno funzionalit\u00e0 standard, migliorando la qualit\u00e0 e la velocit\u00e0 della ricerca.<\/li>\n\n\n\n<li><strong>Espansione globale:<\/strong> Man mano che le aziende ampliano la loro portata, aumenta la necessit\u00e0 di ricerche di mercato che coprano diverse localit\u00e0 geografiche. Le CRO formeranno alleanze globali o stabiliranno filiali in pi\u00f9 paesi, garantendo di poter soddisfare i clienti multinazionali con approfondimenti localizzati.<\/li>\n\n\n\n<li><strong>Soluzioni di ricerca personalizzate:<\/strong> Le CRO offriranno soluzioni di ricerca su misura adattate alle esigenze e alle sfumature specifiche delle singole imprese. Questo livello di personalizzazione garantir\u00e0 che i risultati della ricerca siano pi\u00f9 allineati con gli obiettivi del cliente.<\/li>\n\n\n\n<li><strong>Concentrarsi sulle prove del mondo reale:<\/strong> La richiesta di prove reali in settori come quello sanitario e farmaceutico \u00e8 in aumento. I CRO evolveranno le loro metodologie per acquisire dati da contesti reali, garantendo insight pi\u00f9 pratici e applicabili.<\/li>\n\n\n\n<li><strong>Maggiore collaborazione con le industrie:<\/strong> Contract <a href=\"https:\/\/www.sisinternational.com\/it\/competenza\/industrie\/ricerche-di-mercato-sulle-materie-plastiche\/\" title=\"Ricerche di mercato sulla plastica\"  data-wpil-monitor-id=\"3074\">research organizations market<\/a> research will see deeper collaborations with the industries they serve. This will not only refine research methodologies but also create a symbiotic relationship where industries and CROs innovate together.<\/li>\n\n\n\n<li><strong>Pratiche di ricerca sostenibili:<\/strong> Man mano che la sostenibilit\u00e0 diventa una priorit\u00e0 globale, le CRO integreranno pratiche verdi e sostenibili nelle loro operazioni. Ci\u00f2 potrebbe variare da metodi di ricerca digitali che riducono il consumo di carta a infrastrutture efficienti dal punto di vista energetico.<\/li>\n\n\n\n<li><strong>Servizi a valore aggiunto:<\/strong> Oltre alla tradizionale ricerca di mercato, le CRO offriranno servizi aggiuntivi come analisi avanzate, consulenza o consulenza strategica, posizionandosi come partner commerciali olistici piuttosto che come semplici fornitori di ricerca.<\/li>\n<\/ul>","protected":false},"excerpt":{"rendered":"<p>Nel panorama sanitario e farmaceutico odierno, le organizzazioni di ricerca a contratto (CRO) semplificano lo sviluppo di farmaci e le sperimentazioni cliniche.<\/p>","protected":false},"author":1,"featured_media":64251,"parent":14514,"menu_order":374,"comment_status":"closed","ping_status":"closed","template":"","meta":{"footnotes":""},"class_list":["post-43614","page","type-page","status-publish","has-post-thumbnail"],"_links":{"self":[{"href":"https:\/\/www.sisinternational.com\/it\/wp-json\/wp\/v2\/pages\/43614","targetHints":{"allow":["GET"]}}],"collection":[{"href":"https:\/\/www.sisinternational.com\/it\/wp-json\/wp\/v2\/pages"}],"about":[{"href":"https:\/\/www.sisinternational.com\/it\/wp-json\/wp\/v2\/types\/page"}],"author":[{"embeddable":true,"href":"https:\/\/www.sisinternational.com\/it\/wp-json\/wp\/v2\/users\/1"}],"replies":[{"embeddable":true,"href":"https:\/\/www.sisinternational.com\/it\/wp-json\/wp\/v2\/comments?post=43614"}],"version-history":[{"count":15,"href":"https:\/\/www.sisinternational.com\/it\/wp-json\/wp\/v2\/pages\/43614\/revisions"}],"predecessor-version":[{"id":81066,"href":"https:\/\/www.sisinternational.com\/it\/wp-json\/wp\/v2\/pages\/43614\/revisions\/81066"}],"up":[{"embeddable":true,"href":"https:\/\/www.sisinternational.com\/it\/wp-json\/wp\/v2\/pages\/14514"}],"wp:featuredmedia":[{"embeddable":true,"href":"https:\/\/www.sisinternational.com\/it\/wp-json\/wp\/v2\/media\/64251"}],"wp:attachment":[{"href":"https:\/\/www.sisinternational.com\/it\/wp-json\/wp\/v2\/media?parent=43614"}],"curies":[{"name":"wp","href":"https:\/\/api.w.org\/{rel}","templated":true}]}}