{"id":43605,"date":"2023-10-01T23:42:08","date_gmt":"2023-10-02T03:42:08","guid":{"rendered":"https:\/\/www.sisinternational.com\/?page_id=43605"},"modified":"2026-01-26T16:47:54","modified_gmt":"2026-01-26T21:47:54","slug":"ricerche-di-mercato-su-film-musicali-e-licenze-multimediali","status":"publish","type":"page","link":"https:\/\/www.sisinternational.com\/it\/competenza\/ricerche-di-mercato-su-film-musicali-e-licenze-multimediali\/","title":{"rendered":"Ricerche di mercato su film musicali e licenze multimediali"},"content":{"rendered":"<h1 class=\"wp-block-heading\">Ricerche di mercato su licenze per musica, film e media<\/h1>\n\n\n\n<figure class=\"gb-block-image gb-block-image-e88de5cd\"><img loading=\"lazy\" decoding=\"async\" width=\"1456\" height=\"816\" class=\"gb-image gb-image-e88de5cd\" src=\"https:\/\/www.sisinternational.com\/wp-content\/uploads\/2025\/08\/Video-and-Music-Streaming-5.jpg\" alt=\"Ricerca e strategia di mercato internazionale SIS\" title=\"Video and Music Streaming (5)\" srcset=\"https:\/\/www.sisinternational.com\/wp-content\/uploads\/2025\/08\/Video-and-Music-Streaming-5.jpg 1456w, https:\/\/www.sisinternational.com\/wp-content\/uploads\/2025\/08\/Video-and-Music-Streaming-5-300x168.jpg 300w, https:\/\/www.sisinternational.com\/wp-content\/uploads\/2025\/08\/Video-and-Music-Streaming-5-1024x574.jpg 1024w, https:\/\/www.sisinternational.com\/wp-content\/uploads\/2025\/08\/Video-and-Music-Streaming-5-768x430.jpg 768w, https:\/\/www.sisinternational.com\/wp-content\/uploads\/2025\/08\/Video-and-Music-Streaming-5-18x10.jpg 18w\" sizes=\"auto, (max-width: 1456px) 100vw, 1456px\"><\/figure>\n\n\n\n<p><\/p>\n\n\n\n<p>Ti sei mai chiesto come fanno le tue canzoni preferite a finire negli spot pubblicitari o perch\u00e9 gli ultimi film di successo sono disponibili su specifiche piattaforme di streaming? Dietro le quinte si svolge una sofisticata danza di trattative e accordi, che determina come e dove possono essere utilizzati musica, film e altri contenuti multimediali. Questo mondo intricato \u00e8 governato dalle licenze, una componente fondamentale dell\u2019industria dell\u2019intrattenimento.<\/p>\n\n\n\n<p>Navigare in questo intricato panorama richiede approfondimenti, dati e una profonda comprensione del panorama del settore \u2013 ed \u00e8 qui che la ricerca di mercato gioca un ruolo fondamentale.<\/p>\n\n\n\n<h2 class=\"wp-block-heading\">Che cos\u2019\u00e8 la ricerca di mercato sulle licenze per musica, film e media?<\/h2>\n\n\n\n<p>Questa ricerca di mercato analizza il panorama delle licenze nel settore dell&#039;intrattenimento. Nel contesto del settore dell&#039;intrattenimento, la licenza si riferisce alle autorizzazioni legali concesse dai creatori di contenuti per consentire a terzi di utilizzare la propria opera in cambio di un compenso.<\/p>\n\n\n\n<p>Per questo motivo, si propone di indagare le tendenze, i modelli e le sfumature di questi accordi di licenza. Questa ricerca fornisce una visione completa di:<\/p>\n\n\n\n<ul class=\"wp-block-list\">\n<li><strong>Dinamiche della domanda e dell\u2019offerta:<\/strong> Identifica quali tipi di contenuti (generi, artisti, franchise cinematografici, ecc.) sono molto richiesti per la concessione di licenze e dove esistono potenziali sovrasaturazioni o lacune.<\/li>\n\n\n\n<li><strong>Aspetti monetari:<\/strong> This market research examines the <a href=\"https:\/\/www.sisinternational.com\/it\/soluzioni\/soluzioni-di-ricerca-quantitativa-qualitativa\/how-the-gabor-granger-pricing-model-can-enhance-your-profit-margins\/\" title=\"Gabor-Granger Pricing Model\"  data-wpil-monitor-id=\"1188\">pricing structures and revenue models<\/a> associated with various licensing agreements, offering insights into the most lucrative areas of the industry.<\/li>\n\n\n\n<li><strong>Fattori legali e normativi:<\/strong> Poich\u00e9 la licenza \u00e8 un accordo legale, comprendere il quadro normativo nelle diverse regioni \u00e8 fondamentale. La ricerca analizza l\u2019evoluzione del panorama giuridico, evidenziando potenziali insidie o aree di preoccupazione.<\/li>\n\n\n\n<li><strong>Piattaforme e tecnologie emergenti:<\/strong> Con l\u2019avanzare dell\u2019era digitale, emergono continuamente nuove piattaforme e tecnologie. La ricerca valuta come queste innovazioni impattano sulle dinamiche di licensing, dall\u2019ascesa delle piattaforme di streaming all\u2019avvento delle esperienze di realt\u00e0 virtuale.<\/li>\n<\/ul>\n\n\n\n<h2 class=\"wp-block-heading\">Vantaggi della conduzione di ricerche di mercato su licenze per musica, film e media<\/h2>\n\n\n\n<figure class=\"gb-block-image gb-block-image-0558d54c\"><img loading=\"lazy\" decoding=\"async\" width=\"1456\" height=\"816\" class=\"gb-image gb-image-0558d54c\" src=\"https:\/\/www.sisinternational.com\/wp-content\/uploads\/2025\/08\/Movie-cinema-6.jpg\" alt=\"Ricerca e strategia di mercato internazionale SIS\" title=\"Movie cinema (6)\" srcset=\"https:\/\/www.sisinternational.com\/wp-content\/uploads\/2025\/08\/Movie-cinema-6.jpg 1456w, https:\/\/www.sisinternational.com\/wp-content\/uploads\/2025\/08\/Movie-cinema-6-300x168.jpg 300w, https:\/\/www.sisinternational.com\/wp-content\/uploads\/2025\/08\/Movie-cinema-6-1024x574.jpg 1024w, https:\/\/www.sisinternational.com\/wp-content\/uploads\/2025\/08\/Movie-cinema-6-768x430.jpg 768w, https:\/\/www.sisinternational.com\/wp-content\/uploads\/2025\/08\/Movie-cinema-6-18x10.jpg 18w\" sizes=\"auto, (max-width: 1456px) 100vw, 1456px\"><\/figure>\n\n\n\n<p>IO<\/p>\n\n\n\n<p>n an ever-evolving entertainment landscape, understanding the mechanisms of licensing can offer a competitive edge for businesses in this industry. But what tangible advantages does market research bring to the table? It provides benefits such as:<\/p>\n\n\n\n<ul class=\"wp-block-list\">\n<li><strong>Processo decisionale informato:<\/strong> Uno dei vantaggi pi\u00f9 diretti di questa ricerca di mercato \u00e8 la sua capacit\u00e0 di fornire alle parti interessate approfondimenti basati sui dati. Con questa conoscenza, le aziende possono prendere decisioni pi\u00f9 informate, dall&#039;identificazione di potenziali partner di licenza alla definizione di tariffe di licenza adeguate.<\/li>\n\n\n\n<li><strong>Anticipare i cambiamenti del mercato:<\/strong> Attraverso le ricerche di mercato, le organizzazioni possono identificare le tendenze emergenti e i cambiamenti nelle preferenze dei consumatori, consentendo loro di rimanere al passo con i tempi.<\/li>\n\n\n\n<li><strong>Mitigazione del rischio:<\/strong> Gli accordi di licenza comportano la loro parte di complessit\u00e0 legali e implicazioni finanziarie. Un\u2019adeguata ricerca di mercato aiuta le aziende a comprendere potenziali insidie, sfide normative e aree di conflitto, consentendo loro di affrontare queste sfide in modo proattivo.<\/li>\n\n\n\n<li><strong>Identificare nuovi flussi di entrate:<\/strong> Con un\u2019analisi dettagliata delle dinamiche della domanda e dell\u2019offerta, le aziende possono individuare le aree sottoservite nel mercato delle licenze. Ci\u00f2 consente loro di esplorare nuove opportunit\u00e0 di guadagno, dall\u2019attingere a generi di nicchia alla capitalizzazione sulle piattaforme multimediali emergenti.<\/li>\n\n\n\n<li><strong>Rafforzare il potere negoziale:<\/strong> Quando le parti interessate dispongono di dati di ricerca affidabili, possono negoziare accordi di licenza da una posizione di forza, assicurandosi le migliori condizioni possibili.<\/li>\n\n\n\n<li><strong>Costruisci relazioni pi\u00f9 forti:<\/strong> Comprendere le esigenze e le aspettative sia dei licenzianti che dei licenziatari favorisce un approccio pi\u00f9 collaborativo agli accordi. Grazie agli approfondimenti provenienti dalle ricerche di mercato, le aziende possono costruire e mantenere relazioni pi\u00f9 sane e fruttuose all\u2019interno del settore.<\/li>\n\n\n\n<li><strong>Ottimizza marketing e promozione:<\/strong> Le ricerche di mercato possono offrire informazioni su quali propriet\u00e0 concesse in licenza incontrano maggiormente il pubblico. Questa conoscenza pu\u00f2 guidare gli sforzi promozionali, garantendo che siano adattati ai dati demografici target pi\u00f9 ricettivi.<\/li>\n<\/ul>\n\n\n\n<h2 class=\"wp-block-heading\">Principali attori nel mercato delle licenze per musica, film e media<\/h2>\n\n\n\n<p>In the entertainment industry, several major companies have carved out significant niches for themselves. These key players \u2013 leveraging their vast portfolio of content, industry relationships, and strategic foresight \u2013 have a considerable influence on the dynamics of the music, movies, and <a href=\"https:\/\/www.sisinternational.com\/it\/competenza\/industrie\/ricerche-di-mercato-sui-media-ott\/\" title=\"Ricerche di mercato sui media superiori (OTT).\"  data-wpil-monitor-id=\"6201\">media licensing market<\/a>. Here&#8217;s a closer look at some of these companies:<\/p>\n\n\n\n<ul class=\"wp-block-list\">\n<li><strong>Musica universale:<\/strong> Essendo una delle societ\u00e0 musicali leader a livello mondiale, Universal Music vanta un vasto catalogo di registrazioni e canzoni che abbracciano vari generi ed epoche. Sono stati determinanti nella concessione di licenze musicali per numerosi scopi, da film e pubblicit\u00e0 ai videogiochi.<\/li>\n\n\n\n<li><strong>Warner Media:<\/strong> Warner Media has an extensive array of film, television, and digital content. Their licensing ventures span everything from <a class=\"wpil_keyword_link\" href=\"https:\/\/www.sisinternational.com\/it\/competenza\/industrie\/ricerche-di-mercato-sui-film-per-la-televisione\/\"   title=\"TV, film e ricerche di mercato cinematografiche\" data-wpil-keyword-link=\"linked\"  data-wpil-monitor-id=\"658\">movie<\/a> distribution rights to merchandising deals.<\/li>\n\n\n\n<li><strong>Disney:<\/strong> La Disney \u00e8 una delle forze pi\u00f9 potenti nel mondo delle licenze per i media. Dai film e serie a personaggi e canzoni, le iniziative di licenza della Disney sono vaste e varie.<\/li>\n\n\n\n<li><strong>Netflix:<\/strong> In qualit\u00e0 di attore dominante nel mondo dello streaming, Netflix si \u00e8 dilettato ampiamente nelle licenze, sia acquisendo diritti per trasmettere contenuti da altri produttori, sia concedendo in licenza i suoi contenuti originali a emittenti e piattaforme in territori che non serve direttamente.<\/li>\n\n\n\n<li><strong>Immagini Getty:<\/strong> Getty Images offre un vasto archivio di contenuti visivi concessi in licenza per vari scopi commerciali ed editoriali.<\/li>\n<\/ul>\n\n\n\n<h2 class=\"wp-block-heading\">Tendenze attuali nelle ricerche di mercato sulle licenze per musica, film e media<\/h2>\n\n\n\n<figure class=\"gb-block-image gb-block-image-1fcd6302\"><img loading=\"lazy\" decoding=\"async\" width=\"1456\" height=\"816\" class=\"gb-image gb-image-1fcd6302\" src=\"https:\/\/www.sisinternational.com\/wp-content\/uploads\/2025\/08\/Video-and-Music-Streaming-7.jpg\" alt=\"Ricerca e strategia di mercato internazionale SIS\" title=\"Video and Music Streaming (7)\" srcset=\"https:\/\/www.sisinternational.com\/wp-content\/uploads\/2025\/08\/Video-and-Music-Streaming-7.jpg 1456w, https:\/\/www.sisinternational.com\/wp-content\/uploads\/2025\/08\/Video-and-Music-Streaming-7-300x168.jpg 300w, https:\/\/www.sisinternational.com\/wp-content\/uploads\/2025\/08\/Video-and-Music-Streaming-7-1024x574.jpg 1024w, https:\/\/www.sisinternational.com\/wp-content\/uploads\/2025\/08\/Video-and-Music-Streaming-7-768x430.jpg 768w, https:\/\/www.sisinternational.com\/wp-content\/uploads\/2025\/08\/Video-and-Music-Streaming-7-18x10.jpg 18w\" sizes=\"auto, (max-width: 1456px) 100vw, 1456px\"><\/figure>\n\n\n\n<p><\/p>\n\n\n\n<p>Il panorama delle licenze per musica, film e media \u00e8 un\u2019arena in continua evoluzione guidata dai progressi tecnologici, dal cambiamento dei comportamenti dei consumatori e dai cambiamenti nei modelli di consumo culturale. Condurre ricerche di mercato consente alle parti interessate di rimanere al passo con queste fluttuazioni, garantendo che le loro strategie siano in sintonia con il polso del settore.<\/p>\n\n\n\n<h3 class=\"wp-block-heading\">Ecco alcune delle tendenze attuali evidenziate dalle ricerche di mercato:<\/h3>\n\n\n\n<ul class=\"wp-block-list\">\n<li><strong>Ascesa delle piattaforme di streaming:<\/strong> Con giganti come Netflix, Disney+ e Spotify, c&#039;\u00e8 stato un passaggio dai modelli di trasmissione tradizionali allo streaming on-demand. Queste piattaforme richiedono ampi accordi di licenza, sia per la distribuzione dei contenuti regionali che internazionali.<\/li>\n\n\n\n<li><strong>Licenza per contenuti localizzati:<\/strong> Riconoscendo l&#039;importanza di soddisfare i gusti regionali, c&#039;\u00e8 una tendenza crescente verso la concessione di licenze per contenuti localizzati. Ci\u00f2 non include solo film e serie nelle lingue locali, ma anche adattamenti di successi internazionali adattati alla sensibilit\u00e0 regionale.<\/li>\n\n\n\n<li><strong>Licenze musicali per i social media:<\/strong> Piattaforme come TikTok e Instagram hanno stimolato un\u2019impennata della domanda di licenze musicali poich\u00e9 i creatori di contenuti video in formato breve cercano di incorporare brani popolari nelle loro creazioni.<\/li>\n\n\n\n<li><strong>Sostenibilit\u00e0 nelle licenze:<\/strong> Con la crescente consapevolezza globale sulla sostenibilit\u00e0, c&#039;\u00e8 una tendenza verso accordi di licenza che enfatizzano i prodotti ecologici, soprattutto nel campo del merchandising.<\/li>\n\n\n\n<li><strong>Revival e riavvii:<\/strong> Sfruttando la nostalgia, c\u2019\u00e8 un\u2019ondata di riavvii e revival di spettacoli e film classici, che implica la navigazione e la rinegoziazione dei vecchi accordi di licenza.<\/li>\n<\/ul>\n\n\n\n<h2 class=\"wp-block-heading\">Opportunit\u00e0 svelate da una ricerca di mercato sulle licenze per musica, film e media<\/h2>\n\n\n\n<figure class=\"gb-block-image gb-block-image-5c269c84\"><img loading=\"lazy\" decoding=\"async\" width=\"1456\" height=\"816\" class=\"gb-image gb-image-5c269c84\" src=\"https:\/\/www.sisinternational.com\/wp-content\/uploads\/2025\/08\/Movie-cinema-3.jpg\" alt=\"Ricerca e strategia di mercato internazionale SIS\" title=\"Movie cinema (3)\" srcset=\"https:\/\/www.sisinternational.com\/wp-content\/uploads\/2025\/08\/Movie-cinema-3.jpg 1456w, https:\/\/www.sisinternational.com\/wp-content\/uploads\/2025\/08\/Movie-cinema-3-300x168.jpg 300w, https:\/\/www.sisinternational.com\/wp-content\/uploads\/2025\/08\/Movie-cinema-3-1024x574.jpg 1024w, https:\/\/www.sisinternational.com\/wp-content\/uploads\/2025\/08\/Movie-cinema-3-768x430.jpg 768w, https:\/\/www.sisinternational.com\/wp-content\/uploads\/2025\/08\/Movie-cinema-3-18x10.jpg 18w\" sizes=\"auto, (max-width: 1456px) 100vw, 1456px\"><\/figure>\n\n\n\n<p><\/p>\n\n\n\n<h3 class=\"wp-block-heading\">La ricerca di mercato \u00e8 fondamentale per evidenziare opportunit\u00e0 di crescita e redditivit\u00e0 per aziende come:<\/h3>\n\n\n\n<ul class=\"wp-block-list\">\n<li><strong>Catering per un pubblico eterogeneo:<\/strong> Man mano che le piattaforme di streaming globali ampliano la loro portata, vi \u00e8 una crescente domanda di contenuti diversificati. Ci\u00f2 rappresenta un\u2019opportunit\u00e0 per creatori e distributori provenienti da diversi contesti culturali di concedere in licenza i propri contenuti su scala globale.<\/li>\n\n\n\n<li><strong>Integrazione della musica nelle nuove tecnologie:<\/strong> Con l\u2019emergere di dispositivi domestici intelligenti, dispositivi indossabili e tecnologie basate sull\u2019intelligenza artificiale, esiste un\u2019opportunit\u00e0 per una pi\u00f9 profonda integrazione musicale e concessione di licenze in queste piattaforme.<\/li>\n\n\n\n<li><strong>Convergenza del gioco:<\/strong> Con il successo di film e serie ispirate ai videogiochi (e viceversa), c\u2019\u00e8 un\u2019enorme opportunit\u00e0 nelle licenze multipiattaforma tra questi due giganti dell\u2019intrattenimento.<\/li>\n\n\n\n<li><strong>Licenza per contenuti didattici:<\/strong> Con l&#039;aumento delle piattaforme di e-learning, c&#039;\u00e8 una crescente domanda di licenze per contenuti educativi di qualit\u00e0, che spaziano dai documentari ai video didattici.<\/li>\n\n\n\n<li><strong>Esperienze di realt\u00e0 estesa (XR):<\/strong> La realt\u00e0 aumentata e quella virtuale sono ancora relativamente inesplorate in termini di contenuti. La concessione di licenze per le esperienze XR, che si tratti di film coinvolgenti, concerti virtuali o giochi basati su AR, \u00e8 un campo in rapida espansione.<\/li>\n<\/ul>","protected":false},"excerpt":{"rendered":"<p>Navigare nel panorama della musica, dei film e dei media richiede ricerche di mercato per acquisire approfondimenti, dati e conoscenze cruciali del settore.<\/p>","protected":false},"author":1,"featured_media":63640,"parent":14514,"menu_order":372,"comment_status":"closed","ping_status":"closed","template":"","meta":{"footnotes":""},"class_list":["post-43605","page","type-page","status-publish","has-post-thumbnail"],"_links":{"self":[{"href":"https:\/\/www.sisinternational.com\/it\/wp-json\/wp\/v2\/pages\/43605","targetHints":{"allow":["GET"]}}],"collection":[{"href":"https:\/\/www.sisinternational.com\/it\/wp-json\/wp\/v2\/pages"}],"about":[{"href":"https:\/\/www.sisinternational.com\/it\/wp-json\/wp\/v2\/types\/page"}],"author":[{"embeddable":true,"href":"https:\/\/www.sisinternational.com\/it\/wp-json\/wp\/v2\/users\/1"}],"replies":[{"embeddable":true,"href":"https:\/\/www.sisinternational.com\/it\/wp-json\/wp\/v2\/comments?post=43605"}],"version-history":[{"count":7,"href":"https:\/\/www.sisinternational.com\/it\/wp-json\/wp\/v2\/pages\/43605\/revisions"}],"predecessor-version":[{"id":79788,"href":"https:\/\/www.sisinternational.com\/it\/wp-json\/wp\/v2\/pages\/43605\/revisions\/79788"}],"up":[{"embeddable":true,"href":"https:\/\/www.sisinternational.com\/it\/wp-json\/wp\/v2\/pages\/14514"}],"wp:featuredmedia":[{"embeddable":true,"href":"https:\/\/www.sisinternational.com\/it\/wp-json\/wp\/v2\/media\/63640"}],"wp:attachment":[{"href":"https:\/\/www.sisinternational.com\/it\/wp-json\/wp\/v2\/media?parent=43605"}],"curies":[{"name":"wp","href":"https:\/\/api.w.org\/{rel}","templated":true}]}}