{"id":43594,"date":"2023-10-01T22:40:39","date_gmt":"2023-10-02T02:40:39","guid":{"rendered":"https:\/\/www.sisinternational.com\/?page_id=43594"},"modified":"2026-01-26T18:49:13","modified_gmt":"2026-01-26T23:49:13","slug":"ricerche-di-mercato-sullabbigliamento-sportivo","status":"publish","type":"page","link":"https:\/\/www.sisinternational.com\/it\/competenza\/ricerche-di-mercato-sullabbigliamento-sportivo\/","title":{"rendered":"Ricerche di mercato sull&#039;abbigliamento sportivo"},"content":{"rendered":"<h1 class=\"wp-block-heading\">Ricerche di mercato sull&#039;abbigliamento sportivo<\/h1>\n\n\n\n<figure class=\"gb-block-image gb-block-image-daef30b7\"><img loading=\"lazy\" decoding=\"async\" width=\"1456\" height=\"816\" class=\"gb-image gb-image-daef30b7\" src=\"https:\/\/www.sisinternational.com\/wp-content\/uploads\/2025\/08\/Swimwear-3.jpg\" alt=\"Ricerca e strategia di mercato internazionale SIS\" title=\"Swimwear (3)\" srcset=\"https:\/\/www.sisinternational.com\/wp-content\/uploads\/2025\/08\/Swimwear-3.jpg 1456w, https:\/\/www.sisinternational.com\/wp-content\/uploads\/2025\/08\/Swimwear-3-300x168.jpg 300w, https:\/\/www.sisinternational.com\/wp-content\/uploads\/2025\/08\/Swimwear-3-1024x574.jpg 1024w, https:\/\/www.sisinternational.com\/wp-content\/uploads\/2025\/08\/Swimwear-3-768x430.jpg 768w, https:\/\/www.sisinternational.com\/wp-content\/uploads\/2025\/08\/Swimwear-3-18x10.jpg 18w\" sizes=\"auto, (max-width: 1456px) 100vw, 1456px\"><\/figure>\n\n\n\n<p><\/p>\n\n\n\n<p>Nel mondo frenetico di oggi, i confini tra moda, funzionalit\u00e0 e fitness stanno diventando sempre pi\u00f9 sfumati \u2013 e ci\u00f2 \u00e8 pi\u00f9 evidente nel settore dell&#039;abbigliamento sportivo. L\u2019industria globale dell\u2019abbigliamento sportivo ha visto un\u2019impennata della domanda, dell\u2019innovazione e della diversificazione. Questa crescita espansiva, tuttavia, porta con s\u00e9 un\u2019intricata rete di preferenze dei consumatori, tendenze regionali e innovazioni di design in continua evoluzione.<\/p>\n\n\n\n<p>Pertanto, attraverso la lente di questa ricerca di mercato sull\u2019abbigliamento sportivo, le parti interessate possono comprendere modelli, anticipare i cambiamenti e posizionarsi in modo efficace in un mercato molto competitivo.<\/p>\n\n\n\n<h2 class=\"wp-block-heading\">Cos\u2019\u00e8 la ricerca di mercato sull\u2019abbigliamento sportivo?<\/h2>\n\n\n\n<p>La ricerca di mercato sull&#039;abbigliamento sportivo \u00e8 un esame e una valutazione sistematici del settore dell&#039;abbigliamento sportivo. Studia le sfumature dei prodotti, le preferenze dei consumatori, le dinamiche di mercato e i fattori che guidano la domanda e l&#039;offerta nel settore dell&#039;abbigliamento sportivo.<\/p>\n\n\n\n<p>Questa ricerca mira a fornire a marchi, rivenditori e altre parti interessate approfondimenti basati sui dati che possono guidare i processi decisionali. La ricerca di mercato dell\u2019abbigliamento sportivo esamina un ampio spettro, dalle preferenze di progettazione del prodotto e integrazioni tecnologiche alla sensibilit\u00e0 ai prezzi e all\u2019efficacia del canale di distribuzione.<\/p>\n\n\n\n<h2 class=\"wp-block-heading\">Vantaggi delle ricerche di mercato sull\u2019abbigliamento sportivo<\/h2>\n\n\n\n<p>La ricerca di mercato sull\u2019abbigliamento sportivo \u00e8 molto pi\u00f9 di una semplice raccolta di dati; \u00e8 uno strumento strategico che pu\u00f2 spingere un marchio a nuovi livelli e distinguerlo sul mercato. Ecco alcuni dei vantaggi che questa ricerca offre alle imprese:<\/p>\n\n\n\n<ul class=\"wp-block-list\">\n<li><strong>Sviluppo di prodotti su misura:<\/strong> Con una chiara comprensione delle preferenze dei consumatori, i marchi possono progettare e introdurre prodotti che siano in sintonia con il pubblico target, aumentando cos\u00ec le percentuali di successo del prodotto.<\/li>\n\n\n\n<li><strong>Marketing strategico:<\/strong> Comprendendo le personalit\u00e0 dei consumatori e i loro comportamenti di acquisto, le aziende possono creare campagne di marketing personalizzate, garantendo che i messaggi abbiano una risonanza pi\u00f9 profonda ed efficace con il pubblico previsto.<\/li>\n\n\n\n<li><strong>Vantaggio competitivo:<\/strong> Le ricerche di mercato sull\u2019abbigliamento sportivo forniscono una conoscenza completa dei concorrenti \u2013 dalla loro gamma di prodotti alle tattiche di marketing \u2013 e consentono ai marchi di differenziarsi, individuare le lacune del mercato e rimanere un passo avanti nel panorama competitivo.<\/li>\n\n\n\n<li><strong>Prezzi ottimizzati:<\/strong> Grazie alle informazioni sulla disponibilit\u00e0 a pagare dei consumatori, sulle strutture dei costi e sui prezzi della concorrenza, i marchi possono fissare prezzi che ottimizzano la redditivit\u00e0 garantendo al tempo stesso valore per il cliente.<\/li>\n\n\n\n<li><strong>Efficienza della catena di fornitura:<\/strong> Anticipando i modelli della domanda e comprendendo le tendenze del mercato, le aziende possono semplificare le proprie catene di fornitura, con conseguente riduzione dei costi e tempi di risposta pi\u00f9 rapidi.<\/li>\n\n\n\n<li><strong>Riduzione del rischio:<\/strong> La ricerca di mercato sull\u2019abbigliamento sportivo identifica tempestivamente le potenziali sfide e i cambiamenti del mercato. Questo approccio proattivo consente alle aziende di ideare strategie per mitigare i rischi e superare potenziali ostacoli.<\/li>\n\n\n\n<li><strong>Opportunit\u00e0 di espansione:<\/strong> Per i marchi che desiderano avventurarsi in nuovi mercati o dati demografici, la ricerca di mercato dell&#039;abbigliamento sportivo offre una tabella di marcia, delineando opportunit\u00e0, potenziali sfide e preferenze dei consumatori in territori inesplorati.<\/li>\n\n\n\n<li><strong>Posizionamento del marchio rafforzato:<\/strong> Allineandosi ai valori e alle esigenze dei consumatori e affrontando specifici punti critici, i marchi possono rafforzare il proprio posizionamento sul mercato e costruire una maggiore fedelt\u00e0 alla marca.<\/li>\n\n\n\n<li><strong>Ciclo di feedback:<\/strong> La ricerca di mercato stabilisce un meccanismo di feedback, consentendo alle aziende di comprendere le percezioni dei consumatori sui loro prodotti, identificare le aree di miglioramento e apportare le modifiche necessarie.<\/li>\n\n\n\n<li><strong>Assegnazione delle risorse:<\/strong> Con una chiara comprensione del potenziale di mercato e delle aree di crescita, le aziende possono allocare le risorse \u2013 siano esse capitale, manodopera o budget di marketing \u2013 in modo pi\u00f9 efficace ed efficiente.<\/li>\n<\/ul>\n\n\n\n<h2 class=\"wp-block-heading\">Principali attori nel mercato Abbigliamento sportivo<\/h2>\n\n\n\n<figure class=\"gb-block-image gb-block-image-fa0ac7cf\"><img loading=\"lazy\" decoding=\"async\" width=\"1456\" height=\"816\" class=\"gb-image gb-image-fa0ac7cf\" src=\"https:\/\/www.sisinternational.com\/wp-content\/uploads\/2025\/08\/Smart-clothes-smart-textiles-4.jpg\" alt=\"Ricerca e strategia di mercato internazionale SIS\" title=\"Smart clothes smart textiles (4)\" srcset=\"https:\/\/www.sisinternational.com\/wp-content\/uploads\/2025\/08\/Smart-clothes-smart-textiles-4.jpg 1456w, https:\/\/www.sisinternational.com\/wp-content\/uploads\/2025\/08\/Smart-clothes-smart-textiles-4-300x168.jpg 300w, https:\/\/www.sisinternational.com\/wp-content\/uploads\/2025\/08\/Smart-clothes-smart-textiles-4-1024x574.jpg 1024w, https:\/\/www.sisinternational.com\/wp-content\/uploads\/2025\/08\/Smart-clothes-smart-textiles-4-768x430.jpg 768w, https:\/\/www.sisinternational.com\/wp-content\/uploads\/2025\/08\/Smart-clothes-smart-textiles-4-18x10.jpg 18w\" sizes=\"auto, (max-width: 1456px) 100vw, 1456px\"><\/figure>\n\n\n\n<p><\/p>\n\n\n\n<p>Il mercato dell\u2019abbigliamento sportivo \u00e8 un\u2019arena dinamica caratterizzata da intensa competizione, innovazione e significativa fedelt\u00e0 al marchio. Pertanto, diversi attori modellano il panorama del settore. Ecco uno sguardo ad alcuni dei principali attori del mercato globale dell\u2019abbigliamento sportivo:<\/p>\n\n\n\n<ul class=\"wp-block-list\">\n<li><strong>Nike:<\/strong> Questa multinazionale americana \u00e8 una forza da non sottovalutare nel settore dell&#039;abbigliamento sportivo. Nike ha una forte presenza globale e spinge continuamente i confini con i suoi design innovativi e le sue campagne di marketing.<\/li>\n\n\n\n<li><strong>Adidas:<\/strong> Adidas \u00e8 un altro colosso nell&#039;arena dell&#039;abbigliamento sportivo. Con una ricca storia che risale al 1949, il marchio offre una vasta gamma di prodotti sportivi e ha fatto passi significativi nei segmenti della moda e dello stile di vita.<\/li>\n\n\n\n<li><strong>Sotto l&#039;armatura:<\/strong> Questa azienda americana \u00e8 cresciuta rapidamente fino a diventare un attore chiave nel mercato dell&#039;abbigliamento sportivo, specializzata in abbigliamento sportivo che mantiene gli atleti freschi e asciutti.<\/li>\n\n\n\n<li><strong>Puma:<\/strong> Un altro colosso tedesco, Puma, offre una vasta gamma di calzature, abbigliamento e accessori sportivi e casual. Nel corso degli anni, Puma ha consolidato la propria posizione con partnership strategiche e sponsorizzazioni.<\/li>\n\n\n\n<li><strong>Reebok:<\/strong> Inizialmente un marchio fondato in Gran Bretagna, Reebok \u00e8 ora una filiale di Adidas. Conosciuta per le sue calzature e l&#039;abbigliamento, Reebok ha una forte eredit\u00e0 nell&#039;aerobica, nella corsa e, pi\u00f9 recentemente, nel CrossFit.<\/li>\n<\/ul>\n\n\n\n<h2 class=\"wp-block-heading\">Opportunit\u00e0 nel mercato dell&#039;abbigliamento sportivo<\/h2>\n\n\n\n<p>Il settore dell\u2019abbigliamento sportivo \u00e8 pieno di opportunit\u00e0 grazie alle ondate di innovazione, alle preferenze dei consumatori in evoluzione e alle tendenze in forte espansione in materia di salute e benessere. Pertanto, le ricerche di mercato sull\u2019abbigliamento sportivo guidano le aziende verso queste prospettive d\u2019oro. Ecco alcune delle promettenti opportunit\u00e0 che le aziende possono sfruttare:<\/p>\n\n\n\n<ul class=\"wp-block-list\">\n<li><strong>The Rise of <a class=\"wpil_keyword_link\" href=\"https:\/\/www.sisinternational.com\/it\/competenza\/industrie\/ricerche-di-mercato-nel-settore-dellathleisure\/\"   title=\"Ricerche di mercato nel settore athleisure\" data-wpil-keyword-link=\"linked\"  data-wpil-monitor-id=\"660\">Athleisure<\/a>:<\/strong> Mentre i confini tra abbigliamento sportivo e abbigliamento casual continuano a confondersi, c&#039;\u00e8 una crescente domanda di capi versatili che possano passare senza problemi dalla palestra al bar. Le ricerche di mercato dell\u2019abbigliamento sportivo indicano che questa tendenza offre ai marchi ampio spazio per innovare.<\/li>\n\n\n\n<li><strong>Abbigliamento sportivo sostenibile:<\/strong> Il consumatore moderno \u00e8 sempre pi\u00f9 attento all\u2019ambiente. I marchi in grado di offrire alternative ecologiche e sostenibili senza compromettere le prestazioni hanno un vantaggio competitivo. Questo spostamento verso la sostenibilit\u00e0 \u00e8 supportato da ricerche di mercato sull\u2019abbigliamento sportivo, che ne sottolineano la fattibilit\u00e0 a lungo termine.<\/li>\n\n\n\n<li><strong>Integrazione tecnologica:<\/strong> Che si tratti di abbigliamento sportivo con fitness tracker integrato, scarpe intelligenti che regolano elettronicamente la vestibilit\u00e0 o indumenti che monitorano i parametri fisiologici, l&#039;abbigliamento sportivo intriso di tecnologia \u00e8 il futuro. Le ricerche di mercato dell\u2019abbigliamento sportivo mostrano un crescente appetito dei consumatori per tali innovazioni.<\/li>\n\n\n\n<li><strong>Personalizzazione:<\/strong> L&#039;attrezzatura per il fitness personalizzata, dalle scarpe su misura per specifici archi del piede all&#039;attrezzatura per l&#039;allenamento progettata per le preferenze individuali, \u00e8 stata evidenziata come un&#039;area di crescita significativa dalle ricerche di mercato.<\/li>\n\n\n\n<li><a href=\"https:\/\/www.sisinternational.com\/it\/economia-dellestonia\/\" title=\"Ricerche di mercato economico in Estonia\"  data-wpil-monitor-id=\"2938\">Emerging Markets: Sportswear market research<\/a> points to untapped potential in emerging markets like Southeast Asia, Africa, and parts of Latin America. Brands willing to localize their offerings and strategies for these regions can carve a niche for themselves.<\/li>\n\n\n\n<li><strong>Segmenti specializzati:<\/strong> C&#039;\u00e8 una crescente domanda di abbigliamento sportivo su misura per sport o attivit\u00e0 specifici come lo yoga, il cross training o la maratona. Specializzandosi, i marchi possono soddisfare questi segmenti di nicchia ma in forte crescita.<\/li>\n\n\n\n<li><strong>Taglie e design inclusi:<\/strong> Le ricerche di mercato dell\u2019abbigliamento sportivo indicano una forte domanda di taglie inclusive, adatte a tutti i tipi di corporatura. I marchi che offrono una gamma pi\u00f9 ampia e celebrano la diversit\u00e0 corporea hanno maggiore risonanza presso il pubblico moderno.<\/li>\n\n\n\n<li><strong>Attrezzatura per il benessere e il recupero:<\/strong> Al di l\u00e0 della performance, c\u2019\u00e8 una crescente attenzione alla ripresa. Prodotti come gli indumenti compressivi, che aiutano il recupero muscolare, o gli indumenti che supportano il benessere mentale, hanno visto un aumento della domanda, come indicato dalle ricerche di mercato dell\u2019abbigliamento sportivo.<\/li>\n<\/ul>\n\n\n\n<h2 class=\"wp-block-heading\">Le sfide nel mercato dell\u2019abbigliamento sportivo<\/h2>\n\n\n\n<figure class=\"gb-block-image gb-block-image-31d2f328\"><img loading=\"lazy\" decoding=\"async\" width=\"1456\" height=\"816\" class=\"gb-image gb-image-31d2f328\" src=\"https:\/\/www.sisinternational.com\/wp-content\/uploads\/2025\/08\/Smart-clothes-smart-textiles-5.jpg\" alt=\"Ricerca e strategia di mercato internazionale SIS\" title=\"Smart clothes smart textiles (5)\" srcset=\"https:\/\/www.sisinternational.com\/wp-content\/uploads\/2025\/08\/Smart-clothes-smart-textiles-5.jpg 1456w, https:\/\/www.sisinternational.com\/wp-content\/uploads\/2025\/08\/Smart-clothes-smart-textiles-5-300x168.jpg 300w, https:\/\/www.sisinternational.com\/wp-content\/uploads\/2025\/08\/Smart-clothes-smart-textiles-5-1024x574.jpg 1024w, https:\/\/www.sisinternational.com\/wp-content\/uploads\/2025\/08\/Smart-clothes-smart-textiles-5-768x430.jpg 768w, https:\/\/www.sisinternational.com\/wp-content\/uploads\/2025\/08\/Smart-clothes-smart-textiles-5-18x10.jpg 18w\" sizes=\"auto, (max-width: 1456px) 100vw, 1456px\"><\/figure>\n\n\n\n<p><\/p>\n\n\n\n<p>Anche il settore dell\u2019abbigliamento sportivo deve affrontare numerose sfide. Questi ostacoli, che vanno dall\u2019evoluzione delle preferenze dei consumatori alle complessit\u00e0 della catena di fornitura, devono essere affrontati strategicamente affinch\u00e9 le aziende possano prosperare. Le ricerche di mercato sull\u2019abbigliamento sportivo offrono una lente d\u2019ingrandimento, concentrandosi su queste sfide e fornendo una comprensione pi\u00f9 profonda. Ecco alcune delle preoccupazioni pi\u00f9 urgenti che il mercato dell\u2019abbigliamento sportivo deve affrontare:<\/p>\n\n\n\n<ul class=\"wp-block-list\">\n<li><strong>Preferenze dei consumatori in rapida evoluzione:<\/strong> With fashion trends shifting rapidly and tech integration becoming the norm, staying ahead of consumer desires is challenging. Sportswear market <a href=\"https:\/\/www.sisinternational.com\/it\/soluzioni\/innovazione\/ricerca-di-mercato-agile\/\" title=\"Ricerche di mercato agili\"  data-wpil-monitor-id=\"7062\">ricerca<\/a> consistently highlights the need for brands to remain agile and responsive.<\/li>\n\n\n\n<li><strong>Competizione intensa:<\/strong> The sportswear market is saturated with both established giants and innovative startups. Standing out in this crowded space and building brand loyalty is a challenge that <a href=\"https:\/\/www.sisinternational.com\/it\/competenza\/industrie\/ricerche-di-mercato-sui-materiali-da-costruzione-ecologici\/\" title=\"Ricerche di mercato sui materiali da costruzione ecologici\"  data-wpil-monitor-id=\"3354\">ricerche di mercato sull&#039;abbigliamento sportivo<\/a> frequently underscores.<\/li>\n\n\n\n<li><strong>Adattabilit\u00e0 tecnologica:<\/strong> Con l&#039;aumento della tecnologia indossabile e dell&#039;abbigliamento sportivo intelligente, i marchi affrontano la sfida non solo di incorporare la tecnologia, ma anche di garantire che sia facile da usare, durevole e realmente vantaggioso.<\/li>\n\n\n\n<li><strong>Ostacoli normativi:<\/strong> Regioni diverse presentano quadri normativi diversi, in particolare per quanto riguarda la sicurezza dei prodotti, gli standard ambientali e le pratiche di lavoro. Muoversi in questo labirinto, soprattutto per i marchi che operano a livello globale, \u00e8 una sfida evidenziata dalle ricerche di mercato dell\u2019abbigliamento sportivo.<\/li>\n\n\n\n<li><strong>Prodotti contraffatti:<\/strong> L\u2019aumento dei prodotti di abbigliamento sportivo contraffatti diluisce il valore del marchio e rappresenta una sfida significativa nel mantenimento dell\u2019autenticit\u00e0 e della fiducia del marchio.<\/li>\n\n\n\n<li><strong>Panorama della vendita al dettaglio in evoluzione:<\/strong> Il declino dei tradizionali negozi fisici e l\u2019ascesa delle piattaforme di e-commerce e dei modelli diretti al consumatore richiedono un cambiamento nelle strategie di vendita e distribuzione.<\/li>\n<\/ul>","protected":false},"excerpt":{"rendered":"<p>La ricerca delle tendenze dell\u2019abbigliamento sportivo fornisce informazioni preziose per le aziende che desiderano migliorare la propria strategia competitiva.<\/p>","protected":false},"author":1,"featured_media":63729,"parent":14514,"menu_order":369,"comment_status":"closed","ping_status":"closed","template":"","meta":{"footnotes":""},"class_list":["post-43594","page","type-page","status-publish","has-post-thumbnail"],"_links":{"self":[{"href":"https:\/\/www.sisinternational.com\/it\/wp-json\/wp\/v2\/pages\/43594","targetHints":{"allow":["GET"]}}],"collection":[{"href":"https:\/\/www.sisinternational.com\/it\/wp-json\/wp\/v2\/pages"}],"about":[{"href":"https:\/\/www.sisinternational.com\/it\/wp-json\/wp\/v2\/types\/page"}],"author":[{"embeddable":true,"href":"https:\/\/www.sisinternational.com\/it\/wp-json\/wp\/v2\/users\/1"}],"replies":[{"embeddable":true,"href":"https:\/\/www.sisinternational.com\/it\/wp-json\/wp\/v2\/comments?post=43594"}],"version-history":[{"count":7,"href":"https:\/\/www.sisinternational.com\/it\/wp-json\/wp\/v2\/pages\/43594\/revisions"}],"predecessor-version":[{"id":80626,"href":"https:\/\/www.sisinternational.com\/it\/wp-json\/wp\/v2\/pages\/43594\/revisions\/80626"}],"up":[{"embeddable":true,"href":"https:\/\/www.sisinternational.com\/it\/wp-json\/wp\/v2\/pages\/14514"}],"wp:featuredmedia":[{"embeddable":true,"href":"https:\/\/www.sisinternational.com\/it\/wp-json\/wp\/v2\/media\/63729"}],"wp:attachment":[{"href":"https:\/\/www.sisinternational.com\/it\/wp-json\/wp\/v2\/media?parent=43594"}],"curies":[{"name":"wp","href":"https:\/\/api.w.org\/{rel}","templated":true}]}}