{"id":43488,"date":"2023-09-23T17:33:45","date_gmt":"2023-09-23T21:33:45","guid":{"rendered":"https:\/\/www.sisinternational.com\/?page_id=43488"},"modified":"2026-01-26T18:17:59","modified_gmt":"2026-01-26T23:17:59","slug":"ricerche-di-mercato-per-lottimizzazione-del-menu-del-ristorante","status":"publish","type":"page","link":"https:\/\/www.sisinternational.com\/it\/competenza\/ricerche-di-mercato-per-lottimizzazione-del-menu-del-ristorante\/","title":{"rendered":"Ricerche di mercato sull&#039;ottimizzazione dei menu di ristoranti e alimenti"},"content":{"rendered":"<h1 class=\"wp-block-heading\">Ricerche di mercato sull&#039;ottimizzazione dei menu di ristoranti e alimenti<\/h1>\n\n\n\n<figure class=\"gb-block-image gb-block-image-d6ef51d4\"><img loading=\"lazy\" decoding=\"async\" width=\"1456\" height=\"816\" class=\"gb-image gb-image-d6ef51d4\" src=\"https:\/\/www.sisinternational.com\/wp-content\/uploads\/2025\/09\/Asian-food-5.jpg\" alt=\"Ricerca e strategia di mercato internazionale SIS\" title=\"Asian food (5)\" srcset=\"https:\/\/www.sisinternational.com\/wp-content\/uploads\/2025\/09\/Asian-food-5.jpg 1456w, https:\/\/www.sisinternational.com\/wp-content\/uploads\/2025\/09\/Asian-food-5-300x168.jpg 300w, https:\/\/www.sisinternational.com\/wp-content\/uploads\/2025\/09\/Asian-food-5-1024x574.jpg 1024w, https:\/\/www.sisinternational.com\/wp-content\/uploads\/2025\/09\/Asian-food-5-768x430.jpg 768w, https:\/\/www.sisinternational.com\/wp-content\/uploads\/2025\/09\/Asian-food-5-18x10.jpg 18w\" sizes=\"auto, (max-width: 1456px) 100vw, 1456px\"><\/figure>\n\n\n\n<p><\/p>\n\n\n\n<p>Immagina di entrare in un ristorante dove ogni piatto del menu sembra chiamarti, perfettamente in linea con le ultime tendenze alimentari e adattato esattamente alle tue preferenze dietetiche. Come ha fatto il ristorante a raggiungere questa magia? La risposta sta nelle ricerche di mercato sull\u2019ottimizzazione di ristoranti e menu di cibo.<\/p>\n\n\n\n<p>Attraverso una miscela armoniosa di arti culinarie e approfondimenti basati sui dati, questa ricerca specializzata fornisce ai ristoratori gli strumenti di cui hanno bisogno per trasformare le loro offerte.<\/p>\n\n\n\n<h2 class=\"wp-block-heading\">Perch\u00e9 la ricerca di mercato sull\u2019ottimizzazione dei menu di ristoranti e alimenti \u00e8 cruciale oggi?<\/h2>\n\n\n\n<p>In un mondo globalizzato in cui le opzioni per la ristorazione sono abbondanti e le tendenze alimentari si evolvono rapidamente, rimanere all\u2019avanguardia nel settore della ristorazione \u00e8 pi\u00f9 impegnativo che mai. Ecco perch\u00e9 la ricerca di mercato \u00e8 fondamentale nel panorama culinario di oggi:<\/p>\n\n\n\n<ul class=\"wp-block-list\">\n<li><strong>Viabilit\u00e0 economica:<\/strong> Not all delicious dishes are profitable. <a href=\"https:\/\/www.sisinternational.com\/it\/competenza\/industrie\/ricerche-di-mercato-sui-ristoranti-cinesi\/\" title=\"Ricerche di mercato sui ristoranti cinesi\"  data-wpil-monitor-id=\"3798\">Restaurant and food menu optimization market research<\/a> helps restaurants identify which dishes are not only popular but also cost-effective, ensuring the sustainability of the business.<\/li>\n\n\n\n<li><strong>Tendenze dietetiche e di salute:<\/strong> With a rising focus on health and wellness, many consumers are adopting specific diets, be it vegan, keto, gluten-free, or paleo. <a href=\"https:\/\/www.sisinternational.com\/it\/competenza\/industrie\/ricerche-di-mercato-sui-ristoranti-fast-casual\/\" title=\"Ricerche di mercato sui ristoranti veloci e informali\"  data-wpil-monitor-id=\"5931\">Restaurant and food menu optimization market research<\/a> ensures that restaurants cater to these niches, broadening their customer base.<\/li>\n\n\n\n<li><strong>Vantaggio competitivo:<\/strong> In un mercato saturo, ci\u00f2 che distingue un ristorante da un altro \u00e8 spesso il suo menu. Comprendendo ci\u00f2 che vogliono veramente i clienti e offrendo piatti unici su misura per tali desideri, i ristoranti possono differenziarsi dalla concorrenza.<\/li>\n\n\n\n<li><strong>Integrazione tecnologica:<\/strong> <a href=\"https:\/\/www.sisinternational.com\/it\/competenza\/industrie\/ricerche-di-mercato-sulla-tecnologia-medica\/\" title=\"Ricerche di mercato sulla tecnologia medica (Med Tech).\"  data-wpil-monitor-id=\"4195\">Restaurant and food menu optimization market<\/a> research can guide restaurants in integrating technology seamlessly, from optimizing online menus for delivery apps to addressing feedback from online reviews.<\/li>\n\n\n\n<li><strong>Sostenibilit\u00e0 e scelte etiche:<\/strong> I consumatori moderni sono sempre pi\u00f9 consapevoli delle implicazioni ambientali ed etiche delle loro scelte alimentari. Le ricerche di mercato possono far luce sull\u2019approvvigionamento di ingredienti sostenibili, sulla riduzione degli sprechi alimentari e sull\u2019adozione di scelte etiche che siano in sintonia con i clienti.<\/li>\n\n\n\n<li><strong>Sfumature culturali e regionali:<\/strong> Le ricerche di mercato per l&#039;ottimizzazione di ristoranti e menu di cibo possono individuare gusti regionali, preferenze culturali e tendenze locali, garantendo che il menu sia in sintonia con i dati demografici specifici di ciascun ristorante.<\/li>\n<\/ul>\n\n\n\n<h2 class=\"wp-block-heading\">Opportunit\u00e0 nelle ricerche di mercato per l&#039;ottimizzazione dei menu di ristoranti e alimenti<\/h2>\n\n\n\n<figure class=\"gb-block-image gb-block-image-e46f9f59\"><img loading=\"lazy\" decoding=\"async\" width=\"1456\" height=\"816\" class=\"gb-image gb-image-e46f9f59\" src=\"https:\/\/www.sisinternational.com\/wp-content\/uploads\/2025\/09\/Asian-food-13.jpg\" alt=\"Ricerca e strategia di mercato internazionale SIS\" title=\"Asian food (13)\" srcset=\"https:\/\/www.sisinternational.com\/wp-content\/uploads\/2025\/09\/Asian-food-13.jpg 1456w, https:\/\/www.sisinternational.com\/wp-content\/uploads\/2025\/09\/Asian-food-13-300x168.jpg 300w, https:\/\/www.sisinternational.com\/wp-content\/uploads\/2025\/09\/Asian-food-13-1024x574.jpg 1024w, https:\/\/www.sisinternational.com\/wp-content\/uploads\/2025\/09\/Asian-food-13-768x430.jpg 768w, https:\/\/www.sisinternational.com\/wp-content\/uploads\/2025\/09\/Asian-food-13-18x10.jpg 18w\" sizes=\"auto, (max-width: 1456px) 100vw, 1456px\"><\/figure>\n\n\n\n<p><\/p>\n\n\n\n<p>Il panorama in evoluzione del settore della ristorazione presenta numerose opportunit\u00e0 nell\u2019ambito delle ricerche di mercato sull\u2019ottimizzazione di ristoranti e menu di cibo. Alcune delle opportunit\u00e0 pi\u00f9 famose sono:<\/p>\n\n\n\n<ul class=\"wp-block-list\">\n<li><strong>Innovazioni culinarie basate sui dati:<\/strong> Poich\u00e9 i ristoranti hanno accesso a feedback e preferenze pi\u00f9 dettagliati dei consumatori, c\u2019\u00e8 una grande opportunit\u00e0 per chef e scienziati del settore alimentare di collaborare, creando piatti innovativi che si allineano perfettamente con la domanda del mercato.<\/li>\n\n\n\n<li><strong>Ottimizzazione nutrizionale e del benessere:<\/strong> As health and wellness gain prominence, there is a growing <a href=\"https:\/\/www.sisinternational.com\/it\/soluzioni\/ai-ricerche-di-mercato-e-consulenza-strategica\/chatbot-e-ricerche-di-mercato\/\" title=\"Ricerche di mercato sull&#039;intelligenza artificiale di Chatbot\"  data-wpil-monitor-id=\"2778\">market for research<\/a> into crafting menus that are not just tasty but also nutritionally balanced, catering to the health-conscious consumer.<\/li>\n\n\n\n<li><strong>Espansione globale e franchising:<\/strong> Per i ristoranti che mirano ad espandersi a livello globale, ricerche di mercato dettagliate possono offrire informazioni preziose sulle preferenze regionali, garantendo lanci di successo in mercati diversi.<\/li>\n\n\n\n<li><strong>Formazione e istruzione:<\/strong> Data la natura in evoluzione del settore, esiste una significativa opportunit\u00e0 per istituzioni e professionisti di offrire programmi di formazione, workshop e corsi incentrati sull\u2019ottimizzazione dei menu e sulle relative tecniche di ricerca di mercato.<\/li>\n\n\n\n<li><strong>Gestione delle crisi e pianificazione delle emergenze:<\/strong> In un mondo in cui gli eventi globali possono avere un impatto drastico sul settore della ristorazione, le societ\u00e0 di ricerche di mercato specializzate nella gestione delle crisi e nell\u2019adattabilit\u00e0 dei menu possono offrire una guida preziosa, garantendo che i ristoranti rimangano resilienti.<\/li>\n<\/ul>\n\n\n\n<h2 class=\"wp-block-heading\">Sfide<\/h2>\n\n\n\n<p>Sebbene i potenziali vantaggi della ricerca di mercato per l\u2019ottimizzazione di ristoranti e menu di cibo siano sostanziali, presenta diverse sfide che le aziende devono affrontare, tra cui:<\/p>\n\n\n\n<ul class=\"wp-block-list\">\n<li><strong>Diverse preferenze dei consumatori:<\/strong> Rivolgersi a un pubblico globale significa affrontare gusti diversi, sfumature culturali e restrizioni dietetiche, rendendo difficile la creazione di un menu universalmente attraente.<\/li>\n\n\n\n<li><strong>Fluttuazioni economiche e prezzi:<\/strong> Trovare un equilibrio tra l\u2019offerta di piatti premium e il mantenerli economicamente sostenibili \u00e8 una passeggiata sul filo del rasoio. L&#039;ottimizzazione dei prezzi senza compromettere la qualit\u00e0 \u00e8 una sfida costante.<\/li>\n\n\n\n<li><strong>Limitazioni tecnologiche:<\/strong> Sebbene la tecnologia offra soluzioni, presenta anche sfide. Garantire la compatibilit\u00e0 tra piattaforme, integrare le tecnologie emergenti e tenere il passo con i progressi tecnologici pu\u00f2 essere un compito impegnativo.<\/li>\n\n\n\n<li><strong>Formazione e lacune di competenze:<\/strong> Poich\u00e9 l&#039;ottimizzazione dei menu diventa sempre pi\u00f9 sofisticata, c&#039;\u00e8 bisogno di professionisti qualificati che comprendano sia gli aspetti culinari che quelli relativi ai dati. Colmare questo divario di competenze \u00e8 una sfida.<\/li>\n\n\n\n<li><strong>Preoccupazioni sulla privacy dei consumatori:<\/strong> In un\u2019epoca in cui la privacy dei dati \u00e8 fondamentale, raccogliere le preferenze dei consumatori e altri dati senza violare i diritti e le normative sulla privacy \u00e8 una preoccupazione urgente.<\/li>\n\n\n\n<li><strong>In equilibrio tra tradizione e innovazione:<\/strong> Sebbene l\u2019innovazione sia vitale, esiste anche un segmento di consumatori che ricerca sapori ed esperienze tradizionali. Trovare un equilibrio per soddisfare entrambi i dati demografici \u00e8 complesso.<\/li>\n\n\n\n<li><strong>Fattori esterni e incertezze:<\/strong> Eventi imprevedibili possono avere un impatto drastico sul comportamento e sulle preferenze dei consumatori, rendendo necessario un adattamento coerente della ricerca.<\/li>\n<\/ul>\n\n\n\n<h2 class=\"wp-block-heading\">Il futuro della ricerca di mercato per l\u2019ottimizzazione dei menu di ristoranti e alimenti<\/h2>\n\n\n\n<figure class=\"gb-block-image gb-block-image-cd71f52b\"><img loading=\"lazy\" decoding=\"async\" width=\"1456\" height=\"816\" class=\"gb-image gb-image-cd71f52b\" src=\"https:\/\/www.sisinternational.com\/wp-content\/uploads\/2025\/09\/Asian-food-7.jpg\" alt=\"Ricerca e strategia di mercato internazionale SIS\" title=\"Asian food (7)\" srcset=\"https:\/\/www.sisinternational.com\/wp-content\/uploads\/2025\/09\/Asian-food-7.jpg 1456w, https:\/\/www.sisinternational.com\/wp-content\/uploads\/2025\/09\/Asian-food-7-300x168.jpg 300w, https:\/\/www.sisinternational.com\/wp-content\/uploads\/2025\/09\/Asian-food-7-1024x574.jpg 1024w, https:\/\/www.sisinternational.com\/wp-content\/uploads\/2025\/09\/Asian-food-7-768x430.jpg 768w, https:\/\/www.sisinternational.com\/wp-content\/uploads\/2025\/09\/Asian-food-7-18x10.jpg 18w\" sizes=\"auto, (max-width: 1456px) 100vw, 1456px\"><\/figure>\n\n\n\n<p><\/p>\n\n\n\n<p>Il settore della ristorazione \u00e8 continuamente modellato dai progressi tecnologici, dai cambiamenti culturali e dall\u2019evoluzione del comportamento dei consumatori. Pertanto, si prevede che la ricerca di mercato sull\u2019ottimizzazione dei ristoranti e dei menu di cibo subir\u00e0 cambiamenti trasformativi che ridefiniranno il modo in cui i menu vengono realizzati e presentati. Ecco uno sguardo a cosa potrebbe riservare il futuro:<\/p>\n\n\n\n<ul class=\"wp-block-list\">\n<li><strong>Integrazione di tecnologie avanzate:<\/strong> Intelligenza artificiale (AI) e machine learning (ML): aiuteranno le aziende a prevedere le tendenze alimentari sulla base di vasti set di dati. Questa analisi predittiva fornir\u00e0 approfondimenti sui potenziali piatti di successo prima ancora che si formino tendenze. Allo stesso modo, le tecnologie di realt\u00e0 aumentata (AR) e realt\u00e0 virtuale (VR) possono offrire esperienze di menu coinvolgenti, consentendo ai clienti di esplorare virtualmente i piatti in 3D, comprenderne gli ingredienti e persino sperimentare il loro percorso di preparazione.<\/li>\n\n\n\n<li><strong>Analisi della sostenibilit\u00e0:<\/strong> Con le crescenti preoccupazioni globali sulla sostenibilit\u00e0, i futuri strumenti di ricerca di mercato potrebbero offrire analisi dettagliate sull\u2019impronta di carbonio di ogni piatto, guidando i ristoranti a creare menu rispettosi dell\u2019ambiente.<\/li>\n\n\n\n<li><strong>Neurogastronomia ed esperienze sensoriali:<\/strong> Delving into the science of flavor perception and how the brain interprets these signals, future research might focus on <a href=\"https:\/\/www.sisinternational.com\/it\/competenza\/industrie\/ricerca-di-mercato-sensoriale\/\" title=\"Ricerche di mercato sensoriali\"  data-wpil-monitor-id=\"6831\">optimizing<\/a> menus that cater to the holistic sensory experience, not just taste.<\/li>\n\n\n\n<li><strong>Regolazioni del menu in tempo reale:<\/strong> Poich\u00e9 la tecnologia consente feedback e raccolta dati in tempo reale, i ristoranti potrebbero apportare modifiche istantanee ai menu in base al feedback attuale dei clienti, alla disponibilit\u00e0 delle scorte o persino agli eventi locali.<\/li>\n\n\n\n<li><strong>Sensibilit\u00e0 culturale ed etica:<\/strong> Man mano che il mondo diventa pi\u00f9 interconnesso, ci sar\u00e0 una maggiore enfasi sulla comprensione e sul rispetto delle sfumature culturali del cibo. La ricerca di mercato sull&#039;ottimizzazione dei menu di ristoranti e alimenti aiuter\u00e0 a creare menu culturalmente sensibili, promuovendo l&#039;inclusivit\u00e0 e ampliando l&#039;attrattiva.<\/li>\n\n\n\n<li><strong>Modelli di business olistici:<\/strong> Oltre all&#039;ottimizzazione del cibo, del ristorante e del menu, la ricerca di mercato prender\u00e0 in considerazione l&#039;intero ecosistema della ristorazione, compresi l&#039;atmosfera, lo stile del servizio e persino la musica di sottofondo, garantendo che ogni aspetto sia complementare al menu ottimizzato.<\/li>\n\n\n\n<li><strong>Ricerca su crisi e adattabilit\u00e0:<\/strong> Date le sfide globali come le pandemie o le interruzioni della catena di approvvigionamento, la ricerca futura potrebbe concentrarsi su come i ristoranti possono adattare rapidamente i propri menu in risposta a improvvisi cambiamenti esterni.<\/li>\n<\/ul>","protected":false},"excerpt":{"rendered":"<p>Immagina un menu su misura per la tua dieta e le tue tendenze alimentari. Ci\u00f2 si ottiene con ricerche di mercato sull\u2019ottimizzazione di ristoranti e menu di cibo.<\/p>","protected":false},"author":1,"featured_media":65464,"parent":14514,"menu_order":368,"comment_status":"closed","ping_status":"closed","template":"","meta":{"footnotes":""},"class_list":["post-43488","page","type-page","status-publish","has-post-thumbnail"],"_links":{"self":[{"href":"https:\/\/www.sisinternational.com\/it\/wp-json\/wp\/v2\/pages\/43488","targetHints":{"allow":["GET"]}}],"collection":[{"href":"https:\/\/www.sisinternational.com\/it\/wp-json\/wp\/v2\/pages"}],"about":[{"href":"https:\/\/www.sisinternational.com\/it\/wp-json\/wp\/v2\/types\/page"}],"author":[{"embeddable":true,"href":"https:\/\/www.sisinternational.com\/it\/wp-json\/wp\/v2\/users\/1"}],"replies":[{"embeddable":true,"href":"https:\/\/www.sisinternational.com\/it\/wp-json\/wp\/v2\/comments?post=43488"}],"version-history":[{"count":8,"href":"https:\/\/www.sisinternational.com\/it\/wp-json\/wp\/v2\/pages\/43488\/revisions"}],"predecessor-version":[{"id":80407,"href":"https:\/\/www.sisinternational.com\/it\/wp-json\/wp\/v2\/pages\/43488\/revisions\/80407"}],"up":[{"embeddable":true,"href":"https:\/\/www.sisinternational.com\/it\/wp-json\/wp\/v2\/pages\/14514"}],"wp:featuredmedia":[{"embeddable":true,"href":"https:\/\/www.sisinternational.com\/it\/wp-json\/wp\/v2\/media\/65464"}],"wp:attachment":[{"href":"https:\/\/www.sisinternational.com\/it\/wp-json\/wp\/v2\/media?parent=43488"}],"curies":[{"name":"wp","href":"https:\/\/api.w.org\/{rel}","templated":true}]}}