{"id":43429,"date":"2023-09-19T15:43:59","date_gmt":"2023-09-19T19:43:59","guid":{"rendered":"https:\/\/www.sisinternational.com\/?page_id=43429"},"modified":"2026-03-25T01:20:39","modified_gmt":"2026-03-25T05:20:39","slug":"ricerche-di-mercato-sulle-bevande-alimentari-per-il-pranzo","status":"publish","type":"page","link":"https:\/\/www.sisinternational.com\/it\/soluzioni\/ricerche-di-mercato-nel-settore-delle-bevande-alimentari\/ricerche-di-mercato-sulle-bevande-alimentari-per-il-pranzo\/","title":{"rendered":"Ricerche di mercato su alimenti e bevande per il pranzo"},"content":{"rendered":"<h1 class=\"wp-block-heading\">Ricerche di mercato su alimenti e bevande per il pranzo<\/h1>\n\n\n\n<figure class=\"gb-block-image gb-block-image-dd254228\"><img loading=\"lazy\" decoding=\"async\" width=\"1456\" height=\"816\" class=\"gb-image gb-image-dd254228\" src=\"https:\/\/www.sisinternational.com\/wp-content\/uploads\/2025\/08\/Mexican-food-lunch-10.jpg\" alt=\"Ricerca e strategia di mercato internazionale SIS\" title=\"Mexican food lunch (10)\" srcset=\"https:\/\/www.sisinternational.com\/wp-content\/uploads\/2025\/08\/Mexican-food-lunch-10.jpg 1456w, https:\/\/www.sisinternational.com\/wp-content\/uploads\/2025\/08\/Mexican-food-lunch-10-300x168.jpg 300w, https:\/\/www.sisinternational.com\/wp-content\/uploads\/2025\/08\/Mexican-food-lunch-10-1024x574.jpg 1024w, https:\/\/www.sisinternational.com\/wp-content\/uploads\/2025\/08\/Mexican-food-lunch-10-768x430.jpg 768w, https:\/\/www.sisinternational.com\/wp-content\/uploads\/2025\/08\/Mexican-food-lunch-10-18x10.jpg 18w\" sizes=\"auto, (max-width: 1456px) 100vw, 1456px\"><\/figure>\n\n\n\n<p>&nbsp;<\/p>\n\n\n\n<p><\/p>\n\n\n\n<p>Have you ever wondered what influences your choices when it comes to deciding on a lunch meal? Is it habit, cultural influence, health consciousness, or the effect of advertisements? In a world that\u2019s constantly evolving and with consumer preferences shifting rapidly, understanding the intricacies of lunch choices is no mere feat. This is where Lunch <a class=\"wpil_keyword_link\" href=\"https:\/\/www.sisinternational.com\/it\/competenza\/industrie\/ricerche-di-mercato-sulle-bevande-alimentari\/\"   title=\"Ricerche di mercato nel settore alimentare e delle bevande\" data-wpil-keyword-link=\"linked\"  data-wpil-monitor-id=\"666\">Ricerche di mercato nel settore alimentare e delle bevande<\/a> comes into play.<\/p>\n\n\n\n<p>Lunch <a href=\"https:\/\/www.sisinternational.com\/it\/competenza\/industrie\/ricerche-di-mercato-sugli-ingredienti-per-bevande-alimentari\/\" title=\"Ricerche di mercato sugli ingredienti per alimenti e bevande\"  data-wpil-monitor-id=\"3156\">food and beverage market research<\/a> seeks to understand these patterns, determine the reasons behind our choices, and predict future trends. Additionally, it empowers companies to make informed decisions, innovate, and remain at the forefront of the industry.<\/p>\n\n\n\n<h2 class=\"wp-block-heading\">Cos\u2019\u00e8 la ricerca di mercato su alimenti e bevande per il pranzo?<\/h2>\n\n\n\n<p>Lunch <a href=\"https:\/\/www.sisinternational.com\/it\/competenza\/industrie\/ricerche-di-mercato-sulle-bevande-alimentari-per-la-cena\/\" title=\"Ricerche di mercato su alimenti e bevande per la cena\"  data-wpil-monitor-id=\"3863\">food and beverage market research<\/a> is the process that analyzes the various aspects of lunch consumption patterns, preferences, and the factors influencing them. It is not just about determining which sandwich or pasta dish is most popular, but about uncovering the deeper, often unseen layers of the lunch food landscape.<\/p>\n\n\n\n<p>It helps businesses understand what consumers are choosing to eat, why they are making those choices, and what influences these decisions. Lunch <a href=\"https:\/\/www.sisinternational.com\/it\/competenza\/industrie\/ricerche-di-mercato-sullinsicurezza-delle-bevande-alimentari\/\" title=\"Ricerche di mercato sull\u2019insicurezza degli alimenti e delle bevande\"  data-wpil-monitor-id=\"4150\">food and beverage market research<\/a> also involves a study of the current market size, growth potential, emerging niches, and dominant sectors.<\/p>\n\n\n\n<h2 class=\"wp-block-heading\">Perch\u00e9 le ricerche di mercato sugli alimenti e sulle bevande per il pranzo sono cos\u00ec importanti oggi?<\/h2>\n\n\n\n<p>Lunch holds substantial significance in the food industry. That\u2019s why diving into the lunch <a href=\"https:\/\/www.sisinternational.com\/it\/competenza\/industrie\/ricerche-di-mercato-sulla-sicurezza-alimentare\/\" title=\"Ricerche di mercato sulla sicurezza degli alimenti e delle bevande\"  data-wpil-monitor-id=\"4304\">food and beverage market research<\/a> can provide vital insights, which are crucial for various stakeholders in this industry. Some of the most evident benefits of lunch <a href=\"https:\/\/www.sisinternational.com\/it\/competenza\/industrie\/ricerche-di-mercato-sugli-additivi-per-bevande-alimentari\/\" title=\"Ricerche di mercato sugli additivi per alimenti e bevande\"  data-wpil-monitor-id=\"5802\">food and beverage market research<\/a> are as follows:<\/p>\n\n\n\n<ul class=\"wp-block-list\">\n<li><strong>Previsioni di tendenza:<\/strong> Food trends evolve rapidly. By consistently engaging in lunch <a href=\"https:\/\/www.sisinternational.com\/it\/competenza\/industrie\/ricerche-di-mercato-sulle-bevande-alimentari-salutari\/\" title=\"Ricerche di mercato su alimenti e bevande salutari\"  data-wpil-monitor-id=\"6020\">food and beverage market research<\/a>, businesses can stay ahead of the curve, predicting emerging trends and capitalizing on them before they become mainstream.<\/li>\n\n\n\n<li><strong>Sviluppo e innovazione del prodotto:<\/strong> Grazie agli approfondimenti provenienti dalle ricerche di mercato, le aziende alimentari possono sviluppare nuovi prodotti o modificare quelli esistenti per soddisfare le mutevoli preferenze dei consumatori, come la domanda di pasti a base vegetale o di opzioni a basso contenuto di carboidrati.<\/li>\n\n\n\n<li><strong>Analisi competitiva:<\/strong> Comprendere cosa offrono i concorrenti, le loro strategie di prezzo e le tecniche di marketing pu\u00f2 aiutare le aziende a trovare una proposta di vendita unica e posizionarsi in modo vantaggioso.<\/li>\n\n\n\n<li><strong>Gestione della catena di approvvigionamento:<\/strong> Gli approfondimenti sulla domanda dei consumatori possono aiutare le aziende a semplificare la catena di approvvigionamento, garantendo che abbiano gli ingredienti e i prodotti giusti disponibili quando e dove sono necessari.<\/li>\n\n\n\n<li><strong>Marketing e Promozione:<\/strong> La conoscenza del pubblico target, delle sue preferenze e dei suoi comportamenti pu\u00f2 informare le campagne pubblicitarie, rendendole pi\u00f9 efficaci e personalizzate.<\/li>\n\n\n\n<li><strong>Espansione globale:<\/strong> For businesses looking to expand into new regions or countries, lunch <a href=\"https:\/\/www.sisinternational.com\/it\/competenza\/curriculum-di-esperienza\/curriculum-di-esperienza-nel-settore-delle-bevande-fast-food\/\" title=\"Esperienza in ricerche di mercato nel settore fast food e bevande\"  data-wpil-monitor-id=\"6362\">food and beverage market research<\/a> can provide insights into local preferences, cultural nuances, and market dynamics.<\/li>\n\n\n\n<li><strong>Conformit\u00e0 normativa:<\/strong> Le ricerche di mercato possono evidenziare normative e standard specifici della regione, garantendo che le aziende rimangano conformi quando introducono nuovi prodotti o entrano in nuovi mercati.<\/li>\n<\/ul>\n\n\n\n<h2 class=\"wp-block-heading\">Tendenze attuali nelle ricerche di mercato di alimenti e bevande per il pranzo<\/h2>\n\n\n\n<p>The global landscape of food consumption is ever-evolving, influenced by shifts in consumer preferences, technological advancements, and societal changes. Here&#8217;s a look into some of the prevailing trends that have been highlighted in recent lunch food and <a href=\"https:\/\/www.sisinternational.com\/it\/soluzioni\/ricerche-di-mercato-nel-settore-delle-bevande-alimentari\/ricerche-di-mercato-sulle-bevande-pronte-da-bere\/\" title=\"Ricerche di mercato sulle bevande pronte da bere (RTD).\"  data-wpil-monitor-id=\"11490\">ricerche di mercato sulle bevande<\/a>:<\/p>\n\n\n\n<ul class=\"wp-block-list\">\n<li><strong>Focus su salute e benessere:<\/strong> Man mano che i consumatori diventano pi\u00f9 attenti alla salute, vi \u00e8 una crescente domanda di opzioni per il pranzo ricche di nutrienti e a basso contenuto calorico. Ci\u00f2 include insalate, piadine e pasti ricchi di proteine e cereali integrali. Anche la spinta verso la trasparenza nell\u2019approvvigionamento degli ingredienti e nelle informazioni nutrizionali ha guadagnato terreno.<\/li>\n\n\n\n<li><strong>Convenienza:<\/strong> Con uno stile di vita frenetico, molti consumatori si orientano verso pranzi da asporto, kit pasto e pasti pronti. I prodotti che offrono praticit\u00e0 senza compromettere il gusto o il valore nutrizionale sono molto richiesti.<\/li>\n\n\n\n<li><strong>Sapori globali e cibi etnici:<\/strong> Man mano che i palati diventano pi\u00f9 avventurosi, aumenta la domanda di cucina internazionale. I sapori mediorientali, asiatici e latinoamericani, in particolare, stanno diventando sempre pi\u00f9 diffusi nelle offerte del pranzo.<\/li>\n\n\n\n<li><strong>Personalizzazione e personalizzazione:<\/strong> I consumatori oggi apprezzano la personalizzazione. Che si tratti di opzioni di pasto personalizzate o di marchi che soddisfano esigenze e preferenze dietetiche specifiche, la personalizzazione \u00e8 una tendenza significativa.<\/li>\n\n\n\n<li><strong>Alimenti Funzionali:<\/strong> Oltre a soddisfare semplicemente la fame, i pranzi che offrono ulteriori benefici per la salute stanno guadagnando popolarit\u00e0. Ci\u00f2 include alimenti arricchiti con vitamine, probiotici o quelli che soddisfano specifici problemi di salute, come pranzi che rafforzano il sistema immunitario o aumentano l\u2019energia.<\/li>\n\n\n\n<li><strong>Conveniente:<\/strong> Sebbene i consumatori siano disposti a pagare un sovrapprezzo per determinate funzionalit\u00e0 a valore aggiunto, l\u2019accessibilit\u00e0 economica rimane un fattore cruciale, soprattutto in alcuni segmenti del mercato. Offerte pranzo di valore, sconti e promozioni sono ancora strategie efficaci per molti marchi.<\/li>\n<\/ul>\n\n\n\n<h2 class=\"wp-block-heading\">Opportunit\u00e0 nelle ricerche di mercato su alimenti e bevande per il pranzo<\/h2>\n\n\n\n<p>Le ricerche di mercato su alimenti e bevande per il pranzo possono scoprire molteplici opportunit\u00e0 a cui aziende, produttori e investitori possono attingere. Queste opportunit\u00e0 possono portare a un migliore posizionamento sul mercato, a maggiori flussi di entrate e a una crescita sostenibile. Ecco uno sguardo ad alcune delle potenziali aree di opportunit\u00e0:<\/p>\n\n\n\n<ul class=\"wp-block-list\">\n<li><strong>Segmentazione del mercato di nicchia:<\/strong> Man mano che i consumatori diventano pi\u00f9 diversificati nelle loro esigenze e preferenze dietetiche, c\u2019\u00e8 l\u2019opportunit\u00e0 di soddisfare mercati di nicchia come pranzi keto-friendly, pasti senza glutine o opzioni halal e kosher.<\/li>\n\n\n\n<li><strong>Modelli di abbonamento:<\/strong> Il successo degli abbonamenti in vari settori indica una potenziale opportunit\u00e0 nel settore del pranzo. L&#039;offerta di abbonamenti per il pranzo settimanali o mensili pu\u00f2 soddisfare i professionisti impegnati, offrendo loro un mix di variet\u00e0 e convenienza.<\/li>\n\n\n\n<li><strong>Integrazione tecnologica:<\/strong> L\u2019integrazione della tecnologia, sia attraverso app di ordinazione mobile, programmi fedelt\u00e0 o suggerimenti di pasti personalizzati basati sull\u2019intelligenza artificiale, pu\u00f2 migliorare l\u2019esperienza del cliente e aumentare le vendite.<\/li>\n\n\n\n<li><strong>Collaborazioni e Partenariati:<\/strong> I marchi possono collaborare con agricoltori locali, chef famosi o influencer per creare offerte di pranzo uniche o per promuovere i loro prodotti a un pubblico pi\u00f9 ampio.<\/li>\n\n\n\n<li><strong>Espansione dei servizi di consegna:<\/strong> Con l\u2019aumento delle app e dei servizi di consegna di cibo, l\u2019espansione delle opzioni di consegna pu\u00f2 aiutare le aziende ad attingere a una base di clienti pi\u00f9 ampia, soprattutto nelle aree urbane e densamente popolate.<\/li>\n\n\n\n<li><strong>Focus su fresco e biologico:<\/strong> L\u2019approvvigionamento di ingredienti locali, freschi e biologici pu\u00f2 soddisfare la crescente domanda dei consumatori di opzioni alimentari sane e sostenibili.<\/li>\n\n\n\n<li><strong>Turismo culinario e sapori globali:<\/strong> L\u2019esplorazione di cucine e sapori internazionali pu\u00f2 attrarre i consumatori alla ricerca di una nuova esperienza di pranzo. Pop-up, offerte a tempo limitato o settimane di pranzi a tema possono essere strategie efficaci.<\/li>\n\n\n\n<li><strong>Cena interattiva ed esperienziale:<\/strong> Al di l\u00e0 del semplice cibo, conta anche l\u2019esperienza culinaria. Le opportunit\u00e0 risiedono nell&#039;offrire esperienze di pranzo interattive, sia attraverso postazioni di cucina dal vivo, kit di pasti fai-da-te o atmosfere coinvolgenti in negozio.<\/li>\n\n\n\n<li><strong>Formazione e seminari:<\/strong> Offrire workshop, corsi di cucina o sessioni informative su nutrizione, cucina globale o tecniche di cucina pu\u00f2 aumentare il coinvolgimento e la fedelt\u00e0 al marchio.<\/li>\n\n\n\n<li><strong>Iniziative di sostenibilit\u00e0:<\/strong> L\u2019adozione e la promozione di pratiche sostenibili, dall\u2019approvvigionamento alla gestione dei rifiuti, possono entrare in risonanza con i consumatori eco-consapevoli e migliorare l\u2019immagine del marchio.<\/li>\n<\/ul>","protected":false},"excerpt":{"rendered":"<p>Cosa influenza le scelte del pranzo? Abitudine, cultura, salute o pubblicit\u00e0? La ricerca di mercato sugli alimenti e sulle bevande per il pranzo comprende le diverse preferenze.<\/p>","protected":false},"author":1,"featured_media":63962,"parent":22018,"menu_order":364,"comment_status":"closed","ping_status":"closed","template":"","meta":{"footnotes":""},"class_list":["post-43429","page","type-page","status-publish","has-post-thumbnail"],"_links":{"self":[{"href":"https:\/\/www.sisinternational.com\/it\/wp-json\/wp\/v2\/pages\/43429","targetHints":{"allow":["GET"]}}],"collection":[{"href":"https:\/\/www.sisinternational.com\/it\/wp-json\/wp\/v2\/pages"}],"about":[{"href":"https:\/\/www.sisinternational.com\/it\/wp-json\/wp\/v2\/types\/page"}],"author":[{"embeddable":true,"href":"https:\/\/www.sisinternational.com\/it\/wp-json\/wp\/v2\/users\/1"}],"replies":[{"embeddable":true,"href":"https:\/\/www.sisinternational.com\/it\/wp-json\/wp\/v2\/comments?post=43429"}],"version-history":[{"count":15,"href":"https:\/\/www.sisinternational.com\/it\/wp-json\/wp\/v2\/pages\/43429\/revisions"}],"predecessor-version":[{"id":85098,"href":"https:\/\/www.sisinternational.com\/it\/wp-json\/wp\/v2\/pages\/43429\/revisions\/85098"}],"up":[{"embeddable":true,"href":"https:\/\/www.sisinternational.com\/it\/wp-json\/wp\/v2\/pages\/22018"}],"wp:featuredmedia":[{"embeddable":true,"href":"https:\/\/www.sisinternational.com\/it\/wp-json\/wp\/v2\/media\/63962"}],"wp:attachment":[{"href":"https:\/\/www.sisinternational.com\/it\/wp-json\/wp\/v2\/media?parent=43429"}],"curies":[{"name":"wp","href":"https:\/\/api.w.org\/{rel}","templated":true}]}}