{"id":43420,"date":"2023-09-19T15:06:46","date_gmt":"2023-09-19T19:06:46","guid":{"rendered":"https:\/\/www.sisinternational.com\/?page_id=43420"},"modified":"2026-03-12T13:25:14","modified_gmt":"2026-03-12T17:25:14","slug":"ricerche-di-mercato-di-chef-di-bevande-alimentari","status":"publish","type":"page","link":"https:\/\/www.sisinternational.com\/it\/soluzioni\/ricerche-di-mercato-nel-settore-delle-bevande-alimentari\/ricerche-di-mercato-di-chef-di-bevande-alimentari\/","title":{"rendered":"Ricerche di mercato sugli chef di alimenti e bevande"},"content":{"rendered":"<h1 class=\"wp-block-heading\">Ricerche di mercato sugli chef di alimenti e bevande<\/h1>\n\n\n\n<figure class=\"gb-block-image gb-block-image-44d81b81\"><img loading=\"lazy\" decoding=\"async\" width=\"1456\" height=\"816\" class=\"gb-image gb-image-44d81b81\" src=\"https:\/\/www.sisinternational.com\/wp-content\/uploads\/2025\/08\/Food-taste-testing-3.jpg\" alt=\"Ricerca e strategia di mercato internazionale SIS\" title=\"Food taste testing (3)\" srcset=\"https:\/\/www.sisinternational.com\/wp-content\/uploads\/2025\/08\/Food-taste-testing-3.jpg 1456w, https:\/\/www.sisinternational.com\/wp-content\/uploads\/2025\/08\/Food-taste-testing-3-300x168.jpg 300w, https:\/\/www.sisinternational.com\/wp-content\/uploads\/2025\/08\/Food-taste-testing-3-1024x574.jpg 1024w, https:\/\/www.sisinternational.com\/wp-content\/uploads\/2025\/08\/Food-taste-testing-3-768x430.jpg 768w, https:\/\/www.sisinternational.com\/wp-content\/uploads\/2025\/08\/Food-taste-testing-3-18x10.jpg 18w\" sizes=\"auto, (max-width: 1456px) 100vw, 1456px\"><\/figure>\n\n\n\n<p><\/p>\n\n\n\n<p>In un\u2019era in cui ogni boccone di cibo pu\u00f2 essere un momento instagrammabile, l\u2019importanza degli chef nel settore alimentare \u00e8 aumentata in modo esponenziale. Non sono pi\u00f9 semplici professionisti che preparano i nostri pasti ma si sono trasformati in influencer e trendsetter.<\/p>\n\n\n\n<p>That&#8217;s why food and beverage chef market research isn&#8217;t just about understanding the landscape where chefs operate; it delves into the heart of the culinary industry. From discerning the demand for specific cuisines, tracking the meteoric rise of chefs to celebrity status, to predicting the next big food trend \u2013 this research provides insights that go beyond just numbers. It <a class=\"wpil_keyword_link\" href=\"https:\/\/www.sisinternational.com\/it\/competenza\/industrie\/ricerche-di-mercato-vernici-rivestimenti-e-inchiostri-da-stampa\/\"   title=\"Ricerche di mercato su vernici, rivestimenti e inchiostri da stampa\" data-wpil-keyword-link=\"linked\"  data-wpil-monitor-id=\"325\">paints<\/a> a picture of a world where food is both art and business.<\/p>\n\n\n\n<h2 class=\"wp-block-heading\">L\u2019importanza delle ricerche di mercato degli chef di alimenti e bevande nell\u2019attuale panorama aziendale<\/h2>\n\n\n\n<p>Today, food is an experience, an art, and sometimes even a movement. For this reason, the significance of understanding the world of chefs and culinary arts has never been greater \u2013 and <a href=\"https:\/\/www.sisinternational.com\/it\/soluzioni\/ricerche-di-mercato-nel-settore-delle-bevande-alimentari\/\" title=\"Ricerche di mercato nel settore alimentare e delle bevande\"  data-wpil-monitor-id=\"3634\">food and beverage chef market research<\/a> is the better tool to obtain insights into this industry. Here&#8217;s why:<\/p>\n\n\n\n<ul class=\"wp-block-list\">\n<li><strong>Aspettative e preferenze dei consumatori:<\/strong> Today&#8217;s diners are informed, adventurous, and unique culinary experiences. By delving deep into <a href=\"https:\/\/www.sisinternational.com\/it\/soluzioni\/innovazione\/ricerche-di-mercato-sul-deep-learning\/\" title=\"Ricerche di mercato sul deep learning\"  data-wpil-monitor-id=\"4772\">food and beverage chef market<\/a> research, restaurants, culinary schools, and even television producers can align their offerings with evolving consumer tastes and preferences, ensuring they remain relevant and competitive.<\/li>\n\n\n\n<li><strong>Processo decisionale strategico:<\/strong> Per le parti interessate come proprietari di ristoranti, amministratori di scuole di cucina o produttori di prodotti alimentari, decisioni come modifiche ai menu, offerte di corsi o lanci di prodotti sono significative. La ricerca di mercato degli chef di alimenti e bevande fornisce le informazioni basate sui dati necessarie per prendere decisioni informate, minimizzare i rischi e massimizzare i rendimenti.<\/li>\n\n\n\n<li><strong>Comprendere le lacune del mercato:<\/strong> Poich\u00e9 il mondo culinario \u00e8 vasto e diversificato, ci sono sempre aree di nicchia o bisogni insoddisfatti in attesa di essere scoperti. Una ricerca di mercato completa sugli chef di alimenti e bevande pu\u00f2 evidenziare queste lacune, offrendo opportunit\u00e0 per nuove iniziative imprenditoriali o diversificazione.<\/li>\n<\/ul>\n\n\n\n<h2 class=\"wp-block-heading\">Opportunit\u00e0 nelle ricerche di mercato degli chef di alimenti e bevande<\/h2>\n\n\n\n<p>La ricerca di mercato degli chef di alimenti e bevande presenta diverse opportunit\u00e0 promettenti per le aziende che desiderano analizzare questo settore \u2013 e alcune delle opportunit\u00e0 pi\u00f9 importanti sono le seguenti:<\/p>\n\n\n\n<ul class=\"wp-block-list\">\n<li><strong>Cucine e tecniche emergenti:<\/strong> Man mano che i confini culinari si dissolvono, c\u2019\u00e8 un crescente interesse per le cucine regionali, spesso meno conosciute. La ricerca di tali tendenze emergenti offre alle aziende la possibilit\u00e0 di introdurre e rendere popolari questi nuovi sapori. Inoltre, man mano che gli chef sperimentano nuove tecniche di cucina, dalla gastronomia molecolare ai metodi antichi, le aziende possono cavalcare presto queste onde.<\/li>\n\n\n\n<li><strong>Focus su salute e benessere:<\/strong> The global shift towards health and wellness means chefs are experimenting with ingredients that are nutritious without compromising on taste. Food and beverage chef market <a href=\"https:\/\/www.sisinternational.com\/it\/soluzioni\/ricerche-di-mercato-sui-prodotti-di-bellezza\/ricerche-di-mercato-sulla-cura-della-pelle-dei-superalimenti\/\" title=\"Ricerche di mercato sulla cura della pelle dei superalimenti\"  data-wpil-monitor-id=\"6519\">ricerca<\/a> in this area can reveal insights about popular superfoods, dietary needs, and how chefs incorporate these into gourmet experiences. This offers opportunities for suppliers, nutritionists, and restaurants alike.<\/li>\n\n\n\n<li><strong>Turismo culinario:<\/strong> Viaggiare oggi significa tanto assaggiare quanto vedere. Capire cosa offrono gli chef, soprattutto nelle rinomate destinazioni culinarie, pu\u00f2 aiutare le aziende di viaggio e di ospitalit\u00e0 a personalizzare pacchetti, esperienze e promozioni che si rivolgono al viaggiatore esigente.<\/li>\n\n\n\n<li><strong>Sostenibilit\u00e0 e Consumo Etico:<\/strong> Con la crescente enfasi sulla sostenibilit\u00e0, c\u2019\u00e8 l\u2019opportunit\u00e0 di ricercare e comprendere come gli chef ottengono i loro ingredienti, riducono gli sprechi e sostengono i produttori locali. Gli approfondimenti in questo ambito possono guidare le aziende ad allineare le proprie pratiche a standard etici e sostenibili, una domanda crescente tra i consumatori.<\/li>\n\n\n\n<li><strong>Esperienze culinarie personalizzate:<\/strong> Personalized dining experiences such as chef&#8217;s table events, personalized menu creation, or interactive cooking sessions are gaining traction. <a href=\"https:\/\/www.sisinternational.com\/it\/competenza\/curriculum-di-esperienza\/curriculum-di-esperienza-nel-settore-delle-bevande-fast-food\/\" title=\"Esperienza in ricerche di mercato nel settore fast food e bevande\"  data-wpil-monitor-id=\"6349\">Food and beverage chef market research<\/a> can shed light on what customers value in these experiences, offering restaurants and chefs avenues to innovate and elevate their offerings.<\/li>\n\n\n\n<li><strong>Tecnologie in evoluzione in cucina:<\/strong> Man mano che la tecnologia si fa strada in cucina, dagli elettrodomestici intelligenti ai suggerimenti di ricette basati sull\u2019intelligenza artificiale, capire come gli chef interagiscono e sfruttano queste tecnologie pu\u00f2 offrire alle aziende informazioni dettagliate sullo sviluppo e il perfezionamento dei prodotti.<\/li>\n\n\n\n<li><strong>Presenza online e sui media:<\/strong> L\u2019ascesa degli influencer degli chef, dei podcast culinari, dei canali di cucina YouTube e di altre piattaforme digitali rappresenta un\u2019opportunit\u00e0 unica. La ricerca sul comportamento online, sulle preferenze e sulle strategie di contenuto degli chef pu\u00f2 fornire una tabella di marcia per le aziende che desiderano collaborare, pubblicizzare o stabilire una presenza digitale nel mondo culinario.<\/li>\n\n\n\n<li><strong>Istituti di Educazione e Formazione:<\/strong> Con la scena culinaria in continua evoluzione, c&#039;\u00e8 una continua necessit\u00e0 per gli chef di aggiornare le proprie competenze. La ricerca di mercato degli chef di cibi e bevande pu\u00f2 identificare le lacune nelle attuali offerte formative, portando allo sviluppo di corsi o workshop specializzati in grado di soddisfare le moderne esigenze culinarie.<\/li>\n<\/ul>\n\n\n\n<h2 class=\"wp-block-heading\">Sfide nelle ricerche di mercato degli chef di alimenti e bevande<\/h2>\n\n\n\n<p>Condurre ricerche nel dinamico mondo culinario pu\u00f2 essere tanto impegnativo quanto gratificante. Ecco uno sguardo approfondito ad alcuni degli ostacoli affrontati quando si approfondisce la ricerca di mercato degli chef di alimenti e bevande:<\/p>\n\n\n\n<ul class=\"wp-block-list\">\n<li><strong>Gusti e preferenze in evoluzione:<\/strong> Il mondo culinario \u00e8 caratterizzato da gusti in rapida evoluzione, influenzati da scambi culturali, viaggi e media. Stare al passo con queste preferenze in rapida evoluzione richiede una ricerca continua e pu\u00f2 rappresentare una sfida per le aziende che cercano di rimanere al passo.<\/li>\n\n\n\n<li><strong>Soggettivit\u00e0 del gusto:<\/strong> Il cibo e il sapore sono intrinsecamente soggettivi. Ci\u00f2 che potrebbe essere piacevole per una persona potrebbe non esserlo per un\u2019altra. Questa soggettivit\u00e0 pu\u00f2 rendere difficile trarre conclusioni generali dai dati della ricerca. Trovare un equilibrio tra soddisfare i gusti popolari e introdurre sapori nuovi \u00e8 una sfida costante.<\/li>\n\n\n\n<li><strong>Panorama altamente competitivo:<\/strong> L\u2019industria alimentare, in particolare i settori guidati dagli chef, \u00e8 incredibilmente competitiva. Con numerosi chef ed esperti culinari che entrano in scena, identificare tendenze davvero innovative o proposte di vendita uniche pu\u00f2 essere scoraggiante.<\/li>\n\n\n\n<li><strong>Accesso alle informazioni autentiche:<\/strong> Gli chef, soprattutto quelli ai vertici del loro gioco, potrebbero essere protettivi nei confronti delle loro tecniche, fornitori e ingredienti segreti. Ottenere informazioni autentiche pu\u00f2 essere difficile, poich\u00e9 non tutti gli chef o le istituzioni culinarie potrebbero essere aperti a condividere informazioni approfondite.<\/li>\n\n\n\n<li><strong>Preoccupazioni economiche e ambientali:<\/strong> Con eventi globali come le recessioni economiche o le crisi ambientali, le abitudini e le preferenze di spesa dei consumatori possono cambiare. La ricerca in condizioni cos\u00ec volatili richiede un approccio articolato per prevedere le tendenze a lungo termine.<\/li>\n\n\n\n<li><strong>Tendenze di breve durata e cambiamenti di lunga durata:<\/strong> \u00c8 essenziale distinguere tra una tendenza alimentare fugace e un cambiamento pi\u00f9 profondo e duraturo nel panorama culinario. Investire tempo e risorse in mode passeggere pu\u00f2 distogliere l\u2019attenzione da cambiamenti pi\u00f9 incisivi e duraturi.<\/li>\n<\/ul>\n\n\n\n<h2 class=\"wp-block-heading\">Prospettive future per la ricerca di mercato degli chef di alimenti e bevande<\/h2>\n\n\n\n<p>Il settore alimentare e culinario ha visto cambiamenti radicali negli ultimi decenni e, sulla base delle tendenze attuali evidenziate nella ricerca di mercato degli chef di alimenti e bevande, ecco un&#039;esplorazione delle possibili direzioni future per il mercato degli chef di alimenti e bevande:<\/p>\n\n\n\n<ul class=\"wp-block-list\">\n<li><strong>Cucina fusion globale:<\/strong> Con l\u2019intensificarsi della globalizzazione, gli chef fondono sempre pi\u00f9 tecniche e ingredienti provenienti da pi\u00f9 culture. Si prevede di vedere piatti fusion ancora pi\u00f9 innovativi che riuniranno sapori provenienti da tutto il mondo.<\/li>\n\n\n\n<li><strong>Salute e benessere:<\/strong> Il movimento del benessere \u00e8 qui per restare. Gli chef probabilmente creeranno pi\u00f9 piatti che non solo siano deliziosi ma soddisfino anche varie esigenze dietetiche e problemi di salute, dalle opzioni senza glutine ai piatti pensati per la salute dell\u2019intestino.<\/li>\n\n\n\n<li><strong>Esperienze di chef dirette al consumatore:<\/strong> Con l\u2019avvento di piattaforme come Patreon o blog personali, gli chef potrebbero offrire esperienze pi\u00f9 dirette al consumatore. Ci\u00f2 potrebbe includere lezioni di cucina online, creazione di ricette su misura o contenuti culinari curati.<\/li>\n\n\n\n<li><strong>Esperienze culinarie personalizzate:<\/strong> Sfruttando l\u2019analisi dei dati e l\u2019intelligenza artificiale, gli chef potrebbero offrire esperienze culinarie pi\u00f9 personalizzate. Ci\u00f2 potrebbe variare da piatti adattati alle esigenze nutrizionali individuali a pasti che soddisfano i profili di gusto personali.<\/li>\n\n\n\n<li><strong>Revival della cucina tradizionale:<\/strong> Per quanto il futuro riguardi l\u2019innovazione, c\u2019\u00e8 anche un crescente apprezzamento per i metodi di cottura tradizionali e le ricette cimelio. Gli chef potrebbero approfondire le proprie radici culinarie, portando ricette e tecniche antiche ai commensali moderni.<\/li>\n\n\n\n<li><strong>Pranzo interattivo:<\/strong> L\u2019esperienza culinaria del futuro potrebbe essere pi\u00f9 interattiva. Ci\u00f2 potrebbe coinvolgere gli chef che interagiscono con i commensali attraverso esperienze di realt\u00e0 aumentata, display interattivi sui tavoli o persino la partecipazione dei commensali al processo di cucina.<\/li>\n<\/ul>","protected":false},"excerpt":{"rendered":"<p>Comprendere il mondo delle arti culinarie \u00e8 fondamentale. La conduzione di ricerche di mercato sugli chef di alimenti e bevande fornisce preziose informazioni sul settore.<\/p>","protected":false},"author":1,"featured_media":64706,"parent":22018,"menu_order":362,"comment_status":"closed","ping_status":"closed","template":"","meta":{"footnotes":""},"class_list":["post-43420","page","type-page","status-publish","has-post-thumbnail"],"_links":{"self":[{"href":"https:\/\/www.sisinternational.com\/it\/wp-json\/wp\/v2\/pages\/43420","targetHints":{"allow":["GET"]}}],"collection":[{"href":"https:\/\/www.sisinternational.com\/it\/wp-json\/wp\/v2\/pages"}],"about":[{"href":"https:\/\/www.sisinternational.com\/it\/wp-json\/wp\/v2\/types\/page"}],"author":[{"embeddable":true,"href":"https:\/\/www.sisinternational.com\/it\/wp-json\/wp\/v2\/users\/1"}],"replies":[{"embeddable":true,"href":"https:\/\/www.sisinternational.com\/it\/wp-json\/wp\/v2\/comments?post=43420"}],"version-history":[{"count":10,"href":"https:\/\/www.sisinternational.com\/it\/wp-json\/wp\/v2\/pages\/43420\/revisions"}],"predecessor-version":[{"id":80102,"href":"https:\/\/www.sisinternational.com\/it\/wp-json\/wp\/v2\/pages\/43420\/revisions\/80102"}],"up":[{"embeddable":true,"href":"https:\/\/www.sisinternational.com\/it\/wp-json\/wp\/v2\/pages\/22018"}],"wp:featuredmedia":[{"embeddable":true,"href":"https:\/\/www.sisinternational.com\/it\/wp-json\/wp\/v2\/media\/64706"}],"wp:attachment":[{"href":"https:\/\/www.sisinternational.com\/it\/wp-json\/wp\/v2\/media?parent=43420"}],"curies":[{"name":"wp","href":"https:\/\/api.w.org\/{rel}","templated":true}]}}