{"id":43418,"date":"2023-09-19T14:39:01","date_gmt":"2023-09-19T18:39:01","guid":{"rendered":"https:\/\/www.sisinternational.com\/?page_id=43418"},"modified":"2026-01-26T17:22:31","modified_gmt":"2026-01-26T22:22:31","slug":"ricerche-di-mercato-relative-alla-perforazione","status":"publish","type":"page","link":"https:\/\/www.sisinternational.com\/it\/competenza\/ricerche-di-mercato-relative-alla-perforazione\/","title":{"rendered":"Ricerche di mercato per la perforazione"},"content":{"rendered":"<h1 class=\"wp-block-heading\">Ricerche di mercato per la perforazione<\/h1>\n\n\n\n<figure class=\"gb-block-image gb-block-image-86dbc3c4\"><img loading=\"lazy\" decoding=\"async\" width=\"1456\" height=\"816\" class=\"gb-image gb-image-86dbc3c4\" src=\"https:\/\/www.sisinternational.com\/wp-content\/uploads\/2025\/08\/Drilling-and-Extraction-2.jpg\" alt=\"Ricerca e strategia di mercato internazionale SIS\" title=\"Drilling and Extraction (2)\" srcset=\"https:\/\/www.sisinternational.com\/wp-content\/uploads\/2025\/08\/Drilling-and-Extraction-2.jpg 1456w, https:\/\/www.sisinternational.com\/wp-content\/uploads\/2025\/08\/Drilling-and-Extraction-2-300x168.jpg 300w, https:\/\/www.sisinternational.com\/wp-content\/uploads\/2025\/08\/Drilling-and-Extraction-2-1024x574.jpg 1024w, https:\/\/www.sisinternational.com\/wp-content\/uploads\/2025\/08\/Drilling-and-Extraction-2-768x430.jpg 768w, https:\/\/www.sisinternational.com\/wp-content\/uploads\/2025\/08\/Drilling-and-Extraction-2-18x10.jpg 18w\" sizes=\"auto, (max-width: 1456px) 100vw, 1456px\"><\/figure>\n\n\n\n<p><\/p>\n\n\n\n<p>Perch\u00e9 la perforazione \u00e8 considerata una delle colonne portanti del mondo industriale moderno? Dai cantieri che modellano gli skyline delle nostre citt\u00e0 alle piattaforme petrolifere che punteggiano i nostri oceani, i processi di perforazione svolgono un ruolo chiave nel potenziare le economie, supportare le infrastrutture e promuovere i progressi tecnologici. Ecco perch\u00e9 la ricerca di mercato della perforazione mira a scoprire la natura multiforme di questo settore, i suoi principali attori e le tendenze emergenti che ne stanno definendo la traiettoria futura.<\/p>\n\n\n\n<p>Questa esplorazione completa non solo far\u00e0 luce sulle attuali dinamiche del mercato, ma aiuter\u00e0 anche le parti interessate a orientarsi nelle complessit\u00e0 in evoluzione del mondo della perforazione.<\/p>\n\n\n\n<h2 class=\"wp-block-heading\">Che cos&#039;\u00e8 la ricerca di mercato della perforazione?<\/h2>\n\n\n\n<p><a href=\"https:\/\/www.sisinternational.com\/it\/competenza\/industrie\/cosa-sono-le-attrezzature-di-perforazione-ed-estrazione\/\" title=\"Ricerche di mercato sulle attrezzature di perforazione ed estrazione\"  data-wpil-monitor-id=\"3159\">Drilling market research<\/a> is the systematic gathering, analysis, and interpretation of data related to the drilling industry. But what does this entail? This domain of research covers a broad spectrum of areas, from understanding consumer demand for drilling equipment to monitoring the global shifts in energy resources.<\/p>\n\n\n\n<p>Comprende l\u2019analisi delle tecnologie di perforazione, delle dimensioni del mercato, del potenziale di crescita, delle sfide del settore e del panorama competitivo. Le ricerche di mercato relative alla perforazione offrono una prospettiva inestimabile per gli operatori del settore, consentendo loro di prendere decisioni informate, elaborare strategie in modo efficace e rimanere in prima linea nei progressi tecnologici e operativi.<\/p>\n\n\n\n<h2 class=\"wp-block-heading\">Importanza delle ricerche di mercato della perforazione<\/h2>\n\n\n\n<p>L\u2019industria della trivellazione (sia che riguardi petrolio, gas, acqua, minerali o esplorazione) svolge un ruolo fondamentale nel panorama economico globale. Pertanto, comprendere le sfumature di questo settore diventa cruciale per le parti interessate, gli investitori e le imprese. Ecco perch\u00e9 oggi le ricerche di mercato relative alla perforazione sono di fondamentale importanza:<\/p>\n\n\n\n<p>Progressi tecnologici: il settore della perforazione \u00e8 in continua evoluzione con nuove tecnologie e metodologie. Stare al passo con queste innovazioni aiuta le aziende a rimanere competitive e a ottimizzare le proprie operazioni.<\/p>\n\n\n\n<ul class=\"wp-block-list\">\n<li><strong>Gestione delle risorse:<\/strong> Comprendere le riserve globali, la loro accessibilit\u00e0 e il potenziale rendimento \u00e8 vitale. Le ricerche di mercato relative alla perforazione forniscono informazioni su dove allocare le risorse per la massima efficienza.<\/li>\n\n\n\n<li><strong>Conformit\u00e0 normativa:<\/strong> Le operazioni di trivellazione vengono spesso esaminate per ragioni ambientali. Le ricerche di mercato forniscono informazioni sui cambiamenti normativi, consentendo alle aziende di garantire la conformit\u00e0 e anticipare i cambiamenti politici.<\/li>\n\n\n\n<li><strong>Analisi competitiva:<\/strong> Il settore della perforazione \u00e8 competitivo. Le ricerche di mercato forniscono un quadro chiaro dei principali attori, di ci\u00f2 che stanno facendo e delle opportunit\u00e0 di differenziazione o collaborazione.<\/li>\n\n\n\n<li><strong>Approfondimenti sulla sostenibilit\u00e0:<\/strong> Con una crescente enfasi sulla sostenibilit\u00e0 e sulle preoccupazioni ambientali, le aziende hanno bisogno di approfondimenti su metodi alternativi di perforazione, conservazione delle risorse e gestione dei rifiuti.<\/li>\n\n\n\n<li><strong>Indicatori economici:<\/strong> L\u2019industria della trivellazione, in particolare quella del petrolio e del gas, pu\u00f2 fungere da barometro economico. La ricerca di mercato della perforazione aiuta a comprendere la volatilit\u00e0 del mercato, le dinamiche dei prezzi e le potenziali implicazioni economiche.<\/li>\n\n\n\n<li><strong>Analisi geografica:<\/strong> Non tutte le regioni hanno lo stesso potenziale o le stesse sfide di perforazione. Pertanto, l\u2019analisi del potenziale di perforazione offre dati specifici per regione, aiutando le aziende ad adattare le proprie strategie in base alle condizioni locali.<\/li>\n<\/ul>\n\n\n\n<h2 class=\"wp-block-heading\">Principali attori nel mercato della perforazione<\/h2>\n\n\n\n<figure class=\"gb-block-image gb-block-image-b75d8d59\"><img loading=\"lazy\" decoding=\"async\" width=\"1456\" height=\"816\" class=\"gb-image gb-image-b75d8d59\" src=\"https:\/\/www.sisinternational.com\/wp-content\/uploads\/2025\/08\/Drilling-and-Extraction-4.jpg\" alt=\"Ricerca e strategia di mercato internazionale SIS\" title=\"Drilling and Extraction (4)\" srcset=\"https:\/\/www.sisinternational.com\/wp-content\/uploads\/2025\/08\/Drilling-and-Extraction-4.jpg 1456w, https:\/\/www.sisinternational.com\/wp-content\/uploads\/2025\/08\/Drilling-and-Extraction-4-300x168.jpg 300w, https:\/\/www.sisinternational.com\/wp-content\/uploads\/2025\/08\/Drilling-and-Extraction-4-1024x574.jpg 1024w, https:\/\/www.sisinternational.com\/wp-content\/uploads\/2025\/08\/Drilling-and-Extraction-4-768x430.jpg 768w, https:\/\/www.sisinternational.com\/wp-content\/uploads\/2025\/08\/Drilling-and-Extraction-4-18x10.jpg 18w\" sizes=\"auto, (max-width: 1456px) 100vw, 1456px\"><\/figure>\n\n\n\n<p><\/p>\n\n\n\n<p>Il mercato della perforazione comprende un vasto spettro di attivit\u00e0, dall\u2019esplorazione di petrolio e gas alla perforazione di pozzi geotermici e idrici. Pertanto, il settore \u00e8 costellato di diversi giganti globali, operatori di nicchia e startup emergenti. Ecco una panoramica di alcune delle aziende pi\u00f9 influenti che plasmano il panorama della trivellazione:<\/p>\n\n\n\n<ul class=\"wp-block-list\">\n<li><strong>Schlumberger:<\/strong> Riconosciuto come uno dei principali fornitori mondiali di tecnologia, perforazione, produzione e lavorazione per l&#039;industria del petrolio e del gas, Schlumberger vanta una vasta presenza globale.<\/li>\n\n\n\n<li><strong>Halliburton:<\/strong> Una potenza internazionale, Halliburton offre prodotti e servizi al settore energetico legati all&#039;esplorazione, allo sviluppo e alla produzione di petrolio e gas.<\/li>\n\n\n\n<li><strong>Baker Hughes:<\/strong> Con un&#039;eredit\u00e0 nel campo della trivellazione, Baker Hughes fornisce una gamma di servizi nei giacimenti petroliferi e nelle infrastrutture energetiche.<\/li>\n\n\n\n<li>Weatherford International: una societ\u00e0 di servizi petroliferi e di gas nota per i suoi servizi di perforazione e valutazione che vanno dai fluidi di perforazione alle punte di perforazione.<\/li>\n\n\n\n<li><strong>Transocean Ltd.:<\/strong> Attore chiave nel campo dei servizi di perforazione offshore a contratto per pozzi, Transocean vanta una notevole flotta di unit\u00e0 mobili di perforazione offshore.<\/li>\n<\/ul>\n\n\n\n<h2 class=\"wp-block-heading\">Driver e tendenze del mercato della perforazione<\/h2>\n\n\n\n<p>The drilling industry has witnessed significant evolutions over the years \u2013 and market <a href=\"https:\/\/www.sisinternational.com\/it\/competenza\/industrie\/ricerche-sul-mercato-del-trasporto-merci\/\" title=\"Ricerche di mercato nel settore delle merci: spedizioni e spedizioni\"  data-wpil-monitor-id=\"6502\">ricerca<\/a> is crucial for highlighting the trends and key drivers pushing this sector forward. The following are some major drivers and emerging trends identified through drilling market research:<\/p>\n\n\n\n<ul class=\"wp-block-list\">\n<li><strong>Aumento della domanda di energia:<\/strong> Uno dei principali fattori che spingono il mercato della perforazione \u00e8 la domanda energetica globale in continua crescita. Con l\u2019espansione delle popolazioni e lo sviluppo delle economie, la necessit\u00e0 di fonti energetiche, in particolare petrolio e gas, continua ad aumentare. Le ricerche di mercato relative alla perforazione sottolineano questa tendenza, sottolineando l\u2019importanza di attingere a nuove riserve.<\/li>\n\n\n\n<li><strong>Progressi tecnologici:<\/strong> Una delle principali tendenze identificate dalle ricerche di mercato della perforazione \u00e8 la rapida integrazione della tecnologia nelle operazioni di perforazione. Tecniche di perforazione avanzate, come la perforazione direzionale e la fratturazione idraulica, hanno rivoluzionato il settore, consentendo l\u2019accesso a riserve precedentemente irraggiungibili.<\/li>\n\n\n\n<li><strong>Passaggio all\u2019esplorazione in acque profonde e ultra profonde:<\/strong> Le ricerche di mercato relative alla perforazione rivelano un crescente interesse per l\u2019esplorazione offshore, soprattutto nelle zone di acque profonde e ultra profonde. Queste regioni offrono riserve promettenti, stimolando gli investimenti e le attivit\u00e0 di esplorazione.<\/li>\n\n\n\n<li><strong>Preoccupazioni ambientali e modifiche normative:<\/strong> Aumentare la consapevolezza sulla sostenibilit\u00e0 ambientale \u00e8 stata sia una sfida che un fattore trainante. Sebbene richieda pratiche di perforazione pi\u00f9 responsabili, offre anche opportunit\u00e0 alle aziende di innovare e adottare tecnologie pi\u00f9 ecologiche. Le ricerche di mercato relative alla perforazione evidenziano spesso il panorama normativo e le sue implicazioni sulle operazioni del settore.<\/li>\n\n\n\n<li><strong>Aumento delle energie rinnovabili:<\/strong> La tendenza globale verso le fonti energetiche rinnovabili pone sfide al tradizionale mercato della perforazione. Tuttavia, le ricerche di mercato della perforazione indicano che ci\u00f2 apre anche strade per attivit\u00e0 di perforazione legate all\u2019energia geotermica e alle soluzioni di stoccaggio dell\u2019energia.<\/li>\n\n\n\n<li><strong>Prezzi del petrolio fluttuanti:<\/strong> La volatilit\u00e0 dei prezzi del petrolio ha un forte impatto sulle attivit\u00e0 di perforazione. Pertanto, le ricerche di mercato della perforazione monitorano costantemente queste fluttuazioni dei prezzi, fornendo informazioni sui loro effetti a breve e lungo termine sul settore.<\/li>\n\n\n\n<li><strong>Emersione dell\u2019intelligenza artificiale e dell\u2019automazione:<\/strong> Le ricerche di mercato della perforazione hanno identificato la crescente adozione dell\u2019intelligenza artificiale e dell\u2019automazione nelle operazioni di perforazione. Queste tecnologie migliorano l\u2019efficienza e la sicurezza e riducono i costi operativi, rendendole una tendenza significativa nel settore della perforazione.<\/li>\n\n\n\n<li><strong>Fattori geopolitici:<\/strong> La politica globale e le relazioni internazionali influenzano in modo significativo il mercato della trivellazione, soprattutto per quanto riguarda le principali regioni produttrici di petrolio. La ricerca di mercato della perforazione approfondisce le implicazioni dei cambiamenti geopolitici, delle sanzioni e degli accordi internazionali sulle dinamiche del settore.<\/li>\n<\/ul>\n\n\n\n<h2 class=\"wp-block-heading\">Opportunit\u00e0 nelle ricerche di mercato della perforazione<\/h2>\n\n\n\n<figure class=\"gb-block-image gb-block-image-007db99d\"><img loading=\"lazy\" decoding=\"async\" width=\"1456\" height=\"816\" class=\"gb-image gb-image-007db99d\" src=\"https:\/\/www.sisinternational.com\/wp-content\/uploads\/2025\/08\/Drilling-and-Extraction-3.jpg\" alt=\"Ricerca e strategia di mercato internazionale SIS\" title=\"Drilling and Extraction (3)\" srcset=\"https:\/\/www.sisinternational.com\/wp-content\/uploads\/2025\/08\/Drilling-and-Extraction-3.jpg 1456w, https:\/\/www.sisinternational.com\/wp-content\/uploads\/2025\/08\/Drilling-and-Extraction-3-300x168.jpg 300w, https:\/\/www.sisinternational.com\/wp-content\/uploads\/2025\/08\/Drilling-and-Extraction-3-1024x574.jpg 1024w, https:\/\/www.sisinternational.com\/wp-content\/uploads\/2025\/08\/Drilling-and-Extraction-3-768x430.jpg 768w, https:\/\/www.sisinternational.com\/wp-content\/uploads\/2025\/08\/Drilling-and-Extraction-3-18x10.jpg 18w\" sizes=\"auto, (max-width: 1456px) 100vw, 1456px\"><\/figure>\n\n\n\n<p><\/p>\n\n\n\n<p>La ricerca di mercato della perforazione \u00e8 una componente chiave per comprendere il settore della perforazione. Con l\u2019evolversi del settore, ci sono abbondanti opportunit\u00e0 per aziende, ricercatori e professionisti nel campo delle ricerche di mercato della perforazione, come ad esempio:<\/p>\n\n\n\n<ul class=\"wp-block-list\">\n<li><strong>Sostenibilit\u00e0 e perforazione verde:<\/strong> Con le crescenti preoccupazioni ambientali, esiste una significativa opportunit\u00e0 per la ricerca di mercato della perforazione per comprendere e promuovere metodi di perforazione sostenibili, comprese tecniche di conservazione dell\u2019acqua e pratiche di riduzione dell\u2019impronta di carbonio.<\/li>\n\n\n\n<li><strong>Esplorazione dei mercati emergenti:<\/strong> I paesi in via di sviluppo presentano vaste riserve non sfruttate. Le ricerche di mercato relative alla perforazione possono esplorare questi territori, comprendendone la geografia, gli ambienti socio-politici e le esigenze specifiche.<\/li>\n\n\n\n<li><strong>Nuove tecnologie di perforazione:<\/strong> Con il progresso della tecnologia emergono nuovi metodi e strumenti per la perforazione. La ricerca sulla loro efficienza, sulla disponibilit\u00e0 del mercato e sulle potenziali sfide offre strade per l\u2019innovazione.<\/li>\n\n\n\n<li><strong>Potenziale energetico geotermico:<\/strong> Mentre il mondo si sposta verso le energie rinnovabili, l\u2019energia geotermica sta diventando un focus notevole. Le ricerche di mercato relative alla perforazione possono esplorare potenziali siti, esigenze tecnologiche e richieste di mercato per la produzione di energia geotermica.<\/li>\n\n\n\n<li><strong>Analisi dei dati e manutenzione predittiva:<\/strong> Con l\u2019avvento dei big data e dell\u2019intelligenza artificiale, c\u2019\u00e8 l\u2019opportunit\u00e0 di condurre ricerche di mercato per approfondire la manutenzione predittiva, capire quando le apparecchiature potrebbero guastarsi e affrontare preventivamente i problemi.<\/li>\n\n\n\n<li><strong>Prospettive di perforazione offshore in acque profonde:<\/strong> Man mano che le riserve terrestri si esauriscono, l\u2019attenzione si sposta sulle trivellazioni in acque profonde. La ricerca di mercato pu\u00f2 esplorare le sfide, le tecnologie richieste e i potenziali impatti ambientali dell\u2019esplorazione delle profondit\u00e0 marine.<\/li>\n\n\n\n<li><strong>Ottimizzazione della catena di fornitura:<\/strong> Le operazioni di trivellazione coinvolgono catene di approvvigionamento complesse. Le ricerche di mercato possono offrire spunti per ottimizzare queste catene, ridurre i costi e garantire operazioni tempestive.<\/li>\n\n\n\n<li><strong>Vie di investimento:<\/strong> Per gli investitori, le ricerche di mercato relative alla perforazione possono evidenziare potenziali aree di crescita, mercati emergenti e settori maturi per gli investimenti, aiutando a prendere decisioni informate.<\/li>\n\n\n\n<li><a href=\"https:\/\/www.sisinternational.com\/it\/competenza\/industrie\/ricerca-di-mercato-clt-test-posizione-centrale\/\" title=\"Ricerche di mercato in CLT\"  data-wpil-monitor-id=\"2840\">Market Segmentation: Detailed research<\/a> can offer insights into market segmentation, understanding the different needs, challenges, and preferences of each segment, from big corporations to smaller enterprises.<\/li>\n<\/ul>","protected":false},"excerpt":{"rendered":"<p>La ricerca di mercato della perforazione \u00e8 la raccolta, l&#039;analisi e l&#039;interpretazione sistematica dei dati relativi al settore della perforazione.<\/p>","protected":false},"author":1,"featured_media":64790,"parent":14514,"menu_order":361,"comment_status":"closed","ping_status":"closed","template":"","meta":{"footnotes":""},"class_list":["post-43418","page","type-page","status-publish","has-post-thumbnail"],"_links":{"self":[{"href":"https:\/\/www.sisinternational.com\/it\/wp-json\/wp\/v2\/pages\/43418","targetHints":{"allow":["GET"]}}],"collection":[{"href":"https:\/\/www.sisinternational.com\/it\/wp-json\/wp\/v2\/pages"}],"about":[{"href":"https:\/\/www.sisinternational.com\/it\/wp-json\/wp\/v2\/types\/page"}],"author":[{"embeddable":true,"href":"https:\/\/www.sisinternational.com\/it\/wp-json\/wp\/v2\/users\/1"}],"replies":[{"embeddable":true,"href":"https:\/\/www.sisinternational.com\/it\/wp-json\/wp\/v2\/comments?post=43418"}],"version-history":[{"count":6,"href":"https:\/\/www.sisinternational.com\/it\/wp-json\/wp\/v2\/pages\/43418\/revisions"}],"predecessor-version":[{"id":80085,"href":"https:\/\/www.sisinternational.com\/it\/wp-json\/wp\/v2\/pages\/43418\/revisions\/80085"}],"up":[{"embeddable":true,"href":"https:\/\/www.sisinternational.com\/it\/wp-json\/wp\/v2\/pages\/14514"}],"wp:featuredmedia":[{"embeddable":true,"href":"https:\/\/www.sisinternational.com\/it\/wp-json\/wp\/v2\/media\/64790"}],"wp:attachment":[{"href":"https:\/\/www.sisinternational.com\/it\/wp-json\/wp\/v2\/media?parent=43418"}],"curies":[{"name":"wp","href":"https:\/\/api.w.org\/{rel}","templated":true}]}}