{"id":43377,"date":"2023-09-03T10:44:10","date_gmt":"2023-09-03T14:44:10","guid":{"rendered":"https:\/\/www.sisinternational.com\/?page_id=43377"},"modified":"2025-10-20T17:47:55","modified_gmt":"2025-10-20T21:47:55","slug":"e-ricerche-di-mercato-sportive","status":"publish","type":"page","link":"https:\/\/www.sisinternational.com\/it\/competenza\/e-ricerche-di-mercato-sportive\/","title":{"rendered":"Ricerche di mercato sugli sport elettronici"},"content":{"rendered":"<h1 class=\"wp-block-heading\">Ricerche di mercato sugli sport elettronici<\/h1>\n\n\n\n<figure class=\"gb-block-image gb-block-image-50efb53d\"><img loading=\"lazy\" decoding=\"async\" width=\"1456\" height=\"816\" class=\"gb-image gb-image-50efb53d\" src=\"https:\/\/www.sisinternational.com\/wp-content\/uploads\/2025\/08\/esports-gaming-e-sports4.jpg\" alt=\"Ricerca e strategia di mercato internazionale SIS\" title=\"esports gaming e-sports(4)\" srcset=\"https:\/\/www.sisinternational.com\/wp-content\/uploads\/2025\/08\/esports-gaming-e-sports4.jpg 1456w, https:\/\/www.sisinternational.com\/wp-content\/uploads\/2025\/08\/esports-gaming-e-sports4-300x168.jpg 300w, https:\/\/www.sisinternational.com\/wp-content\/uploads\/2025\/08\/esports-gaming-e-sports4-1024x574.jpg 1024w, https:\/\/www.sisinternational.com\/wp-content\/uploads\/2025\/08\/esports-gaming-e-sports4-768x430.jpg 768w, https:\/\/www.sisinternational.com\/wp-content\/uploads\/2025\/08\/esports-gaming-e-sports4-18x10.jpg 18w\" sizes=\"auto, (max-width: 1456px) 100vw, 1456px\"><\/figure>\n\n\n\n<p><\/p>\n\n\n\n<p>Gli e-sport rappresentano il mondo competitivo dei videogiochi, in cui individui o squadre competono tra loro per prestigio e sostanziali premi in denaro. Negli ultimi dieci anni, il mondo degli e-sport ha subito una crescita vertiginosa, evolvendosi dal gioco casual nei salotti al riempimento degli stadi con i fan.<\/p>\n\n\n\n<p>Dietro le quinte, la ricerca di mercato degli e-sport ha svolto un ruolo chiave nell\u2019analizzare le complessit\u00e0 del settore, evidenziandone l\u2019enorme potenziale e guidando le parti interessate attraverso un labirinto di opportunit\u00e0 e sfide.<\/p>\n\n\n\n<h2 class=\"wp-block-heading\">Principali attori del mercato:<\/h2>\n\n\n\n<p>IL <a href=\"https:\/\/www.sisinternational.com\/it\/progetto-di-intelligence-competitiva-globale-della-rivista-ruth-stanat-competitive-intelligence\/\" title=\"Societ\u00e0 globale di intelligence competitiva\"  data-wpil-monitor-id=\"8389\">global E-Sports landscape is competitive<\/a> \u2013 and continuously expanding. It is not just a world of gamers; it&#8217;s a robust industry backed by multi-million dollar investments, state-of-the-art technology, and a global audience. Thus, understanding the key players and the general state of the E-Sports <a href=\"https:\/\/www.sisinternational.com\/it\/pubblicazioni\/ricerche-di-mercato-per-un-business-scalabile-7-modi-per-costruire-un-business-scalabile\/\" title=\"Ricerche di mercato per aziende scalabili: 7 modi per costruire un business scalabile\"  data-wpil-monitor-id=\"8381\">market is critical for businesses<\/a> and investors alike.<\/p>\n\n\n\n<ul class=\"wp-block-list\">\n<li><strong>Sviluppatori ed editori di giochi:<\/strong> Il fondamento degli e-sport poggia sui giochi stessi. Sviluppatori ed editori come Riot Games (League of Legends), Blizzard Entertainment (Overwatch, StarCraft) e Valve Corporation (Dot a 2, Counter-Strike) sono determinanti. I loro giochi fungono da piattaforme per la competizione e il loro supporto e aggiornamenti continui garantiscono la longevit\u00e0 e la competitivit\u00e0 delle scene degli e-sport.<\/li>\n\n\n\n<li><strong>Entit\u00e0 di streaming e trasmissione:<\/strong> Piattaforme come Twitch hanno rivoluzionato il modo in cui i fan consumano i contenuti di e-sport. Offrono trasmissioni in diretta, video on demand ed esperienze interattive, colmando il divario tra giocatori e fan.<\/li>\n\n\n\n<li><strong>Sponsor e investitori:<\/strong> Marchi come Intel, Red Bull e Coca-Cola hanno riconosciuto il valore del gruppo demografico degli e-sport e hanno investito molto. Inoltre, anche le squadre sportive tradizionali e le celebrit\u00e0 sono entrate nella mischia, apportando investimenti e colmando il divario tra gli sport tradizionali e gli e-sport.<\/li>\n<\/ul>\n\n\n\n<h2 class=\"wp-block-heading\">Vantaggi della conduzione di ricerche di mercato sugli e-sport<\/h2>\n\n\n\n<figure class=\"gb-block-image gb-block-image-20468b61\"><img loading=\"lazy\" decoding=\"async\" width=\"1456\" height=\"816\" class=\"gb-image gb-image-20468b61\" src=\"https:\/\/www.sisinternational.com\/wp-content\/uploads\/2025\/08\/esports-gaming-e-sports3.jpg\" alt=\"Ricerca e strategia di mercato internazionale SIS\" title=\"esports gaming e-sports(3)\" srcset=\"https:\/\/www.sisinternational.com\/wp-content\/uploads\/2025\/08\/esports-gaming-e-sports3.jpg 1456w, https:\/\/www.sisinternational.com\/wp-content\/uploads\/2025\/08\/esports-gaming-e-sports3-300x168.jpg 300w, https:\/\/www.sisinternational.com\/wp-content\/uploads\/2025\/08\/esports-gaming-e-sports3-1024x574.jpg 1024w, https:\/\/www.sisinternational.com\/wp-content\/uploads\/2025\/08\/esports-gaming-e-sports3-768x430.jpg 768w, https:\/\/www.sisinternational.com\/wp-content\/uploads\/2025\/08\/esports-gaming-e-sports3-18x10.jpg 18w\" sizes=\"auto, (max-width: 1456px) 100vw, 1456px\"><\/figure>\n\n\n\n<p><\/p>\n\n\n\n<p>In the world of E-Sports, trends, technologies, and audiences are constantly changing. As a result, <a href=\"https:\/\/www.sisinternational.com\/it\/sfruttare-le-percezioni-nei-mercati-b2b\/\" title=\"Ricerca di mercato delle parti interessate B2B\"  data-wpil-monitor-id=\"8378\">market research is a must for stakeholders<\/a>. Analyzing the benefits of E-Sports market research underscores its crucial role in ensuring sustainable success within this industry. Particularly, it provides:<\/p>\n\n\n\n<ul class=\"wp-block-list\">\n<li><strong>Processo decisionale informato:<\/strong> La ricerca di mercato sugli e-sport fornisce informazioni utili, consentendo ad aziende, investitori e organizzatori di prendere decisioni basate su dati piuttosto che su speculazioni.<\/li>\n\n\n\n<li><strong>Comprendere il pubblico:<\/strong> Attraverso le ricerche di mercato sugli e-sport, le parti interessate possono acquisire una conoscenza approfondita dei dati demografici, delle preferenze, delle abitudini di spesa del proprio pubblico e altro ancora.<\/li>\n\n\n\n<li><strong>Prevedere le tendenze del settore:<\/strong> Le ricerche di mercato sugli e-sport possono identificare le tendenze emergenti nel mondo degli e-sport, siano esse relative a generi di giochi popolari, regioni di interesse in aumento o nuove tecnologie come AR e VR. Stando al passo con i tempi, le parti interessate possono sfruttare le opportunit\u00e0 prima che diventino mainstream.<\/li>\n\n\n\n<li><strong>Ottimizzazione dei flussi di entrate:<\/strong> Comprendendo da dove proviene il denaro e quali strade offrono il ROI pi\u00f9 elevato, le aziende possono ottimizzare le proprie strategie di monetizzazione. Ci\u00f2 potrebbe includere il perfezionamento delle tattiche pubblicitarie, l\u2019esplorazione di nuove opportunit\u00e0 di sponsorizzazione o l\u2019investimento in vie di guadagno emergenti.<\/li>\n\n\n\n<li><strong>Rafforzare il posizionamento del marchio:<\/strong> Le ricerche di mercato sugli e-sport possono fornire informazioni su come posizionarsi per entrare in risonanza con il pubblico degli e-sport, garantendo una presenza del marchio pi\u00f9 autentica ed efficace.<\/li>\n\n\n\n<li><strong>Ciclo di feedback per il miglioramento continuo:<\/strong> La ricerca di mercato sugli e-sport non \u00e8 un esercizio una tantum. Offre feedback regolari sulle strategie precedentemente implementate, consentendo modifiche, perfezionamenti e miglioramenti basati sui risultati del mondo reale.<\/li>\n\n\n\n<li><strong>Fiducia degli stakeholder e attrazione degli investimenti:<\/strong> Dimostrare un impegno nella comprensione del mercato aumenta la fiducia tra investitori, sponsor e altre parti interessate. Indica professionalit\u00e0, lungimiranza strategica e dedizione al successo a lungo termine.<\/li>\n<\/ul>\n\n\n\n<h2 class=\"wp-block-heading\">Ricerche di mercato globali sugli e-sport: opportunit\u00e0 e sfide<\/h2>\n\n\n\n<p>La crescita del settore degli e-sport \u00e8 stata incredibile. Come in ogni settore in rapida crescita, comprenderne le complesse dinamiche \u00e8 fondamentale, rendendo la ricerca di mercato sugli e-sport uno strumento importante in grado di determinare facilmente opportunit\u00e0 e sfide uniche in questo settore.<\/p>\n\n\n\n<h3 class=\"wp-block-heading\">Opportunit\u00e0 nelle ricerche di mercato sugli e-sport:<\/h3>\n\n\n\n<figure class=\"gb-block-image gb-block-image-a9f11ab9\"><img loading=\"lazy\" decoding=\"async\" width=\"1456\" height=\"816\" class=\"gb-image gb-image-a9f11ab9\" src=\"https:\/\/www.sisinternational.com\/wp-content\/uploads\/2025\/08\/esports-gaming-e-sports1.jpg\" alt=\"Ricerca e strategia di mercato internazionale SIS\" title=\"esports gaming e-sports(1)\" srcset=\"https:\/\/www.sisinternational.com\/wp-content\/uploads\/2025\/08\/esports-gaming-e-sports1.jpg 1456w, https:\/\/www.sisinternational.com\/wp-content\/uploads\/2025\/08\/esports-gaming-e-sports1-300x168.jpg 300w, https:\/\/www.sisinternational.com\/wp-content\/uploads\/2025\/08\/esports-gaming-e-sports1-1024x574.jpg 1024w, https:\/\/www.sisinternational.com\/wp-content\/uploads\/2025\/08\/esports-gaming-e-sports1-768x430.jpg 768w, https:\/\/www.sisinternational.com\/wp-content\/uploads\/2025\/08\/esports-gaming-e-sports1-18x10.jpg 18w\" sizes=\"auto, (max-width: 1456px) 100vw, 1456px\"><\/figure>\n\n\n\n<ul class=\"wp-block-list\">\n<li><strong>Esplorazione dei mercati emergenti:<\/strong> As E-Sports&#8217; popularity surges in regions like Southeast Asia, South America, and Africa, there is an <a href=\"https:\/\/www.sisinternational.com\/it\/opportunita-e-ostacoli-del-sistema-bancario-islamico-per-il-settore-finanziario-statunitense\/\" title=\"Sistema bancario islamico: opportunit\u00e0 e ostacoli per l&#039;industria finanziaria statunitense\"  data-wpil-monitor-id=\"8372\">opportunity to study these emerging markets<\/a>, understand local preferences, and tailor strategies accordingly.<\/li>\n\n\n\n<li><strong>Strategie di monetizzazione:<\/strong> Le ricerche di mercato sugli e-sport possono portare alla luce vie di monetizzazione innovative, dagli acquisti in-game a nuovi formati pubblicitari, rivolgendosi a un pubblico esperto di digitale.<\/li>\n\n\n\n<li><strong>Profilazione del pubblico:<\/strong> Detailed audience segmentation can lead to highly targeted <a href=\"https:\/\/www.sisinternational.com\/it\/noi-veterani-delle-ricerche-di-mercato\/\" title=\"Ricerca di mercato sui veterani statunitensi\"  data-wpil-monitor-id=\"8375\">marketing and engagement strategies<\/a>. From casual viewers to die-hard fans, understanding diverse audience profiles offers tailored engagement opportunities.<\/li>\n\n\n\n<li><strong>Approfondimenti sullo sviluppo del gioco:<\/strong> Per gli sviluppatori di giochi, le ricerche di mercato sugli e-sport possono fornire approfondimenti su generi popolari, meccaniche di gioco e temi narrativi, guidando lo sviluppo di futuri titoli di successo.<\/li>\n\n\n\n<li><strong>Potenziale di partnership e collaborazione:<\/strong> Identificare potenziali sinergie con settori non legati ai giochi (come la moda o la musica) pu\u00f2 portare a collaborazioni rivoluzionarie che migliorano la visibilit\u00e0 e l\u2019attrattiva del marchio.<\/li>\n\n\n\n<li><strong>Adattamento tecnologico:<\/strong> Con l\u2019evoluzione di tecnologie come VR, AR e cloud gaming, la ricerca di mercato pu\u00f2 valutarne l\u2019accettazione e il potenziale all\u2019interno dell\u2019ecosistema degli e-sport, guidando investimenti e implementazioni.<\/li>\n<\/ul>\n\n\n\n<h3 class=\"wp-block-heading\">Sfide nelle ricerche di mercato sugli e-sport:<\/h3>\n\n\n\n<ul class=\"wp-block-list\">\n<li><strong>Segmentazione diversificata del pubblico:<\/strong> La natura globale degli e-sport implica un pubblico vasto e variegato con diverse preferenze culturali, linguistiche e di gioco. Catturare e analizzare questa diversit\u00e0 pu\u00f2 essere complesso.<\/li>\n\n\n\n<li><strong>Autenticit\u00e0 e integrit\u00e0 dei dati:<\/strong> With the proliferation of <a href=\"https:\/\/www.sisinternational.com\/it\/soluzioni\/societa-di-ricerche-di-mercato-della-comunita-online-b2b\/\" title=\"Societ\u00e0 di ricerche di mercato della comunit\u00e0 online B2B\"  data-wpil-monitor-id=\"8387\">online platforms and communities<\/a>, ensuring that data sources are reliable and free from biases becomes challenging.<\/li>\n\n\n\n<li><strong>Variabilit\u00e0 normative e geopolitiche:<\/strong> Different countries may have distinct regulations concerning online gaming, data privacy, and broadcasting rights. <a href=\"https:\/\/www.sisinternational.com\/it\/la-nuova-tecnologia-di-navigazione-globale-europea-gnss\/\" title=\"Cos&#039;\u00e8 la tecnologia di navigazione globale GNSS?\"  data-wpil-monitor-id=\"8385\">Navigating this patchwork of regulations in global<\/a> research is intricate.<\/li>\n\n\n\n<li><strong>Pregiudizi degli stakeholder:<\/strong> E-Sports, being a relatively new industry, may have stakeholders with strong biases or preconceived notions. These can <a href=\"https:\/\/www.sisinternational.com\/it\/soluzioni\/soluzioni-di-branding-e-ricerca-clienti\/ricerche-di-mercato-sugli-influencer\/\" title=\"Ricerche di mercato sugli influencer\"  data-wpil-monitor-id=\"8390\">influence the research<\/a> objectives or interpretation of findings.<\/li>\n<\/ul>\n\n\n\n<h2 class=\"wp-block-heading\">Prospettive future delle ricerche di mercato sugli e-sport<\/h2>\n\n\n\n<figure class=\"gb-block-image gb-block-image-68a1b676\"><img loading=\"lazy\" decoding=\"async\" width=\"1456\" height=\"816\" class=\"gb-image gb-image-68a1b676\" src=\"https:\/\/www.sisinternational.com\/wp-content\/uploads\/2025\/08\/esports-gaming-e-sports6.jpg\" alt=\"Ricerca e strategia di mercato internazionale SIS\" title=\"esports gaming e-sports(6)\" srcset=\"https:\/\/www.sisinternational.com\/wp-content\/uploads\/2025\/08\/esports-gaming-e-sports6.jpg 1456w, https:\/\/www.sisinternational.com\/wp-content\/uploads\/2025\/08\/esports-gaming-e-sports6-300x168.jpg 300w, https:\/\/www.sisinternational.com\/wp-content\/uploads\/2025\/08\/esports-gaming-e-sports6-1024x574.jpg 1024w, https:\/\/www.sisinternational.com\/wp-content\/uploads\/2025\/08\/esports-gaming-e-sports6-768x430.jpg 768w, https:\/\/www.sisinternational.com\/wp-content\/uploads\/2025\/08\/esports-gaming-e-sports6-18x10.jpg 18w\" sizes=\"auto, (max-width: 1456px) 100vw, 1456px\"><\/figure>\n\n\n\n<ul class=\"wp-block-list\">\n<li><strong>Emersione di nuovi giochi:<\/strong> Mentre alcuni giochi come &quot;League of Legends&quot;, &quot;Dota 2&quot; e &quot;Counter-Strike: Global Offensive&quot; hanno dominato la scena degli e-sport, i nuovi giochi aumenteranno inevitabilmente in popolarit\u00e0, presentando nuove opportunit\u00e0 e sfide per il settore.<\/li>\n\n\n\n<li><strong>Progressi tecnologici:<\/strong> Poich\u00e9 la tecnologia, in particolare in AR e VR, continua ad avanzare, potrebbero esserci cambiamenti nel modo in cui gli eSport vengono visti e giocati. Le esperienze di eSport coinvolgenti potrebbero essere la prossima frontiera.<\/li>\n\n\n\n<li><strong>Regolamenti e governance:<\/strong> Man mano che il settore cresce, cresce anche la necessit\u00e0 di strutture e governance pi\u00f9 formali. Aspettatevi di vedere regolamenti pi\u00f9 standardizzati riguardanti i contratti dei giocatori, l\u2019antidoping e le regole della concorrenza.<\/li>\n\n\n\n<li><strong>Salute e benessere:<\/strong> Man mano che cresce la consapevolezza sulla salute fisica e mentale degli atleti di eSport, ci sar\u00e0 una maggiore attenzione nel garantire il benessere dei giocatori.<\/li>\n\n\n\n<li><strong>Diritti dei media:<\/strong> Le piattaforme mediatiche tradizionali, come le reti televisive, potrebbero mostrare un crescente interesse nella trasmissione di eventi di eSport. Ci\u00f2 potrebbe far aumentare il prezzo e la concorrenza per i diritti dei media.<\/li>\n\n\n\n<li><strong>Sviluppo delle infrastrutture:<\/strong> In tutto il mondo potrebbero essere istituite arene e strutture di formazione pi\u00f9 dedicate agli eSport man mano che cresce la domanda di spazi per eventi di alta qualit\u00e0.<\/li>\n\n\n\n<li><strong>Integrazione con gli sport tradizionali:<\/strong> Potrebbe esserci un maggiore crossover e collaborazione tra gli sport tradizionali e gli eSport, portando potenzialmente a eventi o campionati ibridi.<\/li>\n<\/ul>","protected":false},"excerpt":{"rendered":"<p>Gli e-sport rappresentano il mondo competitivo dei videogiochi, in cui individui o squadre competono per prestigio e sostanziali premi monetari.<\/p>","protected":false},"author":1,"featured_media":64491,"parent":14514,"menu_order":356,"comment_status":"closed","ping_status":"closed","template":"","meta":{"footnotes":""},"class_list":["post-43377","page","type-page","status-publish","has-post-thumbnail"],"_links":{"self":[{"href":"https:\/\/www.sisinternational.com\/it\/wp-json\/wp\/v2\/pages\/43377","targetHints":{"allow":["GET"]}}],"collection":[{"href":"https:\/\/www.sisinternational.com\/it\/wp-json\/wp\/v2\/pages"}],"about":[{"href":"https:\/\/www.sisinternational.com\/it\/wp-json\/wp\/v2\/types\/page"}],"author":[{"embeddable":true,"href":"https:\/\/www.sisinternational.com\/it\/wp-json\/wp\/v2\/users\/1"}],"replies":[{"embeddable":true,"href":"https:\/\/www.sisinternational.com\/it\/wp-json\/wp\/v2\/comments?post=43377"}],"version-history":[{"count":4,"href":"https:\/\/www.sisinternational.com\/it\/wp-json\/wp\/v2\/pages\/43377\/revisions"}],"predecessor-version":[{"id":81404,"href":"https:\/\/www.sisinternational.com\/it\/wp-json\/wp\/v2\/pages\/43377\/revisions\/81404"}],"up":[{"embeddable":true,"href":"https:\/\/www.sisinternational.com\/it\/wp-json\/wp\/v2\/pages\/14514"}],"wp:featuredmedia":[{"embeddable":true,"href":"https:\/\/www.sisinternational.com\/it\/wp-json\/wp\/v2\/media\/64491"}],"wp:attachment":[{"href":"https:\/\/www.sisinternational.com\/it\/wp-json\/wp\/v2\/media?parent=43377"}],"curies":[{"name":"wp","href":"https:\/\/api.w.org\/{rel}","templated":true}]}}