{"id":43349,"date":"2023-09-02T18:17:55","date_gmt":"2023-09-02T22:17:55","guid":{"rendered":"https:\/\/www.sisinternational.com\/?page_id=43349"},"modified":"2026-03-25T01:20:42","modified_gmt":"2026-03-25T05:20:42","slug":"ricerche-di-mercato-sulle-bevande-alimentari-piccanti","status":"publish","type":"page","link":"https:\/\/www.sisinternational.com\/it\/soluzioni\/ricerche-di-mercato-nel-settore-delle-bevande-alimentari\/ricerche-di-mercato-sulle-bevande-alimentari-piccanti\/","title":{"rendered":"Ricerche di mercato su alimenti e bevande piccanti"},"content":{"rendered":"<h1 class=\"wp-block-heading\">Ricerche di mercato su alimenti e bevande piccanti<\/h1>\n\n\n\n<figure class=\"gb-block-image gb-block-image-ed57457d\"><img loading=\"lazy\" decoding=\"async\" width=\"1456\" height=\"816\" class=\"gb-image gb-image-ed57457d\" src=\"https:\/\/www.sisinternational.com\/wp-content\/uploads\/2025\/08\/Spicy-food-2.jpg\" alt=\"Ricerca e strategia di mercato internazionale SIS\" title=\"Spicy food (2)\" srcset=\"https:\/\/www.sisinternational.com\/wp-content\/uploads\/2025\/08\/Spicy-food-2.jpg 1456w, https:\/\/www.sisinternational.com\/wp-content\/uploads\/2025\/08\/Spicy-food-2-300x168.jpg 300w, https:\/\/www.sisinternational.com\/wp-content\/uploads\/2025\/08\/Spicy-food-2-1024x574.jpg 1024w, https:\/\/www.sisinternational.com\/wp-content\/uploads\/2025\/08\/Spicy-food-2-768x430.jpg 768w, https:\/\/www.sisinternational.com\/wp-content\/uploads\/2025\/08\/Spicy-food-2-18x10.jpg 18w\" sizes=\"auto, (max-width: 1456px) 100vw, 1456px\"><\/figure>\n\n\n\n<p><\/p>\n\n\n\n<p>I cibi piccanti hanno affascinato i palati di innumerevoli persone di varie culture e per molti sono diventati un&#039;avventura gastronomica. Ora, mentre le comunit\u00e0 globali di viaggi e tecnologia fanno da ponte, si registra un notevole aumento della domanda di delizie culinarie piccanti in tutto il mondo.<\/p>\n\n\n\n<p>Poich\u00e9 l\u2019importanza degli alimenti piccanti \u00e8 in aumento, anche le ricerche di mercato su cibi e bevande piccanti sono in aumento. Pertanto, l\u2019approfondimento delle dinamiche di questo regno piccante svela le preferenze dei consumatori, evidenzia potenziali percorsi di crescita e mitiga i rischi, oltre a molti altri vantaggi.<\/p>\n\n\n\n<h2 class=\"wp-block-heading\">Vantaggi della ricerca di mercato su alimenti e bevande piccanti<\/h2>\n\n\n\n<p>Spicy <a href=\"https:\/\/www.sisinternational.com\/it\/competenza\/industrie\/ricerche-di-mercato-sulle-bevande-alimentari-per-la-cena\/\" title=\"Ricerche di mercato su alimenti e bevande per la cena\"  data-wpil-monitor-id=\"7160\">food and beverage market research<\/a> offers profound insights for various stakeholders in the food industry. Here are some of the most important benefits:<\/p>\n\n\n\n<ul class=\"wp-block-list\">\n<li><strong>Comprendere le preferenze dei consumatori:<\/strong> Spicy food and <a href=\"https:\/\/www.sisinternational.com\/it\/soluzioni\/ricerche-di-mercato-nel-settore-delle-bevande-alimentari\/ricerche-di-mercato-sulle-bevande-pronte-da-bere\/\" title=\"Ricerche di mercato sulle bevande pronte da bere (RTD).\"  data-wpil-monitor-id=\"11493\">ricerche di mercato sulle bevande<\/a> helps ascertain consumer preferences, from the type of spices they enjoy to the level of heat they can tolerate. This knowledge aids in tailoring products to fit consumer tastes more precisely.<\/li>\n\n\n\n<li><strong>Identifying <\/strong><a href=\"https:\/\/www.sisinternational.com\/it\/competenza\/industrie\/ricerche-di-mercato-sugli-alimenti-surgelati\/\" title=\"Ricerche di mercato sugli alimenti surgelati\"  data-wpil-monitor-id=\"10248\">Market Opportunities: The spicy food<\/a> market is vast. Through research, businesses can pinpoint gaps in the market, uncovering opportunities for new products, flavors \u2013 or even entire cuisines that might be underrepresented.<\/li>\n\n\n\n<li><strong>Mitigazione del rischio:<\/strong> Comprendere il mercato attraverso ricerche di mercato su alimenti e bevande piccanti pu\u00f2 ridurre al minimo le possibilit\u00e0 di fallimento di un prodotto garantendo che sia in linea con le richieste e le preferenze dei consumatori.<\/li>\n\n\n\n<li><strong>Comprendere le sfumature culturali:<\/strong> Il cibo piccante \u00e8 profondamente radicato nelle tradizioni culturali. Le ricerche di mercato su alimenti e bevande piccanti aiutano le aziende a comprendere queste sfumature, garantendo che i prodotti siano culturalmente sensibili e siano in sintonia con i dati demografici target.<\/li>\n\n\n\n<li><strong>Incrementare le vendite e la redditivit\u00e0:<\/strong> By understanding what <a href=\"https:\/\/www.sisinternational.com\/it\/analisi-della-soddisfazione-del-cliente\/\" title=\"8 modi per aumentare la soddisfazione del cliente nel commercio al dettaglio\"  data-wpil-monitor-id=\"10246\">consumers<\/a> want and aligning products accordingly, businesses can optimize sales strategies, potentially leading to increased profitability.<\/li>\n\n\n\n<li><strong>Migliorare la fedelt\u00e0 al marchio:<\/strong> Rispondendo alle specifiche preferenze dei consumatori in materia di cibi piccanti, i marchi possono favorire una base di clienti fedeli che apprezza la loro attenzione ai dettagli e all&#039;autenticit\u00e0.<\/li>\n\n\n\n<li><strong>Marketing e Promozione Guidati:<\/strong> La ricerca di mercato su alimenti e bevande piccanti fornisce approfondimenti sui migliori canali e strategie per promuovere prodotti alimentari piccanti, garantendo che i budget di marketing vengano utilizzati in modo efficace.<\/li>\n\n\n\n<li><a href=\"https:\/\/www.sisinternational.com\/it\/soluzioni\/ricerca-di-consulenza-strategica-fintech\/ricerche-di-mercato-relative-al-finanziamento-della-supply-chain\/\" title=\"Ricerche di mercato sulla finanza della catena di fornitura\"  data-wpil-monitor-id=\"10247\">Supply Chain Optimization: Research<\/a> can highlight where the most sought-after spicy ingredients are sourced and help businesses optimize their supply chains accordingly, ensuring consistent quality and timely delivery.<\/li>\n\n\n\n<li><strong>Approfondimenti su salute e benessere:<\/strong> Con il crescente interesse per i benefici per la salute degli alimenti piccanti, le ricerche di mercato sugli alimenti e sulle bevande piccanti forniscono informazioni sulla consapevolezza e sulle preferenze dei consumatori in quest\u2019area, guidando lo sviluppo di prodotti in linea con le tendenze del benessere.<\/li>\n\n\n\n<li><strong>Analisi competitiva:<\/strong> Le ricerche di mercato su alimenti e bevande piccanti offrono approfondimenti su ci\u00f2 che stanno facendo i concorrenti, consentendo alle aziende di identificare le loro proposte di vendita uniche e differenziarsi sul mercato.<\/li>\n<\/ul>\n\n\n\n<h2 class=\"wp-block-heading\">Opportunit\u00e0 attuali nelle ricerche di mercato su alimenti e bevande piccanti<\/h2>\n\n\n\n<figure class=\"gb-block-image gb-block-image-99f7de00\"><img loading=\"lazy\" decoding=\"async\" width=\"1456\" height=\"816\" class=\"gb-image gb-image-99f7de00\" src=\"https:\/\/www.sisinternational.com\/wp-content\/uploads\/2025\/08\/Spicy-food-12.jpg\" alt=\"Ricerca e strategia di mercato internazionale SIS\" title=\"Spicy food (12)\" srcset=\"https:\/\/www.sisinternational.com\/wp-content\/uploads\/2025\/08\/Spicy-food-12.jpg 1456w, https:\/\/www.sisinternational.com\/wp-content\/uploads\/2025\/08\/Spicy-food-12-300x168.jpg 300w, https:\/\/www.sisinternational.com\/wp-content\/uploads\/2025\/08\/Spicy-food-12-1024x574.jpg 1024w, https:\/\/www.sisinternational.com\/wp-content\/uploads\/2025\/08\/Spicy-food-12-768x430.jpg 768w, https:\/\/www.sisinternational.com\/wp-content\/uploads\/2025\/08\/Spicy-food-12-18x10.jpg 18w\" sizes=\"auto, (max-width: 1456px) 100vw, 1456px\"><\/figure>\n\n\n\n<p>Poich\u00e9 la domanda globale di cibi piccanti continua a crescere, ci sono numerose opportunit\u00e0 nelle ricerche di mercato su cibi e bevande piccanti sia per le aziende che per i ricercatori. Ecco uno sguardo pi\u00f9 attento:<\/p>\n\n\n\n<ul class=\"wp-block-list\">\n<li><strong>Tendenza Salute e Benessere:<\/strong> The potential health benefits of capsaicin and other compounds found in spicy foods, such as metabolism-boosting properties and anti-inflammatory effects, can be further <a href=\"https:\/\/www.sisinternational.com\/it\/competenza\/industrie\/ricerca-sul-prodotto\/\" title=\"Ricerca sul prodotto\"  data-wpil-monitor-id=\"10251\">researched and leveraged for new product<\/a> development.<\/li>\n\n\n\n<li><strong>Prodotti specializzati:<\/strong> From extra-hot sauces to spice-infused snacks, there is a niche market for specialized <a href=\"https:\/\/www.sisinternational.com\/it\/competenza\/industrie\/ricerca-di-mercato-sulla-mappa-termica\/\" title=\"Ricerche di mercato sulla mappa termica\"  data-wpil-monitor-id=\"7667\">spicy<\/a> products tailored for heat enthusiasts.<\/li>\n\n\n\n<li><strong>Cucine fusion:<\/strong> As global barriers diminish, fusion cuisines that blend the spicy flavors of two or more cultures are gaining traction. Researching these fusion trends can lead to <a href=\"https:\/\/www.sisinternational.com\/it\/sis-lancia-nuove-soluzioni-di-ricerca-digitale\/\" title=\"SIS lancia nuove soluzioni di Ricerca Digitale\"  data-wpil-monitor-id=\"10245\">innovative<\/a> and unique product lines.<\/li>\n\n\n\n<li><strong>Approvvigionamento ecologico e sostenibile:<\/strong> Man mano che i consumatori diventano pi\u00f9 consapevoli della sostenibilit\u00e0, c\u2019\u00e8 una crescente domanda di ingredienti piccanti di provenienza etica. Le ricerche di mercato su alimenti e bevande piccanti possono identificare queste richieste e guidare le aziende nelle pratiche di approvvigionamento e marketing.<\/li>\n\n\n\n<li><strong>Esperienze gastronomiche piccanti personalizzate:<\/strong> Con l\u2019avvento dell\u2019intelligenza artificiale e dell\u2019analisi dei dati, esiste il potenziale per offrire esperienze alimentari piccanti personalizzate, come miscele di spezie personalizzate in base alle preferenze individuali.<\/li>\n\n\n\n<li><strong>Alimenti piccanti proteici alternativi e a base vegetale:<\/strong> With the rise of vegetarianism and veganism, there is an opportunity to <a href=\"https:\/\/www.sisinternational.com\/it\/claim-research-for-food-and-beverage-taste-tests-validating-your-product-claims\/\" title=\"Claim Research for Food and Beverage Taste Tests: Validating Your Product Claims\"  data-wpil-monitor-id=\"10249\">research and develop spicy food products<\/a> that align with these dietary choices.<\/li>\n\n\n\n<li><strong>Turismo Educativo e Gastronomico:<\/strong> Gli appassionati di cibo piccante spesso cercano esperienze autentiche. C&#039;\u00e8 un&#039;opportunit\u00e0 per tour culinari, laboratori e piattaforme educative dedicate ai cibi piccanti.<\/li>\n\n\n\n<li><strong>Piattaforme e App Digitali:<\/strong> Dalle piattaforme di ricette di cibi piccanti alle app che valutano e recensiscono i piatti piccanti nei ristoranti, il mondo digitale offre numerose opportunit\u00e0 per gli appassionati di cibi piccanti.<\/li>\n<\/ul>\n\n\n\n<h2 class=\"wp-block-heading\">Sfide nella ricerca di mercato di alimenti e bevande piccanti<\/h2>\n\n\n\n<p>Understanding spicy <a href=\"https:\/\/www.sisinternational.com\/it\/soluzioni\/ricerche-di-mercato-nel-settore-delle-bevande-alimentari\/\" title=\"Ricerche di mercato nel settore alimentare e delle bevande\"  data-wpil-monitor-id=\"10250\">food industry<\/a> challenges can help stakeholders prepare adequately and ensure that research efforts yield meaningful insights. Here&#8217;s an exploration of some significant challenges:<\/p>\n\n\n\n<ul class=\"wp-block-list\">\n<li><strong>Palato vario e tolleranza al calore:<\/strong> Individui e culture diverse hanno tolleranze diverse al piccante. Quantificare e classificare queste differenze pu\u00f2 essere difficile, soprattutto quando si punta a un prodotto con un ampio appeal.<\/li>\n\n\n\n<li><strong>Standardizzazione della &#039;piccantezza&#039;:<\/strong> Misurare il livello di piccantezza in modo standardizzato tra prodotti e cucine \u00e8 difficile. Sebbene esistano misure come le Scoville Heat Units (SHU) per i peperoncini, non tutti i cibi e gli ingredienti piccanti rientrano perfettamente in tali scale.<\/li>\n\n\n\n<li><strong>Problemi della catena di fornitura:<\/strong> L\u2019approvvigionamento coerente di ingredienti piccanti autentici e di qualit\u00e0 pu\u00f2 essere difficile, soprattutto con fattori come variazioni stagionali e questioni geopolitiche che influiscono sulla disponibilit\u00e0.<\/li>\n\n\n\n<li><strong>Sfide normative ed etichettatura:<\/strong> Diverse regioni hanno normative diverse in materia di etichettatura degli alimenti, soprattutto quando si tratta di indicazioni sui benefici per la salute o sui livelli di spezie. Orientarsi tra queste normative pu\u00f2 essere complesso.<\/li>\n\n\n\n<li><strong>Concorrenza e saturazione del mercato:<\/strong> As the popularity of spicy foods grows, so does the number of competitors. Differentiating a <a href=\"https:\/\/www.sisinternational.com\/it\/competenza\/curriculum-di-esperienza\/ricerche-di-mercato-sui-prodotti-per-la-cura-personale\/\" title=\"Ricerche di mercato sui prodotti per la cura personale\"  data-wpil-monitor-id=\"10252\">product in a crowded market<\/a> and identifying unique selling points becomes challenging.<\/li>\n\n\n\n<li><strong>Tendenze salutistiche e dietetiche in evoluzione:<\/strong> Con la diffusione di tendenze come il veganismo, la cheto o le diete prive di glutine, i prodotti alimentari e i piatti piccanti devono adattarsi, richiedendo una ricerca continua e lo sviluppo del prodotto.<\/li>\n<\/ul>\n\n\n\n<h2 class=\"wp-block-heading\">Ricerca di mercato su alimenti e bevande piccanti: principali peperoncini per alimenti piccanti<\/h2>\n\n\n\n<figure class=\"gb-block-image gb-block-image-e5a820aa\"><img loading=\"lazy\" decoding=\"async\" width=\"1456\" height=\"816\" class=\"gb-image gb-image-e5a820aa\" src=\"https:\/\/www.sisinternational.com\/wp-content\/uploads\/2025\/08\/Spicy-food-6.jpg\" alt=\"Ricerca e strategia di mercato internazionale SIS\" title=\"Spicy food (6)\" srcset=\"https:\/\/www.sisinternational.com\/wp-content\/uploads\/2025\/08\/Spicy-food-6.jpg 1456w, https:\/\/www.sisinternational.com\/wp-content\/uploads\/2025\/08\/Spicy-food-6-300x168.jpg 300w, https:\/\/www.sisinternational.com\/wp-content\/uploads\/2025\/08\/Spicy-food-6-1024x574.jpg 1024w, https:\/\/www.sisinternational.com\/wp-content\/uploads\/2025\/08\/Spicy-food-6-768x430.jpg 768w, https:\/\/www.sisinternational.com\/wp-content\/uploads\/2025\/08\/Spicy-food-6-18x10.jpg 18w\" sizes=\"auto, (max-width: 1456px) 100vw, 1456px\"><\/figure>\n\n\n\n<p><\/p>\n\n\n\n<p>Quando si addentrano nel mercato degli alimenti piccanti, le aziende non possono trascurare la pietra angolare di questa nicchia culinaria: i peperoncini. Comprendere i diversi tipi di peperoncini che dominano il mercato \u00e8 fondamentale per qualsiasi azienda che cerca di lasciare il segno nel mondo dei cibi piccanti.<\/p>\n\n\n\n<p>Dai livelli di piccantezza alle preferenze regionali, i peperoncini svolgono un ruolo cruciale nel plasmare le scelte e le preferenze dei consumatori. Di seguito sono riportati alcuni dei principali peperoncini che sono determinanti nell&#039;industria alimentare piccante:<\/p>\n\n\n\n<ul class=\"wp-block-list\">\n<li><strong>Habanero:<\/strong> Conosciuto per il suo calore ardente e il sapore fruttato, il peperoncino Habanero \u00e8 uno dei preferiti tra coloro che amano i cibi estremamente piccanti. Originario dei Caraibi, questo peperoncino ha trovato la sua strada in varie cucine di tutto il mondo, soprattutto nelle salse piccanti e nelle marinate.<\/li>\n\n\n\n<li><strong>Poblano:<\/strong> Sul lato pi\u00f9 mite dello spettro del calore, il peperoncino Poblano offre un sapore ricco e terroso senza sopraffare il palato. Comunemente utilizzato nella cucina messicana, \u00e8 spesso ripieno o arrosto ed \u00e8 un alimento base in piatti come i Chiles Rellenos.<\/li>\n\n\n\n<li><strong>Jalapeno:<\/strong> Popolari nella cucina nordamericana e messicana, i peperoncini Jalape\u00f1o offrono un calore moderato e una consistenza croccante. Sono versatili e compaiono in qualsiasi cosa, dalla salsa ai popper e persino nella forma affumicata, nota come Chipotle.<\/li>\n\n\n\n<li><strong>Peperoncino di Cayenna:<\/strong> Spesso macinati in polvere, i peperoncini di Cayenna sono un alimento base in varie miscele di spezie e sono ampiamente utilizzati in molteplici cucine. Il loro livello di calore \u00e8 da moderato ad alto, rendendoli adatti a una vasta gamma di piatti piccanti.<\/li>\n\n\n\n<li><strong>Berretto scozzese:<\/strong> Simile all&#039;Habanero ma dal sapore pi\u00f9 dolce, lo Scotch Bonnet \u00e8 molto utilizzato nei piatti caraibici.<\/li>\n\n\n\n<li><strong>Pepe fantasma:<\/strong> Originario dell&#039;India, il Ghost Pepper \u00e8 uno dei peperoncini pi\u00f9 piccanti al mondo. Viene usato con parsimonia ma ha guadagnato un seguito di culto tra gli appassionati del caldo estremo, in particolare nel regno delle salse piccanti e delle sfide piccanti.<\/li>\n\n\n\n<li><strong>Anaheim:<\/strong> Prende il nome dalla citt\u00e0 della California, questo peperoncino delicato \u00e8 spesso utilizzato nella cucina del sud-ovest americano. \u00c8 eccellente per arrostire e si trova comunemente nel peperoncino verde e in altri piatti simili allo stufato.<\/li>\n<\/ul>","protected":false},"excerpt":{"rendered":"<p>Le spezie conquistano i palati di tutto il mondo. Le ricerche di mercato di Alimenti e bevande piccanti aiutano a identificare le preferenze, le prospettive e i rischi dei consumatori.<\/p>","protected":false},"author":1,"featured_media":63879,"parent":22018,"menu_order":355,"comment_status":"closed","ping_status":"closed","template":"","meta":{"footnotes":""},"class_list":["post-43349","page","type-page","status-publish","has-post-thumbnail"],"_links":{"self":[{"href":"https:\/\/www.sisinternational.com\/it\/wp-json\/wp\/v2\/pages\/43349","targetHints":{"allow":["GET"]}}],"collection":[{"href":"https:\/\/www.sisinternational.com\/it\/wp-json\/wp\/v2\/pages"}],"about":[{"href":"https:\/\/www.sisinternational.com\/it\/wp-json\/wp\/v2\/types\/page"}],"author":[{"embeddable":true,"href":"https:\/\/www.sisinternational.com\/it\/wp-json\/wp\/v2\/users\/1"}],"replies":[{"embeddable":true,"href":"https:\/\/www.sisinternational.com\/it\/wp-json\/wp\/v2\/comments?post=43349"}],"version-history":[{"count":8,"href":"https:\/\/www.sisinternational.com\/it\/wp-json\/wp\/v2\/pages\/43349\/revisions"}],"predecessor-version":[{"id":85101,"href":"https:\/\/www.sisinternational.com\/it\/wp-json\/wp\/v2\/pages\/43349\/revisions\/85101"}],"up":[{"embeddable":true,"href":"https:\/\/www.sisinternational.com\/it\/wp-json\/wp\/v2\/pages\/22018"}],"wp:featuredmedia":[{"embeddable":true,"href":"https:\/\/www.sisinternational.com\/it\/wp-json\/wp\/v2\/media\/63879"}],"wp:attachment":[{"href":"https:\/\/www.sisinternational.com\/it\/wp-json\/wp\/v2\/media?parent=43349"}],"curies":[{"name":"wp","href":"https:\/\/api.w.org\/{rel}","templated":true}]}}