{"id":43346,"date":"2023-09-02T18:03:44","date_gmt":"2023-09-02T22:03:44","guid":{"rendered":"https:\/\/www.sisinternational.com\/?page_id=43346"},"modified":"2026-01-27T15:22:04","modified_gmt":"2026-01-27T20:22:04","slug":"campionamento-di-ricerche-di-mercato","status":"publish","type":"page","link":"https:\/\/www.sisinternational.com\/it\/competenza\/campionamento-di-ricerche-di-mercato\/","title":{"rendered":"Campionamento di ricerche di mercato"},"content":{"rendered":"<h1 class=\"wp-block-heading\">Campionamento di ricerche di mercato<\/h1>\n\n\n\n<figure class=\"gb-block-image gb-block-image-c2038f84\"><img loading=\"lazy\" decoding=\"async\" width=\"1456\" height=\"816\" class=\"gb-image gb-image-c2038f84\" src=\"https:\/\/www.sisinternational.com\/wp-content\/uploads\/2025\/09\/Quantitative-research-1d4-2.jpg\" alt=\"Ricerca e strategia di mercato internazionale SIS\" title=\"Quantitative research (1d4) (2)\" srcset=\"https:\/\/www.sisinternational.com\/wp-content\/uploads\/2025\/09\/Quantitative-research-1d4-2.jpg 1456w, https:\/\/www.sisinternational.com\/wp-content\/uploads\/2025\/09\/Quantitative-research-1d4-2-300x168.jpg 300w, https:\/\/www.sisinternational.com\/wp-content\/uploads\/2025\/09\/Quantitative-research-1d4-2-1024x574.jpg 1024w, https:\/\/www.sisinternational.com\/wp-content\/uploads\/2025\/09\/Quantitative-research-1d4-2-768x430.jpg 768w, https:\/\/www.sisinternational.com\/wp-content\/uploads\/2025\/09\/Quantitative-research-1d4-2-18x10.jpg 18w\" sizes=\"auto, (max-width: 1456px) 100vw, 1456px\"><\/figure>\n\n\n\n<p><\/p>\n\n\n\n<p>Nelle ricerche di mercato, comprendere vaste popolazioni \u00e8 un compito complesso. La sfida non sta solo nel raccogliere dati, ma nel garantire che i dati riflettano accuratamente i comportamenti, le preferenze e i sentimenti di un target demografico. Qui sta l\u2019importanza di campionare le ricerche di mercato.<\/p>\n\n\n\n<p>La ricerca di mercato campionaria, come suggerisce la parola chiave, ruota attorno alla meticolosa selezione di un gruppo specifico (o campione) da una popolazione pi\u00f9 ampia, garantendo che questo gruppo rispecchi l\u2019insieme pi\u00f9 ampio nelle sue caratteristiche. Studiando questo campione, i ricercatori possono trarre conclusioni e approfondimenti sulla popolazione pi\u00f9 ampia, rendendo il processo di ricerca pi\u00f9 fattibile, efficiente ed economicamente vantaggioso.<\/p>\n\n\n\n<h2 class=\"wp-block-heading\">Comprendere le ricerche di mercato campionarie<\/h2>\n\n\n\n<p>The primary <a href=\"https:\/\/www.sisinternational.com\/it\/soluzioni\/ai-ricerche-di-mercato-e-consulenza-strategica\/rilevamento-di-oggetti-e-ricerche-di-mercato\/\" title=\"Ricerche di mercato sull&#039;intelligenza artificiale per il rilevamento di oggetti\"  data-wpil-monitor-id=\"7306\">objective of sampling market research<\/a> ensures that this sample is representative of the broader group in terms of key characteristics and behaviors.<\/p>\n\n\n\n<p>Poich\u00e9 \u00e8 fisicamente impossibile o proibitivamente costoso raggiungere ogni individuo in una vasta popolazione, il campionamento fornisce un modo gestibile per raccogliere dati \u2013 e un campione ben scelto pu\u00f2 fornire risultati accurati quanto lo studio dell\u2019intera popolazione.<\/p>\n\n\n\n<p>Il campionamento consente inoltre ai ricercatori di ottenere risultati pi\u00f9 rapidamente. Questa velocit\u00e0 pu\u00f2 essere cruciale per progetti urgenti o per mercati in rapida evoluzione. Uno dei principi fondamentali del campionamento delle ricerche di mercato \u00e8 garantire che il campione selezionato sia rappresentativo. Se un campione non riflette accuratamente la composizione pi\u00f9 ampia della popolazione, qualsiasi conclusione tratta potrebbe essere fuorviante.<\/p>\n\n\n\n<h2 class=\"wp-block-heading\">Vantaggi della ricerca di mercato campionaria<\/h2>\n\n\n\n<figure class=\"gb-block-image gb-block-image-d1b1a4f5\"><img loading=\"lazy\" decoding=\"async\" width=\"1456\" height=\"816\" class=\"gb-image gb-image-d1b1a4f5\" src=\"https:\/\/www.sisinternational.com\/wp-content\/uploads\/2025\/09\/Quantitative-research-22.jpg\" alt=\"Ricerca e strategia di mercato internazionale SIS\" title=\"Quantitative research (22)\" srcset=\"https:\/\/www.sisinternational.com\/wp-content\/uploads\/2025\/09\/Quantitative-research-22.jpg 1456w, https:\/\/www.sisinternational.com\/wp-content\/uploads\/2025\/09\/Quantitative-research-22-300x168.jpg 300w, https:\/\/www.sisinternational.com\/wp-content\/uploads\/2025\/09\/Quantitative-research-22-1024x574.jpg 1024w, https:\/\/www.sisinternational.com\/wp-content\/uploads\/2025\/09\/Quantitative-research-22-768x430.jpg 768w, https:\/\/www.sisinternational.com\/wp-content\/uploads\/2025\/09\/Quantitative-research-22-18x10.jpg 18w\" sizes=\"auto, (max-width: 1456px) 100vw, 1456px\"><\/figure>\n\n\n\n<p><\/p>\n\n\n\n<p>Il campionamento delle ricerche di mercato ha consolidato la sua posizione come pietra angolare nel campo delle ricerche di mercato offrendo un metodo snello ed efficiente di raccolta dati senza compromettere l&#039;accuratezza. Ecco i principali vantaggi:<\/p>\n\n\n\n<ul class=\"wp-block-list\">\n<li><strong>Efficienza in termini di costi:<\/strong> Condurre la ricerca su un campione piuttosto che su un\u2019intera popolazione riduce significativamente i costi. Dalla manodopera alle risorse, i risparmi finanziari sono sostanziali, il che lo rende particolarmente interessante per le aziende con vincoli di budget.<\/li>\n\n\n\n<li><strong>Gestibilit\u00e0:<\/strong> La gestione dei dati da un gruppo pi\u00f9 piccolo \u00e8 pi\u00f9 gestibile, rendendo il processo di analisi e interpretazione dei dati pi\u00f9 semplice. Ci\u00f2 consente una comprensione pi\u00f9 mirata e sfumata dei dati.<\/li>\n\n\n\n<li><strong>Flessibilit\u00e0:<\/strong> Il campionamento offre ai ricercatori flessibilit\u00e0 nel loro approccio. Possono adattare i loro metodi in base alla dimensione del campione, al tipo di tecnica di campionamento utilizzata o alle esigenze specifiche del progetto.<\/li>\n\n\n\n<li><strong>Accessibilit\u00e0:<\/strong> Alcune popolazioni o gruppi demografici potrebbero essere difficili da raggiungere nella loro interezza. Il campionamento fornisce un modo per accedere a uno spaccato di tali gruppi, garantendo la loro rappresentazione nella ricerca.<\/li>\n\n\n\n<li><strong>Consente una ricerca approfondita:<\/strong> Con meno intervistati con cui interagire, i ricercatori possono approfondire questioni specifiche, porre domande pi\u00f9 dettagliate e trascorrere pi\u00f9 tempo con ciascun partecipante. Questa profondit\u00e0 pu\u00f2 fornire approfondimenti pi\u00f9 ricchi rispetto a una ricerca pi\u00f9 ampia.<\/li>\n\n\n\n<li><strong>Ridotta mancata risposta:<\/strong> Un campione pi\u00f9 piccolo e ben selezionato potrebbe produrre tassi di risposta pi\u00f9 elevati rispetto a sondaggi pi\u00f9 ampi. Livelli di coinvolgimento pi\u00f9 elevati possono portare a dati pi\u00f9 completi e affidabili.<\/li>\n<\/ul>\n\n\n\n<h2 class=\"wp-block-heading\">Sfide nelle ricerche di mercato campionarie<\/h2>\n\n\n\n<p>While sampling market research offers many advantages, it is not without its challenges. When not executed carefully, sampling can lead to misleading results. Here&#8217;s an overview of the potential challenges in <a href=\"https:\/\/www.sisinternational.com\/it\/copertura\/ricerche-di-mercato-africane\/ricerche-di-mercato-in-mauritania-africa\/\" title=\"Ricerche di mercato in Mauritania, Africa: una panoramica\"  data-wpil-monitor-id=\"5290\">campionamento di ricerche di mercato<\/a>:<\/p>\n\n\n\n<ul class=\"wp-block-list\">\n<li><strong>Distorsione del campione:<\/strong> Una delle sfide pi\u00f9 significative nel campionamento \u00e8 garantire che il campione sia realmente rappresentativo della popolazione pi\u00f9 ampia. Qualsiasi deviazione pu\u00f2 portare a risultati distorti, rendendo i risultati inaffidabili o fuorvianti.<\/li>\n\n\n\n<li><strong>Determinare la giusta dimensione del campione:<\/strong> Un campione troppo piccolo potrebbe non cogliere la diversit\u00e0 e le sfumature di una popolazione, mentre un campione eccessivamente ampio potrebbe non essere necessario e dispendioso in termini di risorse.<\/li>\n\n\n\n<li><strong>Bias da mancata risposta:<\/strong> Non tutti quelli scelti per un campione potrebbero rispondere a un sondaggio o partecipare a una ricerca. Se i non intervistati differiscono significativamente nelle caratteristiche degli intervistati, i risultati possono essere distorti.<\/li>\n\n\n\n<li><strong>Ipergeneralizzazione:<\/strong> Esiste il rischio di estrapolare i dati del campione per una popolazione pi\u00f9 ampia senza considerare le potenziali variazioni o sfumature.<\/li>\n\n\n\n<li><strong>Ostacoli logistici:<\/strong> A seconda del metodo di campionamento utilizzato, potrebbero esserci sfide logistiche come raggiungere partecipanti remoti o garantire una selezione randomizzata nel lavoro sul campo.<\/li>\n\n\n\n<li><strong>Superamento dei costi:<\/strong> Sebbene il campionamento sia generalmente conveniente, una pianificazione inadeguata o sfide impreviste possono portare a un aumento dei costi oltre il budget.<\/li>\n\n\n\n<li><strong>Cambiamenti temporali:<\/strong> Se negli studi longitudinali c&#039;\u00e8 un intervallo di tempo significativo tra le fasi di raccolta dei dati, i cambiamenti nel tempo potrebbero influenzare la rappresentativit\u00e0 del campione.<\/li>\n\n\n\n<li><strong>Qualit\u00e0 dei dati:<\/strong> Con un campione pi\u00f9 piccolo, la qualit\u00e0 dei dati raccolti da ciascun intervistato diventa ancora pi\u00f9 critica. Risposte imprecise o di bassa qualit\u00e0 possono influenzare significativamente i risultati.<\/li>\n\n\n\n<li><strong>Dipendenza da dati preesistenti:<\/strong> Se i ricercatori utilizzano dati o database preesistenti per il campionamento, potrebbero esserci limitazioni o pregiudizi inerenti al metodo di raccolta dei dati originale.<\/li>\n<\/ul>\n\n\n\n<h2 class=\"wp-block-heading\">Il futuro delle ricerche di mercato basate sul campionamento<\/h2>\n\n\n\n<figure class=\"gb-block-image gb-block-image-a2227238\"><img loading=\"lazy\" decoding=\"async\" width=\"1456\" height=\"816\" class=\"gb-image gb-image-a2227238\" src=\"https:\/\/www.sisinternational.com\/wp-content\/uploads\/2025\/09\/Quantitative-research-1d4-2.jpg\" alt=\"Ricerca e strategia di mercato internazionale SIS\" title=\"Quantitative research (1d4) (2)\" srcset=\"https:\/\/www.sisinternational.com\/wp-content\/uploads\/2025\/09\/Quantitative-research-1d4-2.jpg 1456w, https:\/\/www.sisinternational.com\/wp-content\/uploads\/2025\/09\/Quantitative-research-1d4-2-300x168.jpg 300w, https:\/\/www.sisinternational.com\/wp-content\/uploads\/2025\/09\/Quantitative-research-1d4-2-1024x574.jpg 1024w, https:\/\/www.sisinternational.com\/wp-content\/uploads\/2025\/09\/Quantitative-research-1d4-2-768x430.jpg 768w, https:\/\/www.sisinternational.com\/wp-content\/uploads\/2025\/09\/Quantitative-research-1d4-2-18x10.jpg 18w\" sizes=\"auto, (max-width: 1456px) 100vw, 1456px\"><\/figure>\n\n\n\n<p><\/p>\n\n\n\n<p>The increasing fusion of technology, data analytics, and traditional research methodologies promises to reshape the landscape of <a href=\"https:\/\/www.sisinternational.com\/it\/competenza\/industrie\/ricerca-di-mercato-sul-rebranding-di-motociclette\/\" title=\"Ricerca di mercato sul rebranding delle motociclette\"  data-wpil-monitor-id=\"4712\">sampling<\/a> market research. Here\u2019s a glimpse into what the future might hold for sampling market research:<\/p>\n\n\n\n<ul class=\"wp-block-list\">\n<li><strong>Integrazione di intelligenza artificiale e machine learning:<\/strong> Algoritmi avanzati possono aiutare a determinare le dimensioni ottimali del campione, a prevedere i bias di mancata risposta e persino a selezionare campioni rappresentativi. L&#039;apprendimento automatico pu\u00f2 aiutare a perfezionare le tecniche di campionamento sulla base di dati e tendenze storici.<\/li>\n\n\n\n<li><strong>Analisi predittiva avanzata:<\/strong> Il campionamento combinato con l\u2019analisi predittiva avanzata pu\u00f2 offrire previsioni pi\u00f9 accurate sulle tendenze del mercato, sui comportamenti e sulle preferenze dei consumatori.<\/li>\n\n\n\n<li><strong>Realt\u00e0 virtuale e aumentata nel campionamento:<\/strong> VR e AR possono offrire esperienze di sondaggio coinvolgenti, portando a una raccolta di dati pi\u00f9 ricca dai campioni. Ci\u00f2 pu\u00f2 essere particolarmente utile nei test dei prodotti o nel feedback esperienziale.<\/li>\n\n\n\n<li><strong>Globalizzazione e campionamento interculturale:<\/strong> Man mano che le aziende diventano pi\u00f9 globali, le tecniche di campionamento devono evolversi per catturare sfumature e variazioni interculturali, garantendo che i campioni siano rappresentativi in diverse aree geografiche.<\/li>\n\n\n\n<li><strong>Maggiore enfasi sulla raccolta di dati etici:<\/strong> Con la crescente consapevolezza sulla privacy e sull\u2019etica dei dati, il futuro del campionamento richieder\u00e0 metodi di raccolta dati trasparenti e basati sul consenso.<\/li>\n\n\n\n<li><strong>Integrazione con Big Data:<\/strong> Il campionamento nell\u2019era dei big data comporter\u00e0 probabilmente l\u2019estrazione di sottoinsiemi rilevanti da enormi quantit\u00e0 di dati, garantendo la rappresentativit\u00e0 durante la navigazione di grandi quantit\u00e0 di informazioni.<\/li>\n\n\n\n<li><strong>Tecniche di campionamento adattivo:<\/strong> Sfruttare la tecnologia per adattare le strategie di campionamento in movimento, sulla base dei risultati preliminari o delle mutevoli dinamiche del mercato.<\/li>\n\n\n\n<li><strong>Campionamento personalizzato:<\/strong> Strategie di campionamento personalizzate per mercati di nicchia o campagne di marketing iper-targetizzate, garantendo elevata pertinenza e precisione negli insight.<\/li>\n\n\n\n<li><strong>Campionamento in crowdsourcing:<\/strong> Utilizzando piattaforme e comunit\u00e0 per interagire con campioni diversi, sfruttando il potere dell&#039;intelligenza collettiva e delle intuizioni guidate dalla comunit\u00e0.<\/li>\n\n\n\n<li><strong>Maggiore collaborazione e approcci interdisciplinari:<\/strong> La convergenza di campi come la sociologia, la scienza dei dati, l\u2019antropologia e gli studi aziendali verr\u00e0 utilizzata per affinare le metodologie di campionamento.<\/li>\n<\/ul>","protected":false},"excerpt":{"rendered":"<p>Il campionamento delle ricerche di mercato campiona un gruppo specifico (o campione) per trarre conclusioni su una popolazione pi\u00f9 ampia con caratteristiche simili.<\/p>","protected":false},"author":1,"featured_media":67012,"parent":14514,"menu_order":354,"comment_status":"closed","ping_status":"closed","template":"","meta":{"footnotes":""},"class_list":["post-43346","page","type-page","status-publish","has-post-thumbnail"],"_links":{"self":[{"href":"https:\/\/www.sisinternational.com\/it\/wp-json\/wp\/v2\/pages\/43346","targetHints":{"allow":["GET"]}}],"collection":[{"href":"https:\/\/www.sisinternational.com\/it\/wp-json\/wp\/v2\/pages"}],"about":[{"href":"https:\/\/www.sisinternational.com\/it\/wp-json\/wp\/v2\/types\/page"}],"author":[{"embeddable":true,"href":"https:\/\/www.sisinternational.com\/it\/wp-json\/wp\/v2\/users\/1"}],"replies":[{"embeddable":true,"href":"https:\/\/www.sisinternational.com\/it\/wp-json\/wp\/v2\/comments?post=43346"}],"version-history":[{"count":6,"href":"https:\/\/www.sisinternational.com\/it\/wp-json\/wp\/v2\/pages\/43346\/revisions"}],"predecessor-version":[{"id":80952,"href":"https:\/\/www.sisinternational.com\/it\/wp-json\/wp\/v2\/pages\/43346\/revisions\/80952"}],"up":[{"embeddable":true,"href":"https:\/\/www.sisinternational.com\/it\/wp-json\/wp\/v2\/pages\/14514"}],"wp:featuredmedia":[{"embeddable":true,"href":"https:\/\/www.sisinternational.com\/it\/wp-json\/wp\/v2\/media\/67012"}],"wp:attachment":[{"href":"https:\/\/www.sisinternational.com\/it\/wp-json\/wp\/v2\/media?parent=43346"}],"curies":[{"name":"wp","href":"https:\/\/api.w.org\/{rel}","templated":true}]}}