{"id":43335,"date":"2023-09-02T17:05:29","date_gmt":"2023-09-02T21:05:29","guid":{"rendered":"https:\/\/www.sisinternational.com\/?page_id=43335"},"modified":"2026-01-25T19:27:48","modified_gmt":"2026-01-26T00:27:48","slug":"ricerche-di-mercato-sulle-popolazioni-indigene","status":"publish","type":"page","link":"https:\/\/www.sisinternational.com\/it\/competenza\/ricerche-di-mercato-sulle-popolazioni-indigene\/","title":{"rendered":"Ricerche di mercato sulle popolazioni indigene"},"content":{"rendered":"<h1 class=\"wp-block-heading\">Ricerche di mercato sulle popolazioni indigene<\/h1>\n\n\n\n<figure class=\"gb-block-image gb-block-image-2a13d408\"><img loading=\"lazy\" decoding=\"async\" width=\"1456\" height=\"816\" class=\"gb-image gb-image-2a13d408\" src=\"https:\/\/www.sisinternational.com\/wp-content\/uploads\/2025\/08\/Indigenous-people-3.jpg\" alt=\"Ricerca e strategia di mercato internazionale SIS\" title=\"Indigenous people (3)\" srcset=\"https:\/\/www.sisinternational.com\/wp-content\/uploads\/2025\/08\/Indigenous-people-3.jpg 1456w, https:\/\/www.sisinternational.com\/wp-content\/uploads\/2025\/08\/Indigenous-people-3-300x168.jpg 300w, https:\/\/www.sisinternational.com\/wp-content\/uploads\/2025\/08\/Indigenous-people-3-1024x574.jpg 1024w, https:\/\/www.sisinternational.com\/wp-content\/uploads\/2025\/08\/Indigenous-people-3-768x430.jpg 768w, https:\/\/www.sisinternational.com\/wp-content\/uploads\/2025\/08\/Indigenous-people-3-18x10.jpg 18w\" sizes=\"auto, (max-width: 1456px) 100vw, 1456px\"><\/figure>\n\n\n\n<p><\/p>\n\n\n\n<p>Nelle ricerche di mercato, pochi segmenti rimangono cos\u00ec profondamente ricchi ma sottorappresentati come le comunit\u00e0 indigene. Attraversando i continenti, dai Maori della Nuova Zelanda ai nativi americani degli Stati Uniti, le popolazioni indigene hanno una storia e una cultura che offrono spunti di valore inestimabili.<\/p>\n\n\n\n<p>\u00c8 qui che l&#039;attenzione alla ricerca di mercato delle popolazioni indigene diventa cruciale poich\u00e9 si concentra sulla comprensione delle loro visioni del mondo, aspirazioni, sfide e opportunit\u00e0.<\/p>\n\n\n\n<h2 class=\"wp-block-heading\">Perch\u00e9 la ricerca di mercato sulle popolazioni indigene \u00e8 cruciale<\/h2>\n\n\n\n<p>Il campo delle ricerche di mercato sulle popolazioni indigene \u00e8 vasto e comprende un\u2019ampia gamma di dati demografici, culture e contesti socioeconomici. Tuttavia, l\u2019enfasi sulla ricerca di mercato sulle popolazioni indigene occupa una posizione unica e critica all\u2019interno di questo spettro.<\/p>\n\n\n\n<h3 class=\"wp-block-heading\">Ecco perch\u00e9 questo focus \u00e8 importante:<\/h3>\n\n\n\n<ul class=\"wp-block-list\">\n<li><strong>Riconoscere l\u2019emarginazione storica:<\/strong> Storicamente, le comunit\u00e0 indigene di tutto il mondo hanno dovuto affrontare un\u2019emarginazione sistemica, con le loro voci, preoccupazioni e bisogni spesso messi da parte. Condurre ricerche di mercato sulle popolazioni indigene offre un percorso per correggere i pregiudizi storici e includerli attivamente nei dialoghi moderni.<\/li>\n\n\n\n<li><strong>Scoprire informazioni uniche sui consumatori:<\/strong> Le comunit\u00e0 indigene possono offrire prospettive di consumo uniche con le loro tradizioni, valori e stili di vita distinti. Analizzando prodotti, servizi o contenuti; questa ricerca svela le loro preferenze e pu\u00f2 aprire le porte a offerte su misura che risuonano in modo autentico.<\/li>\n\n\n\n<li><strong>Rafforzare la rappresentanza culturale:<\/strong> Garantire che prodotti, pubblicit\u00e0 e contenuti riflettano la ricchezza culturale delle comunit\u00e0 indigene pu\u00f2 favorire una maggiore inclusivit\u00e0 e rispetto.<\/li>\n\n\n\n<li><strong>Ethical Business and <\/strong><a href=\"https:\/\/www.sisinternational.com\/it\/what-is-a-value-proposition-canvas-the-game-changing-framework-that-prevents-product-failures\/\" title=\"What Is a Value Proposition Canvas? &#091;The Game-Changing Framework That Prevents Product Failures&#093;\"  data-wpil-monitor-id=\"10459\">Product Development: By understanding the values<\/a>, beliefs, and priorities of indigenous communities, businesses can develop products that align with these insights. This ensures ethical practices, especially when products relate to indigenous knowledge, resources, or crafts.<\/li>\n\n\n\n<li><strong>Promuovere il rispetto reciproco e la collaborazione:<\/strong> Il coinvolgimento delle comunit\u00e0 indigene attraverso ricerche di mercato apre la strada al rispetto reciproco. Consente alle aziende di comprendere e onorare usi, rituali e tradizioni locali, garantendo una collaborazione rispettosa.<\/li>\n\n\n\n<li><strong>Politica e governance:<\/strong> Per i politici, comprendere le prospettive delle comunit\u00e0 indigene \u00e8 fondamentale quando si elaborano leggi o iniziative che hanno un impatto su questi gruppi. Le ricerche di mercato sulle popolazioni indigene possono fornire approfondimenti basati sui dati, garantendo che le politiche siano giuste, inclusive ed efficaci.<\/li>\n\n\n\n<li><strong>Sbloccare le opportunit\u00e0 economiche:<\/strong> Le comunit\u00e0 indigene possono contribuire in modo significativo alle economie locali e nazionali. Le loro abilit\u00e0 artigianali, le risorse locali e gli eventi culturali possono essere strade per la crescita economica, il turismo e lo scambio globale.<\/li>\n\n\n\n<li><strong>Sostenere la diversit\u00e0 e l\u2019inclusione:<\/strong> La ricerca di mercato sulle popolazioni indigene riafferma l\u2019idea che ogni voce, non importa quanto storicamente emarginata, ha valore e merita di essere ascoltata.<\/li>\n<\/ul>\n\n\n\n<h2 class=\"wp-block-heading\">Considerazioni metodologiche nelle ricerche di mercato sulle popolazioni indigene<\/h2>\n\n\n\n<figure class=\"gb-block-image gb-block-image-f8a7aa1b\"><img loading=\"lazy\" decoding=\"async\" width=\"1456\" height=\"816\" class=\"gb-image gb-image-f8a7aa1b\" src=\"https:\/\/www.sisinternational.com\/wp-content\/uploads\/2025\/08\/Indigenous-people-5.jpg\" alt=\"Ricerca e strategia di mercato internazionale SIS\" title=\"Indigenous people (5)\" srcset=\"https:\/\/www.sisinternational.com\/wp-content\/uploads\/2025\/08\/Indigenous-people-5.jpg 1456w, https:\/\/www.sisinternational.com\/wp-content\/uploads\/2025\/08\/Indigenous-people-5-300x168.jpg 300w, https:\/\/www.sisinternational.com\/wp-content\/uploads\/2025\/08\/Indigenous-people-5-1024x574.jpg 1024w, https:\/\/www.sisinternational.com\/wp-content\/uploads\/2025\/08\/Indigenous-people-5-768x430.jpg 768w, https:\/\/www.sisinternational.com\/wp-content\/uploads\/2025\/08\/Indigenous-people-5-18x10.jpg 18w\" sizes=\"auto, (max-width: 1456px) 100vw, 1456px\"><\/figure>\n\n\n\n<p><\/p>\n\n\n\n<p>Condurre ricerche di mercato sulle popolazioni indigene richiede un approccio articolato, significativamente diverso dalle metodologie di ricerca di mercato standard. Le complessit\u00e0 culturali, storiche e sociali di queste comunit\u00e0 richiedono un approccio attento e rispettoso alla raccolta e all\u2019interpretazione dei dati. Ecco le principali considerazioni metodologiche da tenere a mente:<\/p>\n\n\n\n<ul class=\"wp-block-list\">\n<li><strong>Progettazione della ricerca culturalmente sensibile:<\/strong> Prima di intraprendere la ricerca, \u00e8 fondamentale progettare metodi che siano sensibili alle norme e alle tradizioni culturali specifiche della comunit\u00e0 indigena in questione. Ci\u00f2 include la comprensione dei loro valori, credenze e strutture sociali per formulare le domande in modo appropriato.<\/li>\n\n\n\n<li><strong>Approcci collaborativi e partecipativi:<\/strong> Piuttosto che imporre quadri di ricerca esterni, \u00e8 utile adottare un approccio collaborativo. Coinvolgere i leader, gli anziani o i rappresentanti della comunit\u00e0 per garantire che la ricerca sia reciprocamente vantaggiosa e rispettosa.<\/li>\n\n\n\n<li><strong>Previo consenso informato:<\/strong> Always ensure that participants understand the purpose of the research, how the data will be used, and any potential implications. Securing informed consent upholds the principle of transparency and trust in <a href=\"https:\/\/www.sisinternational.com\/it\/competenza\/industrie\/chief-information-officer-cio-ricerche-di-mercato\/\" title=\"Ricerca di mercato del Chief Information Officer (CIO).\"  data-wpil-monitor-id=\"5662\">ricerche di mercato sulle popolazioni indigene<\/a>.<\/li>\n\n\n\n<li><strong>Enfasi sui metodi qualitativi:<\/strong> Mentre i dati quantitativi possono fornire spunti preziosi, metodi qualitativi come interviste approfondite, focus group e osservazione dei partecipanti possono offrire approfondimenti pi\u00f9 ricchi e specifici al contesto all\u2019interno delle comunit\u00e0 indigene.<\/li>\n\n\n\n<li><strong>Utilizzo della lingua locale:<\/strong> Quando possibile, \u00e8 fondamentale condurre ricerche di mercato sulle popolazioni indigene nella lingua locale della comunit\u00e0. Ci\u00f2 garantisce una comprensione pi\u00f9 chiara e favorisce la fiducia. Se necessario, impiega interpreti che abbiano familiarit\u00e0 sia con la lingua che con le sfumature culturali.<\/li>\n\n\n\n<li><strong>Gestione etica dei dati:<\/strong> I dati raccolti dalle comunit\u00e0 indigene possono essere sensibili, soprattutto se toccano conoscenze, pratiche o credenze tradizionali. Garantire che questi dati siano gestiti con la massima riservatezza e rispetto.<\/li>\n\n\n\n<li><strong>Riconoscere i sistemi di conoscenza indigeni:<\/strong> Piuttosto che affrontare la ricerca da una prospettiva puramente occidentale o esterna, riconoscere e valorizzare i sistemi di conoscenza indigeni esistenti. Ci\u00f2 pu\u00f2 fornire una comprensione pi\u00f9 ricca e olistica delle prospettive della comunit\u00e0.<\/li>\n\n\n\n<li><strong>Meccanismi di feedback:<\/strong> Once the research is concluded, create mechanisms to share findings with the community. This ensures transparency and allows the community to provide feedback or clarifications, enhancing the <a href=\"https:\/\/www.sisinternational.com\/it\/soluzioni\/soluzioni-di-ricerca-quantitativa-qualitativa\/interviste-telefoniche-ricerche-di-mercato\/\" title=\"Interviste telefoniche approfondite Ricerche di mercato\"  data-wpil-monitor-id=\"10443\">research&#8217;s accuracy and depth<\/a>.<\/li>\n\n\n\n<li><strong>Formazione continua sulla consapevolezza culturale:<\/strong> Per <a href=\"https:\/\/www.sisinternational.com\/it\/soluzioni\/societa-di-ricerche-di-mercato-della-comunita-online-b2b\/\" title=\"Societ\u00e0 di ricerche di mercato della comunit\u00e0 online B2B\"  data-wpil-monitor-id=\"10446\">researchers unfamiliar with the indigenous community<\/a>, continual cultural awareness training is essential. This minimizes misunderstandings and ensures respectful engagement.<\/li>\n\n\n\n<li><strong>Impegno a lungo termine:<\/strong> Piuttosto che un progetto di ricerca una tantum, prendi in considerazione la possibilit\u00e0 di stabilire relazioni a lungo termine con le comunit\u00e0 indigene. Ci\u00f2 favorisce la fiducia, consente approfondimenti pi\u00f9 approfonditi e crea strade per una collaborazione continua.<\/li>\n<\/ul>\n\n\n\n<h2 class=\"wp-block-heading\">Sfide nella conduzione di ricerche di mercato sulle popolazioni indigene<\/h2>\n\n\n\n<figure class=\"gb-block-image gb-block-image-7360fc63\"><img loading=\"lazy\" decoding=\"async\" width=\"1456\" height=\"816\" class=\"gb-image gb-image-7360fc63\" src=\"https:\/\/www.sisinternational.com\/wp-content\/uploads\/2025\/08\/Indigenous-people-4.jpg\" alt=\"Ricerca e strategia di mercato internazionale SIS\" title=\"Indigenous people (4)\" srcset=\"https:\/\/www.sisinternational.com\/wp-content\/uploads\/2025\/08\/Indigenous-people-4.jpg 1456w, https:\/\/www.sisinternational.com\/wp-content\/uploads\/2025\/08\/Indigenous-people-4-300x168.jpg 300w, https:\/\/www.sisinternational.com\/wp-content\/uploads\/2025\/08\/Indigenous-people-4-1024x574.jpg 1024w, https:\/\/www.sisinternational.com\/wp-content\/uploads\/2025\/08\/Indigenous-people-4-768x430.jpg 768w, https:\/\/www.sisinternational.com\/wp-content\/uploads\/2025\/08\/Indigenous-people-4-18x10.jpg 18w\" sizes=\"auto, (max-width: 1456px) 100vw, 1456px\"><\/figure>\n\n\n\n<p><\/p>\n\n\n\n<p>Conducting indigenous people market research comes with a unique set of challenges. The distinctive cultural, historical, and societal contexts of these <a href=\"https:\/\/www.sisinternational.com\/it\/soluzioni\/ricerca-di-consulenza-strategica-fintech\/consulenza-strategica-per-le-ricerche-di-mercato-delle-banche-comunitarie\/\" title=\"Ricerche di mercato e consulenza strategica per le banche comunitarie\"  data-wpil-monitor-id=\"10452\">communities require researchers<\/a> to exercise sensitivity, patience, and respect. Below are some of the most prominent challenges faced in this area:<\/p>\n\n\n\n<ul class=\"wp-block-list\">\n<li><strong>Sensibilit\u00e0 culturale:<\/strong> Le comunit\u00e0 indigene hanno tradizioni, valori e sistemi di credenze unici. I ricercatori potrebbero inavvertitamente offendere o fraintendere queste culture se si avvicinano ad esse senza un\u2019adeguata consapevolezza e sensibilit\u00e0.<\/li>\n\n\n\n<li><strong>Guadagnare fiducia:<\/strong> Historical exploitation and mistreatment of indigenous communities by outsiders have resulted in deep-seated mistrust. <a href=\"https:\/\/www.sisinternational.com\/it\/pubblicazioni\/ricerche-di-mercato-per-un-business-scalabile-7-modi-per-costruire-un-business-scalabile\/\" title=\"Ricerche di mercato per aziende scalabili: 7 modi per costruire un business scalabile\"  data-wpil-monitor-id=\"10449\">Building trust to facilitate meaningful research<\/a> requires time, transparency, and genuine intent.<\/li>\n\n\n\n<li><strong>Barriere linguistiche:<\/strong> Molte comunit\u00e0 indigene parlano le loro lingue o dialetti, il che pu\u00f2 rendere difficile la comunicazione.<\/li>\n\n\n\n<li><strong>Considerazioni etiche:<\/strong> There is a thin line between research and exploitation. Ensuring that the community <a href=\"https:\/\/www.sisinternational.com\/it\/soluzioni\/soluzioni-di-ricerca-quantitativa-qualitativa\/quantitative-research-benefits\/\" title=\"Quantitative Research Benefits\"  data-wpil-monitor-id=\"10441\">benefits from the research<\/a>, especially if it leads to commercial outcomes, is a significant ethical concern.<\/li>\n\n\n\n<li><strong>Sfide logistiche:<\/strong> Some indigenous communities live in remote or hard-to-reach areas, making the <a href=\"https:\/\/www.sisinternational.com\/it\/competenza\/industrie\/ricerche-di-mercato-logistiche-di-terze-parti\/\" title=\"Ricerche di mercato sulla logistica di terze parti\"  data-wpil-monitor-id=\"4780\">logistics of conducting research<\/a> challenging.<\/li>\n\n\n\n<li><strong>Proteggere la conoscenza tradizionale:<\/strong> Le comunit\u00e0 indigene potrebbero essere caute nel condividere la conoscenza tradizionale, temendo un uso improprio o uno sfruttamento commerciale senza il dovuto compenso o riconoscimento.<\/li>\n\n\n\n<li><strong>Bias e preconcetti:<\/strong> Researchers might carry unconscious biases or preconceived notions about indigenous communities. These biases can skew the <a href=\"https:\/\/www.sisinternational.com\/it\/ricerche-di-mercato-sulla-generazione-di-lead-b2b\/\" title=\"Ricerca di mercato sulla generazione di lead B2B\"  data-wpil-monitor-id=\"10456\">research findings or lead<\/a> to misinterpretations.<\/li>\n\n\n\n<li><strong>Preoccupazioni metodologiche:<\/strong> Le metodologie standard di ricerca di mercato potrebbero non essere applicabili o efficaci per le ricerche di mercato sulle popolazioni indigene. Potrebbero essere necessari approcci personalizzati che rispettino le norme e le strutture della comunit\u00e0.<\/li>\n\n\n\n<li><strong>Questioni legali e normative:<\/strong> Potrebbero esserci regolamenti e convenzioni locali, nazionali o internazionali (come il Protocollo di Nagoya) che regolano la ricerca all\u2019interno delle comunit\u00e0 indigene. Navigare tra questi pu\u00f2 essere complesso.<\/li>\n\n\n\n<li><strong>Feedback and <\/strong><a href=\"https:\/\/www.sisinternational.com\/it\/competenza\/industrie\/ricerche-di-mercato-nel-settore-del-ridesharing\/\" title=\"Ricerche di mercato sul ride sharing\"  data-wpil-monitor-id=\"10442\">Sharing of Results: After research<\/a> completion, ensuring that findings are shared with the community understandably and transparently is crucial. This process might require additional resources and time.<\/li>\n<\/ul>","protected":false},"excerpt":{"rendered":"<p>Nelle ricerche di mercato, le comunit\u00e0 indigene sono profondamente ricche ma sottorappresentate. La loro storia e cultura offrono spunti preziosi.<\/p>","protected":false},"author":1,"featured_media":63531,"parent":14514,"menu_order":352,"comment_status":"closed","ping_status":"closed","template":"","meta":{"footnotes":""},"class_list":["post-43335","page","type-page","status-publish","has-post-thumbnail"],"_links":{"self":[{"href":"https:\/\/www.sisinternational.com\/it\/wp-json\/wp\/v2\/pages\/43335","targetHints":{"allow":["GET"]}}],"collection":[{"href":"https:\/\/www.sisinternational.com\/it\/wp-json\/wp\/v2\/pages"}],"about":[{"href":"https:\/\/www.sisinternational.com\/it\/wp-json\/wp\/v2\/types\/page"}],"author":[{"embeddable":true,"href":"https:\/\/www.sisinternational.com\/it\/wp-json\/wp\/v2\/users\/1"}],"replies":[{"embeddable":true,"href":"https:\/\/www.sisinternational.com\/it\/wp-json\/wp\/v2\/comments?post=43335"}],"version-history":[{"count":6,"href":"https:\/\/www.sisinternational.com\/it\/wp-json\/wp\/v2\/pages\/43335\/revisions"}],"predecessor-version":[{"id":81720,"href":"https:\/\/www.sisinternational.com\/it\/wp-json\/wp\/v2\/pages\/43335\/revisions\/81720"}],"up":[{"embeddable":true,"href":"https:\/\/www.sisinternational.com\/it\/wp-json\/wp\/v2\/pages\/14514"}],"wp:featuredmedia":[{"embeddable":true,"href":"https:\/\/www.sisinternational.com\/it\/wp-json\/wp\/v2\/media\/63531"}],"wp:attachment":[{"href":"https:\/\/www.sisinternational.com\/it\/wp-json\/wp\/v2\/media?parent=43335"}],"curies":[{"name":"wp","href":"https:\/\/api.w.org\/{rel}","templated":true}]}}