{"id":43332,"date":"2023-09-02T12:27:05","date_gmt":"2023-09-02T16:27:05","guid":{"rendered":"https:\/\/www.sisinternational.com\/?page_id=43332"},"modified":"2026-01-27T15:24:01","modified_gmt":"2026-01-27T20:24:01","slug":"ricerche-di-mercato-nei-paesi-del-mercato-di-frontiera","status":"publish","type":"page","link":"https:\/\/www.sisinternational.com\/it\/competenza\/ricerche-di-mercato-nei-paesi-del-mercato-di-frontiera\/","title":{"rendered":"Ricerche di mercato sui paesi del mercato di frontiera"},"content":{"rendered":"<h1 class=\"wp-block-heading\">Ricerche di mercato sui paesi del mercato di frontiera<\/h1>\n\n\n\n<figure class=\"gb-block-image gb-block-image-5398cda9\"><img loading=\"lazy\" decoding=\"async\" width=\"1456\" height=\"816\" class=\"gb-image gb-image-5398cda9\" src=\"https:\/\/www.sisinternational.com\/wp-content\/uploads\/2025\/08\/Global-8.jpg\" alt=\"Ricerca e strategia di mercato internazionale SIS\" title=\"Global (8)\" srcset=\"https:\/\/www.sisinternational.com\/wp-content\/uploads\/2025\/08\/Global-8.jpg 1456w, https:\/\/www.sisinternational.com\/wp-content\/uploads\/2025\/08\/Global-8-300x168.jpg 300w, https:\/\/www.sisinternational.com\/wp-content\/uploads\/2025\/08\/Global-8-1024x574.jpg 1024w, https:\/\/www.sisinternational.com\/wp-content\/uploads\/2025\/08\/Global-8-768x430.jpg 768w, https:\/\/www.sisinternational.com\/wp-content\/uploads\/2025\/08\/Global-8-18x10.jpg 18w\" sizes=\"auto, (max-width: 1456px) 100vw, 1456px\"><\/figure>\n\n\n\n<p><\/p>\n\n\n\n<p>Nella moderna economia globale, i mercati di frontiera rappresentano un vasto bacino di potenziale non sfruttato, messo in ombra dalle controparti dei mercati emergenti e sviluppati. Tuttavia, questi paesi offrono una miscela unica di opportunit\u00e0 e sfide che possono attrarre gli investitori che guardano oltre i mercati tradizionali in cerca di crescita e diversificazione.<\/p>\n\n\n\n<p>Ecco perch\u00e9 il ruolo cruciale delle ricerche di mercato nei paesi dei mercati di frontiera consiste nell&#039;offrire approfondimenti per il processo decisionale nei mercati in cui le informazioni sono spesso limitate e piene di pregiudizi.<\/p>\n\n\n\n<h2 class=\"wp-block-heading\">Comprendere le ricerche di mercato sui paesi del mercato di frontiera<\/h2>\n\n\n\n<p>The term &#8220;frontier market&#8221; describes <a href=\"https:\/\/www.sisinternational.com\/it\/mercato-dei-beni-di-largo-consumo-in-vietnam\/\" title=\"Il mercato dei beni di largo consumo in Vietnam\"  data-wpil-monitor-id=\"7587\">Paesi<\/a> that are in the transitional phase between developing and emerging market status. They are characterized by their developing economies, capital markets, and financial systems. Thus, understanding the nuances of frontier market country market research is essential for businesses and investors aiming to harness the opportunities these markets offer while navigating the inherent challenges.<\/p>\n\n\n\n<h3 class=\"wp-block-heading\">Cosa sono i mercati di frontiera?<\/h3>\n\n\n\n<figure class=\"gb-block-image gb-block-image-237756ed\"><img loading=\"lazy\" decoding=\"async\" width=\"1456\" height=\"816\" class=\"gb-image gb-image-237756ed\" src=\"https:\/\/www.sisinternational.com\/wp-content\/uploads\/2025\/08\/Global-10.jpg\" alt=\"Ricerca e strategia di mercato internazionale SIS\" title=\"Global (10)\" srcset=\"https:\/\/www.sisinternational.com\/wp-content\/uploads\/2025\/08\/Global-10.jpg 1456w, https:\/\/www.sisinternational.com\/wp-content\/uploads\/2025\/08\/Global-10-300x168.jpg 300w, https:\/\/www.sisinternational.com\/wp-content\/uploads\/2025\/08\/Global-10-1024x574.jpg 1024w, https:\/\/www.sisinternational.com\/wp-content\/uploads\/2025\/08\/Global-10-768x430.jpg 768w, https:\/\/www.sisinternational.com\/wp-content\/uploads\/2025\/08\/Global-10-18x10.jpg 18w\" sizes=\"auto, (max-width: 1456px) 100vw, 1456px\"><\/figure>\n\n\n\n<p><\/p>\n\n\n\n<p>Sebbene non esista un elenco universalmente condiviso dei mercati di frontiera, istituzioni come l\u2019MSCI (Morgan Stanley Capital International) hanno le loro categorizzazioni, solitamente basate sulle dimensioni del mercato, sulla liquidit\u00e0 e sullo sviluppo economico.<\/p>\n\n\n\n<ul class=\"wp-block-list\">\n<li><strong>Profondit\u00e0 del mercato e accesso:<\/strong> I mercati di frontiera hanno in genere meno societ\u00e0 quotate, volumi di scambi giornalieri inferiori e sistemi finanziari meno sviluppati.<\/li>\n\n\n\n<li><strong>Diversificazione economica:<\/strong> Molti mercati di frontiera hanno economie incentrate su pochi settori chiave, spesso risorse naturali o agricoltura.<\/li>\n\n\n\n<li><strong>Ambiente regolatorio:<\/strong> Sistemi normativi meno maturi possono significare sia opportunit\u00e0 per i pionieri che sfide in termini di conformit\u00e0 e comprensione delle sfumature locali.<\/li>\n\n\n\n<li><strong>Crescita potenziale:<\/strong> A causa della loro fase nascente, i mercati di frontiera presentano tassi di crescita pi\u00f9 elevati rispetto ai mercati pi\u00f9 sviluppati.<\/li>\n<\/ul>\n\n\n\n<h3 class=\"wp-block-heading\">Perch\u00e9 la ricerca di mercato sui paesi del mercato di frontiera \u00e8 fondamentale per le aziende:<\/h3>\n\n\n\n<ul class=\"wp-block-list\">\n<li><strong>Asimmetria informativa:<\/strong> I mercati di frontiera soffrono della mancanza di informazioni facilmente accessibili e affidabili. Una ricerca di mercato efficace colma questa lacuna, fornendo informazioni che potrebbero non essere immediatamente disponibili per l\u2019investitore o l\u2019azienda media.<\/li>\n\n\n\n<li><strong>Sfumature culturali:<\/strong> Al di l\u00e0 dei semplici numeri, comprendere le usanze, i comportamenti e i valori locali \u00e8 fondamentale per le aziende che desiderano offrire prodotti o servizi in sintonia con la popolazione locale.<\/li>\n\n\n\n<li><strong>Valutazione del rischio:<\/strong> Sebbene i mercati di frontiera offrano notevoli potenziali di rendimento, comportano una buona dose di rischi, che vanno dall\u2019instabilit\u00e0 politica alla volatilit\u00e0 valutaria. Una ricerca di mercato completa aiuta a valutare e mitigare questi rischi.<\/li>\n<\/ul>\n\n\n\n<h2 class=\"wp-block-heading\">Perch\u00e9 la ricerca di mercato sui paesi del mercato di frontiera \u00e8 importante?<\/h2>\n\n\n\n<figure class=\"gb-block-image gb-block-image-6db43c8b\"><img loading=\"lazy\" decoding=\"async\" width=\"1456\" height=\"816\" class=\"gb-image gb-image-6db43c8b\" src=\"https:\/\/www.sisinternational.com\/wp-content\/uploads\/2025\/08\/Global-4.jpg\" alt=\"Ricerca e strategia di mercato internazionale SIS\" title=\"Global (4)\" srcset=\"https:\/\/www.sisinternational.com\/wp-content\/uploads\/2025\/08\/Global-4.jpg 1456w, https:\/\/www.sisinternational.com\/wp-content\/uploads\/2025\/08\/Global-4-300x168.jpg 300w, https:\/\/www.sisinternational.com\/wp-content\/uploads\/2025\/08\/Global-4-1024x574.jpg 1024w, https:\/\/www.sisinternational.com\/wp-content\/uploads\/2025\/08\/Global-4-768x430.jpg 768w, https:\/\/www.sisinternational.com\/wp-content\/uploads\/2025\/08\/Global-4-18x10.jpg 18w\" sizes=\"auto, (max-width: 1456px) 100vw, 1456px\"><\/figure>\n\n\n\n<p><\/p>\n\n\n\n<p>I mercati di frontiera sono ricchi di potenziale per gli investitori. Tuttavia, le difficolt\u00e0 di questi mercati rendono necessario il processo decisionale per comprendere le condizioni locali che altrimenti renderebbero estremamente rischioso un investimento in questi mercati. Ecco perch\u00e9 tale ricerca \u00e8 indispensabile:<\/p>\n\n\n\n<ul class=\"wp-block-list\">\n<li><strong>Beni sottovalutati:<\/strong> Molti mercati di frontiera possiedono asset sottovalutati rispetto alle loro controparti globali, offrendo opportunit\u00e0 di investimento redditizie.<\/li>\n\n\n\n<li><strong>Il primo a muovere ha il vantaggio:<\/strong> Essere tra i primi ad entrare in un mercato o in un settore pu\u00f2 portare ad un vantaggio competitivo, soprattutto se la concorrenza locale \u00e8 minima.<\/li>\n\n\n\n<li><strong>Diversificazione:<\/strong> Per gli investitori, i mercati di frontiera offrono la possibilit\u00e0 di diversificare i portafogli, spesso fornendo rendimenti non correlati ai mercati tradizionali.<\/li>\n\n\n\n<li><strong>Instabilit\u00e0 politica:<\/strong> I mercati di frontiera sono soggetti a sconvolgimenti politici, modifiche delle normative o interventi governativi. Un&#039;approfondita ricerca di mercato nei paesi dei mercati di frontiera fornisce una migliore comprensione e valutazione di questi rischi.<\/li>\n\n\n\n<li><strong>Volatilit\u00e0 del mercato:<\/strong> A causa della minore liquidit\u00e0 e del minor numero di partecipanti al mercato, i mercati di frontiera possono essere pi\u00f9 volatili. Le ricerche di mercato nei paesi del mercato di frontiera aiutano a comprendere queste dinamiche e a pianificare di conseguenza.<\/li>\n\n\n\n<li><strong>Fluttuazioni valutarie:<\/strong> Molti mercati di frontiera hanno valute che possono essere altamente volatili, soprattutto rispetto alle principali valute globali. Comprendere e prevedere queste fluttuazioni pu\u00f2 essere essenziale per la redditivit\u00e0.<\/li>\n\n\n\n<li><strong>Sensibilit\u00e0 culturale:<\/strong> Al di l\u00e0 dei semplici fattori economici e politici, comprendere le usanze, le preferenze e i valori locali pu\u00f2 creare o distruggere un\u2019impresa commerciale.<\/li>\n\n\n\n<li><strong>Panorama normativo:<\/strong> Una conoscenza approfondita del contesto normativo locale pu\u00f2 aiutare le aziende a rimanere conformi ed evitare potenziali ripercussioni legali.<\/li>\n\n\n\n<li><strong>Fiducia delle parti interessate:<\/strong> Dimostrare una profonda comprensione del mercato locale pu\u00f2 favorire la fiducia tra partner locali, clienti e persino autorit\u00e0 di regolamentazione.<\/li>\n\n\n\n<li><strong>Marketing su misura:<\/strong> Con le ricerche di mercato sui mercati di frontiera, le aziende possono personalizzare le proprie campagne di marketing e pubblicitarie per entrare in risonanza con il pubblico locale, portando a una migliore percezione e fedelt\u00e0 al marchio.<\/li>\n\n\n\n<li><strong>Evoluzione del mercato:<\/strong> I mercati di frontiera sono dinamici, con rapidi cambiamenti nel comportamento dei consumatori, nell\u2019adozione tecnologica e nella crescita del settore. Le ricerche di mercato sui mercati di frontiera aiutano le aziende e gli investitori a stare al passo con i tempi prevedendo questi cambiamenti.<\/li>\n<\/ul>\n\n\n\n<h2 class=\"wp-block-heading\">Principali mercati di frontiera: un focus sulle ricerche di mercato sui mercati di frontiera<\/h2>\n\n\n\n<p>I mercati di frontiera sono caratterizzati da mercati dei capitali in crescita, combinati con un ambiente economico che potrebbe non essere cos\u00ec sviluppato o efficiente come i mercati pi\u00f9 maturi. Partecipare a ricerche di mercato sui mercati di frontiera offre agli investitori e alle imprese una prospettiva unica su queste economie meno esplorate ma promettenti. Ecco uno sguardo ad alcuni dei principali paesi con mercati di frontiera:<\/p>\n\n\n\n<h3 class=\"wp-block-heading\">Africa:<\/h3>\n\n\n\n<ul class=\"wp-block-list\">\n<li><strong>Nigeria:<\/strong> Despite its size and rich natural resources, challenges such as political instability and terrorist attacks have kept <a href=\"https:\/\/www.sisinternational.com\/it\/copertura\/ricerche-di-mercato-africane\/ricerche-di-mercato-in-nigeria\/\" title=\"Ricerche di mercato in Nigeria\"  data-wpil-monitor-id=\"5362\">Nigeria in the frontier market<\/a> category.<\/li>\n\n\n\n<li><strong>Kenia:<\/strong> Polo tecnologico in crescita nell\u2019Africa orientale, il Kenya offre opportunit\u00e0 uniche nel fintech e nelle telecomunicazioni.<\/li>\n\n\n\n<li><strong>Ghana:<\/strong> Grazie alla relativa stabilit\u00e0 politica e alle ricche risorse, il Ghana \u00e8 visto favorevolmente tra gli investitori dei mercati di frontiera.<\/li>\n<\/ul>\n\n\n\n<h3 class=\"wp-block-heading\">Asia:<\/h3>\n\n\n\n<ul class=\"wp-block-list\">\n<li><strong>Vietnam:<\/strong> In rapida crescita e industrializzazione, il Vietnam \u00e8 diventato un polo manifatturiero, soprattutto perch\u00e9 le aziende diversificano le loro catene di approvvigionamento dalla Cina.<\/li>\n\n\n\n<li><strong>Bangladesh:<\/strong> Noto per la sua industria tessile, il Bangladesh ha registrato una crescita economica costante negli ultimi anni.<\/li>\n\n\n\n<li><strong>Myanmar:<\/strong> Despite its challenges, Myanmar&#8217;s large population and rich resources make it an interesting <a href=\"https:\/\/www.sisinternational.com\/it\/copertura\/ricerche-di-mercato-asiatiche\/ricerche-di-mercato-in-myanmar\/\" title=\"Ricerche di mercato in Myanmar\"  data-wpil-monitor-id=\"5363\">frontier<\/a> market.<\/li>\n<\/ul>\n\n\n\n<h3 class=\"wp-block-heading\">Medio Oriente:<\/h3>\n\n\n\n<ul class=\"wp-block-list\">\n<li><strong>Oman:<\/strong> Con un\u2019economia diversificata che va oltre il semplice petrolio, l\u2019Oman offre vari settori che vale la pena esplorare.<\/li>\n<\/ul>\n\n\n\n<h3 class=\"wp-block-heading\">Europa:<\/h3>\n\n\n\n<ul class=\"wp-block-list\">\n<li><strong>Romania:<\/strong> Con il suo settore tecnologico in crescita e la posizione strategica in Europa, la Romania presenta numerose opportunit\u00e0 di investimento.<\/li>\n\n\n\n<li><strong>Serbia:<\/strong> Beneficiando della sua posizione europea e delle industrie in crescita, la Serbia sta attirando l\u2019attenzione degli investitori sui mercati di frontiera.<\/li>\n<\/ul>\n\n\n\n<h3 class=\"wp-block-heading\">America Latina:<\/h3>\n\n\n\n<ul class=\"wp-block-list\">\n<li><strong>Paraguay:<\/strong> Often overshadowed by its larger neighbors, Paraguay&#8217;s agricultural sector and consistent growth make it an interesting <a href=\"https:\/\/www.sisinternational.com\/it\/copertura\/le-americhe\/ricerche-di-mercato-in-america-latina\/ricerche-di-mercato-paraguay\/\" title=\"Ricerche di mercato in Paraguay\"  data-wpil-monitor-id=\"5314\">frontier<\/a> market.<\/li>\n<\/ul>\n\n\n\n<h2 class=\"wp-block-heading\">Tendenze che modellano il mercato di frontiera Ricerca di mercato sui paesi<\/h2>\n\n\n\n<figure class=\"gb-block-image gb-block-image-206b3e38\"><img loading=\"lazy\" decoding=\"async\" width=\"1456\" height=\"816\" class=\"gb-image gb-image-206b3e38\" src=\"https:\/\/www.sisinternational.com\/wp-content\/uploads\/2025\/08\/Global-5.jpg\" alt=\"Ricerca e strategia di mercato internazionale SIS\" title=\"Global (5)\" srcset=\"https:\/\/www.sisinternational.com\/wp-content\/uploads\/2025\/08\/Global-5.jpg 1456w, https:\/\/www.sisinternational.com\/wp-content\/uploads\/2025\/08\/Global-5-300x168.jpg 300w, https:\/\/www.sisinternational.com\/wp-content\/uploads\/2025\/08\/Global-5-1024x574.jpg 1024w, https:\/\/www.sisinternational.com\/wp-content\/uploads\/2025\/08\/Global-5-768x430.jpg 768w, https:\/\/www.sisinternational.com\/wp-content\/uploads\/2025\/08\/Global-5-18x10.jpg 18w\" sizes=\"auto, (max-width: 1456px) 100vw, 1456px\"><\/figure>\n\n\n\n<p><\/p>\n\n\n\n<p>Il mondo delle ricerche di mercato sui paesi dei mercati di frontiera \u00e8 in continua evoluzione, influenzato sia dalle macrotendenze globali che dalle dinamiche del mercato locale \u2013 ed ecco alcune delle tendenze pi\u00f9 importanti:<\/p>\n\n\n\n<ul class=\"wp-block-list\">\n<li><strong>Crescente penetrazione di Internet:<\/strong> Con un numero sempre maggiore di persone che accedono a Internet, in particolare tramite dispositivi mobili, i mercati di frontiera sono testimoni di una rivoluzione digitale. Ci\u00f2 offre ai ricercatori nuove strade per raccogliere dati e approfondimenti.<\/li>\n\n\n\n<li><strong>Growing <\/strong><a href=\"https:\/\/www.sisinternational.com\/it\/ricerche-di-mercato-in-medio-oriente\/\" title=\"Ricerche di mercato in Medio Oriente\"  data-wpil-monitor-id=\"7328\">Middle Class: Many frontier markets<\/a> are experiencing the rise of a more affluent middle class, changing consumption patterns and demanding more sophisticated products and services.<\/li>\n\n\n\n<li><strong>Urbanizzazione:<\/strong> Man mano che sempre pi\u00f9 persone si spostano verso le aree urbane, si verifica un cambiamento nello stile di vita, nelle abitudini di consumo e nelle priorit\u00e0.<\/li>\n\n\n\n<li><strong>Sostenibilit\u00e0 e considerazioni etiche:<\/strong> Con una consapevolezza globale delle questioni relative alla sostenibilit\u00e0, le aziende sono desiderose di comprendere le considerazioni ambientali e sociali locali. Le ricerche di mercato nei paesi dei mercati di frontiera si concentrano sempre pi\u00f9 su questi aspetti per informare le pratiche commerciali etiche.<\/li>\n\n\n\n<li><strong>Integrazione di tecnologie avanzate:<\/strong> L\u2019uso dell\u2019intelligenza artificiale (AI) e del machine learning (ML) \u00e8 in aumento per analizzare grandi quantit\u00e0 di dati, identificare modelli e prevedere le tendenze del mercato. La realt\u00e0 virtuale (VR) e la realt\u00e0 aumentata (AR) vengono utilizzate per visite ai mercati virtuali e studi coinvolgenti sull&#039;esperienza dei consumatori.<\/li>\n\n\n\n<li><strong>Sfumature culturali e strategie localizzate:<\/strong> C\u2019\u00e8 un crescente apprezzamento per le diverse sfumature culturali che esistono nei mercati di frontiera. Sono sempre pi\u00f9 richieste metodologie di ricerca su misura che tengano conto delle tradizioni, delle lingue e dei comportamenti locali.<\/li>\n\n\n\n<li><strong>Focus sulle economie informali:<\/strong> Riconoscendo che una parte significativa dell\u2019attivit\u00e0 economica nei mercati di frontiera avviene al di fuori dei canali formali, i ricercatori stanno dedicando risorse alla comprensione di questi settori informali.<\/li>\n\n\n\n<li><strong>Gestione del rischio:<\/strong> Date le volatilit\u00e0 intrinseche dei mercati di frontiera, c&#039;\u00e8 una maggiore attenzione alla valutazione del rischio, che spazia dai rischi politici alle fluttuazioni valutarie. I ricercatori stanno impiegando strumenti e metodologie pi\u00f9 sofisticati per valutare e comunicare questi rischi.<\/li>\n<\/ul>","protected":false},"excerpt":{"rendered":"<p>The term &#8220;frontier market&#8221; describes countries that are in the transitional phase between developing and emerging market status.<\/p>","protected":false},"author":1,"featured_media":62416,"parent":14514,"menu_order":351,"comment_status":"closed","ping_status":"closed","template":"","meta":{"footnotes":""},"class_list":["post-43332","page","type-page","status-publish","has-post-thumbnail"],"_links":{"self":[{"href":"https:\/\/www.sisinternational.com\/it\/wp-json\/wp\/v2\/pages\/43332","targetHints":{"allow":["GET"]}}],"collection":[{"href":"https:\/\/www.sisinternational.com\/it\/wp-json\/wp\/v2\/pages"}],"about":[{"href":"https:\/\/www.sisinternational.com\/it\/wp-json\/wp\/v2\/types\/page"}],"author":[{"embeddable":true,"href":"https:\/\/www.sisinternational.com\/it\/wp-json\/wp\/v2\/users\/1"}],"replies":[{"embeddable":true,"href":"https:\/\/www.sisinternational.com\/it\/wp-json\/wp\/v2\/comments?post=43332"}],"version-history":[{"count":7,"href":"https:\/\/www.sisinternational.com\/it\/wp-json\/wp\/v2\/pages\/43332\/revisions"}],"predecessor-version":[{"id":81210,"href":"https:\/\/www.sisinternational.com\/it\/wp-json\/wp\/v2\/pages\/43332\/revisions\/81210"}],"up":[{"embeddable":true,"href":"https:\/\/www.sisinternational.com\/it\/wp-json\/wp\/v2\/pages\/14514"}],"wp:featuredmedia":[{"embeddable":true,"href":"https:\/\/www.sisinternational.com\/it\/wp-json\/wp\/v2\/media\/62416"}],"wp:attachment":[{"href":"https:\/\/www.sisinternational.com\/it\/wp-json\/wp\/v2\/media?parent=43332"}],"curies":[{"name":"wp","href":"https:\/\/api.w.org\/{rel}","templated":true}]}}