{"id":43326,"date":"2023-09-02T11:57:23","date_gmt":"2023-09-02T15:57:23","guid":{"rendered":"https:\/\/www.sisinternational.com\/?page_id=43326"},"modified":"2026-01-26T16:49:25","modified_gmt":"2026-01-26T21:49:25","slug":"ricerche-di-mercato-sulle-tecnologie-pulite","status":"publish","type":"page","link":"https:\/\/www.sisinternational.com\/it\/competenza\/ricerche-di-mercato-sulle-tecnologie-pulite\/","title":{"rendered":"Ricerche di mercato sulle tecnologie pulite"},"content":{"rendered":"<h1 class=\"wp-block-heading\">Ricerche di mercato sulle tecnologie pulite<\/h1>\n\n\n\n<figure class=\"gb-block-image gb-block-image-d4d0da08\"><img loading=\"lazy\" decoding=\"async\" width=\"1456\" height=\"816\" class=\"gb-image gb-image-d4d0da08\" src=\"https:\/\/www.sisinternational.com\/wp-content\/uploads\/2025\/09\/FinTech-Terch-technology-AI-artificial-intelligence-28.jpg\" alt=\"Ricerca e strategia di mercato internazionale SIS\" title=\"FinTech Terch technology AI artificial intelligence (28)\" srcset=\"https:\/\/www.sisinternational.com\/wp-content\/uploads\/2025\/09\/FinTech-Terch-technology-AI-artificial-intelligence-28.jpg 1456w, https:\/\/www.sisinternational.com\/wp-content\/uploads\/2025\/09\/FinTech-Terch-technology-AI-artificial-intelligence-28-300x168.jpg 300w, https:\/\/www.sisinternational.com\/wp-content\/uploads\/2025\/09\/FinTech-Terch-technology-AI-artificial-intelligence-28-1024x574.jpg 1024w, https:\/\/www.sisinternational.com\/wp-content\/uploads\/2025\/09\/FinTech-Terch-technology-AI-artificial-intelligence-28-768x430.jpg 768w, https:\/\/www.sisinternational.com\/wp-content\/uploads\/2025\/09\/FinTech-Terch-technology-AI-artificial-intelligence-28-18x10.jpg 18w\" sizes=\"auto, (max-width: 1456px) 100vw, 1456px\"><\/figure>\n\n\n\n<p><\/p>\n\n\n\n<p>Nell\u2019era delle pressanti sfide ambientali e dell\u2019urgente necessit\u00e0 di ridurre l\u2019impronta di carbonio, la tecnologia pulita \u00e8 salita in prima linea nell\u2019attenzione globale. Per cogliere queste opportunit\u00e0 e affrontare le complessit\u00e0, le imprese, gli investitori e i politici fanno molto affidamento sulla ricerca di mercato sulle tecnologie pulite.<\/p>\n\n\n\n<p>La ricerca di mercato sulle tecnologie pulite offre un\u2019analisi approfondita delle preferenze dei consumatori, dei progressi tecnologici, dei panorami normativi e delle dinamiche competitive, fornendo alle parti interessate le informazioni necessarie per prendere decisioni informate.<\/p>\n\n\n\n<h2 class=\"wp-block-heading\">Importanza delle ricerche di mercato sulle tecnologie pulite<\/h2>\n\n\n\n<p>L\u2019obiettivo primario delle tecnologie pulite \u00e8 ridurre i danni ambientali. Aiutano a diminuire l\u2019inquinamento, a ridurre le emissioni di gas serra e a preservare gli ecosistemi, garantendo un pianeta pi\u00f9 sano.<\/p>\n\n\n\n<p>For this reason, clean <a href=\"https:\/\/www.sisinternational.com\/it\/mercato-della-tecnologia-automobilistica\/\" title=\"Ricerche di mercato sulla tecnologia automobilistica\"  data-wpil-monitor-id=\"3564\">technology market research<\/a> guides innovators, investors, businesses, and policymakers through the rapidly evolving landscape of clean technologies. Here&#8217;s a closer look at why this form of research is crucial in this industry:<\/p>\n\n\n\n<ul class=\"wp-block-list\">\n<li><strong>Investimento informato:<\/strong> For investors, clean <a href=\"https:\/\/www.sisinternational.com\/it\/competenza\/industrie\/ricerche-di-mercato-sulla-tecnologia-medica\/\" title=\"Ricerche di mercato sulla tecnologia medica (Med Tech).\"  data-wpil-monitor-id=\"3759\">technology market research<\/a> provides a roadmap. It helps in identifying which technologies are emerging, which markets are ripe for expansion, and where the most significant returns on investment lie.<\/li>\n\n\n\n<li><strong>Comprendere i sentimenti dei consumatori:<\/strong> As consumers grow more eco-conscious, their preferences shift. Clean <a href=\"https:\/\/www.sisinternational.com\/it\/competenza\/industrie\/ricerche-di-mercato-sulla-tecnologia-della-moda\/\" title=\"Ricerche di mercato sulla tecnologia della moda\"  data-wpil-monitor-id=\"5947\">technology market research<\/a> offers insights into what consumers want, enabling businesses to align their products and strategies accordingly.<\/li>\n\n\n\n<li><strong>Allineamento normativo:<\/strong> With governments worldwide implementing regulations to combat climate change, businesses need to stay ahead of the curve. Clean <a href=\"https:\/\/www.sisinternational.com\/it\/competenza\/industrie\/ricerche-di-mercato-sulla-tecnologia-dei-viaggi\/\" title=\"Ricerche di mercato sulla tecnologia dei viaggi\"  data-wpil-monitor-id=\"6219\">technology market research<\/a> provides insights into current and potential future regulatory landscapes, ensuring companies are well-prepared and compliant.<\/li>\n\n\n\n<li><a href=\"https:\/\/www.sisinternational.com\/it\/la-nuova-tecnologia-di-navigazione-globale-europea-gnss\/\" title=\"Cos&#039;\u00e8 la tecnologia di navigazione globale GNSS?\"  data-wpil-monitor-id=\"1763\">Global Perspective: The clean technology<\/a> sector is global. Understanding regional nuances, opportunities, and challenges in various parts of the world can offer a more holistic view and open doors to international expansion.<\/li>\n\n\n\n<li><strong>Facilitare i partenariati:<\/strong> Through clean <a href=\"https:\/\/www.sisinternational.com\/it\/soluzioni\/soluzioni-edtech-per-la-tecnologia-dellistruzione\/ricerche-di-mercato-sulle-tecnologie-educative\/\" title=\"Ricerche di mercato sulle tecnologie educative\"  data-wpil-monitor-id=\"6518\">technology market research<\/a>, businesses can identify potential partners, whether they are technology providers, distribution channels, or research institutions, fostering collaborations that drive growth.<\/li>\n\n\n\n<li><strong>Impostazione dei benchmark:<\/strong> Per le aziende gi\u00e0 attive nel settore cleantech, la ricerca di mercato pu\u00f2 aiutare a confrontare le loro prestazioni rispetto agli standard del settore, evidenziando le aree di forza e quelle che richiedono miglioramenti.<\/li>\n\n\n\n<li><strong>A prova di futuro:<\/strong> Il settore cleantech \u00e8 dinamico, con continui progressi. La ricerca di mercato sulle tecnologie pulite non solo fornisce un\u2019istantanea del panorama attuale, ma offre anche previsioni e tendenze per il futuro, garantendo che le aziende rimangano rilevanti pi\u00f9 a lungo.<\/li>\n<\/ul>\n\n\n\n<h2 class=\"wp-block-heading\">Vantaggi dello svolgimento di ricerche di mercato sulle tecnologie pulite<\/h2>\n\n\n\n<figure class=\"gb-block-image gb-block-image-5e180a8b\"><img loading=\"lazy\" decoding=\"async\" width=\"1456\" height=\"816\" class=\"gb-image gb-image-5e180a8b\" src=\"https:\/\/www.sisinternational.com\/wp-content\/uploads\/2025\/09\/FinTech-Terch-technology-AI-artificial-intelligence-29.jpg\" alt=\"Ricerca e strategia di mercato internazionale SIS\" title=\"FinTech Terch technology AI artificial intelligence (29)\" srcset=\"https:\/\/www.sisinternational.com\/wp-content\/uploads\/2025\/09\/FinTech-Terch-technology-AI-artificial-intelligence-29.jpg 1456w, https:\/\/www.sisinternational.com\/wp-content\/uploads\/2025\/09\/FinTech-Terch-technology-AI-artificial-intelligence-29-300x168.jpg 300w, https:\/\/www.sisinternational.com\/wp-content\/uploads\/2025\/09\/FinTech-Terch-technology-AI-artificial-intelligence-29-1024x574.jpg 1024w, https:\/\/www.sisinternational.com\/wp-content\/uploads\/2025\/09\/FinTech-Terch-technology-AI-artificial-intelligence-29-768x430.jpg 768w, https:\/\/www.sisinternational.com\/wp-content\/uploads\/2025\/09\/FinTech-Terch-technology-AI-artificial-intelligence-29-18x10.jpg 18w\" sizes=\"auto, (max-width: 1456px) 100vw, 1456px\"><\/figure>\n\n\n\n<p><\/p>\n\n\n\n<p>Una ricerca di mercato completa sulle tecnologie pulite offre numerosi vantaggi. Acquisendo una comprensione pi\u00f9 profonda delle dinamiche del mercato, le parti interessate possono prendere decisioni pi\u00f9 informate e sfruttare le opportunit\u00e0 in modo efficace:<\/p>\n\n\n\n<ul class=\"wp-block-list\">\n<li><strong>Identificazione del potenziale di mercato:<\/strong> Le ricerche di mercato svelano le dimensioni, il tasso di crescita e il potenziale di segmenti specifici del settore cleantech. Queste informazioni sono preziose per le aziende che desiderano entrare in nuovi mercati o espandere la propria gamma di prodotti.<\/li>\n\n\n\n<li><strong>Opinioni dei clienti:<\/strong> Acquisire una comprensione pi\u00f9 approfondita delle esigenze, delle preferenze e dei punti critici dei clienti consente alle aziende di personalizzare le proprie offerte in modo pi\u00f9 efficace. Ci\u00f2 pu\u00f2 portare ad una maggiore soddisfazione e fidelizzazione del cliente.<\/li>\n\n\n\n<li><strong>Analisi competitiva:<\/strong> Attraverso ricerche di mercato sulle tecnologie pulite, le aziende possono identificare i principali concorrenti, comprenderne le strategie, i punti di forza e di debolezza e trovare modi per differenziarsi sul mercato.<\/li>\n\n\n\n<li><strong>Rischi aziendali ridotti:<\/strong> Le aziende possono evitare le insidie comuni, prevedere potenziali sfide e sviluppare strategie di mitigazione, riducendo cos\u00ec il rischio di errori costosi.<\/li>\n\n\n\n<li><strong>Previsioni e analisi dei trend:<\/strong> La ricerca di mercato sulle tecnologie pulite fornisce una prospettiva lungimirante, aiutando le parti interessate ad anticipare le tendenze emergenti, i cambiamenti nel comportamento dei consumatori e le potenziali scoperte tecnologiche.<\/li>\n\n\n\n<li><strong>Strategie di marketing ottimizzate:<\/strong> Comprendendo quali canali e messaggi risuonano maggiormente con il pubblico target, le aziende possono ottimizzare la spesa di marketing e le campagne per un migliore ROI.<\/li>\n\n\n\n<li><strong>Sviluppo e innovazione del prodotto:<\/strong> <a href=\"https:\/\/www.sisinternational.com\/it\/copertura\/ricerche-di-mercato-in-australia\/\" title=\"Ricerche di mercato in Australia\"  data-wpil-monitor-id=\"2886\">Research can reveal gaps in the market<\/a>, leading to the development of innovative solutions that address unmet needs or improve upon existing technologies.<\/li>\n\n\n\n<li><strong>Conformit\u00e0 normativa:<\/strong> Rimanere aggiornati sul panorama normativo \u00e8 fondamentale nel settore cleantech. Le ricerche di mercato garantiscono che le aziende siano a conoscenza delle normative attuali e future, consentendo loro di rimanere conformi ed evitare potenziali complicazioni legali.<\/li>\n\n\n\n<li><strong>Attrarre investimenti:<\/strong> Le startup e le imprese del settore cleantech richiedono spesso investimenti significativi. Disporre di una solida ricerca di mercato sulle tecnologie pulite pu\u00f2 essere persuasivo nel suscitare interesse e fiducia da parte dei potenziali investitori.<\/li>\n\n\n\n<li><strong>Comprendere gli impatti socioeconomici:<\/strong> Poich\u00e9 la tecnologia pulita si interseca con questioni sociali ed economiche, la comprensione di queste interazioni pu\u00f2 aiutare le aziende ad affrontare le potenziali sfide e a sfruttare le opportunit\u00e0 per un impatto positivo.<\/li>\n<\/ul>\n\n\n\n<h2 class=\"wp-block-heading\">Mode del momento<\/h2>\n\n\n\n<p>La tecnologia pulita ha attraversato varie tendenze nel suo percorso e la ricerca di mercato sulle tecnologie pulite \u00e8 stata fondamentale nel determinare modelli emergenti, innovazioni rivoluzionarie e dinamiche di mercato. Ecco alcune delle tendenze pi\u00f9 importanti osservate in questo campo:<\/p>\n\n\n\n<ul class=\"wp-block-list\">\n<li><strong>Aumento delle soluzioni di stoccaggio dell\u2019energia:<\/strong> Con la crescente adozione delle energie rinnovabili, c\u2019\u00e8 interesse per le soluzioni di stoccaggio dell\u2019energia. Le tecnologie delle batterie come le batterie agli ioni di litio e le alternative pi\u00f9 recenti vengono ampiamente studiate e sviluppate.<\/li>\n\n\n\n<li><strong>Idrogeno verde:<\/strong> Le ricerche di mercato sulle tecnologie pulite evidenziano il crescente interesse per l\u2019idrogeno verde come potenziale combustibile pulito del futuro, in particolare per i settori difficili da elettrificare, come i trasporti pesanti e l\u2019industria.<\/li>\n\n\n\n<li><strong>Sistemi energetici decentralizzati:<\/strong> Le microreti e le soluzioni energetiche decentralizzate stanno guadagnando terreno, consentendo alle comunit\u00e0 e alle imprese di essere pi\u00f9 autosufficienti e resilienti, riducendo la dipendenza dalle reti energetiche centrali.<\/li>\n\n\n\n<li><strong>Pratiche di economia circolare:<\/strong> La tecnologia pulita si concentra sempre pi\u00f9 sullo sviluppo di soluzioni che promuovano il riciclaggio, il riutilizzo e la riduzione, allontanandosi dal tradizionale modello lineare \u201ctake-make-dispose\u201d.<\/li>\n\n\n\n<li><strong>Cattura e utilizzo del carbonio:<\/strong> Le tecnologie volte a catturare le emissioni di anidride carbonica e convertirle in prodotti utilizzabili stanno vedendo un aumento della ricerca e degli investimenti.<\/li>\n\n\n\n<li><strong>Elettrificazione dei trasporti:<\/strong> Oltre alle auto elettriche, c\u2019\u00e8 una tendenza crescente verso l\u2019elettrificazione di autobus, navi e persino aerei, spinta dai progressi nella tecnologia delle batterie e nelle trasmissioni elettriche.<\/li>\n\n\n\n<li><strong>Trattamento dell&#039;acqua e desalinizzazione:<\/strong> Man mano che le risorse di acqua dolce diventano pi\u00f9 scarse, le tecnologie focalizzate sulla purificazione dell\u2019acqua, sul trattamento delle acque reflue e sulla desalinizzazione stanno ricevendo maggiore attenzione.<\/li>\n\n\n\n<li><strong>AI e Big Data nella tecnologia pulita:<\/strong> L\u2019integrazione dell\u2019intelligenza artificiale e dell\u2019analisi dei big data sta aiutando a ottimizzare l\u2019utilizzo dell\u2019energia, a prevedere la manutenzione delle apparecchiature e a semplificare vari processi di tecnologia pulita.<\/li>\n\n\n\n<li><strong>Tecnologia pulita nell&#039;edilizia:<\/strong> Materiali da costruzione sostenibili, architettura verde e pratiche edilizie efficienti dal punto di vista energetico rappresentano tendenze crescenti in questo settore dinamico.<\/li>\n\n\n\n<li><strong>Investimenti socialmente responsabili:<\/strong> Gli investitori prendono sempre pi\u00f9 in considerazione criteri ambientali, sociali e di governance, indirizzando il capitale verso iniziative cleantech sostenibili e socialmente responsabili.<\/li>\n<\/ul>","protected":false},"excerpt":{"rendered":"<p>Le ricerche di mercato sulle tecnologie pulite offrono approfondimenti per prendere decisioni informate sulle preferenze dei consumatori, sulla tecnologia, sulle normative e sulla concorrenza.<\/p>","protected":false},"author":1,"featured_media":69483,"parent":14514,"menu_order":349,"comment_status":"closed","ping_status":"closed","template":"","meta":{"footnotes":""},"class_list":["post-43326","page","type-page","status-publish","has-post-thumbnail"],"_links":{"self":[{"href":"https:\/\/www.sisinternational.com\/it\/wp-json\/wp\/v2\/pages\/43326","targetHints":{"allow":["GET"]}}],"collection":[{"href":"https:\/\/www.sisinternational.com\/it\/wp-json\/wp\/v2\/pages"}],"about":[{"href":"https:\/\/www.sisinternational.com\/it\/wp-json\/wp\/v2\/types\/page"}],"author":[{"embeddable":true,"href":"https:\/\/www.sisinternational.com\/it\/wp-json\/wp\/v2\/users\/1"}],"replies":[{"embeddable":true,"href":"https:\/\/www.sisinternational.com\/it\/wp-json\/wp\/v2\/comments?post=43326"}],"version-history":[{"count":11,"href":"https:\/\/www.sisinternational.com\/it\/wp-json\/wp\/v2\/pages\/43326\/revisions"}],"predecessor-version":[{"id":80101,"href":"https:\/\/www.sisinternational.com\/it\/wp-json\/wp\/v2\/pages\/43326\/revisions\/80101"}],"up":[{"embeddable":true,"href":"https:\/\/www.sisinternational.com\/it\/wp-json\/wp\/v2\/pages\/14514"}],"wp:featuredmedia":[{"embeddable":true,"href":"https:\/\/www.sisinternational.com\/it\/wp-json\/wp\/v2\/media\/69483"}],"wp:attachment":[{"href":"https:\/\/www.sisinternational.com\/it\/wp-json\/wp\/v2\/media?parent=43326"}],"curies":[{"name":"wp","href":"https:\/\/api.w.org\/{rel}","templated":true}]}}