{"id":43293,"date":"2023-09-01T16:23:54","date_gmt":"2023-09-01T20:23:54","guid":{"rendered":"https:\/\/www.sisinternational.com\/?page_id=43293"},"modified":"2026-01-26T17:13:39","modified_gmt":"2026-01-26T22:13:39","slug":"ricerche-di-mercato-sulla-gestione-della-sicurezza","status":"publish","type":"page","link":"https:\/\/www.sisinternational.com\/it\/competenza\/ricerche-di-mercato-sulla-gestione-della-sicurezza\/","title":{"rendered":"Ricerche di mercato sulla gestione della sicurezza"},"content":{"rendered":"<h1 class=\"wp-block-heading\">Ricerche di mercato sulla gestione della sicurezza<\/h1>\n\n\n\n<figure class=\"gb-block-image gb-block-image-dcdec37e\"><img loading=\"lazy\" decoding=\"async\" width=\"1456\" height=\"816\" class=\"gb-image gb-image-dcdec37e\" src=\"https:\/\/www.sisinternational.com\/wp-content\/uploads\/2025\/10\/Financial-Service-Change-Management-1.jpg\" alt=\"Ricerca e strategia di mercato internazionale SIS\" title=\"Financial Service Change Management (1)\" srcset=\"https:\/\/www.sisinternational.com\/wp-content\/uploads\/2025\/10\/Financial-Service-Change-Management-1.jpg 1456w, https:\/\/www.sisinternational.com\/wp-content\/uploads\/2025\/10\/Financial-Service-Change-Management-1-300x168.jpg 300w, https:\/\/www.sisinternational.com\/wp-content\/uploads\/2025\/10\/Financial-Service-Change-Management-1-1024x574.jpg 1024w, https:\/\/www.sisinternational.com\/wp-content\/uploads\/2025\/10\/Financial-Service-Change-Management-1-768x430.jpg 768w, https:\/\/www.sisinternational.com\/wp-content\/uploads\/2025\/10\/Financial-Service-Change-Management-1-18x10.jpg 18w\" sizes=\"auto, (max-width: 1456px) 100vw, 1456px\"><\/figure>\n\n\n\n<p><\/p>\n\n\n\n<p>La ricerca di mercato sulla gestione della sicurezza fornisce alle parti interessate approfondimenti sulle dimensioni, sulle tendenze di crescita e sulle sfumature del mercato, evidenziando anche i progressi tecnologici, le dinamiche competitive e i quadri normativi in evoluzione. Questa ricerca aiuta le aziende, i politici e i leader del settore a prendere decisioni informate che guidano la crescita, l\u2019innovazione e gli standard di sicurezza.<\/p>\n\n\n\n<p>Pertanto, la ricerca di mercato sulla gestione della sicurezza \u00e8 il riflesso di un cambiamento aziendale e culturale pi\u00f9 ampio che pu\u00f2 influenzare le aziende di tutto il mondo.<\/p>\n\n\n\n<h2 class=\"wp-block-heading\">Che cos\u2019\u00e8 la ricerca di mercato sulla gestione della sicurezza e perch\u00e9 \u00e8 cos\u00ec importante?<\/h2>\n\n\n\n<p>Sicurezza <a href=\"https:\/\/www.sisinternational.com\/it\/soluzioni\/legal-market-research\/ricerca-di-mercato-sulla-gestione-della-spesa-dello-studio-legale\/\" title=\"Ricerche di mercato sulla gestione della spesa dello studio legale\"  data-wpil-monitor-id=\"2321\">management market research<\/a> is the process of analyzing and interpreting data related to the safety management industry such as industry trends, competitive landscape, regulatory environment, technological innovations, customer segmentation, demand analysis, and distribution channels, among others.<\/p>\n\n\n\n<p>Sicurezza <a href=\"https:\/\/www.sisinternational.com\/it\/competenza\/industrie\/ricerche-di-mercato-sulla-gestione-del-traffico\/\" title=\"Ricerche di mercato sulla gestione del traffico\"  data-wpil-monitor-id=\"3265\">management market research<\/a> is critically important for several reasons, especially considering the nature of the industry and its direct impact on people&#8217;s well-being, organizational success, and societal functions. Here&#8217;s why it holds such importance:<\/p>\n\n\n\n<ul class=\"wp-block-list\">\n<li><strong>Conformit\u00e0 normativa:<\/strong> Le normative sulla sicurezza possono variare in base alla regione, al settore e al tempo. Rimanere al passo con i cambiamenti normativi \u00e8 fondamentale per le aziende per garantire che i loro prodotti e servizi rimangano conformi, riducendo il rischio di conseguenze legali e potenziali danni alla loro reputazione.<\/li>\n\n\n\n<li><strong>Vantaggio competitivo:<\/strong> Comprendere il panorama competitivo consente alle aziende di identificare le lacune nel mercato, personalizzare la propria offerta e differenziarsi, ottenendo un vantaggio competitivo.<\/li>\n\n\n\n<li><strong>Spinta verso l\u2019innovazione:<\/strong> Con l\u2019evoluzione delle tecnologie e delle migliori pratiche, le aziende possono identificare nuove opportunit\u00e0 di innovazione nella gestione della sicurezza, garantendosi di rimanere all\u2019avanguardia nel settore.<\/li>\n\n\n\n<li><strong>Mitigazione del rischio:<\/strong> Safety inherently revolves around minimizing risks. <a href=\"https:\/\/www.sisinternational.com\/it\/competenza\/industrie\/ricerche-di-mercato-sulla-sicurezza-stradale\/\" title=\"Ricerche di mercato sulla sicurezza stradale\"  data-wpil-monitor-id=\"4727\">Safety management market research<\/a> helps businesses understand potential risks in their operations and strategies, allowing them to take preemptive actions.<\/li>\n\n\n\n<li><strong>Soddisfare le esigenze dei clienti:<\/strong> Comprendendo le esigenze, le preferenze e i punti critici dei clienti, le aziende possono sviluppare soluzioni che soddisfano direttamente le richieste del mercato, garantendo una maggiore soddisfazione e fidelizzazione dei clienti.<\/li>\n\n\n\n<li><strong>Fiducia delle parti interessate:<\/strong> Dimostrare una conoscenza approfondita del panorama della sicurezza e affrontare in modo proattivo le preoccupazioni pu\u00f2 aumentare la fiducia tra le parti interessate, dai clienti e dipendenti agli investitori e partner.<\/li>\n\n\n\n<li><strong>Marketing su misura:<\/strong> La conoscenza dei segmenti di mercato, delle loro preferenze e dei comportamenti consente alle aziende di elaborare strategie di marketing e comunicazione pi\u00f9 efficaci.<\/li>\n\n\n\n<li><strong>Crescita e sostenibilit\u00e0 a lungo termine:<\/strong> An organization that consistently aligns its <a href=\"https:\/\/www.sisinternational.com\/it\/il-global-talent-crunch-un-libro-bianco-di-ruth-stanat\/\" title=\"Ricerche di mercato sulla gestione dei talenti\"  data-wpil-monitor-id=\"2194\">strategies with market research<\/a> insights is more likely to achieve long-term growth and sustainability in the dynamic safety management industry.<\/li>\n<\/ul>\n\n\n\n<h2 class=\"wp-block-heading\">Vantaggi derivanti dallo svolgimento di ricerche di mercato sulla gestione della sicurezza<\/h2>\n\n\n\n<figure class=\"gb-block-image gb-block-image-2646483c\"><img loading=\"lazy\" decoding=\"async\" width=\"1456\" height=\"816\" class=\"gb-image gb-image-2646483c\" src=\"https:\/\/www.sisinternational.com\/wp-content\/uploads\/2025\/10\/Human-Resources-and-Talent-Management-2.jpg\" alt=\"Ricerca e strategia di mercato internazionale SIS\" title=\"Human Resources and Talent Management (2)\" srcset=\"https:\/\/www.sisinternational.com\/wp-content\/uploads\/2025\/10\/Human-Resources-and-Talent-Management-2.jpg 1456w, https:\/\/www.sisinternational.com\/wp-content\/uploads\/2025\/10\/Human-Resources-and-Talent-Management-2-300x168.jpg 300w, https:\/\/www.sisinternational.com\/wp-content\/uploads\/2025\/10\/Human-Resources-and-Talent-Management-2-1024x574.jpg 1024w, https:\/\/www.sisinternational.com\/wp-content\/uploads\/2025\/10\/Human-Resources-and-Talent-Management-2-768x430.jpg 768w, https:\/\/www.sisinternational.com\/wp-content\/uploads\/2025\/10\/Human-Resources-and-Talent-Management-2-18x10.jpg 18w\" sizes=\"auto, (max-width: 1456px) 100vw, 1456px\"><\/figure>\n\n\n\n<p><\/p>\n\n\n\n<p>Safety management ensures the well-being of personnel, assets, and operations. Thus, conducting market research can provide invaluable insights and advantages. Here are some of the primary <a href=\"https:\/\/www.sisinternational.com\/it\/competenza\/industrie\/ricerca-di-mercato-pbm-del-responsabile-dei-benefici-farmaceutici\/\" title=\"Ricerche di mercato sul Pharmacy Benefit Manager (PBM).\"  data-wpil-monitor-id=\"4230\">benefits of undertaking safety management market research<\/a>:<\/p>\n\n\n\n<ul class=\"wp-block-list\">\n<li><strong>Processo decisionale informato:<\/strong> Comprendendo le tendenze, le richieste e le sfide del mercato, le aziende possono prendere decisioni informate riguardo allo sviluppo del prodotto, alle offerte di servizi e agli adeguamenti operativi.<\/li>\n\n\n\n<li><strong>Identification of <\/strong><a href=\"https:\/\/www.sisinternational.com\/it\/competenza\/industrie\/ricerche-di-mercato-sulla-gestione-della-flotta\/\" title=\"Ricerche di mercato sulla gestione della flotta\"  data-wpil-monitor-id=\"5902\">Market Opportunities: Safety management market research<\/a> can uncover untapped or underserved market segments, allowing businesses to position their safety management solutions effectively.<\/li>\n\n\n\n<li><strong>Vantaggio competitivo:<\/strong> Una conoscenza approfondita del panorama competitivo pu\u00f2 fornire informazioni su ci\u00f2 che stanno facendo i concorrenti, consentendo alle aziende di differenziare la propria offerta e rimanere al passo.<\/li>\n\n\n\n<li><strong>Allineamento agli standard normativi:<\/strong> Sicurezza <a href=\"https:\/\/www.sisinternational.com\/it\/competenza\/industrie\/ricerche-di-mercato-sulla-gestione-dei-rifiuti\/\" title=\"Ricerche di mercato sulla gestione dei rifiuti\"  data-wpil-monitor-id=\"5952\">management market research<\/a> helps businesses stay updated with changing regulations, ensuring compliance and avoiding potential legal repercussions.<\/li>\n\n\n\n<li><strong>Relazioni con i clienti migliorate:<\/strong> Comprendendo le esigenze e le aspettative degli utenti finali, le aziende possono personalizzare le proprie soluzioni di sicurezza, migliorando la soddisfazione e la fidelizzazione dei clienti.<\/li>\n\n\n\n<li><strong>Previsioni e pianificazione strategica:<\/strong> Sicurezza <a href=\"https:\/\/www.sisinternational.com\/it\/soluzioni\/soluzioni-di-ricerca-quantitativa-qualitativa\/ricerche-di-mercato-sulla-gestione-delle-strutture\/\" title=\"Ricerche di mercato sulla gestione delle strutture\"  data-wpil-monitor-id=\"6447\">management market research<\/a> offers data-driven projections about the future of the safety management market, enabling businesses to strategize for both short-term and long-term objectives.<\/li>\n\n\n\n<li><strong>Efficienza dei costi:<\/strong> Identificando i segmenti di mercato pi\u00f9 redditizi e comprendendo le preferenze dei clienti, le aziende possono ottimizzare le spese operative e di marketing.<\/li>\n\n\n\n<li><strong>Comprendere le sfumature culturali e regionali:<\/strong> Le pratiche di gestione della sicurezza possono variare in base a fattori culturali o regionali. La ricerca di mercato sulla gestione della sicurezza fornisce informazioni su queste sfumature, consentendo una migliore localizzazione delle soluzioni.<\/li>\n<\/ul>\n\n\n\n<h2 class=\"wp-block-heading\">Tendenze attuali nelle ricerche di mercato sulla gestione della sicurezza<\/h2>\n\n\n\n<p>Numerose tendenze stanno plasmando il settore della gestione della sicurezza e, per estensione, la natura della ricerca nel settore. Ecco uno sguardo alle tendenze attuali osservate nelle ricerche di mercato sulla gestione della sicurezza:<\/p>\n\n\n\n<ul class=\"wp-block-list\">\n<li><strong>Integrazione di tecnologie avanzate:<\/strong> Le soluzioni di gestione della sicurezza sfruttano sempre pi\u00f9 l\u2019intelligenza artificiale per l\u2019analisi predittiva, identificando i potenziali rischi prima che si manifestino. Allo stesso modo, l\u2019IoT consente il monitoraggio in tempo reale di apparecchiature e ambienti.<\/li>\n\n\n\n<li><strong>Processo decisionale basato sui dati:<\/strong> L\u2019uso di big data e analisi nella gestione della sicurezza aiuta a comprendere i modelli, prevedere potenziali pericoli e ottimizzare i protocolli di sicurezza.<\/li>\n\n\n\n<li><strong>Protocolli di sicurezza sul lavoro a distanza:<\/strong> Con l\u2019aumento del lavoro a distanza, c\u2019\u00e8 una ritrovata attenzione nel garantire la sicurezza dei dipendenti negli uffici domestici, coprendo aspetti che vanno dall\u2019ergonomia alla sicurezza digitale.<\/li>\n\n\n\n<li><strong>Globalizzazione e standardizzazione:<\/strong> Poich\u00e9 le aziende operano su scala globale, vi \u00e8 una spinta verso la standardizzazione dei protocolli di sicurezza tra le regioni, garantendo standard di sicurezza coerenti.<\/li>\n\n\n\n<li><strong>Coinvolgimento e feedback dei dipendenti:<\/strong> I dipendenti vengono coinvolti pi\u00f9 attivamente nello sviluppo del protocollo di sicurezza, garantendo che le misure siano basate sulle esperienze e sulle esigenze del mondo reale.<\/li>\n\n\n\n<li><strong>Formazione sulla realt\u00e0 virtuale (VR) e sulla realt\u00e0 aumentata (AR):<\/strong> VR e AR vengono impiegate per la formazione sulla sicurezza, consentendo ai lavoratori di simulare scenari di emergenza e mettere in pratica le risposte senza rischi nel mondo reale.<\/li>\n<\/ul>\n\n\n\n<h2 class=\"wp-block-heading\">Prospettive future delle ricerche di mercato sulla gestione della sicurezza<\/h2>\n\n\n\n<figure class=\"gb-block-image gb-block-image-6dc1e08f\"><img loading=\"lazy\" decoding=\"async\" width=\"1456\" height=\"816\" class=\"gb-image gb-image-6dc1e08f\" src=\"https:\/\/www.sisinternational.com\/wp-content\/uploads\/2025\/10\/Management-Consulting-Automation-4.jpg\" alt=\"Ricerca e strategia di mercato internazionale SIS\" title=\"Management Consulting Automation (4)\" srcset=\"https:\/\/www.sisinternational.com\/wp-content\/uploads\/2025\/10\/Management-Consulting-Automation-4.jpg 1456w, https:\/\/www.sisinternational.com\/wp-content\/uploads\/2025\/10\/Management-Consulting-Automation-4-300x168.jpg 300w, https:\/\/www.sisinternational.com\/wp-content\/uploads\/2025\/10\/Management-Consulting-Automation-4-1024x574.jpg 1024w, https:\/\/www.sisinternational.com\/wp-content\/uploads\/2025\/10\/Management-Consulting-Automation-4-768x430.jpg 768w, https:\/\/www.sisinternational.com\/wp-content\/uploads\/2025\/10\/Management-Consulting-Automation-4-18x10.jpg 18w\" sizes=\"auto, (max-width: 1456px) 100vw, 1456px\"><\/figure>\n\n\n\n<p><\/p>\n\n\n\n<p>Le prospettive future delle ricerche di mercato sulla gestione della sicurezza puntano verso un panorama in evoluzione guidato dalla tecnologia, dalle sfide globali e da una maggiore attenzione al benessere globale. Ecco una proiezione sul futuro delle ricerche di mercato sulla gestione della sicurezza:<\/p>\n\n\n\n<ul class=\"wp-block-list\">\n<li><strong>Enfasi sulla salute totale del lavoratore:<\/strong> Oltre alla salute fisica e mentale, il benessere olistico dei dipendenti diventer\u00e0 fondamentale. Ci\u00f2 include aspetti come il benessere finanziario, l\u2019equilibrio tra lavoro e vita privata e le connessioni sociali.<\/li>\n\n\n\n<li><strong>Standardizzazione globale dei protocolli di sicurezza:<\/strong> Man mano che le aziende espandono la loro presenza globale, ci sar\u00e0 una spinta verso standard di sicurezza universalmente accettati per garantire coerenza oltre confine.<\/li>\n\n\n\n<li><strong>Ambienti di lavoro decentralizzati:<\/strong> Il passaggio a modelli di lavoro remoti e ibridi richieder\u00e0 nuovi protocolli di sicurezza, tra cui sicurezza digitale, configurazioni domestiche ergonomiche e supporto per la salute mentale.<\/li>\n\n\n\n<li><strong>AR e VR nella formazione sul posto di lavoro:<\/strong> Le simulazioni virtuali avanzate diventeranno la norma per la formazione, soprattutto nei lavori ad alto rischio, garantendo che i lavoratori siano ben preparati senza esporsi ai pericoli del mondo reale.<\/li>\n\n\n\n<li><strong>Protocolli sui cambiamenti climatici e sulla sicurezza:<\/strong> Con i crescenti effetti del cambiamento climatico, le aziende dovranno integrare i cambiamenti ambientali nei loro protocolli di sicurezza, soprattutto in settori come l\u2019agricoltura, l\u2019edilizia e la logistica.<\/li>\n\n\n\n<li><strong>Protezioni avanzate per gli informatori:<\/strong> Saranno messi in atto sistemi e protezioni pi\u00f9 rigorosi affinch\u00e9 gli informatori possano segnalare problemi di sicurezza senza timore di ritorsioni.<\/li>\n\n\n\n<li><strong>Ecosistemi di sicurezza collaborativi:<\/strong> Aziende, regolatori, fornitori di tecnologia e lavoratori collaboreranno pi\u00f9 strettamente, creando ecosistemi di sicurezza integrati in cui le informazioni e le migliori pratiche saranno condivise senza soluzione di continuit\u00e0.<\/li>\n\n\n\n<li><strong>Apprendimento continuo:<\/strong> Con il rapido ritmo del progresso tecnologico, si porr\u00e0 l\u2019accento sull\u2019apprendimento continuo e sull\u2019aggiornamento dei protocolli di sicurezza per rimanere aggiornati.<\/li>\n<\/ul>","protected":false},"excerpt":{"rendered":"<p>Le ricerche di mercato sulla gestione della sicurezza forniscono approfondimenti di mercato, tendenze di crescita e modifiche normative, nonch\u00e9 progressi tecnologici e concorrenza.<\/p>","protected":false},"author":1,"featured_media":71747,"parent":14514,"menu_order":347,"comment_status":"closed","ping_status":"closed","template":"","meta":{"footnotes":""},"class_list":["post-43293","page","type-page","status-publish","has-post-thumbnail"],"_links":{"self":[{"href":"https:\/\/www.sisinternational.com\/it\/wp-json\/wp\/v2\/pages\/43293","targetHints":{"allow":["GET"]}}],"collection":[{"href":"https:\/\/www.sisinternational.com\/it\/wp-json\/wp\/v2\/pages"}],"about":[{"href":"https:\/\/www.sisinternational.com\/it\/wp-json\/wp\/v2\/types\/page"}],"author":[{"embeddable":true,"href":"https:\/\/www.sisinternational.com\/it\/wp-json\/wp\/v2\/users\/1"}],"replies":[{"embeddable":true,"href":"https:\/\/www.sisinternational.com\/it\/wp-json\/wp\/v2\/comments?post=43293"}],"version-history":[{"count":11,"href":"https:\/\/www.sisinternational.com\/it\/wp-json\/wp\/v2\/pages\/43293\/revisions"}],"predecessor-version":[{"id":80030,"href":"https:\/\/www.sisinternational.com\/it\/wp-json\/wp\/v2\/pages\/43293\/revisions\/80030"}],"up":[{"embeddable":true,"href":"https:\/\/www.sisinternational.com\/it\/wp-json\/wp\/v2\/pages\/14514"}],"wp:featuredmedia":[{"embeddable":true,"href":"https:\/\/www.sisinternational.com\/it\/wp-json\/wp\/v2\/media\/71747"}],"wp:attachment":[{"href":"https:\/\/www.sisinternational.com\/it\/wp-json\/wp\/v2\/media?parent=43293"}],"curies":[{"name":"wp","href":"https:\/\/api.w.org\/{rel}","templated":true}]}}