{"id":43265,"date":"2023-09-01T12:03:18","date_gmt":"2023-09-01T16:03:18","guid":{"rendered":"https:\/\/www.sisinternational.com\/?page_id=43265"},"modified":"2026-01-24T17:11:01","modified_gmt":"2026-01-24T22:11:01","slug":"societa-di-consulenza-per-ricerche-di-mercato-in-franchising","status":"publish","type":"page","link":"https:\/\/www.sisinternational.com\/it\/competenza\/societa-di-consulenza-per-ricerche-di-mercato-in-franchising\/","title":{"rendered":"Societ\u00e0 di ricerche di mercato e consulenza in franchising"},"content":{"rendered":"<h1 class=\"wp-block-heading\">Societ\u00e0 di ricerche di mercato e consulenza in franchising<\/h1>\n\n\n\n<figure class=\"gb-block-image gb-block-image-609c0433\"><img loading=\"lazy\" decoding=\"async\" width=\"1456\" height=\"816\" class=\"gb-image gb-image-609c0433\" src=\"https:\/\/www.sisinternational.com\/wp-content\/uploads\/2025\/08\/Franchise-1.jpg\" alt=\"Ricerca e strategia di mercato internazionale SIS\" title=\"Franchise (1)\" srcset=\"https:\/\/www.sisinternational.com\/wp-content\/uploads\/2025\/08\/Franchise-1.jpg 1456w, https:\/\/www.sisinternational.com\/wp-content\/uploads\/2025\/08\/Franchise-1-300x168.jpg 300w, https:\/\/www.sisinternational.com\/wp-content\/uploads\/2025\/08\/Franchise-1-1024x574.jpg 1024w, https:\/\/www.sisinternational.com\/wp-content\/uploads\/2025\/08\/Franchise-1-768x430.jpg 768w, https:\/\/www.sisinternational.com\/wp-content\/uploads\/2025\/08\/Franchise-1-18x10.jpg 18w\" sizes=\"auto, (max-width: 1456px) 100vw, 1456px\"><\/figure>\n\n\n\n<p><\/p>\n\n\n\n<p>Per aiutare i marchi a superare le sfide dell\u2019espansione, della rivalit\u00e0 con la concorrenza e del rapido cambiamento delle preferenze dei consumatori, una societ\u00e0 di ricerche di mercato e consulenza in franchising potrebbe essere la risposta.<\/p>\n\n\n\n<p>Queste aziende specializzate guidano i franchising con una miscela di ricerca meticolosa e intuizioni strategiche. Il ruolo che svolgono \u00e8 inestimabile, poich\u00e9 colma il divario tra dati grezzi e strategie attuabili. Che si tratti di esplorare la prossima posizione redditizia o di prevedere una tendenza di mercato, queste aziende forniscono l&#039;esperienza che spinge i franchising a livelli pi\u00f9 alti.<\/p>\n\n\n\n<h2 class=\"wp-block-heading\">Vantaggi dell&#039;assunzione di una societ\u00e0 di ricerche di mercato e consulenza in franchising<\/h2>\n\n\n\n<p>Una societ\u00e0 di consulenza funge da partner strategico, apportando numerosi vantaggi, tra cui:<\/p>\n\n\n\n<ul class=\"wp-block-list\">\n<li><strong>Mitigazione del rischio:<\/strong> Comprendere le potenziali sfide consente ai franchising di anticipare e definire strategie contro i rischi, garantendo operazioni aziendali pi\u00f9 fluide.<\/li>\n\n\n\n<li><strong>Vantaggio competitivo:<\/strong> Il benchmarking della concorrenza offre informazioni su ci\u00f2 che stanno facendo i marchi rivali, consentendo ai franchising di ritagliarsi posizioni di mercato distinte e stare al passo con la concorrenza.<\/li>\n\n\n\n<li><strong>Eccellenza operativa:<\/strong> UN <a class=\"wpil_keyword_link\" href=\"https:\/\/www.sisinternational.com\/it\/competenza\/industrie\/ricerche-di-mercato-in-franchising\/\"   title=\"Ricerche di mercato in franchising\" data-wpil-keyword-link=\"linked\"  data-wpil-monitor-id=\"331\">ricerche di mercato in franchising<\/a> and consulting company provides guidance on best practices, streamlining processes, enhancing efficiency, and ultimately boosting profitability.<\/li>\n\n\n\n<li><strong>Strategie di marketing personalizzate:<\/strong> Comprendendo segmenti di mercato specifici, preferenze dei clienti e sfumature regionali, i franchising possono creare campagne di marketing che risuonano in modo pi\u00f9 efficace con il loro pubblico target.<\/li>\n\n\n\n<li><strong>Accesso agli esperti del settore:<\/strong> Una societ\u00e0 di ricerche di mercato e consulenza in franchising dispone spesso di un elenco di esperti del settore che portano anni di esperienza e conoscenza, fornendo una guida preziosa.<\/li>\n\n\n\n<li><strong>Risparmi:<\/strong> Attraverso un\u2019efficiente allocazione delle risorse, la riduzione degli sprechi e la pianificazione strategica, i franchising possono ottenere notevoli risparmi sui costi nel lungo periodo.<\/li>\n\n\n\n<li><strong>Adattabilit\u00e0 alle tendenze:<\/strong> Rimanere aggiornati con le tendenze dei mercati emergenti, sia in termini di tecnologia, comportamento dei consumatori o eventi globali, garantisce che i franchising rimangano pertinenti e adattivi.<\/li>\n\n\n\n<li><strong>Conformit\u00e0 normativa:<\/strong> Le societ\u00e0 di consulenza assistono regolarmente nella navigazione nell&#039;intricata rete di normative, garantendo che i franchising rimangano conformi ed evitino potenziali complicazioni legali.<\/li>\n\n\n\n<li><strong>Formazione e sviluppo delle competenze:<\/strong> Una societ\u00e0 di ricerche di mercato e consulenza in franchising offre moduli di formazione per migliorare le competenze del personale, dal servizio clienti alla gestione, garantendo che il franchising funzioni al meglio.<\/li>\n\n\n\n<li><strong>Feedback oggettivo:<\/strong> Una societ\u00e0 di ricerca e consulenza esterna fornisce feedback e valutazioni imparziali, consentendo un&#039;autentica introspezione e crescita.<\/li>\n<\/ul>\n\n\n\n<h2 class=\"wp-block-heading\">Societ\u00e0 di ricerche di mercato e consulenza in franchising: tendenze emergenti<\/h2>\n\n\n\n<figure class=\"gb-block-image gb-block-image-12a4442b\"><img loading=\"lazy\" decoding=\"async\" width=\"1456\" height=\"816\" class=\"gb-image gb-image-12a4442b\" src=\"https:\/\/www.sisinternational.com\/wp-content\/uploads\/2025\/08\/Franchise-3.jpg\" alt=\"Ricerca e strategia di mercato internazionale SIS\" title=\"Franchise (3)\" srcset=\"https:\/\/www.sisinternational.com\/wp-content\/uploads\/2025\/08\/Franchise-3.jpg 1456w, https:\/\/www.sisinternational.com\/wp-content\/uploads\/2025\/08\/Franchise-3-300x168.jpg 300w, https:\/\/www.sisinternational.com\/wp-content\/uploads\/2025\/08\/Franchise-3-1024x574.jpg 1024w, https:\/\/www.sisinternational.com\/wp-content\/uploads\/2025\/08\/Franchise-3-768x430.jpg 768w, https:\/\/www.sisinternational.com\/wp-content\/uploads\/2025\/08\/Franchise-3-18x10.jpg 18w\" sizes=\"auto, (max-width: 1456px) 100vw, 1456px\"><\/figure>\n\n\n\n<p><\/p>\n\n\n\n<p>Man mano che il panorama aziendale si evolve, anche il campo delle ricerche di mercato e della consulenza in franchising si evolve. Queste aziende rimangono al passo con gli ultimi sviluppi per fornire approfondimenti pertinenti e attuabili ai propri clienti \u2013 ed ecco alcune tendenze emergenti in questo settore:<\/p>\n\n\n\n<ul class=\"wp-block-list\">\n<li><strong>Focus sulla sostenibilit\u00e0:<\/strong> C\u2019\u00e8 una crescente domanda di ricerca sulle pratiche sostenibili. I franchising sono desiderosi di comprendere i sentimenti dei consumatori riguardo alla sostenibilit\u00e0 e come possono integrare pratiche ecocompatibili per soddisfare questa domanda.<\/li>\n\n\n\n<li><strong>Strategie localizzate:<\/strong> Con la consapevolezza che non esiste una soluzione valida per tutti, vi \u00e8 una crescente enfasi sulla creazione di strategie localizzate. Una societ\u00e0 di ricerche di mercato e consulenza in franchising assiste i marchi nel personalizzare le loro offerte per rispondere alle culture, ai gusti e alle preferenze locali.<\/li>\n\n\n\n<li><strong>Realt\u00e0 Virtuale (VR) e Realt\u00e0 Aumentata (AR):<\/strong> Queste tecnologie stanno diventando fondamentali nelle ricerche di mercato. VR e AR consentono esperienze cliente coinvolgenti e sessioni di feedback, consentendo ai franchising di perfezionare i propri concetti prima del lancio fisico.<\/li>\n\n\n\n<li><strong>Modelli di franchising diversificati:<\/strong> Oltre al franchising tradizionale, stanno guadagnando terreno modelli come il microfranchising e il franchising sociale. Una societ\u00e0 di ricerche di mercato e consulenza in franchising pu\u00f2 fornire consulenza su questi modelli alternativi, soprattutto nei mercati emergenti.<\/li>\n\n\n\n<li><strong>E-commerce e strategie omnicanale:<\/strong> Con l\u2019aumento dello shopping online, c\u2019\u00e8 una crescente necessit\u00e0 di integrare i franchising fisici con le piattaforme digitali. Le societ\u00e0 di consulenza offrono ora strategie per garantire esperienze omnicanale senza soluzione di continuit\u00e0.<\/li>\n\n\n\n<li><strong>Ricerca incentrata sull\u2019esperienza:<\/strong> Al di l\u00e0 dei prodotti e dei servizi, l\u2019esperienza complessiva del cliente sta diventando un punto focale. La ricerca di mercato sta approfondendo fattori come l\u2019atmosfera, il coinvolgimento e le offerte esperienziali.<\/li>\n\n\n\n<li><strong>Privacy ed etica dei dati:<\/strong> Poich\u00e9 i dati sono fondamentali per le ricerche di mercato, vi \u00e8 una crescente enfasi sulla garanzia della privacy dei dati e delle pratiche di ricerca etica, nel rispetto degli standard e delle normative globali.<\/li>\n<\/ul>\n\n\n\n<h2 class=\"wp-block-heading\">Societ\u00e0 di ricerche di mercato e consulenza in franchising: prospettive future<\/h2>\n\n\n\n<figure class=\"gb-block-image gb-block-image-43030504\"><img loading=\"lazy\" decoding=\"async\" width=\"1456\" height=\"816\" class=\"gb-image gb-image-43030504\" src=\"https:\/\/www.sisinternational.com\/wp-content\/uploads\/2025\/08\/Franchise-4.jpg\" alt=\"Ricerca e strategia di mercato internazionale SIS\" title=\"Franchise (4)\" srcset=\"https:\/\/www.sisinternational.com\/wp-content\/uploads\/2025\/08\/Franchise-4.jpg 1456w, https:\/\/www.sisinternational.com\/wp-content\/uploads\/2025\/08\/Franchise-4-300x168.jpg 300w, https:\/\/www.sisinternational.com\/wp-content\/uploads\/2025\/08\/Franchise-4-1024x574.jpg 1024w, https:\/\/www.sisinternational.com\/wp-content\/uploads\/2025\/08\/Franchise-4-768x430.jpg 768w, https:\/\/www.sisinternational.com\/wp-content\/uploads\/2025\/08\/Franchise-4-18x10.jpg 18w\" sizes=\"auto, (max-width: 1456px) 100vw, 1456px\"><\/figure>\n\n\n\n<p><\/p>\n\n\n\n<p>In un mondo in costante cambiamento, in cui le aziende sono alla continua ricerca di innovazione e adattamento, il ruolo delle societ\u00e0 di ricerca di mercato e di consulenza in franchising sta diventando ancora pi\u00f9 cruciale \u2013 e queste sono alcune tendenze e proiezioni chiave che probabilmente daranno forma alle prospettive future di queste aziende:<\/p>\n\n\n\n<ul class=\"wp-block-list\">\n<li><strong>Iperpersonalizzazione:<\/strong> Con l\u2019afflusso di big data e capacit\u00e0 di apprendimento automatico, una societ\u00e0 di consulenza e ricerche di mercato in franchising pu\u00f2 fornire approfondimenti ultra-specifici, aprendo la strada ai franchising per offrire esperienze, prodotti e servizi iper-personalizzati.<\/li>\n\n\n\n<li><strong>Globale e locale:<\/strong> As franchising expands globally, there will be a simultaneous pull toward localization. A Franchise market <a href=\"https:\/\/www.sisinternational.com\/it\/fette-sottili-nel-marketing-di-una-recensione-di-blink\/\" title=\"Thin-Slicing in Marketing: Book Review of &#8220;Blink&#8221;\"  data-wpil-monitor-id=\"1633\">research and consulting company will assist brands<\/a> in striking a balance, ensuring global brand consistency while catering to local tastes and sensibilities.<\/li>\n\n\n\n<li><strong>Automazione intelligente:<\/strong> L\u2019intelligenza artificiale avanzata automatizzer\u00e0 molti processi di ricerca, garantendo tempi di consegna pi\u00f9 rapidi e previsioni pi\u00f9 accurate. Ci\u00f2 consentir\u00e0 ai consulenti di concentrarsi maggiormente sulla strategia e sull&#039;implementazione.<\/li>\n\n\n\n<li><strong>Consulenza Sostenibile ed Etica:<\/strong> La domanda di modelli di business sostenibili aumenter\u00e0. Una societ\u00e0 di ricerche di mercato e consulenza in franchising guider\u00e0 i franchising nell&#039;integrazione di pratiche ecologiche, approvvigionamento etico e coinvolgimento della comunit\u00e0.<\/li>\n\n\n\n<li><strong>Modelli di business olistici:<\/strong> Al di l\u00e0 dei modelli orientati al profitto, ci sar\u00e0 un aumento dei franchising focalizzati su benefici olistici, dal benessere della comunit\u00e0 all\u2019impatto ambientale.<\/li>\n\n\n\n<li><strong>Gestione decentralizzata del franchising:<\/strong> Con i progressi nella blockchain, ci saranno sistemi di gestione del franchising decentralizzati, che offriranno trasparenza, sicurezza e operazioni semplificate.<\/li>\n\n\n\n<li><strong>Pianificazione della resilienza:<\/strong> Le future ricerche di mercato e consulenza porranno un\u2019enfasi significativa sulla costruzione di modelli di business resilienti, aiutando i franchising a prepararsi per eventi globali imprevisti o interruzioni del mercato.<\/li>\n\n\n\n<li><strong>Ecosistemi collaborativi:<\/strong> Le societ\u00e0 di consulenza si evolveranno da fornitori di servizi a collaboratori, promuovendo ecosistemi in cui franchising, fornitori e persino concorrenti collaborano per una crescita reciproca.<\/li>\n\n\n\n<li><strong>Pratiche etiche relative ai dati:<\/strong> Man mano che i dati diventano la spina dorsale delle ricerche di mercato, ci saranno normative pi\u00f9 severe e una maggiore enfasi sulla raccolta, archiviazione e analisi etica dei dati, garantendo la privacy e la fiducia dei consumatori.<\/li>\n\n\n\n<li><strong>Offerte di servizi diversificati:<\/strong> Le societ\u00e0 di consulenza diversificheranno i loro servizi, approfondendo aree come la salute mentale sul posto di lavoro, la formazione sull\u2019integrazione tecnologica \u2013 e persino seminari sulla sensibilit\u00e0 culturale, soddisfacendo le esigenze pi\u00f9 ampie dei franchising.<\/li>\n\n\n\n<li><strong>Concentrarsi sul coinvolgimento mentale ed emotivo:<\/strong> The future will see a shift from transactional interactions to emotional engagements. A franchise market <a href=\"https:\/\/www.sisinternational.com\/it\/pubblicita-shock-e-marketing-shock\/\" title=\"Pubblicit\u00e0 shock e marketing shock\"  data-wpil-monitor-id=\"1971\">research and consulting company will assist brands<\/a> in crafting strategies that foster emotional connections with their audience.<\/li>\n<\/ul>\n\n\n\n<p><\/p>","protected":false},"excerpt":{"rendered":"<p>Una societ\u00e0 di ricerche di mercato e consulenza in franchising potrebbe aiutare i marchi a espandersi, competere e adattarsi alle mutevoli preferenze dei consumatori.<\/p>","protected":false},"author":1,"featured_media":63809,"parent":14514,"menu_order":343,"comment_status":"closed","ping_status":"closed","template":"","meta":{"footnotes":""},"class_list":["post-43265","page","type-page","status-publish","has-post-thumbnail"],"_links":{"self":[{"href":"https:\/\/www.sisinternational.com\/it\/wp-json\/wp\/v2\/pages\/43265","targetHints":{"allow":["GET"]}}],"collection":[{"href":"https:\/\/www.sisinternational.com\/it\/wp-json\/wp\/v2\/pages"}],"about":[{"href":"https:\/\/www.sisinternational.com\/it\/wp-json\/wp\/v2\/types\/page"}],"author":[{"embeddable":true,"href":"https:\/\/www.sisinternational.com\/it\/wp-json\/wp\/v2\/users\/1"}],"replies":[{"embeddable":true,"href":"https:\/\/www.sisinternational.com\/it\/wp-json\/wp\/v2\/comments?post=43265"}],"version-history":[{"count":6,"href":"https:\/\/www.sisinternational.com\/it\/wp-json\/wp\/v2\/pages\/43265\/revisions"}],"predecessor-version":[{"id":76340,"href":"https:\/\/www.sisinternational.com\/it\/wp-json\/wp\/v2\/pages\/43265\/revisions\/76340"}],"up":[{"embeddable":true,"href":"https:\/\/www.sisinternational.com\/it\/wp-json\/wp\/v2\/pages\/14514"}],"wp:featuredmedia":[{"embeddable":true,"href":"https:\/\/www.sisinternational.com\/it\/wp-json\/wp\/v2\/media\/63809"}],"wp:attachment":[{"href":"https:\/\/www.sisinternational.com\/it\/wp-json\/wp\/v2\/media?parent=43265"}],"curies":[{"name":"wp","href":"https:\/\/api.w.org\/{rel}","templated":true}]}}