{"id":43184,"date":"2023-08-22T09:42:11","date_gmt":"2023-08-22T13:42:11","guid":{"rendered":"https:\/\/www.sisinternational.com\/?page_id=43184"},"modified":"2026-03-12T13:22:56","modified_gmt":"2026-03-12T17:22:56","slug":"ricerche-di-mercato-sul-whisky","status":"publish","type":"page","link":"https:\/\/www.sisinternational.com\/it\/soluzioni\/ricerche-di-mercato-nel-settore-delle-bevande-alimentari\/ricerche-di-mercato-sul-whisky\/","title":{"rendered":"Ricerche di mercato sul whisky"},"content":{"rendered":"<h1 class=\"wp-block-heading\">Ricerche di mercato sul whisky<\/h1>\n\n\n\n<figure class=\"gb-block-image gb-block-image-67a2fadf\"><img loading=\"lazy\" decoding=\"async\" width=\"1456\" height=\"816\" class=\"gb-image gb-image-67a2fadf\" src=\"https:\/\/www.sisinternational.com\/wp-content\/uploads\/2025\/08\/Alcoholic-beverage-11.jpg\" alt=\"Ricerca e strategia di mercato internazionale SIS\" title=\"Alcoholic beverage (11)\" srcset=\"https:\/\/www.sisinternational.com\/wp-content\/uploads\/2025\/08\/Alcoholic-beverage-11.jpg 1456w, https:\/\/www.sisinternational.com\/wp-content\/uploads\/2025\/08\/Alcoholic-beverage-11-300x168.jpg 300w, https:\/\/www.sisinternational.com\/wp-content\/uploads\/2025\/08\/Alcoholic-beverage-11-1024x574.jpg 1024w, https:\/\/www.sisinternational.com\/wp-content\/uploads\/2025\/08\/Alcoholic-beverage-11-768x430.jpg 768w, https:\/\/www.sisinternational.com\/wp-content\/uploads\/2025\/08\/Alcoholic-beverage-11-18x10.jpg 18w\" sizes=\"auto, (max-width: 1456px) 100vw, 1456px\"><\/figure>\n\n\n\n<p><\/p>\n\n\n\n<p>Il whisky \u00e8 un mercato che esiste da secoli ed essendo un settore cos\u00ec maturo, comprenderne le dinamiche diventa essenziale per le parti interessate.<\/p>\n\n\n\n<p>Pertanto, l\u2019importanza delle ricerche di mercato del whisky non pu\u00f2 essere sopravvalutata. In un settore caratterizzato da sapori complessi, processi di invecchiamento e variazioni regionali, \u00e8 essenziale tenere il passo con le tendenze del mercato, le preferenze dei consumatori e il posizionamento competitivo. Ecco perch\u00e9 attraverso le ricerche di mercato del whisky, tutte le parti interessate del mercato garantiscono che le loro offerte rimangano pertinenti e richieste.<\/p>\n\n\n\n<h2 class=\"wp-block-heading\">Cos\u2019\u00e8 la ricerca di mercato sul whisky?<\/h2>\n\n\n\n<p>Whiskey market research refers to the systematic collection, analysis, and interpretation of data about the whiskey industry. This research seeks to understand various facets of the <a href=\"https:\/\/www.sisinternational.com\/it\/competenza\/industrie\/ricerche-di-mercato-sulle-navi-cisterna\/\" title=\"Ricerche di mercato sulle navi cisterna\"  data-wpil-monitor-id=\"4719\">whiskey<\/a> market such as consumer preferences, market size, growth potential, competitive landscape, distribution channels, and emerging trends.<\/p>\n\n\n\n<p>Le intuizioni derivate da tale ricerca consentono alle parti interessate di prendere decisioni informate e di elaborare strategie in modo efficace, aumentando le loro possibilit\u00e0 di successo sul mercato. Ecco una ripartizione pi\u00f9 dettagliata di ci\u00f2 che \u00e8 coinvolto nella ricerca di mercato del whisky:<\/p>\n\n\n\n<ul class=\"wp-block-list\">\n<li><strong>Intuizioni dei consumatori:<\/strong> Ci\u00f2 si concentra sulla comprensione del comportamento, delle preferenze e dei modelli di acquisto dei consumatori. Cerca risposte a domande come: quali gusti o tipi di whisky sono attualmente popolari? Qual \u00e8 il profilo demografico del tipico consumatore di whisky? Come cambiano le abitudini di consumo nel tempo?<\/li>\n\n\n\n<li><strong>Segmentazione del mercato:<\/strong> Ci\u00f2 comporta la suddivisione del mercato pi\u00f9 ampio in segmenti distinti in base a criteri come il tipo di whisky, l\u2019et\u00e0 del whisky, la fascia di prezzo o le regioni geografiche. Comprendere ciascun segmento aiuta i marchi a personalizzare i propri prodotti e le attivit\u00e0 di marketing in modo pi\u00f9 efficace.<\/li>\n\n\n\n<li><strong>Analisi competitiva:<\/strong> An integral part of <a href=\"https:\/\/www.sisinternational.com\/it\/soluzioni\/soluzioni-di-ricerca-quantitativa-qualitativa\/ricerche-di-mercato-basate-sullanalisi-dei-cluster\/\" title=\"Ricerche di mercato sull&#039;analisi dei cluster\"  data-wpil-monitor-id=\"7043\">ricerche di mercato sul whisky<\/a>, this examines the market positioning, product offerings, branding strategies, and strengths and weaknesses of competing whiskey brands in the local or global markets.<\/li>\n\n\n\n<li><strong>Elasticit\u00e0 del prezzo e previsione delle vendite:<\/strong> Analizzando i dati storici sulle vendite e le condizioni di mercato, i ricercatori possono prevedere le vendite future e comprendere in che modo le variazioni dei prezzi potrebbero influire sulla domanda.<\/li>\n\n\n\n<li><strong>Approfondimenti sul mercato globale:<\/strong> Dato il fascino internazionale del whisky, \u00e8 fondamentale capire come culture e regioni diverse interagiscono con il prodotto. Ci\u00f2 pu\u00f2 comportare lo studio delle dinamiche di mercato nei paesi consumatori di whisky e l\u2019identificazione di potenziali mercati di crescita.<\/li>\n<\/ul>\n\n\n\n<h2 class=\"wp-block-heading\">Ricerche di mercato sul whisky: un pilastro del successo nel settore degli alcolici<\/h2>\n\n\n\n<p>The whiskey industry is subject to shifts and changes influenced by several internal and external factors. As whiskey has become a treasured commodity in both established and emerging markets, understanding these shifts are decisive. Here&#8217;s why whiskey&nbsp; market research stands as a necessary tool for the industry:<\/p>\n\n\n\n<ul class=\"wp-block-list\">\n<li><strong>Processo decisionale informato:<\/strong> Le ricerche di mercato sul whisky forniscono approfondimenti basati sui dati. Sia che una distilleria stia valutando l&#039;introduzione di un nuovo sapore o che un rivenditore stia decidendo quali marchi immagazzinare, offre la guida basata sull&#039;evidenza necessaria per prendere decisioni con fiducia.<\/li>\n\n\n\n<li><strong>Comprendere le preferenze dei consumatori:<\/strong> I gusti e le preferenze dei consumatori si evolvono e, attraverso le ricerche di mercato, i marchi possono rimanere in sintonia con questi cambiamenti, garantendo che i loro prodotti siano in linea con le richieste attuali.<\/li>\n\n\n\n<li><strong>Posizionamento strategico:<\/strong> Il mercato del whisky \u00e8 affollato, con marchi in lizza per attirare l\u2019attenzione. Pertanto, la ricerca di mercato del whisky consente alle aziende di comprendere le loro proposte di vendita uniche e come possono differenziarsi dalla concorrenza.<\/li>\n\n\n\n<li><strong>Mitigazione del rischio:<\/strong> L&#039;introduzione di un nuovo prodotto o l&#039;ingresso in un nuovo mercato comporta rischi intrinseci. Studiando in anticipo il mercato, le aziende possono anticipare le potenziali sfide e ideare strategie per superarle.<\/li>\n\n\n\n<li><strong>Individuazione delle opportunit\u00e0:<\/strong> Beyond risk mitigation, whiskey market research can uncover untapped opportunities. This might involve spotting emerging <a href=\"https:\/\/www.sisinternational.com\/it\/ricerche-di-mercato-in-medio-oriente\/\" title=\"Ricerche di mercato in Medio Oriente\"  data-wpil-monitor-id=\"7330\">markets with a growing middle<\/a> class developing a taste for premium spirits, or identifying a trend toward craft or organic whiskeys.<\/li>\n\n\n\n<li><strong>Strategia di prezzo:<\/strong> Il prezzo pu\u00f2 essere un fattore significativo nella decisione di acquisto di un consumatore. La ricerca aiuta i marchi a comprendere i prezzi con cui i consumatori si sentono a proprio agio, garantendo prezzi ottimali che massimizzano i profitti senza alienare i potenziali acquirenti.<\/li>\n\n\n\n<li><strong>Previsioni future:<\/strong> Le ricerche di mercato del whisky consentono alle aziende di anticipare le tendenze future, garantendo che non si limitino a reagire al mercato, ma definiscano in modo proattivo le loro strategie per il futuro.<\/li>\n\n\n\n<li><strong>Prospettiva globale:<\/strong> Il whisky \u00e8 un bene globale. Comprendere le sfumature culturali, i contesti normativi e le preferenze locali \u00e8 fondamentale per i marchi che desiderano stabilire o espandere la propria presenza internazionale.<\/li>\n\n\n\n<li><strong>Ottimizzazione della catena di fornitura:<\/strong> Comprendendo i modelli della domanda e le preferenze regionali, le aziende possono ottimizzare la propria catena di approvvigionamento, garantendo una produzione tempestiva e riducendo al minimo gli sprechi.<\/li>\n<\/ul>\n\n\n\n<h2 class=\"wp-block-heading\">Attori chiave nell&#039;industria del whisky<\/h2>\n\n\n\n<figure class=\"gb-block-image gb-block-image-3bca50be\"><img loading=\"lazy\" decoding=\"async\" width=\"1456\" height=\"816\" class=\"gb-image gb-image-3bca50be\" src=\"https:\/\/www.sisinternational.com\/wp-content\/uploads\/2025\/08\/Alcoholic-beverage-9.jpg\" alt=\"Ricerca e strategia di mercato internazionale SIS\" title=\"Alcoholic beverage (9)\" srcset=\"https:\/\/www.sisinternational.com\/wp-content\/uploads\/2025\/08\/Alcoholic-beverage-9.jpg 1456w, https:\/\/www.sisinternational.com\/wp-content\/uploads\/2025\/08\/Alcoholic-beverage-9-300x168.jpg 300w, https:\/\/www.sisinternational.com\/wp-content\/uploads\/2025\/08\/Alcoholic-beverage-9-1024x574.jpg 1024w, https:\/\/www.sisinternational.com\/wp-content\/uploads\/2025\/08\/Alcoholic-beverage-9-768x430.jpg 768w, https:\/\/www.sisinternational.com\/wp-content\/uploads\/2025\/08\/Alcoholic-beverage-9-18x10.jpg 18w\" sizes=\"auto, (max-width: 1456px) 100vw, 1456px\"><\/figure>\n\n\n\n<p><\/p>\n\n\n\n<p>Poich\u00e9 il mercato del whisky \u00e8 un mercato consolidato, sono diversi gli attori del settore che catturano la pi\u00f9 ampia base di consumatori:<\/p>\n\n\n\n<ul class=\"wp-block-list\">\n<li><strong>Diageo:<\/strong> Diageo \u00e8 uno dei maggiori produttori mondiali di liquori e birre e il suo portafoglio di marchi di whisky \u00e8 ampio, tra cui Johnnie Walker, Crown Royal, Bulleit, Talisker, Lagavulin e molti altri.<\/li>\n\n\n\n<li><strong>Pernod Ricard:<\/strong> Questa azienda francese ha una vasta presenza nel mercato degli alcolici e ha fatto passi significativi nel segmento del whisky, in particolare con Jameson, Chivas Regal, Redbreast e Aberlour.<\/li>\n\n\n\n<li><strong>Marrone-Forman:<\/strong> Brown-Forman, un&#039;azienda americana, \u00e8 meglio conosciuta per Jack Daniel&#039;s, uno dei marchi di whisky pi\u00f9 venduti al mondo.<\/li>\n<\/ul>\n\n\n\n<h2 class=\"wp-block-heading\">Tendenze attuali e approfondimenti dalle ricerche di mercato del whisky<\/h2>\n\n\n\n<ul class=\"wp-block-list\">\n<li><strong>Ascesa dei whisky asiatici:<\/strong> I whisky giapponesi come quelli di Nikka e Suntory hanno ottenuto notevoli consensi a livello internazionale. Anche marchi come Yamazaki e Hibiki sono diventati molto ricercati. Inoltre, paesi come Taiwan, con marchi come Kavalan, stanno facendo scalpore anche nel mondo del whisky.<\/li>\n\n\n\n<li><strong>Distillerie Artigianali:<\/strong> C&#039;\u00e8 stato un aumento delle distillerie artigianali, soprattutto negli Stati Uniti. Questi produttori su piccola scala danno priorit\u00e0 ai sapori unici, ai metodi tradizionali e spesso si procurano ingredienti locali. Inoltre, i whisky infusi con aromi come miele, mela, cannella e altri stanno guadagnando popolarit\u00e0, soprattutto tra i consumatori pi\u00f9 giovani.<\/li>\n\n\n\n<li><strong>Vendite online e modelli diretti al consumatore:<\/strong> Con l\u2019avvento dell\u2019e-commerce e i cambiamenti normativi, sempre pi\u00f9 marchi vendono direttamente ai consumatori online, offrendo kit di degustazione, servizi di abbonamento e versioni limitate.<\/li>\n\n\n\n<li><strong>Espansione globale:<\/strong> Tradizionalmente, regioni come Scozia, Irlanda e Stati Uniti hanno dominato la scena del whisky. Tuttavia, paesi come l\u2019India (con marchi come Amrut e Paul John) sono sempre pi\u00f9 riconosciuti per il loro whisky di qualit\u00e0.<\/li>\n\n\n\n<li><strong>Turismo del whisky:<\/strong> Tour delle distillerie, percorsi del whisky ed esperienze di degustazione sono diventati importanti attrazioni turistiche in molte regioni, stimolando le economie locali e rafforzando la fedelt\u00e0 al marchio.<\/li>\n\n\n\n<li><strong>Base di consumatori diversificata:<\/strong> Il whisky viene sempre pi\u00f9 abbracciato da un pubblico diversificato, con marchi che riconoscono l\u2019importanza di rivolgersi alle donne e ai diversi gruppi etnici, allontanandosi dal marketing tradizionale che era spesso incentrato sugli uomini.<\/li>\n<\/ul>\n\n\n\n<h2 class=\"wp-block-heading\">Analisi predittiva: il futuro del whisky<\/h2>\n\n\n\n<figure class=\"gb-block-image gb-block-image-4baeb739\"><img loading=\"lazy\" decoding=\"async\" width=\"1456\" height=\"816\" class=\"gb-image gb-image-4baeb739\" src=\"https:\/\/www.sisinternational.com\/wp-content\/uploads\/2025\/08\/Alcoholic-beverage-7.jpg\" alt=\"Ricerca e strategia di mercato internazionale SIS\" title=\"Alcoholic beverage (7)\" srcset=\"https:\/\/www.sisinternational.com\/wp-content\/uploads\/2025\/08\/Alcoholic-beverage-7.jpg 1456w, https:\/\/www.sisinternational.com\/wp-content\/uploads\/2025\/08\/Alcoholic-beverage-7-300x168.jpg 300w, https:\/\/www.sisinternational.com\/wp-content\/uploads\/2025\/08\/Alcoholic-beverage-7-1024x574.jpg 1024w, https:\/\/www.sisinternational.com\/wp-content\/uploads\/2025\/08\/Alcoholic-beverage-7-768x430.jpg 768w, https:\/\/www.sisinternational.com\/wp-content\/uploads\/2025\/08\/Alcoholic-beverage-7-18x10.jpg 18w\" sizes=\"auto, (max-width: 1456px) 100vw, 1456px\"><\/figure>\n\n\n\n<ul class=\"wp-block-list\">\n<li><strong>Crescita continua nei mercati asiatici:<\/strong> Given the rapid rise and global acclaim of <a href=\"https:\/\/www.sisinternational.com\/it\/copertura\/ricerche-di-mercato-asiatiche\/ricerche-di-mercato-a-taiwan\/\" title=\"Ricerche di mercato a Taiwan\"  data-wpil-monitor-id=\"5630\">whiskeys<\/a> from countries like Japan and Taiwan, we can anticipate continued growth and innovation in the Asian whiskey sector. The growing middle class in countries like China and India might also boost demand for premium whiskey brands.<\/li>\n\n\n\n<li><strong>Focus sulla sostenibilit\u00e0:<\/strong> Poich\u00e9 le preoccupazioni ambientali diventano sempre pi\u00f9 importanti, sempre pi\u00f9 distillerie adotteranno pratiche ecocompatibili. Ci\u00f2 potrebbe variare dall\u2019approvvigionamento sostenibile degli ingredienti ai processi di distillazione efficienti dal punto di vista energetico. I marchi che incorporano e comunicano con successo pratiche sostenibili potrebbero godere di una maggiore fedelt\u00e0 dei consumatori.<\/li>\n\n\n\n<li><strong>Innovazioni tecnologiche:<\/strong> Dalla profilazione dei sapori basata sull\u2019intelligenza artificiale al ruolo della blockchain nel garantire l\u2019autenticit\u00e0, l\u2019incorporazione della tecnologia nella produzione e nella commercializzazione del whisky probabilmente crescer\u00e0. Ci\u00f2 potrebbe portare a esperienze di consumo pi\u00f9 personalizzate e a una migliore prevenzione della contraffazione.<\/li>\n\n\n\n<li><strong>Marketing esperienziale:<\/strong> Beyond just the product, brands will likely invest more in creating memorable experiences for consumers, from augmented reality whiskey tasting to immersive distillery tours. Such strategies can foster deeper brand <a href=\"https:\/\/www.sisinternational.com\/it\/connesso_car_market_research\/\" title=\"Ricerche di mercato sulle auto connesse\"  data-wpil-monitor-id=\"2066\">connections according to whiskey market research<\/a>.<\/li>\n<\/ul>","protected":false},"excerpt":{"rendered":"<p>Il whisky \u00e8 un settore di mercato maturo che esiste da secoli. Comprenderne le dinamiche diventa essenziale per gli stakeholder.<\/p>","protected":false},"author":1,"featured_media":63165,"parent":22018,"menu_order":341,"comment_status":"closed","ping_status":"closed","template":"","meta":{"footnotes":""},"class_list":["post-43184","page","type-page","status-publish","has-post-thumbnail"],"_links":{"self":[{"href":"https:\/\/www.sisinternational.com\/it\/wp-json\/wp\/v2\/pages\/43184","targetHints":{"allow":["GET"]}}],"collection":[{"href":"https:\/\/www.sisinternational.com\/it\/wp-json\/wp\/v2\/pages"}],"about":[{"href":"https:\/\/www.sisinternational.com\/it\/wp-json\/wp\/v2\/types\/page"}],"author":[{"embeddable":true,"href":"https:\/\/www.sisinternational.com\/it\/wp-json\/wp\/v2\/users\/1"}],"replies":[{"embeddable":true,"href":"https:\/\/www.sisinternational.com\/it\/wp-json\/wp\/v2\/comments?post=43184"}],"version-history":[{"count":8,"href":"https:\/\/www.sisinternational.com\/it\/wp-json\/wp\/v2\/pages\/43184\/revisions"}],"predecessor-version":[{"id":80977,"href":"https:\/\/www.sisinternational.com\/it\/wp-json\/wp\/v2\/pages\/43184\/revisions\/80977"}],"up":[{"embeddable":true,"href":"https:\/\/www.sisinternational.com\/it\/wp-json\/wp\/v2\/pages\/22018"}],"wp:featuredmedia":[{"embeddable":true,"href":"https:\/\/www.sisinternational.com\/it\/wp-json\/wp\/v2\/media\/63165"}],"wp:attachment":[{"href":"https:\/\/www.sisinternational.com\/it\/wp-json\/wp\/v2\/media?parent=43184"}],"curies":[{"name":"wp","href":"https:\/\/api.w.org\/{rel}","templated":true}]}}