{"id":43152,"date":"2023-08-21T21:36:24","date_gmt":"2023-08-22T01:36:24","guid":{"rendered":"https:\/\/www.sisinternational.com\/?page_id=43152"},"modified":"2026-01-26T18:30:39","modified_gmt":"2026-01-26T23:30:39","slug":"ricerche-di-mercato-per-sondaggi-nei-centri-commerciali","status":"publish","type":"page","link":"https:\/\/www.sisinternational.com\/it\/competenza\/ricerche-di-mercato-per-sondaggi-nei-centri-commerciali\/","title":{"rendered":"Ricerche di mercato per sondaggi sui centri commerciali"},"content":{"rendered":"<h1 class=\"wp-block-heading\">Ricerche di mercato per sondaggi sui centri commerciali<\/h1>\n\n\n\n<figure class=\"gb-block-image gb-block-image-624d12d4\"><img loading=\"lazy\" decoding=\"async\" width=\"1456\" height=\"816\" class=\"gb-image gb-image-624d12d4\" src=\"https:\/\/www.sisinternational.com\/wp-content\/uploads\/2025\/08\/Mall-survey-4.jpg\" alt=\"Ricerca e strategia di mercato internazionale SIS\" title=\"Mall survey (4)\" srcset=\"https:\/\/www.sisinternational.com\/wp-content\/uploads\/2025\/08\/Mall-survey-4.jpg 1456w, https:\/\/www.sisinternational.com\/wp-content\/uploads\/2025\/08\/Mall-survey-4-300x168.jpg 300w, https:\/\/www.sisinternational.com\/wp-content\/uploads\/2025\/08\/Mall-survey-4-1024x574.jpg 1024w, https:\/\/www.sisinternational.com\/wp-content\/uploads\/2025\/08\/Mall-survey-4-768x430.jpg 768w, https:\/\/www.sisinternational.com\/wp-content\/uploads\/2025\/08\/Mall-survey-4-18x10.jpg 18w\" sizes=\"auto, (max-width: 1456px) 100vw, 1456px\"><\/figure>\n\n\n\n<hr class=\"wp-block-separator has-alpha-channel-opacity is-style-dots\"\/>\n\n\n\n<p>I centri commerciali sono centri di interazione e commercio con i consumatori. Non sono solo luoghi per lo shopping; sono centri esperienziali in cui i consumatori interagiscono con i marchi. Pertanto, comprendere il comportamento, le preferenze e i punti critici dei consumatori all&#039;interno di queste strutture \u00e8 fondamentale per i gestori dei centri commerciali, i rivenditori e i marchi che cercano di massimizzare il loro impatto e i loro profitti.<\/p>\n\n\n\n<p>That&#8217;s why stakeholders rely on mall <a class=\"wpil_keyword_link\" href=\"https:\/\/www.sisinternational.com\/it\/soluzioni\/soluzioni-di-ricerca-quantitativa-qualitativa\/indagini-di-mercato\/\"   title=\"Sondaggio di ricerche di mercato\" data-wpil-keyword-link=\"linked\"  data-wpil-monitor-id=\"335\">indagini di mercato<\/a> to capture shoppers&#8217; motivations and desires. The feedback from these surveys helps in understanding the current state of affairs, forecasting emerging trends, and adapting to the ever-evolving retail landscape.<\/p>\n\n\n\n<h2 class=\"wp-block-heading\">Perch\u00e9 le aziende conducono ricerche di mercato con sondaggi nei centri commerciali?<\/h2>\n\n\n\n<p>In the modern era of digitization and a significant shift towards online shopping, shopping malls are facing a real challenge. That&#8217;s why mall <a href=\"https:\/\/www.sisinternational.com\/it\/ricerche-di-mercato-relative-a-sondaggi-sui-membri\/\" title=\"Sondaggio sugli iscritti Ricerca di mercato\"  data-wpil-monitor-id=\"3590\">indagini di mercato<\/a> becomes pivotal in ensuring that these physical spaces remain relevant, vibrant, and profitable. Some benefits of this research are:<\/p>\n\n\n\n<ul class=\"wp-block-list\">\n<li><strong>Comprendere il consumatore:<\/strong> A deep understanding of the consumer lies at the heart of any successful retail strategy. What are their buying habits? Which amenities or services do they value most in a mall setting? By conducting mall surveys, businesses can tap into the mindset of their primary audience.<\/li>\n\n\n\n<li><strong>Ottimizzazione dell&#039;esperienza di acquisto:<\/strong> Feedback from surveys can help mall operators and retailers pinpoint areas for improvement. The insights gained can drive enhancements that directly uplift the shopper&#8217;s experience.<\/li>\n\n\n\n<li><strong>Adattarsi al cambiamento delle tendenze:<\/strong> The retail industry is dynamic. What&#8217;s trending today might become obsolete tomorrow. Mall <a href=\"https:\/\/www.sisinternational.com\/it\/competenza\/industrie\/ricerche-di-mercato-per-sondaggi-sugli-hotel\/\" title=\"Ricerca di mercato per sondaggi sugli hotel\"  data-wpil-monitor-id=\"6259\">indagini di mercato<\/a> can help identify emerging trends, allowing businesses to stay ahead of the curve and adapt in real time.<\/li>\n\n\n\n<li><strong>Valutazione degli sforzi di marketing:<\/strong> I sondaggi possono valutare l\u2019efficacia degli sforzi di marketing e promozionali, garantendo che gli investimenti in queste aree producano un ritorno sostanziale.<\/li>\n\n\n\n<li><strong>Mitigazione del rischio:<\/strong> Comprendendo potenziali punti critici, aree di malcontento o inefficienze operative attraverso ricerche di mercato tramite sondaggi nei centri commerciali, i centri commerciali possono affrontare in modo proattivo i problemi, riducendo cos\u00ec al minimo i rischi legati all&#039;insoddisfazione dei clienti o alle perdite operative.<\/li>\n\n\n\n<li><strong>Rimanere competitivi:<\/strong> Differentiation is key in the competitive retail landscape. Through mall survey market research, malls can identify unique value propositions, tailor offerings, and curate experiences that set them apart from competitors.<\/li>\n\n\n\n<li><strong>Costruire la fedelt\u00e0:<\/strong> Coinvolgere i consumatori, valorizzare il loro feedback e apportare cambiamenti visibili in base ai loro input pu\u00f2 favorire un senso di lealt\u00e0. \u00c8 pi\u00f9 probabile che gli acquirenti ritornino negli spazi in cui si sentono ascoltati e apprezzati.<\/li>\n<\/ul>\n\n\n\n<h2 class=\"wp-block-heading\">Opportunit\u00e0 nelle ricerche di mercato sui sondaggi sui centri commerciali<\/h2>\n\n\n\n<figure class=\"gb-block-image gb-block-image-22c8c582\"><img loading=\"lazy\" decoding=\"async\" width=\"1456\" height=\"816\" class=\"gb-image gb-image-22c8c582\" src=\"https:\/\/www.sisinternational.com\/wp-content\/uploads\/2025\/08\/Mall-survey-2.jpg\" alt=\"Ricerca e strategia di mercato internazionale SIS\" title=\"Mall survey (2)\" srcset=\"https:\/\/www.sisinternational.com\/wp-content\/uploads\/2025\/08\/Mall-survey-2.jpg 1456w, https:\/\/www.sisinternational.com\/wp-content\/uploads\/2025\/08\/Mall-survey-2-300x168.jpg 300w, https:\/\/www.sisinternational.com\/wp-content\/uploads\/2025\/08\/Mall-survey-2-1024x574.jpg 1024w, https:\/\/www.sisinternational.com\/wp-content\/uploads\/2025\/08\/Mall-survey-2-768x430.jpg 768w, https:\/\/www.sisinternational.com\/wp-content\/uploads\/2025\/08\/Mall-survey-2-18x10.jpg 18w\" sizes=\"auto, (max-width: 1456px) 100vw, 1456px\"><\/figure>\n\n\n\n<p><\/p>\n\n\n\n<p>Il regno delle ricerche di mercato relative ai sondaggi nei centri commerciali \u00e8 pieno di opportunit\u00e0. Man mano che il settore della vendita al dettaglio si trasforma e il ruolo dei centri commerciali fisici evolve, c\u2019\u00e8 una crescente necessit\u00e0 di approfondimenti per orientarsi in questo panorama dinamico. Ecco alcune delle opportunit\u00e0 che le parti interessate possono sfruttare:<\/p>\n\n\n\n<ul class=\"wp-block-list\">\n<li><strong>Integrazione tecnologica:<\/strong> Con i progressi della tecnologia, esistono numerosi strumenti e piattaforme digitali da incorporare nei sondaggi nei centri commerciali, come analisi basate sull&#039;intelligenza artificiale, sondaggi in realt\u00e0 aumentata (AR) o persino l&#039;utilizzo della realt\u00e0 virtuale (VR) per ricreare e valutare potenziali esperienze nei centri commerciali.<\/li>\n\n\n\n<li><strong>Meccanismi di feedback in tempo reale:<\/strong> I centri commerciali possono introdurre sistemi di feedback in tempo reale, consentendo agli acquirenti di condividere immediatamente le loro esperienze. Il feedback immediato pu\u00f2 portare ad azioni correttive rapide, migliorando l&#039;esperienza dell&#039;acquirente.<\/li>\n\n\n\n<li><strong>Opportunit\u00e0 di personalizzazione:<\/strong> Analizzando i risultati del sondaggio, i centri commerciali possono personalizzare le esperienze in base alle preferenze dei singoli acquirenti, come promozioni personalizzate, inviti a eventi o vantaggi del programma fedelt\u00e0.<\/li>\n\n\n\n<li><strong>Analisi dello shopping esperienziale:<\/strong> I centri commerciali si concentrano sempre pi\u00f9 sulla fornitura di esperienze che vanno oltre il semplice shopping. I sondaggi possono valutare l\u2019efficacia e l\u2019attrattiva di queste esperienze, che si tratti di installazioni artistiche, eventi pop-up, workshop o altre attivit\u00e0 immersive.<\/li>\n\n\n\n<li><strong>Integrazione online e offline:<\/strong> Capire come gli acquirenti passano dallo shopping online a quello offline pu\u00f2 essere essenziale.<\/li>\n\n\n\n<li><strong>Opportunit\u00e0 di ricerca collaborativa:<\/strong> I centri commerciali possono collaborare con marchi, istituti di ricerca o persino universit\u00e0 per condurre studi congiunti. Tali collaborazioni possono apportare competenze diverse, portando ad approfondimenti pi\u00f9 approfonditi.<\/li>\n<\/ul>\n\n\n\n<h2 class=\"wp-block-heading\">Sfide nelle ricerche di mercato sui sondaggi nei centri commerciali<\/h2>\n\n\n\n<figure class=\"gb-block-image gb-block-image-0dafc84c\"><img loading=\"lazy\" decoding=\"async\" width=\"1456\" height=\"816\" class=\"gb-image gb-image-0dafc84c\" src=\"https:\/\/www.sisinternational.com\/wp-content\/uploads\/2025\/08\/Mall-survey-1.jpg\" alt=\"Ricerca e strategia di mercato internazionale SIS\" title=\"Mall survey (1)\" srcset=\"https:\/\/www.sisinternational.com\/wp-content\/uploads\/2025\/08\/Mall-survey-1.jpg 1456w, https:\/\/www.sisinternational.com\/wp-content\/uploads\/2025\/08\/Mall-survey-1-300x168.jpg 300w, https:\/\/www.sisinternational.com\/wp-content\/uploads\/2025\/08\/Mall-survey-1-1024x574.jpg 1024w, https:\/\/www.sisinternational.com\/wp-content\/uploads\/2025\/08\/Mall-survey-1-768x430.jpg 768w, https:\/\/www.sisinternational.com\/wp-content\/uploads\/2025\/08\/Mall-survey-1-18x10.jpg 18w\" sizes=\"auto, (max-width: 1456px) 100vw, 1456px\"><\/figure>\n\n\n\n<p><\/p>\n\n\n\n<p>Man mano che il panorama della vendita al dettaglio cambia e il comportamento dei consumatori si evolve, i ricercatori devono affrontare diversi ostacoli nell\u2019acquisire e interpretare i dati di cui hanno bisogno. Ecco alcune delle principali sfide:<\/p>\n\n\n\n<ul class=\"wp-block-list\">\n<li><strong>Dati demografici diversi:<\/strong> I centri commerciali attirano un\u2019ampia variet\u00e0 di visitatori, di et\u00e0, background culturali, classi economiche e preferenze di acquisto diverse. Progettare un sondaggio che si rivolga a un gruppo demografico cos\u00ec diversificato pu\u00f2 essere impegnativo.<\/li>\n\n\n\n<li><strong>Cambiare i comportamenti dei consumatori:<\/strong> Il modo in cui i consumatori fanno acquisti e cosa si aspettano dagli spazi fisici di vendita al dettaglio \u00e8 in continua evoluzione. Stare al passo con questi cambiamenti e garantire che i sondaggi rimangano pertinenti \u00e8 una sfida costante.<\/li>\n\n\n\n<li><strong>Fatica del sondaggio:<\/strong> Gli acquirenti sono spesso inondati di richieste di feedback su varie piattaforme. Ci\u00f2 pu\u00f2 portare a un affaticamento del sondaggio, in cui gli intervistati scelgono di non partecipare o forniscono risposte affrettate e meno ponderate.<\/li>\n\n\n\n<li><strong>Considerazioni etiche:<\/strong> Proteggere la privacy degli intervistati, garantire la sicurezza dei dati e gestire il consenso informato possono rappresentare sfide, soprattutto con le rigorose normative sulla protezione dei dati in molte regioni.<\/li>\n\n\n\n<li><strong>Variazioni temporali:<\/strong> Il feedback dei consumatori pu\u00f2 variare a seconda delle stagioni, delle festivit\u00e0, degli eventi promozionali o anche dell&#039;ora del giorno. Tenere conto di queste variazioni per ricavare informazioni accurate pu\u00f2 essere complicato.<\/li>\n\n\n\n<li><strong>Interpretazione dei dati qualitativi:<\/strong> Mentre i dati quantitativi offrono un\u2019analisi pi\u00f9 diretta, i feedback qualitativi, come le risposte aperte, possono essere soggettivi e difficili da interpretare e classificare.<\/li>\n<\/ul>\n\n\n\n<div style=\"height:100px\" aria-hidden=\"true\" class=\"wp-block-spacer\"><\/div>\n\n\n<div class=\"gb-container gb-container-497dace3\">\n\n<div class=\"wp-block-group is-nowrap is-layout-flex wp-container-core-group-is-layout-ad2f72ca wp-block-group-is-layout-flex\"><div class=\"gb-container gb-container-5aed01c2\">\n\n<h3 class=\"gb-headline gb-headline-da10e16b gb-headline-text\">Ready to explore the insights that drive smarter decisions?<\/h3>\n\n\n\n<p class=\"has-base-3-color has-text-color has-link-color wp-elements-6feca161098eb3009a944b0807219eaf\">Contact our Research experts today.<\/p>\n\n\n\n<a class=\"gb-button gb-button-422680e1 smooth-scroll\" href=\"https:\/\/www.sisinternational.com\/it\/contattaci\/\" target=\"_blank\" rel=\"noopener noreferrer\" aria-label=\"La nostra copertura\"><span class=\"gb-button-text\">Contattaci<\/span><span class=\"gb-icon\"><svg aria-hidden=\"true\" role=\"img\" height=\"1em\" width=\"1em\" viewbox=\"0 0 256 512\" xmlns=\"http:\/\/www.w3.org\/2000\/svg\"><path fill=\"currentColor\" d=\"M224.3 273l-136 136c-9.4 9.4-24.6 9.4-33.9 0l-22.6-22.6c-9.4-9.4-9.4-24.6 0-33.9l96.4-96.4-96.4-96.4c-9.4-9.4-9.4-24.6 0-33.9L54.3 103c9.4-9.4 24.6-9.4 33.9 0l136 136c9.5 9.4 9.5 24.6.1 34z\"><\/path><\/svg><\/span><\/a>\n\n\n\n<p class=\"gb-headline gb-headline-c446f412 gb-headline-text\"><\/p>\n\n<\/div><\/div>\n\n<\/div>\n\n\n<div style=\"height:100px\" aria-hidden=\"true\" class=\"wp-block-spacer\"><\/div>\n\n\n\n<h2 class=\"wp-block-heading\">Il futuro<\/h2>\n\n\n\n<p>Mall survey market research is influenced by evolving consumer behaviors, technological advancements, and global economic dynamics. Here&#8217;s a vision of what the future may hold for this type of <a href=\"https:\/\/www.sisinternational.com\/it\/soluzioni\/ai-ricerche-di-mercato-e-consulenza-strategica\/visione-artificiale-e-ricerche-di-mercato\/\" title=\"Ricerche di mercato sull\u2019intelligenza artificiale per la visione artificiale\"  data-wpil-monitor-id=\"6909\">ricerca<\/a> in the near future:<\/p>\n\n\n\n<ul class=\"wp-block-list\">\n<li><strong>Integrazione di tecnologie avanzate:<\/strong> L\u2019intelligenza artificiale e il machine learning (ML) verranno sfruttati per analizzare rapidamente vasti set di dati, ricavare modelli e prevedere i futuri comportamenti di acquisto. Inoltre, AR e VR potrebbero essere utilizzati nei sondaggi per ricreare specifici scenari di acquisto, raccogliere reazioni o valutare potenziali miglioramenti nei centri commerciali.<\/li>\n\n\n\n<li><strong>Analisi dei dati in tempo reale:<\/strong> Man mano che i centri commerciali incorporano dispositivi IoT e tecnologie intelligenti, la raccolta e l\u2019analisi dei dati in tempo reale diventeranno pi\u00f9 diffuse. Ci\u00f2 potrebbe fornire informazioni immediate sui movimenti, sui comportamenti e sulle preferenze degli acquirenti.<\/li>\n\n\n\n<li><strong>Raccolta feedback omnicanale:<\/strong> Oltre alle indagini fisiche nel centro commerciale, ci sar\u00e0 una perfetta integrazione dei meccanismi di feedback online e offline, catturando una visione pi\u00f9 olistica del percorso dell&#039;acquirente, che aiuter\u00e0 notevolmente uno studio di mercato del centro commerciale.<\/li>\n\n\n\n<li><strong>Rilievo personalizzato:<\/strong> Utilizzando l\u2019intelligenza artificiale e l\u2019analisi dei dati, i sondaggi saranno pi\u00f9 personalizzati, rivolgendosi a segmenti specifici di acquirenti con domande su misura per ottenere informazioni pi\u00f9 significative.<\/li>\n\n\n\n<li><strong>Iniziative di ricerca collaborativa:<\/strong> I centri commerciali potrebbero collaborare ampiamente con marchi, mondo accademico e persino urbanisti per ricavare approfondimenti a beneficio non solo dell\u2019ecosistema commerciale ma della comunit\u00e0 pi\u00f9 ampia.<\/li>\n\n\n\n<li><strong>Studi demografici approfonditi:<\/strong> Sar\u00e0 fondamentale comprendere le sfumature dei diversi dati demografici, dalla generazione Z ai baby boomer, dalla gente del posto ai turisti internazionali. Ci\u00f2 porter\u00e0 a iniziative di ricerca pi\u00f9 approfondite e segmentate.<\/li>\n<\/ul>\n\n\n<h2>La nostra sede a New York<\/h2>\n<p><!-- \/wp:post-content --> <!-- wp:html --> <iframe loading=\"lazy\" src=\"https:\/\/www.google.com\/maps\/embed?pb=!1m18!1m12!1m3!1d3022.976188376966!2d-73.99130312499956!3d40.740549471389315!2m3!1f0!2f0!3f0!3m2!1i1024!2i768!4f13.1!3m3!1m2!1s0x89c259a15798c731%3A0xd695d09bdd495f25!2s11%20E%2022nd%20St%20FL%202%2C%20New%20York%2C%20NY%2010010%2C%20USA!5e0!3m2!1sen!2spe!4v1726171763526!5m2!1sen!2spe\" width=\"600\" height=\"450\" allowfullscreen=\"allowfullscreen\" data-mce-fragment=\"1\"><\/iframe> <!-- \/wp:html --> <!-- wp:paragraph --><\/p>\n<h3 class=\"wp-block-heading\">11 E 22nd Street, Piano 2, New York, NY 10010 T: +1(212) 505-6805<\/h3>\n<hr \/>\n<h2><span style=\"font-weight: 400;\">A proposito di SIS Internazionale<\/span><\/h2>\n<p><a href=\"https:\/\/www.sisinternational.com\/it\/\"><span style=\"font-weight: 400;\">SIS Internazionale<\/span><\/a><span style=\"font-weight: 400;\"> offre ricerca quantitativa, qualitativa e strategica. Forniamo dati, strumenti, strategie, report e approfondimenti per il processo decisionale. Conduciamo anche interviste, sondaggi, focus group e altri metodi e approcci di ricerca di mercato.<\/span><a href=\"https:\/\/www.sisinternational.com\/it\/sulla-sua-ricerca-internazionale\/contact-sis-international-market-research\/\"><span style=\"font-weight: 400;\"> Contattaci<\/span><\/a><span style=\"font-weight: 400;\"> per il tuo prossimo progetto di ricerca di mercato.<\/span><\/p>\n<h2>\u00a0<\/h2>","protected":false},"excerpt":{"rendered":"<p>La ricerca di mercato sui sondaggi nei centri commerciali \u00e8 fondamentale per garantire che i centri commerciali rimangano rilevanti, vivaci e redditizi.<\/p>","protected":false},"author":1,"featured_media":63378,"parent":14514,"menu_order":333,"comment_status":"closed","ping_status":"closed","template":"","meta":{"footnotes":""},"class_list":["post-43152","page","type-page","status-publish","has-post-thumbnail"],"_links":{"self":[{"href":"https:\/\/www.sisinternational.com\/it\/wp-json\/wp\/v2\/pages\/43152","targetHints":{"allow":["GET"]}}],"collection":[{"href":"https:\/\/www.sisinternational.com\/it\/wp-json\/wp\/v2\/pages"}],"about":[{"href":"https:\/\/www.sisinternational.com\/it\/wp-json\/wp\/v2\/types\/page"}],"author":[{"embeddable":true,"href":"https:\/\/www.sisinternational.com\/it\/wp-json\/wp\/v2\/users\/1"}],"replies":[{"embeddable":true,"href":"https:\/\/www.sisinternational.com\/it\/wp-json\/wp\/v2\/comments?post=43152"}],"version-history":[{"count":9,"href":"https:\/\/www.sisinternational.com\/it\/wp-json\/wp\/v2\/pages\/43152\/revisions"}],"predecessor-version":[{"id":80480,"href":"https:\/\/www.sisinternational.com\/it\/wp-json\/wp\/v2\/pages\/43152\/revisions\/80480"}],"up":[{"embeddable":true,"href":"https:\/\/www.sisinternational.com\/it\/wp-json\/wp\/v2\/pages\/14514"}],"wp:featuredmedia":[{"embeddable":true,"href":"https:\/\/www.sisinternational.com\/it\/wp-json\/wp\/v2\/media\/63378"}],"wp:attachment":[{"href":"https:\/\/www.sisinternational.com\/it\/wp-json\/wp\/v2\/media?parent=43152"}],"curies":[{"name":"wp","href":"https:\/\/api.w.org\/{rel}","templated":true}]}}