{"id":43137,"date":"2023-08-21T16:56:11","date_gmt":"2023-08-21T20:56:11","guid":{"rendered":"https:\/\/www.sisinternational.com\/?page_id=43137"},"modified":"2026-02-15T16:49:52","modified_gmt":"2026-02-15T21:49:52","slug":"ricerca-di-mercato-sul-rebranding-di-hotel","status":"publish","type":"page","link":"https:\/\/www.sisinternational.com\/it\/competenza\/ricerca-di-mercato-sul-rebranding-di-hotel\/","title":{"rendered":"Ricerca di mercato sul rebranding di hotel"},"content":{"rendered":"<h1 class=\"wp-block-heading\">Ricerca di mercato sul rebranding di hotel<\/h1>\n\n\n\n<figure class=\"gb-block-image gb-block-image-f1da408e\"><img loading=\"lazy\" decoding=\"async\" width=\"1456\" height=\"816\" class=\"gb-image gb-image-f1da408e\" src=\"https:\/\/www.sisinternational.com\/wp-content\/uploads\/2025\/08\/Hotel-furniture-11.jpg\" alt=\"Ricerca e strategia di mercato internazionale SIS\" title=\"Hotel furniture (11)\" srcset=\"https:\/\/www.sisinternational.com\/wp-content\/uploads\/2025\/08\/Hotel-furniture-11.jpg 1456w, https:\/\/www.sisinternational.com\/wp-content\/uploads\/2025\/08\/Hotel-furniture-11-300x168.jpg 300w, https:\/\/www.sisinternational.com\/wp-content\/uploads\/2025\/08\/Hotel-furniture-11-1024x574.jpg 1024w, https:\/\/www.sisinternational.com\/wp-content\/uploads\/2025\/08\/Hotel-furniture-11-768x430.jpg 768w, https:\/\/www.sisinternational.com\/wp-content\/uploads\/2025\/08\/Hotel-furniture-11-18x10.jpg 18w\" sizes=\"auto, (max-width: 1456px) 100vw, 1456px\"><\/figure>\n\n\n\n<p><\/p>\n\n\n\n<hr class=\"wp-block-separator has-alpha-channel-opacity is-style-dots\"\/>\n\n\n\n<p>Il rebranding dell&#039;hotel \u00e8 pi\u00f9 di un logo ridisegnato; \u00e8 una trasformazione strategica per rendere il marchio pi\u00f9 competitivo e attraente per i suoi consumatori. \u00c8 qui che emerge il ruolo fondamentale della ricerca di mercato sul rebranding degli hotel.<\/p>\n\n\n\n<p>La ricerca di mercato sul rebranding degli hotel aiuta le aziende globali a modernizzare il marchio e a rivolgersi a un nuovo pubblico con una riprogettazione che consenta loro di rimanere in sintonia con gli aggiornamenti del mercato.<\/p>\n\n\n\n<h2 class=\"wp-block-heading\">Perch\u00e9 la ricerca di mercato sul rebranding degli hotel \u00e8 cos\u00ec importante?<\/h2>\n\n\n\n<figure class=\"gb-block-image gb-block-image-ed76ab28\"><img loading=\"lazy\" decoding=\"async\" width=\"1456\" height=\"816\" class=\"gb-image gb-image-ed76ab28\" src=\"https:\/\/www.sisinternational.com\/wp-content\/uploads\/2025\/08\/hotel-24.jpg\" alt=\"Ricerca e strategia di mercato internazionale SIS\" title=\"hotel (24)\" srcset=\"https:\/\/www.sisinternational.com\/wp-content\/uploads\/2025\/08\/hotel-24.jpg 1456w, https:\/\/www.sisinternational.com\/wp-content\/uploads\/2025\/08\/hotel-24-300x168.jpg 300w, https:\/\/www.sisinternational.com\/wp-content\/uploads\/2025\/08\/hotel-24-1024x574.jpg 1024w, https:\/\/www.sisinternational.com\/wp-content\/uploads\/2025\/08\/hotel-24-768x430.jpg 768w, https:\/\/www.sisinternational.com\/wp-content\/uploads\/2025\/08\/hotel-24-18x10.jpg 18w\" sizes=\"auto, (max-width: 1456px) 100vw, 1456px\"><\/figure>\n\n\n\n<p><\/p>\n\n\n\n<p>Il rebranding di un hotel \u00e8 una trasformazione strategica che cerca di allineare l&#039;identit\u00e0 di un hotel alle attuali dinamiche del mercato, alle aspirazioni future e all&#039;evoluzione delle aspettative degli ospiti.<\/p>\n\n\n\n<p>However, beneath this transformation lies several considerations, risks, and opportunities, each of which holds the power to shape the trajectory and outcome of the rebranding endeavor. This is where hotel <a class=\"wpil_keyword_link\" href=\"https:\/\/www.sisinternational.com\/it\/soluzioni\/soluzioni-di-branding-e-ricerca-clienti\/rebranding-delle-ricerche-di-mercato\/\" title=\"Ricerche di mercato sul rebranding\" data-wpil-keyword-link=\"linked\" data-wpil-monitor-id=\"336\">rebranding delle ricerche di mercato<\/a> becomes an irreplaceable resource to take into account before making any modifications to the brand.<\/p>\n\n\n\n<p>Some of the elements that make hotel <a href=\"https:\/\/www.sisinternational.com\/it\/competenza\/industrie\/ricerca-di-mercato-sul-rebranding-di-motociclette\/\" title=\"Ricerca di mercato sul rebranding delle motociclette\" data-wpil-monitor-id=\"4700\">rebranding delle ricerche di mercato<\/a> an indispensable tool include:<\/p>\n\n\n\n<ul class=\"wp-block-list\">\n<li><strong>Demografia in cambiamento:<\/strong> As the generational composition of travelers changes, so do their preferences, values, and expectations. <a href=\"https:\/\/www.sisinternational.com\/it\/competenza\/industrie\/ricerche-di-mercato-sui-mobili-per-hotel\/\" title=\"Ricerche di mercato sui mobili per hotel\" data-wpil-monitor-id=\"7202\">Hotel rebranding market research<\/a> provides valuable perspectives into these evolving dynamics, ensuring that rebranding resonates with both existing and emerging customer segments.<\/li>\n\n\n\n<li><strong>Ciclo di feedback:<\/strong> Gli ospiti precedenti forniscono feedback preziosi su ci\u00f2 che hanno apprezzato e su ci\u00f2 che hanno ritenuto carente nella loro esperienza in hotel. Questo feedback diventa il fondamento su cui vengono formulate le strategie di rebranding nelle ricerche di mercato.<\/li>\n\n\n\n<li><strong>Posizionamento:<\/strong> Understanding where the hotel currently stands in the market compared to competitors is crucial. <a href=\"https:\/\/www.sisinternational.com\/it\/soluzioni\/consulenza-per-lospitalita-turistica-turistica\/rebranding-del-boutique-hotel\/\" title=\"Rebranding del boutique hotel\" data-wpil-monitor-id=\"2904\">hotel<\/a> rebranding market research can also spotlight areas where competitors are underperforming, providing an opportunity for the hotel to fill those gaps through its rebranding efforts.<\/li>\n\n\n\n<li><strong>Processo decisionale informato:<\/strong> Rather than relying on intuition, decisions backed by concrete data minimize risks of missteps or oversights during the rebranding process. <\/li>\n\n\n\n<li><strong>Priorit\u00e0:<\/strong> La ricerca di mercato sul rebranding degli hotel aiuta a stabilire priorit\u00e0 chiare, garantendo che gli elementi di maggior impatto del processo di rebranding vengano affrontati per primi. Comprendere quali aspetti del marchio necessitano di revisioni importanti e quali richiedono piccole modifiche garantisce che le risorse siano allocate in modo ottimale.<\/li>\n\n\n\n<li><strong>Consistenza:<\/strong> Comprehensive hotel rebranding market research ensures that all elements of the rebranding, from visual elements to guest experiences, convey a consistent and cohesive brand message.<\/li>\n<\/ul>\n\n\n\n<p><\/p>","protected":false},"excerpt":{"rendered":"<p>Il rebranding di un hotel \u00e8 una trasformazione strategica che allinea l&#039;identit\u00e0 di un hotel alle dinamiche del mercato, alle aspirazioni e alle aspettative degli ospiti.<\/p>","protected":false},"author":1,"featured_media":63584,"parent":14514,"menu_order":330,"comment_status":"closed","ping_status":"closed","template":"","meta":{"footnotes":""},"class_list":["post-43137","page","type-page","status-publish","has-post-thumbnail"],"_links":{"self":[{"href":"https:\/\/www.sisinternational.com\/it\/wp-json\/wp\/v2\/pages\/43137","targetHints":{"allow":["GET"]}}],"collection":[{"href":"https:\/\/www.sisinternational.com\/it\/wp-json\/wp\/v2\/pages"}],"about":[{"href":"https:\/\/www.sisinternational.com\/it\/wp-json\/wp\/v2\/types\/page"}],"author":[{"embeddable":true,"href":"https:\/\/www.sisinternational.com\/it\/wp-json\/wp\/v2\/users\/1"}],"replies":[{"embeddable":true,"href":"https:\/\/www.sisinternational.com\/it\/wp-json\/wp\/v2\/comments?post=43137"}],"version-history":[{"count":10,"href":"https:\/\/www.sisinternational.com\/it\/wp-json\/wp\/v2\/pages\/43137\/revisions"}],"predecessor-version":[{"id":82701,"href":"https:\/\/www.sisinternational.com\/it\/wp-json\/wp\/v2\/pages\/43137\/revisions\/82701"}],"up":[{"embeddable":true,"href":"https:\/\/www.sisinternational.com\/it\/wp-json\/wp\/v2\/pages\/14514"}],"wp:featuredmedia":[{"embeddable":true,"href":"https:\/\/www.sisinternational.com\/it\/wp-json\/wp\/v2\/media\/63584"}],"wp:attachment":[{"href":"https:\/\/www.sisinternational.com\/it\/wp-json\/wp\/v2\/media?parent=43137"}],"curies":[{"name":"wp","href":"https:\/\/api.w.org\/{rel}","templated":true}]}}