{"id":43035,"date":"2023-08-10T18:53:29","date_gmt":"2023-08-10T22:53:29","guid":{"rendered":"https:\/\/www.sisinternational.com\/?page_id=43035"},"modified":"2026-01-27T16:38:50","modified_gmt":"2026-01-27T21:38:50","slug":"cose-la-consulenza-strategica","status":"publish","type":"page","link":"https:\/\/www.sisinternational.com\/it\/soluzioni\/consulenza-strategica\/cose-la-consulenza-strategica\/","title":{"rendered":"Cos&#039;\u00e8 la consulenza strategica?"},"content":{"rendered":"<h1 class=\"wp-block-heading\">Cos&#039;\u00e8 la consulenza strategica?<\/h1>\n\n\n\n<figure class=\"gb-block-image gb-block-image-0f87a777\"><img loading=\"lazy\" decoding=\"async\" width=\"1456\" height=\"816\" class=\"gb-image gb-image-0f87a777\" src=\"https:\/\/www.sisinternational.com\/wp-content\/uploads\/2025\/10\/Strategy-consulting-1.jpg\" alt=\"Ricerca e strategia di mercato internazionale SIS\" title=\"Strategy consulting (1)\" srcset=\"https:\/\/www.sisinternational.com\/wp-content\/uploads\/2025\/10\/Strategy-consulting-1.jpg 1456w, https:\/\/www.sisinternational.com\/wp-content\/uploads\/2025\/10\/Strategy-consulting-1-300x168.jpg 300w, https:\/\/www.sisinternational.com\/wp-content\/uploads\/2025\/10\/Strategy-consulting-1-1024x574.jpg 1024w, https:\/\/www.sisinternational.com\/wp-content\/uploads\/2025\/10\/Strategy-consulting-1-768x430.jpg 768w, https:\/\/www.sisinternational.com\/wp-content\/uploads\/2025\/10\/Strategy-consulting-1-18x10.jpg 18w\" sizes=\"auto, (max-width: 1456px) 100vw, 1456px\"><\/figure>\n\n\n\n<p><\/p>\n\n\n\n<p>La consulenza strategica aiuta le organizzazioni a progettare e implementare strategie solide che semplificano le operazioni, migliorano le prestazioni e raggiungono gli obiettivi aziendali.<\/p>\n\n\n\n<p>Si distingue nel settore della consulenza per il suo focus specifico nell&#039;assistere le aziende con processi decisionali di alto livello che definiscono la loro traiettoria di mercato e le aiutano a superare tutte le sfide che possono affrontare durante la loro crescita, soprattutto in tempi di recessione economica e instabilit\u00e0. mercati.<\/p>\n\n\n\n<h2 class=\"wp-block-heading\">Comprendere la consulenza strategica<\/h2>\n\n\n\n<p>La consulenza strategica \u00e8 un servizio professionale per assistere le organizzazioni nel prendere decisioni strategiche di alto livello.<\/p>\n\n\n\n<p>These decisions often involve defining the company&#8217;s direction, identifying potential growth opportunities, understanding market dynamics, and aligning business operations with strategic goals. In corporate strategy, for instance, <a href=\"https:\/\/www.sisinternational.com\/it\/competenza\/industrie\/societa-di-consulenza-per-ricerche-di-mercato-in-franchising\/\" title=\"Societ\u00e0 di ricerche di mercato e consulenza in franchising\"  data-wpil-monitor-id=\"9793\">consultants might help a company<\/a> determine which markets to enter or how to allocate resources effectively. In digital strategy, they might guide a firm on how to leverage technology for growth or optimize its digital presence.<\/p>\n\n\n\n<p>Ci\u00f2 che distingue la consulenza strategica dalle altre forme di consulenza \u00e8 la sua attenzione alla pianificazione di alto livello e a lungo termine. Piuttosto che affrontare questioni funzionali specifiche o sfide immediate, i consulenti strategici si concentrano sul quadro pi\u00f9 ampio, sviluppando strategie in grado di modellare il futuro di un&#039;azienda.<\/p>\n\n\n\n<h2 class=\"wp-block-heading\">Il ruolo chiave di un consulente strategico<\/h2>\n\n\n\n<p>UN <a href=\"https:\/\/www.sisinternational.com\/it\/soluzioni\/ricerca-di-consulenza-strategica-fintech\/consulenza-strategica-per-ricerche-di-mercato-assicurative-in-caso-di-interruzione-dellattivita\/\" title=\"Ricerche di mercato e consulenza strategica nel settore assicurativo per l&#039;interruzione dell&#039;attivit\u00e0\"  data-wpil-monitor-id=\"9788\">strategy consultant<\/a> assists organizations in analyzing their business models, identifying areas for improvement, and formulating strategies that align with their objectives and market dynamics.<\/p>\n\n\n\n<p>Conducono analisi approfondite di vari fattori come le strategie attuali dell&#039;azienda, la posizione di mercato, la concorrenza e le tendenze del settore. Ci\u00f2 comporta la raccolta e l\u2019esame accurato dei dati, l\u2019intervista al personale aziendale ed eventualmente il coinvolgimento di clienti o fornitori.<\/p>\n\n\n\n<p>Once they have a comprehensive understanding of the client&#8217;s business, <a href=\"https:\/\/www.sisinternational.com\/it\/soluzioni\/consulenza-strategica\/pianificazione-dello-scenario\/\" title=\"Consulenza strategica per la pianificazione degli scenari\"  data-wpil-monitor-id=\"7096\">strategy consultants formulate strategic plans<\/a> designed to achieve specific goals, such as market penetration, cost reduction, revenue growth, or digital transformation.<\/p>\n\n\n\n<h2 class=\"wp-block-heading\">Le competenze di un Consulente Strategico<\/h2>\n\n\n\n<figure class=\"gb-block-image gb-block-image-1b02ca92\"><img loading=\"lazy\" decoding=\"async\" width=\"1456\" height=\"816\" class=\"gb-image gb-image-1b02ca92\" src=\"https:\/\/www.sisinternational.com\/wp-content\/uploads\/2025\/08\/Strategy-consulting-6.jpg\" alt=\"Ricerca e strategia di mercato internazionale SIS\" title=\"Strategy consulting (6)\" srcset=\"https:\/\/www.sisinternational.com\/wp-content\/uploads\/2025\/08\/Strategy-consulting-6.jpg 1456w, https:\/\/www.sisinternational.com\/wp-content\/uploads\/2025\/08\/Strategy-consulting-6-300x168.jpg 300w, https:\/\/www.sisinternational.com\/wp-content\/uploads\/2025\/08\/Strategy-consulting-6-1024x574.jpg 1024w, https:\/\/www.sisinternational.com\/wp-content\/uploads\/2025\/08\/Strategy-consulting-6-768x430.jpg 768w, https:\/\/www.sisinternational.com\/wp-content\/uploads\/2025\/08\/Strategy-consulting-6-18x10.jpg 18w\" sizes=\"auto, (max-width: 1456px) 100vw, 1456px\"><\/figure>\n\n\n\n<p><\/p>\n\n\n\n<p>Un consulente strategico di successo ha bisogno di un forte insieme di competenze, tra cui pensiero analitico, risoluzione dei problemi, comunicazione eccellente e una profonda comprensione delle dinamiche aziendali e di mercato, tra le altre competenze.<\/p>\n\n\n\n<p>Alcune delle competenze pi\u00f9 importanti di un consulente strategico sono:<\/p>\n\n\n\n<ul class=\"wp-block-list\">\n<li><strong>Gestione delle parti interessate:<\/strong> Capacit\u00e0 di impegnarsi e gestire le relazioni a diversi livelli di un&#039;organizzazione, dai dirigenti di alto livello ai team operativi.<\/li>\n\n\n\n<li><strong>Gestione del progetto:<\/strong> Coordinare i vari aspetti di un progetto strategico, assicurando che le scadenze siano rispettate e che le risorse siano utilizzate in modo efficace.<\/li>\n\n\n\n<li><strong>Abilit\u00e0 interpersonali:<\/strong> Capacit\u00e0 di lavorare in team diversi, comprendere prospettive diverse e motivare i membri del team.<\/li>\n\n\n\n<li><strong>Adattabilit\u00e0 e flessibilit\u00e0:<\/strong> Data la natura frenetica e dinamica delle imprese, la capacit\u00e0 di adattarsi alle mutevoli condizioni e di modificare le strategie di conseguenza \u00e8 fondamentale.<\/li>\n\n\n\n<li><strong>Giudizio etico e integrit\u00e0:<\/strong> Offrire raccomandazioni imparziali in linea sia con gli obiettivi del cliente che con considerazioni etiche.<\/li>\n\n\n\n<li><strong>Acume finanziario:<\/strong> Comprendere i rendiconti finanziari, eseguire modelli finanziari e interpretare gli indicatori finanziari per guidare le decisioni strategiche.<\/li>\n\n\n\n<li><strong>Competenza tecnologica:<\/strong> Familiarit\u00e0 con gli strumenti analitici, i software e le piattaforme pi\u00f9 recenti che aiutano nella raccolta, analisi e presentazione dei dati.<\/li>\n\n\n\n<li><strong>Apprendimento continuo:<\/strong> Rimani aggiornato sulle ultime tendenze del settore, sui cambiamenti del mercato e sulle tecnologie emergenti per fornire consigli informati.<\/li>\n\n\n\n<li><strong>Capacit\u00e0 di negoziazione:<\/strong> Capacit\u00e0 di affrontare disaccordi o conflitti e raggiungere soluzioni reciprocamente vantaggiose.<\/li>\n\n\n\n<li><strong>Creativit\u00e0 e innovazione:<\/strong> Oltre ad analizzare i dati e i processi esistenti, i consulenti strategici spesso devono pensare fuori dagli schemi per identificare nuove soluzioni o strade per la crescita.<\/li>\n\n\n\n<li><strong>Consapevolezza culturale:<\/strong> Per i consulenti che lavorano con clienti internazionali o in contesti diversi, comprendere le sfumature e le sensibilit\u00e0 culturali pu\u00f2 essere cruciale.<\/li>\n<\/ul>\n\n\n\n<h2 class=\"wp-block-heading\">Vantaggi della consulenza strategica<\/h2>\n\n\n\n<p>Tra i vantaggi pi\u00f9 preziosi della consulenza strategica c&#039;\u00e8 la capacit\u00e0 di prendere decisioni strategiche informate mirate al successo a lungo termine dell&#039;organizzazione e generare un notevole ritorno sull&#039;investimento.<\/p>\n\n\n\n<ul class=\"wp-block-list\">\n<li>La consulenza strategica fornisce approfondimenti che potrebbero essere trascurati internamente a causa di pregiudizi operativi o mancanza di risorse.<\/li>\n\n\n\n<li>Another benefit is the potential for improved business performance. By identifying gaps in current strategies and proposing optimal solutions, <a href=\"https:\/\/www.sisinternational.com\/it\/copertura\/le-americhe\/ricerche-di-mercato-nei-caraibi\/societa-di-consulenza-strategica-caraibica\/\" title=\"Societ\u00e0 di consulenza strategica per i Caraibi\"  data-wpil-monitor-id=\"9779\">strategy consultants can help companies<\/a> enhance their operations, increase efficiency, and boost profitability. For instance, a well-devised <a href=\"https:\/\/www.sisinternational.com\/it\/competenza\/industrie\/consulenza-strategica-per-ricerche-di-mercato-sullidentita-digitale\/\" title=\"Ricerche di mercato e consulenza strategica sull&#039;identit\u00e0 digitale\"  data-wpil-monitor-id=\"9791\">digital strategy<\/a> could lead to more effective online marketing, resulting in increased sales and customer engagement.<\/li>\n\n\n\n<li>La consulenza strategica pu\u00f2 anche favorire l\u2019innovazione. Portando nuove prospettive e applicando la loro vasta conoscenza di diversi settori e mercati, i consulenti possono stimolare il pensiero innovativo, portando a nuovi prodotti, servizi o modelli di business.<\/li>\n\n\n\n<li>Pu\u00f2 aiutare a gestire il cambiamento. Sia che un&#039;azienda stia attraversando una fusione, un&#039;acquisizione o un cambiamento significativo nel suo modello di business, i consulenti possono offrire indicazioni su come affrontare queste transizioni senza intoppi e con successo.<\/li>\n<\/ul>\n\n\n\n<h2 class=\"wp-block-heading\">Sfide nella consulenza strategica<\/h2>\n\n\n\n<figure class=\"gb-block-image gb-block-image-9c0b4665\"><img loading=\"lazy\" decoding=\"async\" width=\"1456\" height=\"816\" class=\"gb-image gb-image-9c0b4665\" src=\"https:\/\/www.sisinternational.com\/wp-content\/uploads\/2025\/08\/Strategy-consulting-31.jpg\" alt=\"Ricerca e strategia di mercato internazionale SIS\" title=\"Strategy consulting (31)\" srcset=\"https:\/\/www.sisinternational.com\/wp-content\/uploads\/2025\/08\/Strategy-consulting-31.jpg 1456w, https:\/\/www.sisinternational.com\/wp-content\/uploads\/2025\/08\/Strategy-consulting-31-300x168.jpg 300w, https:\/\/www.sisinternational.com\/wp-content\/uploads\/2025\/08\/Strategy-consulting-31-1024x574.jpg 1024w, https:\/\/www.sisinternational.com\/wp-content\/uploads\/2025\/08\/Strategy-consulting-31-768x430.jpg 768w, https:\/\/www.sisinternational.com\/wp-content\/uploads\/2025\/08\/Strategy-consulting-31-18x10.jpg 18w\" sizes=\"auto, (max-width: 1456px) 100vw, 1456px\"><\/figure>\n\n\n\n<ul class=\"wp-block-list\">\n<li>L&#039;attuazione dei piani strategici. Anche le strategie pi\u00f9 ben ponderate possono fallire se non vengono eseguite correttamente. Ci\u00f2 pu\u00f2 essere dovuto a vari fattori, come la mancanza di consenso da parte delle principali parti interessate, risorse insufficienti o cambiamenti imprevisti del mercato.<\/li>\n\n\n\n<li>Un&#039;altra sfida \u00e8 <a href=\"https:\/\/www.sisinternational.com\/it\/soluzioni\/ricerca-di-consulenza-strategica-fintech\/consulenza-strategica-per-la-ricerca-di-mercato-nella-gestione-del-cambiamento-dei-servizi-finanziari\/\" title=\"Ricerca di mercato e consulenza strategica sulla gestione del cambiamento dei servizi finanziari\"  data-wpil-monitor-id=\"9781\">managing the complexity of strategy consulting<\/a>. Formulating strategic plans often requires dealing with a high degree of uncertainty and making decisions based on incomplete information. Furthermore, consultants must consider a wide range of factors and potential scenarios, making the task complex and demanding.<\/li>\n\n\n\n<li>Anche mantenere l\u2019obiettivit\u00e0 pu\u00f2 rappresentare una sfida. Sebbene i consulenti strategici siano esterni all\u2019organizzazione e idealmente imparziali, possono essere influenzati dalle loro precedenti esperienze o da nozioni preconcette.<\/li>\n<\/ul>\n\n\n\n<h2 class=\"wp-block-heading\">Consulenza strategica: tendenze attuali<\/h2>\n\n\n\n<p>Il mondo della consulenza strategica non \u00e8 statico e si evolve continuamente in risposta ai cambiamenti nell\u2019ambiente aziendale \u2013 e diverse tendenze attuali stanno plasmando il campo come:<\/p>\n\n\n\n<ul class=\"wp-block-list\">\n<li><strong>Trasformazione digitale:<\/strong> Businesses across industries are leveraging digital technologies to improve their operations, customer experiences, and competitive positioning. Strategy consultants are increasingly helping companies navigate their digital transformation journeys, advising on the use of <a href=\"https:\/\/www.sisinternational.com\/it\/soluzioni\/ai-ricerche-di-mercato-e-consulenza-strategica\/consulenza-sullintelligenza-artificiale-per-lautomazione-del-settore-tecnologico\/\" title=\"Consulenza sull&#039;automazione del settore tecnologico e sull&#039;intelligenza artificiale\"  data-wpil-monitor-id=\"9783\">technologies such as artificial intelligence<\/a>, data analytics, cloud computing, and blockchain.<\/li>\n\n\n\n<li><strong>Consulenza in materia di sostenibilit\u00e0 e ambiente, sociale e governance (ESG):<\/strong> As the importance of ESG factors gains recognition, companies are seeking strategic guidance on integrating sustainability into their business models. <a href=\"https:\/\/www.sisinternational.com\/it\/strategie-di-sostenibilita-aziendale-un-caso-di-studio-siemens\/\" title=\"Strategie di sostenibilit\u00e0 aziendale: un caso di studio Siemens\"  data-wpil-monitor-id=\"7500\">Strategy consultants<\/a> are offering ESG consulting to help businesses improve their sustainability performance and capitalize on related opportunities.<\/li>\n\n\n\n<li><strong>Strategie basate sui dati:<\/strong> L\u2019avvento dei big data e degli strumenti di analisi avanzati ha permesso alle aziende di basare le proprie strategie su insight pi\u00f9 accurati e dettagliati. I consulenti stanno aiutando le aziende a sfruttare questi strumenti per formulare strategie basate sui dati che siano pi\u00f9 reattive alle dinamiche del mercato.<\/li>\n\n\n\n<li><strong>Maggiore specializzazione:<\/strong> La consulenza strategica sta diventando sempre pi\u00f9 specializzata, con consulenti che offrono consulenza di esperti in aree di nicchia come la strategia digitale, la strategia della catena di fornitura o le strategie specifiche del settore.<\/li>\n<\/ul>\n\n\n\n<h2 class=\"wp-block-heading\">Il futuro della consulenza strategica<\/h2>\n\n\n\n<figure class=\"gb-block-image gb-block-image-7a0578b4\"><img loading=\"lazy\" decoding=\"async\" width=\"1456\" height=\"816\" class=\"gb-image gb-image-7a0578b4\" src=\"https:\/\/www.sisinternational.com\/wp-content\/uploads\/2025\/10\/AI-Strategy-Consulting-3.jpg\" alt=\"Ricerca e strategia di mercato internazionale SIS\" title=\"AI Strategy Consulting (3)\" srcset=\"https:\/\/www.sisinternational.com\/wp-content\/uploads\/2025\/10\/AI-Strategy-Consulting-3.jpg 1456w, https:\/\/www.sisinternational.com\/wp-content\/uploads\/2025\/10\/AI-Strategy-Consulting-3-300x168.jpg 300w, https:\/\/www.sisinternational.com\/wp-content\/uploads\/2025\/10\/AI-Strategy-Consulting-3-1024x574.jpg 1024w, https:\/\/www.sisinternational.com\/wp-content\/uploads\/2025\/10\/AI-Strategy-Consulting-3-768x430.jpg 768w, https:\/\/www.sisinternational.com\/wp-content\/uploads\/2025\/10\/AI-Strategy-Consulting-3-18x10.jpg 18w\" sizes=\"auto, (max-width: 1456px) 100vw, 1456px\"><\/figure>\n\n\n\n<p><\/p>\n\n\n\n<p>Il futuro della consulenza strategica sembra dinamico. Le tendenze emergenti e i progressi tecnologici sono destinati a modellare questo campo in diversi modi.<\/p>\n\n\n\n<p>One such trend is the increasing emphasis on digital transformation. As technology becomes more integrated into business operations, strategy consultants will play a critical role in guiding firms through digital strategy formulation and implementation. This could involve everything from advising on <a href=\"https:\/\/www.sisinternational.com\/it\/soluzioni\/consulenza-strategica\/analisi-dei-dati\/\" title=\"Societ\u00e0 di analisi dei dati\"  data-wpil-monitor-id=\"9786\">analisi dei dati<\/a> for strategic decision-making to guiding companies on the use of AI or blockchain in their operations.<\/p>\n\n\n\n<p>Sustainability is another area that is likely to feature prominently in future strategy consulting. As businesses face growing pressure to reduce their environmental footprint, consultants will need to help them devise <a href=\"https:\/\/www.sisinternational.com\/it\/migliori-pratiche-nella-vendita-al-dettaglio\/\" title=\"Migliori pratiche nella vendita al dettaglio\"  data-wpil-monitor-id=\"9776\">strategies<\/a> that not only improve their sustainability performance but also capitalize on the opportunities that green practices can offer.<\/p>\n\n\n\n<p>Anche il ruolo dei dati nella consulenza strategica \u00e8 destinato a crescere. Con l\u2019avvento dei big data e dell\u2019analisi avanzata, i consulenti strategici faranno sempre pi\u00f9 affidamento sugli insight basati sui dati per formulare raccomandazioni. Ci\u00f2 richieder\u00e0 loro di sviluppare forti capacit\u00e0 di analisi dei dati e una profonda comprensione degli strumenti di analisi.<\/p>\n\n\n\n<p>Infine, man mano che l\u2019economia globale diventa sempre pi\u00f9 interconnessa, la consulenza strategica dovr\u00e0 adottare una prospettiva pi\u00f9 globale. Ci\u00f2 significa comprendere le sfumature dei diversi mercati e aiutare le aziende a superare le complessit\u00e0 delle operazioni internazionali.<\/p>","protected":false},"excerpt":{"rendered":"<p>La consulenza strategica aiuta le organizzazioni a implementare strategie che semplificano le operazioni, migliorano le prestazioni e raggiungono gli obiettivi aziendali.<\/p>","protected":false},"author":1,"featured_media":71983,"parent":14567,"menu_order":28,"comment_status":"closed","ping_status":"closed","template":"","meta":{"footnotes":""},"class_list":["post-43035","page","type-page","status-publish","has-post-thumbnail"],"_links":{"self":[{"href":"https:\/\/www.sisinternational.com\/it\/wp-json\/wp\/v2\/pages\/43035","targetHints":{"allow":["GET"]}}],"collection":[{"href":"https:\/\/www.sisinternational.com\/it\/wp-json\/wp\/v2\/pages"}],"about":[{"href":"https:\/\/www.sisinternational.com\/it\/wp-json\/wp\/v2\/types\/page"}],"author":[{"embeddable":true,"href":"https:\/\/www.sisinternational.com\/it\/wp-json\/wp\/v2\/users\/1"}],"replies":[{"embeddable":true,"href":"https:\/\/www.sisinternational.com\/it\/wp-json\/wp\/v2\/comments?post=43035"}],"version-history":[{"count":6,"href":"https:\/\/www.sisinternational.com\/it\/wp-json\/wp\/v2\/pages\/43035\/revisions"}],"predecessor-version":[{"id":81626,"href":"https:\/\/www.sisinternational.com\/it\/wp-json\/wp\/v2\/pages\/43035\/revisions\/81626"}],"up":[{"embeddable":true,"href":"https:\/\/www.sisinternational.com\/it\/wp-json\/wp\/v2\/pages\/14567"}],"wp:featuredmedia":[{"embeddable":true,"href":"https:\/\/www.sisinternational.com\/it\/wp-json\/wp\/v2\/media\/71983"}],"wp:attachment":[{"href":"https:\/\/www.sisinternational.com\/it\/wp-json\/wp\/v2\/media?parent=43035"}],"curies":[{"name":"wp","href":"https:\/\/api.w.org\/{rel}","templated":true}]}}