{"id":43030,"date":"2023-08-10T18:24:50","date_gmt":"2023-08-10T22:24:50","guid":{"rendered":"https:\/\/www.sisinternational.com\/?page_id=43030"},"modified":"2026-03-12T22:38:26","modified_gmt":"2026-03-13T02:38:26","slug":"ricerche-di-mercato-sullacciaio","status":"publish","type":"page","link":"https:\/\/www.sisinternational.com\/it\/construction-market-research-solutions\/ricerche-di-mercato-sullacciaio\/","title":{"rendered":"Ricerche di mercato sull&#039;acciaio"},"content":{"rendered":"<h1 class=\"wp-block-heading\">Ricerche di mercato sull&#039;acciaio<\/h1>\n\n\n\n<figure class=\"gb-block-image gb-block-image-c443beca\"><img loading=\"lazy\" decoding=\"async\" width=\"1456\" height=\"816\" class=\"gb-image gb-image-c443beca\" src=\"https:\/\/www.sisinternational.com\/wp-content\/uploads\/2025\/08\/Iron-3.jpg\" alt=\"Ricerca e strategia di mercato internazionale SIS\" title=\"Iron (3)\" srcset=\"https:\/\/www.sisinternational.com\/wp-content\/uploads\/2025\/08\/Iron-3.jpg 1456w, https:\/\/www.sisinternational.com\/wp-content\/uploads\/2025\/08\/Iron-3-300x168.jpg 300w, https:\/\/www.sisinternational.com\/wp-content\/uploads\/2025\/08\/Iron-3-1024x574.jpg 1024w, https:\/\/www.sisinternational.com\/wp-content\/uploads\/2025\/08\/Iron-3-768x430.jpg 768w, https:\/\/www.sisinternational.com\/wp-content\/uploads\/2025\/08\/Iron-3-18x10.jpg 18w\" sizes=\"auto, (max-width: 1456px) 100vw, 1456px\"><\/figure>\n\n\n\n<p><\/p>\n\n\n\n<p>Nel vasto mondo dei materiali industriali, l\u2019acciaio rappresenta un materiale indispensabile per molteplici settori grazie alla sua inflessibile resistenza e versatilit\u00e0. Dall\u2019edilizia, all\u2019automotive, ai macchinari e agli elettrodomestici, l\u2019acciaio rimane un prodotto essenziale sempre pi\u00f9 consumato. Pertanto, una comprensione approfondita delle dinamiche del mercato dell\u2019acciaio diventa fondamentale per produttori, fornitori e parti interessate.<\/p>\n\n\n\n<p>Therefore, steel market research provides nuanced insights into market conditions, trends, and <a href=\"https:\/\/www.sisinternational.com\/it\/industry-forecast\/it-industry-forecast\/\" title=\"IT Industry Forecast\"  data-wpil-monitor-id=\"3215\">forecasts in the context of industries<\/a> that are growing and are likely to become even more important in the future.<\/p>\n\n\n\n<h2 class=\"wp-block-heading\">Comprendere l&#039;acciaio e le sue applicazioni<\/h2>\n\n\n\n<p>L&#039;acciaio \u00e8 una lega, composta principalmente da ferro e carbonio. La sua robustezza, durata e formabilit\u00e0 lo hanno reso la scelta preferita per un&#039;ampia gamma di applicazioni.<\/p>\n\n\n\n<p>Nel settore edile, l\u2019acciaio viene utilizzato per qualsiasi cosa, dalle strutture strutturali ai materiali per coperture. Anche il settore automobilistico fa molto affidamento sull\u2019acciaio per carrozzerie, motori e altri componenti grazie alla sua resistenza e malleabilit\u00e0. L&#039;acciaio \u00e8 fondamentale nella produzione di macchinari, elettrodomestici e strumenti, grazie alla sua durabilit\u00e0 e resistenza all&#039;usura.<\/p>\n\n\n\n<p>Data la sua vasta gamma di applicazioni, comprendere le dinamiche del mercato dell&#039;acciaio attraverso le ricerche di mercato sull&#039;acciaio diventa sempre pi\u00f9 essenziale. Offre una prospettiva chiara della domanda attuale, delle tendenze emergenti e delle aree di crescita futura nei diversi settori a cui si rivolge l&#039;acciaio.<\/p>\n\n\n\n<h2 class=\"wp-block-heading\">Fattori che guidano il mercato dell\u2019acciaio<\/h2>\n\n\n\n<figure class=\"gb-block-image gb-block-image-d791e28d\"><img loading=\"lazy\" decoding=\"async\" width=\"1456\" height=\"816\" class=\"gb-image gb-image-d791e28d\" src=\"https:\/\/www.sisinternational.com\/wp-content\/uploads\/2025\/08\/Iron-1.jpg\" alt=\"Ricerca e strategia di mercato internazionale SIS\" title=\"Iron (1)\" srcset=\"https:\/\/www.sisinternational.com\/wp-content\/uploads\/2025\/08\/Iron-1.jpg 1456w, https:\/\/www.sisinternational.com\/wp-content\/uploads\/2025\/08\/Iron-1-300x168.jpg 300w, https:\/\/www.sisinternational.com\/wp-content\/uploads\/2025\/08\/Iron-1-1024x574.jpg 1024w, https:\/\/www.sisinternational.com\/wp-content\/uploads\/2025\/08\/Iron-1-768x430.jpg 768w, https:\/\/www.sisinternational.com\/wp-content\/uploads\/2025\/08\/Iron-1-18x10.jpg 18w\" sizes=\"auto, (max-width: 1456px) 100vw, 1456px\"><\/figure>\n\n\n\n<p><\/p>\n\n\n\n<p>Diversi fattori influenzano le dinamiche della domanda e dell\u2019offerta del mercato dell\u2019acciaio. Secondo una recente ricerca sul mercato dell\u2019acciaio, questi sono alcuni dei fattori chiave:<\/p>\n\n\n\n<ul class=\"wp-block-list\">\n<li><strong>Crescita industriale:<\/strong> La rapida industrializzazione, in particolare nelle economie emergenti come Cina e India, ha aumentato significativamente la domanda di acciaio. Questa crescita \u00e8 particolarmente evidente in settori come l\u2019edilizia, l\u2019automotive e lo sviluppo delle infrastrutture.<\/li>\n\n\n\n<li><strong>Urbanizzazione:<\/strong> Con l\u2019espansione della popolazione urbana, vi \u00e8 una crescente necessit\u00e0 di sviluppo delle infrastrutture, aumentando la domanda di acciaio nell\u2019edilizia, nei sistemi di trasporto e nei servizi pubblici.<\/li>\n\n\n\n<li><strong>Progressi tecnologici:<\/strong> Le innovazioni tecnologiche nei processi di produzione dell\u2019acciaio, come l\u2019adozione della tecnologia dei forni elettrici ad arco, hanno migliorato l\u2019efficienza e la sostenibilit\u00e0.<\/li>\n\n\n\n<li><strong>Mercati emergenti:<\/strong> I mercati emergenti rappresentano un\u2019opportunit\u00e0 significativa per l\u2019industria siderurgica. Si prevede che l\u2019aumento del potere di spesa, abbinato alla crescita industriale in queste regioni, guider\u00e0 il mercato dell\u2019acciaio.<\/li>\n\n\n\n<li><strong>Politiche di governo:<\/strong> Le iniziative e le politiche governative a sostegno dello sviluppo delle infrastrutture, soprattutto nei paesi in via di sviluppo, hanno un impatto positivo diretto sull\u2019industria siderurgica.<\/li>\n\n\n\n<li><strong>Tendenze di sostenibilit\u00e0:<\/strong> Anche la crescente domanda di acciaio leggero e ad alta resistenza in settori come quello automobilistico e aerospaziale per una migliore efficienza del carburante e minori emissioni sta contribuendo alla crescita del mercato.<\/li>\n<\/ul>\n\n\n\n<h2 class=\"wp-block-heading\">Opportunit\u00e0<\/h2>\n\n\n\n<p>L\u2019industria siderurgica presenta una moltitudine di opportunit\u00e0 di ricerca per le aziende che mirano a trarre vantaggio dalle tendenze emergenti. Ecco alcune delle strade pi\u00f9 promettenti nella ricerca di mercato dell\u2019acciaio:<\/p>\n\n\n\n<ul class=\"wp-block-list\">\n<li><strong>Sostenibilit\u00e0 e produzione di acciaio verde:<\/strong> With the increasing emphasis on sustainable and eco-friendly practices, there is a significant interest in producing &#8220;green&#8221; steel using methods that reduce carbon <a href=\"https:\/\/www.sisinternational.com\/it\/comprendere-il-sistema-di-scambio-delle-emissioni-dellue-e-una-relazione-sis\/\" title=\"Ricerche di mercato sullo scambio di quote di emissioni\"  data-wpil-monitor-id=\"1749\">emissions according to steel market research<\/a>.<\/li>\n\n\n\n<li><strong>Acciai avanzati ad alta resistenza (AHSS):<\/strong> La domanda di varianti di acciaio pi\u00f9 leggere e resistenti in settori come quello automobilistico e dell\u2019edilizia apre nuove strade alla ricerca sull\u2019AHSS e sulle sue potenziali applicazioni.<\/li>\n\n\n\n<li><strong>Dinamiche di mercato nelle economie emergenti:<\/strong> La rapida urbanizzazione e lo sviluppo infrastrutturale in paesi come India, Brasile e parti dell\u2019Africa portano a cambiamenti nei modelli di domanda.<\/li>\n\n\n\n<li><strong>Riciclo dell\u2019acciaio ed economia circolare:<\/strong> L\u2019industria siderurgica \u00e8 uno dei settori leader quando si parla di riciclaggio. La ricerca volta a migliorare l\u2019efficienza dei processi di riciclaggio e ad esplorare gli aspetti economici dell\u2019economia circolare nel settore dell\u2019acciaio pu\u00f2 essere utile.<\/li>\n\n\n\n<li><strong>L\u2019acciaio nelle infrastrutture e nei mega progetti:<\/strong> Con molte nazioni che si imbarcano in importanti progetti infrastrutturali, c&#039;\u00e8 l&#039;opportunit\u00e0 di studiare la potenziale domanda di acciaio e i tipi di acciaio che saranno pi\u00f9 ricercati.<\/li>\n\n\n\n<li><strong>Innovazioni tecnologiche nella produzione dell\u2019acciaio:<\/strong> I progressi tecnologici, tra cui l\u2019intelligenza artificiale e l\u2019automazione, stanno trasformando i processi di produzione dell\u2019acciaio. Studi approfonditi su queste tecnologie e sul loro ROI possono guidare le decisioni di investimento.<\/li>\n\n\n\n<li><strong>Dinamiche e politiche commerciali:<\/strong> Considerati i frequenti cambiamenti nelle dinamiche del commercio globale, nelle tariffe e nelle normative riguardanti l\u2019acciaio, c\u2019\u00e8 una costante necessit\u00e0 di ricerca per comprendere e anticipare questi cambiamenti.<\/li>\n\n\n\n<li><strong>Comportamento del consumatore e dell&#039;utente finale:<\/strong> Comprendere le preferenze degli utenti finali, soprattutto in settori come la produzione automobilistica, l\u2019edilizia e i beni di consumo, pu\u00f2 portare a informazioni dettagliate sulla qualit\u00e0 dell\u2019acciaio, sui prezzi e sulle aspettative di consegna.<\/li>\n\n\n\n<li><strong>Impatti geopolitici sulle catene di fornitura dell\u2019acciaio:<\/strong> L\u2019industria siderurgica \u00e8 profondamente intrecciata con la geopolitica globale. La ricerca di potenziali interruzioni, rischi e strategie per gestire le sfide geopolitiche pu\u00f2 essere cruciale per i grandi produttori e utilizzatori di acciaio.<\/li>\n\n\n\n<li><strong>Mercati di nicchia dell\u2019acciaio:<\/strong> L\u2019esplorazione degli acciai speciali, come l\u2019acciaio inossidabile per applicazioni mediche o le leghe specifiche per il settore aerospaziale, pu\u00f2 fornire informazioni su segmenti di mercato di nicchia ma redditizi.<\/li>\n\n\n\n<li><strong>Materiali concorrenti e complementari:<\/strong> Poich\u00e9 materiali come l\u2019alluminio, i compositi e la fibra di carbonio competono per applicazioni tradizionalmente dominate dall\u2019acciaio, comprendere questo panorama competitivo pu\u00f2 aiutare l\u2019industria siderurgica a innovarsi e ad adattarsi.<\/li>\n<\/ul>\n\n\n\n<h2 class=\"wp-block-heading\">Sfide<\/h2>\n\n\n\n<p>Nonostante i robusti fattori trainanti della crescita, il mercato dell\u2019acciaio si trova ad affrontare diverse sfide che potrebbero influenzarne la traiettoria.<\/p>\n\n\n\n<ul class=\"wp-block-list\">\n<li><strong>Impatto ambientale:<\/strong> La produzione di acciaio, in particolare attraverso metodi tradizionali, \u00e8 associata ad elevate emissioni di carbonio e consumo di energia. Questa impronta ambientale ha portato a un maggiore controllo normativo e a pressioni per adottare pratiche di produzione pi\u00f9 ecologiche.<\/li>\n\n\n\n<li><strong>Volatilit\u00e0 dei prezzi delle materie prime:<\/strong> L\u2019industria siderurgica dipende fortemente da materie prime come il minerale di ferro e il carbone. Le fluttuazioni dei loro prezzi possono avere un impatto sul costo della produzione dell\u2019acciaio, influenzando le dinamiche del mercato.<\/li>\n\n\n\n<li><strong>Politiche commerciali:<\/strong> I cambiamenti nelle politiche commerciali internazionali, nelle tariffe e nelle restrizioni all\u2019import-export possono creare incertezze nel mercato, influenzando sia l\u2019offerta che la domanda.<\/li>\n\n\n\n<li><strong>Sovraccapacit\u00e0:<\/strong> La sovrapproduzione di acciaio, soprattutto in regioni come la Cina, ha portato a uno squilibrio globale tra domanda e offerta, influenzando i prezzi e la redditivit\u00e0 del mercato. Tuttavia, le aziende possono affrontare questa sfida sfruttando le ricerche di mercato dell\u2019acciaio.<\/li>\n\n\n\n<li><strong>Concorrenza dei materiali sostitutivi:<\/strong> I materiali alternativi come l\u2019alluminio e i materiali compositi rappresentano una sfida per l\u2019industria siderurgica, soprattutto in settori come quello automobilistico e dell\u2019edilizia, dove peso e sostenibilit\u00e0 sono considerazioni importanti.<\/li>\n<\/ul>\n\n\n\n<h2 class=\"wp-block-heading\">Il futuro del mercato dell&#039;acciaio<\/h2>\n\n\n\n<figure class=\"gb-block-image gb-block-image-c5862d93\"><img loading=\"lazy\" decoding=\"async\" width=\"1456\" height=\"816\" class=\"gb-image gb-image-c5862d93\" src=\"https:\/\/www.sisinternational.com\/wp-content\/uploads\/2025\/08\/Iron-4.jpg\" alt=\"Ricerca e strategia di mercato internazionale SIS\" title=\"Iron (4)\" srcset=\"https:\/\/www.sisinternational.com\/wp-content\/uploads\/2025\/08\/Iron-4.jpg 1456w, https:\/\/www.sisinternational.com\/wp-content\/uploads\/2025\/08\/Iron-4-300x168.jpg 300w, https:\/\/www.sisinternational.com\/wp-content\/uploads\/2025\/08\/Iron-4-1024x574.jpg 1024w, https:\/\/www.sisinternational.com\/wp-content\/uploads\/2025\/08\/Iron-4-768x430.jpg 768w, https:\/\/www.sisinternational.com\/wp-content\/uploads\/2025\/08\/Iron-4-18x10.jpg 18w\" sizes=\"auto, (max-width: 1456px) 100vw, 1456px\"><\/figure>\n\n\n\n<p><\/p>\n\n\n\n<p>Mentre il mondo entra in una nuova era di tecnologia e sostenibilit\u00e0, il mercato dell\u2019acciaio \u00e8 pronto per trasformazioni significative. Sulla base di recenti ricerche sul mercato dell\u2019acciaio, ecco alcuni sviluppi previsti per il futuro:<\/p>\n\n\n\n<ul class=\"wp-block-list\">\n<li><strong>Sostenibilit\u00e0:<\/strong> Il futuro della produzione di acciaio risiede nelle pratiche sostenibili. Secondo una ricerca sul mercato dell\u2019acciaio, le aziende dovrebbero investire di pi\u00f9 in tecnologie verdi come la produzione di acciaio basata sull\u2019idrogeno, la cattura del carbonio e il riciclaggio per ridurre il loro impatto ambientale.<\/li>\n\n\n\n<li><strong>Digitalizzazione e automazione:<\/strong> Technological advancements will continue to shape <a href=\"https:\/\/www.sisinternational.com\/it\/automazione-nelle-ricerche-di-mercato\/\" title=\"Automazione nelle ricerche di mercato\"  data-wpil-monitor-id=\"2529\">ricerche di mercato sull&#039;acciaio<\/a>. Automation, AI, and IoT are predicted to enhance operational efficiency, safety, and product quality in steel manufacturing.<\/li>\n\n\n\n<li><strong>Crescita della domanda:<\/strong> Poich\u00e9 l\u2019urbanizzazione e l\u2019industrializzazione non mostrano segni di rallentamento, soprattutto nelle economie emergenti, \u00e8 probabile che la domanda di acciaio continui a crescere.<\/li>\n\n\n\n<li><strong>Innovazione nei prodotti siderurgici:<\/strong> Lo sviluppo di nuovi tipi di acciaio leggero ad alta resistenza continuer\u00e0, guidato da settori come quello automobilistico e aerospaziale che ricercano efficienza e sostenibilit\u00e0.<\/li>\n\n\n\n<li><strong>Consolidamento:<\/strong> Il settore potrebbe assistere a un ulteriore consolidamento, con operatori pi\u00f9 grandi che acquisiscono quelli pi\u00f9 piccoli per espandere il mercato e acquisire competenze tecnologiche.<\/li>\n<\/ul>","protected":false},"excerpt":{"rendered":"<p>L\u2019acciaio \u00e8 indispensabile per molteplici settori nel vasto mondo dei materiali industriali grazie alla sua inflessibile resistenza e versatilit\u00e0.<\/p>","protected":false},"author":1,"featured_media":63204,"parent":84498,"menu_order":324,"comment_status":"closed","ping_status":"closed","template":"","meta":{"footnotes":""},"class_list":["post-43030","page","type-page","status-publish","has-post-thumbnail"],"_links":{"self":[{"href":"https:\/\/www.sisinternational.com\/it\/wp-json\/wp\/v2\/pages\/43030","targetHints":{"allow":["GET"]}}],"collection":[{"href":"https:\/\/www.sisinternational.com\/it\/wp-json\/wp\/v2\/pages"}],"about":[{"href":"https:\/\/www.sisinternational.com\/it\/wp-json\/wp\/v2\/types\/page"}],"author":[{"embeddable":true,"href":"https:\/\/www.sisinternational.com\/it\/wp-json\/wp\/v2\/users\/1"}],"replies":[{"embeddable":true,"href":"https:\/\/www.sisinternational.com\/it\/wp-json\/wp\/v2\/comments?post=43030"}],"version-history":[{"count":6,"href":"https:\/\/www.sisinternational.com\/it\/wp-json\/wp\/v2\/pages\/43030\/revisions"}],"predecessor-version":[{"id":77499,"href":"https:\/\/www.sisinternational.com\/it\/wp-json\/wp\/v2\/pages\/43030\/revisions\/77499"}],"up":[{"embeddable":true,"href":"https:\/\/www.sisinternational.com\/it\/wp-json\/wp\/v2\/pages\/84498"}],"wp:featuredmedia":[{"embeddable":true,"href":"https:\/\/www.sisinternational.com\/it\/wp-json\/wp\/v2\/media\/63204"}],"wp:attachment":[{"href":"https:\/\/www.sisinternational.com\/it\/wp-json\/wp\/v2\/media?parent=43030"}],"curies":[{"name":"wp","href":"https:\/\/api.w.org\/{rel}","templated":true}]}}