{"id":43001,"date":"2023-08-10T14:46:17","date_gmt":"2023-08-10T18:46:17","guid":{"rendered":"https:\/\/www.sisinternational.com\/?page_id=43001"},"modified":"2026-01-26T18:39:11","modified_gmt":"2026-01-26T23:39:11","slug":"ricerche-di-mercato-jacksonville","status":"publish","type":"page","link":"https:\/\/www.sisinternational.com\/it\/copertura\/north-america\/copertura-degli-stati-uniti\/ricerche-di-mercato-jacksonville\/","title":{"rendered":"Ricerche di mercato a Jacksonville, in Florida"},"content":{"rendered":"<h1 class=\"wp-block-heading\">Ricerche di mercato a Jacksonville, in Florida<\/h1>\n\n\n\n<p><\/p>\n\n\n\n<figure class=\"gb-block-image gb-block-image-43f43915\"><img loading=\"lazy\" decoding=\"async\" width=\"1456\" height=\"816\" class=\"gb-image gb-image-43f43915\" src=\"https:\/\/www.sisinternational.com\/wp-content\/uploads\/2025\/09\/Jacksonville-Florida-1.jpg\" alt=\"Ricerca e strategia di mercato internazionale SIS\" title=\"Jacksonville Florida (1)\" srcset=\"https:\/\/www.sisinternational.com\/wp-content\/uploads\/2025\/09\/Jacksonville-Florida-1.jpg 1456w, https:\/\/www.sisinternational.com\/wp-content\/uploads\/2025\/09\/Jacksonville-Florida-1-300x168.jpg 300w, https:\/\/www.sisinternational.com\/wp-content\/uploads\/2025\/09\/Jacksonville-Florida-1-1024x574.jpg 1024w, https:\/\/www.sisinternational.com\/wp-content\/uploads\/2025\/09\/Jacksonville-Florida-1-768x430.jpg 768w, https:\/\/www.sisinternational.com\/wp-content\/uploads\/2025\/09\/Jacksonville-Florida-1-18x10.jpg 18w\" sizes=\"auto, (max-width: 1456px) 100vw, 1456px\"><\/figure>\n\n\n\n<p><\/p>\n\n\n\n<p>Nella vivace citt\u00e0 di Jacksonville, in Florida, le aziende si trovano ad affrontare un panorama competitivo e complesso, modellato da un mix di industrie tradizionali ed emergenti. Il successo in un ambiente del genere non richiede semplicemente un ottimo prodotto o servizio: richiede una profonda comprensione del mercato e delle sue dinamiche.<\/p>\n\n\n\n<p>For this reason, market research in Jacksonville is an essential tool for gaining clear insights and foresight into competitive waters.<\/p>\n\n\n\n<h2 class=\"wp-block-heading\">Comprendere l&#039;ambiente imprenditoriale di Jacksonville<\/h2>\n\n\n\n<p>Jacksonville has a dynamic and diversified business environment. The city&#8217;s strategic location, robust infrastructure, skilled workforce, and favorable business climate contribute to strong economic growth and business attractiveness.<\/p>\n\n\n\n<p>Tradizionalmente, l&#039;economia di Jacksonville \u00e8 stata fortemente influenzata da settori quali la logistica e la distribuzione, i servizi finanziari, la sanit\u00e0 e la difesa.<\/p>\n\n\n\n<p>Ad esempio, il settore sanitario di Jacksonville comprende nomi di spicco come Mayo Clinic e Baptist Health. Anche le principali societ\u00e0 di servizi finanziari come Florida Capital Bank e Bank of America hanno operazioni sostanziali a Jacksonville, beneficiando di un pool di talenti qualificati e di un contesto normativo favorevole.<\/p>\n\n\n\n<p>In addition to these established sectors, Jacksonville has seen growth in emerging industries such as technology and advanced manufacturing. The city&#8217;s commitment to fostering innovation and technological advancement has attracted numerous startups and tech companies, further diversifying its business landscape.<\/p>\n\n\n\n<h2 class=\"wp-block-heading\">L&#039;importanza delle ricerche di mercato a Jacksonville<\/h2>\n\n\n\n<p><a href=\"https:\/\/www.sisinternational.com\/it\/copertura\/le-americhe\/copertura-degli-stati-uniti\/ricerca-di-mercato-nel-key-west-florida\/\" title=\"Ricerche di mercato a Key West Florida\"  data-wpil-monitor-id=\"4000\">Market research in Jacksonville is key<\/a> to the growth and development of local businesses and companies willing to enter this market.<\/p>\n\n\n\n<p>Firstly, understanding the local market conditions and preferences is critical. By conducting market research, businesses can pinpoint exactly what residents and other local businesses want in terms of products, services, and experiences. This ensures that the offerings are tailored to the unique characteristics and needs of the Jacksonville community.<\/p>\n\n\n\n<p>In secondo luogo, le ricerche di mercato a Jacksonville aiutano a ridurre il rischio. Prima di effettuare investimenti sostanziali o lanciare nuovi prodotti, le aziende possono valutare la potenziale accoglienza e la domanda a Jacksonville.<\/p>\n\n\n\n<p>Inoltre, la ricerca di mercato \u00e8 determinante per identificare e analizzare i concorrenti nell&#039;area di Jacksonville. Aiuta le aziende a capire chi sono gli attori chiave, cosa offrono e come interagiscono con il mercato. Questo posizionamento strategico consente loro di ritagliarsi una nicchia unica o addirittura di scoprire segmenti di mercato non sfruttati.<\/p>\n\n\n\n<p>Infine, le ricerche di mercato a Jacksonville possono fornire alle aziende informazioni sulle tendenze future. Identificando modelli e cambiamenti nei comportamenti dei consumatori, le aziende possono anticipare le esigenze e le preferenze future. Questa lungimiranza consente loro di innovare ed essere pionieri nell&#039;introduzione di nuovi prodotti o servizi che il mercato di Jacksonville richieder\u00e0 presto.<\/p>\n\n\n\n<h2 class=\"wp-block-heading\">Ricerche di mercato a Jacksonville: tendenze attuali<\/h2>\n\n\n\n<p>Le ricerche di mercato a Jacksonville, come in molte altre citt\u00e0 a livello globale, stanno subendo una trasformazione significativa poich\u00e9 le aziende si adattano all&#039;evoluzione delle dinamiche di mercato, ai progressi tecnologici e al cambiamento dei comportamenti dei consumatori. Ecco alcune tendenze chiave che modellano la ricerca di mercato a Jacksonville:<\/p>\n\n\n\n<ul class=\"wp-block-list\">\n<li><strong>Focus sugli insight sui consumatori:<\/strong> Con l\u2019intensificarsi della concorrenza a Jacksonville, comprendere il comportamento e le preferenze dei consumatori non \u00e8 mai stato cos\u00ec importante. C&#039;\u00e8 una crescente attenzione alla ricerca di informazioni sui consumatori per informare le strategie di sviluppo del prodotto, marketing e servizio clienti.<\/li>\n\n\n\n<li><strong>Utilizzo di analisi avanzate:<\/strong> Le aziende utilizzano tecniche di analisi avanzate, come l&#039;analisi predittiva e l&#039;apprendimento automatico, per estrarre informazioni pi\u00f9 approfondite dai dati delle ricerche di mercato. Questi metodi possono aiutare le aziende a prevedere le tendenze future e a prendere decisioni strategiche proattive.<\/li>\n\n\n\n<li><strong>Crescente importanza dell\u2019intelligenza competitiva:<\/strong> Nel dinamico contesto economico di Jacksonville, tenere d&#039;occhio la concorrenza \u00e8 fondamentale. Le aziende stanno investendo maggiormente nella ricerca di intelligence competitiva per comprendere le strategie e le prestazioni dei concorrenti.<\/li>\n\n\n\n<li><strong>Sostenibilit\u00e0 ed eco-consapevolezza:<\/strong> C&#039;\u00e8 una crescente enfasi sulle pratiche commerciali sostenibili e sui prodotti ecologici. La ricerca su come le aziende possono allinearsi a questi valori e su cosa si aspettano i consumatori a questo riguardo \u00e8 in aumento.<\/li>\n\n\n\n<li><strong>Dati demografici diversi:<\/strong> La popolazione di Jacksonville \u00e8 diversificata in termini di et\u00e0, razza e contesto socioeconomico. La ricerca mirata a comprendere specifici gruppi demografici, le loro preferenze e il loro comportamento \u00e8 in aumento.<\/li>\n\n\n\n<li><strong>Raccolta dati in tempo reale:<\/strong> Tools that provide real-time analytics and insights, such as social media listening and immediate feedback mechanisms, are becoming indispensable.<\/li>\n\n\n\n<li><strong>Analisi esperienziale:<\/strong> There&#8217;s an increasing emphasis on understanding consumer experiences\u2014not just what they buy, but how they feel and what they desire, in a holistic sense.<\/li>\n\n\n\n<li><strong>Infrastrutture e sviluppo urbano:<\/strong> As Jacksonville grows, so do its infrastructure needs. Research focused on future urban planning, housing demand, and transportation needs is critical.<\/li>\n\n\n\n<li><strong>Sensibilit\u00e0 e inclusione culturale:<\/strong> Le aziende si stanno concentrando maggiormente sull\u2019inclusione e sulla sensibilit\u00e0 culturale. Le ricerche di mercato vengono utilizzate per garantire che prodotti, servizi e messaggi di marketing siano inclusivi e siano in sintonia con la diversificata popolazione di Jacksonville.<\/li>\n<\/ul>\n\n\n\n<h2 class=\"wp-block-heading\">Prospettive di ricerche di mercato a Jacksonville<\/h2>\n\n\n\n<figure class=\"gb-block-image gb-block-image-e779719e\"><img loading=\"lazy\" decoding=\"async\" width=\"1456\" height=\"816\" class=\"gb-image gb-image-e779719e\" src=\"https:\/\/www.sisinternational.com\/wp-content\/uploads\/2025\/09\/Jacksonville-Florida-2.jpg\" alt=\"Ricerca e strategia di mercato internazionale SIS\" title=\"Jacksonville Florida (2)\" srcset=\"https:\/\/www.sisinternational.com\/wp-content\/uploads\/2025\/09\/Jacksonville-Florida-2.jpg 1456w, https:\/\/www.sisinternational.com\/wp-content\/uploads\/2025\/09\/Jacksonville-Florida-2-300x168.jpg 300w, https:\/\/www.sisinternational.com\/wp-content\/uploads\/2025\/09\/Jacksonville-Florida-2-1024x574.jpg 1024w, https:\/\/www.sisinternational.com\/wp-content\/uploads\/2025\/09\/Jacksonville-Florida-2-768x430.jpg 768w, https:\/\/www.sisinternational.com\/wp-content\/uploads\/2025\/09\/Jacksonville-Florida-2-18x10.jpg 18w\" sizes=\"auto, (max-width: 1456px) 100vw, 1456px\"><\/figure>\n\n\n\n<p><\/p>\n\n\n\n<p>Looking ahead, <a href=\"https:\/\/www.linkedin.com\/pulse\/how-market-research-enables-growth-ruth-stanat-phekf\/\" target=\"_blank\" rel=\"noopener\"><span style=\"font-weight: 400;\">ricerca di mercato<\/span><\/a> in Jacksonville is poised to continue evolving in response to emerging technologies, changing business needs, and shifts in consumer behavior. Here&#8217;s what to expect:<\/p>\n\n\n\n<ul class=\"wp-block-list\">\n<li><strong>Diversificazione economica:<\/strong> As the city delves into fintech, health tech, logistics, and more, market research will be crucial to understanding these sectors in depth.<\/li>\n\n\n\n<li><strong>Immobiliare e Urbanistica:<\/strong> As the city expands, there will be a growing need for research on real estate trends, urban development, and community needs, which will help shape the city&#8217;s future infrastructure and housing projects.<\/li>\n\n\n\n<li><strong>Turismo e Ospitalit\u00e0:<\/strong> Jacksonville&#8217;s coastal location and historical sites offer opportunities for growth. Research in this sector can identify new trends, traveler preferences, and potential investment opportunities.<\/li>\n\n\n\n<li><strong>Ricerca ambientale:<\/strong> Data la posizione costiera di Jacksonville, c&#039;\u00e8 un crescente interesse per la sostenibilit\u00e0, la resilienza climatica e le iniziative ecologiche. La ricerca di mercato pu\u00f2 guidare le imprese e i politici sul sentiment pubblico e sulle migliori pratiche.<\/li>\n\n\n\n<li><strong>Innovazione sanitaria:<\/strong> The region&#8217;s presence of renowned healthcare facilities and a growing elderly population provides scope for research into medical technologies, elder care solutions, and health and wellness trends.<\/li>\n\n\n\n<li><strong>Progressi digitali e tecnologici:<\/strong> Man mano che il regno digitale cresce, comprendere il panorama tecnologico locale, i comportamenti di e-commerce e l\u2019adozione di nuove tecnologie sar\u00e0 fondamentale.<\/li>\n\n\n\n<li><strong>Istruzione e forza lavoro:<\/strong> With institutions like the University of North Florida, there is potential for research focused on educational trends, student behaviors, and evolving workforce demands.<\/li>\n\n\n\n<li><strong>Mobilit\u00e0 e trasporti:<\/strong> As the city grows, so does its mobility needs. <a href=\"https:\/\/www.sisinternational.com\/it\/trasporto-in-ambulanza\/\" title=\"Ricerche di mercato sul trasporto in ambulanza\" data-wpil-monitor-id=\"6970\">Research on public transportation<\/a> preferences, vehicular trends, and sustainable mobility options will be in demand.<\/li>\n\n\n\n<li><strong>Crescita nelle ricerche di mercato mobile:<\/strong> Con il crescente utilizzo di smartphone e app mobili, le ricerche di mercato mobili diventeranno pi\u00f9 diffuse. Ci\u00f2 pu\u00f2 includere sondaggi mobili, ricerche basate sulla posizione e dati sull&#039;utilizzo delle app.<\/li>\n\n\n\n<li><strong>Enfasi sulla ricerca sull&#039;esperienza del cliente:<\/strong> Poich\u00e9 le aziende si sforzano di differenziarsi attraverso esperienze cliente superiori, la ricerca sui percorsi, sulla soddisfazione e sulle preferenze dei clienti diventer\u00e0 sempre pi\u00f9 importante.<\/li>\n\n\n\n<li><strong>Ricerca sulla sostenibilit\u00e0 e sull\u2019impatto sociale:<\/strong> As consumers become more conscious of sustainability and social issues, businesses will need to understand their attitudes, behaviors, and expectations in these areas. According to market research in Jacksonville, research into these topics will likely increase.<\/li>\n<\/ul>\n\n\n\n<h2 class=\"wp-block-heading\"><strong>A proposito di SIS Internazionale<\/strong><\/h2>\n\n\n\n<p><a href=\"https:\/\/www.sisinternational.com\/it\/\"><span style=\"font-weight: 400;\">SIS Internazionale<\/span><\/a><span style=\"font-weight: 400;\"> offre ricerca quantitativa, qualitativa e strategica. Forniamo dati, strumenti, strategie, report e approfondimenti per il processo decisionale. Conduciamo anche interviste, sondaggi, focus group e altri metodi e approcci di ricerca di mercato.<\/span><a href=\"https:\/\/www.sisinternational.com\/it\/sulla-sua-ricerca-internazionale\/contact-sis-international-market-research\/\"><span style=\"font-weight: 400;\"> Contattaci<\/span><\/a><span style=\"font-weight: 400;\"> per il tuo prossimo progetto di ricerca di mercato.<\/span><\/p>\n\n\n\n<h2 class=\"wp-block-heading\">&nbsp;<\/h2>","protected":false},"excerpt":{"rendered":"<p>Jacksonville&#8217;s strategic location, infrastructure, workforce, and business climate make it a strong and attractive option for businesses.<\/p>","protected":false},"author":1,"featured_media":66578,"parent":19303,"menu_order":69,"comment_status":"closed","ping_status":"closed","template":"","meta":{"footnotes":""},"class_list":["post-43001","page","type-page","status-publish","has-post-thumbnail"],"_links":{"self":[{"href":"https:\/\/www.sisinternational.com\/it\/wp-json\/wp\/v2\/pages\/43001","targetHints":{"allow":["GET"]}}],"collection":[{"href":"https:\/\/www.sisinternational.com\/it\/wp-json\/wp\/v2\/pages"}],"about":[{"href":"https:\/\/www.sisinternational.com\/it\/wp-json\/wp\/v2\/types\/page"}],"author":[{"embeddable":true,"href":"https:\/\/www.sisinternational.com\/it\/wp-json\/wp\/v2\/users\/1"}],"replies":[{"embeddable":true,"href":"https:\/\/www.sisinternational.com\/it\/wp-json\/wp\/v2\/comments?post=43001"}],"version-history":[{"count":7,"href":"https:\/\/www.sisinternational.com\/it\/wp-json\/wp\/v2\/pages\/43001\/revisions"}],"predecessor-version":[{"id":80537,"href":"https:\/\/www.sisinternational.com\/it\/wp-json\/wp\/v2\/pages\/43001\/revisions\/80537"}],"up":[{"embeddable":true,"href":"https:\/\/www.sisinternational.com\/it\/wp-json\/wp\/v2\/pages\/19303"}],"wp:featuredmedia":[{"embeddable":true,"href":"https:\/\/www.sisinternational.com\/it\/wp-json\/wp\/v2\/media\/66578"}],"wp:attachment":[{"href":"https:\/\/www.sisinternational.com\/it\/wp-json\/wp\/v2\/media?parent=43001"}],"curies":[{"name":"wp","href":"https:\/\/api.w.org\/{rel}","templated":true}]}}