{"id":42970,"date":"2023-08-09T15:08:18","date_gmt":"2023-08-09T19:08:18","guid":{"rendered":"https:\/\/www.sisinternational.com\/?page_id=42970"},"modified":"2026-01-26T18:21:35","modified_gmt":"2026-01-26T23:21:35","slug":"ricerche-di-mercato-sullalluminio","status":"publish","type":"page","link":"https:\/\/www.sisinternational.com\/it\/competenza\/ricerche-di-mercato-sullalluminio\/","title":{"rendered":"Ricerche di mercato sull\u2019alluminio"},"content":{"rendered":"<h1 class=\"wp-block-heading\">Ricerche di mercato sull\u2019alluminio<\/h1>\n\n\n\n<figure class=\"gb-block-image gb-block-image-48cead7f\"><img loading=\"lazy\" decoding=\"async\" width=\"1456\" height=\"816\" class=\"gb-image gb-image-48cead7f\" src=\"https:\/\/www.sisinternational.com\/wp-content\/uploads\/2025\/08\/Aluminium-2.jpg\" alt=\"Ricerca e strategia di mercato internazionale SIS\" title=\"Aluminium (2)\" srcset=\"https:\/\/www.sisinternational.com\/wp-content\/uploads\/2025\/08\/Aluminium-2.jpg 1456w, https:\/\/www.sisinternational.com\/wp-content\/uploads\/2025\/08\/Aluminium-2-300x168.jpg 300w, https:\/\/www.sisinternational.com\/wp-content\/uploads\/2025\/08\/Aluminium-2-1024x574.jpg 1024w, https:\/\/www.sisinternational.com\/wp-content\/uploads\/2025\/08\/Aluminium-2-768x430.jpg 768w, https:\/\/www.sisinternational.com\/wp-content\/uploads\/2025\/08\/Aluminium-2-18x10.jpg 18w\" sizes=\"auto, (max-width: 1456px) 100vw, 1456px\"><\/figure>\n\n\n\n<p><\/p>\n\n\n\n<hr class=\"wp-block-separator has-alpha-channel-opacity is-style-dots\"\/>\n\n\n\n<p>L\u2019alluminio \u00e8 un componente cruciale in molteplici settori, dall\u2019automotive e aerospaziale all\u2019edilizia e all\u2019imballaggio. Ci\u00f2 rende l\u2019alluminio un prodotto essenziale per le infrastrutture moderne \u2013 e comprenderne il potenziale e l\u2019impatto attuale \u00e8 un vantaggio competitivo che le aziende possono ottenere attraverso una ricerca approfondita del mercato dell\u2019alluminio.<\/p>\n\n\n\n<p>La ricerca di mercato dell\u2019alluminio fornisce informazioni chiave sulle dinamiche della domanda e dell\u2019offerta, sull\u2019andamento dei prezzi, sui principali attori e sulle prospettive future per questo metallo, oltre ad altre informazioni importanti per avere successo in questo mercato. Fornisce alle imprese e alle parti interessate le conoscenze necessarie per analizzare efficacemente il panorama del mercato e adattarsi ai cambiamenti in questo settore essenziale.<\/p>\n\n\n\n<p><\/p>\n\n\n\n<div class=\"wp-block-columns has-global-color-9-color has-text-color has-background has-link-color wp-elements-38b4ab378156d631bb4b010aab0f2cb8 is-layout-flex wp-container-core-columns-is-layout-9d6595d7 wp-block-columns-is-layout-flex\" style=\"background-color:#f7f9fa6e\">\n<div class=\"wp-block-column is-layout-flow wp-block-column-is-layout-flow\" style=\"flex-basis:18%\"><\/div>\n\n\n\n<div class=\"wp-block-column is-vertically-aligned-center is-layout-flow wp-block-column-is-layout-flow\" style=\"flex-basis:71.28%\">\n<div class=\"wp-block-rank-math-toc-block aligncenter has-global-color-9-color has-text-color has-link-color wp-elements-ea5a7a37cbbe9dd82dc61ab093db8c8f\" style=\"font-size:16px\" id=\"rank-math-toc\"><h2><br><strong>T<\/strong>able of Contents<\/h2><nav><ul><li class=\"\"><a href=\"#the-state-of-the-global-aluminum-market\">Lo stato del mercato globale dell\u2019alluminio<\/a><\/li><li class=\"\"><a href=\"#factors-driving-the-aluminum-market\">Fattori che guidano il mercato dell\u2019alluminio<\/a><\/li><li class=\"\"><a href=\"#why-is-aluminum-market-research-so-important\">Perch\u00e9 le ricerche di mercato sull\u2019alluminio sono cos\u00ec importanti?<\/a><\/li><li class=\"\"><a href=\"#opportunities\">Opportunit\u00e0<\/a><\/li><li class=\"\"><a href=\"#challenges\">Sfide<\/a><\/li><li class=\"\"><a href=\"#future-of-the-aluminum-market-research\">Il futuro della ricerca di mercato dell&#039;alluminio<\/a><\/li><\/ul><\/nav><\/div>\n<\/div>\n<\/div>\n\n\n\n<p><\/p>\n\n\n\n<h2 class=\"wp-block-heading\" id=\"the-state-of-the-global-aluminum-market\">Lo stato del mercato globale dell\u2019alluminio<\/h2>\n\n\n\n<p>Il mercato globale dell\u2019alluminio ha una vasta gamma di partecipanti e condizioni di mercato fluttuanti. Attualmente, il mercato \u00e8 dominato da attori importanti, come Alcoa Corporation, Rio Tinto e China Hongqiao Group. Queste aziende (tra le altre) definiscono il panorama produttivo, contribuendo con una parte significativa della produzione mondiale di alluminio.<\/p>\n\n\n\n<p>Nel campo della produzione, la Cina \u00e8 il leader indiscusso, responsabile di oltre la met\u00e0 della produzione mondiale di alluminio. Seguono paesi come India, Russia e Canada. Sul fronte dei consumi, Stati Uniti, Cina e India sono tra i maggiori consumatori. La domanda in questi paesi \u00e8 trainata principalmente dai loro grandi settori manifatturiero e dell\u2019edilizia, che nonostante siano mercati consolidati, continuano a crescere rapidamente.<\/p>\n\n\n\n<p>Tra i casi particolari, Cina e India si distinguono come consumatori di alluminio, alimentati principalmente da una robusta crescita industriale. I rapidi processi di urbanizzazione e industrializzazione di queste nazioni necessitano di elevati volumi di alluminio, modellando cos\u00ec le dinamiche del mercato regionale.<\/p>\n\n\n\n<h2 class=\"wp-block-heading\" id=\"factors-driving-the-aluminum-market\">Fattori che guidano il mercato dell\u2019alluminio<\/h2>\n\n\n\n<p>Esistono diversi fattori chiave che contribuiscono alla crescita e all\u2019espansione del mercato globale dell\u2019alluminio.<\/p>\n\n\n\n<p>Il settore automobilistico utilizza l\u2019alluminio per le sue propriet\u00e0 leggere, che aiutano a migliorare l\u2019efficienza del carburante e a ridurre le emissioni di carbonio. Allo stesso modo, l\u2019industria delle costruzioni utilizza l\u2019alluminio in applicazioni che vanno dai componenti strutturali ai serramenti, valorizzandone la durabilit\u00e0 e la resistenza alla corrosione.<\/p>\n\n\n\n<p>Anche i progressi tecnologici stanno spingendo in avanti il mercato dell\u2019alluminio. Le innovazioni nello sviluppo e nei processi produttivi delle leghe di alluminio hanno ampliato la gamma di applicazioni di questo metallo, aprendo nuove opportunit\u00e0 in diversi settori.<\/p>\n\n\n\n<p>Recycling and sustainability trends are also major factors according to <a href=\"https:\/\/www.sisinternational.com\/it\/biocarburanti-nel-settore-aereo\/\" title=\"Ricerca di mercato sulla sostenibilit\u00e0 delle compagnie aeree\"  data-wpil-monitor-id=\"6847\">ricerche di mercato sull\u2019alluminio<\/a>. With rising environmental concerns, the emphasis on recycling aluminum, a process more energy-efficient than producing new aluminum, has grown.<\/p>\n\n\n\n<h2 class=\"wp-block-heading\" id=\"why-is-aluminum-market-research-so-important\">Perch\u00e9 le ricerche di mercato sull\u2019alluminio sono cos\u00ec importanti?<\/h2>\n\n\n\n<figure class=\"gb-block-image gb-block-image-b9d532d3\"><img loading=\"lazy\" decoding=\"async\" width=\"1456\" height=\"816\" class=\"gb-image gb-image-b9d532d3\" src=\"https:\/\/www.sisinternational.com\/wp-content\/uploads\/2025\/08\/Aluminium-5.jpg\" alt=\"Ricerca e strategia di mercato internazionale SIS\" title=\"Aluminium (5)\" srcset=\"https:\/\/www.sisinternational.com\/wp-content\/uploads\/2025\/08\/Aluminium-5.jpg 1456w, https:\/\/www.sisinternational.com\/wp-content\/uploads\/2025\/08\/Aluminium-5-300x168.jpg 300w, https:\/\/www.sisinternational.com\/wp-content\/uploads\/2025\/08\/Aluminium-5-1024x574.jpg 1024w, https:\/\/www.sisinternational.com\/wp-content\/uploads\/2025\/08\/Aluminium-5-768x430.jpg 768w, https:\/\/www.sisinternational.com\/wp-content\/uploads\/2025\/08\/Aluminium-5-18x10.jpg 18w\" sizes=\"auto, (max-width: 1456px) 100vw, 1456px\"><\/figure>\n\n\n\n<p><\/p>\n\n\n\n<p>La ricerca di mercato dell\u2019alluminio offre un\u2019indagine dettagliata delle tendenze, dei modelli di domanda e delle esigenze del settore, chiarendo i fattori che guidano la crescita del mercato dell\u2019alluminio. Inoltre, facilita l\u2019identificazione di potenziali opportunit\u00e0, consentendo alle imprese di posizionarsi efficacemente all\u2019interno del mercato.<\/p>\n\n\n\n<p>Aiuta inoltre a valutare il potenziale impatto dei fattori economici e ambientali sulla produzione, ad anticipare i cambiamenti della domanda e a identificare le opportunit\u00e0 di crescita nei settori emergenti. Per questo motivo, sfruttando le conoscenze acquisite dalle ricerche di mercato dell\u2019alluminio, le aziende e le parti interessate possono affrontare il futuro del mercato dell\u2019alluminio con maggiore fiducia.<\/p>\n\n\n\n<h2 class=\"wp-block-heading\" id=\"opportunities\">Opportunit\u00e0<\/h2>\n\n\n\n<p>Nonostante il suo status maturo, il mercato globale dell\u2019alluminio \u00e8 ricco di opportunit\u00e0 di crescita che possono essere sfruttate dalle ricerche di mercato dell\u2019alluminio<\/p>\n\n\n\n<ul class=\"wp-block-list\">\n<li>Una delle opportunit\u00e0 pi\u00f9 significative si trova nei mercati emergenti. Nazioni come l\u2019India, il Brasile e diversi mercati africani stanno sperimentando una crescita industriale, che porta ad un aumento della domanda di alluminio nei settori dell\u2019edilizia, della produzione e dei trasporti.<\/li>\n\n\n\n<li>Le applicazioni innovative dell\u2019alluminio rappresentano un\u2019altra strada promettente. L\u2019espansione di settori come i veicoli elettrici, le energie rinnovabili e le industrie high-tech offrono nuovi usi per l\u2019alluminio. Ad esempio, la necessit\u00e0 di materiali leggeri nei veicoli elettrici o di dissipatori di calore nell\u2019elettronica promuove l\u2019utilizzo dell\u2019alluminio.<\/li>\n\n\n\n<li>C\u2019\u00e8 una tendenza crescente verso iniziative verdi e sostenibili. La spinta verso un\u2019economia circolare, in cui si possa capitalizzare la riciclabilit\u00e0 dell\u2019alluminio, offre opportunit\u00e0 per modelli di business sostenibili. Le aziende possono soddisfare i clienti attenti all\u2019ambiente promuovendo prodotti in alluminio riciclato o implementando processi di produzione ecologici.<\/li>\n<\/ul>\n\n\n\n<h2 class=\"wp-block-heading\" id=\"challenges\">Sfide<\/h2>\n\n\n\n<figure class=\"gb-block-image gb-block-image-1d29d7cc\"><img loading=\"lazy\" decoding=\"async\" width=\"1456\" height=\"816\" class=\"gb-image gb-image-1d29d7cc\" src=\"https:\/\/www.sisinternational.com\/wp-content\/uploads\/2025\/08\/Aluminium-3.jpg\" alt=\"Ricerca e strategia di mercato internazionale SIS\" title=\"Aluminium (3)\" srcset=\"https:\/\/www.sisinternational.com\/wp-content\/uploads\/2025\/08\/Aluminium-3.jpg 1456w, https:\/\/www.sisinternational.com\/wp-content\/uploads\/2025\/08\/Aluminium-3-300x168.jpg 300w, https:\/\/www.sisinternational.com\/wp-content\/uploads\/2025\/08\/Aluminium-3-1024x574.jpg 1024w, https:\/\/www.sisinternational.com\/wp-content\/uploads\/2025\/08\/Aluminium-3-768x430.jpg 768w, https:\/\/www.sisinternational.com\/wp-content\/uploads\/2025\/08\/Aluminium-3-18x10.jpg 18w\" sizes=\"auto, (max-width: 1456px) 100vw, 1456px\"><\/figure>\n\n\n\n<p><\/p>\n\n\n\n<p>Despite its potential, the global aluminum market is not without its challenges, but these are objections that can be overcome with <a href=\"https:\/\/www.sisinternational.com\/it\/soluzioni\/ai-ricerche-di-mercato-e-consulenza-strategica\/rilevamento-di-oggetti-e-ricerche-di-mercato\/\" title=\"Ricerche di mercato sull&#039;intelligenza artificiale per il rilevamento di oggetti\"  data-wpil-monitor-id=\"2397\">ricerche di mercato sull\u2019alluminio<\/a>.<\/p>\n\n\n\n<ul class=\"wp-block-list\">\n<li>Uno dei maggiori ostacoli riguarda le fluttuazioni dei prezzi delle materie prime. La bauxite, la fonte primaria di alluminio, \u00e8 soggetta a prezzi volatili a causa di questioni geopolitiche, squilibri tra domanda e offerta e normative ambientali, che possono avere un impatto sui costi di produzione dell\u2019alluminio e, in definitiva, sui prezzi di mercato.<\/li>\n\n\n\n<li>Un\u2019altra sfida significativa \u00e8 l\u2019impatto ambientale associato alla produzione di alluminio. Il processo di estrazione dell\u2019alluminio dalla bauxite \u00e8 ad alta intensit\u00e0 energetica e genera notevoli emissioni di gas serra. Man mano che il mondo diventa pi\u00f9 attento all\u2019ambiente, questi fattori sono sottoposti a un crescente controllo.<\/li>\n\n\n\n<li>Anche le pressioni normative pongono sfide. I governi di tutto il mondo stanno introducendo normative pi\u00f9 severe relative alla sostenibilit\u00e0 ambientale, al consumo energetico e alla gestione dei rifiuti. Il rispetto di queste normative pu\u00f2 comportare un aumento dei costi operativi per le aziende del settore dell\u2019alluminio.<\/li>\n<\/ul>\n\n\n\n<p><\/p>\n\n\n\n<!DOCTYPE html>\n<html lang=\"en\">\n<head>\n    <meta charset=\"UTF-8\">\n    <meta name=\"viewport\" content=\"width=device-width, initial-scale=1.0\">\n    <title>AI Blog Banner<\/title>\n    <style>\n        * {\n            margin: 0;\n            padding: 0;\n            box-sizing: border-box;\n        }\n\n        .banner {\n            position: relative;\n            width: 100%;\n            height: 350px;\n            overflow: hidden;\n            display: flex;\n            align-items: center;\n            justify-content: center;\n            font-family: 'Arial', sans-serif;\n            border-radius: 25px;\n        }\n\n        .animated-background {\n            position: absolute;\n            top: 0;\n            left: 0;\n            width: 100%;\n            height: 100%;\n            background: linear-gradient(45deg, #003f6b, #2d5a7b, #003f6b, #2d5a7b);\n            background-size: 400% 400%;\n            animation: gradientMove 8s ease-in-out infinite;\n        }\n\n        .ai-pattern {\n            position: absolute;\n            top: 0;\n            left: 0;\n            width: 100%;\n            height: 100%;\n            opacity: 0.1;\n            background-image: \n                radial-gradient(circle at 20% 20%, rgba(255,255,255,0.3) 2px, transparent 2px),\n                radial-gradient(circle at 80% 80%, rgba(255,255,255,0.2) 1px, transparent 1px),\n                radial-gradient(circle at 40% 60%, rgba(255,255,255,0.15) 1.5px, transparent 1.5px),\n                radial-gradient(circle at 60% 20%, rgba(255,255,255,0.25) 1px, transparent 1px),\n                radial-gradient(circle at 80% 40%, rgba(255,255,255,0.2) 2px, transparent 2px);\n            background-size: 100px 100px, 150px 150px, 80px 80px, 120px 120px, 90px 90px;\n            animation: patternFloat 12s linear infinite;\n        }\n\n        .neural-network {\n            position: absolute;\n            top: 0;\n            left: 0;\n            width: 100%;\n            height: 100%;\n            opacity: 0.08;\n        }\n\n        .neural-line {\n            position: absolute;\n            height: 1px;\n            background: linear-gradient(90deg, transparent, rgba(255,255,255,0.5), transparent);\n            animation: neuralPulse 6s ease-in-out infinite;\n        }\n\n        .neural-line:nth-child(1) {\n            top: 30%;\n            left: 0;\n            width: 60%;\n            animation-delay: 0s;\n        }\n\n        .neural-line:nth-child(2) {\n            top: 50%;\n            right: 0;\n            width: 70%;\n            animation-delay: 2s;\n        }\n\n        .neural-line:nth-child(3) {\n            top: 70%;\n            left: 20%;\n            width: 50%;\n            animation-delay: 4s;\n        }\n\n        .content {\n            position: relative;\n            z-index: 10;\n            text-align: center;\n            color: white !important;\n            max-width: 800px;\n            padding: 30px;\n        }\n\n        .content * {\n            color: white !important;\n        }\n\n        .cta-text {\n            font-size: 1.9rem;\n            font-weight: 700;\n            margin-bottom: 15px;\n            color: white !important;\n            background: linear-gradient(90deg, rgba(255,255,255,0.6), rgba(255,255,255,1), rgba(230,230,230,1), rgba(255,255,255,1), rgba(240,240,240,0.8), rgba(255,255,255,0.6));\n            background-size: 200% 100%;\n            -webkit-background-clip: text;\n            -webkit-text-fill-color: transparent;\n            background-clip: text;\n            animation: shineEffect 10s ease-in-out infinite;\n            line-height: 1.3;\n        }\n\n        .cta-subheading {\n            font-size: 1rem;\n            font-weight: 400;\n            margin-bottom: 25px;\n            color: white !important;\n            line-height: 1.6;\n            opacity: 0.95;\n        }\n\n        .cta-button {\n            background: linear-gradient(135deg, #8a6b0f, #bd9013, #d4a519);\n            border: 2px solid #8a6b0f;\n            color: white !important;\n            padding: 18px 40px;\n            font-size: 1.2rem;\n            font-weight: 600;\n            border-radius: 50px;\n            cursor: pointer;\n            transition: all 0.3s ease;\n            text-decoration: none;\n            display: inline-block;\n            position: relative;\n            overflow: hidden;\n        }\n\n        .cta-button::before {\n            content: '';\n            position: absolute;\n            top: 0;\n            left: -100%;\n            width: 100%;\n            height: 100%;\n            background: linear-gradient(90deg, \n                transparent 0%, \n                rgba(255, 255, 255, 0.3) 25%,\n                rgba(255, 255, 255, 0.6) 50%,\n                rgba(255, 255, 255, 0.3) 75%,\n                transparent 100%);\n            animation: shine 3s ease-in-out infinite;\n        }\n\n        .cta-button:hover {\n            transform: translateY(-3px);\n            box-shadow: 0 10px 25px rgba(0,0,0,0.2);\n            border-color: #bd9013;\n            background: linear-gradient(135deg, #bd9013, #d4a519, #e6b61f);\n        }\n\n        .floating-elements {\n            position: absolute;\n            top: 0;\n            left: 0;\n            width: 100%;\n            height: 100%;\n            pointer-events: none;\n        }\n\n        .floating-circle {\n            position: absolute;\n            border-radius: 50%;\n            background: rgba(255,255,255,0.1);\n            animation: float 8s ease-in-out infinite;\n        }\n\n        .floating-circle:nth-child(1) {\n            width: 80px;\n            height: 80px;\n            top: 20%;\n            left: 10%;\n            animation-delay: 0s;\n        }\n\n        .floating-circle:nth-child(2) {\n            width: 60px;\n            height: 60px;\n            top: 60%;\n            right: 15%;\n            animation-delay: 3s;\n        }\n\n        .floating-circle:nth-child(3) {\n            width: 40px;\n            height: 40px;\n            top: 80%;\n            left: 80%;\n            animation-delay: 6s;\n        }\n\n        .floating-circle:nth-child(4) {\n            width: 70px;\n            height: 70px;\n            top: 10%;\n            right: 20%;\n            animation-delay: 1.5s;\n        }\n\n        .floating-circle:nth-child(5) {\n            width: 50px;\n            height: 50px;\n            top: 75%;\n            left: 30%;\n            animation-delay: 4.5s;\n        }\n\n        @keyframes gradientMove {\n            0% { background-position: 0% 50%; }\n            25% { background-position: 100% 50%; }\n            50% { background-position: 100% 100%; }\n            75% { background-position: 0% 100%; }\n            100% { background-position: 0% 50%; }\n        }\n\n        @keyframes patternFloat {\n            0% { transform: translateX(0) translateY(0); }\n            33% { transform: translateX(30px) translateY(-20px); }\n            66% { transform: translateX(-20px) translateY(10px); }\n            100% { transform: translateX(0) translateY(0); }\n        }\n\n        @keyframes neuralPulse {\n            0%, 100% { opacity: 0.08; }\n            50% { opacity: 0.2; }\n        }\n\n        @keyframes shineEffect {\n            0% { background-position: 200% 0; }\n            100% { background-position: -200% 0; }\n        }\n\n        @keyframes shine {\n            0% {\n                left: -100%;\n            }\n            20%, 100% {\n                left: 100%;\n            }\n        }\n\n        @keyframes float {\n            0%, 100% { transform: translateY(0px) rotate(0deg); }\n            33% { transform: translateY(-30px) rotate(120deg); }\n            66% { transform: translateY(15px) rotate(240deg); }\n        }\n\n        @media (max-width: 768px) {\n            .banner {\n                height: 320px;\n                padding: 30px 0;\n            }\n            \n            .content {\n                padding: 40px 20px;\n            }\n            \n            .cta-text {\n                font-size: 1.3rem;\n                margin-bottom: 12px;\n            }\n            \n            .cta-subheading {\n                font-size: 0.85rem;\n                margin-bottom: 20px;\n            }\n            \n            .cta-button {\n                padding: 14px 28px;\n                font-size: 0.95rem;\n            }\n        }\n    <\/style>\n<\/head>\n<body>\n    <div class=\"banner\">\n        <div class=\"animated-background\"><\/div>\n        \n        <div class=\"ai-pattern\"><\/div>\n        \n        <div class=\"neural-network\">\n            <div class=\"neural-line\"><\/div>\n            <div class=\"neural-line\"><\/div>\n            <div class=\"neural-line\"><\/div>\n        <\/div>\n        \n        <div class=\"floating-elements\">\n            <div class=\"floating-circle\"><\/div>\n            <div class=\"floating-circle\"><\/div>\n            <div class=\"floating-circle\"><\/div>\n            <div class=\"floating-circle\"><\/div>\n            <div class=\"floating-circle\"><\/div>\n        <\/div>\n        \n        <div class=\"content\">\n            <div class=\"cta-text\">Ready to explore the insights that drive smarter decisions?<\/div>\n            <div class=\"cta-subheading\">Contact our Research experts today.<\/div>\n            <a href=\"mailto:Research@sisinternational.com\" class=\"cta-button\">Contact us now!<\/a>\n        <\/div>\n    <\/div>\n<\/body>\n<\/html>\n\n\n\n<p><\/p>\n\n\n\n<h2 class=\"wp-block-heading\" id=\"future-of-the-aluminum-market-research\">Il futuro della ricerca di mercato dell&#039;alluminio<\/h2>\n\n\n\n<p>Nelle ricerche di mercato sull\u2019alluminio, diventa evidente che una serie di fattori, dai progressi tecnologici ai mercati emergenti e alle nuove applicazioni, sono pronti a rimodellare il panorama.<\/p>\n\n\n\n<ul class=\"wp-block-list\">\n<li>Le ricerche di mercato dell\u2019alluminio prevedono una continua crescita della domanda, in particolare da parte delle economie in via di sviluppo in fase di rapida industrializzazione. Si prevede che anche l\u2019ascesa di settori come i veicoli elettrici, le energie rinnovabili e le industrie high-tech determiner\u00e0 un aumento del consumo di alluminio.<\/li>\n\n\n\n<li>Le tendenze nella sostenibilit\u00e0 e nei modelli di economia circolare giocheranno probabilmente un ruolo sempre pi\u00f9 significativo. Con l\u2019intensificarsi delle pressioni sociali e normative per pratiche rispettose dell\u2019ambiente, si prevede che l\u2019industria dell\u2019alluminio investir\u00e0 maggiormente in iniziative di riciclaggio e tecnologie di produzione ecologiche.<\/li>\n\n\n\n<li>Anche i progressi tecnologici sono pronti a rimodellare il mercato dell\u2019alluminio. Le innovazioni nello sviluppo delle leghe, nei processi di produzione e nelle tecniche di riciclaggio potrebbero sbloccare nuove applicazioni per l\u2019alluminio e migliorare l\u2019efficienza complessiva del settore.<\/li>\n\n\n\n<li>Allo stesso modo, la costruzione di veicoli sempre pi\u00f9 efficienti e leggeri potrebbe aumentare il consumo di alluminio in settori come quello automobilistico e aeronautico. Ad esempio, l\u2019industria aerospaziale ha preso in considerazione le leghe di alluminio-litio per il loro rapporto resistenza\/peso superiore, che potrebbe portare a velivoli pi\u00f9 leggeri ed efficienti nei consumi. Oltre alle tradizionali applicazioni automobilistiche e aerospaziali, anche l\u2019industria navale si sta rivolgendo all\u2019alluminio per ridurre il peso delle navi, migliorare l\u2019efficienza del carburante e ridurre le emissioni di gas serra. Inoltre, con la spinta verso i veicoli elettrici (EV).<\/li>\n<\/ul>\n\n\n<h2>La nostra sede a New York<\/h2>\n<p><!-- \/wp:post-content --> <!-- wp:html --> <iframe loading=\"lazy\" src=\"https:\/\/www.google.com\/maps\/embed?pb=!1m18!1m12!1m3!1d3022.976188376966!2d-73.99130312499956!3d40.740549471389315!2m3!1f0!2f0!3f0!3m2!1i1024!2i768!4f13.1!3m3!1m2!1s0x89c259a15798c731%3A0xd695d09bdd495f25!2s11%20E%2022nd%20St%20FL%202%2C%20New%20York%2C%20NY%2010010%2C%20USA!5e0!3m2!1sen!2spe!4v1726171763526!5m2!1sen!2spe\" width=\"600\" height=\"450\" allowfullscreen=\"allowfullscreen\" data-mce-fragment=\"1\"><\/iframe> <!-- \/wp:html --> <!-- wp:paragraph --><\/p>\n<h3 class=\"wp-block-heading\">11 E 22nd Street, Piano 2, New York, NY 10010 T: +1(212) 505-6805<\/h3>\n<hr \/>\n<h2><span style=\"font-weight: 400;\">A proposito di SIS Internazionale<\/span><\/h2>\n<p><a href=\"https:\/\/www.sisinternational.com\/it\/\"><span style=\"font-weight: 400;\">SIS Internazionale<\/span><\/a><span style=\"font-weight: 400;\"> offre ricerca quantitativa, qualitativa e strategica. Forniamo dati, strumenti, strategie, report e approfondimenti per il processo decisionale. Conduciamo anche interviste, sondaggi, focus group e altri metodi e approcci di ricerca di mercato.<\/span><a href=\"https:\/\/www.sisinternational.com\/it\/sulla-sua-ricerca-internazionale\/contact-sis-international-market-research\/\"><span style=\"font-weight: 400;\"> Contattaci<\/span><\/a><span style=\"font-weight: 400;\"> per il tuo prossimo progetto di ricerca di mercato.<\/span><\/p>","protected":false},"excerpt":{"rendered":"<p>La ricerca di mercato dell\u2019alluminio offre informazioni significative sulla sua offerta, domanda, prezzi, attori del settore e possibilit\u00e0 future.<\/p>","protected":false},"author":1,"featured_media":63252,"parent":14514,"menu_order":316,"comment_status":"closed","ping_status":"closed","template":"","meta":{"footnotes":""},"class_list":["post-42970","page","type-page","status-publish","has-post-thumbnail"],"_links":{"self":[{"href":"https:\/\/www.sisinternational.com\/it\/wp-json\/wp\/v2\/pages\/42970","targetHints":{"allow":["GET"]}}],"collection":[{"href":"https:\/\/www.sisinternational.com\/it\/wp-json\/wp\/v2\/pages"}],"about":[{"href":"https:\/\/www.sisinternational.com\/it\/wp-json\/wp\/v2\/types\/page"}],"author":[{"embeddable":true,"href":"https:\/\/www.sisinternational.com\/it\/wp-json\/wp\/v2\/users\/1"}],"replies":[{"embeddable":true,"href":"https:\/\/www.sisinternational.com\/it\/wp-json\/wp\/v2\/comments?post=42970"}],"version-history":[{"count":10,"href":"https:\/\/www.sisinternational.com\/it\/wp-json\/wp\/v2\/pages\/42970\/revisions"}],"predecessor-version":[{"id":80423,"href":"https:\/\/www.sisinternational.com\/it\/wp-json\/wp\/v2\/pages\/42970\/revisions\/80423"}],"up":[{"embeddable":true,"href":"https:\/\/www.sisinternational.com\/it\/wp-json\/wp\/v2\/pages\/14514"}],"wp:featuredmedia":[{"embeddable":true,"href":"https:\/\/www.sisinternational.com\/it\/wp-json\/wp\/v2\/media\/63252"}],"wp:attachment":[{"href":"https:\/\/www.sisinternational.com\/it\/wp-json\/wp\/v2\/media?parent=42970"}],"curies":[{"name":"wp","href":"https:\/\/api.w.org\/{rel}","templated":true}]}}