{"id":42926,"date":"2023-07-26T14:37:01","date_gmt":"2023-07-26T18:37:01","guid":{"rendered":"https:\/\/www.sisinternational.com\/?page_id=42926"},"modified":"2025-10-29T23:56:31","modified_gmt":"2025-10-30T03:56:31","slug":"ricerche-di-mercato-tampa-florida","status":"publish","type":"page","link":"https:\/\/www.sisinternational.com\/it\/copertura\/north-america\/copertura-degli-stati-uniti\/ricerche-di-mercato-tampa-florida\/","title":{"rendered":"Ricerche di mercato a Tampa, Florida"},"content":{"rendered":"<h1 class=\"wp-block-heading\">Ricerche di mercato a Tampa, Florida<\/h1>\n\n\n\n<figure class=\"gb-block-image gb-block-image-8c63ec84\"><img loading=\"lazy\" decoding=\"async\" width=\"1456\" height=\"816\" class=\"gb-image gb-image-8c63ec84\" src=\"https:\/\/www.sisinternational.com\/wp-content\/uploads\/2025\/09\/Jacksonville-Florida-2.jpg\" alt=\"Ricerca e strategia di mercato internazionale SIS\" title=\"Jacksonville Florida (2)\" srcset=\"https:\/\/www.sisinternational.com\/wp-content\/uploads\/2025\/09\/Jacksonville-Florida-2.jpg 1456w, https:\/\/www.sisinternational.com\/wp-content\/uploads\/2025\/09\/Jacksonville-Florida-2-300x168.jpg 300w, https:\/\/www.sisinternational.com\/wp-content\/uploads\/2025\/09\/Jacksonville-Florida-2-1024x574.jpg 1024w, https:\/\/www.sisinternational.com\/wp-content\/uploads\/2025\/09\/Jacksonville-Florida-2-768x430.jpg 768w, https:\/\/www.sisinternational.com\/wp-content\/uploads\/2025\/09\/Jacksonville-Florida-2-18x10.jpg 18w\" sizes=\"auto, (max-width: 1456px) 100vw, 1456px\"><\/figure>\n\n\n\n<p><\/p>\n\n\n\n<hr class=\"wp-block-separator has-alpha-channel-opacity is-style-dots\"\/>\n\n\n\n<p>La citt\u00e0 di Tampa ha un&#039;economia fiorente e una popolazione diversificata: la ricerca di mercato assume un ruolo cruciale per ottenere informazioni approfondite sulle dinamiche di mercato, sul comportamento dei consumatori, sulla concorrenza e sulle tendenze del settore di Tampa.<\/p>\n\n\n\n<p>Per questo motivo, comprendere il mercato di Tampa (i suoi consumatori, le sue caratteristiche uniche, le sue sfide e opportunit\u00e0) richiede un approccio solido e completo di cui gi\u00e0 dispongono gli esperti di questo mercato. Questo approccio deve non solo catturare le tendenze generali del mercato, ma anche scoprire i dettagli sfumati che possono fare la differenza in un ambiente aziendale altamente competitivo.<\/p>\n\n\n\n<p><\/p>\n\n\n\n<div class=\"wp-block-columns has-global-color-9-color has-text-color has-background has-link-color wp-elements-b942dd1e4cb4ad704b2a5f8b5947cdf5 is-layout-flex wp-container-core-columns-is-layout-9d6595d7 wp-block-columns-is-layout-flex\" style=\"background-color:#f7f9fa6e\">\n<div class=\"wp-block-column is-layout-flow wp-block-column-is-layout-flow\" style=\"flex-basis:18%\"><\/div>\n\n\n\n<div class=\"wp-block-column is-vertically-aligned-center is-layout-flow wp-block-column-is-layout-flow\" style=\"flex-basis:71.28%\">\n<div class=\"wp-block-rank-math-toc-block aligncenter has-global-color-9-color has-text-color has-link-color wp-elements-ee889757fe9c4eb434e2b529c6c61512\" style=\"font-size:16px\" id=\"rank-math-toc\"><h2><br><strong>T<\/strong>able of Contents<\/h2><nav><ul><li class=\"\"><a href=\"#tampas-market-profile\">Profilo del mercato di Tampa<\/a><\/li><li class=\"\"><a href=\"#digital-market-research-in-tampa-florida\">Ricerche di mercato digitale a Tampa, Florida<\/a><\/li><li class=\"\"><a href=\"#opportunities-in-conducting-market-research-in-tampa-florida\">Opportunit\u00e0 di condurre ricerche di mercato a Tampa, in Florida<\/a><\/li><li class=\"\"><a href=\"#challenges-in-conducting-market-research-in-tampa\">Sfide nella conduzione di ricerche di mercato a Tampa<\/a><\/li><\/ul><\/nav><\/div>\n<\/div>\n<\/div>\n\n\n\n<p><\/p>\n\n\n\n<h2 class=\"wp-block-heading\" id=\"tampas-market-profile\">Profilo del mercato di Tampa<\/h2>\n\n\n\n<p>L&#039;economia di Tampa \u00e8 diversificata e offre un mix di settori tradizionali ed emergenti come la finanza, la sanit\u00e0, il turismo e il settore immobiliare. Tuttavia, negli ultimi anni, Tampa ha registrato una crescita impressionante nel settore della tecnologia e dell\u2019innovazione, con un\u2019impennata delle startup tecnologiche e lo sviluppo di hub di innovazione.<\/p>\n\n\n\n<p>D&#039;altra parte, i consumatori di Tampa sono noti per la loro raffinatezza e adattabilit\u00e0. Sono pronti ad abbracciare nuove tecnologie, prodotti e servizi, rendendo Tampa un banco di prova ideale per offerte innovative. Allo stesso tempo, i consumatori di Tampa apprezzano la qualit\u00e0 e l&#039;autenticit\u00e0, favorendo le aziende che offrono prodotti di qualit\u00e0 superiore e dimostrano un impegno nei confronti della comunit\u00e0 locale.<\/p>\n\n\n\n<h3 class=\"wp-block-heading\">L&#039;importanza delle ricerche di mercato a Tampa per distinguersi<\/h3>\n\n\n\n<figure class=\"gb-block-image gb-block-image-82faff04\"><img loading=\"lazy\" decoding=\"async\" width=\"1456\" height=\"816\" class=\"gb-image gb-image-82faff04\" src=\"https:\/\/www.sisinternational.com\/wp-content\/uploads\/2025\/09\/Jacksonville-Florida-1.jpg\" alt=\"Ricerca e strategia di mercato internazionale SIS\" title=\"Jacksonville Florida (1)\" srcset=\"https:\/\/www.sisinternational.com\/wp-content\/uploads\/2025\/09\/Jacksonville-Florida-1.jpg 1456w, https:\/\/www.sisinternational.com\/wp-content\/uploads\/2025\/09\/Jacksonville-Florida-1-300x168.jpg 300w, https:\/\/www.sisinternational.com\/wp-content\/uploads\/2025\/09\/Jacksonville-Florida-1-1024x574.jpg 1024w, https:\/\/www.sisinternational.com\/wp-content\/uploads\/2025\/09\/Jacksonville-Florida-1-768x430.jpg 768w, https:\/\/www.sisinternational.com\/wp-content\/uploads\/2025\/09\/Jacksonville-Florida-1-18x10.jpg 18w\" sizes=\"auto, (max-width: 1456px) 100vw, 1456px\"><\/figure>\n\n\n\n<p><\/p>\n\n\n\n<p>Le ricerche di mercato a Tampa possono fornire alle aziende le informazioni critiche di cui hanno bisogno per comprendere il mercato e, in definitiva, raggiungere il successo in questa vivace citt\u00e0. Pertanto, alcuni dei vantaggi pi\u00f9 importanti sono:<\/p>\n\n\n\n<ul class=\"wp-block-list\">\n<li><strong>Comprendere la diversit\u00e0 del mercato:<\/strong> Il diverso profilo economico e demografico di Tampa significa che le aziende devono comprendere un&#039;ampia gamma di comportamenti e preferenze dei consumatori. Di conseguenza, la ricerca di mercato a Tampa fornisce approfondimenti su questi aspetti, consentendo alle aziende di personalizzare i propri prodotti o servizi per soddisfare le esigenze specifiche dei diversi dati demografici dei consumatori.<\/li>\n\n\n\n<li><strong>Stare al passo con la concorrenza:<\/strong> Le ricerche di mercato a Tampa offrono una comprensione completa del panorama competitivo, comprese le strategie, i punti di forza e di debolezza dei concorrenti. Questa conoscenza pu\u00f2 aiutare le imprese a identificare opportunit\u00e0 di differenziazione e vantaggio competitivo in un ambiente aziendale altamente competitivo (che sta diventando ancora pi\u00f9 competitivo).<\/li>\n\n\n\n<li><strong>Identificare opportunit\u00e0 e rischi di mercato:<\/strong> Le ricerche di mercato a Tampa supportano le aziende nell&#039;identificazione delle tendenze emergenti, delle potenziali opportunit\u00e0 e dei rischi all&#039;interno del mercato. Questi studi possono identificare rapidamente una domanda crescente per un particolare prodotto, cambiamenti nelle abitudini di spesa dei consumatori, cambiamenti economici o l\u2019impatto di nuove normative.<\/li>\n\n\n\n<li><strong>Testare nuovi prodotti e servizi:<\/strong> Data la natura adattiva e sofisticata dei consumatori di Tampa, la citt\u00e0 offre un ambiente ideale per testare nuovi prodotti, servizi e strategie di marketing. Ecco perch\u00e9 le ricerche di mercato a Tampa aiutano le aziende a valutare le risposte dei consumatori a queste nuove idee prima di un lancio su vasta scala, riducendo il rischio di costosi fallimenti.<\/li>\n<\/ul>\n\n\n\n<p><\/p>\n\n\n\n<!DOCTYPE html>\n<html lang=\"en\">\n<head>\n    <meta charset=\"UTF-8\">\n    <meta name=\"viewport\" content=\"width=device-width, initial-scale=1.0\">\n    <title>Tampa, FL Market Data<\/title>\n    <style>\n        \/* Responsive Table & SIS International-inspired Styling\n          - Uses corporate blue and a clean, sans-serif font.\n          - Fully responsive design ensures no page distortion on any device.\n        *\/\n        \n        .sis-table-container {\n            font-family: -apple-system, BlinkMacSystemFont, \"Segoe UI\", Roboto, Helvetica, Arial, sans-serif;\n            margin: 2em 0;\n            width: 100%;\n            \/* Allows horizontal scroll on small screens to prevent page distortion *\/\n            overflow-x: auto;\n            -webkit-overflow-scrolling: touch; \/* Smooth scrolling on iOS *\/\n        }\n\n        .sis-table-container h3 {\n            font-size: 1.5rem; \/* 24px *\/\n            font-weight: 600;\n            color: #333;\n            margin-bottom: 0.75em;\n            padding: 0;\n        }\n\n        .sis-table {\n            width: 100%;\n            border-collapse: collapse;\n            min-width: 550px; \/* Ensures table structure holds, container scrolls if needed *\/\n        }\n\n        .sis-table th,\n        .sis-table td {\n            padding: 12px 15px;\n            text-align: left;\n            line-height: 1.5;\n        }\n\n        \/* Header Styling *\/\n        .sis-table thead th {\n            background-color: #005cbf; \/* SIS corporate blue *\/\n            color: #ffffff;\n            font-weight: 600;\n            font-size: 0.9rem; \n            text-transform: uppercase;\n            letter-spacing: 0.5px;\n        }\n\n        \/* Body Styling *\/\n        .sis-table tbody tr {\n            border-bottom: 1px solid #ddd;\n        }\n\n        .sis-table tbody tr:nth-of-type(even) {\n            background-color: #f8f8f8; \/* Light gray alternate rows *\/\n        }\n\n        .sis-table tbody tr:last-of-type {\n            border-bottom: 2px solid #005cbf; \/* Match header blue *\/\n        }\n\n        .sis-table td {\n            color: #444;\n            font-size: 0.95rem; \n            vertical-align: top;\n        }\n        \n        \/* Align data cells *\/\n        .sis-table td:nth-child(2) {\n            text-align: right;\n            white-space: nowrap; \/* Prevents long numbers from wrapping *\/\n        }\n         .sis-table th:nth-child(2) {\n            text-align: right;\n        }\n\n        .sis-table-container .source-caption {\n            margin-top: 10px;\n            font-size: 0.85rem; \n            color: #555;\n            font-style: italic;\n        }\n\n        .sis-table-container .source-caption a {\n            color: #005cbf; \/* Match brand blue *\/\n            text-decoration: none;\n        }\n\n        .sis-table-container .source-caption a:hover {\n            text-decoration: underline;\n        }\n    <\/style>\n<\/head>\n<body>\n\n    <!-- \n      HTML for WordPress:\n      Copy and paste the code from .sis-table-container start to end into a Custom HTML block.\n    -->\n    <div class=\"sis-table-container\">\n        \n        <h3>Tampa, Florida Key Economic and Market Indicators<\/h3>\n\n        <table class=\"sis-table\">\n            <thead>\n                <tr>\n                    <th>Indicator<\/th>\n                    <th>Value (Recent Estimate)<\/th>\n                <\/tr>\n            <\/thead>\n            <tbody>\n                <tr>\n                    <td>Tampa Metro Area (MSA) Population<\/td>\n                    <td>~3.2 Million<\/td>\n                <\/tr>\n                <tr>\n                    <td>Median Household Income<\/td>\n                    <td>~$65,000<\/td>\n                <\/tr>\n                <tr>\n                    <td>Key Economic Sectors<\/td>\n                    <td>Financial Services, Healthcare, Logistics\/Trade<\/td>\n                <\/tr>\n                 <tr>\n                    <td>Annualized GDP Growth Rate (Metro)<\/td>\n                    <td>Consistent Positive Growth Rate<\/td>\n                <\/tr>\n                 <tr>\n                    <td>Unemployment Rate<\/td>\n                    <td>Consistently Below National Average<\/td>\n                <\/tr>\n            <\/tbody>\n        <\/table>\n\n        <p class=\"source-caption\">\n             Source: Data derived from the <a href=\"https:\/\/data.census.gov\/cedsci\/\" target=\"_blank\" rel=\"noopener noreferrer\">U.S. Census Bureau<\/a> E <a href=\"https:\/\/www.bls.gov\/eag\/eag.fl_tampa_msa.htm\" target=\"_blank\" rel=\"noopener noreferrer\">Bureau of Labor Statistics (BLS)<\/a> reports from recent periods.\n        <\/p>\n\n    <\/div>\n\n<\/body>\n<\/html>\n\n\n\n<p><\/p>\n\n\n\n<h2 class=\"wp-block-heading\" id=\"digital-market-research-in-tampa-florida\">Ricerche di mercato digitale a Tampa, Florida<\/h2>\n\n\n\n<p>In the digital age, market research has evolved significantly and traditional methods are complemented by digital techniques that leverage the vast amounts of data available online. Tampa, with its tech-savvy population and growing digital economy, is an ideal environment for <a href=\"https:\/\/www.sisinternational.com\/it\/sis-lancia-nuove-soluzioni-di-ricerca-digitale\/\" title=\"SIS lancia nuove soluzioni di Ricerca Digitale\" data-wpil-monitor-id=\"9773\">digital market research<\/a>.<\/p>\n\n\n\n<ul class=\"wp-block-list\">\n<li><strong>Sondaggi e sondaggi online:<\/strong> Questo \u00e8 uno dei metodi pi\u00f9 comuni di ricerche di mercato digitale a Tampa. Questi strumenti forniscono informazioni critiche sulle preferenze, sugli atteggiamenti e sui comportamenti dei consumatori. Consentono inoltre alle aziende di raggiungere un gruppo ampio e diversificato di intervistati in modo economicamente vantaggioso ed efficiente.<\/li>\n\n\n\n<li><strong>Analisi dei social media:<\/strong> Social media platforms are rich sources of consumer data nowadays. By analyzing likes, shares, comments, and other forms of engagement, businesses can gain insights into consumer sentiment and trends. Social media analytics can also help businesses monitor their <a href=\"https:\/\/www.sisinternational.com\/it\/pubblicita-shock-e-marketing-shock\/\" title=\"Pubblicit\u00e0 shock e marketing shock\" data-wpil-monitor-id=\"9777\">brand<\/a> reputation and understand the impact of their marketing campaigns.<\/li>\n\n\n\n<li><strong>Analisi web:<\/strong> Web analytics can provide detailed insights into how consumers interact with a business&#8217;s online presence. This can include metrics such as website visit duration, bounce rates, and conversion rates. Such data can help businesses optimize their websites and <a href=\"https:\/\/www.sisinternational.com\/it\/strategia-di-marketing-completa-per-una-societa-americana-di-finanza-personale-online\/\" title=\"Strategia di marketing completa per una societ\u00e0 americana di finanza personale online\" data-wpil-monitor-id=\"9795\">online marketing strategies<\/a> to better serve their customers and achieve their business objectives.<\/li>\n\n\n\n<li><strong>Intelligenza Artificiale (AI) e Big Data:<\/strong> These technologies can process vast amounts of data from diverse sources to uncover patterns and trends that might be missed by traditional <a href=\"https:\/\/www.sisinternational.com\/it\/quantitative-market-research-methods-and-techniques\/\" title=\"Quantitative Market Research Methods and Techniques\" data-wpil-monitor-id=\"9780\">market research methods<\/a>. They can also provide predictive analytics and a level of automation never seen before, enabling companies to forecast <a href=\"https:\/\/www.sisinternational.com\/it\/future-trends-in-qualitative-market-research\/\" title=\"Future Trends in Qualitative Market Research\" data-wpil-monitor-id=\"9792\">future market trends<\/a> and consumer behaviors.<\/li>\n\n\n\n<li><strong><a href=\"https:\/\/www.sisinternational.com\/it\/soluzioni\/soluzioni-di-ricerca-quantitativa-qualitativa\/focus-group-online\/\" title=\"Focus group on-line\" data-wpil-monitor-id=\"9782\">Focus group on-line<\/a> and Interviews:<\/strong> I focus group e le interviste online possono fornire informazioni qualitative sugli atteggiamenti e i comportamenti dei consumatori. Questi metodi digitali consentono un formato pi\u00f9 flessibile e conveniente sia per le aziende che per i partecipanti rispetto ai tradizionali metodi faccia a faccia.<\/li>\n<\/ul>\n\n\n\n<h2 class=\"wp-block-heading\" id=\"opportunities-in-conducting-market-research-in-tampa-florida\">Opportunit\u00e0 di condurre ricerche di mercato a Tampa, in Florida<\/h2>\n\n\n\n<figure class=\"gb-block-image gb-block-image-717c215b\"><img loading=\"lazy\" decoding=\"async\" width=\"1456\" height=\"816\" class=\"gb-image gb-image-717c215b\" src=\"https:\/\/www.sisinternational.com\/wp-content\/uploads\/2025\/09\/Tallahassee-Florida-5.jpg\" alt=\"Ricerca e strategia di mercato internazionale SIS\" title=\"Tallahassee, Florida (5)\" srcset=\"https:\/\/www.sisinternational.com\/wp-content\/uploads\/2025\/09\/Tallahassee-Florida-5.jpg 1456w, https:\/\/www.sisinternational.com\/wp-content\/uploads\/2025\/09\/Tallahassee-Florida-5-300x168.jpg 300w, https:\/\/www.sisinternational.com\/wp-content\/uploads\/2025\/09\/Tallahassee-Florida-5-1024x574.jpg 1024w, https:\/\/www.sisinternational.com\/wp-content\/uploads\/2025\/09\/Tallahassee-Florida-5-768x430.jpg 768w, https:\/\/www.sisinternational.com\/wp-content\/uploads\/2025\/09\/Tallahassee-Florida-5-18x10.jpg 18w\" sizes=\"auto, (max-width: 1456px) 100vw, 1456px\"><\/figure>\n\n\n\n<p><\/p>\n\n\n\n<p>Condurre ricerche di mercato a Tampa offre alle aziende una serie di opportunit\u00e0 per comprendere le dinamiche del mercato, ottimizzare le proprie operazioni e stare al passo con la concorrenza. Ecco alcune opportunit\u00e0 straordinarie:<\/p>\n\n\n\n<ul class=\"wp-block-list\">\n<li><strong>Sfruttare il settore tecnologico in crescita di Tampa:<\/strong> Il settore tecnologico di Tampa sta vivendo una rapida crescita, attirando consumatori esperti di tecnologia e promuovendo una cultura dell&#039;innovazione. Questa \u00e8 una situazione favorevole per le nuove imprese e le aziende affermate sul mercato che desiderano entrare a Tampa.<\/li>\n\n\n\n<li><strong>Accesso a ricche fonti di dati:<\/strong> L&#039;infrastruttura digitale avanzata di Tampa e l&#039;uso diffuso di piattaforme digitali tra i consumatori forniscono alle aziende l&#039;accesso a una grande quantit\u00e0 di dati. Questi dati possono fornire approfondimenti in tempo reale sul comportamento dei consumatori, sulle tendenze del mercato e sulle dinamiche competitive, offrendo preziose opportunit\u00e0 alle aziende per ottenere un vantaggio competitivo.<\/li>\n\n\n\n<li><strong>Sfruttare la crescita economica di Tampa:<\/strong> L&#039;economia di Tampa sta crescendo a un ritmo rapido, creando nuove opportunit\u00e0 per le imprese in vari settori. Le ricerche di mercato possono aiutare le aziende a rimanere informate sulle tendenze economiche, a identificare le opportunit\u00e0 emergenti e a sviluppare strategie per trarre vantaggio da questa crescita.<\/li>\n<\/ul>\n\n\n\n<h2 class=\"wp-block-heading\" id=\"challenges-in-conducting-market-research-in-tampa\">Sfide nella conduzione di ricerche di mercato a Tampa<\/h2>\n\n\n\n<p>Sebbene condurre ricerche di mercato a Tampa offra numerosi vantaggi e opportunit\u00e0, presenta anche diverse sfide che le aziende devono considerare prima di investire in questa citt\u00e0.<\/p>\n\n\n\n<ul class=\"wp-block-list\">\n<li><strong>Stare al passo con i rapidi cambiamenti:<\/strong> Tampa&#8217;s market is dynamic, with consumer preferences, market trends, and competitive dynamics changing rapidly. Thus, keeping up with these changes and ensuring that <a href=\"https:\/\/www.sisinternational.com\/it\/competenza\/industrie\/ricerche-di-mercato-sui-dati-di-formazione\/\" title=\"Ricerche di mercato sui dati di formazione\" data-wpil-monitor-id=\"9785\">market research data<\/a> remains current and relevant can be a challenging task.<\/li>\n\n\n\n<li><strong>Navigare in un panorama competitivo:<\/strong> L&#039;ambiente imprenditoriale a Tampa \u00e8 altamente competitivo, con numerose aziende in lizza per una quota di mercato in vari settori. Pertanto, ottenere informazioni accurate e dettagliate sulla concorrenza pu\u00f2 essere impegnativo ma \u00e8 fondamentale per sviluppare strategie aziendali efficaci.<\/li>\n\n\n\n<li><strong>Gestione di grandi volumi di dati:<\/strong> L\u2019era digitale ha portato un\u2019abbondanza di dati disponibili per le ricerche di mercato. Tuttavia, gestire e dare un senso a questi grandi volumi di dati pu\u00f2 essere impegnativo. Le aziende necessitano di competenze e strumenti avanzati di analisi dei dati per estrarre informazioni significative da questi dati.<\/li>\n<\/ul>\n\n\n\n<p><\/p>\n\n\n<h2>La nostra sede a New York<\/h2>\n<p><!-- \/wp:post-content --> <!-- wp:html --> <iframe loading=\"lazy\" src=\"https:\/\/www.google.com\/maps\/embed?pb=!1m18!1m12!1m3!1d3022.976188376966!2d-73.99130312499956!3d40.740549471389315!2m3!1f0!2f0!3f0!3m2!1i1024!2i768!4f13.1!3m3!1m2!1s0x89c259a15798c731%3A0xd695d09bdd495f25!2s11%20E%2022nd%20St%20FL%202%2C%20New%20York%2C%20NY%2010010%2C%20USA!5e0!3m2!1sen!2spe!4v1726171763526!5m2!1sen!2spe\" width=\"600\" height=\"450\" allowfullscreen=\"allowfullscreen\" data-mce-fragment=\"1\"><\/iframe> <!-- \/wp:html --> <!-- wp:paragraph --><\/p>\n<h3 class=\"wp-block-heading\">11 E 22nd Street, Piano 2, New York, NY 10010 T: +1(212) 505-6805<\/h3>\n<hr \/>\n<h2><span style=\"font-weight: 400;\">A proposito di SIS Internazionale<\/span><\/h2>\n<p><a href=\"https:\/\/www.sisinternational.com\/it\/\"><span style=\"font-weight: 400;\">SIS Internazionale<\/span><\/a><span style=\"font-weight: 400;\"> offers Quantitative, Qualitative, and Strategy Research. We provide data, tools, strategies, reports, and insights for decision-making. We also conduct interviews, surveys, focus groups, and other <a href=\"https:\/\/www.sisinternational.com\/it\/competenza\/industrie\/ricerche-di-mercato-automobilistiche\/cliniche-di-auto-statiche-vs-dinamiche\/\" title=\"Market Research Methods for Automotive Research &#8211; Static vs Dynamic Car Clinics\" data-wpil-monitor-id=\"9789\">Market Research methods<\/a> and approaches.<\/span><a href=\"https:\/\/www.sisinternational.com\/it\/sulla-sua-ricerca-internazionale\/contact-sis-international-market-research\/\"><span style=\"font-weight: 400;\"> Contattaci<\/span><\/a><span style=\"font-weight: 400;\"> per il tuo prossimo progetto di ricerca di mercato.<\/span><\/p>\n<p><!-- wp:heading --><\/p>\n<h2 id=\"about-sis-international\" class=\"wp-block-heading\">\u00a0<\/h2>\n<p><!-- \/wp:heading --><\/p>","protected":false},"excerpt":{"rendered":"<p>Quando conducono ricerche di mercato a Tampa, le aziende possono utilizzare le informazioni di mercato per migliorare le operazioni e ottenere un vantaggio competitivo.<\/p>","protected":false},"author":1,"featured_media":66579,"parent":19303,"menu_order":66,"comment_status":"closed","ping_status":"closed","template":"","meta":{"footnotes":""},"class_list":["post-42926","page","type-page","status-publish","has-post-thumbnail"],"_links":{"self":[{"href":"https:\/\/www.sisinternational.com\/it\/wp-json\/wp\/v2\/pages\/42926","targetHints":{"allow":["GET"]}}],"collection":[{"href":"https:\/\/www.sisinternational.com\/it\/wp-json\/wp\/v2\/pages"}],"about":[{"href":"https:\/\/www.sisinternational.com\/it\/wp-json\/wp\/v2\/types\/page"}],"author":[{"embeddable":true,"href":"https:\/\/www.sisinternational.com\/it\/wp-json\/wp\/v2\/users\/1"}],"replies":[{"embeddable":true,"href":"https:\/\/www.sisinternational.com\/it\/wp-json\/wp\/v2\/comments?post=42926"}],"version-history":[{"count":6,"href":"https:\/\/www.sisinternational.com\/it\/wp-json\/wp\/v2\/pages\/42926\/revisions"}],"predecessor-version":[{"id":81628,"href":"https:\/\/www.sisinternational.com\/it\/wp-json\/wp\/v2\/pages\/42926\/revisions\/81628"}],"up":[{"embeddable":true,"href":"https:\/\/www.sisinternational.com\/it\/wp-json\/wp\/v2\/pages\/19303"}],"wp:featuredmedia":[{"embeddable":true,"href":"https:\/\/www.sisinternational.com\/it\/wp-json\/wp\/v2\/media\/66579"}],"wp:attachment":[{"href":"https:\/\/www.sisinternational.com\/it\/wp-json\/wp\/v2\/media?parent=42926"}],"curies":[{"name":"wp","href":"https:\/\/api.w.org\/{rel}","templated":true}]}}