{"id":42898,"date":"2023-07-20T21:24:06","date_gmt":"2023-07-21T01:24:06","guid":{"rendered":"https:\/\/www.sisinternational.com\/?page_id=42898"},"modified":"2026-01-27T16:35:02","modified_gmt":"2026-01-27T21:35:02","slug":"societa-di-ricerche-di-mercato-caraibica","status":"publish","type":"page","link":"https:\/\/www.sisinternational.com\/it\/copertura\/ricerche-di-mercato-nei-caraibi\/societa-di-ricerche-di-mercato-caraibica\/","title":{"rendered":"Societ\u00e0 di ricerche di mercato dei Caraibi"},"content":{"rendered":"<h1 class=\"wp-block-heading\">Societ\u00e0 di ricerche di mercato dei Caraibi<\/h1>\n\n\n\n<figure class=\"gb-block-image gb-block-image-2a7df5bf\"><img loading=\"lazy\" decoding=\"async\" width=\"1456\" height=\"816\" class=\"gb-image gb-image-2a7df5bf\" src=\"https:\/\/www.sisinternational.com\/wp-content\/uploads\/2025\/09\/Dutch-Caribbean-1.jpg\" alt=\"Ricerca e strategia di mercato internazionale SIS\" title=\"Dutch Caribbean (1)\" srcset=\"https:\/\/www.sisinternational.com\/wp-content\/uploads\/2025\/09\/Dutch-Caribbean-1.jpg 1456w, https:\/\/www.sisinternational.com\/wp-content\/uploads\/2025\/09\/Dutch-Caribbean-1-300x168.jpg 300w, https:\/\/www.sisinternational.com\/wp-content\/uploads\/2025\/09\/Dutch-Caribbean-1-1024x574.jpg 1024w, https:\/\/www.sisinternational.com\/wp-content\/uploads\/2025\/09\/Dutch-Caribbean-1-768x430.jpg 768w, https:\/\/www.sisinternational.com\/wp-content\/uploads\/2025\/09\/Dutch-Caribbean-1-18x10.jpg 18w\" sizes=\"auto, (max-width: 1456px) 100vw, 1456px\"><\/figure>\n\n\n\n<p><\/p>\n\n\n\n<hr class=\"wp-block-separator has-alpha-channel-opacity is-style-dots\"\/>\n\n\n\n<p>I Caraibi offrono una serie unica di opportunit\u00e0 per le aziende. Tuttavia, sfruttare queste prospettive richiede una comprensione profonda e articolata delle dinamiche del mercato della regione che solo il personale dedicato di una societ\u00e0 di ricerche di mercato dei Caraibi pu\u00f2 fornire.<\/p>\n\n\n\n<p>Con un&#039;assistenza qualificata, un&#039;azienda globale pu\u00f2 disporre di una conoscenza essenziale del mercato caraibico basata su una ricerca sistematica, obiettiva ed esaustiva.<\/p>\n\n\n\n<h2 class=\"wp-block-heading\">Cosa fa una societ\u00e0 di ricerche di mercato dei Caraibi?<\/h2>\n\n\n\n<p>UN <a href=\"https:\/\/www.sisinternational.com\/it\/copertura\/le-americhe\/ricerche-di-mercato-nei-caraibi\/ricerche-di-mercato-nei-caraibi-olandesi\/\" title=\"Ricerche di mercato nei Caraibi olandesi\"  data-wpil-monitor-id=\"5818\">Ricerche di mercato nei Caraibi<\/a> Company provides customized services that enable businesses to understand the region&#8217;s complex market environment, with an emphasis on the markets that best fit the company&#8217;s needs and have the greatest potential for future growth.<\/p>\n\n\n\n<p>Conducendo ricerche approfondite e su misura, queste aziende forniscono preziose informazioni sul comportamento dei consumatori, sulle tendenze del mercato, sul panorama competitivo e sulle sfumature normative specifiche dei Caraibi.<\/p>\n\n\n\n<h2 class=\"wp-block-heading\">L&#039;importanza delle ricerche di mercato nei Caraibi<\/h2>\n\n\n\n<figure class=\"gb-block-image gb-block-image-a03178db\"><img loading=\"lazy\" decoding=\"async\" width=\"1456\" height=\"816\" class=\"gb-image gb-image-a03178db\" src=\"https:\/\/www.sisinternational.com\/wp-content\/uploads\/2025\/09\/Dutch-Caribbean-4.jpg\" alt=\"Ricerca e strategia di mercato internazionale SIS\" title=\"Dutch Caribbean (4)\" srcset=\"https:\/\/www.sisinternational.com\/wp-content\/uploads\/2025\/09\/Dutch-Caribbean-4.jpg 1456w, https:\/\/www.sisinternational.com\/wp-content\/uploads\/2025\/09\/Dutch-Caribbean-4-300x168.jpg 300w, https:\/\/www.sisinternational.com\/wp-content\/uploads\/2025\/09\/Dutch-Caribbean-4-1024x574.jpg 1024w, https:\/\/www.sisinternational.com\/wp-content\/uploads\/2025\/09\/Dutch-Caribbean-4-768x430.jpg 768w, https:\/\/www.sisinternational.com\/wp-content\/uploads\/2025\/09\/Dutch-Caribbean-4-18x10.jpg 18w\" sizes=\"auto, (max-width: 1456px) 100vw, 1456px\"><\/figure>\n\n\n\n<p><\/p>\n\n\n\n<p>Market research is a fundamental pillar for any business seeking to succeed in a competitive environment \u2013 and the Caribbean region is no exception. A Caribbean <a href=\"https:\/\/www.sisinternational.com\/it\/copertura\/le-americhe\/copertura-degli-stati-uniti\/societa-di-ricerche-di-mercato-atlanta\/\" title=\"Societ\u00e0 di ricerche di mercato ad Atlanta\"  data-wpil-monitor-id=\"6418\">Market Research Company<\/a> plays an essential role in helping businesses understand the intricacies of this diverse market.<\/p>\n\n\n\n<h3 class=\"wp-block-heading\">Ad esempio, alcuni degli elementi pi\u00f9 critici che un&#039;azienda pu\u00f2 ottenere sono i seguenti:<\/h3>\n\n\n\n<ul class=\"wp-block-list\">\n<li><strong>Profonda conoscenza del mercato:<\/strong> Una societ\u00e0 di ricerche di mercato dei Caraibi fornisce alle aziende un quadro chiaro di questi mercati unici. Identifica le principali caratteristiche demografiche e socioeconomiche, le preferenze dei consumatori e le tendenze che influenzano le dinamiche del mercato.<\/li>\n\n\n\n<li><strong>Guidare la strategia aziendale:<\/strong> The insights <a href=\"https:\/\/www.sisinternational.com\/it\/soluzioni\/ai-ricerche-di-mercato-e-consulenza-strategica\/ricerche-di-mercato-sullintelligenza-artificiale-generativa\/\" title=\"Ricerche di mercato sull\u2019intelligenza artificiale generativa\"  data-wpil-monitor-id=\"2044\">generated by a Caribbean Market Research<\/a> Company can significantly influence a business&#8217;s strategic decisions. These insights can guide aspects like product development, pricing, marketing and sales strategies \u2013 and even business expansion plans in the Caribbean region.<\/li>\n\n\n\n<li><strong>Mitigazione dei rischi:<\/strong> Entrare in un nuovo mercato o lanciare un nuovo prodotto comporta sempre dei rischi. Di conseguenza, una ricerca di mercato completa pu\u00f2 aiutare a mitigare questi rischi fornendo approfondimenti basati sui dati su potenziali sfide e opportunit\u00e0. Pu\u00f2 aiutare le aziende globali a comprendere il panorama competitivo, il contesto normativo e le potenziali barriere all\u2019ingresso.<\/li>\n\n\n\n<li><strong>Individuazione delle opportunit\u00e0:<\/strong> Una societ\u00e0 di ricerche di mercato dei Caraibi pu\u00f2 identificare e quantificare le opportunit\u00e0 di mercato che le aziende potrebbero trascurare. Ci\u00f2 include nuovi segmenti di clienti, aree geografiche non sfruttate, mercati di nicchia e tendenze emergenti che potrebbero essere sfruttate per la crescita.<\/li>\n\n\n\n<li><strong>Costruire la comprensione del cliente:<\/strong> Comprendere il comportamento, le preferenze e le esigenze dei clienti \u00e8 fondamentale per offrire prodotti e servizi che risuonino con il pubblico target in qualsiasi mercato caraibico. Le societ\u00e0 di ricerche di mercato forniscono informazioni dettagliate sui clienti, sul loro percorso di acquisto e sui fattori che influenzano le loro decisioni di acquisto.<\/li>\n\n\n\n<li><strong>Monitoraggio dei cambiamenti del mercato:<\/strong> Like any other, the Caribbean market is dynamic and subject to change. Regular market <a href=\"https:\/\/www.sisinternational.com\/it\/competenza\/curriculum-di-esperienza\/ricerca-sul-marchio\/\" title=\"Societ\u00e0 di ricerca sul marchio\"  data-wpil-monitor-id=\"6315\">research helps companies<\/a> keep track of market trends, competitors&#8217; strategies, changes in consumer behavior, and other factors that could affect the business, ensuring positive long-term performance.<\/li>\n<\/ul>\n\n\n\n<h2 class=\"wp-block-heading\">Opportunit\u00e0 e sfide per una societ\u00e0 di ricerche di mercato dei Caraibi<\/h2>\n\n\n\n<h3 class=\"wp-block-heading\">Opportunit\u00e0:<\/h3>\n\n\n\n<ul class=\"wp-block-list\">\n<li><strong>Mercato diversificato:<\/strong> Il diversificato mercato dei Caraibi offre molteplici opportunit\u00e0 di investimento, soprattutto in settori come la finanza e il turismo, ma anche in altri settori che non hanno raggiunto il loro pieno potenziale e offrono grandi opportunit\u00e0 di crescita con la digitalizzazione e l\u2019automazione operativa.<\/li>\n\n\n\n<li><strong>Industria del turismo:<\/strong> La forte industria turistica della regione offre opportunit\u00e0 per ricerche di mercato relative ai comportamenti, alle preferenze e ai modelli di spesa dei turisti. Comprendere queste dinamiche pu\u00f2 essere cruciale per le aziende che operano o si rivolgono a questo settore.<\/li>\n\n\n\n<li><strong>Settori emergenti:<\/strong> Con l\u2019evoluzione dell\u2019economia dei Caraibi, settori emergenti come l\u2019energia rinnovabile, i servizi digitali e l\u2019agrobusiness presentano nuove strade per la ricerca e l\u2019analisi.<\/li>\n<\/ul>\n\n\n\n<p><\/p>\n\n\n\n<!DOCTYPE html>\n<html lang=\"en\">\n<head>\n    <meta charset=\"UTF-8\">\n    <meta name=\"viewport\" content=\"width=device-width, initial-scale=1.0\">\n    <title>Caribbean Key Market Sector Data<\/title>\n    <style>\n        \/* Responsive Table & SIS International-inspired Styling\n          - Uses a corporate blue and clean, sans-serif fonts.\n          - Fully responsive with horizontal scroll on small screens to prevent page distortion.\n        *\/\n        \n        .sis-table-container {\n            font-family: -apple-system, BlinkMacSystemFont, \"Segoe UI\", Roboto, Helvetica, Arial, sans-serif;\n            margin: 2em 0;\n            width: 100%;\n            \/* Allows horizontal scroll on small screens *\/\n            overflow-x: auto;\n            -webkit-overflow-scrolling: touch; \/* Smooth scrolling on iOS *\/\n        }\n\n        .sis-table-container h3 {\n            font-size: 1.5rem; \/* 24px *\/\n            font-weight: 600;\n            color: #333;\n            margin-bottom: 0.75em;\n            padding: 0;\n        }\n\n        .sis-table {\n            width: 100%;\n            border-collapse: collapse;\n            min-width: 650px; \/* Ensures layout preservation, container scrolls if needed *\/\n        }\n\n        .sis-table th,\n        .sis-table td {\n            padding: 12px 15px;\n            text-align: left;\n            line-height: 1.5;\n        }\n        \n        \/* Make country names visible without wrapping on mobile *\/\n        .sis-table td:first-child,\n        .sis-table th:first-child {\n            white-space: nowrap; \n        }\n\n        \/* Header Styling *\/\n        .sis-table thead th {\n            background-color: #005cbf; \/* SIS corporate blue *\/\n            color: #ffffff;\n            font-weight: 600;\n            font-size: 0.9rem; \/* 14.4px *\/\n            text-transform: uppercase;\n            letter-spacing: 0.5px;\n        }\n\n        \/* Body Styling *\/\n        .sis-table tbody tr {\n            border-bottom: 1px solid #ddd;\n        }\n\n        .sis-table tbody tr:nth-of-type(even) {\n            background-color: #f8f8f8; \/* Light gray alternate rows *\/\n        }\n\n        .sis-table tbody tr:last-of-type {\n            border-bottom: 2px solid #005cbf; \/* Match header blue *\/\n        }\n\n        .sis-table td {\n            color: #444;\n            font-size: 0.95rem; \/* 15.2px *\/\n            vertical-align: top;\n        }\n        \n        \/* Center-align data for better comparison *\/\n        .sis-table td:not(:first-child) {\n            text-align: center;\n        }\n        .sis-table th:not(:first-child) {\n            text-align: center;\n        }\n\n\n        .sis-table-container .source-caption {\n            margin-top: 10px;\n            font-size: 0.85rem; \/* 13.6px *\/\n            color: #555;\n            font-style: italic;\n        }\n\n        .sis-table-container .source-caption a {\n            color: #005cbf; \/* Match brand blue *\/\n            text-decoration: none;\n        }\n\n        .sis-table-container .source-caption a:hover {\n            text-decoration: underline;\n        }\n    <\/style>\n<\/head>\n<body>\n\n    <!-- \n      HTML for WordPress:\n      Copy and paste the code from .sis-table-container start to end into a Custom HTML block.\n    -->\n    <div class=\"sis-table-container\">\n        \n        <h3>Economic Sector Dependence in Major Caribbean Markets<\/h3>\n\n        <table class=\"sis-table\">\n            <thead>\n                <tr>\n                    <th>Major Economic Sector<\/th>\n                    <th>Barbados (Tourism-Led)<\/th>\n                    <th>Jamaica (Diversifying Economy)<\/th> \n                    <th><a href=\"https:\/\/www.sisinternational.com\/it\/copertura\/le-americhe\/ricerche-di-mercato-nei-caraibi\/ricerche-di-mercato-trinidad-tobago\/\" title=\"Ricerche di mercato a Trinidad e Tobago\"  data-wpil-monitor-id=\"6200\">Trinidad &#038; Tobago<\/a> (Energy-Led)<\/th> \n                <\/tr>\n            <\/thead>\n            <tbody>\n                <tr>\n                    <td>Tourism &#038; Travel Contribution to GDP<\/td>\n                    <td>Very High (Over 35% direct\/indirect)<\/td>\n                    <td>High (Approx. 20-25% direct\/indirect)<\/td>\n                    <td>Low (Under 8%)<\/td>\n                <\/tr>\n                <tr>\n                    <td>Financial &#038; Business Services<\/td>\n                    <td>Medium (Key offshore sector)<\/td>\n                    <td>Medium (Focus on BPOs and logistics)<\/td>\n                    <td>Medium (Regional banking hub)<\/td>\n                <\/tr>\n                <tr>\n                    <td>Hydrocarbons (Oil &#038; Gas)<\/td>\n                    <td>Minimal (Focus on renewables)<\/td>\n                    <td>Minimal<\/td>\n                    <td>Very High (Dominant sector)<\/td>\n                <\/tr>\n                <tr>\n                    <td>Manufacturing &#038; Industry<\/td>\n                    <td>Low<\/td>\n                    <td>Medium (Food processing, construction)<\/td>\n                    <td>High (Petrochemicals, steel)<\/td>\n                <\/tr>\n            <\/tbody>\n        <\/table>\n\n        <p class=\"source-caption\">\n             Source: Data derived from recent economic assessments by the <a href=\"https:\/\/www.worldbank.org\/\" target=\"_blank\" rel=\"noopener noreferrer\">World Bank<\/a> e il <a href=\"https:\/\/www.caribank.org\/\" target=\"_blank\" rel=\"noopener noreferrer\">Caribbean Development Bank (CDB)<\/a> on GDP sectoral contributions and national account statistics.\n        <\/p>\n\n    <\/div>\n\n<\/body>\n<\/html>\n\n\n\n\n<p><\/p>\n\n\n\n<h3 class=\"wp-block-heading\">Sfide:<\/h3>\n\n\n\n<ul class=\"wp-block-list\">\n<li><strong>Frammentazione del mercato:<\/strong> The Caribbean is formed by several independent nations, each with its own characteristics. This fragmentation of the <a href=\"https:\/\/www.sisinternational.com\/it\/competenza\/industrie\/ricerche-di-mercato-sul-butano\/\" title=\"Ricerche di mercato sul butano\" data-wpil-monitor-id=\"3038\">market can make comprehensive research<\/a> more complex and time-consuming. In addition, the multiplicity of languages and cultures spoken in the Caribbean can make successful market entry difficult.<\/li>\n\n\n\n<li><strong>Accessibilit\u00e0 ai dati:<\/strong> A volte pu\u00f2 essere difficile acquisire dati affidabili e aggiornati, in particolare per le isole pi\u00f9 piccole e le aree meno sviluppate dove i dati non vengono aggiornati frequentemente o le informazioni pubbliche non sono del tutto affidabili.<\/li>\n\n\n\n<li><strong>Divario digitale:<\/strong> Sebbene la trasformazione digitale offra nuovi strumenti di ricerca, in alcune parti dei Caraibi esiste ancora un divario digitale. Ci\u00f2 pu\u00f2 limitare la portata e l\u2019efficacia dei metodi di ricerca digitale.<\/li>\n<\/ul>\n\n\n\n<h2 class=\"wp-block-heading\">Mercati chiave per la ricerca<\/h2>\n\n\n\n<ul class=\"wp-block-list\">\n<li><strong>Isole Vergini Britanniche:<\/strong> The British Virgin Islands boast an economy driven predominantly by tourism and financial services, contributing the largest shares of the territory&#8217;s GDP. The British Virgin Islands also have a growing offshore incorporation sector, attracting international businesses. Therefore, a Caribbean <a href=\"https:\/\/www.sisinternational.com\/it\/giornata-mondiale-sullautismo\/\" title=\"Studi di ricerche di mercato sull\u2019autismo\" data-wpil-monitor-id=\"7439\">Market Research Company could focus on studying<\/a> trends and behaviors related to these sectors.<\/li>\n\n\n\n<li><strong>Isole Cayman:<\/strong> Conosciute come uno dei principali paradisi fiscali globali, le Isole Cayman hanno un sofisticato settore dei servizi finanziari, oltre a una fiorente industria del turismo. Le ricerche di mercato in questo caso potrebbero concentrarsi sulle tendenze dei servizi finanziari, inclusi fondi di investimento, servizi bancari e assicurativi.<\/li>\n\n\n\n<li><strong>Caraibi olandesi:<\/strong> I Caraibi olandesi, che comprendono mercati come Aruba, Bonaire e Cura\u00e7ao, presentano una serie di opportunit\u00e0 per le ricerche di mercato. Ogni isola ha le sue caratteristiche uniche, ma il turismo, la navigazione e la raffinazione del petrolio sono settori comuni in tutta la regione. Ad esempio, mercati come Cura\u00e7ao sono specializzati in servizi finanziari mentre Aruba \u00e8 una potenza nel settore del turismo, e disporre di dati e approfondimenti locali esperti pu\u00f2 fare la differenza tra un ingresso di successo sul mercato e un investimento non redditizio.<\/li>\n\n\n\n<li><strong>Isole Turks e Caicos:<\/strong> L&#039;economia delle Isole Turks e Caicos dipende fortemente dal turismo, dallo sviluppo immobiliare e dai servizi finanziari offshore. La ricerca di mercato in questo contesto pu\u00f2 comportare lo studio del comportamento dei turisti e degli investitori immobiliari, delle tendenze nel settore delle costruzioni e delle pratiche bancarie offshore. Le isole stanno anche assistendo a un\u2019impennata del turismo di lusso, rendendola un\u2019area preziosa da esplorare.<\/li>\n\n\n\n<li><strong>Isole Vergini americane:<\/strong> Il turismo \u00e8 un settore cruciale nelle Isole Vergini americane, ma anche il settore manifatturiero, compresa la raffinazione del petrolio e la distillazione del rum, svolge un ruolo sostanziale. Una societ\u00e0 di ricerche di mercato dei Caraibi pu\u00f2 effettuare ricerche in diverse aree: dalle tendenze del turismo e dai comportamenti del settore dell&#039;ospitalit\u00e0 alle pratiche dell&#039;industria manifatturiera e alle dinamiche del mercato.<\/li>\n\n\n\n<li><strong>Trinidad e Tobago:<\/strong> L&#039;economia di Trinidad e Tobago \u00e8 una delle pi\u00f9 diversificate dei Caraibi, con settori forti nel petrolio e nel gas, nell&#039;industria manifatturiera, nel turismo e nelle industrie creative. Le ricerche di mercato qui possono spaziare dallo studio delle tendenze del settore petrolifero e del gas alla comprensione delle dinamiche del mercato manifatturiero, dei comportamenti dei turisti e del fiorente settore creativo e culturale.<\/li>\n<\/ul>\n\n\n\n<h2 class=\"wp-block-heading\">Prospettive future per una societ\u00e0 di ricerche di mercato dei Caraibi<\/h2>\n\n\n\n<figure class=\"gb-block-image gb-block-image-152e925c\"><img loading=\"lazy\" decoding=\"async\" width=\"1456\" height=\"816\" class=\"gb-image gb-image-152e925c\" src=\"https:\/\/www.sisinternational.com\/wp-content\/uploads\/2025\/09\/Dutch-Caribbean-4-1.jpg\" alt=\"Ricerca e strategia di mercato internazionale SIS\" title=\"Dutch Caribbean 4\" srcset=\"https:\/\/www.sisinternational.com\/wp-content\/uploads\/2025\/09\/Dutch-Caribbean-4-1.jpg 1456w, https:\/\/www.sisinternational.com\/wp-content\/uploads\/2025\/09\/Dutch-Caribbean-4-1-300x168.jpg 300w, https:\/\/www.sisinternational.com\/wp-content\/uploads\/2025\/09\/Dutch-Caribbean-4-1-1024x574.jpg 1024w, https:\/\/www.sisinternational.com\/wp-content\/uploads\/2025\/09\/Dutch-Caribbean-4-1-768x430.jpg 768w, https:\/\/www.sisinternational.com\/wp-content\/uploads\/2025\/09\/Dutch-Caribbean-4-1-18x10.jpg 18w\" sizes=\"auto, (max-width: 1456px) 100vw, 1456px\"><\/figure>\n\n\n\n<ul class=\"wp-block-list\">\n<li><strong>Crescente domanda di approfondimenti di mercato:<\/strong> Man mano che sempre pi\u00f9 aziende riconoscono il potenziale del mercato caraibico, la richiesta di approfondimenti dettagliati sul mercato \u00e8 destinata ad aumentare. Le aziende di tutti i settori cercheranno di comprendere gli aspetti unici del mercato caraibico, guidando la crescita delle societ\u00e0 di ricerche di mercato nella regione.<\/li>\n\n\n\n<li><strong>Trasformazione digitale:<\/strong> Il ritmo accelerato della trasformazione digitale nei Caraibi rappresenta un\u2019opportunit\u00e0 significativa. Man mano che sempre pi\u00f9 consumatori vanno online, una grande quantit\u00e0 di dati diventa disponibile per l\u2019analisi. I metodi di ricerca digitale diventeranno sempre pi\u00f9 critici, fornendo approfondimenti approfonditi e in tempo reale sui comportamenti dei consumatori e sulle tendenze del mercato.<\/li>\n\n\n\n<li><strong>Mercati e settori emergenti:<\/strong> The Caribbean economy is diversifying, with sectors such as renewable energy, digital services, and agri-business showing strong growth potential. As a result, a Caribbean Market <a href=\"https:\/\/www.sisinternational.com\/it\/mercato-dei-beni-di-largo-consumo-in-vietnam\/\" title=\"Il mercato dei beni di largo consumo in Vietnam\" data-wpil-monitor-id=\"2446\">Research Company<\/a> helps in understanding these emerging markets and guiding businesses to tap into these opportunities.<\/li>\n<\/ul>","protected":false},"excerpt":{"rendered":"<p>Una societ\u00e0 di ricerche di mercato dei Caraibi aiuta le aziende a comprendere i loro mercati target unici e complessi per l&#039;espansione futura.<\/p>","protected":false},"author":1,"featured_media":66255,"parent":33287,"menu_order":24,"comment_status":"closed","ping_status":"closed","template":"","meta":{"footnotes":""},"class_list":["post-42898","page","type-page","status-publish","has-post-thumbnail"],"_links":{"self":[{"href":"https:\/\/www.sisinternational.com\/it\/wp-json\/wp\/v2\/pages\/42898","targetHints":{"allow":["GET"]}}],"collection":[{"href":"https:\/\/www.sisinternational.com\/it\/wp-json\/wp\/v2\/pages"}],"about":[{"href":"https:\/\/www.sisinternational.com\/it\/wp-json\/wp\/v2\/types\/page"}],"author":[{"embeddable":true,"href":"https:\/\/www.sisinternational.com\/it\/wp-json\/wp\/v2\/users\/1"}],"replies":[{"embeddable":true,"href":"https:\/\/www.sisinternational.com\/it\/wp-json\/wp\/v2\/comments?post=42898"}],"version-history":[{"count":12,"href":"https:\/\/www.sisinternational.com\/it\/wp-json\/wp\/v2\/pages\/42898\/revisions"}],"predecessor-version":[{"id":81070,"href":"https:\/\/www.sisinternational.com\/it\/wp-json\/wp\/v2\/pages\/42898\/revisions\/81070"}],"up":[{"embeddable":true,"href":"https:\/\/www.sisinternational.com\/it\/wp-json\/wp\/v2\/pages\/33287"}],"wp:featuredmedia":[{"embeddable":true,"href":"https:\/\/www.sisinternational.com\/it\/wp-json\/wp\/v2\/media\/66255"}],"wp:attachment":[{"href":"https:\/\/www.sisinternational.com\/it\/wp-json\/wp\/v2\/media?parent=42898"}],"curies":[{"name":"wp","href":"https:\/\/api.w.org\/{rel}","templated":true}]}}