{"id":42893,"date":"2023-07-20T20:43:58","date_gmt":"2023-07-21T00:43:58","guid":{"rendered":"https:\/\/www.sisinternational.com\/?page_id=42893"},"modified":"2026-01-26T16:47:54","modified_gmt":"2026-01-26T21:47:54","slug":"societa-di-consulenza-gestionale-caraibica","status":"publish","type":"page","link":"https:\/\/www.sisinternational.com\/it\/copertura\/ricerche-di-mercato-nei-caraibi\/societa-di-consulenza-gestionale-caraibica\/","title":{"rendered":"Societ\u00e0 di consulenza gestionale dei Caraibi"},"content":{"rendered":"<h1 class=\"wp-block-heading\">Societ\u00e0 di consulenza gestionale dei Caraibi<\/h1>\n\n\n\n<figure class=\"gb-block-image gb-block-image-60aca058\"><img loading=\"lazy\" decoding=\"async\" width=\"1456\" height=\"816\" class=\"gb-image gb-image-60aca058\" src=\"https:\/\/www.sisinternational.com\/wp-content\/uploads\/2025\/09\/Dutch-Caribbean-2.jpg\" alt=\"Ricerca e strategia di mercato internazionale SIS\" title=\"Dutch Caribbean (2)\" srcset=\"https:\/\/www.sisinternational.com\/wp-content\/uploads\/2025\/09\/Dutch-Caribbean-2.jpg 1456w, https:\/\/www.sisinternational.com\/wp-content\/uploads\/2025\/09\/Dutch-Caribbean-2-300x168.jpg 300w, https:\/\/www.sisinternational.com\/wp-content\/uploads\/2025\/09\/Dutch-Caribbean-2-1024x574.jpg 1024w, https:\/\/www.sisinternational.com\/wp-content\/uploads\/2025\/09\/Dutch-Caribbean-2-768x430.jpg 768w, https:\/\/www.sisinternational.com\/wp-content\/uploads\/2025\/09\/Dutch-Caribbean-2-18x10.jpg 18w\" sizes=\"auto, (max-width: 1456px) 100vw, 1456px\"><\/figure>\n\n\n\n<p><\/p>\n\n\n\n<hr class=\"wp-block-separator has-alpha-channel-opacity is-style-dots\"\/>\n\n\n\n<p>Con la sua miscela unica di mercati emergenti e consolidati, i Caraibi offrono molte opportunit\u00e0 per le aziende che desiderano orientarsi nel suo caratteristico panorama economico, culturale e normativo.<\/p>\n\n\n\n<p>Tuttavia, per sbloccare queste opportunit\u00e0 e superare le sfide associate, le aziende spesso necessitano dell\u2019assistenza di un partner esperto che comprenda le complessit\u00e0 di questa regione dinamica. Per questo motivo, un partner come un&#039;esperta societ\u00e0 di consulenza gestionale caraibica pu\u00f2 fare la differenza tra avere un&#039;attivit\u00e0 stabile nella regione o un fallito ingresso in uno di questi mercati.<\/p>\n\n\n\n<div class=\"wp-block-columns has-global-color-9-color has-text-color has-background has-link-color wp-elements-74a36e93fa5bf71a7063821cfc357653 is-layout-flex wp-container-core-columns-is-layout-9d6595d7 wp-block-columns-is-layout-flex\" style=\"background-color:#f7f9fa6e\">\n<div class=\"wp-block-column is-layout-flow wp-block-column-is-layout-flow\" style=\"flex-basis:18%\"><\/div>\n\n\n\n<div class=\"wp-block-column is-vertically-aligned-center is-layout-flow wp-block-column-is-layout-flow\" style=\"flex-basis:71.28%\">\n<div class=\"wp-block-rank-math-toc-block aligncenter has-global-color-9-color has-text-color has-link-color wp-elements-74bafc36ad6b0773fda60c2e0b78f1bc\" style=\"font-size:16px\" id=\"rank-math-toc\"><h2><br><strong>T<\/strong>able of Contents<\/h2><nav><ul><li class=\"\"><a href=\"#the-significance-of-a-caribbean-management-consulting-company\">L&#039;importanza di una societ\u00e0 di consulenza gestionale dei Caraibi<\/a><\/li><li class=\"\"><a href=\"#what-kind-of-services-does-a-caribbean-management-consulting-company-provide\">Che tipo di servizi fornisce una societ\u00e0 di consulenza gestionale dei Caraibi?<\/a><\/li><li class=\"\"><a href=\"#leveraging-opportunities-in-the-caribbean\">Sfruttare le opportunit\u00e0 nei Caraibi<\/a><\/li><li class=\"\"><a href=\"#challenges-of-the-caribbean-markets\">Le sfide dei mercati caraibici<\/a><\/li><\/ul><\/nav><\/div>\n<\/div>\n<\/div>\n\n\n\n<h2 class=\"wp-block-heading\" id=\"the-significance-of-a-caribbean-management-consulting-company\">L&#039;importanza di una societ\u00e0 di consulenza gestionale dei Caraibi<\/h2>\n\n\n\n<figure class=\"gb-block-image gb-block-image-18a7d35c\"><img loading=\"lazy\" decoding=\"async\" width=\"1456\" height=\"816\" class=\"gb-image gb-image-18a7d35c\" src=\"https:\/\/www.sisinternational.com\/wp-content\/uploads\/2025\/09\/Caribbran-5.jpg\" alt=\"Ricerca e strategia di mercato internazionale SIS\" title=\"Caribbran (5)\" srcset=\"https:\/\/www.sisinternational.com\/wp-content\/uploads\/2025\/09\/Caribbran-5.jpg 1456w, https:\/\/www.sisinternational.com\/wp-content\/uploads\/2025\/09\/Caribbran-5-300x168.jpg 300w, https:\/\/www.sisinternational.com\/wp-content\/uploads\/2025\/09\/Caribbran-5-1024x574.jpg 1024w, https:\/\/www.sisinternational.com\/wp-content\/uploads\/2025\/09\/Caribbran-5-768x430.jpg 768w, https:\/\/www.sisinternational.com\/wp-content\/uploads\/2025\/09\/Caribbran-5-18x10.jpg 18w\" sizes=\"auto, (max-width: 1456px) 100vw, 1456px\"><\/figure>\n\n\n\n<p><\/p>\n\n\n\n<p class=\"p1\">Poich\u00e9 il panorama aziendale diventa sempre pi\u00f9 globale, \u00e8 fondamentale acquisire quante pi\u00f9 informazioni locali possibili per personalizzare prodotti e servizi secondo gli standard locali. \u00c8 qui che entra in gioco una societ\u00e0 di consulenza gestionale caraibica.<\/p>\n\n\n\n<p>Una societ\u00e0 di consulenza gestionale dei Caraibi fornisce alle imprese una guida strategica e soluzioni attuabili su misura per l&#039;ambiente unico della regione. I loro servizi spaziano dallo sviluppo della strategia aziendale e dal miglioramento dell&#039;efficienza operativa alla tecnologia e alla strategia digitale, tutti mirati a consentire alle aziende di prosperare nei mercati dei Caraibi.<\/p>\n\n\n\n<p>Inoltre, man mano che l\u2019economia dei Caraibi si diversifica e emergono nuovi settori, le aziende si rivolgono a societ\u00e0 di consulenza gestionale per aiutarle a esplorare queste nuove opportunit\u00e0\u2026 E una societ\u00e0 di consulenza gestionale nei Caraibi fornisce le competenze necessarie per identificare potenziali aree di crescita, valutare i rischi e progettare strategie di ingresso o di espansione.<\/p>\n\n\n\n<h2 class=\"wp-block-heading\" id=\"what-kind-of-services-does-a-caribbean-management-consulting-company-provide\">Che tipo di servizi fornisce una societ\u00e0 di consulenza gestionale dei Caraibi?<\/h2>\n\n\n\n<p>I servizi di una societ\u00e0 di consulenza gestionale caraibica sono diversi e comprendono vari aspetti delle operazioni aziendali, della strategia e della gestione. L\u2019obiettivo \u00e8 fornire soluzioni complete e su misura che rispondano alle esigenze e alle sfide specifiche dell\u2019operare nell\u2019ambiente imprenditoriale dei Caraibi.<\/p>\n\n\n\n<p><\/p>\n\n\n\n<!DOCTYPE html>\n<html lang=\"en\">\n<head>\n    <meta charset=\"UTF-8\">\n    <meta name=\"viewport\" content=\"width=device-width, initial-scale=1.0\">\n    <title>Caribbean Economic &#038; Investment Indicators<\/title>\n    <style>\n        \/* Responsive Table & SIS International-inspired Styling\n          - Uses a corporate blue and clean, sans-serif fonts.\n          - Fully responsive with horizontal scroll on small screens to prevent page distortion.\n        *\/\n        \n        .sis-table-container {\n            font-family: -apple-system, BlinkMacSystemFont, \"Segoe UI\", Roboto, Helvetica, Arial, sans-serif;\n            margin: 2em 0;\n            width: 100%;\n            \/* Allows horizontal scroll on small screens *\/\n            overflow-x: auto;\n            -webkit-overflow-scrolling: touch; \/* Smooth scrolling on iOS *\/\n        }\n\n        .sis-table-container h3 {\n            font-size: 1.5rem; \/* 24px *\/\n            font-weight: 600;\n            color: #333;\n            margin-bottom: 0.75em;\n            padding: 0;\n        }\n\n        .sis-table {\n            width: 100%;\n            border-collapse: collapse;\n            min-width: 600px; \/* Ensures layout preservation, container scrolls if needed *\/\n        }\n\n        .sis-table th,\n        .sis-table td {\n            padding: 12px 15px;\n            text-align: left;\n            line-height: 1.5;\n             \/* Prevent line breaks within cells *\/\n            white-space: nowrap;\n        }\n\n        \/* Header Styling *\/\n        .sis-table thead th {\n            background-color: #005cbf; \/* SIS corporate blue *\/\n            color: #ffffff;\n            font-weight: 600;\n            font-size: 0.9rem; \/* 14.4px *\/\n            text-transform: uppercase;\n            letter-spacing: 0.5px;\n        }\n\n        \/* Body Styling *\/\n        .sis-table tbody tr {\n            border-bottom: 1px solid #ddd;\n        }\n\n        .sis-table tbody tr:nth-of-type(even) {\n            background-color: #f8f8f8; \/* Light gray alternate rows *\/\n        }\n\n        .sis-table tbody tr:last-of-type {\n            border-bottom: 2px solid #005cbf; \/* Match header blue *\/\n        }\n\n        .sis-table td {\n            color: #444;\n            font-size: 0.95rem; \/* 15.2px *\/\n        }\n        \n        \/* Right-align numerical data *\/\n        .sis-table td:nth-child(2),\n        .sis-table td:nth-child(3) {\n            text-align: right;\n        }\n         .sis-table th:nth-child(2),\n         .sis-table th:nth-child(3) {\n            text-align: right;\n        }\n\n\n        .sis-table-container .source-caption {\n            margin-top: 10px;\n            font-size: 0.85rem; \/* 13.6px *\/\n            color: #555;\n            font-style: italic;\n        }\n\n        .sis-table-container .source-caption a {\n            color: #005cbf; \/* Match brand blue *\/\n            text-decoration: none;\n        }\n\n        .sis-table-container .source-caption a:hover {\n            text-decoration: underline;\n        }\n    <\/style>\n<\/head>\n<body>\n\n    <!-- \n      HTML for WordPress:\n      Copy and paste the code from .sis-table-container start to end into a Custom HTML block.\n    -->\n    <div class=\"sis-table-container\">\n        \n        <h3>Caribbean Economic Growth &#038; Investment Indicators<\/h3>\n\n        <table class=\"sis-table\">\n            <thead>\n                <tr>\n                    <th>Country<\/th>\n                    <th>Recent GDP Growth (Annual %)<\/th>\n                    <th>FDI, Net Inflows (% of GDP)<\/th> \n                <\/tr>\n            <\/thead>\n            <tbody>\n                <tr>\n                    <td>Dominican Republic<\/td>\n                    <td>2.4%<\/td>\n                    <td>3.5%<\/td>\n                <\/tr>\n                <tr>\n                    <td>Giamaica<\/td>\n                    <td>1.9%<\/td>\n                    <td>4.1%<\/td>\n                <\/tr>\n                <tr>\n                    <td>The Bahamas<\/td>\n                    <td>4.3%<\/td>\n                    <td>3.9%<\/td>\n                <\/tr>\n                 <tr>\n                    <td><a href=\"https:\/\/www.sisinternational.com\/it\/copertura\/le-americhe\/ricerche-di-mercato-nei-caraibi\/ricerche-di-mercato-trinidad-tobago\/\" title=\"Ricerche di mercato a Trinidad e Tobago\"  data-wpil-monitor-id=\"6208\">Trinidad and Tobago<\/a><\/td>\n                    <td>2.1%<\/td>\n                    <td>2.8%<\/td>\n                <\/tr>\n                 <tr>\n                    <td>Barbados<\/td>\n                    <td>4.4%<\/td>\n                    <td>3.1%<\/td>\n                <\/tr>\n            <\/tbody>\n        <\/table>\n\n        <p class=\"source-caption\">\n             Note: Data reflects figures for 2023. Source: <a href=\"https:\/\/data.worldbank.org\/indicator\/\" target=\"_blank\" rel=\"noopener noreferrer\">World Bank Data<\/a> (Indicators: NY.GDP.MKTP.KD.ZG, BX.KLT.DINV.WD.GD.ZS), accessed October 2025.\n        <\/p>\n\n    <\/div>\n\n<\/body>\n<\/html>\n\n\n\n\n<p><\/p>\n\n\n\n<h3 class=\"wp-block-heading\">Ecco alcuni servizi chiave offerti da queste aziende:<\/h3>\n\n\n\n<ul class=\"wp-block-list\">\n<li><strong>Sviluppo della strategia aziendale:<\/strong> Questo servizio prevede la creazione di solide strategie aziendali in linea con gli obiettivi dell&#039;azienda e le realt\u00e0 del mercato caraibico. Pu\u00f2 comportare analisi competitiva, segmentazione del mercato, strategie di crescita e pianificazione di contingenza volti a sfruttare le opportunit\u00e0 e le sfide del mercato specifico a cui l\u2019azienda si rivolge.<\/li>\n\n\n\n<li><strong>Miglioramenti dell&#039;efficienza operativa:<\/strong> Una societ\u00e0 di consulenza gestionale caraibica assiste le aziende nella razionalizzazione delle loro operazioni per aumentare l&#039;efficienza e la produttivit\u00e0 sulla base di una conoscenza approfondita della cultura locale e delle preferenze dei consumatori. Ci\u00f2 pu\u00f2 includere la riprogettazione dei processi, la gestione della catena di fornitura, strategie di riduzione dei costi e misure di controllo della qualit\u00e0 nel rispetto di tutte le normative locali.<\/li>\n\n\n\n<li><strong>Gestione delle risorse umane:<\/strong> Una societ\u00e0 di consulenza gestionale dei Caraibi fornisce strategie per un&#039;efficace gestione delle risorse umane, riconoscendo che i mercati dei Caraibi sono molto pi\u00f9 piccoli di quanto offerto nei principali mercati del mondo. Ecco perch\u00e9 sono necessarie competenze e know-how specializzati per ottenere talenti specializzati in grado di adattarsi alla forza lavoro globale.<\/li>\n\n\n\n<li><strong>Tecnologia e strategia digitale:<\/strong> In un&#039;era di rapida trasformazione digitale, una societ\u00e0 di consulenza gestionale dei Caraibi aiuta le imprese globali a sfruttare la tecnologia per migliorare le proprie operazioni. I servizi possono includere valutazioni della preparazione digitale, strategie di trasformazione digitale, pianificazione dell\u2019infrastruttura IT e misure di sicurezza informatica.<\/li>\n\n\n\n<li><strong>Gestione del rischio:<\/strong> Data la volatilit\u00e0 del contesto economico globale, le societ\u00e0 di consulenza gestionale caraibica forniscono servizi di identificazione, valutazione e strategie di mitigazione del rischio. Ci\u00f2 comprende vari tipi di rischi, inclusi quelli finanziari, operativi, politici e reputazionali. Garantisce inoltre che le strategie adottate siano sostenibili a lungo termine e possano superare le sfide che si presentano nei mercati dei Caraibi.<\/li>\n\n\n\n<li><strong>Conformit\u00e0 normativa:<\/strong> Date le diverse normative nelle nazioni caraibiche, queste societ\u00e0 di consulenza assistono le aziende nel garantire la conformit\u00e0, mitigando cos\u00ec i rischi legali.<\/li>\n<\/ul>\n\n\n\n<h2 class=\"wp-block-heading\" id=\"leveraging-opportunities-in-the-caribbean\">Sfruttare le opportunit\u00e0 nei Caraibi<\/h2>\n\n\n\n<ul class=\"wp-block-list\">\n<li><strong>Turismo e Ospitalit\u00e0:<\/strong> La bellezza naturale e la ricchezza culturale dei Caraibi ne fanno una destinazione turistica privilegiata. Le nuove tendenze come l\u2019ecoturismo, il turismo culturale e il turismo del benessere offrono opportunit\u00e0 di diversificazione e innovazione in questo settore, di cui molte aziende globali possono trarre vantaggio per diversificare le proprie attivit\u00e0 nei Caraibi.<\/li>\n\n\n\n<li><strong>Servizi finanziari:<\/strong> Molti paesi dei Caraibi sono ampiamente riconosciuti come importanti centri finanziari offshore. Le aziende che desiderano esplorare questo settore complesso possono trarre vantaggio dall\u2019esperienza specifica del settore di una societ\u00e0 di consulenza gestionale dei Caraibi, soprattutto in mercati come le Isole Vergini o le Bahamas che hanno normative finanziarie favorevoli per gli investitori offshore.<\/li>\n\n\n\n<li><strong>Trasformazione digitale:<\/strong> I Caraibi stanno vivendo un\u2019impennata della trasformazione digitale in vari settori, dall\u2019e-commerce e fintech all\u2019assistenza sanitaria digitale e al lavoro a distanza. Questo cambiamento offre alle aziende l\u2019opportunit\u00e0 di innovare, raggiungere nuovi clienti e semplificare le proprie operazioni in una regione con un forte potenziale di crescita.<\/li>\n\n\n\n<li><strong>Energia verde:<\/strong> Con abbondante sole e vento, i Caraibi hanno un vasto potenziale per l\u2019energia rinnovabile. Mentre le tendenze globali si spostano verso la sostenibilit\u00e0, stanno emergendo grandi opportunit\u00e0 per le aziende che operano nel settore dell\u2019energia solare, eolica e di altre tecnologie legate alle energie rinnovabili in un mercato quasi inesplorato.<\/li>\n\n\n\n<li><strong>Agroalimentare:<\/strong> Il clima diversificato e il terreno fertile dei Caraibi lo rendono adatto a una variet\u00e0 di attivit\u00e0 agricole. Esiste potenziale di crescita e innovazione in settori quali l\u2019agricoltura biologica, le colture speciali e la trasformazione agricola.<\/li>\n\n\n\n<li><strong>Produzione ed esportazione:<\/strong> Caribbean countries offer opportunities for manufacturing, particularly in sectors like textiles, food processing, and pharmaceuticals. The proximity to major <a href=\"https:\/\/www.sisinternational.com\/it\/copertura\/ricerche-di-mercato-africane\/ricerche-di-mercato-in-sud-africa\/\" title=\"Ricerche di mercato in Sud Africa\" data-wpil-monitor-id=\"6835\">markets in North and South<\/a> America is an advantage for companies seeking to manufacture products for export at reasonable prices.<\/li>\n<\/ul>\n\n\n\n<h2 class=\"wp-block-heading\" id=\"challenges-of-the-caribbean-markets\">Le sfide dei mercati caraibici<\/h2>\n\n\n\n<figure class=\"gb-block-image gb-block-image-b13420ff\"><img loading=\"lazy\" decoding=\"async\" width=\"1456\" height=\"816\" class=\"gb-image gb-image-b13420ff\" src=\"https:\/\/www.sisinternational.com\/wp-content\/uploads\/2025\/09\/Dutch-Caribbean-5.jpg\" alt=\"Ricerca e strategia di mercato internazionale SIS\" title=\"Dutch Caribbean (5)\" srcset=\"https:\/\/www.sisinternational.com\/wp-content\/uploads\/2025\/09\/Dutch-Caribbean-5.jpg 1456w, https:\/\/www.sisinternational.com\/wp-content\/uploads\/2025\/09\/Dutch-Caribbean-5-300x168.jpg 300w, https:\/\/www.sisinternational.com\/wp-content\/uploads\/2025\/09\/Dutch-Caribbean-5-1024x574.jpg 1024w, https:\/\/www.sisinternational.com\/wp-content\/uploads\/2025\/09\/Dutch-Caribbean-5-768x430.jpg 768w, https:\/\/www.sisinternational.com\/wp-content\/uploads\/2025\/09\/Dutch-Caribbean-5-18x10.jpg 18w\" sizes=\"auto, (max-width: 1456px) 100vw, 1456px\"><\/figure>\n\n\n\n<p><\/p>\n\n\n\n<p>Sebbene i Caraibi detengano un immenso potenziale commerciale, presentano anche una serie unica di sfide che le aziende devono affrontare per avere successo. Una societ\u00e0 di consulenza gestionale dei Caraibi svolge un ruolo cruciale nell&#039;aiutare le aziende ad affrontare queste sfide in modo efficace, come ad esempio:<\/p>\n\n\n\n<ul class=\"wp-block-list\">\n<li><strong>Ambiente regolatorio:<\/strong> I Caraibi comprendono molte nazioni indipendenti, ciascuna con il proprio panorama normativo. Queste societ\u00e0 di consulenza possono guidare le aziende attraverso questa complessa serie di normative, garantendo la conformit\u00e0 e ottimizzando l\u2019efficienza operativa. Ad esempio, possono aiutare a gestire i cambiamenti politici come l\u2019uscita di molte di queste nazioni dal Commonwealth o gestire i cambiamenti politici ed economici che ci\u00f2 comporta, sfruttando tutte le opportunit\u00e0 di investimento che si presentano lungo il percorso.<\/li>\n\n\n\n<li><strong>Logistica e infrastrutture:<\/strong> Infrastrutture e logistica limitate possono rappresentare sfide per le catene di approvvigionamento e le operazioni. La maggior parte di questi mercati mantiene un\u2019infrastruttura sottosviluppata che pu\u00f2 ostacolare le operazioni. Queste societ\u00e0 di consulenza aiutano le aziende a progettare soluzioni e strategie innovative per mitigare queste sfide.<\/li>\n\n\n\n<li><strong>Vulnerabilit\u00e0 climatica:<\/strong> La suscettibilit\u00e0 dei Caraibi ai disastri naturali come gli uragani pu\u00f2 interrompere le operazioni commerciali. Con la pianificazione strategica e la gestione del rischio, queste societ\u00e0 di consulenza aiutano le aziende a costruire piani di resilienza e continuit\u00e0.<\/li>\n\n\n\n<li><strong>Gestione delle risorse umane:<\/strong> Attrarre e trattenere i talenti pu\u00f2 essere difficile in alcune regioni dei Caraibi. Queste aziende forniscono strategie per gestire efficacemente le risorse umane, dall&#039;acquisizione dei talenti allo sviluppo e alla fidelizzazione.<\/li>\n\n\n\n<li><strong>Sostenibilit\u00e0 e CSR:<\/strong> Ci si aspetta sempre pi\u00f9 che le imprese siano socialmente responsabili e sostenibili. In particolare, nei mercati dei Caraibi, dove il tasso di povert\u00e0 \u00e8 elevato e le comunit\u00e0 si aspettano una forte RSI.\u00a0<\/li>\n<\/ul>\n\n\n\n<p><\/p>\n\n\n<h2>La nostra sede a New York<\/h2>\n<p><!-- \/wp:post-content --> <!-- wp:html --> <iframe loading=\"lazy\" src=\"https:\/\/www.google.com\/maps\/embed?pb=!1m18!1m12!1m3!1d3022.976188376966!2d-73.99130312499956!3d40.740549471389315!2m3!1f0!2f0!3f0!3m2!1i1024!2i768!4f13.1!3m3!1m2!1s0x89c259a15798c731%3A0xd695d09bdd495f25!2s11%20E%2022nd%20St%20FL%202%2C%20New%20York%2C%20NY%2010010%2C%20USA!5e0!3m2!1sen!2spe!4v1726171763526!5m2!1sen!2spe\" width=\"600\" height=\"450\" allowfullscreen=\"allowfullscreen\" data-mce-fragment=\"1\"><\/iframe> <!-- \/wp:html --> <!-- wp:paragraph --><\/p>\n<h3 class=\"wp-block-heading\">11 E 22nd Street, Piano 2, New York, NY 10010 T: +1(212) 505-6805<\/h3>\n<hr \/>\n<h2><span style=\"font-weight: 400;\">A proposito di SIS Internazionale<\/span><\/h2>\n<p><a href=\"https:\/\/www.sisinternational.com\/it\/\"><span style=\"font-weight: 400;\">SIS Internazionale<\/span><\/a><span style=\"font-weight: 400;\"> offre ricerca quantitativa, qualitativa e strategica. Forniamo dati, strumenti, strategie, report e approfondimenti per il processo decisionale. Conduciamo anche interviste, sondaggi, focus group e altri metodi e approcci di ricerca di mercato.<\/span><a href=\"https:\/\/www.sisinternational.com\/it\/sulla-sua-ricerca-internazionale\/contact-sis-international-market-research\/\"><span style=\"font-weight: 400;\"> Contattaci<\/span><\/a><span style=\"font-weight: 400;\"> per il tuo prossimo progetto di ricerca di mercato.<\/span><\/p>\n<p><!-- wp:heading --><\/p>\n<h2 id=\"about-sis-international\" class=\"wp-block-heading\">\u00a0<\/h2><!-- \/wp:heading -->","protected":false},"excerpt":{"rendered":"<p>Una societ\u00e0 di consulenza gestionale dei Caraibi offre strategie, operazioni, tecnologia e guida digitale su misura per aiutare le imprese regionali.<\/p>","protected":false},"author":1,"featured_media":66256,"parent":33287,"menu_order":23,"comment_status":"closed","ping_status":"closed","template":"","meta":{"footnotes":""},"class_list":["post-42893","page","type-page","status-publish","has-post-thumbnail"],"_links":{"self":[{"href":"https:\/\/www.sisinternational.com\/it\/wp-json\/wp\/v2\/pages\/42893","targetHints":{"allow":["GET"]}}],"collection":[{"href":"https:\/\/www.sisinternational.com\/it\/wp-json\/wp\/v2\/pages"}],"about":[{"href":"https:\/\/www.sisinternational.com\/it\/wp-json\/wp\/v2\/types\/page"}],"author":[{"embeddable":true,"href":"https:\/\/www.sisinternational.com\/it\/wp-json\/wp\/v2\/users\/1"}],"replies":[{"embeddable":true,"href":"https:\/\/www.sisinternational.com\/it\/wp-json\/wp\/v2\/comments?post=42893"}],"version-history":[{"count":8,"href":"https:\/\/www.sisinternational.com\/it\/wp-json\/wp\/v2\/pages\/42893\/revisions"}],"predecessor-version":[{"id":80411,"href":"https:\/\/www.sisinternational.com\/it\/wp-json\/wp\/v2\/pages\/42893\/revisions\/80411"}],"up":[{"embeddable":true,"href":"https:\/\/www.sisinternational.com\/it\/wp-json\/wp\/v2\/pages\/33287"}],"wp:featuredmedia":[{"embeddable":true,"href":"https:\/\/www.sisinternational.com\/it\/wp-json\/wp\/v2\/media\/66256"}],"wp:attachment":[{"href":"https:\/\/www.sisinternational.com\/it\/wp-json\/wp\/v2\/media?parent=42893"}],"curies":[{"name":"wp","href":"https:\/\/api.w.org\/{rel}","templated":true}]}}