{"id":42840,"date":"2023-05-08T13:58:14","date_gmt":"2023-05-08T17:58:14","guid":{"rendered":"https:\/\/www.sisinternational.com\/?page_id=42840"},"modified":"2026-01-26T18:50:41","modified_gmt":"2026-01-26T23:50:41","slug":"ricerche-di-mercato-sui-gamberetti","status":"publish","type":"page","link":"https:\/\/www.sisinternational.com\/it\/competenza\/ricerche-di-mercato-sui-gamberetti\/","title":{"rendered":"Ricerche di mercato sui gamberetti"},"content":{"rendered":"<h1 class=\"wp-block-heading\">Ricerche di mercato sui gamberetti<\/h1>\n\n\n\n<figure class=\"gb-block-image gb-block-image-81e2307a\"><img loading=\"lazy\" decoding=\"async\" width=\"1456\" height=\"816\" class=\"gb-image gb-image-81e2307a\" src=\"https:\/\/www.sisinternational.com\/wp-content\/uploads\/2025\/08\/Shrimp-9.jpg\" alt=\"Ricerca e strategia di mercato internazionale SIS\" title=\"Shrimp (9)\" srcset=\"https:\/\/www.sisinternational.com\/wp-content\/uploads\/2025\/08\/Shrimp-9.jpg 1456w, https:\/\/www.sisinternational.com\/wp-content\/uploads\/2025\/08\/Shrimp-9-300x168.jpg 300w, https:\/\/www.sisinternational.com\/wp-content\/uploads\/2025\/08\/Shrimp-9-1024x574.jpg 1024w, https:\/\/www.sisinternational.com\/wp-content\/uploads\/2025\/08\/Shrimp-9-768x430.jpg 768w, https:\/\/www.sisinternational.com\/wp-content\/uploads\/2025\/08\/Shrimp-9-18x10.jpg 18w\" sizes=\"auto, (max-width: 1456px) 100vw, 1456px\"><\/figure>\n\n\n\n<p><\/p>\n\n\n\n<p>La ricerca di mercato sui gamberetti esamina in modo approfondito la domanda di mercato e le dinamiche di offerta del settore dei gamberetti, il comportamento dei consumatori, i sistemi di produzione e distribuzione, il panorama competitivo e il contesto normativo. Lo studio mira a raccogliere dati e strategie nella ricerca di mercato dei gamberetti che aiuteranno le aziende a prendere decisioni informate su marketing, sviluppo del prodotto, strategie di prezzo e pianificazione aziendale complessiva nel settore dei gamberetti. Questa ricerca pu\u00f2 essere condotta utilizzando una variet\u00e0 di metodologie, tra cui sondaggi, interviste e analisi di dati di fonti secondarie.<\/p>\n\n\n\n<h2 class=\"wp-block-heading\">Panoramica di mercato<\/h2>\n\n\n\n<p>Shrimp is a famous shellfish in high demand worldwide due to its exquisite flavor and nutritional content. As a result, the shrimp market is a thriving industry that will continue to expand in the following years. Market research provides insights into factors driving the shrimp market include rising consumer health awareness, increased seafood demand, and expansion of aquaculture. The Asia-Pacific area leads the shrimp industry, with key producers and exporters including China, Thailand, and Indonesia. Other regions with significant market shares in the <a href=\"https:\/\/www.sisinternational.com\/it\/copertura\/europa\/ricerche-di-mercato-maglia-europa\/\" title=\"Ricerche di mercato a Jersey, Europa\"  data-wpil-monitor-id=\"7076\">shrimp<\/a> industry include North America and Europe.<\/p>\n\n\n\n<h2 class=\"wp-block-heading\">Segmenti di ricerche di mercato<\/h2>\n\n\n\n<h3 class=\"wp-block-heading\">I gamberetti sono classificati in numerose categorie nell&#039;industria dei gamberetti in base alle dimensioni, alla specie e alla lavorazione. Di seguito sono riportati alcuni dei tipi pi\u00f9 diffusi di gamberetti:<\/h3>\n\n\n\n<ul class=\"wp-block-list\">\n<li>I gamberetti sono classificati a seconda che siano catturati in acqua dolce o salata.<\/li>\n\n\n\n<li>I gamberetti possono essere catturati in natura o coltivati nelle fattorie e vengono classificati in base al metodo di produzione.<\/li>\n\n\n\n<li>A seconda delle preferenze dei consumatori e della domanda del mercato, i gamberetti possono essere offerti con o senza testa.<\/li>\n\n\n\n<li>I gamberetti possono essere commercializzati crudi o cotti e vengono generalmente lavorati e confezionati in modo diverso a seconda del metodo.<\/li>\n\n\n\n<li>A seconda delle preferenze dei consumatori e della domanda del mercato, i gamberetti possono essere offerti con o senza guscio.<\/li>\n\n\n\n<li>I gamberetti sono anche classificati in base alle loro dimensioni, dove i gamberetti giganti sono i pi\u00f9 grandi e i gamberetti piccoli i pi\u00f9 piccoli.<\/li>\n<\/ul>\n\n\n\n<h2 class=\"wp-block-heading\">Driver di mercato nell\u2019industria dei gamberetti<\/h2>\n\n\n\n<figure class=\"gb-block-image gb-block-image-4b435443\"><img loading=\"lazy\" decoding=\"async\" width=\"1456\" height=\"816\" class=\"gb-image gb-image-4b435443\" src=\"https:\/\/www.sisinternational.com\/wp-content\/uploads\/2025\/08\/Shrimp-2.jpg\" alt=\"Ricerca e strategia di mercato internazionale SIS\" title=\"Shrimp (2)\" srcset=\"https:\/\/www.sisinternational.com\/wp-content\/uploads\/2025\/08\/Shrimp-2.jpg 1456w, https:\/\/www.sisinternational.com\/wp-content\/uploads\/2025\/08\/Shrimp-2-300x168.jpg 300w, https:\/\/www.sisinternational.com\/wp-content\/uploads\/2025\/08\/Shrimp-2-1024x574.jpg 1024w, https:\/\/www.sisinternational.com\/wp-content\/uploads\/2025\/08\/Shrimp-2-768x430.jpg 768w, https:\/\/www.sisinternational.com\/wp-content\/uploads\/2025\/08\/Shrimp-2-18x10.jpg 18w\" sizes=\"auto, (max-width: 1456px) 100vw, 1456px\"><\/figure>\n\n\n\n<p><\/p>\n\n\n\n<h3 class=\"wp-block-heading\">Diversi fattori influenzano l\u2019offerta e la domanda nel settore dei gamberetti. Tra i driver del mercato ci sono:<\/h3>\n\n\n\n<ul class=\"wp-block-list\">\n<li><strong>Benefici alla salute -<\/strong> I gamberetti sono uno spuntino ipocalorico e ricco di proteine con minerali come vitamina D, selenio e acidi grassi omega-3. Di conseguenza, \u00e8 considerato un alimento nutriente che piace ai consumatori attenti alla salute.<\/li>\n\n\n\n<li><strong>Domanda in aumento \u2013<\/strong> La domanda \u00e8 in aumento. La crescita della popolazione, l\u2019aumento dei livelli di reddito e il cambiamento dei gusti culinari guidano la domanda globale di gamberetti.<\/li>\n\n\n\n<li><strong>Industria dell\u2019acquacoltura \u2013<\/strong> L\u2019acquacoltura \u00e8 un settore in crescita. La produzione di gamberetti \u00e8 aumentata con la crescita del business dell\u2019acquacoltura, rendendola pi\u00f9 ampiamente disponibile e conveniente per i clienti.<\/li>\n\n\n\n<li><strong>Sostenibilit\u00e0 \u2013<\/strong> L\u2019industria dei gamberetti sta diventando pi\u00f9 rispettosa dell\u2019ambiente, con le aziende che utilizzano metodi di approvvigionamento responsabile, tracciabilit\u00e0 e minimizzazione dei rifiuti.<\/li>\n<\/ul>\n\n\n\n<p>Man mano che il settore si evolve, le aziende devono rimanere aggiornate sulle ultime tendenze e sviluppi per rimanere competitive.<\/p>\n\n\n\n<h2 class=\"wp-block-heading\">Conduzione di ricerche di mercato sui gamberetti<\/h2>\n\n\n\n<h3 class=\"wp-block-heading\">Esistono due approcci per la raccolta di dati e strategie nella ricerca di mercato sui gamberetti: metodi di ricerca quantitativi e qualitativi.<\/h3>\n\n\n\n<p>La ricerca quantitativa \u00e8 un approccio organizzato e oggettivo che analizza tendenze, modelli e relazioni utilizzando dati statistici e numerici. Sondaggi, sondaggi e analisi statistiche sono comunemente utilizzati per misurare e quantificare il comportamento, le opinioni e le preferenze dei clienti. Un metodo di ricerca quantitativa, ad esempio, pu\u00f2 essere utilizzato per valutare le dimensioni del mercato dei gamberetti, definire il segmento di mercato target o valutare la soddisfazione del cliente con gli articoli a base di gamberetti.<\/p>\n\n\n\n<p>Al contrario, la ricerca qualitativa \u00e8 una strategia soggettiva ed esplorativa che utilizza dati non numerici per ottenere informazioni e comprendere il comportamento dei clienti. Focus group, interviste e osservazioni sono approcci comuni per raccogliere informazioni dettagliate sulle percezioni, gli atteggiamenti e le esperienze dei consumatori. Un metodo di ricerca qualitativa, ad esempio, pu\u00f2 essere utilizzato per indagare perch\u00e9 i clienti preferiscono determinati prodotti a base di gamberetti, comprendere il valore culturale dei gamberetti in un mercato specifico o identificare gli ostacoli all\u2019accettazione di nuovi prodotti a base di gamberetti.<\/p>\n\n\n\n<p>To acquire a full insight into the market, both quantitative and qualitative research methodologies can be used when doing <a href=\"https:\/\/www.sisinternational.com\/it\/copertura\/ricerche-di-mercato-asiatiche\/ricerche-di-mercato-a-timor\/\" title=\"Ricerche di mercato a Timor\"  data-wpil-monitor-id=\"4733\">shrimp<\/a> market research. A quantitative research approach, for example, can be used to gather numerical data on the size of the shrimp market, whilst a qualitative research method can be used to get insights into customer attitudes and preferences regarding shrimp products. Online surveys or market reports are further instances of quantitative <a href=\"https:\/\/www.sisinternational.com\/it\/competenza\/industrie\/ricerche-di-mercato-nel-metaverso\/\" title=\"Ricerche di mercato sul Metaverso\"  data-wpil-monitor-id=\"4759\">ricerca<\/a> methods in shrimp market research, whereas focus groups or in-depth interviews with shrimp industry specialists are examples of qualitative research methods.<\/p>\n\n\n\n<h2 class=\"wp-block-heading\">Benefici<\/h2>\n\n\n\n<figure class=\"gb-block-image gb-block-image-86abf324\"><img loading=\"lazy\" decoding=\"async\" width=\"1456\" height=\"816\" class=\"gb-image gb-image-86abf324\" src=\"https:\/\/www.sisinternational.com\/wp-content\/uploads\/2025\/08\/Shrimp-3.jpg\" alt=\"Ricerca e strategia di mercato internazionale SIS\" title=\"Shrimp (3)\" srcset=\"https:\/\/www.sisinternational.com\/wp-content\/uploads\/2025\/08\/Shrimp-3.jpg 1456w, https:\/\/www.sisinternational.com\/wp-content\/uploads\/2025\/08\/Shrimp-3-300x168.jpg 300w, https:\/\/www.sisinternational.com\/wp-content\/uploads\/2025\/08\/Shrimp-3-1024x574.jpg 1024w, https:\/\/www.sisinternational.com\/wp-content\/uploads\/2025\/08\/Shrimp-3-768x430.jpg 768w, https:\/\/www.sisinternational.com\/wp-content\/uploads\/2025\/08\/Shrimp-3-18x10.jpg 18w\" sizes=\"auto, (max-width: 1456px) 100vw, 1456px\"><\/figure>\n\n\n\n<p><\/p>\n\n\n\n<p>La ricerca di mercato \u00e8 uno strumento essenziale per le imprese del settore dei gamberetti. Ecco i motivi per cui qualsiasi attore importante o interessato a far parte del mercato dei gamberetti dovrebbe condurre ricerche di mercato:<\/p>\n\n\n\n<ul class=\"wp-block-list\">\n<li>Identificare le dimensioni del mercato e il potenziale di crescita. La ricerca di mercato sui gamberetti pu\u00f2 aiutare le aziende a comprendere le dimensioni del mercato, il potenziale di crescita e i fattori chiave che guidano o ostacolano la crescita.<\/li>\n\n\n\n<li>Riconoscere il comportamento e le preferenze dei consumatori. Le ricerche di mercato forniscono approfondimenti sugli atteggiamenti, i comportamenti e le preferenze dei consumatori per i prodotti a base di gamberetti, consentendo alle aziende di personalizzare la propria offerta per soddisfare le esigenze e i desideri dei propri clienti.<\/li>\n\n\n\n<li>Recognize and capitalize on market trends and opportunities. Businesses may remain ahead of their competitors and capitalize on new <a href=\"https:\/\/www.sisinternational.com\/it\/competenza\/industrie\/ricerche-di-mercato-sul-butano\/\" title=\"Ricerche di mercato sul butano\"  data-wpil-monitor-id=\"3041\">market niches by researching<\/a> market trends and recognizing emerging possibilities.<\/li>\n\n\n\n<li>Esaminare la competitivit\u00e0 del mercato. La ricerca di mercato pu\u00f2 aiutare le aziende a comprendere i punti di forza, i punti deboli e i piani dei concorrenti, nonch\u00e9 a progettare strategie di marketing e branding efficaci per differenziarsi.<\/li>\n\n\n\n<li>Dovrebbero essere valutate le tecniche di prezzo e di promozione. Le aziende possono trovare le tattiche di prezzo e le attivit\u00e0 promozionali pi\u00f9 efficaci per massimizzare le entrate e la redditivit\u00e0 ricercando metodi di prezzo e promozione.<\/li>\n\n\n\n<li>Creare prodotti e servizi innovativi. Le ricerche di mercato forniscono informazioni sulle esigenze e preferenze dei consumatori, consentendo alle aziende di sviluppare nuovi prodotti e servizi che si adattino alle mutevoli esigenze dei propri clienti.<\/li>\n\n\n\n<li>Determinare i canali di distribuzione. Le ricerche di mercato possono aiutare le aziende a determinare i metodi di distribuzione di maggior successo per i loro prodotti, come negozi online o fisici, grossisti o canali diretti al consumatore.<\/li>\n\n\n\n<li>Pianificare l&#039;espansione futura. Le aziende possono pianificare la crescita futura, prendere decisioni di investimento consapevoli e stabilire strategie strategiche a lungo termine analizzando le dinamiche e le tendenze del mercato.<\/li>\n<\/ul>\n\n\n\n<h2 class=\"wp-block-heading\">Informazioni sulle ricerche di mercato sui gamberetti<\/h2>\n\n\n\n<p>Shrimp market research is the act of collecting and evaluating data and strategies in shrimp market research in order to get insights into market trends, customer behavior, and competition. Surveys, focus groups, and data analysis are examples of quantitative and qualitative research methodologies. Shrimp market research is done&nbsp;to assist businesses in making informed decisions based on trustworthy data, identifying new opportunities, and remaining competitive in the industry. Businesses may build efficient marketing and branding strategies, introduce new products and services, and plan for future growth by investing in shrimp market research.<\/p>","protected":false},"excerpt":{"rendered":"<p>La ricerca di mercato dei gamberetti analizza la domanda e l&#039;offerta del settore, il comportamento dei consumatori, la produzione, la distribuzione, la concorrenza e le normative.<\/p>","protected":false},"author":1,"featured_media":64538,"parent":14514,"menu_order":314,"comment_status":"closed","ping_status":"closed","template":"","meta":{"footnotes":""},"class_list":["post-42840","page","type-page","status-publish","has-post-thumbnail"],"_links":{"self":[{"href":"https:\/\/www.sisinternational.com\/it\/wp-json\/wp\/v2\/pages\/42840","targetHints":{"allow":["GET"]}}],"collection":[{"href":"https:\/\/www.sisinternational.com\/it\/wp-json\/wp\/v2\/pages"}],"about":[{"href":"https:\/\/www.sisinternational.com\/it\/wp-json\/wp\/v2\/types\/page"}],"author":[{"embeddable":true,"href":"https:\/\/www.sisinternational.com\/it\/wp-json\/wp\/v2\/users\/1"}],"replies":[{"embeddable":true,"href":"https:\/\/www.sisinternational.com\/it\/wp-json\/wp\/v2\/comments?post=42840"}],"version-history":[{"count":8,"href":"https:\/\/www.sisinternational.com\/it\/wp-json\/wp\/v2\/pages\/42840\/revisions"}],"predecessor-version":[{"id":80639,"href":"https:\/\/www.sisinternational.com\/it\/wp-json\/wp\/v2\/pages\/42840\/revisions\/80639"}],"up":[{"embeddable":true,"href":"https:\/\/www.sisinternational.com\/it\/wp-json\/wp\/v2\/pages\/14514"}],"wp:featuredmedia":[{"embeddable":true,"href":"https:\/\/www.sisinternational.com\/it\/wp-json\/wp\/v2\/media\/64538"}],"wp:attachment":[{"href":"https:\/\/www.sisinternational.com\/it\/wp-json\/wp\/v2\/media?parent=42840"}],"curies":[{"name":"wp","href":"https:\/\/api.w.org\/{rel}","templated":true}]}}