{"id":42833,"date":"2023-05-08T12:54:20","date_gmt":"2023-05-08T16:54:20","guid":{"rendered":"https:\/\/www.sisinternational.com\/?page_id=42833"},"modified":"2026-01-27T15:25:52","modified_gmt":"2026-01-27T20:25:52","slug":"ricerche-di-mercato-sul-pollo-fritto","status":"publish","type":"page","link":"https:\/\/www.sisinternational.com\/it\/competenza\/ricerche-di-mercato-sul-pollo-fritto\/","title":{"rendered":"Ricerche di mercato sul pollo fritto"},"content":{"rendered":"<h1 class=\"wp-block-heading\">Ricerche di mercato sul pollo fritto<\/h1>\n\n\n\n<figure class=\"gb-block-image gb-block-image-448d0dfe\"><img loading=\"lazy\" decoding=\"async\" width=\"1456\" height=\"816\" class=\"gb-image gb-image-448d0dfe\" src=\"https:\/\/www.sisinternational.com\/wp-content\/uploads\/2025\/08\/Fried-chicken-2.jpg\" alt=\"Ricerca e strategia di mercato internazionale SIS\" title=\"Fried chicken (2)\" srcset=\"https:\/\/www.sisinternational.com\/wp-content\/uploads\/2025\/08\/Fried-chicken-2.jpg 1456w, https:\/\/www.sisinternational.com\/wp-content\/uploads\/2025\/08\/Fried-chicken-2-300x168.jpg 300w, https:\/\/www.sisinternational.com\/wp-content\/uploads\/2025\/08\/Fried-chicken-2-1024x574.jpg 1024w, https:\/\/www.sisinternational.com\/wp-content\/uploads\/2025\/08\/Fried-chicken-2-768x430.jpg 768w, https:\/\/www.sisinternational.com\/wp-content\/uploads\/2025\/08\/Fried-chicken-2-18x10.jpg 18w\" sizes=\"auto, (max-width: 1456px) 100vw, 1456px\"><\/figure>\n\n\n\n<p><\/p>\n\n\n\n<p>La ricerca di mercato del pollo fritto \u00e8 un particolare tipo di ricerca di mercato che cerca di raccogliere dati e approfondimenti sulle preferenze, abitudini e tendenze dei clienti nel mercato del pollo fritto al fine di guidare le decisioni aziendali sullo sviluppo del prodotto, sulle strategie di marketing e sul posizionamento generale del mercato.<\/p>\n\n\n\n<p>Il pollo fritto \u00e8 un piatto popolare apprezzato da molte persone da generazioni. \u00c8 un piatto che pu\u00f2 essere trovato nei ristoranti, nelle catene di fast food e persino nelle cucine domestiche. Il mercato del pollo fritto ha registrato un\u2019enorme crescita negli ultimi anni, con i consumatori che richiedono pi\u00f9 opzioni e variet\u00e0 di pollo fritto. Il mercato del pollo fritto ha anche beneficiato della popolarit\u00e0 delle catene di fast food e della comodit\u00e0 che offrono.<\/p>\n\n\n\n<h2 class=\"wp-block-heading\">Segmento di mercato<\/h2>\n\n\n\n<p>Il mercato del pollo fritto pu\u00f2 essere segmentato in base al tipo di prodotto, al canale di distribuzione e alla regione. In base al tipo di prodotto, il mercato pu\u00f2 essere classificato come ricetta originale, piccante e piccante e altri. La ricetta originale \u00e8 il tipo pi\u00f9 popolare di pollo fritto. Il pollo piccante e piccante \u00e8 il secondo tipo di pollo fritto pi\u00f9 popolare.<\/p>\n\n\n\n<p>In base al canale di distribuzione, il mercato del pollo fritto pu\u00f2 essere classificato come ristoranti a servizio rapido (QSR), ristoranti a servizio completo e altri. I fast food rappresentano la quota maggiore del mercato, seguiti dai ristoranti a servizio completo.<\/p>\n\n\n\n<p><strong>Offerte di prodotti<\/strong><\/p>\n\n\n\n<p>Il mercato del pollo fritto offre una variet\u00e0 di prodotti, tra cui ali di pollo, bocconcini di pollo, sandwich di pollo e altri. Le ali di pollo sono il prodotto pi\u00f9 popolare, seguite dai bocconcini di pollo. Anche i panini con pollo fritto stanno guadagnando popolarit\u00e0, con molte catene di fast food che introducono panini nuovi e innovativi nei loro menu.<\/p>\n\n\n\n<h2 class=\"wp-block-heading\">Driver del settore delle ricerche di mercato di pollo fritto<\/h2>\n\n\n\n<figure class=\"gb-block-image gb-block-image-c2d4c4fe\"><img loading=\"lazy\" decoding=\"async\" width=\"1456\" height=\"816\" class=\"gb-image gb-image-c2d4c4fe\" src=\"https:\/\/www.sisinternational.com\/wp-content\/uploads\/2025\/08\/Fried-chicken-4.jpg\" alt=\"Ricerca e strategia di mercato internazionale SIS\" title=\"Fried chicken (4)\" srcset=\"https:\/\/www.sisinternational.com\/wp-content\/uploads\/2025\/08\/Fried-chicken-4.jpg 1456w, https:\/\/www.sisinternational.com\/wp-content\/uploads\/2025\/08\/Fried-chicken-4-300x168.jpg 300w, https:\/\/www.sisinternational.com\/wp-content\/uploads\/2025\/08\/Fried-chicken-4-1024x574.jpg 1024w, https:\/\/www.sisinternational.com\/wp-content\/uploads\/2025\/08\/Fried-chicken-4-768x430.jpg 768w, https:\/\/www.sisinternational.com\/wp-content\/uploads\/2025\/08\/Fried-chicken-4-18x10.jpg 18w\" sizes=\"auto, (max-width: 1456px) 100vw, 1456px\"><\/figure>\n\n\n\n<p><\/p>\n\n\n\n<h3 class=\"wp-block-heading\">La ricerca di mercato del pollo fritto fornisce approfondimenti sui numerosi fattori che stanno influenzando la crescita del settore. Questi includono quanto segue:<\/h3>\n\n\n\n<ul class=\"wp-block-list\">\n<li>I consumatori sono alla ricerca di cibi pi\u00f9 convenienti e facili da mangiare e il pollo fritto soddisfa questa esigenza.<\/li>\n\n\n\n<li>Con l\u2019aumento del reddito disponibile, i consumatori sono disposti a spendere di pi\u00f9 per il cibo, e questo ha portato alla crescita del mercato del pollo fritto.<\/li>\n\n\n\n<li>Il mercato del pollo fritto \u00e8 altamente competitivo e le aziende innovano costantemente per attirare i consumatori.<\/li>\n\n\n\n<li>Molte catene di fast food hanno introdotto prodotti nuovi e innovativi nei loro menu, come panini al pollo con condimenti e salse unici.<\/li>\n<\/ul>\n\n\n\n<p>Poich\u00e9 il mercato continua a crescere, ci aspettiamo di vedere l\u2019introduzione di prodotti nuovi e innovativi per soddisfare le mutevoli esigenze dei consumatori.<\/p>\n\n\n\n<h2 class=\"wp-block-heading\">Metodologia della ricerca di mercato<\/h2>\n\n\n\n<p><strong>Metodi di ricerca quantitativa<\/strong><\/p>\n\n\n\n<p>Quantitative research is about collecting and analyzing numerical data. This type of research typically involves surveys, experiments, or the analysis of large datasets to identify trends and patterns. Quantitative research is beneficial for <a href=\"https:\/\/www.sisinternational.com\/it\/competenza\/industrie\/ricerche-di-mercato-sulle-tagliatelle\/\" title=\"Ricerche di mercato sulle tagliatelle\"  data-wpil-monitor-id=\"3047\">market<\/a> research as it allows businesses to collect large amounts of data quickly and efficiently, which can help them make data-driven decisions about their product offerings, pricing, and marketing strategies.<\/p>\n\n\n\n<p><strong>Di seguito sono riportati alcuni esempi:<\/strong><\/p>\n\n\n\n<p>Nel mercato del pollo fritto, \u00e8 possibile condurre un sondaggio per comprendere la frequenza di consumo, i marchi preferiti, le preferenze di gusto, la sensibilit\u00e0 ai prezzi e altri fattori che influenzano il processo decisionale dei consumatori. Ad esempio, \u00e8 possibile condurre un sondaggio tra i consumatori di una particolare citt\u00e0 o regione per comprendere i loro modelli di consumo di pollo fritto.<\/p>\n\n\n\n<p>L&#039;analisi dei dati di vendita pu\u00f2 aiutare le aziende a comprendere il volume delle vendite, i ricavi e la redditivit\u00e0 di vari prodotti, marchi e sedi. L&#039;analisi dei dati di vendita pu\u00f2 aiutare le aziende a identificare i prodotti di pollo fritto pi\u00f9 venduti e l&#039;ora del giorno o il giorno della settimana pi\u00f9 popolare per le vendite di pollo fritto.<\/p>\n\n\n\n<p>La ricerca sperimentale pu\u00f2 essere utilizzata per comprendere l\u2019impatto di vari fattori, come il prezzo, l\u2019imballaggio e la pubblicit\u00e0, sul comportamento dei consumatori. \u00c8 possibile condurre un esperimento per comprendere come i consumatori reagiscono alle diverse strategie di prezzo per i prodotti a base di pollo fritto.<\/p>\n\n\n\n<p><strong>Metodi di ricerca qualitativa<\/strong><\/p>\n\n\n\n<p>Qualitative research is a method that involves collecting and analyzing non-numerical data, such as personal experiences, opinions, and attitudes. Qualitative research is beneficial for <a href=\"https:\/\/www.sisinternational.com\/it\/competenza\/industrie\/ricerche-di-mercato-sulle-materie-plastiche\/\" title=\"Ricerche di mercato sulla plastica\"  data-wpil-monitor-id=\"3079\">market<\/a> research as it allows businesses to gain a deeper understanding of consumer preferences and attitudes, which can inform their product development and marketing strategies. Below are some examples:<\/p>\n\n\n\n<ul class=\"wp-block-list\">\n<li>I focus group possono essere utilizzati per comprendere le preferenze, le percezioni e gli atteggiamenti dei consumatori nei confronti dei prodotti a base di pollo fritto. Ad esempio, \u00e8 possibile condurre un focus group per capire perch\u00e9 i consumatori preferiscono determinati tipi di pollo fritto, come quello piccante o quello delicato.<\/li>\n\n\n\n<li>I dati e le strategie nelle ricerche di mercato del pollo fritto possono essere raccolti attraverso le interviste. \u00c8 possibile utilizzare interviste approfondite per comprendere le preferenze dei consumatori abituali di pollo fritto. Queste interviste possono essere condotte con i consumatori che acquistano pollo fritto pi\u00f9 di una volta alla settimana per capire perch\u00e9 scelgono il pollo fritto rispetto ad altri tipi di cibo.<\/li>\n\n\n\n<li>L&#039;osservazione pu\u00f2 essere utilizzata per comprendere come i consumatori interagiscono con i prodotti a base di pollo fritto nei ristoranti o nelle catene di fast food.<\/li>\n\n\n\n<li>L&#039;osservazione pu\u00f2 essere condotta in una catena di fast food per capire come i clienti scelgono i loro prodotti a base di pollo fritto, se preferiscono determinati tipi di salse o contorni e come consumano il loro pollo fritto.<\/li>\n<\/ul>\n\n\n\n<h2 class=\"wp-block-heading\">Benefici<\/h2>\n\n\n\n<figure class=\"gb-block-image gb-block-image-4def258f\"><img loading=\"lazy\" decoding=\"async\" width=\"1456\" height=\"816\" class=\"gb-image gb-image-4def258f\" src=\"https:\/\/www.sisinternational.com\/wp-content\/uploads\/2025\/08\/Fried-chicken-1.jpg\" alt=\"Ricerca e strategia di mercato internazionale SIS\" title=\"Fried chicken (1)\" srcset=\"https:\/\/www.sisinternational.com\/wp-content\/uploads\/2025\/08\/Fried-chicken-1.jpg 1456w, https:\/\/www.sisinternational.com\/wp-content\/uploads\/2025\/08\/Fried-chicken-1-300x168.jpg 300w, https:\/\/www.sisinternational.com\/wp-content\/uploads\/2025\/08\/Fried-chicken-1-1024x574.jpg 1024w, https:\/\/www.sisinternational.com\/wp-content\/uploads\/2025\/08\/Fried-chicken-1-768x430.jpg 768w, https:\/\/www.sisinternational.com\/wp-content\/uploads\/2025\/08\/Fried-chicken-1-18x10.jpg 18w\" sizes=\"auto, (max-width: 1456px) 100vw, 1456px\"><\/figure>\n\n\n\n<p><\/p>\n\n\n\n<h3 class=\"wp-block-heading\">Ecco dieci ragioni principali per cui chiunque sia coinvolto nel settore del pollo dovrebbe condurre ricerche di mercato sul pollo fritto:<\/h3>\n\n\n\n<ul class=\"wp-block-list\">\n<li>Market research provides insights into current <a href=\"https:\/\/www.sisinternational.com\/it\/ricerche-di-mercato-sul-pop-coreano-k-pop\/\" title=\"Ricerche di mercato sul pop coreano | K-pop\"  data-wpil-monitor-id=\"2645\">fried chicken market trends and consumer<\/a> preferences.<\/li>\n\n\n\n<li>Riconosci i tuoi concorrenti e il modo in cui presentano le loro offerte di pollo fritto.<\/li>\n\n\n\n<li>Scopri quali metodi di marketing sono pi\u00f9 efficaci per promuovere i prodotti a base di pollo fritto.<\/li>\n\n\n\n<li>Scopri le prospettive di crescita nel settore del pollo fritto.<\/li>\n\n\n\n<li>Identifica quali prodotti a base di pollo fritto sono i pi\u00f9 popolari e perch\u00e9.<\/li>\n\n\n\n<li>Data and <a href=\"https:\/\/www.sisinternational.com\/it\/come-far-crescere-la-tua-attivita\/\" title=\"Come far crescere la tua attivit\u00e0\"  data-wpil-monitor-id=\"7275\">strategies in fried chicken market research<\/a> can help determine potential hurdles when getting into the fried chicken business.<\/li>\n\n\n\n<li>Trova i percorsi di distribuzione pi\u00f9 efficaci per la vendita di prodotti a base di pollo fritto.<\/li>\n\n\n\n<li>Comprendi come le nuove tecnologie e innovazioni stanno influenzando il mercato del pollo fritto.<\/li>\n\n\n\n<li>Stabilire strategie per ottimizzare le offerte di prodotti per soddisfare meglio le esigenze dei consumatori.<\/li>\n\n\n\n<li>Scopri potenziali pericoli e sfide per il mercato del pollo fritto, come preoccupazioni sulla sicurezza alimentare o modifiche normative.<\/li>\n<\/ul>\n\n\n\n<h2 class=\"wp-block-heading\">Informazioni sulle ricerche di mercato sul pollo fritto<\/h2>\n\n\n\n<figure class=\"gb-block-image gb-block-image-3abecc54\"><img loading=\"lazy\" decoding=\"async\" width=\"1456\" height=\"816\" class=\"gb-image gb-image-3abecc54\" src=\"https:\/\/www.sisinternational.com\/wp-content\/uploads\/2025\/08\/Fried-chicken-5.jpg\" alt=\"Ricerca e strategia di mercato internazionale SIS\" title=\"Fried chicken (5)\" srcset=\"https:\/\/www.sisinternational.com\/wp-content\/uploads\/2025\/08\/Fried-chicken-5.jpg 1456w, https:\/\/www.sisinternational.com\/wp-content\/uploads\/2025\/08\/Fried-chicken-5-300x168.jpg 300w, https:\/\/www.sisinternational.com\/wp-content\/uploads\/2025\/08\/Fried-chicken-5-1024x574.jpg 1024w, https:\/\/www.sisinternational.com\/wp-content\/uploads\/2025\/08\/Fried-chicken-5-768x430.jpg 768w, https:\/\/www.sisinternational.com\/wp-content\/uploads\/2025\/08\/Fried-chicken-5-18x10.jpg 18w\" sizes=\"auto, (max-width: 1456px) 100vw, 1456px\"><\/figure>\n\n\n\n<p><\/p>\n\n\n\n<p>La ricerca di mercato sul pollo fritto fornisce approfondimenti ed \u00e8 uno strumento essenziale per le aziende del settore per comprendere meglio le esigenze, le preferenze e i comportamenti dei consumatori. Conducendo ricerche, le aziende possono identificare le tendenze attuali del mercato, sviluppare strategie di marketing mirate, creare nuovi prodotti e prendere decisioni informate sui prezzi e sulla gestione della catena di fornitura.<\/p>\n\n\n\n<p>Quantitative research methods, such as surveys and sales data analysis, can provide valuable insights into consumer behavior, while qualitative research methods, such as focus groups and in-depth interviews, can help businesses&#8217; data and <a href=\"https:\/\/www.sisinternational.com\/it\/piu-collegi-elettorali-influenzatori-indiretti-negli-acquisti-dei-consumatori\/\" title=\"Influencer multipli negli acquisti dei consumatori\"  data-wpil-monitor-id=\"7375\">strategies in fried chicken market research<\/a> and gain a deeper understanding of consumer motivations and attitudes. Ultimately, businesses can better position themselves to meet the needs of their customers, improve their bottom line, and stay competitive in a rapidly evolving industry.<\/p>","protected":false},"excerpt":{"rendered":"<p>Il mercato del pollo fritto ha registrato un\u2019enorme crescita negli ultimi anni, con i consumatori che richiedono pi\u00f9 opzioni e variet\u00e0 di pollo fritto.<\/p>","protected":false},"author":1,"featured_media":63823,"parent":14514,"menu_order":312,"comment_status":"closed","ping_status":"closed","template":"","meta":{"footnotes":""},"class_list":["post-42833","page","type-page","status-publish","has-post-thumbnail"],"_links":{"self":[{"href":"https:\/\/www.sisinternational.com\/it\/wp-json\/wp\/v2\/pages\/42833","targetHints":{"allow":["GET"]}}],"collection":[{"href":"https:\/\/www.sisinternational.com\/it\/wp-json\/wp\/v2\/pages"}],"about":[{"href":"https:\/\/www.sisinternational.com\/it\/wp-json\/wp\/v2\/types\/page"}],"author":[{"embeddable":true,"href":"https:\/\/www.sisinternational.com\/it\/wp-json\/wp\/v2\/users\/1"}],"replies":[{"embeddable":true,"href":"https:\/\/www.sisinternational.com\/it\/wp-json\/wp\/v2\/comments?post=42833"}],"version-history":[{"count":8,"href":"https:\/\/www.sisinternational.com\/it\/wp-json\/wp\/v2\/pages\/42833\/revisions"}],"predecessor-version":[{"id":81019,"href":"https:\/\/www.sisinternational.com\/it\/wp-json\/wp\/v2\/pages\/42833\/revisions\/81019"}],"up":[{"embeddable":true,"href":"https:\/\/www.sisinternational.com\/it\/wp-json\/wp\/v2\/pages\/14514"}],"wp:featuredmedia":[{"embeddable":true,"href":"https:\/\/www.sisinternational.com\/it\/wp-json\/wp\/v2\/media\/63823"}],"wp:attachment":[{"href":"https:\/\/www.sisinternational.com\/it\/wp-json\/wp\/v2\/media?parent=42833"}],"curies":[{"name":"wp","href":"https:\/\/api.w.org\/{rel}","templated":true}]}}