{"id":42701,"date":"2023-05-03T21:54:13","date_gmt":"2023-05-04T01:54:13","guid":{"rendered":"https:\/\/www.sisinternational.com\/?page_id=42701"},"modified":"2026-01-27T15:22:06","modified_gmt":"2026-01-27T20:22:06","slug":"triadi-vs-focus-group-ricerche-di-mercato","status":"publish","type":"page","link":"https:\/\/www.sisinternational.com\/it\/competenza\/triadi-vs-focus-group-ricerche-di-mercato\/","title":{"rendered":"Triadi e focus group Ricerche di mercato"},"content":{"rendered":"<h1 class=\"wp-block-heading\">Triadi e focus group Ricerche di mercato<\/h1>\n\n\n\n<figure class=\"gb-block-image gb-block-image-c917177e\"><img loading=\"lazy\" decoding=\"async\" width=\"1456\" height=\"816\" class=\"gb-image gb-image-c917177e\" src=\"https:\/\/www.sisinternational.com\/wp-content\/uploads\/2025\/09\/Focus-group-recruitment-13.jpg\" alt=\"Ricerca e strategia di mercato internazionale SIS\" title=\"Focus group recruitment (13)\" srcset=\"https:\/\/www.sisinternational.com\/wp-content\/uploads\/2025\/09\/Focus-group-recruitment-13.jpg 1456w, https:\/\/www.sisinternational.com\/wp-content\/uploads\/2025\/09\/Focus-group-recruitment-13-300x168.jpg 300w, https:\/\/www.sisinternational.com\/wp-content\/uploads\/2025\/09\/Focus-group-recruitment-13-1024x574.jpg 1024w, https:\/\/www.sisinternational.com\/wp-content\/uploads\/2025\/09\/Focus-group-recruitment-13-768x430.jpg 768w, https:\/\/www.sisinternational.com\/wp-content\/uploads\/2025\/09\/Focus-group-recruitment-13-18x10.jpg 18w\" sizes=\"auto, (max-width: 1456px) 100vw, 1456px\"><\/figure>\n\n\n\n<p><\/p>\n\n\n\n<p>Comprendere il comportamento dei consumatori \u00e8 fondamentale prima di lanciare qualsiasi prodotto o servizio sul mercato. Tuttavia, la differenza tra ottenere risultati precisi o imprecisi sta nella scelta di una metodologia di ricerca adeguata. Per ottenere informazioni dettagliate sugli atteggiamenti e le opinioni dei consumatori attraverso metodi di ricerca qualitativa, i ricercatori spesso si rivolgono a tecniche popolari come le triadi o i focus group ed entrambi i metodi presentano vantaggi e svantaggi unici. Pertanto, la scelta tra triadi e focus group di ricerca di mercato dipender\u00e0 in gran parte dagli obiettivi di ricerca e dal budget disponibile.<\/p>\n\n\n\n<h2 class=\"wp-block-heading\">Triadi e focus group: ricerche di mercato: una panoramica<\/h2>\n\n\n\n<p>Per raccogliere informazioni da piccoli gruppi di partecipanti, i ricercatori spesso utilizzano metodologie a triadi o focus group. Ma entrambi presentano alcune differenze che li rendono pi\u00f9 utili in determinate situazioni, e alcune di esse sono le seguenti:<\/p>\n\n\n\n<h3 class=\"wp-block-heading\">Triadi:<\/h3>\n\n\n\n<p>L&#039;uso delle triadi nella ricerca qualitativa prevede che 3 persone discutano argomenti specifici con moderazione professionale.<\/p>\n\n\n\n<p>Con le triadi, \u00e8 facile approfondire gli argomenti in discussione perch\u00e9 avere un gruppo di dimensioni pi\u00f9 ridotte consente ai ricercatori di esaminare argomenti complessi o delicati che richiedono un&#039;attenzione pi\u00f9 personalizzata e un maggiore coinvolgimento dei partecipanti.<\/p>\n\n\n\n<ul class=\"wp-block-list\">\n<li><strong>Composizione e struttura:<\/strong> Nelle triadi, ci sono tre partecipanti insieme a un moderatore esperto che aiuta a creare una dinamica di gruppo pi\u00f9 piccola e pi\u00f9 intima. Sono tipicamente strutturati attorno ad argomenti o domande predeterminati.<\/li>\n\n\n\n<li><strong>Scopo e applicazioni:<\/strong> Le triadi sono particolarmente utili per esplorare questioni complesse o delicate che potrebbero richiedere un livello pi\u00f9 elevato di attenzione individuale. Sono spesso impiegati per test concettuali, valutazioni di prodotti ed esplorazione approfondita delle motivazioni e delle preferenze dei consumatori.<\/li>\n<\/ul>\n\n\n\n<p><strong>Vantaggi delle triadi:<\/strong><\/p>\n\n\n\n<p>Triads offer several advantages as a <a href=\"https:\/\/www.sisinternational.com\/it\/sampling-techniques-in-qualitative-research-the-complete-guide-to-choosing-the-right-method\/\" title=\"Sampling Techniques in Qualitative Research: The Complete Guide to Choosing the Right Method\"  data-wpil-monitor-id=\"9806\">qualitative research method<\/a>, particularly when in-depth and focused discussions are desired. Some of the key benefits of triads include:<\/p>\n\n\n\n<ul class=\"wp-block-list\">\n<li><strong>Maggiore profondit\u00e0 di discussione:<\/strong> Una dimensione del gruppo pi\u00f9 piccola favorisce conversazioni pi\u00f9 intime e dettagliate. In tali situazioni in cui c&#039;\u00e8 spazio per esplorare oltre le discussioni a livello superficiale, i partecipanti si sentono abbastanza liberi di esprimere qualunque cosa emerga durante tali sessioni.<\/li>\n\n\n\n<li><strong>Maggiore flessibilit\u00e0 nella selezione dei partecipanti:<\/strong> Quando si considera il processo di selezione dei partecipanti, l\u2019utilizzo di sessioni della triade di dimensioni pi\u00f9 piccole offre maggiori livelli di adattabilit\u00e0 rispetto a riunioni di gruppo mirate su larga scala. Richiedendo solo tre partecipanti per ogni sessione, diventa pi\u00f9 semplice reclutarli, il che si traduce in una prospettiva pi\u00f9 ampia rispetto ai diversi background da cui provengono.<\/li>\n\n\n\n<li><strong>Maggiore redditivit\u00e0:<\/strong> La dimensione ridotta del campione e la durata ridotta della sessione nelle triadi li rendono una scelta economica rispetto ai focus group pi\u00f9 grandi. Ci\u00f2 \u00e8 molto vantaggioso per le aziende e gli studi con restrizioni finanziarie.<\/li>\n\n\n\n<li><strong>Maggiore accuratezza e affidabilit\u00e0 dei risultati:<\/strong> Per evitare il pensiero di gruppo che porta a pregiudizi e conformit\u00e0 tra i partecipanti, \u00e8 possibile utilizzare le triadi in quanto aiutano a mitigare tali rischi.<\/li>\n\n\n\n<li><strong>Gestione pi\u00f9 semplice degli argomenti sensibili:<\/strong> Per garantire una migliore comprensione di argomenti delicati o complicati che richiedono un&#039;attenzione pi\u00f9 personalizzata, \u00e8 altamente raccomandato l&#039;uso delle discussioni in triade. Gruppi di dimensioni pi\u00f9 piccole fanno s\u00ec che i partecipanti si sentano pi\u00f9 a loro agio nel condividere i propri pensieri ed esperienze, ottenendo cos\u00ec un feedback di qualit\u00e0.<\/li>\n<\/ul>\n\n\n\n<h3 class=\"wp-block-heading\">Focus group:<\/h3>\n\n\n\n<figure class=\"gb-block-image gb-block-image-37839aa9\"><img loading=\"lazy\" decoding=\"async\" width=\"1456\" height=\"816\" class=\"gb-image gb-image-37839aa9\" src=\"https:\/\/www.sisinternational.com\/wp-content\/uploads\/2025\/09\/Focus-group-recruitment-6.jpg\" alt=\"Ricerca e strategia di mercato internazionale SIS\" title=\"Focus group recruitment (6)\" srcset=\"https:\/\/www.sisinternational.com\/wp-content\/uploads\/2025\/09\/Focus-group-recruitment-6.jpg 1456w, https:\/\/www.sisinternational.com\/wp-content\/uploads\/2025\/09\/Focus-group-recruitment-6-300x168.jpg 300w, https:\/\/www.sisinternational.com\/wp-content\/uploads\/2025\/09\/Focus-group-recruitment-6-1024x574.jpg 1024w, https:\/\/www.sisinternational.com\/wp-content\/uploads\/2025\/09\/Focus-group-recruitment-6-768x430.jpg 768w, https:\/\/www.sisinternational.com\/wp-content\/uploads\/2025\/09\/Focus-group-recruitment-6-18x10.jpg 18w\" sizes=\"auto, (max-width: 1456px) 100vw, 1456px\"><\/figure>\n\n\n\n<p><\/p>\n\n\n\n<p>In genere, i focus group coinvolgono pi\u00f9 persone rispetto alle interviste o ai sondaggi individuali. I focus group sono composti da circa 6 a 12 membri moderati da professionisti.<\/p>\n\n\n\n<p>By encouraging group discussions and interactions, focus groups seek to generate a diverse array of perspectives and opinions. It helps <a href=\"https:\/\/www.sisinternational.com\/it\/soluzioni\/ricerca-internazionale-sui-consumatori\/\" title=\"Ricerca internazionale sui consumatori\"  data-wpil-monitor-id=\"9810\">researchers to evaluate general consumer<\/a> preferences while also exploring broader themes and identifying patterns in their behavior.<\/p>\n\n\n\n<ul class=\"wp-block-list\">\n<li><strong>Composizione e struttura:<\/strong> <a href=\"https:\/\/www.sisinternational.com\/it\/soluzioni\/focus-group\/partecipare-ai-focus-group\/\" title=\"Partecipare ai focus group\"  data-wpil-monitor-id=\"9804\">Focus group<\/a> are generally led by a trained moderator with participation ranging from six to twelve individuals in the group. By guiding conversations through open-ended questioning techniques while also prompting for additional information when necessary, the moderator aims to encourage dialogue among participants during these discussions.<\/li>\n\n\n\n<li><strong>Scopo e applicazioni:<\/strong> Quando utilizzano i focus group, i ricercatori acquisiscono nuove prospettive e opinioni oltre a riconoscere tendenze e modelli nel comportamento dei consumatori. Il suo utilizzo si estende alla valutazione delle campagne pubblicitarie e alla comprensione dell&#039;atteggiamento dei clienti nei confronti di vari prodotti o marchi.<\/li>\n<\/ul>\n\n\n\n<p><strong>Vantaggi dei focus group:<\/strong><\/p>\n\n\n\n<p><a href=\"https:\/\/www.sisinternational.com\/it\/copertura\/ricerche-di-mercato-asiatiche\/focus-group-di-ricerca-di-mercato-in-giappone\/\" title=\"Focus Group Ricerche di mercato in Giappone\"  data-wpil-monitor-id=\"9809\">Focus group<\/a> are a widely used qualitative research method that offers several advantages, particularly when the objective is to gather diverse perspectives and opinions. Some of the key benefits of focus groups include:<\/p>\n\n\n\n<ul class=\"wp-block-list\">\n<li><strong>Prospettive pi\u00f9 ricche:<\/strong> With their capability to include numerous people at once. Focus groups offer an expansive selection and diversity of opinions. It helps <a href=\"https:\/\/www.sisinternational.com\/it\/pubblicazioni\/comportamento-dellacquirente-dopo-il-nuovo-consumatore-legato-al-coronavirus\/\" title=\"Comportamento degli acquirenti dopo il coronavirus: ricerche di mercato sui consumatori\"  data-wpil-monitor-id=\"9811\">researchers understand consumer preferences and behavioral<\/a> tendencies comprehensively.<\/li>\n\n\n\n<li><strong>Osservare le interazioni di gruppo:<\/strong> L\u2019osservazione dinamica di gruppo offre vantaggi significativi. I ricercatori possono ottenere preziose informazioni sulle influenze sociali sulle opinioni e sui processi decisionali esaminando il modo in cui i partecipanti influenzano il comportamento degli altri.<\/li>\n\n\n\n<li><strong>Efficient <\/strong><a href=\"https:\/\/www.sisinternational.com\/it\/copertura\/europa\/ricerche-di-mercato-liverpool-regno-unito\/\" title=\"Ricerche di mercato a Liverpool | Focus group e raccolta dati nel Regno Unito\"  data-wpil-monitor-id=\"9805\">data collection: Group<\/a> interactions can uncover fresh ideas and perspectives that might not arise in individual interviews or small-group conversations.<\/li>\n\n\n\n<li><strong>Possibilit\u00e0 di interventi del moderatore in tempo reale:<\/strong> I moderatori del focus group hanno la possibilit\u00e0 di intervenire durante una sessione per guidare le conversazioni con domande approfondite o chiarimenti sui punti man mano che si verificano. La sessione copre tutti gli argomenti rilevanti incoraggiando discussioni dinamiche.<\/li>\n\n\n\n<li><strong>Testare e perfezionare i concetti:<\/strong> <a href=\"https:\/\/www.sisinternational.com\/it\/soluzioni\/ricerche-di-mercato-con-focus-group\/\" title=\"Focus Group Ricerche di mercato\"  data-wpil-monitor-id=\"9807\">Focus groups enable researchers<\/a> to test and refine new product ideas or marketing messages effectively.<\/li>\n\n\n\n<li><strong>Individuare tendenze e punti comuni:<\/strong> Recognizing commonalities along with trends and patterns among consumer opinions and behavior becomes less challenging when there are larger group sizes present during <a href=\"https:\/\/www.sisinternational.com\/it\/soluzioni\/focus-group\/focus-groups-in-the-uk\/\" title=\"Focus Groups in the uk\"  data-wpil-monitor-id=\"1358\">focus<\/a> groups.<\/li>\n<\/ul>\n\n\n\n<h2 class=\"wp-block-heading\">Scegliere tra triadi e focus group Ricerche di mercato<\/h2>\n\n\n\n<figure class=\"gb-block-image gb-block-image-d508271f\"><img loading=\"lazy\" decoding=\"async\" width=\"1456\" height=\"816\" class=\"gb-image gb-image-d508271f\" src=\"https:\/\/www.sisinternational.com\/wp-content\/uploads\/2025\/09\/Focus-group-recruitment-1.jpg\" alt=\"Ricerca e strategia di mercato internazionale SIS\" title=\"Focus group recruitment (1)\" srcset=\"https:\/\/www.sisinternational.com\/wp-content\/uploads\/2025\/09\/Focus-group-recruitment-1.jpg 1456w, https:\/\/www.sisinternational.com\/wp-content\/uploads\/2025\/09\/Focus-group-recruitment-1-300x168.jpg 300w, https:\/\/www.sisinternational.com\/wp-content\/uploads\/2025\/09\/Focus-group-recruitment-1-1024x574.jpg 1024w, https:\/\/www.sisinternational.com\/wp-content\/uploads\/2025\/09\/Focus-group-recruitment-1-768x430.jpg 768w, https:\/\/www.sisinternational.com\/wp-content\/uploads\/2025\/09\/Focus-group-recruitment-1-18x10.jpg 18w\" sizes=\"auto, (max-width: 1456px) 100vw, 1456px\"><\/figure>\n\n\n\n<p><\/p>\n\n\n\n<p>La scelta tra triadi e focus group per la ricerca di mercato dipende da diversi fattori, tra cui obiettivi di ricerca, budget, limiti di tempo e caratteristiche del pubblico target.<\/p>\n\n\n\n<p>Ecco alcune linee guida per aiutare a determinare se le triadi o i focus group sono la soluzione migliore per il progetto di ricerca:<\/p>\n\n\n\n<ul class=\"wp-block-list\">\n<li><strong>Gli obiettivi della ricerca:<\/strong> Per ottenere discussioni approfondite su argomenti complessi o affrontare questioni delicate con facilit\u00e0, \u00e8 consigliabile optare per le triadi poich\u00e9 consentono un ambiente pi\u00f9 intimo con meno partecipanti, portando ad un maggiore coinvolgimento. Per ottenere prospettive diverse o valutare e valorizzare concetti con un pubblico pi\u00f9 ampio, le aziende dovrebbero invece prendere in considerazione l\u2019utilizzo di focus group.<\/li>\n\n\n\n<li><strong>Vincoli di budget e di tempo:<\/strong> Uno dei motivi per cui molti ricercatori preferiscono utilizzare le metodologie di ricerca triadica \u00e8 che in genere richiedono meno finanziamenti e hanno tempi di consegna pi\u00f9 rapidi.<\/li>\n\n\n\n<li><strong>Profondit\u00e0 e dettaglio richiesti:<\/strong> Depending on how much depth and detail is required in the insights obtained, triads are suitable for concentrated and refined discussions, while <a href=\"https:\/\/www.sisinternational.com\/it\/focus-groups-that-deliver-real-voices-real-insight-real-advantage\/\" title=\"Focus Groups That Deliver Real Voices, Real Insight, Real Advantage\"  data-wpil-monitor-id=\"9808\">focus groups can deliver<\/a> an extensive array of outlooks and thoughts.<\/li>\n<\/ul>\n\n\n\n<p>As a result, choosing between triads vs focus groups <a href=\"https:\/\/www.sisinternational.com\/it\/soluzioni\/ai-ricerche-di-mercato-e-consulenza-strategica\/rilevamento-di-oggetti-e-ricerche-di-mercato\/\" title=\"Ricerche di mercato sull&#039;intelligenza artificiale per il rilevamento di oggetti\"  data-wpil-monitor-id=\"7309\">market research only depends on the objective<\/a> of the research, and neither methodology is better than the other in itself. One methodology is perfect for obtaining results with in-depth perspectives, while the other can obtain more general results.<\/p>","protected":false},"excerpt":{"rendered":"<p>La scelta tra triadi e focus group per la ricerca di mercato dipender\u00e0 in gran parte dagli obiettivi della ricerca e dal budget disponibile.<\/p>","protected":false},"author":1,"featured_media":66939,"parent":14514,"menu_order":311,"comment_status":"closed","ping_status":"closed","template":"","meta":{"footnotes":""},"class_list":["post-42701","page","type-page","status-publish","has-post-thumbnail"],"_links":{"self":[{"href":"https:\/\/www.sisinternational.com\/it\/wp-json\/wp\/v2\/pages\/42701","targetHints":{"allow":["GET"]}}],"collection":[{"href":"https:\/\/www.sisinternational.com\/it\/wp-json\/wp\/v2\/pages"}],"about":[{"href":"https:\/\/www.sisinternational.com\/it\/wp-json\/wp\/v2\/types\/page"}],"author":[{"embeddable":true,"href":"https:\/\/www.sisinternational.com\/it\/wp-json\/wp\/v2\/users\/1"}],"replies":[{"embeddable":true,"href":"https:\/\/www.sisinternational.com\/it\/wp-json\/wp\/v2\/comments?post=42701"}],"version-history":[{"count":6,"href":"https:\/\/www.sisinternational.com\/it\/wp-json\/wp\/v2\/pages\/42701\/revisions"}],"predecessor-version":[{"id":81630,"href":"https:\/\/www.sisinternational.com\/it\/wp-json\/wp\/v2\/pages\/42701\/revisions\/81630"}],"up":[{"embeddable":true,"href":"https:\/\/www.sisinternational.com\/it\/wp-json\/wp\/v2\/pages\/14514"}],"wp:featuredmedia":[{"embeddable":true,"href":"https:\/\/www.sisinternational.com\/it\/wp-json\/wp\/v2\/media\/66939"}],"wp:attachment":[{"href":"https:\/\/www.sisinternational.com\/it\/wp-json\/wp\/v2\/media?parent=42701"}],"curies":[{"name":"wp","href":"https:\/\/api.w.org\/{rel}","templated":true}]}}